{"id":10374,"date":"2025-10-28T15:59:54","date_gmt":"2025-10-28T15:59:54","guid":{"rendered":"https:\/\/www.cltweb.org\/confirmacion-de-donacion\/"},"modified":"2025-10-28T15:59:54","modified_gmt":"2025-10-28T15:59:54","slug":"confirmacion-de-donacion","status":"publish","type":"page","link":"https:\/\/www.cltweb.org\/es\/confirmacion-de-donacion\/","title":{"rendered":"Confirmaci\u00f3n de donaci\u00f3n"},"content":{"rendered":"<div id=\"give-receipt\" data-shortcode=\"{&quot;error&quot;:&quot;Te falta el ID de la donaci\\u00f3n para ver este recibo de donaci\\u00f3n.&quot;,&quot;price&quot;:true,&quot;donor&quot;:true,&quot;date&quot;:true,&quot;payment_method&quot;:true,&quot;payment_id&quot;:true,&quot;payment_status&quot;:false,&quot;company_name&quot;:false,&quot;status_notice&quot;:true}\" data-receipt-type=\"\" data-donation-key=\"\" ><div class=\"placeholder-container-animation\">\n\t<div class=\"timeline-wrapper\">\n\t\t<div class=\"timeline-item\">\n\t\t\t<div class=\"animated-background\">\n\t\t\t\t<div class=\"layer h2 layer-7\">\n\t\t\t\t\t<div class=\"layer-item\"><\/div>\n\t\t\t\t\t<div class=\"layer-item opaque\"><\/div>\n\t\t\t\t<\/div>\n\t\t\t\t<div class=\"layer-gap medium\"><\/div>\n\t\t\t\t<div class=\"layer-gap medium\"><\/div>\n\n\t\t\t\t<div class=\"layer label layer-4\">\n\t\t\t\t\t<div class=\"layer-item\"><\/div>\n\t\t\t\t\t<div class=\"layer-item opaque\"><\/div>\n\t\t\t\t\t<div class=\"layer-item opaque\"><\/div>\n\t\t\t\t\t<div class=\"layer-item\"><\/div>\n\t\t\t\t\t<div class=\"layer-item opaque\"><\/div>\n\t\t\t\t<\/div>\n\t\t\t\t<div class=\"layer-gap small\"><\/div>\n\n\n\t\t\t\t<div class=\"layer h2 layer-5\">\n\t\t\t\t\t<div class=\"layer-item\"><\/div>\n\t\t\t\t\t<div class=\"layer-item opaque\"><\/div>\n\t\t\t\t\t<div class=\"layer-item opaque\"><\/div>\n\t\t\t\t\t<div class=\"layer-item\"><\/div>\n\t\t\t\t\t<div class=\"layer-item opaque\"><\/div>\n\t\t\t\t<\/div>\n\t\t\t\t<div class=\"layer-gap medium\"><\/div>\n\n\n\t\t\t\t<div class=\"layer label layer-4\">\n\t\t\t\t\t<div class=\"layer-item\"><\/div>\n\t\t\t\t\t<div class=\"layer-item opaque\"><\/div>\n\t\t\t\t\t<div class=\"layer-item opaque\"><\/div>\n\t\t\t\t\t<div class=\"layer-item\"><\/div>\n\t\t\t\t\t<div class=\"layer-item opaque\"><\/div>\n\t\t\t\t<\/div>\n\t\t\t\t<div class=\"layer-gap small\"><\/div>\n\t\t\t<\/div>\n\t\t<\/div>\n\t<\/div>\n<\/div>\n<\/div>\n","protected":false},"excerpt":{"rendered":"","protected":false},"author":1,"featured_media":0,"parent":0,"menu_order":0,"comment_status":"closed","ping_status":"closed","template":"","meta":{"give_campaign_id":0,"_tec_requires_first_save":true,"_kad_blocks_custom_css":"","_kad_blocks_head_custom_js":"","_kad_blocks_body_custom_js":"","_kad_blocks_footer_custom_js":"","_EventAllDay":false,"_EventTimezone":"","_EventStartDate":"","_EventEndDate":"","_EventStartDateUTC":"","_EventEndDateUTC":"","_EventShowMap":false,"_EventShowMapLink":false,"_EventURL":"","_EventCost":"","_EventCostDescription":"","_EventCurrencySymbol":"","_EventCurrencyCode":"","_EventCurrencyPosition":"","_EventDateTimeSeparator":"","_EventTimeRangeSeparator":"","_EventOrganizerID":[],"_EventVenueID":[],"_OrganizerEmail":"","_OrganizerPhone":"","_OrganizerWebsite":"","_VenueAddress":"","_VenueCity":"","_VenueCountry":"","_VenueProvince":"","_VenueState":"","_VenueZip":"","_VenuePhone":"","_VenueURL":"","_VenueStateProvince":"","_VenueLat":"","_VenueLng":"","_VenueShowMap":false,"_VenueShowMapLink":false,"_tribe_blocks_recurrence_rules":"","_tribe_blocks_recurrence_description":"","_tribe_blocks_recurrence_exclusions":"","footnotes":""},"categories":[],"tags":[],"class_list":["post-10374","page","type-page","status-publish","hentry"],"blocksy_meta":[],"yoast_head":"<!-- This site is optimized with the Yoast SEO Premium plugin v27.5 (Yoast SEO v27.5) - https:\/\/yoast.com\/product\/yoast-seo-premium-wordpress\/ -->\n<title>Confirmaci\u00f3n de donaci\u00f3n - International Center for Community Land Trusts<\/title>\n<meta name=\"robots\" content=\"index, follow, max-snippet:-1, max-image-preview:large, max-video-preview:-1\" \/>\n<link rel=\"canonical\" href=\"https:\/\/www.cltweb.org\/es\/confirmacion-de-donacion\/\" \/>\n<meta property=\"og:locale\" content=\"es_ES\" \/>\n<meta property=\"og:type\" content=\"article\" \/>\n<meta property=\"og:title\" content=\"Confirmaci\u00f3n de donaci\u00f3n\" \/>\n<meta property=\"og:url\" content=\"https:\/\/www.cltweb.org\/es\/confirmacion-de-donacion\/\" \/>\n<meta property=\"og:site_name\" content=\"International Center for Community Land Trusts\" \/>\n<meta property=\"article:publisher\" content=\"https:\/\/www.facebook.com\/cltcenter\" \/>\n<meta name=\"twitter:card\" content=\"summary_large_image\" \/>\n<meta name=\"twitter:site\" content=\"@Center4CLTs\" \/>\n<script type=\"application\/ld+json\" class=\"yoast-schema-graph\">{\"@context\":\"https:\\\/\\\/schema.org\",\"@graph\":[{\"@type\":\"WebPage\",\"@id\":\"https:\\\/\\\/www.cltweb.org\\\/es\\\/confirmacion-de-donacion\\\/\",\"url\":\"https:\\\/\\\/www.cltweb.org\\\/es\\\/confirmacion-de-donacion\\\/\",\"name\":\"Confirmaci\u00f3n de donaci\u00f3n - International Center for Community Land Trusts\",\"isPartOf\":{\"@id\":\"https:\\\/\\\/www.cltweb.org\\\/es\\\/#website\"},\"datePublished\":\"2025-10-28T15:59:54+00:00\",\"breadcrumb\":{\"@id\":\"https:\\\/\\\/www.cltweb.org\\\/es\\\/confirmacion-de-donacion\\\/#breadcrumb\"},\"inLanguage\":\"es\",\"potentialAction\":[{\"@type\":\"ReadAction\",\"target\":[\"https:\\\/\\\/www.cltweb.org\\\/es\\\/confirmacion-de-donacion\\\/\"]}]},{\"@type\":\"BreadcrumbList\",\"@id\":\"https:\\\/\\\/www.cltweb.org\\\/es\\\/confirmacion-de-donacion\\\/#breadcrumb\",\"itemListElement\":[{\"@type\":\"ListItem\",\"position\":1,\"name\":\"Home\",\"item\":\"https:\\\/\\\/www.cltweb.org\\\/es\\\/\"},{\"@type\":\"ListItem\",\"position\":2,\"name\":\"Confirmaci\u00f3n de donaci\u00f3n\"}]},{\"@type\":\"WebSite\",\"@id\":\"https:\\\/\\\/www.cltweb.org\\\/es\\\/#website\",\"url\":\"https:\\\/\\\/www.cltweb.org\\\/es\\\/\",\"name\":\"International Center for Community Land Trusts\",\"description\":\"\",\"publisher\":{\"@id\":\"https:\\\/\\\/www.cltweb.org\\\/es\\\/#organization\"},\"potentialAction\":[{\"@type\":\"SearchAction\",\"target\":{\"@type\":\"EntryPoint\",\"urlTemplate\":\"https:\\\/\\\/www.cltweb.org\\\/es\\\/?s={search_term_string}\"},\"query-input\":{\"@type\":\"PropertyValueSpecification\",\"valueRequired\":true,\"valueName\":\"search_term_string\"}}],\"inLanguage\":\"es\"},{\"@type\":\"Organization\",\"@id\":\"https:\\\/\\\/www.cltweb.org\\\/es\\\/#organization\",\"name\":\"International Center for Community Land Trusts\",\"url\":\"https:\\\/\\\/www.cltweb.org\\\/es\\\/\",\"logo\":{\"@type\":\"ImageObject\",\"inLanguage\":\"es\",\"@id\":\"https:\\\/\\\/www.cltweb.org\\\/es\\\/#\\\/schema\\\/logo\\\/image\\\/\",\"url\":\"https:\\\/\\\/www.cltweb.org\\\/wp-content\\\/uploads\\\/2024\\\/11\\\/New-CLT-Center-Text-logo.png\",\"contentUrl\":\"https:\\\/\\\/www.cltweb.org\\\/wp-content\\\/uploads\\\/2024\\\/11\\\/New-CLT-Center-Text-logo.png\",\"width\":227,\"height\":80,\"caption\":\"International Center for Community Land Trusts\"},\"image\":{\"@id\":\"https:\\\/\\\/www.cltweb.org\\\/es\\\/#\\\/schema\\\/logo\\\/image\\\/\"},\"sameAs\":[\"https:\\\/\\\/www.facebook.com\\\/cltcenter\",\"https:\\\/\\\/x.com\\\/Center4CLTs\",\"https:\\\/\\\/www.instagram.com\\\/cltcenter\\\/\",\"https:\\\/\\\/www.linkedin.com\\\/company\\\/cltcenter\",\"https:\\\/\\\/www.youtube.com\\\/@centerforcltinnovation5313\"],\"description\":\"The International Center for Community Land Trusts is a not-for-profit nongovernmental organization established in 2018 to promote and to support community land trusts and similar strategies of community-led development on community-owned land in countries throughout the world.\",\"email\":\"info@communitylandtrust.net\",\"legalName\":\"International Center for Community Land Trusts\",\"foundingDate\":\"2018-12-01\",\"taxID\":\"84-3858933\",\"numberOfEmployees\":{\"@type\":\"QuantitativeValue\",\"minValue\":\"1\",\"maxValue\":\"10\"}}]}<\/script>\n<!-- \/ Yoast SEO Premium plugin. -->","yoast_head_json":{"title":"Confirmaci\u00f3n de donaci\u00f3n - International Center for Community Land Trusts","robots":{"index":"index","follow":"follow","max-snippet":"max-snippet:-1","max-image-preview":"max-image-preview:large","max-video-preview":"max-video-preview:-1"},"canonical":"https:\/\/www.cltweb.org\/es\/confirmacion-de-donacion\/","og_locale":"es_ES","og_type":"article","og_title":"Confirmaci\u00f3n de donaci\u00f3n","og_url":"https:\/\/www.cltweb.org\/es\/confirmacion-de-donacion\/","og_site_name":"International Center for Community Land Trusts","article_publisher":"https:\/\/www.facebook.com\/cltcenter","twitter_card":"summary_large_image","twitter_site":"@Center4CLTs","schema":{"@context":"https:\/\/schema.org","@graph":[{"@type":"WebPage","@id":"https:\/\/www.cltweb.org\/es\/confirmacion-de-donacion\/","url":"https:\/\/www.cltweb.org\/es\/confirmacion-de-donacion\/","name":"Confirmaci\u00f3n de donaci\u00f3n - International Center for Community Land Trusts","isPartOf":{"@id":"https:\/\/www.cltweb.org\/es\/#website"},"datePublished":"2025-10-28T15:59:54+00:00","breadcrumb":{"@id":"https:\/\/www.cltweb.org\/es\/confirmacion-de-donacion\/#breadcrumb"},"inLanguage":"es","potentialAction":[{"@type":"ReadAction","target":["https:\/\/www.cltweb.org\/es\/confirmacion-de-donacion\/"]}]},{"@type":"BreadcrumbList","@id":"https:\/\/www.cltweb.org\/es\/confirmacion-de-donacion\/#breadcrumb","itemListElement":[{"@type":"ListItem","position":1,"name":"Home","item":"https:\/\/www.cltweb.org\/es\/"},{"@type":"ListItem","position":2,"name":"Confirmaci\u00f3n de donaci\u00f3n"}]},{"@type":"WebSite","@id":"https:\/\/www.cltweb.org\/es\/#website","url":"https:\/\/www.cltweb.org\/es\/","name":"International Center for Community Land Trusts","description":"","publisher":{"@id":"https:\/\/www.cltweb.org\/es\/#organization"},"potentialAction":[{"@type":"SearchAction","target":{"@type":"EntryPoint","urlTemplate":"https:\/\/www.cltweb.org\/es\/?s={search_term_string}"},"query-input":{"@type":"PropertyValueSpecification","valueRequired":true,"valueName":"search_term_string"}}],"inLanguage":"es"},{"@type":"Organization","@id":"https:\/\/www.cltweb.org\/es\/#organization","name":"International Center for Community Land Trusts","url":"https:\/\/www.cltweb.org\/es\/","logo":{"@type":"ImageObject","inLanguage":"es","@id":"https:\/\/www.cltweb.org\/es\/#\/schema\/logo\/image\/","url":"https:\/\/www.cltweb.org\/wp-content\/uploads\/2024\/11\/New-CLT-Center-Text-logo.png","contentUrl":"https:\/\/www.cltweb.org\/wp-content\/uploads\/2024\/11\/New-CLT-Center-Text-logo.png","width":227,"height":80,"caption":"International Center for Community Land Trusts"},"image":{"@id":"https:\/\/www.cltweb.org\/es\/#\/schema\/logo\/image\/"},"sameAs":["https:\/\/www.facebook.com\/cltcenter","https:\/\/x.com\/Center4CLTs","https:\/\/www.instagram.com\/cltcenter\/","https:\/\/www.linkedin.com\/company\/cltcenter","https:\/\/www.youtube.com\/@centerforcltinnovation5313"],"description":"The International Center for Community Land Trusts is a not-for-profit nongovernmental organization established in 2018 to promote and to support community land trusts and similar strategies of community-led development on community-owned land in countries throughout the world.","email":"info@communitylandtrust.net","legalName":"International Center for Community Land Trusts","foundingDate":"2018-12-01","taxID":"84-3858933","numberOfEmployees":{"@type":"QuantitativeValue","minValue":"1","maxValue":"10"}}]}},"campaignId":"","taxonomy_info":[],"featured_image_src_large":false,"author_info":{"display_name":"cltredesign_0jp0l4","author_link":"https:\/\/www.cltweb.org\/es\/author\/cltredesign_0jp0l4\/"},"comment_info":0,"jetpack_sharing_enabled":true,"jetpack-related-posts":[{"id":10375,"url":"https:\/\/www.cltweb.org\/es\/donacion-fallida\/","url_meta":{"origin":10374,"position":0},"title":"Donaci\u00f3n fallida","author":"cltredesign_0jp0l4","date":"28 de octubre de 2025","format":false,"excerpt":"Lo sentimos, tu donaci\u00f3n no se ha procesado. Int\u00e9ntalo de nuevo o ponte en contacto con el servicio de asistencia del sitio.","rel":"","context":"Entrada similar","block_context":{"text":"Entrada similar","link":""},"img":{"alt_text":"","src":"","width":0,"height":0},"classes":[]},{"id":10372,"url":"https:\/\/www.cltweb.org\/pt-br\/confirmacao-de-doacao\/","url_meta":{"origin":10374,"position":1},"title":"Confirma\u00e7\u00e3o de doa\u00e7\u00e3o","author":"cltredesign_0jp0l4","date":"28 de octubre de 2025","format":false,"excerpt":"","rel":"","context":"Entrada similar","block_context":{"text":"Entrada similar","link":""},"img":{"alt_text":"","src":"","width":0,"height":0},"classes":[]},{"id":10385,"url":"https:\/\/www.cltweb.org\/es\/campana-de-apoyo-de-fin-de-ano-2025\/","url_meta":{"origin":10374,"position":2},"title":"Campa\u00f1a de apoyo de fin de a\u00f1o 2025","author":"cltredesign_0jp0l4","date":"28 de octubre de 2025","format":false,"excerpt":"Tu donaci\u00f3n ayuda a que la tierra pase de la especulaci\u00f3n a la propiedad comunitaria.","rel":"","context":"Entrada similar","block_context":{"text":"Entrada similar","link":""},"img":{"alt_text":"","src":"","width":0,"height":0},"classes":[]},{"id":10367,"url":"https:\/\/www.cltweb.org\/donation-confirmation\/","url_meta":{"origin":10374,"position":3},"title":"Donation Confirmation","author":"cltredesign_0jp0l4","date":"28 de octubre de 2025","format":false,"excerpt":"","rel":"","context":"Entrada similar","block_context":{"text":"Entrada similar","link":""},"img":{"alt_text":"","src":"","width":0,"height":0},"classes":[]},{"id":10373,"url":"https:\/\/www.cltweb.org\/fr\/confirmation-du-don\/","url_meta":{"origin":10374,"position":4},"title":"Confirmation du don","author":"cltredesign_0jp0l4","date":"28 de octubre de 2025","format":false,"excerpt":"","rel":"","context":"Entrada similar","block_context":{"text":"Entrada similar","link":""},"img":{"alt_text":"","src":"","width":0,"height":0},"classes":[]},{"id":9445,"url":"https:\/\/www.cltweb.org\/es\/sobre-nosotros\/oportunidades-profesionales\/consultor-de-desarrollo\/","url_meta":{"origin":10374,"position":5},"title":"Consultor de desarrollo","author":"cltredesign_0jp0l4","date":"19 de mayo de 2025","format":false,"excerpt":"Buscamos un consultor de desarrollo experimentado que nos ayude a dirigir nuestros esfuerzos de recaudaci\u00f3n de fondos. Este puesto contratado trabajar\u00e1 veinte (20) horas a la semana en estrecha colaboraci\u00f3n con nuestro Director Ejecutivo, Director de Comunicaciones, consultores de proyectos, as\u00ed como miembros del consejo que participan activamente en los\u2026","rel":"","context":"En \u00abEmpleo\u00bb","block_context":{"text":"Empleo","link":"https:\/\/www.cltweb.org\/es\/category\/empleo\/"},"img":{"alt_text":"","src":"","width":0,"height":0},"classes":[]}],"_links":{"self":[{"href":"https:\/\/www.cltweb.org\/es\/wp-json\/wp\/v2\/pages\/10374","targetHints":{"allow":["GET"]}}],"collection":[{"href":"https:\/\/www.cltweb.org\/es\/wp-json\/wp\/v2\/pages"}],"about":[{"href":"https:\/\/www.cltweb.org\/es\/wp-json\/wp\/v2\/types\/page"}],"author":[{"embeddable":true,"href":"https:\/\/www.cltweb.org\/es\/wp-json\/wp\/v2\/users\/1"}],"replies":[{"embeddable":true,"href":"https:\/\/www.cltweb.org\/es\/wp-json\/wp\/v2\/comments?post=10374"}],"version-history":[{"count":0,"href":"https:\/\/www.cltweb.org\/es\/wp-json\/wp\/v2\/pages\/10374\/revisions"}],"wp:attachment":[{"href":"https:\/\/www.cltweb.org\/es\/wp-json\/wp\/v2\/media?parent=10374"}],"wp:term":[{"taxonomy":"category","embeddable":true,"href":"https:\/\/www.cltweb.org\/es\/wp-json\/wp\/v2\/categories?post=10374"},{"taxonomy":"post_tag","embeddable":true,"href":"https:\/\/www.cltweb.org\/es\/wp-json\/wp\/v2\/tags?post=10374"}],"curies":[{"name":"wp","href":"https:\/\/api.w.org\/{rel}","templated":true}]}}