{"id":10375,"date":"2025-10-28T16:00:00","date_gmt":"2025-10-28T16:00:00","guid":{"rendered":"https:\/\/www.cltweb.org\/donacion-fallida\/"},"modified":"2025-10-28T16:00:00","modified_gmt":"2025-10-28T16:00:00","slug":"donacion-fallida","status":"publish","type":"page","link":"https:\/\/www.cltweb.org\/es\/donacion-fallida\/","title":{"rendered":"Donaci\u00f3n fallida"},"content":{"rendered":"<p>Lo sentimos, tu donaci\u00f3n no se ha procesado. Int\u00e9ntalo de nuevo o ponte en contacto con el servicio de asistencia del sitio. <\/p>\n","protected":false},"excerpt":{"rendered":"<p>Lo sentimos, tu donaci\u00f3n no se ha procesado. Int\u00e9ntalo de nuevo o ponte en contacto con el servicio de asistencia del sitio.<\/p>\n","protected":false},"author":1,"featured_media":0,"parent":0,"menu_order":0,"comment_status":"closed","ping_status":"closed","template":"","meta":{"give_campaign_id":0,"_tec_requires_first_save":true,"_kad_blocks_custom_css":"","_kad_blocks_head_custom_js":"","_kad_blocks_body_custom_js":"","_kad_blocks_footer_custom_js":"","_EventAllDay":false,"_EventTimezone":"","_EventStartDate":"","_EventEndDate":"","_EventStartDateUTC":"","_EventEndDateUTC":"","_EventShowMap":false,"_EventShowMapLink":false,"_EventURL":"","_EventCost":"","_EventCostDescription":"","_EventCurrencySymbol":"","_EventCurrencyCode":"","_EventCurrencyPosition":"","_EventDateTimeSeparator":"","_EventTimeRangeSeparator":"","_EventOrganizerID":[],"_EventVenueID":[],"_OrganizerEmail":"","_OrganizerPhone":"","_OrganizerWebsite":"","_VenueAddress":"","_VenueCity":"","_VenueCountry":"","_VenueProvince":"","_VenueState":"","_VenueZip":"","_VenuePhone":"","_VenueURL":"","_VenueStateProvince":"","_VenueLat":"","_VenueLng":"","_VenueShowMap":false,"_VenueShowMapLink":false,"_tribe_blocks_recurrence_rules":"","_tribe_blocks_recurrence_description":"","_tribe_blocks_recurrence_exclusions":"","footnotes":""},"categories":[],"tags":[],"class_list":["post-10375","page","type-page","status-publish","hentry"],"blocksy_meta":[],"yoast_head":"<!-- This site is optimized with the Yoast SEO Premium plugin v27.5 (Yoast SEO v27.5) - https:\/\/yoast.com\/product\/yoast-seo-premium-wordpress\/ -->\n<title>Donaci\u00f3n fallida - International Center for Community Land Trusts<\/title>\n<meta name=\"robots\" content=\"index, follow, max-snippet:-1, max-image-preview:large, max-video-preview:-1\" \/>\n<link rel=\"canonical\" href=\"https:\/\/www.cltweb.org\/es\/donacion-fallida\/\" \/>\n<meta property=\"og:locale\" content=\"es_ES\" \/>\n<meta property=\"og:type\" content=\"article\" \/>\n<meta property=\"og:title\" content=\"Donaci\u00f3n fallida\" \/>\n<meta property=\"og:description\" content=\"Lo sentimos, tu donaci\u00f3n no se ha procesado. Int\u00e9ntalo de nuevo o ponte en contacto con el servicio de asistencia del sitio.\" \/>\n<meta property=\"og:url\" content=\"https:\/\/www.cltweb.org\/es\/donacion-fallida\/\" \/>\n<meta property=\"og:site_name\" content=\"International Center for Community Land Trusts\" \/>\n<meta property=\"article:publisher\" content=\"https:\/\/www.facebook.com\/cltcenter\" \/>\n<meta name=\"twitter:card\" content=\"summary_large_image\" \/>\n<meta name=\"twitter:site\" content=\"@Center4CLTs\" \/>\n<script type=\"application\/ld+json\" class=\"yoast-schema-graph\">{\"@context\":\"https:\\\/\\\/schema.org\",\"@graph\":[{\"@type\":\"WebPage\",\"@id\":\"https:\\\/\\\/www.cltweb.org\\\/es\\\/donacion-fallida\\\/\",\"url\":\"https:\\\/\\\/www.cltweb.org\\\/es\\\/donacion-fallida\\\/\",\"name\":\"Donaci\u00f3n fallida - International Center for Community Land Trusts\",\"isPartOf\":{\"@id\":\"https:\\\/\\\/www.cltweb.org\\\/es\\\/#website\"},\"datePublished\":\"2025-10-28T16:00:00+00:00\",\"breadcrumb\":{\"@id\":\"https:\\\/\\\/www.cltweb.org\\\/es\\\/donacion-fallida\\\/#breadcrumb\"},\"inLanguage\":\"es\",\"potentialAction\":[{\"@type\":\"ReadAction\",\"target\":[\"https:\\\/\\\/www.cltweb.org\\\/es\\\/donacion-fallida\\\/\"]}]},{\"@type\":\"BreadcrumbList\",\"@id\":\"https:\\\/\\\/www.cltweb.org\\\/es\\\/donacion-fallida\\\/#breadcrumb\",\"itemListElement\":[{\"@type\":\"ListItem\",\"position\":1,\"name\":\"Home\",\"item\":\"https:\\\/\\\/www.cltweb.org\\\/es\\\/\"},{\"@type\":\"ListItem\",\"position\":2,\"name\":\"Donaci\u00f3n fallida\"}]},{\"@type\":\"WebSite\",\"@id\":\"https:\\\/\\\/www.cltweb.org\\\/es\\\/#website\",\"url\":\"https:\\\/\\\/www.cltweb.org\\\/es\\\/\",\"name\":\"International Center for Community Land Trusts\",\"description\":\"\",\"publisher\":{\"@id\":\"https:\\\/\\\/www.cltweb.org\\\/es\\\/#organization\"},\"potentialAction\":[{\"@type\":\"SearchAction\",\"target\":{\"@type\":\"EntryPoint\",\"urlTemplate\":\"https:\\\/\\\/www.cltweb.org\\\/es\\\/?s={search_term_string}\"},\"query-input\":{\"@type\":\"PropertyValueSpecification\",\"valueRequired\":true,\"valueName\":\"search_term_string\"}}],\"inLanguage\":\"es\"},{\"@type\":\"Organization\",\"@id\":\"https:\\\/\\\/www.cltweb.org\\\/es\\\/#organization\",\"name\":\"International Center for Community Land Trusts\",\"url\":\"https:\\\/\\\/www.cltweb.org\\\/es\\\/\",\"logo\":{\"@type\":\"ImageObject\",\"inLanguage\":\"es\",\"@id\":\"https:\\\/\\\/www.cltweb.org\\\/es\\\/#\\\/schema\\\/logo\\\/image\\\/\",\"url\":\"https:\\\/\\\/www.cltweb.org\\\/wp-content\\\/uploads\\\/2024\\\/11\\\/New-CLT-Center-Text-logo.png\",\"contentUrl\":\"https:\\\/\\\/www.cltweb.org\\\/wp-content\\\/uploads\\\/2024\\\/11\\\/New-CLT-Center-Text-logo.png\",\"width\":227,\"height\":80,\"caption\":\"International Center for Community Land Trusts\"},\"image\":{\"@id\":\"https:\\\/\\\/www.cltweb.org\\\/es\\\/#\\\/schema\\\/logo\\\/image\\\/\"},\"sameAs\":[\"https:\\\/\\\/www.facebook.com\\\/cltcenter\",\"https:\\\/\\\/x.com\\\/Center4CLTs\",\"https:\\\/\\\/www.instagram.com\\\/cltcenter\\\/\",\"https:\\\/\\\/www.linkedin.com\\\/company\\\/cltcenter\",\"https:\\\/\\\/www.youtube.com\\\/@centerforcltinnovation5313\"],\"description\":\"The International Center for Community Land Trusts is a not-for-profit nongovernmental organization established in 2018 to promote and to support community land trusts and similar strategies of community-led development on community-owned land in countries throughout the world.\",\"email\":\"info@communitylandtrust.net\",\"legalName\":\"International Center for Community Land Trusts\",\"foundingDate\":\"2018-12-01\",\"taxID\":\"84-3858933\",\"numberOfEmployees\":{\"@type\":\"QuantitativeValue\",\"minValue\":\"1\",\"maxValue\":\"10\"}}]}<\/script>\n<!-- \/ Yoast SEO Premium plugin. -->","yoast_head_json":{"title":"Donaci\u00f3n fallida - International Center for Community Land Trusts","robots":{"index":"index","follow":"follow","max-snippet":"max-snippet:-1","max-image-preview":"max-image-preview:large","max-video-preview":"max-video-preview:-1"},"canonical":"https:\/\/www.cltweb.org\/es\/donacion-fallida\/","og_locale":"es_ES","og_type":"article","og_title":"Donaci\u00f3n fallida","og_description":"Lo sentimos, tu donaci\u00f3n no se ha procesado. Int\u00e9ntalo de nuevo o ponte en contacto con el servicio de asistencia del sitio.","og_url":"https:\/\/www.cltweb.org\/es\/donacion-fallida\/","og_site_name":"International Center for Community Land Trusts","article_publisher":"https:\/\/www.facebook.com\/cltcenter","twitter_card":"summary_large_image","twitter_site":"@Center4CLTs","schema":{"@context":"https:\/\/schema.org","@graph":[{"@type":"WebPage","@id":"https:\/\/www.cltweb.org\/es\/donacion-fallida\/","url":"https:\/\/www.cltweb.org\/es\/donacion-fallida\/","name":"Donaci\u00f3n fallida - International Center for Community Land Trusts","isPartOf":{"@id":"https:\/\/www.cltweb.org\/es\/#website"},"datePublished":"2025-10-28T16:00:00+00:00","breadcrumb":{"@id":"https:\/\/www.cltweb.org\/es\/donacion-fallida\/#breadcrumb"},"inLanguage":"es","potentialAction":[{"@type":"ReadAction","target":["https:\/\/www.cltweb.org\/es\/donacion-fallida\/"]}]},{"@type":"BreadcrumbList","@id":"https:\/\/www.cltweb.org\/es\/donacion-fallida\/#breadcrumb","itemListElement":[{"@type":"ListItem","position":1,"name":"Home","item":"https:\/\/www.cltweb.org\/es\/"},{"@type":"ListItem","position":2,"name":"Donaci\u00f3n fallida"}]},{"@type":"WebSite","@id":"https:\/\/www.cltweb.org\/es\/#website","url":"https:\/\/www.cltweb.org\/es\/","name":"International Center for Community Land Trusts","description":"","publisher":{"@id":"https:\/\/www.cltweb.org\/es\/#organization"},"potentialAction":[{"@type":"SearchAction","target":{"@type":"EntryPoint","urlTemplate":"https:\/\/www.cltweb.org\/es\/?s={search_term_string}"},"query-input":{"@type":"PropertyValueSpecification","valueRequired":true,"valueName":"search_term_string"}}],"inLanguage":"es"},{"@type":"Organization","@id":"https:\/\/www.cltweb.org\/es\/#organization","name":"International Center for Community Land Trusts","url":"https:\/\/www.cltweb.org\/es\/","logo":{"@type":"ImageObject","inLanguage":"es","@id":"https:\/\/www.cltweb.org\/es\/#\/schema\/logo\/image\/","url":"https:\/\/www.cltweb.org\/wp-content\/uploads\/2024\/11\/New-CLT-Center-Text-logo.png","contentUrl":"https:\/\/www.cltweb.org\/wp-content\/uploads\/2024\/11\/New-CLT-Center-Text-logo.png","width":227,"height":80,"caption":"International Center for Community Land Trusts"},"image":{"@id":"https:\/\/www.cltweb.org\/es\/#\/schema\/logo\/image\/"},"sameAs":["https:\/\/www.facebook.com\/cltcenter","https:\/\/x.com\/Center4CLTs","https:\/\/www.instagram.com\/cltcenter\/","https:\/\/www.linkedin.com\/company\/cltcenter","https:\/\/www.youtube.com\/@centerforcltinnovation5313"],"description":"The International Center for Community Land Trusts is a not-for-profit nongovernmental organization established in 2018 to promote and to support community land trusts and similar strategies of community-led development on community-owned land in countries throughout the world.","email":"info@communitylandtrust.net","legalName":"International Center for Community Land Trusts","foundingDate":"2018-12-01","taxID":"84-3858933","numberOfEmployees":{"@type":"QuantitativeValue","minValue":"1","maxValue":"10"}}]}},"campaignId":"","taxonomy_info":[],"featured_image_src_large":false,"author_info":{"display_name":"cltredesign_0jp0l4","author_link":"https:\/\/www.cltweb.org\/es\/author\/cltredesign_0jp0l4\/"},"comment_info":0,"jetpack_sharing_enabled":true,"jetpack-related-posts":[{"id":9445,"url":"https:\/\/www.cltweb.org\/es\/sobre-nosotros\/oportunidades-profesionales\/consultor-de-desarrollo\/","url_meta":{"origin":10375,"position":0},"title":"Consultor de desarrollo","author":"cltredesign_0jp0l4","date":"19 de mayo de 2025","format":false,"excerpt":"Buscamos un consultor de desarrollo experimentado que nos ayude a dirigir nuestros esfuerzos de recaudaci\u00f3n de fondos. Este puesto contratado trabajar\u00e1 veinte (20) horas a la semana en estrecha colaboraci\u00f3n con nuestro Director Ejecutivo, Director de Comunicaciones, consultores de proyectos, as\u00ed como miembros del consejo que participan activamente en los\u2026","rel":"","context":"En \u00abEmpleo\u00bb","block_context":{"text":"Empleo","link":"https:\/\/www.cltweb.org\/es\/category\/empleo\/"},"img":{"alt_text":"","src":"","width":0,"height":0},"classes":[]},{"id":3950,"url":"https:\/\/www.cltweb.org\/es\/biblioteca-de-recursos\/casos-practicos-de-clt\/fondo-comunitario-de-tierras-de-albany\/","url_meta":{"origin":10375,"position":1},"title":"Fondo Comunitario de Tierras de Albany","author":"cltredesign_0jp0l4","date":"20 de octubre de 2024","format":false,"excerpt":"Fundada en 1987 (Albany, Nueva York) Perfil aportado por Kirby White (2015) El Albany Community Land Trust se puso en marcha en la d\u00e9cada de 1980 gracias a los esfuerzos de United Tenants of Albany (UTA), cuyo personal se hab\u00eda interesado por los modelos de desarrollo y financiaci\u00f3n comunitarios promovidos\u2026","rel":"","context":"En \u00abCasos pr\u00e1cticos\u00bb","block_context":{"text":"Casos pr\u00e1cticos","link":"https:\/\/www.cltweb.org\/es\/category\/casos-practicos\/"},"img":{"alt_text":"","src":"","width":0,"height":0},"classes":[]},{"id":4018,"url":"https:\/\/www.cltweb.org\/es\/biblioteca-de-recursos\/casos-practicos-de-clt\/fondo-comunitario-de-tierras-de-albany-2\/","url_meta":{"origin":10375,"position":2},"title":"Fondo Comunitario de Tierras de Albany","author":"cltredesign_0jp0l4","date":"21 de octubre de 2024","format":false,"excerpt":"Fundada en 1987 (Albany, Nueva York) Perfil aportado por Kirby White (2015) El Albany Community Land Trust se puso en marcha en la d\u00e9cada de 1980 gracias a los esfuerzos de United Tenants of Albany (UTA), cuyo personal se hab\u00eda interesado por los modelos de desarrollo y financiaci\u00f3n comunitarios promovidos\u2026","rel":"","context":"Entrada similar","block_context":{"text":"Entrada similar","link":""},"img":{"alt_text":"","src":"","width":0,"height":0},"classes":[]},{"id":882,"url":"https:\/\/www.cltweb.org\/es\/biblioteca-de-recursos\/que-es-un-clt\/","url_meta":{"origin":10375,"position":3},"title":"\u00bfQu\u00e9 es una Comunidad de Propietarios?","author":"cltredesign_0jp0l4","date":"26 de julio de 2024","format":false,"excerpt":"Un fideicomiso de la tierra comunitario(CLT) es una corporaci\u00f3n sin \u00e1nimo de lucro que posee terrenos en nombre de una comunidad basada en un lugar, al tiempo que act\u00faa como administrador a largo plazo de viviendas asequibles, jardines comunitarios, edificios c\u00edvicos, espacios comerciales y otros activos comunitarios en nombre de\u2026","rel":"","context":"En \u00abBiblioteca de recursos\u00bb","block_context":{"text":"Biblioteca de recursos","link":"https:\/\/www.cltweb.org\/es\/category\/biblioteca-de-recursos-es\/"},"img":{"alt_text":"","src":"","width":0,"height":0},"classes":[]},{"id":1980,"url":"https:\/\/www.cltweb.org\/es\/biblioteca-de-recursos\/historia-del-movimiento-clt\/","url_meta":{"origin":10375,"position":4},"title":"Historia del movimiento CLT","author":"cltredesign_0jp0l4","date":"26 de julio de 2024","format":false,"excerpt":"Sobrel\u00ednea Historia del movimiento CLT Utiliza este apartado para que los visitantes de tu sitio web te conozcan. Escribe sobre ti o tu organizaci\u00f3n, los productos o servicios que ofreces, o por qu\u00e9 existes. Mant\u00e9n un estilo de comunicaci\u00f3n coherente. Considera la posibilidad de utilizarlo si necesitas proporcionar m\u00e1s contexto\u2026","rel":"","context":"En \u00abBiblioteca de recursos\u00bb","block_context":{"text":"Biblioteca de recursos","link":"https:\/\/www.cltweb.org\/es\/category\/biblioteca-de-recursos-es\/"},"img":{"alt_text":"","src":"","width":0,"height":0},"classes":[]},{"id":1926,"url":"https:\/\/www.cltweb.org\/es\/biblioteca-de-recursos\/raices-del-clt\/","url_meta":{"origin":10375,"position":5},"title":"Ra\u00edces del CLT","author":"cltredesign_0jp0l4","date":"26 de julio de 2024","format":false,"excerpt":"Sobrel\u00ednea Las ra\u00edces del movimiento CLT Utiliza este apartado para que los visitantes de tu sitio web te conozcan. Escribe sobre ti o tu organizaci\u00f3n, los productos o servicios que ofreces, o por qu\u00e9 existes. Mant\u00e9n un estilo de comunicaci\u00f3n coherente. Considera la posibilidad de utilizarlo si necesitas proporcionar m\u00e1s\u2026","rel":"","context":"Entrada similar","block_context":{"text":"Entrada similar","link":""},"img":{"alt_text":"","src":"","width":0,"height":0},"classes":[]}],"_links":{"self":[{"href":"https:\/\/www.cltweb.org\/es\/wp-json\/wp\/v2\/pages\/10375","targetHints":{"allow":["GET"]}}],"collection":[{"href":"https:\/\/www.cltweb.org\/es\/wp-json\/wp\/v2\/pages"}],"about":[{"href":"https:\/\/www.cltweb.org\/es\/wp-json\/wp\/v2\/types\/page"}],"author":[{"embeddable":true,"href":"https:\/\/www.cltweb.org\/es\/wp-json\/wp\/v2\/users\/1"}],"replies":[{"embeddable":true,"href":"https:\/\/www.cltweb.org\/es\/wp-json\/wp\/v2\/comments?post=10375"}],"version-history":[{"count":0,"href":"https:\/\/www.cltweb.org\/es\/wp-json\/wp\/v2\/pages\/10375\/revisions"}],"wp:attachment":[{"href":"https:\/\/www.cltweb.org\/es\/wp-json\/wp\/v2\/media?parent=10375"}],"wp:term":[{"taxonomy":"category","embeddable":true,"href":"https:\/\/www.cltweb.org\/es\/wp-json\/wp\/v2\/categories?post=10375"},{"taxonomy":"post_tag","embeddable":true,"href":"https:\/\/www.cltweb.org\/es\/wp-json\/wp\/v2\/tags?post=10375"}],"curies":[{"name":"wp","href":"https:\/\/api.w.org\/{rel}","templated":true}]}}