{"id":10396,"date":"2025-10-28T17:38:19","date_gmt":"2025-10-28T17:38:19","guid":{"rendered":"https:\/\/www.cltweb.org\/dona\/"},"modified":"2025-11-04T22:26:50","modified_gmt":"2025-11-04T22:26:50","slug":"dona","status":"publish","type":"page","link":"https:\/\/www.cltweb.org\/es\/sobre-nosotros\/dona\/","title":{"rendered":"Apoya nuestro trabajo"},"content":{"rendered":"<div class='root-data-givewp-embed' data-form-locale='es_ES' data-form-url='https:\/\/www.cltweb.org\/?post_type=give_forms&amp;p=10382' data-form-view-url='https:\/\/www.cltweb.org\/es\/?givewp-route=donation-form-view&amp;form-id=10382' data-src='https:\/\/www.cltweb.org\/es\/?givewp-route=donation-form-view&amp;form-id=10382' data-givewp-embed-id='give-form-shortcode-1' data-form-format='' data-open-form-button='Donar ahora' style='--givewp-primary-color: #0b72d9; --givewp-secondary-color: #27ae60;'><\/div>\n\n\n\n<p><\/p>\n","protected":false},"excerpt":{"rendered":"<p>Apoyar el trabajo del Centro Internacional de CLTs.<\/p>\n","protected":false},"author":1,"featured_media":0,"parent":727,"menu_order":0,"comment_status":"closed","ping_status":"closed","template":"","meta":{"give_campaign_id":0,"_tec_requires_first_save":true,"_kad_blocks_custom_css":"","_kad_blocks_head_custom_js":"","_kad_blocks_body_custom_js":"","_kad_blocks_footer_custom_js":"","_EventAllDay":false,"_EventTimezone":"","_EventStartDate":"","_EventEndDate":"","_EventStartDateUTC":"","_EventEndDateUTC":"","_EventShowMap":false,"_EventShowMapLink":false,"_EventURL":"","_EventCost":"","_EventCostDescription":"","_EventCurrencySymbol":"","_EventCurrencyCode":"","_EventCurrencyPosition":"","_EventDateTimeSeparator":"","_EventTimeRangeSeparator":"","_EventOrganizerID":[],"_EventVenueID":[],"_OrganizerEmail":"","_OrganizerPhone":"","_OrganizerWebsite":"","_VenueAddress":"","_VenueCity":"","_VenueCountry":"","_VenueProvince":"","_VenueState":"","_VenueZip":"","_VenuePhone":"","_VenueURL":"","_VenueStateProvince":"","_VenueLat":"","_VenueLng":"","_VenueShowMap":false,"_VenueShowMapLink":false,"_tribe_blocks_recurrence_rules":"","_tribe_blocks_recurrence_description":"","_tribe_blocks_recurrence_exclusions":"","footnotes":""},"categories":[79],"tags":[],"class_list":["post-10396","page","type-page","status-publish","hentry","category-sobre-nosotros"],"blocksy_meta":[],"yoast_head":"<!-- This site is optimized with the Yoast SEO Premium plugin v27.4 (Yoast SEO v27.5) - https:\/\/yoast.com\/product\/yoast-seo-premium-wordpress\/ -->\n<title>Apoya nuestro trabajo - International Center for Community Land Trusts<\/title>\n<meta name=\"robots\" content=\"index, follow, max-snippet:-1, max-image-preview:large, max-video-preview:-1\" \/>\n<link rel=\"canonical\" href=\"https:\/\/www.cltweb.org\/es\/sobre-nosotros\/dona\/\" \/>\n<meta property=\"og:locale\" content=\"es_ES\" \/>\n<meta property=\"og:type\" content=\"article\" \/>\n<meta property=\"og:title\" content=\"Apoya nuestro trabajo\" \/>\n<meta property=\"og:description\" content=\"Apoyar el trabajo del Centro Internacional de CLTs.\" \/>\n<meta property=\"og:url\" content=\"https:\/\/www.cltweb.org\/es\/sobre-nosotros\/dona\/\" \/>\n<meta property=\"og:site_name\" content=\"International Center for Community Land Trusts\" \/>\n<meta property=\"article:publisher\" content=\"https:\/\/www.facebook.com\/cltcenter\" \/>\n<meta property=\"article:modified_time\" content=\"2025-11-04T22:26:50+00:00\" \/>\n<meta name=\"twitter:card\" content=\"summary_large_image\" \/>\n<meta name=\"twitter:site\" content=\"@Center4CLTs\" \/>\n<script type=\"application\/ld+json\" class=\"yoast-schema-graph\">{\"@context\":\"https:\\\/\\\/schema.org\",\"@graph\":[{\"@type\":\"WebPage\",\"@id\":\"https:\\\/\\\/www.cltweb.org\\\/es\\\/sobre-nosotros\\\/dona\\\/\",\"url\":\"https:\\\/\\\/www.cltweb.org\\\/es\\\/sobre-nosotros\\\/dona\\\/\",\"name\":\"Apoya nuestro trabajo - International Center for Community Land Trusts\",\"isPartOf\":{\"@id\":\"https:\\\/\\\/www.cltweb.org\\\/es\\\/#website\"},\"datePublished\":\"2025-10-28T17:38:19+00:00\",\"dateModified\":\"2025-11-04T22:26:50+00:00\",\"breadcrumb\":{\"@id\":\"https:\\\/\\\/www.cltweb.org\\\/es\\\/sobre-nosotros\\\/dona\\\/#breadcrumb\"},\"inLanguage\":\"es\",\"potentialAction\":[{\"@type\":\"ReadAction\",\"target\":[\"https:\\\/\\\/www.cltweb.org\\\/es\\\/sobre-nosotros\\\/dona\\\/\"]}]},{\"@type\":\"BreadcrumbList\",\"@id\":\"https:\\\/\\\/www.cltweb.org\\\/es\\\/sobre-nosotros\\\/dona\\\/#breadcrumb\",\"itemListElement\":[{\"@type\":\"ListItem\",\"position\":1,\"name\":\"Home\",\"item\":\"https:\\\/\\\/www.cltweb.org\\\/es\\\/\"},{\"@type\":\"ListItem\",\"position\":2,\"name\":\"Sobre nosotros\",\"item\":\"https:\\\/\\\/www.cltweb.org\\\/es\\\/sobre-nosotros\\\/\"},{\"@type\":\"ListItem\",\"position\":3,\"name\":\"Apoya nuestro trabajo\"}]},{\"@type\":\"WebSite\",\"@id\":\"https:\\\/\\\/www.cltweb.org\\\/es\\\/#website\",\"url\":\"https:\\\/\\\/www.cltweb.org\\\/es\\\/\",\"name\":\"International Center for Community Land Trusts\",\"description\":\"\",\"publisher\":{\"@id\":\"https:\\\/\\\/www.cltweb.org\\\/es\\\/#organization\"},\"potentialAction\":[{\"@type\":\"SearchAction\",\"target\":{\"@type\":\"EntryPoint\",\"urlTemplate\":\"https:\\\/\\\/www.cltweb.org\\\/es\\\/?s={search_term_string}\"},\"query-input\":{\"@type\":\"PropertyValueSpecification\",\"valueRequired\":true,\"valueName\":\"search_term_string\"}}],\"inLanguage\":\"es\"},{\"@type\":\"Organization\",\"@id\":\"https:\\\/\\\/www.cltweb.org\\\/es\\\/#organization\",\"name\":\"International Center for Community Land Trusts\",\"url\":\"https:\\\/\\\/www.cltweb.org\\\/es\\\/\",\"logo\":{\"@type\":\"ImageObject\",\"inLanguage\":\"es\",\"@id\":\"https:\\\/\\\/www.cltweb.org\\\/es\\\/#\\\/schema\\\/logo\\\/image\\\/\",\"url\":\"https:\\\/\\\/www.cltweb.org\\\/wp-content\\\/uploads\\\/2024\\\/11\\\/New-CLT-Center-Text-logo.png\",\"contentUrl\":\"https:\\\/\\\/www.cltweb.org\\\/wp-content\\\/uploads\\\/2024\\\/11\\\/New-CLT-Center-Text-logo.png\",\"width\":227,\"height\":80,\"caption\":\"International Center for Community Land Trusts\"},\"image\":{\"@id\":\"https:\\\/\\\/www.cltweb.org\\\/es\\\/#\\\/schema\\\/logo\\\/image\\\/\"},\"sameAs\":[\"https:\\\/\\\/www.facebook.com\\\/cltcenter\",\"https:\\\/\\\/x.com\\\/Center4CLTs\",\"https:\\\/\\\/www.instagram.com\\\/cltcenter\\\/\",\"https:\\\/\\\/www.linkedin.com\\\/company\\\/cltcenter\",\"https:\\\/\\\/www.youtube.com\\\/@centerforcltinnovation5313\"],\"description\":\"The International Center for Community Land Trusts is a not-for-profit nongovernmental organization established in 2018 to promote and to support community land trusts and similar strategies of community-led development on community-owned land in countries throughout the world.\",\"email\":\"info@communitylandtrust.net\",\"legalName\":\"International Center for Community Land Trusts\",\"foundingDate\":\"2018-12-01\",\"taxID\":\"84-3858933\",\"numberOfEmployees\":{\"@type\":\"QuantitativeValue\",\"minValue\":\"1\",\"maxValue\":\"10\"}}]}<\/script>\n<!-- \/ Yoast SEO Premium plugin. -->","yoast_head_json":{"title":"Apoya nuestro trabajo - International Center for Community Land Trusts","robots":{"index":"index","follow":"follow","max-snippet":"max-snippet:-1","max-image-preview":"max-image-preview:large","max-video-preview":"max-video-preview:-1"},"canonical":"https:\/\/www.cltweb.org\/es\/sobre-nosotros\/dona\/","og_locale":"es_ES","og_type":"article","og_title":"Apoya nuestro trabajo","og_description":"Apoyar el trabajo del Centro Internacional de CLTs.","og_url":"https:\/\/www.cltweb.org\/es\/sobre-nosotros\/dona\/","og_site_name":"International Center for Community Land Trusts","article_publisher":"https:\/\/www.facebook.com\/cltcenter","article_modified_time":"2025-11-04T22:26:50+00:00","twitter_card":"summary_large_image","twitter_site":"@Center4CLTs","schema":{"@context":"https:\/\/schema.org","@graph":[{"@type":"WebPage","@id":"https:\/\/www.cltweb.org\/es\/sobre-nosotros\/dona\/","url":"https:\/\/www.cltweb.org\/es\/sobre-nosotros\/dona\/","name":"Apoya nuestro trabajo - International Center for Community Land Trusts","isPartOf":{"@id":"https:\/\/www.cltweb.org\/es\/#website"},"datePublished":"2025-10-28T17:38:19+00:00","dateModified":"2025-11-04T22:26:50+00:00","breadcrumb":{"@id":"https:\/\/www.cltweb.org\/es\/sobre-nosotros\/dona\/#breadcrumb"},"inLanguage":"es","potentialAction":[{"@type":"ReadAction","target":["https:\/\/www.cltweb.org\/es\/sobre-nosotros\/dona\/"]}]},{"@type":"BreadcrumbList","@id":"https:\/\/www.cltweb.org\/es\/sobre-nosotros\/dona\/#breadcrumb","itemListElement":[{"@type":"ListItem","position":1,"name":"Home","item":"https:\/\/www.cltweb.org\/es\/"},{"@type":"ListItem","position":2,"name":"Sobre nosotros","item":"https:\/\/www.cltweb.org\/es\/sobre-nosotros\/"},{"@type":"ListItem","position":3,"name":"Apoya nuestro trabajo"}]},{"@type":"WebSite","@id":"https:\/\/www.cltweb.org\/es\/#website","url":"https:\/\/www.cltweb.org\/es\/","name":"International Center for Community Land Trusts","description":"","publisher":{"@id":"https:\/\/www.cltweb.org\/es\/#organization"},"potentialAction":[{"@type":"SearchAction","target":{"@type":"EntryPoint","urlTemplate":"https:\/\/www.cltweb.org\/es\/?s={search_term_string}"},"query-input":{"@type":"PropertyValueSpecification","valueRequired":true,"valueName":"search_term_string"}}],"inLanguage":"es"},{"@type":"Organization","@id":"https:\/\/www.cltweb.org\/es\/#organization","name":"International Center for Community Land Trusts","url":"https:\/\/www.cltweb.org\/es\/","logo":{"@type":"ImageObject","inLanguage":"es","@id":"https:\/\/www.cltweb.org\/es\/#\/schema\/logo\/image\/","url":"https:\/\/www.cltweb.org\/wp-content\/uploads\/2024\/11\/New-CLT-Center-Text-logo.png","contentUrl":"https:\/\/www.cltweb.org\/wp-content\/uploads\/2024\/11\/New-CLT-Center-Text-logo.png","width":227,"height":80,"caption":"International Center for Community Land Trusts"},"image":{"@id":"https:\/\/www.cltweb.org\/es\/#\/schema\/logo\/image\/"},"sameAs":["https:\/\/www.facebook.com\/cltcenter","https:\/\/x.com\/Center4CLTs","https:\/\/www.instagram.com\/cltcenter\/","https:\/\/www.linkedin.com\/company\/cltcenter","https:\/\/www.youtube.com\/@centerforcltinnovation5313"],"description":"The International Center for Community Land Trusts is a not-for-profit nongovernmental organization established in 2018 to promote and to support community land trusts and similar strategies of community-led development on community-owned land in countries throughout the world.","email":"info@communitylandtrust.net","legalName":"International Center for Community Land Trusts","foundingDate":"2018-12-01","taxID":"84-3858933","numberOfEmployees":{"@type":"QuantitativeValue","minValue":"1","maxValue":"10"}}]}},"campaignId":"","taxonomy_info":{"category":[{"value":79,"label":"Sobre nosotros"}]},"featured_image_src_large":false,"author_info":{"display_name":"cltredesign_0jp0l4","author_link":"https:\/\/www.cltweb.org\/es\/author\/cltredesign_0jp0l4\/"},"comment_info":0,"jetpack_sharing_enabled":true,"jetpack-related-posts":[{"id":848,"url":"https:\/\/www.cltweb.org\/es\/sobre-nosotros\/mision-y-estrategia\/","url_meta":{"origin":10396,"position":0},"title":"Misi\u00f3n y estrategia","author":"cltredesign_0jp0l4","date":"26 de julio de 2024","format":false,"excerpt":"La visi\u00f3n, la misi\u00f3n y la estrategia general de nuestro trabajo.","rel":"","context":"En \u00abSobre nosotros\u00bb","block_context":{"text":"Sobre nosotros","link":"https:\/\/www.cltweb.org\/es\/category\/sobre-nosotros\/"},"img":{"alt_text":"","src":"","width":0,"height":0},"classes":[]},{"id":859,"url":"https:\/\/www.cltweb.org\/es\/sobre-nosotros\/junta\/","url_meta":{"origin":10396,"position":1},"title":"Junta Directiva y Personal","author":"cltredesign_0jp0l4","date":"26 de julio de 2024","format":false,"excerpt":"El equipo que dirige el trabajo del Centro CLT.","rel":"","context":"En \u00abSobre nosotros\u00bb","block_context":{"text":"Sobre nosotros","link":"https:\/\/www.cltweb.org\/es\/category\/sobre-nosotros\/"},"img":{"alt_text":"","src":"","width":0,"height":0},"classes":[]},{"id":9445,"url":"https:\/\/www.cltweb.org\/es\/sobre-nosotros\/oportunidades-profesionales\/consultor-de-desarrollo\/","url_meta":{"origin":10396,"position":2},"title":"Consultor de desarrollo","author":"cltredesign_0jp0l4","date":"19 de mayo de 2025","format":false,"excerpt":"Buscamos un consultor de desarrollo experimentado que nos ayude a dirigir nuestros esfuerzos de recaudaci\u00f3n de fondos. Este puesto contratado trabajar\u00e1 veinte (20) horas a la semana en estrecha colaboraci\u00f3n con nuestro Director Ejecutivo, Director de Comunicaciones, consultores de proyectos, as\u00ed como miembros del consejo que participan activamente en los\u2026","rel":"","context":"En \u00abEmpleo\u00bb","block_context":{"text":"Empleo","link":"https:\/\/www.cltweb.org\/es\/category\/empleo\/"},"img":{"alt_text":"","src":"","width":0,"height":0},"classes":[]},{"id":849,"url":"https:\/\/www.cltweb.org\/es\/sobre-nosotros\/historia\/","url_meta":{"origin":10396,"position":3},"title":"Nuestra historia","author":"cltredesign_0jp0l4","date":"26 de julio de 2024","format":false,"excerpt":"Una cronolog\u00eda de la evoluci\u00f3n del movimiento internacional de CLT.","rel":"","context":"En \u00abSobre nosotros\u00bb","block_context":{"text":"Sobre nosotros","link":"https:\/\/www.cltweb.org\/es\/category\/sobre-nosotros\/"},"img":{"alt_text":"","src":"","width":0,"height":0},"classes":[]},{"id":10398,"url":"https:\/\/www.cltweb.org\/pt-br\/sobre-nos\/doar\/","url_meta":{"origin":10396,"position":4},"title":"Apoie nosso trabalho","author":"cltredesign_0jp0l4","date":"28 de octubre de 2025","format":false,"excerpt":"Apoiar o trabalho do Centro Internacional para CLTs.","rel":"","context":"En \u00abSobre n\u00f3s\u00bb","block_context":{"text":"Sobre n\u00f3s","link":"https:\/\/www.cltweb.org\/pt-br\/category\/sobre-nos\/"},"img":{"alt_text":"","src":"","width":0,"height":0},"classes":[]},{"id":1873,"url":"https:\/\/www.cltweb.org\/es\/biblioteca-de-recursos\/bibliografia\/","url_meta":{"origin":10396,"position":5},"title":"Bibliograf\u00eda","author":"cltredesign_0jp0l4","date":"26 de julio de 2024","format":false,"excerpt":"Introducci\u00f3n Esta bibliograf\u00eda es un trabajo en curso. Comenz\u00f3 hace m\u00e1s de veinticinco a\u00f1os en respuesta a las reiteradas peticiones de acad\u00e9micos y profesionales, que me preguntaban si pod\u00eda orientarles hacia \"m\u00e1s informaci\u00f3n\" sobre los fideicomisos de tierras comunitarias. Empec\u00e9 a recopilar y distribuir una lista cada vez m\u00e1s larga\u2026","rel":"","context":"En \u00abBiblioteca de recursos\u00bb","block_context":{"text":"Biblioteca de recursos","link":"https:\/\/www.cltweb.org\/es\/category\/biblioteca-de-recursos-es\/"},"img":{"alt_text":"","src":"","width":0,"height":0},"classes":[]}],"_links":{"self":[{"href":"https:\/\/www.cltweb.org\/es\/wp-json\/wp\/v2\/pages\/10396","targetHints":{"allow":["GET"]}}],"collection":[{"href":"https:\/\/www.cltweb.org\/es\/wp-json\/wp\/v2\/pages"}],"about":[{"href":"https:\/\/www.cltweb.org\/es\/wp-json\/wp\/v2\/types\/page"}],"author":[{"embeddable":true,"href":"https:\/\/www.cltweb.org\/es\/wp-json\/wp\/v2\/users\/1"}],"replies":[{"embeddable":true,"href":"https:\/\/www.cltweb.org\/es\/wp-json\/wp\/v2\/comments?post=10396"}],"version-history":[{"count":3,"href":"https:\/\/www.cltweb.org\/es\/wp-json\/wp\/v2\/pages\/10396\/revisions"}],"predecessor-version":[{"id":10572,"href":"https:\/\/www.cltweb.org\/es\/wp-json\/wp\/v2\/pages\/10396\/revisions\/10572"}],"up":[{"embeddable":true,"href":"https:\/\/www.cltweb.org\/es\/wp-json\/wp\/v2\/pages\/727"}],"wp:attachment":[{"href":"https:\/\/www.cltweb.org\/es\/wp-json\/wp\/v2\/media?parent=10396"}],"wp:term":[{"taxonomy":"category","embeddable":true,"href":"https:\/\/www.cltweb.org\/es\/wp-json\/wp\/v2\/categories?post=10396"},{"taxonomy":"post_tag","embeddable":true,"href":"https:\/\/www.cltweb.org\/es\/wp-json\/wp\/v2\/tags?post=10396"}],"curies":[{"name":"wp","href":"https:\/\/api.w.org\/{rel}","templated":true}]}}