{"id":1280,"date":"2024-07-26T17:07:11","date_gmt":"2024-07-26T17:07:11","guid":{"rendered":"https:\/\/www.cltweb.org\/biblioteca-de-recursos\/manuales-y-guias\/"},"modified":"2024-10-26T18:08:13","modified_gmt":"2024-10-26T18:08:13","slug":"manuales-y-guias","status":"publish","type":"page","link":"https:\/\/www.cltweb.org\/es\/biblioteca-de-recursos\/manuales-y-guias\/","title":{"rendered":"Manuales y Gu\u00edas"},"content":{"rendered":"<style>.kb-posts-id-130_8e1cf9-ef .entry.loop-entry .entry-header .entry-title{font-size:24px;}.kb-posts-id-130_8e1cf9-ef .kb-post-list-item{display:grid;}<\/style><ul class=\"wp-block-kadence-posts kb-posts kadence-posts-list kb-posts-id-130_8e1cf9-ef content-wrap grid-cols kb-posts-style-boxed grid-sm-col-2 grid-lg-col-3 item-image-style-above\"><li class=\"kb-post-list-item\">\n\t<article class=\"entry content-bg loop-entry post-1827 page type-page status-publish hentry category-manuales\">\n\t\t\t\t<div class=\"entry-content-wrap\">\n\t\t\t<header class=\"entry-header\">\n\t<h2 class=\"entry-title\"><a href=\"https:\/\/www.cltweb.org\/es\/biblioteca-de-recursos\/manuales-y-guias\/manual-australiano-de-clt\/\" rel=\"bookmark\">Australia<\/a><\/h2>\t<div class=\"entry-meta entry-meta-divider-dot\">\n\t\t<\/div><!-- .entry-meta -->\n\t<\/header><!-- .entry-header -->\n<footer class=\"entry-footer\">\n\t\t\t<div class=\"entry-actions\">\n\t\t\t<p class=\"more-link-wrap\">\n\t\t\t\t<a href=\"https:\/\/www.cltweb.org\/es\/biblioteca-de-recursos\/manuales-y-guias\/manual-australiano-de-clt\/\" class=\"post-more-link\">\n\t\t\t\t\tLeer m\u00e1s<span class=\"screen-reader-text\"> Australia<\/span><span class=\"kadence-svg-iconset svg-baseline\"><svg aria-hidden=\"true\" class=\"kadence-svg-icon kadence-arrow-right-alt-svg\" fill=\"currentColor\" version=\"1.1\" xmlns=\"http:\/\/www.w3.org\/2000\/svg\" width=\"27\" height=\"28\" viewBox=\"0 0 27 28\"><title>Continuar<\/title><path d=\"M27 13.953c0 0.141-0.063 0.281-0.156 0.375l-6 5.531c-0.156 0.141-0.359 0.172-0.547 0.094-0.172-0.078-0.297-0.25-0.297-0.453v-3.5h-19.5c-0.281 0-0.5-0.219-0.5-0.5v-3c0-0.281 0.219-0.5 0.5-0.5h19.5v-3.5c0-0.203 0.109-0.375 0.297-0.453s0.391-0.047 0.547 0.078l6 5.469c0.094 0.094 0.156 0.219 0.156 0.359v0z\"><\/path>\n\t\t\t<\/svg><\/span>\t\t\t\t<\/a>\n\t\t\t<\/p>\n\t\t<\/div><!-- .entry-actions -->\n\t\t<\/footer><!-- .entry-footer -->\t\t<\/div>\n\t<\/article>\n<\/li>\n<li class=\"kb-post-list-item\">\n\t<article class=\"entry content-bg loop-entry post-2896 page type-page status-publish hentry category-manuales\">\n\t\t\t\t<div class=\"entry-content-wrap\">\n\t\t\t<header class=\"entry-header\">\n\t<h2 class=\"entry-title\"><a href=\"https:\/\/www.cltweb.org\/es\/biblioteca-de-recursos\/manuales-y-guias\/estados-unidos\/\" rel=\"bookmark\">Estados Unidos<\/a><\/h2>\t<div class=\"entry-meta entry-meta-divider-dot\">\n\t\t<\/div><!-- .entry-meta -->\n\t<\/header><!-- .entry-header -->\n<footer class=\"entry-footer\">\n\t\t\t<div class=\"entry-actions\">\n\t\t\t<p class=\"more-link-wrap\">\n\t\t\t\t<a href=\"https:\/\/www.cltweb.org\/es\/biblioteca-de-recursos\/manuales-y-guias\/estados-unidos\/\" class=\"post-more-link\">\n\t\t\t\t\tLeer m\u00e1s<span class=\"screen-reader-text\"> Estados Unidos<\/span><span class=\"kadence-svg-iconset svg-baseline\"><svg aria-hidden=\"true\" class=\"kadence-svg-icon kadence-arrow-right-alt-svg\" fill=\"currentColor\" version=\"1.1\" xmlns=\"http:\/\/www.w3.org\/2000\/svg\" width=\"27\" height=\"28\" viewBox=\"0 0 27 28\"><title>Continuar<\/title><path d=\"M27 13.953c0 0.141-0.063 0.281-0.156 0.375l-6 5.531c-0.156 0.141-0.359 0.172-0.547 0.094-0.172-0.078-0.297-0.25-0.297-0.453v-3.5h-19.5c-0.281 0-0.5-0.219-0.5-0.5v-3c0-0.281 0.219-0.5 0.5-0.5h19.5v-3.5c0-0.203 0.109-0.375 0.297-0.453s0.391-0.047 0.547 0.078l6 5.469c0.094 0.094 0.156 0.219 0.156 0.359v0z\"><\/path>\n\t\t\t<\/svg><\/span>\t\t\t\t<\/a>\n\t\t\t<\/p>\n\t\t<\/div><!-- .entry-actions -->\n\t\t<\/footer><!-- .entry-footer -->\t\t<\/div>\n\t<\/article>\n<\/li>\n<li class=\"kb-post-list-item\">\n\t<article class=\"entry content-bg loop-entry post-1828 page type-page status-publish hentry category-manuales\">\n\t\t\t\t<div class=\"entry-content-wrap\">\n\t\t\t<header class=\"entry-header\">\n\t<h2 class=\"entry-title\"><a href=\"https:\/\/www.cltweb.org\/es\/biblioteca-de-recursos\/manuales-y-guias\/bancos-de-tierras-y-fideicomisos-comunitarios-de-tierras\/\" rel=\"bookmark\">Europa<\/a><\/h2>\t<div class=\"entry-meta entry-meta-divider-dot\">\n\t\t<\/div><!-- .entry-meta -->\n\t<\/header><!-- .entry-header -->\n<footer class=\"entry-footer\">\n\t\t\t<div class=\"entry-actions\">\n\t\t\t<p class=\"more-link-wrap\">\n\t\t\t\t<a href=\"https:\/\/www.cltweb.org\/es\/biblioteca-de-recursos\/manuales-y-guias\/bancos-de-tierras-y-fideicomisos-comunitarios-de-tierras\/\" class=\"post-more-link\">\n\t\t\t\t\tLeer m\u00e1s<span class=\"screen-reader-text\"> Europa<\/span><span class=\"kadence-svg-iconset svg-baseline\"><svg aria-hidden=\"true\" class=\"kadence-svg-icon kadence-arrow-right-alt-svg\" fill=\"currentColor\" version=\"1.1\" xmlns=\"http:\/\/www.w3.org\/2000\/svg\" width=\"27\" height=\"28\" viewBox=\"0 0 27 28\"><title>Continuar<\/title><path d=\"M27 13.953c0 0.141-0.063 0.281-0.156 0.375l-6 5.531c-0.156 0.141-0.359 0.172-0.547 0.094-0.172-0.078-0.297-0.25-0.297-0.453v-3.5h-19.5c-0.281 0-0.5-0.219-0.5-0.5v-3c0-0.281 0.219-0.5 0.5-0.5h19.5v-3.5c0-0.203 0.109-0.375 0.297-0.453s0.391-0.047 0.547 0.078l6 5.469c0.094 0.094 0.156 0.219 0.156 0.359v0z\"><\/path>\n\t\t\t<\/svg><\/span>\t\t\t\t<\/a>\n\t\t\t<\/p>\n\t\t<\/div><!-- .entry-actions -->\n\t\t<\/footer><!-- .entry-footer -->\t\t<\/div>\n\t<\/article>\n<\/li>\n<\/ul>\n\n\n<p><\/p>\n","protected":false},"excerpt":{"rendered":"","protected":false},"author":1,"featured_media":0,"parent":881,"menu_order":0,"comment_status":"closed","ping_status":"closed","template":"","meta":{"give_campaign_id":0,"_tec_requires_first_save":true,"_kad_blocks_custom_css":"","_kad_blocks_head_custom_js":"","_kad_blocks_body_custom_js":"","_kad_blocks_footer_custom_js":"","_EventAllDay":false,"_EventTimezone":"","_EventStartDate":"","_EventEndDate":"","_EventStartDateUTC":"","_EventEndDateUTC":"","_EventShowMap":false,"_EventShowMapLink":false,"_EventURL":"","_EventCost":"","_EventCostDescription":"","_EventCurrencySymbol":"","_EventCurrencyCode":"","_EventCurrencyPosition":"","_EventDateTimeSeparator":"","_EventTimeRangeSeparator":"","_EventOrganizerID":[],"_EventVenueID":[],"_OrganizerEmail":"","_OrganizerPhone":"","_OrganizerWebsite":"","_VenueAddress":"","_VenueCity":"","_VenueCountry":"","_VenueProvince":"","_VenueState":"","_VenueZip":"","_VenuePhone":"","_VenueURL":"","_VenueStateProvince":"","_VenueLat":"","_VenueLng":"","_VenueShowMap":false,"_VenueShowMapLink":false,"_tribe_blocks_recurrence_rules":"","_tribe_blocks_recurrence_description":"","_tribe_blocks_recurrence_exclusions":"","footnotes":""},"categories":[87,234],"tags":[],"class_list":["post-1280","page","type-page","status-publish","hentry","category-biblioteca-de-recursos-es","category-poner-en-marcha-un-clt"],"blocksy_meta":[],"yoast_head":"<!-- This site is optimized with the Yoast SEO Premium plugin v27.5 (Yoast SEO v27.5) - https:\/\/yoast.com\/product\/yoast-seo-premium-wordpress\/ -->\n<title>Manuales y Gu\u00edas - International Center for Community Land Trusts<\/title>\n<meta name=\"robots\" content=\"index, follow, max-snippet:-1, max-image-preview:large, max-video-preview:-1\" \/>\n<link rel=\"canonical\" href=\"https:\/\/www.cltweb.org\/es\/biblioteca-de-recursos\/manuales-y-guias\/\" \/>\n<meta property=\"og:locale\" content=\"es_ES\" \/>\n<meta property=\"og:type\" content=\"article\" \/>\n<meta property=\"og:title\" content=\"Manuales y Gu\u00edas\" \/>\n<meta property=\"og:url\" content=\"https:\/\/www.cltweb.org\/es\/biblioteca-de-recursos\/manuales-y-guias\/\" \/>\n<meta property=\"og:site_name\" content=\"International Center for Community Land Trusts\" \/>\n<meta property=\"article:publisher\" content=\"https:\/\/www.facebook.com\/cltcenter\" \/>\n<meta property=\"article:modified_time\" content=\"2024-10-26T18:08:13+00:00\" \/>\n<meta name=\"twitter:card\" content=\"summary_large_image\" \/>\n<meta name=\"twitter:site\" content=\"@Center4CLTs\" \/>\n<script type=\"application\/ld+json\" class=\"yoast-schema-graph\">{\"@context\":\"https:\\\/\\\/schema.org\",\"@graph\":[{\"@type\":\"WebPage\",\"@id\":\"https:\\\/\\\/www.cltweb.org\\\/es\\\/biblioteca-de-recursos\\\/manuales-y-guias\\\/\",\"url\":\"https:\\\/\\\/www.cltweb.org\\\/es\\\/biblioteca-de-recursos\\\/manuales-y-guias\\\/\",\"name\":\"Manuales y Gu\u00edas - International Center for Community Land Trusts\",\"isPartOf\":{\"@id\":\"https:\\\/\\\/www.cltweb.org\\\/es\\\/#website\"},\"datePublished\":\"2024-07-26T17:07:11+00:00\",\"dateModified\":\"2024-10-26T18:08:13+00:00\",\"breadcrumb\":{\"@id\":\"https:\\\/\\\/www.cltweb.org\\\/es\\\/biblioteca-de-recursos\\\/manuales-y-guias\\\/#breadcrumb\"},\"inLanguage\":\"es\",\"potentialAction\":[{\"@type\":\"ReadAction\",\"target\":[\"https:\\\/\\\/www.cltweb.org\\\/es\\\/biblioteca-de-recursos\\\/manuales-y-guias\\\/\"]}]},{\"@type\":\"BreadcrumbList\",\"@id\":\"https:\\\/\\\/www.cltweb.org\\\/es\\\/biblioteca-de-recursos\\\/manuales-y-guias\\\/#breadcrumb\",\"itemListElement\":[{\"@type\":\"ListItem\",\"position\":1,\"name\":\"Home\",\"item\":\"https:\\\/\\\/www.cltweb.org\\\/es\\\/\"},{\"@type\":\"ListItem\",\"position\":2,\"name\":\"Biblioteca de recursos\",\"item\":\"https:\\\/\\\/www.cltweb.org\\\/es\\\/biblioteca-de-recursos\\\/\"},{\"@type\":\"ListItem\",\"position\":3,\"name\":\"Manuales y Gu\u00edas\"}]},{\"@type\":\"WebSite\",\"@id\":\"https:\\\/\\\/www.cltweb.org\\\/es\\\/#website\",\"url\":\"https:\\\/\\\/www.cltweb.org\\\/es\\\/\",\"name\":\"International Center for Community Land Trusts\",\"description\":\"\",\"publisher\":{\"@id\":\"https:\\\/\\\/www.cltweb.org\\\/es\\\/#organization\"},\"potentialAction\":[{\"@type\":\"SearchAction\",\"target\":{\"@type\":\"EntryPoint\",\"urlTemplate\":\"https:\\\/\\\/www.cltweb.org\\\/es\\\/?s={search_term_string}\"},\"query-input\":{\"@type\":\"PropertyValueSpecification\",\"valueRequired\":true,\"valueName\":\"search_term_string\"}}],\"inLanguage\":\"es\"},{\"@type\":\"Organization\",\"@id\":\"https:\\\/\\\/www.cltweb.org\\\/es\\\/#organization\",\"name\":\"International Center for Community Land Trusts\",\"url\":\"https:\\\/\\\/www.cltweb.org\\\/es\\\/\",\"logo\":{\"@type\":\"ImageObject\",\"inLanguage\":\"es\",\"@id\":\"https:\\\/\\\/www.cltweb.org\\\/es\\\/#\\\/schema\\\/logo\\\/image\\\/\",\"url\":\"https:\\\/\\\/www.cltweb.org\\\/wp-content\\\/uploads\\\/2024\\\/11\\\/New-CLT-Center-Text-logo.png\",\"contentUrl\":\"https:\\\/\\\/www.cltweb.org\\\/wp-content\\\/uploads\\\/2024\\\/11\\\/New-CLT-Center-Text-logo.png\",\"width\":227,\"height\":80,\"caption\":\"International Center for Community Land Trusts\"},\"image\":{\"@id\":\"https:\\\/\\\/www.cltweb.org\\\/es\\\/#\\\/schema\\\/logo\\\/image\\\/\"},\"sameAs\":[\"https:\\\/\\\/www.facebook.com\\\/cltcenter\",\"https:\\\/\\\/x.com\\\/Center4CLTs\",\"https:\\\/\\\/www.instagram.com\\\/cltcenter\\\/\",\"https:\\\/\\\/www.linkedin.com\\\/company\\\/cltcenter\",\"https:\\\/\\\/www.youtube.com\\\/@centerforcltinnovation5313\"],\"description\":\"The International Center for Community Land Trusts is a not-for-profit nongovernmental organization established in 2018 to promote and to support community land trusts and similar strategies of community-led development on community-owned land in countries throughout the world.\",\"email\":\"info@communitylandtrust.net\",\"legalName\":\"International Center for Community Land Trusts\",\"foundingDate\":\"2018-12-01\",\"taxID\":\"84-3858933\",\"numberOfEmployees\":{\"@type\":\"QuantitativeValue\",\"minValue\":\"1\",\"maxValue\":\"10\"}}]}<\/script>\n<!-- \/ Yoast SEO Premium plugin. -->","yoast_head_json":{"title":"Manuales y Gu\u00edas - International Center for Community Land Trusts","robots":{"index":"index","follow":"follow","max-snippet":"max-snippet:-1","max-image-preview":"max-image-preview:large","max-video-preview":"max-video-preview:-1"},"canonical":"https:\/\/www.cltweb.org\/es\/biblioteca-de-recursos\/manuales-y-guias\/","og_locale":"es_ES","og_type":"article","og_title":"Manuales y Gu\u00edas","og_url":"https:\/\/www.cltweb.org\/es\/biblioteca-de-recursos\/manuales-y-guias\/","og_site_name":"International Center for Community Land Trusts","article_publisher":"https:\/\/www.facebook.com\/cltcenter","article_modified_time":"2024-10-26T18:08:13+00:00","twitter_card":"summary_large_image","twitter_site":"@Center4CLTs","schema":{"@context":"https:\/\/schema.org","@graph":[{"@type":"WebPage","@id":"https:\/\/www.cltweb.org\/es\/biblioteca-de-recursos\/manuales-y-guias\/","url":"https:\/\/www.cltweb.org\/es\/biblioteca-de-recursos\/manuales-y-guias\/","name":"Manuales y Gu\u00edas - International Center for Community Land Trusts","isPartOf":{"@id":"https:\/\/www.cltweb.org\/es\/#website"},"datePublished":"2024-07-26T17:07:11+00:00","dateModified":"2024-10-26T18:08:13+00:00","breadcrumb":{"@id":"https:\/\/www.cltweb.org\/es\/biblioteca-de-recursos\/manuales-y-guias\/#breadcrumb"},"inLanguage":"es","potentialAction":[{"@type":"ReadAction","target":["https:\/\/www.cltweb.org\/es\/biblioteca-de-recursos\/manuales-y-guias\/"]}]},{"@type":"BreadcrumbList","@id":"https:\/\/www.cltweb.org\/es\/biblioteca-de-recursos\/manuales-y-guias\/#breadcrumb","itemListElement":[{"@type":"ListItem","position":1,"name":"Home","item":"https:\/\/www.cltweb.org\/es\/"},{"@type":"ListItem","position":2,"name":"Biblioteca de recursos","item":"https:\/\/www.cltweb.org\/es\/biblioteca-de-recursos\/"},{"@type":"ListItem","position":3,"name":"Manuales y Gu\u00edas"}]},{"@type":"WebSite","@id":"https:\/\/www.cltweb.org\/es\/#website","url":"https:\/\/www.cltweb.org\/es\/","name":"International Center for Community Land Trusts","description":"","publisher":{"@id":"https:\/\/www.cltweb.org\/es\/#organization"},"potentialAction":[{"@type":"SearchAction","target":{"@type":"EntryPoint","urlTemplate":"https:\/\/www.cltweb.org\/es\/?s={search_term_string}"},"query-input":{"@type":"PropertyValueSpecification","valueRequired":true,"valueName":"search_term_string"}}],"inLanguage":"es"},{"@type":"Organization","@id":"https:\/\/www.cltweb.org\/es\/#organization","name":"International Center for Community Land Trusts","url":"https:\/\/www.cltweb.org\/es\/","logo":{"@type":"ImageObject","inLanguage":"es","@id":"https:\/\/www.cltweb.org\/es\/#\/schema\/logo\/image\/","url":"https:\/\/www.cltweb.org\/wp-content\/uploads\/2024\/11\/New-CLT-Center-Text-logo.png","contentUrl":"https:\/\/www.cltweb.org\/wp-content\/uploads\/2024\/11\/New-CLT-Center-Text-logo.png","width":227,"height":80,"caption":"International Center for Community Land Trusts"},"image":{"@id":"https:\/\/www.cltweb.org\/es\/#\/schema\/logo\/image\/"},"sameAs":["https:\/\/www.facebook.com\/cltcenter","https:\/\/x.com\/Center4CLTs","https:\/\/www.instagram.com\/cltcenter\/","https:\/\/www.linkedin.com\/company\/cltcenter","https:\/\/www.youtube.com\/@centerforcltinnovation5313"],"description":"The International Center for Community Land Trusts is a not-for-profit nongovernmental organization established in 2018 to promote and to support community land trusts and similar strategies of community-led development on community-owned land in countries throughout the world.","email":"info@communitylandtrust.net","legalName":"International Center for Community Land Trusts","foundingDate":"2018-12-01","taxID":"84-3858933","numberOfEmployees":{"@type":"QuantitativeValue","minValue":"1","maxValue":"10"}}]}},"campaignId":"","taxonomy_info":{"category":[{"value":87,"label":"Biblioteca de recursos"},{"value":234,"label":"Poner en marcha un CLT"}]},"featured_image_src_large":false,"author_info":{"display_name":"cltredesign_0jp0l4","author_link":"https:\/\/www.cltweb.org\/es\/author\/cltredesign_0jp0l4\/"},"comment_info":0,"jetpack_sharing_enabled":true,"jetpack-related-posts":[{"id":2896,"url":"https:\/\/www.cltweb.org\/es\/biblioteca-de-recursos\/manuales-y-guias\/estados-unidos\/","url_meta":{"origin":1280,"position":0},"title":"Estados Unidos","author":"cltredesign_0jp0l4","date":"4 de octubre de 2024","format":false,"excerpt":"Manuales y Gu\u00edas de Estados Unidos Crear un fideicomiso de la tierra (2007) Escrito por John Emmeus Davis en 2007, C\u00f3mo crear un fideicomiso de la tierra: Organizational and Operational Choices, es un manual que rara vez dice cu\u00e1l debe ser la decisi\u00f3n \"correcta\". Crear un fideicomiso de la tierra\u2026","rel":"","context":"En \u00abManuales\u00bb","block_context":{"text":"Manuales","link":"https:\/\/www.cltweb.org\/es\/category\/manuales\/"},"img":{"alt_text":"","src":"","width":0,"height":0},"classes":[]},{"id":881,"url":"https:\/\/www.cltweb.org\/es\/biblioteca-de-recursos\/","url_meta":{"origin":1280,"position":1},"title":"Biblioteca de recursos","author":"cltredesign_0jp0l4","date":"26 de julio de 2024","format":false,"excerpt":"Red mundial Hay 616 CLT en 13 pa\u00edses. Consulta el mapa mundial, nuestra lista de redes de CLT y una secci\u00f3n dedicada a los CLT en el Sur Global. Perfiles Hemos recopilado estudios de casos de CLT, as\u00ed como entrevistas con figuras fundamentales del movimiento CLT. Investiga Hemos recopilado art\u00edculos\u2026","rel":"","context":"En \u00abBiblioteca de recursos\u00bb","block_context":{"text":"Biblioteca de recursos","link":"https:\/\/www.cltweb.org\/es\/category\/biblioteca-de-recursos-es\/"},"img":{"alt_text":"","src":"","width":0,"height":0},"classes":[]},{"id":1828,"url":"https:\/\/www.cltweb.org\/es\/biblioteca-de-recursos\/manuales-y-guias\/bancos-de-tierras-y-fideicomisos-comunitarios-de-tierras\/","url_meta":{"origin":1280,"position":2},"title":"Europa","author":"cltredesign_0jp0l4","date":"7 de septiembre de 2024","format":false,"excerpt":"Manuales y Gu\u00edas de Europa Viviendas populares: C\u00f3mo se organizan London CLT y Citizens UK para acceder a terrenos destinados a viviendas asequibles London CLT surgi\u00f3 de los esfuerzos de organizaci\u00f3n comunitaria de London Citizens, que desde principios de la d\u00e9cada de 1990 han estado fomentando la capacidad de las\u2026","rel":"","context":"En \u00abManuales\u00bb","block_context":{"text":"Manuales","link":"https:\/\/www.cltweb.org\/es\/category\/manuales\/"},"img":{"alt_text":"","src":"","width":0,"height":0},"classes":[]},{"id":1827,"url":"https:\/\/www.cltweb.org\/es\/biblioteca-de-recursos\/manuales-y-guias\/manual-australiano-de-clt\/","url_meta":{"origin":1280,"position":3},"title":"Australia","author":"cltredesign_0jp0l4","date":"7 de septiembre de 2024","format":false,"excerpt":"Manual australiano de CLT Por Louise Crabtree, Hazel Blunden, Peter Phibbs, Carolyn Sappideen, Derek Mortimer, Avril Shahib-Smith, Lisa Chung Este Manual ha sido financiado por el Departamento de Vivienda de Australia Occidental, la ciudad de Port Phillip, la ciudad de S\u00eddney, el Plan de Acci\u00f3n del Interior de Melbourne, St\u2026","rel":"","context":"En \u00abManuales\u00bb","block_context":{"text":"Manuales","link":"https:\/\/www.cltweb.org\/es\/category\/manuales\/"},"img":{"alt_text":"","src":"","width":0,"height":0},"classes":[]},{"id":1651,"url":"https:\/\/www.cltweb.org\/es\/biblioteca-de-recursos\/agricultura\/recursos-adicionales\/","url_meta":{"origin":1280,"position":4},"title":"Recursos adicionales","author":"cltredesign_0jp0l4","date":"29 de julio de 2024","format":false,"excerpt":"Esta secci\u00f3n proporciona una serie de herramientas que ser\u00e1n \u00fatiles para poner en pr\u00e1ctica enfoques de agricultura urbana basados en CLT, as\u00ed como para cualquier persona interesada en garantizar la tenencia de la tierra a largo plazo para la agricultura urbana. Hemos presentado nueve estudios de casos de CLT implicados\u2026","rel":"","context":"En \u00abAgricultura\u00bb","block_context":{"text":"Agricultura","link":"https:\/\/www.cltweb.org\/es\/category\/agricultura-es\/"},"img":{"alt_text":"","src":"","width":0,"height":0},"classes":[]},{"id":882,"url":"https:\/\/www.cltweb.org\/es\/biblioteca-de-recursos\/que-es-un-clt\/","url_meta":{"origin":1280,"position":5},"title":"\u00bfQu\u00e9 es una Comunidad de Propietarios?","author":"cltredesign_0jp0l4","date":"26 de julio de 2024","format":false,"excerpt":"Un fideicomiso de la tierra comunitario(CLT) es una corporaci\u00f3n sin \u00e1nimo de lucro que posee terrenos en nombre de una comunidad basada en un lugar, al tiempo que act\u00faa como administrador a largo plazo de viviendas asequibles, jardines comunitarios, edificios c\u00edvicos, espacios comerciales y otros activos comunitarios en nombre de\u2026","rel":"","context":"En \u00abBiblioteca de recursos\u00bb","block_context":{"text":"Biblioteca de recursos","link":"https:\/\/www.cltweb.org\/es\/category\/biblioteca-de-recursos-es\/"},"img":{"alt_text":"","src":"","width":0,"height":0},"classes":[]}],"_links":{"self":[{"href":"https:\/\/www.cltweb.org\/es\/wp-json\/wp\/v2\/pages\/1280","targetHints":{"allow":["GET"]}}],"collection":[{"href":"https:\/\/www.cltweb.org\/es\/wp-json\/wp\/v2\/pages"}],"about":[{"href":"https:\/\/www.cltweb.org\/es\/wp-json\/wp\/v2\/types\/page"}],"author":[{"embeddable":true,"href":"https:\/\/www.cltweb.org\/es\/wp-json\/wp\/v2\/users\/1"}],"replies":[{"embeddable":true,"href":"https:\/\/www.cltweb.org\/es\/wp-json\/wp\/v2\/comments?post=1280"}],"version-history":[{"count":3,"href":"https:\/\/www.cltweb.org\/es\/wp-json\/wp\/v2\/pages\/1280\/revisions"}],"predecessor-version":[{"id":4615,"href":"https:\/\/www.cltweb.org\/es\/wp-json\/wp\/v2\/pages\/1280\/revisions\/4615"}],"up":[{"embeddable":true,"href":"https:\/\/www.cltweb.org\/es\/wp-json\/wp\/v2\/pages\/881"}],"wp:attachment":[{"href":"https:\/\/www.cltweb.org\/es\/wp-json\/wp\/v2\/media?parent=1280"}],"wp:term":[{"taxonomy":"category","embeddable":true,"href":"https:\/\/www.cltweb.org\/es\/wp-json\/wp\/v2\/categories?post=1280"},{"taxonomy":"post_tag","embeddable":true,"href":"https:\/\/www.cltweb.org\/es\/wp-json\/wp\/v2\/tags?post=1280"}],"curies":[{"name":"wp","href":"https:\/\/api.w.org\/{rel}","templated":true}]}}