{"id":1513,"date":"2024-07-26T17:04:49","date_gmt":"2024-07-26T17:04:49","guid":{"rendered":"https:\/\/www.cltweb.org\/programas-y-proyectos\/dia-mundial-clt\/"},"modified":"2024-11-02T17:16:30","modified_gmt":"2024-11-02T17:16:30","slug":"dia-mundial-clt","status":"publish","type":"page","link":"https:\/\/www.cltweb.org\/es\/biblioteca-de-recursos\/dia-mundial-clt\/","title":{"rendered":"D\u00eda Mundial CLT"},"content":{"rendered":"\n<p><\/p>\n<style>.kb-row-layout-id116_13970f-b0 > .kt-row-column-wrap{align-content:start;}:where(.kb-row-layout-id116_13970f-b0 > .kt-row-column-wrap) > .wp-block-kadence-column{justify-content:start;}.kb-row-layout-id116_13970f-b0 > .kt-row-column-wrap{column-gap:var(--global-kb-gap-md, 2rem);row-gap:var(--global-kb-gap-sm, 1rem);max-width:1290px;padding-top:var(--global-kb-spacing-xs, 1rem);padding-bottom:var(--global-kb-spacing-sm, 1.5rem);grid-template-columns:minmax(0, calc(55% - ((var(--global-kb-gap-md, 2rem) * 1 )\/2)))minmax(0, calc(45% - ((var(--global-kb-gap-md, 2rem) * 1 )\/2)));}.kb-row-layout-id116_13970f-b0{box-shadow:0px 0px 14px 0px rgba(0, 0, 0, 0.2);}.kb-row-layout-id116_13970f-b0{background-image:url('https:\/\/icclt.org\/wp-content\/uploads\/2024\/07\/Image-5-1.jpeg');background-size:cover;background-position:center center;background-attachment:fixed;background-repeat:no-repeat;}.kb-row-layout-id116_13970f-b0 > .kt-row-layout-overlay{opacity:0.80;}.kb-row-layout-id116_13970f-b0 ,.kb-row-layout-id116_13970f-b0 h1,.kb-row-layout-id116_13970f-b0 h2,.kb-row-layout-id116_13970f-b0 h3,.kb-row-layout-id116_13970f-b0 h4,.kb-row-layout-id116_13970f-b0 h5,.kb-row-layout-id116_13970f-b0 h6{color:var(--global-palette3, #1A202C);}.kb-row-layout-id116_13970f-b0 a{color:var(--global-palette4, #2D3748);}.kb-row-layout-id116_13970f-b0 a:hover{color:var(--global-palette5, #4A5568);}@media all and (max-width: 1024px), only screen and (min-device-width: 1024px) and (max-device-width: 1366px) and (-webkit-min-device-pixel-ratio: 2) and (hover: none){.kb-row-layout-id116_13970f-b0{background-attachment:scroll;}}@media all and (max-width: 1024px){.kb-row-layout-id116_13970f-b0 > .kt-row-column-wrap{grid-template-columns:minmax(0, 1fr);}}@media all and (max-width: 767px){.kb-row-layout-id116_13970f-b0 > .kt-row-column-wrap{grid-template-columns:minmax(0, 1fr);}}<\/style><div class=\"kb-row-layout-wrap kb-row-layout-id116_13970f-b0 alignfull kt-row-has-bg wp-block-kadence-rowlayout\"><div class=\"kt-row-column-wrap kt-has-2-columns kt-row-layout-right-golden kt-tab-layout-row kt-mobile-layout-row kt-row-valign-top kb-theme-content-width\">\n<style>.kadence-column116_cbf98e-5f > .kt-inside-inner-col,.kadence-column116_cbf98e-5f > .kt-inside-inner-col:before{border-top-left-radius:0px;border-top-right-radius:0px;border-bottom-right-radius:0px;border-bottom-left-radius:0px;}.kadence-column116_cbf98e-5f > .kt-inside-inner-col{column-gap:var(--global-kb-gap-sm, 1rem);}.kadence-column116_cbf98e-5f > .kt-inside-inner-col{flex-direction:column;}.kadence-column116_cbf98e-5f > .kt-inside-inner-col > .aligncenter{width:100%;}.kadence-column116_cbf98e-5f > .kt-inside-inner-col:before{opacity:0.3;}.kadence-column116_cbf98e-5f{position:relative;}@media all and (max-width: 1024px){.kadence-column116_cbf98e-5f > .kt-inside-inner-col{flex-direction:column;justify-content:center;}}@media all and (max-width: 767px){.kadence-column116_cbf98e-5f > .kt-inside-inner-col{flex-direction:column;justify-content:center;}}<\/style>\n<div class=\"wp-block-kadence-column kadence-column116_cbf98e-5f\"><div class=\"kt-inside-inner-col\">\n<p class=\"has-medium-font-size\"><strong><em>Reserva la fecha para el a\u00f1o que viene: \u00a116-17 de mayo de 2025!<\/em><\/strong><\/p>\n\n\n\n<p class=\"has-medium-font-size\">Como celebraci\u00f3n anual, los objetivos principales del D\u00eda Mundial del CLT son celebrar, promover y amplificar el movimiento global del CLT. Es una oportunidad para poner de relieve nuestra diversa comunidad de CLT, mostrar proyectos impactantes a colegas de todo el mundo y celebrar la vivienda asequible, la justicia territorial y la capacitaci\u00f3n de la comunidad.   <\/p>\n\n\n<style>.wp-block-kadence-advancedbtn.kb-btns116_91f3cc-ff{gap:var(--global-kb-gap-xs, 0.5rem );justify-content:center;align-items:center;}.kt-btns116_91f3cc-ff .kt-button{font-weight:normal;font-style:normal;}.kt-btns116_91f3cc-ff .kt-btn-wrap-0{margin-right:5px;}.wp-block-kadence-advancedbtn.kt-btns116_91f3cc-ff .kt-btn-wrap-0 .kt-button{color:#555555;border-color:#555555;}.wp-block-kadence-advancedbtn.kt-btns116_91f3cc-ff .kt-btn-wrap-0 .kt-button:hover, .wp-block-kadence-advancedbtn.kt-btns116_91f3cc-ff .kt-btn-wrap-0 .kt-button:focus{color:#ffffff;border-color:#444444;}.wp-block-kadence-advancedbtn.kt-btns116_91f3cc-ff .kt-btn-wrap-0 .kt-button::before{display:none;}.wp-block-kadence-advancedbtn.kt-btns116_91f3cc-ff .kt-btn-wrap-0 .kt-button:hover, .wp-block-kadence-advancedbtn.kt-btns116_91f3cc-ff .kt-btn-wrap-0 .kt-button:focus{background:#444444;}<\/style>\n<div class=\"wp-block-kadence-advancedbtn kb-buttons-wrap kb-btns116_91f3cc-ff\"><style>ul.menu .wp-block-kadence-advancedbtn .kb-btn116_39df25-cd.kb-button{width:initial;}.wp-block-kadence-advancedbtn .kb-btn116_39df25-cd.kb-button{color:var(--theme-palette-color-8, #ffffff);font-size:24px;}.wp-block-kadence-advancedbtn .kb-btn116_39df25-cd.kb-button:hover, .wp-block-kadence-advancedbtn .kb-btn116_39df25-cd.kb-button:focus{color:var(--theme-palette-color-8, #ffffff);}<\/style><a class=\"kb-button kt-button button kb-btn116_39df25-cd kt-btn-size-standard kt-btn-width-type-full kb-btn-global-inherit  kt-btn-has-text-true kt-btn-has-svg-false  wp-block-button__link wp-block-kadence-singlebtn\" href=\"https:\/\/worldcltday.org\" target=\"_blank\" rel=\"noreferrer noopener\"><span class=\"kt-btn-inner-text\">Sitio web del D\u00eda Mundial del CLT<\/span><\/a><\/div>\n<\/div><\/div>\n\n\n<style>.kadence-column116_86f30d-e7 > .kt-inside-inner-col,.kadence-column116_86f30d-e7 > .kt-inside-inner-col:before{border-top-left-radius:0px;border-top-right-radius:0px;border-bottom-right-radius:0px;border-bottom-left-radius:0px;}.kadence-column116_86f30d-e7 > .kt-inside-inner-col{column-gap:var(--global-kb-gap-sm, 1rem);}.kadence-column116_86f30d-e7 > .kt-inside-inner-col{flex-direction:column;}.kadence-column116_86f30d-e7 > .kt-inside-inner-col > .aligncenter{width:100%;}.kadence-column116_86f30d-e7 > .kt-inside-inner-col:before{opacity:0.3;}.kadence-column116_86f30d-e7{position:relative;}@media all and (max-width: 1024px){.kadence-column116_86f30d-e7 > .kt-inside-inner-col{flex-direction:column;justify-content:center;}}@media all and (max-width: 767px){.kadence-column116_86f30d-e7 > .kt-inside-inner-col{flex-direction:column;justify-content:center;}}<\/style>\n<div class=\"wp-block-kadence-column kadence-column116_86f30d-e7\"><div class=\"kt-inside-inner-col\"><style>.kb-image116_1e43cf-40.kb-image-is-ratio-size, .kb-image116_1e43cf-40 .kb-image-is-ratio-size{max-width:310px;width:100%;}.wp-block-kadence-column > .kt-inside-inner-col > .kb-image116_1e43cf-40.kb-image-is-ratio-size, .wp-block-kadence-column > .kt-inside-inner-col > .kb-image116_1e43cf-40 .kb-image-is-ratio-size{align-self:unset;}.kb-image116_1e43cf-40 figure{max-width:310px;}.kb-image116_1e43cf-40 .image-is-svg, .kb-image116_1e43cf-40 .image-is-svg img{width:100%;}.kb-image116_1e43cf-40 .kb-image-has-overlay:after{opacity:0.3;border-top-left-radius:200px;border-top-right-radius:200px;border-bottom-right-radius:200px;border-bottom-left-radius:200px;}.kb-image116_1e43cf-40 img.kb-img, .kb-image116_1e43cf-40 .kb-img img{border-top-left-radius:200px;border-top-right-radius:200px;border-bottom-right-radius:200px;border-bottom-left-radius:200px;}<\/style>\n<div class=\"wp-block-kadence-image kb-image116_1e43cf-40\"><figure class=\"aligncenter size-full kb-image-is-ratio-size\"><div class=\"kb-is-ratio-image kb-image-ratio-square\"><img loading=\"lazy\" decoding=\"async\" width=\"500\" height=\"500\" src=\"https:\/\/www.cltweb.org\/wp-content\/uploads\/2024\/11\/WCLTD-Logo-No-Year.png\" alt=\"Logotipo del D\u00eda Mundial del CLT\" class=\"kb-img wp-image-6880\" srcset=\"https:\/\/www.cltweb.org\/wp-content\/uploads\/2024\/11\/WCLTD-Logo-No-Year.png 500w, https:\/\/www.cltweb.org\/wp-content\/uploads\/2024\/11\/WCLTD-Logo-No-Year-300x300.png 300w, https:\/\/www.cltweb.org\/wp-content\/uploads\/2024\/11\/WCLTD-Logo-No-Year-150x150.png 150w\" sizes=\"auto, (max-width: 500px) 100vw, 500px\" \/><\/div><\/figure><\/div>\n<\/div><\/div>\n\n<\/div><\/div>\n<p><\/p>\n","protected":false},"excerpt":{"rendered":"<p>Reserva la fecha para el a\u00f1o que viene: \u00a116-17 de mayo de 2025! Como celebraci\u00f3n anual, los objetivos principales del D\u00eda Mundial del CLT son celebrar, promover y amplificar el [&hellip;]<\/p>\n","protected":false},"author":1,"featured_media":0,"parent":881,"menu_order":0,"comment_status":"closed","ping_status":"closed","template":"","meta":{"give_campaign_id":0,"_tec_requires_first_save":true,"_kad_blocks_custom_css":"","_kad_blocks_head_custom_js":"","_kad_blocks_body_custom_js":"","_kad_blocks_footer_custom_js":"","_EventAllDay":false,"_EventTimezone":"","_EventStartDate":"","_EventEndDate":"","_EventStartDateUTC":"","_EventEndDateUTC":"","_EventShowMap":false,"_EventShowMapLink":false,"_EventURL":"","_EventCost":"","_EventCostDescription":"","_EventCurrencySymbol":"","_EventCurrencyCode":"","_EventCurrencyPosition":"","_EventDateTimeSeparator":"","_EventTimeRangeSeparator":"","_EventOrganizerID":[],"_EventVenueID":[],"_OrganizerEmail":"","_OrganizerPhone":"","_OrganizerWebsite":"","_VenueAddress":"","_VenueCity":"","_VenueCountry":"","_VenueProvince":"","_VenueState":"","_VenueZip":"","_VenuePhone":"","_VenueURL":"","_VenueStateProvince":"","_VenueLat":"","_VenueLng":"","_VenueShowMap":false,"_VenueShowMapLink":false,"_tribe_blocks_recurrence_rules":"","_tribe_blocks_recurrence_description":"","_tribe_blocks_recurrence_exclusions":"","footnotes":""},"categories":[255,61],"tags":[],"class_list":["post-1513","page","type-page","status-publish","hentry","category-clt-en-el-mundo","category-programas-y-proyectos"],"blocksy_meta":[],"yoast_head":"<!-- This site is optimized with the Yoast SEO Premium plugin v27.5 (Yoast SEO v27.5) - https:\/\/yoast.com\/product\/yoast-seo-premium-wordpress\/ -->\n<title>D\u00eda Mundial CLT - International Center for Community Land Trusts<\/title>\n<meta name=\"robots\" content=\"index, follow, max-snippet:-1, max-image-preview:large, max-video-preview:-1\" \/>\n<link rel=\"canonical\" href=\"https:\/\/www.cltweb.org\/es\/biblioteca-de-recursos\/dia-mundial-clt\/\" \/>\n<meta property=\"og:locale\" content=\"es_ES\" \/>\n<meta property=\"og:type\" content=\"article\" \/>\n<meta property=\"og:title\" content=\"D\u00eda Mundial CLT\" \/>\n<meta property=\"og:description\" content=\"Reserva la fecha para el a\u00f1o que viene: \u00a116-17 de mayo de 2025! Como celebraci\u00f3n anual, los objetivos principales del D\u00eda Mundial del CLT son celebrar, promover y amplificar el [&hellip;]\" \/>\n<meta property=\"og:url\" content=\"https:\/\/www.cltweb.org\/es\/biblioteca-de-recursos\/dia-mundial-clt\/\" \/>\n<meta property=\"og:site_name\" content=\"International Center for Community Land Trusts\" \/>\n<meta property=\"article:publisher\" content=\"https:\/\/www.facebook.com\/cltcenter\" \/>\n<meta property=\"article:modified_time\" content=\"2024-11-02T17:16:30+00:00\" \/>\n<meta property=\"og:image\" content=\"https:\/\/www.cltweb.org\/wp-content\/uploads\/2024\/11\/WCLTD-Logo-No-Year.png\" \/>\n<meta name=\"twitter:card\" content=\"summary_large_image\" \/>\n<meta name=\"twitter:site\" content=\"@Center4CLTs\" \/>\n<script type=\"application\/ld+json\" class=\"yoast-schema-graph\">{\"@context\":\"https:\\\/\\\/schema.org\",\"@graph\":[{\"@type\":\"WebPage\",\"@id\":\"https:\\\/\\\/www.cltweb.org\\\/es\\\/biblioteca-de-recursos\\\/dia-mundial-clt\\\/\",\"url\":\"https:\\\/\\\/www.cltweb.org\\\/es\\\/biblioteca-de-recursos\\\/dia-mundial-clt\\\/\",\"name\":\"D\u00eda Mundial CLT - International Center for Community Land Trusts\",\"isPartOf\":{\"@id\":\"https:\\\/\\\/www.cltweb.org\\\/es\\\/#website\"},\"primaryImageOfPage\":{\"@id\":\"https:\\\/\\\/www.cltweb.org\\\/es\\\/biblioteca-de-recursos\\\/dia-mundial-clt\\\/#primaryimage\"},\"image\":{\"@id\":\"https:\\\/\\\/www.cltweb.org\\\/es\\\/biblioteca-de-recursos\\\/dia-mundial-clt\\\/#primaryimage\"},\"thumbnailUrl\":\"https:\\\/\\\/www.cltweb.org\\\/wp-content\\\/uploads\\\/2024\\\/11\\\/WCLTD-Logo-No-Year.png\",\"datePublished\":\"2024-07-26T17:04:49+00:00\",\"dateModified\":\"2024-11-02T17:16:30+00:00\",\"breadcrumb\":{\"@id\":\"https:\\\/\\\/www.cltweb.org\\\/es\\\/biblioteca-de-recursos\\\/dia-mundial-clt\\\/#breadcrumb\"},\"inLanguage\":\"es\",\"potentialAction\":[{\"@type\":\"ReadAction\",\"target\":[\"https:\\\/\\\/www.cltweb.org\\\/es\\\/biblioteca-de-recursos\\\/dia-mundial-clt\\\/\"]}]},{\"@type\":\"ImageObject\",\"inLanguage\":\"es\",\"@id\":\"https:\\\/\\\/www.cltweb.org\\\/es\\\/biblioteca-de-recursos\\\/dia-mundial-clt\\\/#primaryimage\",\"url\":\"https:\\\/\\\/www.cltweb.org\\\/wp-content\\\/uploads\\\/2024\\\/11\\\/WCLTD-Logo-No-Year.png\",\"contentUrl\":\"https:\\\/\\\/www.cltweb.org\\\/wp-content\\\/uploads\\\/2024\\\/11\\\/WCLTD-Logo-No-Year.png\"},{\"@type\":\"BreadcrumbList\",\"@id\":\"https:\\\/\\\/www.cltweb.org\\\/es\\\/biblioteca-de-recursos\\\/dia-mundial-clt\\\/#breadcrumb\",\"itemListElement\":[{\"@type\":\"ListItem\",\"position\":1,\"name\":\"Home\",\"item\":\"https:\\\/\\\/www.cltweb.org\\\/es\\\/\"},{\"@type\":\"ListItem\",\"position\":2,\"name\":\"Biblioteca de recursos\",\"item\":\"https:\\\/\\\/www.cltweb.org\\\/es\\\/biblioteca-de-recursos\\\/\"},{\"@type\":\"ListItem\",\"position\":3,\"name\":\"D\u00eda Mundial CLT\"}]},{\"@type\":\"WebSite\",\"@id\":\"https:\\\/\\\/www.cltweb.org\\\/es\\\/#website\",\"url\":\"https:\\\/\\\/www.cltweb.org\\\/es\\\/\",\"name\":\"International Center for Community Land Trusts\",\"description\":\"\",\"publisher\":{\"@id\":\"https:\\\/\\\/www.cltweb.org\\\/es\\\/#organization\"},\"potentialAction\":[{\"@type\":\"SearchAction\",\"target\":{\"@type\":\"EntryPoint\",\"urlTemplate\":\"https:\\\/\\\/www.cltweb.org\\\/es\\\/?s={search_term_string}\"},\"query-input\":{\"@type\":\"PropertyValueSpecification\",\"valueRequired\":true,\"valueName\":\"search_term_string\"}}],\"inLanguage\":\"es\"},{\"@type\":\"Organization\",\"@id\":\"https:\\\/\\\/www.cltweb.org\\\/es\\\/#organization\",\"name\":\"International Center for Community Land Trusts\",\"url\":\"https:\\\/\\\/www.cltweb.org\\\/es\\\/\",\"logo\":{\"@type\":\"ImageObject\",\"inLanguage\":\"es\",\"@id\":\"https:\\\/\\\/www.cltweb.org\\\/es\\\/#\\\/schema\\\/logo\\\/image\\\/\",\"url\":\"https:\\\/\\\/www.cltweb.org\\\/wp-content\\\/uploads\\\/2024\\\/11\\\/New-CLT-Center-Text-logo.png\",\"contentUrl\":\"https:\\\/\\\/www.cltweb.org\\\/wp-content\\\/uploads\\\/2024\\\/11\\\/New-CLT-Center-Text-logo.png\",\"width\":227,\"height\":80,\"caption\":\"International Center for Community Land Trusts\"},\"image\":{\"@id\":\"https:\\\/\\\/www.cltweb.org\\\/es\\\/#\\\/schema\\\/logo\\\/image\\\/\"},\"sameAs\":[\"https:\\\/\\\/www.facebook.com\\\/cltcenter\",\"https:\\\/\\\/x.com\\\/Center4CLTs\",\"https:\\\/\\\/www.instagram.com\\\/cltcenter\\\/\",\"https:\\\/\\\/www.linkedin.com\\\/company\\\/cltcenter\",\"https:\\\/\\\/www.youtube.com\\\/@centerforcltinnovation5313\"],\"description\":\"The International Center for Community Land Trusts is a not-for-profit nongovernmental organization established in 2018 to promote and to support community land trusts and similar strategies of community-led development on community-owned land in countries throughout the world.\",\"email\":\"info@communitylandtrust.net\",\"legalName\":\"International Center for Community Land Trusts\",\"foundingDate\":\"2018-12-01\",\"taxID\":\"84-3858933\",\"numberOfEmployees\":{\"@type\":\"QuantitativeValue\",\"minValue\":\"1\",\"maxValue\":\"10\"}}]}<\/script>\n<!-- \/ Yoast SEO Premium plugin. -->","yoast_head_json":{"title":"D\u00eda Mundial CLT - International Center for Community Land Trusts","robots":{"index":"index","follow":"follow","max-snippet":"max-snippet:-1","max-image-preview":"max-image-preview:large","max-video-preview":"max-video-preview:-1"},"canonical":"https:\/\/www.cltweb.org\/es\/biblioteca-de-recursos\/dia-mundial-clt\/","og_locale":"es_ES","og_type":"article","og_title":"D\u00eda Mundial CLT","og_description":"Reserva la fecha para el a\u00f1o que viene: \u00a116-17 de mayo de 2025! Como celebraci\u00f3n anual, los objetivos principales del D\u00eda Mundial del CLT son celebrar, promover y amplificar el [&hellip;]","og_url":"https:\/\/www.cltweb.org\/es\/biblioteca-de-recursos\/dia-mundial-clt\/","og_site_name":"International Center for Community Land Trusts","article_publisher":"https:\/\/www.facebook.com\/cltcenter","article_modified_time":"2024-11-02T17:16:30+00:00","og_image":[{"url":"https:\/\/www.cltweb.org\/wp-content\/uploads\/2024\/11\/WCLTD-Logo-No-Year.png","type":"","width":"","height":""}],"twitter_card":"summary_large_image","twitter_site":"@Center4CLTs","schema":{"@context":"https:\/\/schema.org","@graph":[{"@type":"WebPage","@id":"https:\/\/www.cltweb.org\/es\/biblioteca-de-recursos\/dia-mundial-clt\/","url":"https:\/\/www.cltweb.org\/es\/biblioteca-de-recursos\/dia-mundial-clt\/","name":"D\u00eda Mundial CLT - International Center for Community Land Trusts","isPartOf":{"@id":"https:\/\/www.cltweb.org\/es\/#website"},"primaryImageOfPage":{"@id":"https:\/\/www.cltweb.org\/es\/biblioteca-de-recursos\/dia-mundial-clt\/#primaryimage"},"image":{"@id":"https:\/\/www.cltweb.org\/es\/biblioteca-de-recursos\/dia-mundial-clt\/#primaryimage"},"thumbnailUrl":"https:\/\/www.cltweb.org\/wp-content\/uploads\/2024\/11\/WCLTD-Logo-No-Year.png","datePublished":"2024-07-26T17:04:49+00:00","dateModified":"2024-11-02T17:16:30+00:00","breadcrumb":{"@id":"https:\/\/www.cltweb.org\/es\/biblioteca-de-recursos\/dia-mundial-clt\/#breadcrumb"},"inLanguage":"es","potentialAction":[{"@type":"ReadAction","target":["https:\/\/www.cltweb.org\/es\/biblioteca-de-recursos\/dia-mundial-clt\/"]}]},{"@type":"ImageObject","inLanguage":"es","@id":"https:\/\/www.cltweb.org\/es\/biblioteca-de-recursos\/dia-mundial-clt\/#primaryimage","url":"https:\/\/www.cltweb.org\/wp-content\/uploads\/2024\/11\/WCLTD-Logo-No-Year.png","contentUrl":"https:\/\/www.cltweb.org\/wp-content\/uploads\/2024\/11\/WCLTD-Logo-No-Year.png"},{"@type":"BreadcrumbList","@id":"https:\/\/www.cltweb.org\/es\/biblioteca-de-recursos\/dia-mundial-clt\/#breadcrumb","itemListElement":[{"@type":"ListItem","position":1,"name":"Home","item":"https:\/\/www.cltweb.org\/es\/"},{"@type":"ListItem","position":2,"name":"Biblioteca de recursos","item":"https:\/\/www.cltweb.org\/es\/biblioteca-de-recursos\/"},{"@type":"ListItem","position":3,"name":"D\u00eda Mundial CLT"}]},{"@type":"WebSite","@id":"https:\/\/www.cltweb.org\/es\/#website","url":"https:\/\/www.cltweb.org\/es\/","name":"International Center for Community Land Trusts","description":"","publisher":{"@id":"https:\/\/www.cltweb.org\/es\/#organization"},"potentialAction":[{"@type":"SearchAction","target":{"@type":"EntryPoint","urlTemplate":"https:\/\/www.cltweb.org\/es\/?s={search_term_string}"},"query-input":{"@type":"PropertyValueSpecification","valueRequired":true,"valueName":"search_term_string"}}],"inLanguage":"es"},{"@type":"Organization","@id":"https:\/\/www.cltweb.org\/es\/#organization","name":"International Center for Community Land Trusts","url":"https:\/\/www.cltweb.org\/es\/","logo":{"@type":"ImageObject","inLanguage":"es","@id":"https:\/\/www.cltweb.org\/es\/#\/schema\/logo\/image\/","url":"https:\/\/www.cltweb.org\/wp-content\/uploads\/2024\/11\/New-CLT-Center-Text-logo.png","contentUrl":"https:\/\/www.cltweb.org\/wp-content\/uploads\/2024\/11\/New-CLT-Center-Text-logo.png","width":227,"height":80,"caption":"International Center for Community Land Trusts"},"image":{"@id":"https:\/\/www.cltweb.org\/es\/#\/schema\/logo\/image\/"},"sameAs":["https:\/\/www.facebook.com\/cltcenter","https:\/\/x.com\/Center4CLTs","https:\/\/www.instagram.com\/cltcenter\/","https:\/\/www.linkedin.com\/company\/cltcenter","https:\/\/www.youtube.com\/@centerforcltinnovation5313"],"description":"The International Center for Community Land Trusts is a not-for-profit nongovernmental organization established in 2018 to promote and to support community land trusts and similar strategies of community-led development on community-owned land in countries throughout the world.","email":"info@communitylandtrust.net","legalName":"International Center for Community Land Trusts","foundingDate":"2018-12-01","taxID":"84-3858933","numberOfEmployees":{"@type":"QuantitativeValue","minValue":"1","maxValue":"10"}}]}},"campaignId":"","taxonomy_info":{"category":[{"value":255,"label":"CLT en el mundo"},{"value":61,"label":"Programas y proyectos"}]},"featured_image_src_large":false,"author_info":{"display_name":"cltredesign_0jp0l4","author_link":"https:\/\/www.cltweb.org\/es\/author\/cltredesign_0jp0l4\/"},"comment_info":0,"jetpack_sharing_enabled":true,"jetpack-related-posts":[{"id":914,"url":"https:\/\/www.cltweb.org\/es\/programas-y-proyectos\/","url_meta":{"origin":1513,"position":0},"title":"Programas y proyectos","author":"cltredesign_0jp0l4","date":"26 de julio de 2024","format":false,"excerpt":"Educaci\u00f3n Mejorar la divulgaci\u00f3n educativa, los recursos y el apoyo a los profesionales y las comunidades del CLT. Biblioteca en l\u00ednea y archivo CLT: Recopilar y conservar materiales -en varios idiomas- que introduzcan el CLT, presenten estudios de casos, documenten las mejores pr\u00e1cticas y tracen la historia del movimiento CLT.\u2026","rel":"","context":"En \u00abSin categorizar\u00bb","block_context":{"text":"Sin categorizar","link":"https:\/\/www.cltweb.org\/es\/category\/sin-categorizar\/"},"img":{"alt_text":"","src":"","width":0,"height":0},"classes":[]},{"id":849,"url":"https:\/\/www.cltweb.org\/es\/sobre-nosotros\/historia\/","url_meta":{"origin":1513,"position":1},"title":"Nuestra historia","author":"cltredesign_0jp0l4","date":"26 de julio de 2024","format":false,"excerpt":"Una cronolog\u00eda de la evoluci\u00f3n del movimiento internacional de CLT.","rel":"","context":"En \u00abSobre nosotros\u00bb","block_context":{"text":"Sobre nosotros","link":"https:\/\/www.cltweb.org\/es\/category\/sobre-nosotros\/"},"img":{"alt_text":"","src":"","width":0,"height":0},"classes":[]},{"id":9445,"url":"https:\/\/www.cltweb.org\/es\/sobre-nosotros\/oportunidades-profesionales\/consultor-de-desarrollo\/","url_meta":{"origin":1513,"position":2},"title":"Consultor de desarrollo","author":"cltredesign_0jp0l4","date":"19 de mayo de 2025","format":false,"excerpt":"Buscamos un consultor de desarrollo experimentado que nos ayude a dirigir nuestros esfuerzos de recaudaci\u00f3n de fondos. Este puesto contratado trabajar\u00e1 veinte (20) horas a la semana en estrecha colaboraci\u00f3n con nuestro Director Ejecutivo, Director de Comunicaciones, consultores de proyectos, as\u00ed como miembros del consejo que participan activamente en los\u2026","rel":"","context":"En \u00abEmpleo\u00bb","block_context":{"text":"Empleo","link":"https:\/\/www.cltweb.org\/es\/category\/empleo\/"},"img":{"alt_text":"","src":"","width":0,"height":0},"classes":[]},{"id":4463,"url":"https:\/\/www.cltweb.org\/es\/biblioteca-de-recursos\/entrevistas\/garantizar-los-derechos-sobre-la-tierra-clts-en-asentamientos-informales-2020\/","url_meta":{"origin":1513,"position":3},"title":"Garantizar los derechos sobre la tierra: CLTs en Asentamientos Informales (2020)","author":"cltredesign_0jp0l4","date":"22 de octubre de 2024","format":false,"excerpt":"El 29 de octubre de 2020, H\u00e1bitat Mundial present\u00f3 una mesa redonda centrada en el papel del fideicomiso comunitario de tierras a la hora de garantizar los derechos sobre la tierra de los residentes de los asentamientos informales. Entre los panelistas se encontraban: Mariolga Juli\u00e1 Pacheco y Don Jos\u00e9 Caraballo,\u2026","rel":"","context":"En \u00abEntrevistas\u00bb","block_context":{"text":"Entrevistas","link":"https:\/\/www.cltweb.org\/es\/category\/entrevistas\/"},"img":{"alt_text":"","src":"","width":0,"height":0},"classes":[]},{"id":6193,"url":"https:\/\/www.cltweb.org\/es\/","url_meta":{"origin":1513,"position":4},"title":"Inicio","author":"cltredesign_0jp0l4","date":"29 de octubre de 2024","format":false,"excerpt":"Centro Internacional de Fideicomisos Comunitarios de la Tierra Somos una organizaci\u00f3n no gubernamental sin \u00e1nimo de lucro creada en 2018 para promover y apoyar los fideicomisos de la tierra comunitarios y estrategias similares de desarrollo dirigido por la comunidad en tierras de propiedad comunitaria en pa\u00edses de todo el mundo.\u2026","rel":"","context":"Entrada similar","block_context":{"text":"Entrada similar","link":""},"img":{"alt_text":"Virtual Summit Banner","src":"https:\/\/i0.wp.com\/www.cltweb.org\/wp-content\/uploads\/2026\/03\/VS-banner-2026.png?resize=350%2C200&ssl=1","width":350,"height":200,"srcset":"https:\/\/i0.wp.com\/www.cltweb.org\/wp-content\/uploads\/2026\/03\/VS-banner-2026.png?resize=350%2C200&ssl=1 1x, https:\/\/i0.wp.com\/www.cltweb.org\/wp-content\/uploads\/2026\/03\/VS-banner-2026.png?resize=525%2C300&ssl=1 1.5x, https:\/\/i0.wp.com\/www.cltweb.org\/wp-content\/uploads\/2026\/03\/VS-banner-2026.png?resize=700%2C400&ssl=1 2x"},"classes":[]},{"id":4053,"url":"https:\/\/www.cltweb.org\/es\/biblioteca-de-recursos\/casos-practicos-de-clt\/community-land-trust-bruselas\/","url_meta":{"origin":1513,"position":5},"title":"Community Land Trust Bruselas","author":"cltredesign_0jp0l4","date":"21 de octubre de 2024","format":false,"excerpt":"Creada en 2012 (Bruselas, B\u00e9lgica) Perfil aportado por Geert De Pauw (2015) El Community Land Trust Bruxelles (CLTB) se constituy\u00f3 formalmente en 2012, tras cuatro a\u00f1os de planificaci\u00f3n y organizaci\u00f3n, una iniciativa dirigida por activistas de varias asociaciones de viviendas y vecindarios ya existentes. CLTB se cre\u00f3 para servir a\u2026","rel":"","context":"En \u00abCasos pr\u00e1cticos\u00bb","block_context":{"text":"Casos pr\u00e1cticos","link":"https:\/\/www.cltweb.org\/es\/category\/casos-practicos\/"},"img":{"alt_text":"","src":"","width":0,"height":0},"classes":[]}],"_links":{"self":[{"href":"https:\/\/www.cltweb.org\/es\/wp-json\/wp\/v2\/pages\/1513","targetHints":{"allow":["GET"]}}],"collection":[{"href":"https:\/\/www.cltweb.org\/es\/wp-json\/wp\/v2\/pages"}],"about":[{"href":"https:\/\/www.cltweb.org\/es\/wp-json\/wp\/v2\/types\/page"}],"author":[{"embeddable":true,"href":"https:\/\/www.cltweb.org\/es\/wp-json\/wp\/v2\/users\/1"}],"replies":[{"embeddable":true,"href":"https:\/\/www.cltweb.org\/es\/wp-json\/wp\/v2\/comments?post=1513"}],"version-history":[{"count":6,"href":"https:\/\/www.cltweb.org\/es\/wp-json\/wp\/v2\/pages\/1513\/revisions"}],"predecessor-version":[{"id":6912,"href":"https:\/\/www.cltweb.org\/es\/wp-json\/wp\/v2\/pages\/1513\/revisions\/6912"}],"up":[{"embeddable":true,"href":"https:\/\/www.cltweb.org\/es\/wp-json\/wp\/v2\/pages\/881"}],"wp:attachment":[{"href":"https:\/\/www.cltweb.org\/es\/wp-json\/wp\/v2\/media?parent=1513"}],"wp:term":[{"taxonomy":"category","embeddable":true,"href":"https:\/\/www.cltweb.org\/es\/wp-json\/wp\/v2\/categories?post=1513"},{"taxonomy":"post_tag","embeddable":true,"href":"https:\/\/www.cltweb.org\/es\/wp-json\/wp\/v2\/tags?post=1513"}],"curies":[{"name":"wp","href":"https:\/\/api.w.org\/{rel}","templated":true}]}}