{"id":1547,"date":"2024-08-12T19:00:17","date_gmt":"2024-08-12T19:00:17","guid":{"rendered":"https:\/\/www.cltweb.org\/que-hacen-los-clt\/vivienda\/condominio\/"},"modified":"2024-08-12T19:00:17","modified_gmt":"2024-08-12T19:00:17","slug":"condominio","status":"publish","type":"page","link":"https:\/\/www.cltweb.org\/es\/que-hacen-los-clt\/vivienda\/condominio\/","title":{"rendered":"Condominio"},"content":{"rendered":"","protected":false},"excerpt":{"rendered":"","protected":false},"author":1,"featured_media":0,"parent":811,"menu_order":0,"comment_status":"closed","ping_status":"closed","template":"","meta":{"give_campaign_id":0,"_tec_requires_first_save":true,"_kad_blocks_custom_css":"","_kad_blocks_head_custom_js":"","_kad_blocks_body_custom_js":"","_kad_blocks_footer_custom_js":"","_EventAllDay":false,"_EventTimezone":"","_EventStartDate":"","_EventEndDate":"","_EventStartDateUTC":"","_EventEndDateUTC":"","_EventShowMap":false,"_EventShowMapLink":false,"_EventURL":"","_EventCost":"","_EventCostDescription":"","_EventCurrencySymbol":"","_EventCurrencyCode":"","_EventCurrencyPosition":"","_EventDateTimeSeparator":"","_EventTimeRangeSeparator":"","_EventOrganizerID":[],"_EventVenueID":[],"_OrganizerEmail":"","_OrganizerPhone":"","_OrganizerWebsite":"","_VenueAddress":"","_VenueCity":"","_VenueCountry":"","_VenueProvince":"","_VenueState":"","_VenueZip":"","_VenuePhone":"","_VenueURL":"","_VenueStateProvince":"","_VenueLat":"","_VenueLng":"","_VenueShowMap":false,"_VenueShowMapLink":false,"_tribe_blocks_recurrence_rules":"","_tribe_blocks_recurrence_description":"","_tribe_blocks_recurrence_exclusions":"","footnotes":""},"categories":[115],"tags":[],"class_list":["post-1547","page","type-page","status-publish","hentry","category-vivienda"],"blocksy_meta":[],"yoast_head":"<!-- This site is optimized with the Yoast SEO Premium plugin v27.5 (Yoast SEO v27.5) - https:\/\/yoast.com\/product\/yoast-seo-premium-wordpress\/ -->\n<title>Condominio - International Center for Community Land Trusts<\/title>\n<meta name=\"robots\" content=\"index, follow, max-snippet:-1, max-image-preview:large, max-video-preview:-1\" \/>\n<link rel=\"canonical\" href=\"https:\/\/www.cltweb.org\/es\/que-hacen-los-clt\/vivienda\/condominio\/\" \/>\n<meta property=\"og:locale\" content=\"es_ES\" \/>\n<meta property=\"og:type\" content=\"article\" \/>\n<meta property=\"og:title\" content=\"Condominio\" \/>\n<meta property=\"og:url\" content=\"https:\/\/www.cltweb.org\/es\/que-hacen-los-clt\/vivienda\/condominio\/\" \/>\n<meta property=\"og:site_name\" content=\"International Center for Community Land Trusts\" \/>\n<meta property=\"article:publisher\" content=\"https:\/\/www.facebook.com\/cltcenter\" \/>\n<meta name=\"twitter:card\" content=\"summary_large_image\" \/>\n<meta name=\"twitter:site\" content=\"@Center4CLTs\" \/>\n<script type=\"application\/ld+json\" class=\"yoast-schema-graph\">{\"@context\":\"https:\\\/\\\/schema.org\",\"@graph\":[{\"@type\":\"WebPage\",\"@id\":\"https:\\\/\\\/www.cltweb.org\\\/es\\\/que-hacen-los-clt\\\/vivienda\\\/condominio\\\/\",\"url\":\"https:\\\/\\\/www.cltweb.org\\\/es\\\/que-hacen-los-clt\\\/vivienda\\\/condominio\\\/\",\"name\":\"Condominio - International Center for Community Land Trusts\",\"isPartOf\":{\"@id\":\"https:\\\/\\\/www.cltweb.org\\\/es\\\/#website\"},\"datePublished\":\"2024-08-12T19:00:17+00:00\",\"breadcrumb\":{\"@id\":\"https:\\\/\\\/www.cltweb.org\\\/es\\\/que-hacen-los-clt\\\/vivienda\\\/condominio\\\/#breadcrumb\"},\"inLanguage\":\"es\",\"potentialAction\":[{\"@type\":\"ReadAction\",\"target\":[\"https:\\\/\\\/www.cltweb.org\\\/es\\\/que-hacen-los-clt\\\/vivienda\\\/condominio\\\/\"]}]},{\"@type\":\"BreadcrumbList\",\"@id\":\"https:\\\/\\\/www.cltweb.org\\\/es\\\/que-hacen-los-clt\\\/vivienda\\\/condominio\\\/#breadcrumb\",\"itemListElement\":[{\"@type\":\"ListItem\",\"position\":1,\"name\":\"Home\",\"item\":\"https:\\\/\\\/www.cltweb.org\\\/es\\\/\"},{\"@type\":\"ListItem\",\"position\":2,\"name\":\"Qu\u00e9 hacen los CLT\",\"item\":\"https:\\\/\\\/www.cltweb.org\\\/es\\\/what-clts-do\\\/\"},{\"@type\":\"ListItem\",\"position\":3,\"name\":\"Vivienda\",\"item\":\"https:\\\/\\\/www.cltweb.org\\\/es\\\/que-hacen-los-clt\\\/vivienda\\\/\"},{\"@type\":\"ListItem\",\"position\":4,\"name\":\"Condominio\"}]},{\"@type\":\"WebSite\",\"@id\":\"https:\\\/\\\/www.cltweb.org\\\/es\\\/#website\",\"url\":\"https:\\\/\\\/www.cltweb.org\\\/es\\\/\",\"name\":\"International Center for Community Land Trusts\",\"description\":\"\",\"publisher\":{\"@id\":\"https:\\\/\\\/www.cltweb.org\\\/es\\\/#organization\"},\"potentialAction\":[{\"@type\":\"SearchAction\",\"target\":{\"@type\":\"EntryPoint\",\"urlTemplate\":\"https:\\\/\\\/www.cltweb.org\\\/es\\\/?s={search_term_string}\"},\"query-input\":{\"@type\":\"PropertyValueSpecification\",\"valueRequired\":true,\"valueName\":\"search_term_string\"}}],\"inLanguage\":\"es\"},{\"@type\":\"Organization\",\"@id\":\"https:\\\/\\\/www.cltweb.org\\\/es\\\/#organization\",\"name\":\"International Center for Community Land Trusts\",\"url\":\"https:\\\/\\\/www.cltweb.org\\\/es\\\/\",\"logo\":{\"@type\":\"ImageObject\",\"inLanguage\":\"es\",\"@id\":\"https:\\\/\\\/www.cltweb.org\\\/es\\\/#\\\/schema\\\/logo\\\/image\\\/\",\"url\":\"https:\\\/\\\/www.cltweb.org\\\/wp-content\\\/uploads\\\/2024\\\/11\\\/New-CLT-Center-Text-logo.png\",\"contentUrl\":\"https:\\\/\\\/www.cltweb.org\\\/wp-content\\\/uploads\\\/2024\\\/11\\\/New-CLT-Center-Text-logo.png\",\"width\":227,\"height\":80,\"caption\":\"International Center for Community Land Trusts\"},\"image\":{\"@id\":\"https:\\\/\\\/www.cltweb.org\\\/es\\\/#\\\/schema\\\/logo\\\/image\\\/\"},\"sameAs\":[\"https:\\\/\\\/www.facebook.com\\\/cltcenter\",\"https:\\\/\\\/x.com\\\/Center4CLTs\",\"https:\\\/\\\/www.instagram.com\\\/cltcenter\\\/\",\"https:\\\/\\\/www.linkedin.com\\\/company\\\/cltcenter\",\"https:\\\/\\\/www.youtube.com\\\/@centerforcltinnovation5313\"],\"description\":\"The International Center for Community Land Trusts is a not-for-profit nongovernmental organization established in 2018 to promote and to support community land trusts and similar strategies of community-led development on community-owned land in countries throughout the world.\",\"email\":\"info@communitylandtrust.net\",\"legalName\":\"International Center for Community Land Trusts\",\"foundingDate\":\"2018-12-01\",\"taxID\":\"84-3858933\",\"numberOfEmployees\":{\"@type\":\"QuantitativeValue\",\"minValue\":\"1\",\"maxValue\":\"10\"}}]}<\/script>\n<!-- \/ Yoast SEO Premium plugin. -->","yoast_head_json":{"title":"Condominio - International Center for Community Land Trusts","robots":{"index":"index","follow":"follow","max-snippet":"max-snippet:-1","max-image-preview":"max-image-preview:large","max-video-preview":"max-video-preview:-1"},"canonical":"https:\/\/www.cltweb.org\/es\/que-hacen-los-clt\/vivienda\/condominio\/","og_locale":"es_ES","og_type":"article","og_title":"Condominio","og_url":"https:\/\/www.cltweb.org\/es\/que-hacen-los-clt\/vivienda\/condominio\/","og_site_name":"International Center for Community Land Trusts","article_publisher":"https:\/\/www.facebook.com\/cltcenter","twitter_card":"summary_large_image","twitter_site":"@Center4CLTs","schema":{"@context":"https:\/\/schema.org","@graph":[{"@type":"WebPage","@id":"https:\/\/www.cltweb.org\/es\/que-hacen-los-clt\/vivienda\/condominio\/","url":"https:\/\/www.cltweb.org\/es\/que-hacen-los-clt\/vivienda\/condominio\/","name":"Condominio - International Center for Community Land Trusts","isPartOf":{"@id":"https:\/\/www.cltweb.org\/es\/#website"},"datePublished":"2024-08-12T19:00:17+00:00","breadcrumb":{"@id":"https:\/\/www.cltweb.org\/es\/que-hacen-los-clt\/vivienda\/condominio\/#breadcrumb"},"inLanguage":"es","potentialAction":[{"@type":"ReadAction","target":["https:\/\/www.cltweb.org\/es\/que-hacen-los-clt\/vivienda\/condominio\/"]}]},{"@type":"BreadcrumbList","@id":"https:\/\/www.cltweb.org\/es\/que-hacen-los-clt\/vivienda\/condominio\/#breadcrumb","itemListElement":[{"@type":"ListItem","position":1,"name":"Home","item":"https:\/\/www.cltweb.org\/es\/"},{"@type":"ListItem","position":2,"name":"Qu\u00e9 hacen los CLT","item":"https:\/\/www.cltweb.org\/es\/what-clts-do\/"},{"@type":"ListItem","position":3,"name":"Vivienda","item":"https:\/\/www.cltweb.org\/es\/que-hacen-los-clt\/vivienda\/"},{"@type":"ListItem","position":4,"name":"Condominio"}]},{"@type":"WebSite","@id":"https:\/\/www.cltweb.org\/es\/#website","url":"https:\/\/www.cltweb.org\/es\/","name":"International Center for Community Land Trusts","description":"","publisher":{"@id":"https:\/\/www.cltweb.org\/es\/#organization"},"potentialAction":[{"@type":"SearchAction","target":{"@type":"EntryPoint","urlTemplate":"https:\/\/www.cltweb.org\/es\/?s={search_term_string}"},"query-input":{"@type":"PropertyValueSpecification","valueRequired":true,"valueName":"search_term_string"}}],"inLanguage":"es"},{"@type":"Organization","@id":"https:\/\/www.cltweb.org\/es\/#organization","name":"International Center for Community Land Trusts","url":"https:\/\/www.cltweb.org\/es\/","logo":{"@type":"ImageObject","inLanguage":"es","@id":"https:\/\/www.cltweb.org\/es\/#\/schema\/logo\/image\/","url":"https:\/\/www.cltweb.org\/wp-content\/uploads\/2024\/11\/New-CLT-Center-Text-logo.png","contentUrl":"https:\/\/www.cltweb.org\/wp-content\/uploads\/2024\/11\/New-CLT-Center-Text-logo.png","width":227,"height":80,"caption":"International Center for Community Land Trusts"},"image":{"@id":"https:\/\/www.cltweb.org\/es\/#\/schema\/logo\/image\/"},"sameAs":["https:\/\/www.facebook.com\/cltcenter","https:\/\/x.com\/Center4CLTs","https:\/\/www.instagram.com\/cltcenter\/","https:\/\/www.linkedin.com\/company\/cltcenter","https:\/\/www.youtube.com\/@centerforcltinnovation5313"],"description":"The International Center for Community Land Trusts is a not-for-profit nongovernmental organization established in 2018 to promote and to support community land trusts and similar strategies of community-led development on community-owned land in countries throughout the world.","email":"info@communitylandtrust.net","legalName":"International Center for Community Land Trusts","foundingDate":"2018-12-01","taxID":"84-3858933","numberOfEmployees":{"@type":"QuantitativeValue","minValue":"1","maxValue":"10"}}]}},"campaignId":"","taxonomy_info":{"category":[{"value":115,"label":"Vivienda"}]},"featured_image_src_large":false,"author_info":{"display_name":"cltredesign_0jp0l4","author_link":"https:\/\/www.cltweb.org\/es\/author\/cltredesign_0jp0l4\/"},"comment_info":0,"jetpack_sharing_enabled":true,"jetpack-related-posts":[{"id":3992,"url":"https:\/\/www.cltweb.org\/es\/biblioteca-de-recursos\/casos-practicos-de-clt\/fondo-de-vivienda-de-champlain\/","url_meta":{"origin":1547,"position":0},"title":"Fondo de Vivienda de Champlain","author":"cltredesign_0jp0l4","date":"20 de octubre de 2024","format":false,"excerpt":"Fundada en 1984 (Burlington, Vermont) Perfil aportado por Brenda Torpy (2015) La Champlain Housing Trust (CHT) naci\u00f3 en una peque\u00f1a ciudad con una gran idea: creando un parque de viviendas asequibles de forma permanente, todo el mundo podr\u00eda tener acceso a una vivienda decente y asequible, independientemente de sus ingresos.\u2026","rel":"","context":"En \u00abCasos pr\u00e1cticos\u00bb","block_context":{"text":"Casos pr\u00e1cticos","link":"https:\/\/www.cltweb.org\/es\/category\/casos-practicos\/"},"img":{"alt_text":"","src":"","width":0,"height":0},"classes":[]},{"id":1544,"url":"https:\/\/www.cltweb.org\/pt-br\/o-que-os-clts-fazem\/alojamento\/condominio\/","url_meta":{"origin":1547,"position":1},"title":"Condom\u00ednio","author":"cltredesign_0jp0l4","date":"12 de agosto de 2024","format":false,"excerpt":"","rel":"","context":"En \u00abAlojamento\u00bb","block_context":{"text":"Alojamento","link":"https:\/\/www.cltweb.org\/pt-br\/category\/alojamento\/"},"img":{"alt_text":"","src":"","width":0,"height":0},"classes":[]},{"id":4367,"url":"https:\/\/www.cltweb.org\/es\/biblioteca-de-recursos\/entrevistas\/john-emmus-davis\/","url_meta":{"origin":1547,"position":2},"title":"John Emmus Davis (2011)","author":"cltredesign_0jp0l4","date":"22 de octubre de 2024","format":false,"excerpt":"En 2011, John llevaba 30 a\u00f1os fomentando el desarrollo de los fideicomisos de tierras comunitarias como escritor, profesor y proveedor de asistencia t\u00e9cnica. La evoluci\u00f3n de su implicaci\u00f3n personal y profesional con el movimiento de las CLT se explor\u00f3 en esta entrevista grabada por Steve Dubb, entonces Director de Investigaci\u00f3n\u2026","rel":"","context":"En \u00abEntrevistas\u00bb","block_context":{"text":"Entrevistas","link":"https:\/\/www.cltweb.org\/es\/category\/entrevistas\/"},"img":{"alt_text":"","src":"","width":0,"height":0},"classes":[]},{"id":1571,"url":"https:\/\/www.cltweb.org\/es\/que-hacen-los-clt\/vivienda\/cooperativas-de-viviendas\/","url_meta":{"origin":1547,"position":3},"title":"Cooperativas de viviendas","author":"cltredesign_0jp0l4","date":"12 de agosto de 2024","format":false,"excerpt":"","rel":"","context":"En \u00abVivienda\u00bb","block_context":{"text":"Vivienda","link":"https:\/\/www.cltweb.org\/es\/category\/vivienda\/"},"img":{"alt_text":"","src":"","width":0,"height":0},"classes":[]},{"id":1863,"url":"https:\/\/www.cltweb.org\/es\/biblioteca-de-recursos\/informes\/","url_meta":{"origin":1547,"position":4},"title":"Informes","author":"cltredesign_0jp0l4","date":"26 de julio de 2024","format":false,"excerpt":"Propiedad de vivienda de capital compartido (2006) Por John Emmeus Davis, Instituto Nacional de la Vivienda La propiedad de vivienda de capital compartido garantiza que las viviendas sigan siendo asequibles a largo plazo para los hogares con rentas m\u00e1s bajas, al restringir la revalorizaci\u00f3n que puede retener el propietario, preservando\u2026","rel":"","context":"En \u00abBiblioteca de recursos\u00bb","block_context":{"text":"Biblioteca de recursos","link":"https:\/\/www.cltweb.org\/es\/category\/biblioteca-de-recursos-es\/"},"img":{"alt_text":"","src":"","width":0,"height":0},"classes":[]},{"id":4053,"url":"https:\/\/www.cltweb.org\/es\/biblioteca-de-recursos\/casos-practicos-de-clt\/community-land-trust-bruselas\/","url_meta":{"origin":1547,"position":5},"title":"Community Land Trust Bruselas","author":"cltredesign_0jp0l4","date":"21 de octubre de 2024","format":false,"excerpt":"Creada en 2012 (Bruselas, B\u00e9lgica) Perfil aportado por Geert De Pauw (2015) El Community Land Trust Bruxelles (CLTB) se constituy\u00f3 formalmente en 2012, tras cuatro a\u00f1os de planificaci\u00f3n y organizaci\u00f3n, una iniciativa dirigida por activistas de varias asociaciones de viviendas y vecindarios ya existentes. CLTB se cre\u00f3 para servir a\u2026","rel":"","context":"En \u00abCasos pr\u00e1cticos\u00bb","block_context":{"text":"Casos pr\u00e1cticos","link":"https:\/\/www.cltweb.org\/es\/category\/casos-practicos\/"},"img":{"alt_text":"","src":"","width":0,"height":0},"classes":[]}],"_links":{"self":[{"href":"https:\/\/www.cltweb.org\/es\/wp-json\/wp\/v2\/pages\/1547","targetHints":{"allow":["GET"]}}],"collection":[{"href":"https:\/\/www.cltweb.org\/es\/wp-json\/wp\/v2\/pages"}],"about":[{"href":"https:\/\/www.cltweb.org\/es\/wp-json\/wp\/v2\/types\/page"}],"author":[{"embeddable":true,"href":"https:\/\/www.cltweb.org\/es\/wp-json\/wp\/v2\/users\/1"}],"replies":[{"embeddable":true,"href":"https:\/\/www.cltweb.org\/es\/wp-json\/wp\/v2\/comments?post=1547"}],"version-history":[{"count":0,"href":"https:\/\/www.cltweb.org\/es\/wp-json\/wp\/v2\/pages\/1547\/revisions"}],"up":[{"embeddable":true,"href":"https:\/\/www.cltweb.org\/es\/wp-json\/wp\/v2\/pages\/811"}],"wp:attachment":[{"href":"https:\/\/www.cltweb.org\/es\/wp-json\/wp\/v2\/media?parent=1547"}],"wp:term":[{"taxonomy":"category","embeddable":true,"href":"https:\/\/www.cltweb.org\/es\/wp-json\/wp\/v2\/categories?post=1547"},{"taxonomy":"post_tag","embeddable":true,"href":"https:\/\/www.cltweb.org\/es\/wp-json\/wp\/v2\/tags?post=1547"}],"curies":[{"name":"wp","href":"https:\/\/api.w.org\/{rel}","templated":true}]}}