{"id":1560,"date":"2024-08-12T18:59:07","date_gmt":"2024-08-12T18:59:07","guid":{"rendered":"https:\/\/www.cltweb.org\/que-hacen-los-clt\/vivienda\/pleno-dominio\/"},"modified":"2024-08-12T18:59:07","modified_gmt":"2024-08-12T18:59:07","slug":"pleno-dominio","status":"publish","type":"page","link":"https:\/\/www.cltweb.org\/es\/que-hacen-los-clt\/vivienda\/pleno-dominio\/","title":{"rendered":"Pleno dominio"},"content":{"rendered":"","protected":false},"excerpt":{"rendered":"","protected":false},"author":1,"featured_media":0,"parent":811,"menu_order":0,"comment_status":"closed","ping_status":"closed","template":"","meta":{"give_campaign_id":0,"_tec_requires_first_save":true,"_kad_blocks_custom_css":"","_kad_blocks_head_custom_js":"","_kad_blocks_body_custom_js":"","_kad_blocks_footer_custom_js":"","_EventAllDay":false,"_EventTimezone":"","_EventStartDate":"","_EventEndDate":"","_EventStartDateUTC":"","_EventEndDateUTC":"","_EventShowMap":false,"_EventShowMapLink":false,"_EventURL":"","_EventCost":"","_EventCostDescription":"","_EventCurrencySymbol":"","_EventCurrencyCode":"","_EventCurrencyPosition":"","_EventDateTimeSeparator":"","_EventTimeRangeSeparator":"","_EventOrganizerID":[],"_EventVenueID":[],"_OrganizerEmail":"","_OrganizerPhone":"","_OrganizerWebsite":"","_VenueAddress":"","_VenueCity":"","_VenueCountry":"","_VenueProvince":"","_VenueState":"","_VenueZip":"","_VenuePhone":"","_VenueURL":"","_VenueStateProvince":"","_VenueLat":"","_VenueLng":"","_VenueShowMap":false,"_VenueShowMapLink":false,"_tribe_blocks_recurrence_rules":"","_tribe_blocks_recurrence_description":"","_tribe_blocks_recurrence_exclusions":"","footnotes":""},"categories":[115],"tags":[],"class_list":["post-1560","page","type-page","status-publish","hentry","category-vivienda"],"blocksy_meta":[],"yoast_head":"<!-- This site is optimized with the Yoast SEO Premium plugin v27.5 (Yoast SEO v27.5) - https:\/\/yoast.com\/product\/yoast-seo-premium-wordpress\/ -->\n<title>Pleno dominio - International Center for Community Land Trusts<\/title>\n<meta name=\"robots\" content=\"index, follow, max-snippet:-1, max-image-preview:large, max-video-preview:-1\" \/>\n<link rel=\"canonical\" href=\"https:\/\/www.cltweb.org\/es\/que-hacen-los-clt\/vivienda\/pleno-dominio\/\" \/>\n<meta property=\"og:locale\" content=\"es_ES\" \/>\n<meta property=\"og:type\" content=\"article\" \/>\n<meta property=\"og:title\" content=\"Pleno dominio\" \/>\n<meta property=\"og:url\" content=\"https:\/\/www.cltweb.org\/es\/que-hacen-los-clt\/vivienda\/pleno-dominio\/\" \/>\n<meta property=\"og:site_name\" content=\"International Center for Community Land Trusts\" \/>\n<meta property=\"article:publisher\" content=\"https:\/\/www.facebook.com\/cltcenter\" \/>\n<meta name=\"twitter:card\" content=\"summary_large_image\" \/>\n<meta name=\"twitter:site\" content=\"@Center4CLTs\" \/>\n<script type=\"application\/ld+json\" class=\"yoast-schema-graph\">{\"@context\":\"https:\\\/\\\/schema.org\",\"@graph\":[{\"@type\":\"WebPage\",\"@id\":\"https:\\\/\\\/www.cltweb.org\\\/es\\\/que-hacen-los-clt\\\/vivienda\\\/pleno-dominio\\\/\",\"url\":\"https:\\\/\\\/www.cltweb.org\\\/es\\\/que-hacen-los-clt\\\/vivienda\\\/pleno-dominio\\\/\",\"name\":\"Pleno dominio - International Center for Community Land Trusts\",\"isPartOf\":{\"@id\":\"https:\\\/\\\/www.cltweb.org\\\/es\\\/#website\"},\"datePublished\":\"2024-08-12T18:59:07+00:00\",\"breadcrumb\":{\"@id\":\"https:\\\/\\\/www.cltweb.org\\\/es\\\/que-hacen-los-clt\\\/vivienda\\\/pleno-dominio\\\/#breadcrumb\"},\"inLanguage\":\"es\",\"potentialAction\":[{\"@type\":\"ReadAction\",\"target\":[\"https:\\\/\\\/www.cltweb.org\\\/es\\\/que-hacen-los-clt\\\/vivienda\\\/pleno-dominio\\\/\"]}]},{\"@type\":\"BreadcrumbList\",\"@id\":\"https:\\\/\\\/www.cltweb.org\\\/es\\\/que-hacen-los-clt\\\/vivienda\\\/pleno-dominio\\\/#breadcrumb\",\"itemListElement\":[{\"@type\":\"ListItem\",\"position\":1,\"name\":\"Home\",\"item\":\"https:\\\/\\\/www.cltweb.org\\\/es\\\/\"},{\"@type\":\"ListItem\",\"position\":2,\"name\":\"Qu\u00e9 hacen los CLT\",\"item\":\"https:\\\/\\\/www.cltweb.org\\\/es\\\/what-clts-do\\\/\"},{\"@type\":\"ListItem\",\"position\":3,\"name\":\"Vivienda\",\"item\":\"https:\\\/\\\/www.cltweb.org\\\/es\\\/que-hacen-los-clt\\\/vivienda\\\/\"},{\"@type\":\"ListItem\",\"position\":4,\"name\":\"Pleno dominio\"}]},{\"@type\":\"WebSite\",\"@id\":\"https:\\\/\\\/www.cltweb.org\\\/es\\\/#website\",\"url\":\"https:\\\/\\\/www.cltweb.org\\\/es\\\/\",\"name\":\"International Center for Community Land Trusts\",\"description\":\"\",\"publisher\":{\"@id\":\"https:\\\/\\\/www.cltweb.org\\\/es\\\/#organization\"},\"potentialAction\":[{\"@type\":\"SearchAction\",\"target\":{\"@type\":\"EntryPoint\",\"urlTemplate\":\"https:\\\/\\\/www.cltweb.org\\\/es\\\/?s={search_term_string}\"},\"query-input\":{\"@type\":\"PropertyValueSpecification\",\"valueRequired\":true,\"valueName\":\"search_term_string\"}}],\"inLanguage\":\"es\"},{\"@type\":\"Organization\",\"@id\":\"https:\\\/\\\/www.cltweb.org\\\/es\\\/#organization\",\"name\":\"International Center for Community Land Trusts\",\"url\":\"https:\\\/\\\/www.cltweb.org\\\/es\\\/\",\"logo\":{\"@type\":\"ImageObject\",\"inLanguage\":\"es\",\"@id\":\"https:\\\/\\\/www.cltweb.org\\\/es\\\/#\\\/schema\\\/logo\\\/image\\\/\",\"url\":\"https:\\\/\\\/www.cltweb.org\\\/wp-content\\\/uploads\\\/2024\\\/11\\\/New-CLT-Center-Text-logo.png\",\"contentUrl\":\"https:\\\/\\\/www.cltweb.org\\\/wp-content\\\/uploads\\\/2024\\\/11\\\/New-CLT-Center-Text-logo.png\",\"width\":227,\"height\":80,\"caption\":\"International Center for Community Land Trusts\"},\"image\":{\"@id\":\"https:\\\/\\\/www.cltweb.org\\\/es\\\/#\\\/schema\\\/logo\\\/image\\\/\"},\"sameAs\":[\"https:\\\/\\\/www.facebook.com\\\/cltcenter\",\"https:\\\/\\\/x.com\\\/Center4CLTs\",\"https:\\\/\\\/www.instagram.com\\\/cltcenter\\\/\",\"https:\\\/\\\/www.linkedin.com\\\/company\\\/cltcenter\",\"https:\\\/\\\/www.youtube.com\\\/@centerforcltinnovation5313\"],\"description\":\"The International Center for Community Land Trusts is a not-for-profit nongovernmental organization established in 2018 to promote and to support community land trusts and similar strategies of community-led development on community-owned land in countries throughout the world.\",\"email\":\"info@communitylandtrust.net\",\"legalName\":\"International Center for Community Land Trusts\",\"foundingDate\":\"2018-12-01\",\"taxID\":\"84-3858933\",\"numberOfEmployees\":{\"@type\":\"QuantitativeValue\",\"minValue\":\"1\",\"maxValue\":\"10\"}}]}<\/script>\n<!-- \/ Yoast SEO Premium plugin. -->","yoast_head_json":{"title":"Pleno dominio - International Center for Community Land Trusts","robots":{"index":"index","follow":"follow","max-snippet":"max-snippet:-1","max-image-preview":"max-image-preview:large","max-video-preview":"max-video-preview:-1"},"canonical":"https:\/\/www.cltweb.org\/es\/que-hacen-los-clt\/vivienda\/pleno-dominio\/","og_locale":"es_ES","og_type":"article","og_title":"Pleno dominio","og_url":"https:\/\/www.cltweb.org\/es\/que-hacen-los-clt\/vivienda\/pleno-dominio\/","og_site_name":"International Center for Community Land Trusts","article_publisher":"https:\/\/www.facebook.com\/cltcenter","twitter_card":"summary_large_image","twitter_site":"@Center4CLTs","schema":{"@context":"https:\/\/schema.org","@graph":[{"@type":"WebPage","@id":"https:\/\/www.cltweb.org\/es\/que-hacen-los-clt\/vivienda\/pleno-dominio\/","url":"https:\/\/www.cltweb.org\/es\/que-hacen-los-clt\/vivienda\/pleno-dominio\/","name":"Pleno dominio - International Center for Community Land Trusts","isPartOf":{"@id":"https:\/\/www.cltweb.org\/es\/#website"},"datePublished":"2024-08-12T18:59:07+00:00","breadcrumb":{"@id":"https:\/\/www.cltweb.org\/es\/que-hacen-los-clt\/vivienda\/pleno-dominio\/#breadcrumb"},"inLanguage":"es","potentialAction":[{"@type":"ReadAction","target":["https:\/\/www.cltweb.org\/es\/que-hacen-los-clt\/vivienda\/pleno-dominio\/"]}]},{"@type":"BreadcrumbList","@id":"https:\/\/www.cltweb.org\/es\/que-hacen-los-clt\/vivienda\/pleno-dominio\/#breadcrumb","itemListElement":[{"@type":"ListItem","position":1,"name":"Home","item":"https:\/\/www.cltweb.org\/es\/"},{"@type":"ListItem","position":2,"name":"Qu\u00e9 hacen los CLT","item":"https:\/\/www.cltweb.org\/es\/what-clts-do\/"},{"@type":"ListItem","position":3,"name":"Vivienda","item":"https:\/\/www.cltweb.org\/es\/que-hacen-los-clt\/vivienda\/"},{"@type":"ListItem","position":4,"name":"Pleno dominio"}]},{"@type":"WebSite","@id":"https:\/\/www.cltweb.org\/es\/#website","url":"https:\/\/www.cltweb.org\/es\/","name":"International Center for Community Land Trusts","description":"","publisher":{"@id":"https:\/\/www.cltweb.org\/es\/#organization"},"potentialAction":[{"@type":"SearchAction","target":{"@type":"EntryPoint","urlTemplate":"https:\/\/www.cltweb.org\/es\/?s={search_term_string}"},"query-input":{"@type":"PropertyValueSpecification","valueRequired":true,"valueName":"search_term_string"}}],"inLanguage":"es"},{"@type":"Organization","@id":"https:\/\/www.cltweb.org\/es\/#organization","name":"International Center for Community Land Trusts","url":"https:\/\/www.cltweb.org\/es\/","logo":{"@type":"ImageObject","inLanguage":"es","@id":"https:\/\/www.cltweb.org\/es\/#\/schema\/logo\/image\/","url":"https:\/\/www.cltweb.org\/wp-content\/uploads\/2024\/11\/New-CLT-Center-Text-logo.png","contentUrl":"https:\/\/www.cltweb.org\/wp-content\/uploads\/2024\/11\/New-CLT-Center-Text-logo.png","width":227,"height":80,"caption":"International Center for Community Land Trusts"},"image":{"@id":"https:\/\/www.cltweb.org\/es\/#\/schema\/logo\/image\/"},"sameAs":["https:\/\/www.facebook.com\/cltcenter","https:\/\/x.com\/Center4CLTs","https:\/\/www.instagram.com\/cltcenter\/","https:\/\/www.linkedin.com\/company\/cltcenter","https:\/\/www.youtube.com\/@centerforcltinnovation5313"],"description":"The International Center for Community Land Trusts is a not-for-profit nongovernmental organization established in 2018 to promote and to support community land trusts and similar strategies of community-led development on community-owned land in countries throughout the world.","email":"info@communitylandtrust.net","legalName":"International Center for Community Land Trusts","foundingDate":"2018-12-01","taxID":"84-3858933","numberOfEmployees":{"@type":"QuantitativeValue","minValue":"1","maxValue":"10"}}]}},"campaignId":"","taxonomy_info":{"category":[{"value":115,"label":"Vivienda"}]},"featured_image_src_large":false,"author_info":{"display_name":"cltredesign_0jp0l4","author_link":"https:\/\/www.cltweb.org\/es\/author\/cltredesign_0jp0l4\/"},"comment_info":0,"jetpack_sharing_enabled":true,"jetpack-related-posts":[{"id":8975,"url":"https:\/\/www.cltweb.org\/es\/biblioteca-de-recursos\/agricultura\/recursos-adicionales\/como-aseguran-y-protegen-los-clt-la-tierra\/pleno-dominio\/","url_meta":{"origin":1560,"position":0},"title":"Pleno dominio","author":"cltredesign_0jp0l4","date":"3 de febrero de 2025","format":false,"excerpt":"La propiedad simple permite a un CLT poseer el mayor n\u00famero de \"palos\" en el paquete de derechos de propiedad y proporciona un alto nivel de seguridad de la tierra, siempre que se cumplan todos los pagos de la hipoteca y las obligaciones fiscales. En las zonas urbanas, los terrenos\u2026","rel":"","context":"En \u00abAgricultura\u00bb","block_context":{"text":"Agricultura","link":"https:\/\/www.cltweb.org\/es\/category\/agricultura-es\/"},"img":{"alt_text":"","src":"","width":0,"height":0},"classes":[]},{"id":8999,"url":"https:\/\/www.cltweb.org\/es\/biblioteca-de-recursos\/agricultura\/recursos-adicionales\/como-aseguran-y-protegen-los-clt-la-tierra\/servidumbres\/","url_meta":{"origin":1560,"position":1},"title":"Servidumbres","author":"cltredesign_0jp0l4","date":"3 de febrero de 2025","format":false,"excerpt":"Las servidumbres de conservaci\u00f3n son restricciones voluntarias que limitan permanentemente los tipos de usos permitidos en la tierra. Est\u00e1n en manos de entidades externas al titular. Estos acuerdos se utilizan con frecuencia como herramienta de planificaci\u00f3n fiscal. Un propietario concede una servidumbre a una entidad p\u00fablica o privada sin \u00e1nimo\u2026","rel":"","context":"En \u00abAgricultura\u00bb","block_context":{"text":"Agricultura","link":"https:\/\/www.cltweb.org\/es\/category\/agricultura-es\/"},"img":{"alt_text":"","src":"","width":0,"height":0},"classes":[]},{"id":9445,"url":"https:\/\/www.cltweb.org\/es\/sobre-nosotros\/oportunidades-profesionales\/consultor-de-desarrollo\/","url_meta":{"origin":1560,"position":2},"title":"Consultor de desarrollo","author":"cltredesign_0jp0l4","date":"19 de mayo de 2025","format":false,"excerpt":"Buscamos un consultor de desarrollo experimentado que nos ayude a dirigir nuestros esfuerzos de recaudaci\u00f3n de fondos. Este puesto contratado trabajar\u00e1 veinte (20) horas a la semana en estrecha colaboraci\u00f3n con nuestro Director Ejecutivo, Director de Comunicaciones, consultores de proyectos, as\u00ed como miembros del consejo que participan activamente en los\u2026","rel":"","context":"En \u00abEmpleo\u00bb","block_context":{"text":"Empleo","link":"https:\/\/www.cltweb.org\/es\/category\/empleo\/"},"img":{"alt_text":"","src":"","width":0,"height":0},"classes":[]},{"id":4083,"url":"https:\/\/www.cltweb.org\/es\/biblioteca-de-recursos\/casos-practicos-de-clt\/fondo-comunitario-de-tierras-de-lopez\/","url_meta":{"origin":1560,"position":3},"title":"Fondo Comunitario de Tierras de L\u00f3pez","author":"cltredesign_0jp0l4","date":"21 de octubre de 2024","format":false,"excerpt":"Fundada en 1989 (Isla Lopez, Washington) Perfil aportado por Rhea Miller (2015) Dijeron que no se pod\u00eda hacer -proporcionar oportunidades de ser propietario de una vivienda a personas que ganaran menos del 60% de los ingresos medios-, as\u00ed que, por supuesto, como isle\u00f1os, \u00a1decidimos hacerlo! No hay nada como un\u2026","rel":"","context":"En \u00abCasos pr\u00e1cticos\u00bb","block_context":{"text":"Casos pr\u00e1cticos","link":"https:\/\/www.cltweb.org\/es\/category\/casos-practicos\/"},"img":{"alt_text":"","src":"","width":0,"height":0},"classes":[]},{"id":1571,"url":"https:\/\/www.cltweb.org\/es\/que-hacen-los-clt\/vivienda\/cooperativas-de-viviendas\/","url_meta":{"origin":1560,"position":4},"title":"Cooperativas de viviendas","author":"cltredesign_0jp0l4","date":"12 de agosto de 2024","format":false,"excerpt":"","rel":"","context":"En \u00abVivienda\u00bb","block_context":{"text":"Vivienda","link":"https:\/\/www.cltweb.org\/es\/category\/vivienda\/"},"img":{"alt_text":"","src":"","width":0,"height":0},"classes":[]},{"id":1863,"url":"https:\/\/www.cltweb.org\/es\/biblioteca-de-recursos\/informes\/","url_meta":{"origin":1560,"position":5},"title":"Informes","author":"cltredesign_0jp0l4","date":"26 de julio de 2024","format":false,"excerpt":"Propiedad de vivienda de capital compartido (2006) Por John Emmeus Davis, Instituto Nacional de la Vivienda La propiedad de vivienda de capital compartido garantiza que las viviendas sigan siendo asequibles a largo plazo para los hogares con rentas m\u00e1s bajas, al restringir la revalorizaci\u00f3n que puede retener el propietario, preservando\u2026","rel":"","context":"En \u00abBiblioteca de recursos\u00bb","block_context":{"text":"Biblioteca de recursos","link":"https:\/\/www.cltweb.org\/es\/category\/biblioteca-de-recursos-es\/"},"img":{"alt_text":"","src":"","width":0,"height":0},"classes":[]}],"_links":{"self":[{"href":"https:\/\/www.cltweb.org\/es\/wp-json\/wp\/v2\/pages\/1560","targetHints":{"allow":["GET"]}}],"collection":[{"href":"https:\/\/www.cltweb.org\/es\/wp-json\/wp\/v2\/pages"}],"about":[{"href":"https:\/\/www.cltweb.org\/es\/wp-json\/wp\/v2\/types\/page"}],"author":[{"embeddable":true,"href":"https:\/\/www.cltweb.org\/es\/wp-json\/wp\/v2\/users\/1"}],"replies":[{"embeddable":true,"href":"https:\/\/www.cltweb.org\/es\/wp-json\/wp\/v2\/comments?post=1560"}],"version-history":[{"count":0,"href":"https:\/\/www.cltweb.org\/es\/wp-json\/wp\/v2\/pages\/1560\/revisions"}],"up":[{"embeddable":true,"href":"https:\/\/www.cltweb.org\/es\/wp-json\/wp\/v2\/pages\/811"}],"wp:attachment":[{"href":"https:\/\/www.cltweb.org\/es\/wp-json\/wp\/v2\/media?parent=1560"}],"wp:term":[{"taxonomy":"category","embeddable":true,"href":"https:\/\/www.cltweb.org\/es\/wp-json\/wp\/v2\/categories?post=1560"},{"taxonomy":"post_tag","embeddable":true,"href":"https:\/\/www.cltweb.org\/es\/wp-json\/wp\/v2\/tags?post=1560"}],"curies":[{"name":"wp","href":"https:\/\/api.w.org\/{rel}","templated":true}]}}