{"id":1580,"date":"2024-07-30T19:01:51","date_gmt":"2024-07-30T19:01:51","guid":{"rendered":"https:\/\/www.cltweb.org\/terra-nostra-press\/noticias-y-resenas\/"},"modified":"2025-01-09T15:40:42","modified_gmt":"2025-01-09T15:40:42","slug":"noticias-y-resenas","status":"publish","type":"page","link":"https:\/\/www.cltweb.org\/es\/terra-nostra-press\/noticias-y-resenas\/","title":{"rendered":"Noticias y rese\u00f1as"},"content":{"rendered":"\n<h1 class=\"wp-block-heading\" id=\"h-in-the-news\">En las noticias<\/h1>\n\n<ul class=\"wp-block-list\">\n<li><a href=\"https:\/\/www.tandfonline.com\/doi\/full\/10.1080\/01944363.2021.1989962\" target=\"_blank\" rel=\"noreferrer noopener\">&#8220;Rese\u00f1as &#8211; En terreno com\u00fan<\/a>&#8220;, Jeffrey Lowe, Journal of the American Planning Association, 24 de noviembre de 2021<\/li>\n\n\n\n<li>&#8220;<a href=\"https:\/\/www.frontporchrepublic.com\/2021\/08\/we-hide-behind-the-tomatoes-a-review-of-on-common-ground\/\" target=\"_blank\" rel=\"noreferrer noopener\">Nos escondemos detr\u00e1s de los tomates: A Review of On Common Ground<\/a>&#8220;, Elias Crim, Front Porch Republic, 9 de agosto de 2021<\/li>\n\n\n\n<li><a href=\"https:\/\/www.cltweb.org\/es\/biblioteca-de-recursos\/entrevistas\/david-ireland-y-jerry-maldonado-2020\/\">Mar\u00eda E. Hern\u00e1ndez Torrales, del Center for Community Land Trust Innovation, entrevista a David Ireland, de World Habitat, y a Jerry Maldonado, de la Fundaci\u00f3n Ford,<\/a> sobre su contribuci\u00f3n a <em>On Common Ground, <\/em>15 de octubre de 2020<a href=\"https:\/\/www.cltweb.org\/es\/biblioteca-de-recursos\/entrevistas\/david-ireland-y-jerry-maldonado-2020\/\">.<\/a> <\/li>\n\n\n\n<li><a href=\"https:\/\/shelterforce.org\/2020\/10\/14\/perspectives-on-the-community-land-trust\/\" target=\"_blank\" rel=\"noreferrer noopener\">Perspectivas sobre el Fondo Comunitario de Tierras<\/a>: Entrevista con John Emmeus Davis, Line Algoed y Mar\u00eda E. Hern\u00e1ndez-Torrales, por James Tracy, Shelterforce Magazine, 14 de octubre de 2020.<\/li>\n\n\n\n<li><a href=\"https:\/\/beyondchron.org\/community-land-trusts-the-true-social-housing\/\" target=\"_blank\" rel=\"noreferrer noopener\">&#8220;Community Land Trusts: La verdadera &#8220;vivienda social<\/a>&#8220;&#8221;, Randy Shaw, Beyond Chron, 13 de octubre de 2020<\/li>\n\n\n\n<li><a href=\"https:\/\/www.claridadpuertorico.com\/una-mirada-a-los-fideicomisos-de-la-tierra\/\" target=\"_blank\" rel=\"noreferrer noopener\">&#8220;Una mirada a los Fideicomisos de la Tierra&#8221;<\/a>, C\u00e1ndida Cotto, Claridad, agosto de 2020 (espa\u00f1ol)<\/li>\n\n\n\n<li><a href=\"https:\/\/www.neighborworks.org\/blog\/community-land-trusts-creating-housing-opportunities-for-the-common-good\" target=\"_blank\" rel=\"noreferrer noopener\">&#8220;Community Land Trusts: Creating Housing Opportunities for the Common Good&#8221;<\/a>, entrevista con la autora Brenda Torpy, NeighborWorks America, julio de 2020<\/li>\n\n\n\n<li><a href=\"https:\/\/www.observatoriodasmetropoles.net.br\/livro-reune-coletanea-de-artigos-sobre-experiencias-de-implementacao-do-termo-territorial-coletivo-community-land-trust\/?utm_source=Boletim&amp;utm_medium=E-mail&amp;utm_campaign=640&amp;utm_content=Livro+re%C3%BAne+colet%C3%A2nea+de+artigos+sobre+experi%C3%AAncias+de+implementa%C3%A7%C3%A3o+do+%E2%80%9CTermo+Territorial+Coletivo%E2%80%9D\" target=\"_blank\" rel=\"noreferrer noopener\">&#8220;Livro re\u00fane colet\u00e2nea de artigos sobre experi\u00eancias de implementa\u00e7\u00e3o do &#8216;Termo Territorial Coletivo&#8217;<\/a>&#8220;, Observat\u00f3rio das Metr\u00f3poles, 2 de julio de 2020 (portugu\u00e9s)<\/li>\n\n\n\n<li><a href=\"https:\/\/community-wealth.org\/content\/common-ground-international-perspectives-community-land-trust\" target=\"_blank\" rel=\"noreferrer noopener\">&#8220;En terreno com\u00fan: Perspectivas internacionales sobre el Fondo Comunitario de Tierras&#8221;<\/a>, Thomas Hanna, Colaboraci\u00f3n para la Democracia, 21 de julio de 2020<\/li>\n\n\n\n<li><a href=\"https:\/\/world-habitat.org\/news\/news-updates\/new-book-exploring-the-growth-of-the-community-land-trust-movement\/\" target=\"_blank\" rel=\"noreferrer noopener\">&#8220;Nuevo libro que explora el crecimiento del movimiento de fideicomisos de tierras comunitarias&#8221;<\/a>, H\u00e1bitat Mundial, 1 de julio de 2020.<\/li>\n\n\n\n<li><a href=\"https:\/\/www.urbanlandc.org\/john-emmeus-davis-and-ulc-pioneering-community-land-trusts-in-denver\/\" target=\"_blank\" rel=\"noreferrer noopener\">&#8220;Socio destacado del mes: John Emmeus Davis&#8221;<\/a>: John Emmeus Davis, Urban Land Conservancy, 2 de julio de 2020<\/li>\n<\/ul>\n\n<h1 class=\"wp-block-heading\" id=\"h-excerpts-from-reviews-of-nbsp-on-common-ground\">Extractos de rese\u00f1as de <em>&#8220;En terreno com\u00fan<\/em><\/h1>\n\n<p>&#8220;En conjunto, los editores recopilan magistralmente ensayos originales en un argumento persuasivo para resolver la crisis internacional de los derechos sobre la tierra y la vivienda. <strong><em>En Terreno Com\u00fan<\/em><\/strong> demuestra rotundamente las posibilidades transformadoras que los CLT pueden producir en todo el mundo cuando la organizaci\u00f3n comunitaria, el funcionamiento y la propiedad de la tierra se conectan y ampl\u00edan. Dado que el p\u00fablico al que va dirigido incluye a quienes trabajan en vivienda y desarrollo comunitario, organizaci\u00f3n comunitaria y an\u00e1lisis pol\u00edtico, cargos que muchos planificadores ocupan o desempe\u00f1an, recomiendo encarecidamente este libro tanto a los profesionales de la planificaci\u00f3n como a los acad\u00e9micos.&#8221; <\/p>\n\n<p><em>Jeffrey S. Lowe, Revista de la Asociaci\u00f3n Americana de Planificaci\u00f3n<\/em><\/p>\n\n<p><strong><em>&#8220;En terreno com\u00fan<\/em><\/strong> es una lectura esencial para quienes est\u00e9n interesados en abordar la crisis de la vivienda asequible, que seguir\u00e1 agrav\u00e1ndose por las repercusiones econ\u00f3micas negativas del COVID-19. Debido a una larga y dolorosa historia de racismo institucional y a la falta de respuesta de muchos dirigentes electos, la propiedad de la vivienda y el alquiler de viviendas de calidad se han negado hist\u00f3ricamente a las personas de color. El libro examina el crecimiento del modelo de fideicomiso de la tierra comunitario (CLT) y c\u00f3mo se ha adaptado en entornos urbanos y rurales, ofreciendo a los lectores una visi\u00f3n general reflexiva y emp\u00e1tica de c\u00f3mo poner en marcha y ampliar un CLT para garantizar que la vivienda asequible incorpore a sus residentes. El libro deja a los lectores con una sensaci\u00f3n de esperanza en el futuro y con formas pr\u00e1cticas de construir y mantener este modelo.&#8221;   <\/p>\n\n<p><em>Robert Burns, Vicepresidente Senior de CitiBank y Presidente del Consejo de Grounded Solutions Network<\/em><\/p>\n\n<p>&#8220;En todo el mundo, la pandemia del COVID-19 y sus efectos econ\u00f3micos amenazan con exacerbar las ya graves desigualdades, especialmente en lo que respecta a la propiedad, el acceso y el control de la tierra y la vivienda. En Estados Unidos, a medida que las moratorias de desahucio en muchos estados y localidades llegan a su fin y los puestos de trabajo siguen escaseando, los expertos predicen una oleada de desplazamientos y de personas sin hogar posiblemente sin precedentes. Ante este sombr\u00edo panorama, un nuevo libro ofrece un rayo de esperanza. <strong><em>En terreno com\u00fan<\/em><\/strong>editado por John Emmeus Davis, Line Algoed y Mar\u00eda Hern\u00e1ndez-Torrales, documenta c\u00f3mo se est\u00e1 extendiendo por todo el mundo el inter\u00e9s por uno de los nuevos modelos econ\u00f3micos m\u00e1s apasionantes surgidos en las \u00faltimas d\u00e9cadas, el Community Land Trust (CLT)&#8221;.  <\/p>\n\n<p><em>Thomas Hanna, Director de Investigaci\u00f3n, Colaboraci\u00f3n para la Democracia<\/em><\/p>\n","protected":false},"excerpt":{"rendered":"<p>Art\u00edculos y rese\u00f1as de las publicaciones de Terra Nostra Press.<\/p>\n","protected":false},"author":1,"featured_media":0,"parent":977,"menu_order":0,"comment_status":"closed","ping_status":"closed","template":"","meta":{"give_campaign_id":0,"_tec_requires_first_save":true,"_kad_blocks_custom_css":"","_kad_blocks_head_custom_js":"","_kad_blocks_body_custom_js":"","_kad_blocks_footer_custom_js":"","_EventAllDay":false,"_EventTimezone":"","_EventStartDate":"","_EventEndDate":"","_EventStartDateUTC":"","_EventEndDateUTC":"","_EventShowMap":false,"_EventShowMapLink":false,"_EventURL":"","_EventCost":"","_EventCostDescription":"","_EventCurrencySymbol":"","_EventCurrencyCode":"","_EventCurrencyPosition":"","_EventDateTimeSeparator":"","_EventTimeRangeSeparator":"","_EventOrganizerID":[],"_EventVenueID":[],"_OrganizerEmail":"","_OrganizerPhone":"","_OrganizerWebsite":"","_VenueAddress":"","_VenueCity":"","_VenueCountry":"","_VenueProvince":"","_VenueState":"","_VenueZip":"","_VenuePhone":"","_VenueURL":"","_VenueStateProvince":"","_VenueLat":"","_VenueLng":"","_VenueShowMap":false,"_VenueShowMapLink":false,"_tribe_blocks_recurrence_rules":"","_tribe_blocks_recurrence_description":"","_tribe_blocks_recurrence_exclusions":"","footnotes":""},"categories":[62],"tags":[],"class_list":["post-1580","page","type-page","status-publish","hentry","category-terra-nostra-press-es"],"blocksy_meta":[],"yoast_head":"<!-- This site is optimized with the Yoast SEO Premium plugin v27.5 (Yoast SEO v27.5) - https:\/\/yoast.com\/product\/yoast-seo-premium-wordpress\/ -->\n<title>Noticias y rese\u00f1as - International Center for Community Land Trusts<\/title>\n<meta name=\"robots\" content=\"index, follow, max-snippet:-1, max-image-preview:large, max-video-preview:-1\" \/>\n<link rel=\"canonical\" href=\"https:\/\/www.cltweb.org\/es\/terra-nostra-press\/noticias-y-resenas\/\" \/>\n<meta property=\"og:locale\" content=\"es_ES\" \/>\n<meta property=\"og:type\" content=\"article\" \/>\n<meta property=\"og:title\" content=\"Noticias y rese\u00f1as\" \/>\n<meta property=\"og:description\" content=\"Art\u00edculos y rese\u00f1as de las publicaciones de Terra Nostra Press.\" \/>\n<meta property=\"og:url\" content=\"https:\/\/www.cltweb.org\/es\/terra-nostra-press\/noticias-y-resenas\/\" \/>\n<meta property=\"og:site_name\" content=\"International Center for Community Land Trusts\" \/>\n<meta property=\"article:publisher\" content=\"https:\/\/www.facebook.com\/cltcenter\" \/>\n<meta property=\"article:modified_time\" content=\"2025-01-09T15:40:42+00:00\" \/>\n<meta name=\"twitter:card\" content=\"summary_large_image\" \/>\n<meta name=\"twitter:site\" content=\"@Center4CLTs\" \/>\n<meta name=\"twitter:label1\" content=\"Tiempo de lectura\" \/>\n\t<meta name=\"twitter:data1\" content=\"4 minutos\" \/>\n<script type=\"application\/ld+json\" class=\"yoast-schema-graph\">{\"@context\":\"https:\\\/\\\/schema.org\",\"@graph\":[{\"@type\":\"WebPage\",\"@id\":\"https:\\\/\\\/www.cltweb.org\\\/es\\\/terra-nostra-press\\\/noticias-y-resenas\\\/\",\"url\":\"https:\\\/\\\/www.cltweb.org\\\/es\\\/terra-nostra-press\\\/noticias-y-resenas\\\/\",\"name\":\"Noticias y rese\u00f1as - International Center for Community Land Trusts\",\"isPartOf\":{\"@id\":\"https:\\\/\\\/www.cltweb.org\\\/es\\\/#website\"},\"datePublished\":\"2024-07-30T19:01:51+00:00\",\"dateModified\":\"2025-01-09T15:40:42+00:00\",\"breadcrumb\":{\"@id\":\"https:\\\/\\\/www.cltweb.org\\\/es\\\/terra-nostra-press\\\/noticias-y-resenas\\\/#breadcrumb\"},\"inLanguage\":\"es\",\"potentialAction\":[{\"@type\":\"ReadAction\",\"target\":[\"https:\\\/\\\/www.cltweb.org\\\/es\\\/terra-nostra-press\\\/noticias-y-resenas\\\/\"]}]},{\"@type\":\"BreadcrumbList\",\"@id\":\"https:\\\/\\\/www.cltweb.org\\\/es\\\/terra-nostra-press\\\/noticias-y-resenas\\\/#breadcrumb\",\"itemListElement\":[{\"@type\":\"ListItem\",\"position\":1,\"name\":\"Home\",\"item\":\"https:\\\/\\\/www.cltweb.org\\\/es\\\/\"},{\"@type\":\"ListItem\",\"position\":2,\"name\":\"Terra Nostra Press\",\"item\":\"https:\\\/\\\/www.cltweb.org\\\/es\\\/terra-nostra-press\\\/\"},{\"@type\":\"ListItem\",\"position\":3,\"name\":\"Noticias y rese\u00f1as\"}]},{\"@type\":\"WebSite\",\"@id\":\"https:\\\/\\\/www.cltweb.org\\\/es\\\/#website\",\"url\":\"https:\\\/\\\/www.cltweb.org\\\/es\\\/\",\"name\":\"International Center for Community Land Trusts\",\"description\":\"\",\"publisher\":{\"@id\":\"https:\\\/\\\/www.cltweb.org\\\/es\\\/#organization\"},\"potentialAction\":[{\"@type\":\"SearchAction\",\"target\":{\"@type\":\"EntryPoint\",\"urlTemplate\":\"https:\\\/\\\/www.cltweb.org\\\/es\\\/?s={search_term_string}\"},\"query-input\":{\"@type\":\"PropertyValueSpecification\",\"valueRequired\":true,\"valueName\":\"search_term_string\"}}],\"inLanguage\":\"es\"},{\"@type\":\"Organization\",\"@id\":\"https:\\\/\\\/www.cltweb.org\\\/es\\\/#organization\",\"name\":\"International Center for Community Land Trusts\",\"url\":\"https:\\\/\\\/www.cltweb.org\\\/es\\\/\",\"logo\":{\"@type\":\"ImageObject\",\"inLanguage\":\"es\",\"@id\":\"https:\\\/\\\/www.cltweb.org\\\/es\\\/#\\\/schema\\\/logo\\\/image\\\/\",\"url\":\"https:\\\/\\\/www.cltweb.org\\\/wp-content\\\/uploads\\\/2024\\\/11\\\/New-CLT-Center-Text-logo.png\",\"contentUrl\":\"https:\\\/\\\/www.cltweb.org\\\/wp-content\\\/uploads\\\/2024\\\/11\\\/New-CLT-Center-Text-logo.png\",\"width\":227,\"height\":80,\"caption\":\"International Center for Community Land Trusts\"},\"image\":{\"@id\":\"https:\\\/\\\/www.cltweb.org\\\/es\\\/#\\\/schema\\\/logo\\\/image\\\/\"},\"sameAs\":[\"https:\\\/\\\/www.facebook.com\\\/cltcenter\",\"https:\\\/\\\/x.com\\\/Center4CLTs\",\"https:\\\/\\\/www.instagram.com\\\/cltcenter\\\/\",\"https:\\\/\\\/www.linkedin.com\\\/company\\\/cltcenter\",\"https:\\\/\\\/www.youtube.com\\\/@centerforcltinnovation5313\"],\"description\":\"The International Center for Community Land Trusts is a not-for-profit nongovernmental organization established in 2018 to promote and to support community land trusts and similar strategies of community-led development on community-owned land in countries throughout the world.\",\"email\":\"info@communitylandtrust.net\",\"legalName\":\"International Center for Community Land Trusts\",\"foundingDate\":\"2018-12-01\",\"taxID\":\"84-3858933\",\"numberOfEmployees\":{\"@type\":\"QuantitativeValue\",\"minValue\":\"1\",\"maxValue\":\"10\"}}]}<\/script>\n<!-- \/ Yoast SEO Premium plugin. -->","yoast_head_json":{"title":"Noticias y rese\u00f1as - International Center for Community Land Trusts","robots":{"index":"index","follow":"follow","max-snippet":"max-snippet:-1","max-image-preview":"max-image-preview:large","max-video-preview":"max-video-preview:-1"},"canonical":"https:\/\/www.cltweb.org\/es\/terra-nostra-press\/noticias-y-resenas\/","og_locale":"es_ES","og_type":"article","og_title":"Noticias y rese\u00f1as","og_description":"Art\u00edculos y rese\u00f1as de las publicaciones de Terra Nostra Press.","og_url":"https:\/\/www.cltweb.org\/es\/terra-nostra-press\/noticias-y-resenas\/","og_site_name":"International Center for Community Land Trusts","article_publisher":"https:\/\/www.facebook.com\/cltcenter","article_modified_time":"2025-01-09T15:40:42+00:00","twitter_card":"summary_large_image","twitter_site":"@Center4CLTs","twitter_misc":{"Tiempo de lectura":"4 minutos"},"schema":{"@context":"https:\/\/schema.org","@graph":[{"@type":"WebPage","@id":"https:\/\/www.cltweb.org\/es\/terra-nostra-press\/noticias-y-resenas\/","url":"https:\/\/www.cltweb.org\/es\/terra-nostra-press\/noticias-y-resenas\/","name":"Noticias y rese\u00f1as - International Center for Community Land Trusts","isPartOf":{"@id":"https:\/\/www.cltweb.org\/es\/#website"},"datePublished":"2024-07-30T19:01:51+00:00","dateModified":"2025-01-09T15:40:42+00:00","breadcrumb":{"@id":"https:\/\/www.cltweb.org\/es\/terra-nostra-press\/noticias-y-resenas\/#breadcrumb"},"inLanguage":"es","potentialAction":[{"@type":"ReadAction","target":["https:\/\/www.cltweb.org\/es\/terra-nostra-press\/noticias-y-resenas\/"]}]},{"@type":"BreadcrumbList","@id":"https:\/\/www.cltweb.org\/es\/terra-nostra-press\/noticias-y-resenas\/#breadcrumb","itemListElement":[{"@type":"ListItem","position":1,"name":"Home","item":"https:\/\/www.cltweb.org\/es\/"},{"@type":"ListItem","position":2,"name":"Terra Nostra Press","item":"https:\/\/www.cltweb.org\/es\/terra-nostra-press\/"},{"@type":"ListItem","position":3,"name":"Noticias y rese\u00f1as"}]},{"@type":"WebSite","@id":"https:\/\/www.cltweb.org\/es\/#website","url":"https:\/\/www.cltweb.org\/es\/","name":"International Center for Community Land Trusts","description":"","publisher":{"@id":"https:\/\/www.cltweb.org\/es\/#organization"},"potentialAction":[{"@type":"SearchAction","target":{"@type":"EntryPoint","urlTemplate":"https:\/\/www.cltweb.org\/es\/?s={search_term_string}"},"query-input":{"@type":"PropertyValueSpecification","valueRequired":true,"valueName":"search_term_string"}}],"inLanguage":"es"},{"@type":"Organization","@id":"https:\/\/www.cltweb.org\/es\/#organization","name":"International Center for Community Land Trusts","url":"https:\/\/www.cltweb.org\/es\/","logo":{"@type":"ImageObject","inLanguage":"es","@id":"https:\/\/www.cltweb.org\/es\/#\/schema\/logo\/image\/","url":"https:\/\/www.cltweb.org\/wp-content\/uploads\/2024\/11\/New-CLT-Center-Text-logo.png","contentUrl":"https:\/\/www.cltweb.org\/wp-content\/uploads\/2024\/11\/New-CLT-Center-Text-logo.png","width":227,"height":80,"caption":"International Center for Community Land Trusts"},"image":{"@id":"https:\/\/www.cltweb.org\/es\/#\/schema\/logo\/image\/"},"sameAs":["https:\/\/www.facebook.com\/cltcenter","https:\/\/x.com\/Center4CLTs","https:\/\/www.instagram.com\/cltcenter\/","https:\/\/www.linkedin.com\/company\/cltcenter","https:\/\/www.youtube.com\/@centerforcltinnovation5313"],"description":"The International Center for Community Land Trusts is a not-for-profit nongovernmental organization established in 2018 to promote and to support community land trusts and similar strategies of community-led development on community-owned land in countries throughout the world.","email":"info@communitylandtrust.net","legalName":"International Center for Community Land Trusts","foundingDate":"2018-12-01","taxID":"84-3858933","numberOfEmployees":{"@type":"QuantitativeValue","minValue":"1","maxValue":"10"}}]}},"campaignId":"","taxonomy_info":{"category":[{"value":62,"label":"Terra Nostra Press"}]},"featured_image_src_large":false,"author_info":{"display_name":"cltredesign_0jp0l4","author_link":"https:\/\/www.cltweb.org\/es\/author\/cltredesign_0jp0l4\/"},"comment_info":0,"jetpack_sharing_enabled":true,"jetpack-related-posts":[{"id":977,"url":"https:\/\/www.cltweb.org\/es\/terra-nostra-press\/","url_meta":{"origin":1580,"position":0},"title":"Terra Nostra Press","author":"cltredesign_0jp0l4","date":"30 de julio de 2024","format":false,"excerpt":"Terra Nostra Press Terra Nostra Press, un sello del Centro Internacional de Fideicomisos Comunitarios de la Tierra, publica libros, monograf\u00edas y manuales en apoyo del trabajo del Centro. Estas publicaciones muestran la teor\u00eda y la pr\u00e1ctica de los fideicomisos de la tierra comunitarios, junto con las historias de profesionales reflexivos\u2026","rel":"","context":"En \u00abProgramas y proyectos\u00bb","block_context":{"text":"Programas y proyectos","link":"https:\/\/www.cltweb.org\/es\/category\/programas-y-proyectos\/"},"img":{"alt_text":"","src":"","width":0,"height":0},"classes":[]},{"id":1590,"url":"https:\/\/www.cltweb.org\/es\/terra-nostra-press\/pedidos-al-por-mayor\/","url_meta":{"origin":1580,"position":1},"title":"Pedidos al por mayor","author":"cltredesign_0jp0l4","date":"30 de julio de 2024","format":false,"excerpt":"Terra Nostra Press ofrece un 40% de descuento por pedidos al por mayor de diez libros o m\u00e1s a organizaciones sin \u00e1nimo de lucro.","rel":"","context":"En \u00abTerra Nostra Press\u00bb","block_context":{"text":"Terra Nostra Press","link":"https:\/\/www.cltweb.org\/es\/category\/terra-nostra-press-es\/"},"img":{"alt_text":"","src":"","width":0,"height":0},"classes":[]},{"id":1574,"url":"https:\/\/www.cltweb.org\/pt-br\/terra-nostra-press\/noticias-e-avaliacoes\/","url_meta":{"origin":1580,"position":2},"title":"Not\u00edcias e avalia\u00e7\u00f5es","author":"cltredesign_0jp0l4","date":"30 de julio de 2024","format":false,"excerpt":"Artigos e resenhas das publica\u00e7\u00f5es da Terra Nostra Press.","rel":"","context":"En \u00abTerra Nostra Press\u00bb","block_context":{"text":"Terra Nostra Press","link":"https:\/\/www.cltweb.org\/pt-br\/category\/terra-nostra-press-pt-br\/"},"img":{"alt_text":"","src":"","width":0,"height":0},"classes":[]},{"id":499,"url":"https:\/\/www.cltweb.org\/terra-nostra-press\/terra-nostra-press\/porque-el-fideicomiso-comunitario-de-tierras\/","url_meta":{"origin":1580,"position":3},"title":"Porqu\u00e9 el fideicomiso comunitario de tierras\u200a?","author":"cltredesign_0jp0l4","date":"29 de julio de 2024","format":false,"excerpt":"Disponible ahora a cualquier parte del mundo,\u00a0120 pp.Carpeta dura\u00a0ISBN 9781736275962\u00a0$14.50 USEBOOK ISBN 9781736275979\u00a0$5.00 US Descuentos disponibles en \u00f3rdenes al por mayor para ONGs.\u00a0\u00a0Para m\u00e1s informaci\u00f3n, y para ordenar, vaya nuestra p\u00e1gina de \u00f3rdenes al por mayor (Bulk Orders). Los ensayos contenidos en\u00a0\u00bf\u200aPorqu\u00e9 el fideicomiso comunitario de tierras\u200a?\u00a0provienen de un libro\u2026","rel":"","context":"En \u00abTNP Catalog\u00bb","block_context":{"text":"TNP Catalog","link":"https:\/\/www.cltweb.org\/category\/tnp-catalog\/"},"img":{"alt_text":"Book cover for Porque el fideicomiso","src":"https:\/\/i0.wp.com\/www.cltweb.org\/wp-content\/uploads\/2024\/10\/Porque-el-fideicomiso-cover.jpg?resize=350%2C200&ssl=1","width":350,"height":200},"classes":[]},{"id":973,"url":"https:\/\/www.cltweb.org\/nl\/terra-nostra-pers\/","url_meta":{"origin":1580,"position":4},"title":"Terra Nostra Pers","author":"cltredesign_0jp0l4","date":"30 de julio de 2024","format":false,"excerpt":"Terra Nostra Pers Terra Nostra Press is een imprint van het International Center for Community Land Trusts en publiceert boeken, monografie\u00ebn en handleidingen ter ondersteuning van het werk van het Center. Deze publicaties belichten de theorie en praktijk van Community Land Trusts, samen met de verhalen van reflectieve beoefenaars van\u2026","rel":"","context":"En \u00abProgramma's en projecten\u00bb","block_context":{"text":"Programma's en projecten","link":"https:\/\/www.cltweb.org\/nl\/category\/programmas-en-projecten\/"},"img":{"alt_text":"","src":"","width":0,"height":0},"classes":[]},{"id":1588,"url":"https:\/\/www.cltweb.org\/fr\/terra-nostra-press\/commandes-en-gros\/","url_meta":{"origin":1580,"position":5},"title":"Commandes en gros","author":"cltredesign_0jp0l4","date":"30 de julio de 2024","format":false,"excerpt":"Terra Nostra Press offre une r\u00e9duction de 40 % aux organisations \u00e0 but non lucratif pour les commandes en gros de dix livres ou plus.","rel":"","context":"En \u00abTerra Nostra Press\u00bb","block_context":{"text":"Terra Nostra Press","link":"https:\/\/www.cltweb.org\/fr\/category\/terra-nostra-press-fr\/"},"img":{"alt_text":"","src":"","width":0,"height":0},"classes":[]}],"_links":{"self":[{"href":"https:\/\/www.cltweb.org\/es\/wp-json\/wp\/v2\/pages\/1580","targetHints":{"allow":["GET"]}}],"collection":[{"href":"https:\/\/www.cltweb.org\/es\/wp-json\/wp\/v2\/pages"}],"about":[{"href":"https:\/\/www.cltweb.org\/es\/wp-json\/wp\/v2\/types\/page"}],"author":[{"embeddable":true,"href":"https:\/\/www.cltweb.org\/es\/wp-json\/wp\/v2\/users\/1"}],"replies":[{"embeddable":true,"href":"https:\/\/www.cltweb.org\/es\/wp-json\/wp\/v2\/comments?post=1580"}],"version-history":[{"count":5,"href":"https:\/\/www.cltweb.org\/es\/wp-json\/wp\/v2\/pages\/1580\/revisions"}],"predecessor-version":[{"id":8511,"href":"https:\/\/www.cltweb.org\/es\/wp-json\/wp\/v2\/pages\/1580\/revisions\/8511"}],"up":[{"embeddable":true,"href":"https:\/\/www.cltweb.org\/es\/wp-json\/wp\/v2\/pages\/977"}],"wp:attachment":[{"href":"https:\/\/www.cltweb.org\/es\/wp-json\/wp\/v2\/media?parent=1580"}],"wp:term":[{"taxonomy":"category","embeddable":true,"href":"https:\/\/www.cltweb.org\/es\/wp-json\/wp\/v2\/categories?post=1580"},{"taxonomy":"post_tag","embeddable":true,"href":"https:\/\/www.cltweb.org\/es\/wp-json\/wp\/v2\/tags?post=1580"}],"curies":[{"name":"wp","href":"https:\/\/api.w.org\/{rel}","templated":true}]}}