{"id":1650,"date":"2024-07-29T23:06:15","date_gmt":"2024-07-29T23:06:15","guid":{"rendered":"https:\/\/www.cltweb.org\/que-hacen-los-clt\/agricultura\/cuestiones-estrategicas\/"},"modified":"2025-02-03T19:39:45","modified_gmt":"2025-02-03T19:39:45","slug":"cuestiones-estrategicas","status":"publish","type":"page","link":"https:\/\/www.cltweb.org\/es\/biblioteca-de-recursos\/agricultura\/cuestiones-estrategicas\/","title":{"rendered":"Cuestiones estrat\u00e9gicas"},"content":{"rendered":"\n<h2 class=\"wp-block-heading\" id=\"h-how-will-land-be-secured-for-farmers\">\u00bfC\u00f3mo se garantizar\u00e1 la tierra a los agricultores?<\/h2>\n\n<p>Aunque \u00e9sta es la pregunta central que debe responder un modelo de tenencia de la tierra, no esperamos que haya una respuesta \u00fanica. De hecho, como sugerimos en la secci\u00f3n anterior, la tierra puede asegurarse de forma diferente para los agricultores que tienen distintos niveles de experiencia. <\/p>\n\n<p>Sin embargo, antes de conseguir tierras para determinados agricultores, est\u00e1 la cuesti\u00f3n de c\u00f3mo proteger la tierra para uso agr\u00edcola. Esto podr\u00eda significar transferir terrenos de propiedad p\u00fablica o privada a un fondo de tierras, que luego los arrendar\u00eda a agricultores individuales o a organizaciones de agricultura urbana. <\/p>\n\n<p>Tanto si el terreno es arrendado por un fondo de tierras como por un organismo p\u00fablico, tiene sentido que haya diferentes condiciones para los distintos tipos de agricultores. Las organizaciones de agricultura urbana sin \u00e1nimo de lucro podr\u00edan optar a arrendamientos a largo plazo, de hasta 98 a\u00f1os renovables para las organizaciones mejor establecidas. Estos arrendamientos garantizar\u00edan un uso agr\u00edcola a largo plazo y proporcionar\u00edan seguridad a las organizaciones de agricultura urbana comprometidas a ser un recurso permanente para un barrio.  <\/p>\n\n<p>Para los agricultores individuales, un arrendamiento renovable a corto plazo podr\u00eda tener medidas de rendimiento negociadas por el agricultor y la entidad arrendadora, con la aportaci\u00f3n de los miembros de la comunidad. Esto significar\u00eda que los agricultores podr\u00edan abrirse camino hacia la seguridad de la tenencia a largo plazo, demostrando su capacidad no s\u00f3lo para pagar el alquiler (inferior al del mercado), sino tambi\u00e9n para proporcionar beneficios a la comunidad. <\/p>\n\n<h2 class=\"wp-block-heading\" id=\"h-how-will-land-be-made-affordable\">\u00bfC\u00f3mo se har\u00e1 asequible el suelo?<\/h2>\n\n<p>Para que los agricultores urbanos tengan alguna esperanza de \u00e9xito como empresa en marcha, sus costes de acceso a la tierra deben ser aproximadamente iguales a los de los agricultores rurales. As\u00ed pues, un objetivo razonable de asequibilidad ser\u00eda que los agricultores urbanos dedicaran a la tierra el mismo porcentaje del coste de los insumos que los agricultores rurales. Para los agricultores rurales, esta proporci\u00f3n depender\u00e1 del cultivo, mientras que los agricultores urbanos tendr\u00e1n m\u00e1s probabilidades de tener una estrategia de cultivo m\u00e1s intensiva y diversificada.  <\/p>\n\n<h2 class=\"wp-block-heading\" id=\"h-how-will-land-be-used\">\u00bfC\u00f3mo se utilizar\u00e1 la tierra?<\/h2>\n\n<p>El tipo de terreno adecuado depender\u00e1, por supuesto, de c\u00f3mo piensen utilizarlo los cultivadores. \u00bfVan a cultivar en invernaderos, invernaderos de aro o al aire libre? \u00bfCultivar\u00e1n flores, hierbas u hortalizas? \u00bfInstalar\u00e1n alg\u00fan tipo de instalaci\u00f3n de compostaje? El uso del terreno depender\u00e1, por supuesto, no s\u00f3lo de los deseos de los cultivadores, sino de lo que permitan la zonificaci\u00f3n y otras normativas.    <\/p>\n\n<h2 class=\"wp-block-heading\" id=\"h-who-will-be-the-farmers\">\u00bfQui\u00e9nes ser\u00e1n los agricultores?<\/h2>\n\n<p>Como ya se ha dicho, un modelo de tenencia de la tierra debe responder a distintos tipos de agricultores. \u00c9stos van desde los aprendices que trabajan en granjas urbanas sin \u00e1nimo de lucro y los nuevos cultivadores que prueban sus modelos de negocio en granjas incubadoras, hasta los cultivadores independientes con pocos a\u00f1os o d\u00e9cadas de experiencia. Un modelo de tenencia tambi\u00e9n puede ayudar a fomentar la agricultura urbana comprometida con la comunidad por parte de empresas dirigidas por minor\u00edas, y dando prioridad al acceso a la tierra para los cultivadores que cultivar\u00e1n en su propio barrio.  <\/p>\n\n<h2 class=\"wp-block-heading\" id=\"h-what-type-of-support-will-farmers-need-to-be-successful\">\u00bfQu\u00e9 tipo de apoyo necesitar\u00e1n los agricultores para tener \u00e9xito?<\/h2>\n\n<p>El nivel y el tipo de ayuda variar\u00e1n mucho en funci\u00f3n de la experiencia del agricultor, los problemas relacionados con la tierra y las dificultades para acceder al mercado local de sus productos. Pero centr\u00e1ndonos s\u00f3lo en las cuestiones relacionadas con la tierra, los agricultores pueden necesitar ayuda para la rehabilitaci\u00f3n del suelo, la instalaci\u00f3n de infraestructuras (agua y electricidad), la construcci\u00f3n de edificios agr\u00edcolas, la negociaci\u00f3n de valoraciones favorables del impuesto sobre bienes inmuebles (cuando sean ellos los propietarios) y, en algunos casos, cambios en la zonificaci\u00f3n. Una vez m\u00e1s, en la mayor\u00eda de los casos, si no en todos, ser\u00e1 necesario el apoyo de un equipo de personas y\/u organizaciones para abordar todas estas cuestiones.  <\/p>\n\n<h2 class=\"wp-block-heading\" id=\"h-how-is-success-defined-nbsp-what-expectations-are-realistic\">\u00bfC\u00f3mo se define el \u00e9xito? \u00bfQu\u00e9 expectativas son realistas? <\/h2>\n\n<p>Al definir un sistema para la tenencia de la tierra, habr\u00e1 que lidiar con c\u00f3mo es un sector agr\u00edcola urbano de \u00e9xito. Aunque se ha demostrado que las granjas urbanas sin \u00e1nimo de lucro son lugares eficaces para la programaci\u00f3n juvenil y la formaci\u00f3n laboral, la mayor\u00eda de las ciudades a\u00fan no han visto un gran n\u00famero de peque\u00f1as granjas urbanas con \u00e1nimo de lucro que creen un n\u00famero sustancial de puestos de trabajo bien remunerados. Si las comunidades o los funcionarios esperan que las granjas urbanas sean un veh\u00edculo importante de creaci\u00f3n de empleo a corto plazo, esas expectativas pueden resultar poco realistas.  <\/p>\n\n<p>Un modelo eficaz de tenencia de la tierra permitir\u00eda que \u00e9sta siguiera utiliz\u00e1ndose con fines agr\u00edcolas durante el periodo en que los agricultores urbanos probaran modelos empresariales con o sin \u00e1nimo de lucro. Los agricultores tardar\u00e1n alg\u00fan tiempo en aprender qu\u00e9 modelos empresariales proporcionan una combinaci\u00f3n aceptable de rendimiento econ\u00f3mico y beneficios para la comunidad. Por el camino, como es normal con las peque\u00f1as empresas incluso en mercados establecidos, algunas empresas agr\u00edcolas fracasar\u00e1n. En lugar de tomar esto como una se\u00f1al de que la tierra no debe conservarse para uso agr\u00edcola, un modelo de tenencia de la tierra con \u00e9xito proporcionar\u00eda r\u00e1pidamente acceso a un nuevo agricultor.   <\/p>\n\n<h2 class=\"wp-block-heading\" id=\"h-who-should-be-the-landholding-entity\">\u00bfQui\u00e9n debe ser la entidad propietaria?<\/h2>\n\n<p>Hay distintos tipos de entidades que podr\u00edan poseer terrenos para granjas urbanas, desde organismos gubernamentales y bancos de tierras hasta fideicomisos de tierras, cooperativas agr\u00edcolas, fideicomisos de tierras o incluso empresas privadas. En todo Estados Unidos, cada vez se recurre m\u00e1s a los fideicomisos de terrenos como entidad adecuada para la tenencia de terrenos para granjas y huertos urbanos. Sin embargo, a la hora de considerar si un fondo de tierras debe poseer por s\u00ed mismo la titularidad de los terrenos o, en su lugar, gestionarlos en manos de entidades p\u00fablicas, las posibles cuestiones relacionadas con el impuesto sobre bienes inmuebles son una consideraci\u00f3n inicial importante; la tasaci\u00f3n del impuesto sobre bienes inmuebles a precio de mercado puede hacer que los terrenos resulten inasequibles, incluso para un fondo de tierras sin \u00e1nimo de lucro.  <\/p>\n\n<h2 class=\"wp-block-heading\" id=\"h-how-will-landholding-entity-relate-to-community-members\">\u00bfC\u00f3mo se relacionar\u00e1 la entidad propietaria con los miembros de la comunidad?<\/h2>\n\n<p>Tanto si la tierra est\u00e1 en manos de un fondo de tierras sin \u00e1nimo de lucro, de una agencia gubernamental o de alguna otra entidad, la relaci\u00f3n entre el propietario de la tierra y los miembros de la comunidad ser\u00e1 inevitablemente una cuesti\u00f3n clave. \u00bfSe incluye a los miembros de la comunidad en el consejo de administraci\u00f3n de un fideicomiso de la tierra y, en caso afirmativo, c\u00f3mo? \u00bfSon consultados por los responsables de la toma de decisiones en un organismo de tenencia de tierras de la ciudad o en un banco de tierras del condado y, en caso afirmativo, mediante qu\u00e9 proceso?  <\/p>\n","protected":false},"excerpt":{"rendered":"<p>\u00bfC\u00f3mo se garantizar\u00e1 la tierra a los agricultores? Aunque \u00e9sta es la pregunta central que debe responder un modelo de tenencia de la tierra, no esperamos que haya una respuesta [&hellip;]<\/p>\n","protected":false},"author":1,"featured_media":0,"parent":824,"menu_order":3,"comment_status":"closed","ping_status":"closed","template":"","meta":{"give_campaign_id":0,"_tec_requires_first_save":true,"_kad_blocks_custom_css":"","_kad_blocks_head_custom_js":"","_kad_blocks_body_custom_js":"","_kad_blocks_footer_custom_js":"","_EventAllDay":false,"_EventTimezone":"","_EventStartDate":"","_EventEndDate":"","_EventStartDateUTC":"","_EventEndDateUTC":"","_EventShowMap":false,"_EventShowMapLink":false,"_EventURL":"","_EventCost":"","_EventCostDescription":"","_EventCurrencySymbol":"","_EventCurrencyCode":"","_EventCurrencyPosition":"","_EventDateTimeSeparator":"","_EventTimeRangeSeparator":"","_EventOrganizerID":[],"_EventVenueID":[],"_OrganizerEmail":"","_OrganizerPhone":"","_OrganizerWebsite":"","_VenueAddress":"","_VenueCity":"","_VenueCountry":"","_VenueProvince":"","_VenueState":"","_VenueZip":"","_VenuePhone":"","_VenueURL":"","_VenueStateProvince":"","_VenueLat":"","_VenueLng":"","_VenueShowMap":false,"_VenueShowMapLink":false,"_tribe_blocks_recurrence_rules":"","_tribe_blocks_recurrence_description":"","_tribe_blocks_recurrence_exclusions":"","footnotes":""},"categories":[126],"tags":[],"class_list":["post-1650","page","type-page","status-publish","hentry","category-agricultura-es"],"blocksy_meta":[],"yoast_head":"<!-- This site is optimized with the Yoast SEO Premium plugin v27.5 (Yoast SEO v27.5) - https:\/\/yoast.com\/product\/yoast-seo-premium-wordpress\/ -->\n<title>Cuestiones estrat\u00e9gicas - International Center for Community Land Trusts<\/title>\n<meta name=\"robots\" content=\"index, follow, max-snippet:-1, max-image-preview:large, max-video-preview:-1\" \/>\n<link rel=\"canonical\" href=\"https:\/\/www.cltweb.org\/es\/biblioteca-de-recursos\/agricultura\/cuestiones-estrategicas\/\" \/>\n<meta property=\"og:locale\" content=\"es_ES\" \/>\n<meta property=\"og:type\" content=\"article\" \/>\n<meta property=\"og:title\" content=\"Cuestiones estrat\u00e9gicas\" \/>\n<meta property=\"og:description\" content=\"\u00bfC\u00f3mo se garantizar\u00e1 la tierra a los agricultores? Aunque \u00e9sta es la pregunta central que debe responder un modelo de tenencia de la tierra, no esperamos que haya una respuesta [&hellip;]\" \/>\n<meta property=\"og:url\" content=\"https:\/\/www.cltweb.org\/es\/biblioteca-de-recursos\/agricultura\/cuestiones-estrategicas\/\" \/>\n<meta property=\"og:site_name\" content=\"International Center for Community Land Trusts\" \/>\n<meta property=\"article:publisher\" content=\"https:\/\/www.facebook.com\/cltcenter\" \/>\n<meta property=\"article:modified_time\" content=\"2025-02-03T19:39:45+00:00\" \/>\n<meta name=\"twitter:card\" content=\"summary_large_image\" \/>\n<meta name=\"twitter:site\" content=\"@Center4CLTs\" \/>\n<meta name=\"twitter:label1\" content=\"Tiempo de lectura\" \/>\n\t<meta name=\"twitter:data1\" content=\"6 minutos\" \/>\n<script type=\"application\/ld+json\" class=\"yoast-schema-graph\">{\"@context\":\"https:\\\/\\\/schema.org\",\"@graph\":[{\"@type\":\"WebPage\",\"@id\":\"https:\\\/\\\/www.cltweb.org\\\/es\\\/biblioteca-de-recursos\\\/agricultura\\\/cuestiones-estrategicas\\\/\",\"url\":\"https:\\\/\\\/www.cltweb.org\\\/es\\\/biblioteca-de-recursos\\\/agricultura\\\/cuestiones-estrategicas\\\/\",\"name\":\"Cuestiones estrat\u00e9gicas - International Center for Community Land Trusts\",\"isPartOf\":{\"@id\":\"https:\\\/\\\/www.cltweb.org\\\/es\\\/#website\"},\"datePublished\":\"2024-07-29T23:06:15+00:00\",\"dateModified\":\"2025-02-03T19:39:45+00:00\",\"breadcrumb\":{\"@id\":\"https:\\\/\\\/www.cltweb.org\\\/es\\\/biblioteca-de-recursos\\\/agricultura\\\/cuestiones-estrategicas\\\/#breadcrumb\"},\"inLanguage\":\"es\",\"potentialAction\":[{\"@type\":\"ReadAction\",\"target\":[\"https:\\\/\\\/www.cltweb.org\\\/es\\\/biblioteca-de-recursos\\\/agricultura\\\/cuestiones-estrategicas\\\/\"]}]},{\"@type\":\"BreadcrumbList\",\"@id\":\"https:\\\/\\\/www.cltweb.org\\\/es\\\/biblioteca-de-recursos\\\/agricultura\\\/cuestiones-estrategicas\\\/#breadcrumb\",\"itemListElement\":[{\"@type\":\"ListItem\",\"position\":1,\"name\":\"Home\",\"item\":\"https:\\\/\\\/www.cltweb.org\\\/es\\\/\"},{\"@type\":\"ListItem\",\"position\":2,\"name\":\"Biblioteca de recursos\",\"item\":\"https:\\\/\\\/www.cltweb.org\\\/es\\\/biblioteca-de-recursos\\\/\"},{\"@type\":\"ListItem\",\"position\":3,\"name\":\"Tenencia de la tierra para la agricultura urbana\",\"item\":\"https:\\\/\\\/www.cltweb.org\\\/es\\\/biblioteca-de-recursos\\\/agricultura\\\/\"},{\"@type\":\"ListItem\",\"position\":4,\"name\":\"Cuestiones estrat\u00e9gicas\"}]},{\"@type\":\"WebSite\",\"@id\":\"https:\\\/\\\/www.cltweb.org\\\/es\\\/#website\",\"url\":\"https:\\\/\\\/www.cltweb.org\\\/es\\\/\",\"name\":\"International Center for Community Land Trusts\",\"description\":\"\",\"publisher\":{\"@id\":\"https:\\\/\\\/www.cltweb.org\\\/es\\\/#organization\"},\"potentialAction\":[{\"@type\":\"SearchAction\",\"target\":{\"@type\":\"EntryPoint\",\"urlTemplate\":\"https:\\\/\\\/www.cltweb.org\\\/es\\\/?s={search_term_string}\"},\"query-input\":{\"@type\":\"PropertyValueSpecification\",\"valueRequired\":true,\"valueName\":\"search_term_string\"}}],\"inLanguage\":\"es\"},{\"@type\":\"Organization\",\"@id\":\"https:\\\/\\\/www.cltweb.org\\\/es\\\/#organization\",\"name\":\"International Center for Community Land Trusts\",\"url\":\"https:\\\/\\\/www.cltweb.org\\\/es\\\/\",\"logo\":{\"@type\":\"ImageObject\",\"inLanguage\":\"es\",\"@id\":\"https:\\\/\\\/www.cltweb.org\\\/es\\\/#\\\/schema\\\/logo\\\/image\\\/\",\"url\":\"https:\\\/\\\/www.cltweb.org\\\/wp-content\\\/uploads\\\/2024\\\/11\\\/New-CLT-Center-Text-logo.png\",\"contentUrl\":\"https:\\\/\\\/www.cltweb.org\\\/wp-content\\\/uploads\\\/2024\\\/11\\\/New-CLT-Center-Text-logo.png\",\"width\":227,\"height\":80,\"caption\":\"International Center for Community Land Trusts\"},\"image\":{\"@id\":\"https:\\\/\\\/www.cltweb.org\\\/es\\\/#\\\/schema\\\/logo\\\/image\\\/\"},\"sameAs\":[\"https:\\\/\\\/www.facebook.com\\\/cltcenter\",\"https:\\\/\\\/x.com\\\/Center4CLTs\",\"https:\\\/\\\/www.instagram.com\\\/cltcenter\\\/\",\"https:\\\/\\\/www.linkedin.com\\\/company\\\/cltcenter\",\"https:\\\/\\\/www.youtube.com\\\/@centerforcltinnovation5313\"],\"description\":\"The International Center for Community Land Trusts is a not-for-profit nongovernmental organization established in 2018 to promote and to support community land trusts and similar strategies of community-led development on community-owned land in countries throughout the world.\",\"email\":\"info@communitylandtrust.net\",\"legalName\":\"International Center for Community Land Trusts\",\"foundingDate\":\"2018-12-01\",\"taxID\":\"84-3858933\",\"numberOfEmployees\":{\"@type\":\"QuantitativeValue\",\"minValue\":\"1\",\"maxValue\":\"10\"}}]}<\/script>\n<!-- \/ Yoast SEO Premium plugin. -->","yoast_head_json":{"title":"Cuestiones estrat\u00e9gicas - International Center for Community Land Trusts","robots":{"index":"index","follow":"follow","max-snippet":"max-snippet:-1","max-image-preview":"max-image-preview:large","max-video-preview":"max-video-preview:-1"},"canonical":"https:\/\/www.cltweb.org\/es\/biblioteca-de-recursos\/agricultura\/cuestiones-estrategicas\/","og_locale":"es_ES","og_type":"article","og_title":"Cuestiones estrat\u00e9gicas","og_description":"\u00bfC\u00f3mo se garantizar\u00e1 la tierra a los agricultores? Aunque \u00e9sta es la pregunta central que debe responder un modelo de tenencia de la tierra, no esperamos que haya una respuesta [&hellip;]","og_url":"https:\/\/www.cltweb.org\/es\/biblioteca-de-recursos\/agricultura\/cuestiones-estrategicas\/","og_site_name":"International Center for Community Land Trusts","article_publisher":"https:\/\/www.facebook.com\/cltcenter","article_modified_time":"2025-02-03T19:39:45+00:00","twitter_card":"summary_large_image","twitter_site":"@Center4CLTs","twitter_misc":{"Tiempo de lectura":"6 minutos"},"schema":{"@context":"https:\/\/schema.org","@graph":[{"@type":"WebPage","@id":"https:\/\/www.cltweb.org\/es\/biblioteca-de-recursos\/agricultura\/cuestiones-estrategicas\/","url":"https:\/\/www.cltweb.org\/es\/biblioteca-de-recursos\/agricultura\/cuestiones-estrategicas\/","name":"Cuestiones estrat\u00e9gicas - International Center for Community Land Trusts","isPartOf":{"@id":"https:\/\/www.cltweb.org\/es\/#website"},"datePublished":"2024-07-29T23:06:15+00:00","dateModified":"2025-02-03T19:39:45+00:00","breadcrumb":{"@id":"https:\/\/www.cltweb.org\/es\/biblioteca-de-recursos\/agricultura\/cuestiones-estrategicas\/#breadcrumb"},"inLanguage":"es","potentialAction":[{"@type":"ReadAction","target":["https:\/\/www.cltweb.org\/es\/biblioteca-de-recursos\/agricultura\/cuestiones-estrategicas\/"]}]},{"@type":"BreadcrumbList","@id":"https:\/\/www.cltweb.org\/es\/biblioteca-de-recursos\/agricultura\/cuestiones-estrategicas\/#breadcrumb","itemListElement":[{"@type":"ListItem","position":1,"name":"Home","item":"https:\/\/www.cltweb.org\/es\/"},{"@type":"ListItem","position":2,"name":"Biblioteca de recursos","item":"https:\/\/www.cltweb.org\/es\/biblioteca-de-recursos\/"},{"@type":"ListItem","position":3,"name":"Tenencia de la tierra para la agricultura urbana","item":"https:\/\/www.cltweb.org\/es\/biblioteca-de-recursos\/agricultura\/"},{"@type":"ListItem","position":4,"name":"Cuestiones estrat\u00e9gicas"}]},{"@type":"WebSite","@id":"https:\/\/www.cltweb.org\/es\/#website","url":"https:\/\/www.cltweb.org\/es\/","name":"International Center for Community Land Trusts","description":"","publisher":{"@id":"https:\/\/www.cltweb.org\/es\/#organization"},"potentialAction":[{"@type":"SearchAction","target":{"@type":"EntryPoint","urlTemplate":"https:\/\/www.cltweb.org\/es\/?s={search_term_string}"},"query-input":{"@type":"PropertyValueSpecification","valueRequired":true,"valueName":"search_term_string"}}],"inLanguage":"es"},{"@type":"Organization","@id":"https:\/\/www.cltweb.org\/es\/#organization","name":"International Center for Community Land Trusts","url":"https:\/\/www.cltweb.org\/es\/","logo":{"@type":"ImageObject","inLanguage":"es","@id":"https:\/\/www.cltweb.org\/es\/#\/schema\/logo\/image\/","url":"https:\/\/www.cltweb.org\/wp-content\/uploads\/2024\/11\/New-CLT-Center-Text-logo.png","contentUrl":"https:\/\/www.cltweb.org\/wp-content\/uploads\/2024\/11\/New-CLT-Center-Text-logo.png","width":227,"height":80,"caption":"International Center for Community Land Trusts"},"image":{"@id":"https:\/\/www.cltweb.org\/es\/#\/schema\/logo\/image\/"},"sameAs":["https:\/\/www.facebook.com\/cltcenter","https:\/\/x.com\/Center4CLTs","https:\/\/www.instagram.com\/cltcenter\/","https:\/\/www.linkedin.com\/company\/cltcenter","https:\/\/www.youtube.com\/@centerforcltinnovation5313"],"description":"The International Center for Community Land Trusts is a not-for-profit nongovernmental organization established in 2018 to promote and to support community land trusts and similar strategies of community-led development on community-owned land in countries throughout the world.","email":"info@communitylandtrust.net","legalName":"International Center for Community Land Trusts","foundingDate":"2018-12-01","taxID":"84-3858933","numberOfEmployees":{"@type":"QuantitativeValue","minValue":"1","maxValue":"10"}}]}},"campaignId":"","taxonomy_info":{"category":[{"value":126,"label":"Agricultura"}]},"featured_image_src_large":false,"author_info":{"display_name":"cltredesign_0jp0l4","author_link":"https:\/\/www.cltweb.org\/es\/author\/cltredesign_0jp0l4\/"},"comment_info":0,"jetpack_sharing_enabled":true,"jetpack-related-posts":[{"id":8762,"url":"https:\/\/www.cltweb.org\/es\/biblioteca-de-recursos\/agricultura\/el-modelo-de-servidor-central\/un-fondo-de-tierras-para-granjas-comerciales-urbanas\/","url_meta":{"origin":1650,"position":0},"title":"\u00bfUn Fondo de Tierras para Granjas Comerciales Urbanas?","author":"cltredesign_0jp0l4","date":"2 de febrero de 2025","format":false,"excerpt":"La tenencia de tierras agr\u00edcolas en fideicomiso sirve de complemento potencial para los modelos de agricultura urbana empresarial con \u00e1nimo de lucro. Los responsables de las fundaciones, en particular, est\u00e1n interesados en el potencial del sector de la agricultura urbana para ir m\u00e1s all\u00e1 de los modelos empresariales sin \u00e1nimo\u2026","rel":"","context":"En \u00abAgricultura\u00bb","block_context":{"text":"Agricultura","link":"https:\/\/www.cltweb.org\/es\/category\/agricultura-es\/"},"img":{"alt_text":"","src":"","width":0,"height":0},"classes":[]},{"id":824,"url":"https:\/\/www.cltweb.org\/es\/biblioteca-de-recursos\/agricultura\/","url_meta":{"origin":1650,"position":1},"title":"Tenencia de la tierra para la agricultura urbana","author":"cltredesign_0jp0l4","date":"26 de julio de 2024","format":false,"excerpt":"Tenencia de la tierra para la agricultura urbana En ciudades de todo Estados Unidos, la gente busca en las granjas urbanas una amplia gama de beneficios. Las granjas urbanas proporcionan alimentos frescos a los residentes de los barrios y a tiendas y restaurantes. Ayudan a mantener h\u00e1bitos alimentarios saludables y\u2026","rel":"","context":"En \u00abInvestiga\u00bb","block_context":{"text":"Investiga","link":"https:\/\/www.cltweb.org\/es\/category\/investiga-es\/"},"img":{"alt_text":"","src":"","width":0,"height":0},"classes":[]},{"id":1680,"url":"https:\/\/www.cltweb.org\/es\/biblioteca-de-recursos\/agricultura\/desafios\/","url_meta":{"origin":1650,"position":2},"title":"Desaf\u00edos","author":"cltredesign_0jp0l4","date":"29 de julio de 2024","format":false,"excerpt":"La necesidad de suelo asequible El elevado coste del suelo urbano en relaci\u00f3n con el rural plantea un gran problema a los aspirantes a agricultores urbanos. A diferencia de los agricultores rurales, compiten por la tierra con multitud de otros usuarios potenciales, lo que a su vez crea presiones inflacionistas\u2026","rel":"","context":"En \u00abAgricultura\u00bb","block_context":{"text":"Agricultura","link":"https:\/\/www.cltweb.org\/es\/category\/agricultura-es\/"},"img":{"alt_text":"","src":"","width":0,"height":0},"classes":[]},{"id":8699,"url":"https:\/\/www.cltweb.org\/es\/biblioteca-de-recursos\/agricultura\/conceptos-clave\/tenencia-de-la-tierra-a-su-medida\/","url_meta":{"origin":1650,"position":3},"title":"Tenencia de la Tierra a su Medida","author":"cltredesign_0jp0l4","date":"2 de febrero de 2025","format":false,"excerpt":"La tenencia de la tierra debe permitir al agricultor recuperar sus inversiones. Aunque los modelos de negocio \"pop-up\" son cada vez m\u00e1s populares en los sectores de la restauraci\u00f3n y la venta al por menor, es un modelo dif\u00edcil para el cultivo urbano. El acceso a la tierra para una\u2026","rel":"","context":"En \u00abAgricultura\u00bb","block_context":{"text":"Agricultura","link":"https:\/\/www.cltweb.org\/es\/category\/agricultura-es\/"},"img":{"alt_text":"","src":"","width":0,"height":0},"classes":[]},{"id":8717,"url":"https:\/\/www.cltweb.org\/es\/biblioteca-de-recursos\/agricultura\/conceptos-clave\/agricultura-participativa\/","url_meta":{"origin":1650,"position":4},"title":"Agricultura participativa","author":"cltredesign_0jp0l4","date":"2 de febrero de 2025","format":false,"excerpt":"Fuera de las ciudades, los agricultores pueden trabajar sus tierras sin preocuparse demasiado por sus vecinos. Pero en los entornos urbanos, los vecinos est\u00e1n mucho m\u00e1s cerca: es probable que los agricultores urbanos sientan importantes presiones para ser buenos miembros de la comunidad. Al comprometerse activamente con las comunidades en\u2026","rel":"","context":"En \u00abAgricultura\u00bb","block_context":{"text":"Agricultura","link":"https:\/\/www.cltweb.org\/es\/category\/agricultura-es\/"},"img":{"alt_text":"","src":"","width":0,"height":0},"classes":[]},{"id":8729,"url":"https:\/\/www.cltweb.org\/es\/biblioteca-de-recursos\/agricultura\/el-papel-de-los-fideicomisos-de-tierras\/fideicomisos-comunitarios-de-la-tierra\/","url_meta":{"origin":1650,"position":5},"title":"Fideicomisos comunitarios de la tierra","author":"cltredesign_0jp0l4","date":"2 de febrero de 2025","format":false,"excerpt":"Desde la d\u00e9cada de 1960, el fideicomiso de la tierra comunitario se desarroll\u00f3 como apoyo a la vivienda asequible en Estados Unidos. En el sector de la vivienda, el modelo CLT combina dos innovaciones b\u00e1sicas en la gobernanza del suelo. La primera innovaci\u00f3n consiste en separar la propiedad de una\u2026","rel":"","context":"Entrada similar","block_context":{"text":"Entrada similar","link":""},"img":{"alt_text":"","src":"","width":0,"height":0},"classes":[]}],"_links":{"self":[{"href":"https:\/\/www.cltweb.org\/es\/wp-json\/wp\/v2\/pages\/1650","targetHints":{"allow":["GET"]}}],"collection":[{"href":"https:\/\/www.cltweb.org\/es\/wp-json\/wp\/v2\/pages"}],"about":[{"href":"https:\/\/www.cltweb.org\/es\/wp-json\/wp\/v2\/types\/page"}],"author":[{"embeddable":true,"href":"https:\/\/www.cltweb.org\/es\/wp-json\/wp\/v2\/users\/1"}],"replies":[{"embeddable":true,"href":"https:\/\/www.cltweb.org\/es\/wp-json\/wp\/v2\/comments?post=1650"}],"version-history":[{"count":2,"href":"https:\/\/www.cltweb.org\/es\/wp-json\/wp\/v2\/pages\/1650\/revisions"}],"predecessor-version":[{"id":8869,"href":"https:\/\/www.cltweb.org\/es\/wp-json\/wp\/v2\/pages\/1650\/revisions\/8869"}],"up":[{"embeddable":true,"href":"https:\/\/www.cltweb.org\/es\/wp-json\/wp\/v2\/pages\/824"}],"wp:attachment":[{"href":"https:\/\/www.cltweb.org\/es\/wp-json\/wp\/v2\/media?parent=1650"}],"wp:term":[{"taxonomy":"category","embeddable":true,"href":"https:\/\/www.cltweb.org\/es\/wp-json\/wp\/v2\/categories?post=1650"},{"taxonomy":"post_tag","embeddable":true,"href":"https:\/\/www.cltweb.org\/es\/wp-json\/wp\/v2\/tags?post=1650"}],"curies":[{"name":"wp","href":"https:\/\/api.w.org\/{rel}","templated":true}]}}