{"id":1661,"date":"2024-07-29T23:03:54","date_gmt":"2024-07-29T23:03:54","guid":{"rendered":"https:\/\/www.cltweb.org\/que-hacen-los-clt\/agricultura\/el-papel-de-los-fideicomisos-de-tierras\/"},"modified":"2025-02-03T19:44:08","modified_gmt":"2025-02-03T19:44:08","slug":"el-papel-de-los-fideicomisos-de-tierras","status":"publish","type":"page","link":"https:\/\/www.cltweb.org\/es\/biblioteca-de-recursos\/agricultura\/el-papel-de-los-fideicomisos-de-tierras\/","title":{"rendered":"El papel de los fideicomisos de tierras"},"content":{"rendered":"\n<p><strong>En los \u00faltimos treinta a\u00f1os, el fideicomiso de la tierra ha surgido como modelo preferido para la tenencia de tierras destinadas a huertos comunitarios y granjas urbanas.<\/strong>  Esto refleja la convergencia de dos tendencias: la creaci\u00f3n de fideicomisos de la tierra especializados en espacios abiertos para conservar terrenos para huertos comunitarios, y las medidas que algunos fideicomisos de la tierra comunitarios han adoptado para promover la agricultura urbana.  <\/p>\n\n<figure class=\"wp-block-image aligncenter size-full\"><img loading=\"lazy\" decoding=\"async\" width=\"707\" height=\"379\" src=\"https:\/\/www.cltweb.org\/wp-content\/uploads\/2025\/02\/Urban-Farming-Map.jpg\" alt=\"Mapa que muestra la ubicaci&#xF3;n de los CLT implicados en la agricultura urbana.\" class=\"wp-image-8879\" srcset=\"https:\/\/www.cltweb.org\/wp-content\/uploads\/2025\/02\/Urban-Farming-Map.jpg 707w, https:\/\/www.cltweb.org\/wp-content\/uploads\/2025\/02\/Urban-Farming-Map-300x161.jpg 300w\" sizes=\"auto, (max-width: 707px) 100vw, 707px\" \/><\/figure>\n\n<p>La principal distinci\u00f3n es entre los fideicomisos de la tierra para espacios abiertos y los fideicomisos de la tierra comunitarios. Los fideicomisos de la tierra para espacios abiertos se centran en la protecci\u00f3n de la tierra y, por lo general, no disponen de estructuras para gestionar las tierras que se utilizan de forma productiva, ni para fomentar la gobernanza basada en la comunidad. En cambio, los fideicomisos de la tierra comunitarios adquieren y conservan tierras en beneficio de una comunidad y, por lo general, tienen una estructura tripartita que incluye puestos dedicados tanto a los beneficiarios del fideicomiso (por lo general, las personas que viven en las viviendas propiedad del fideicomiso) como a los miembros de la comunidad vecina.   <\/p>\n\n<p>Para ilustrar las distintas formas que pueden adoptar estos fideicomisos, presentamos cuatro breves estudios de casos. En la secci\u00f3n sobre el <a href=\"https:\/\/cltweb.dreamhosters.com\/land-tenure-for-urban-farming\/central-server\/\">Modelo de Servidor<\/a> Central, profundizamos en el modelo desarrollado por el fideicomiso de tierras NeighborSpace de Chicago. <\/p>\n","protected":false},"excerpt":{"rendered":"<p>En los \u00faltimos treinta a\u00f1os, el fideicomiso de la tierra ha surgido como modelo preferido para la tenencia de tierras destinadas a huertos comunitarios y granjas urbanas. Esto refleja la [&hellip;]<\/p>\n","protected":false},"author":1,"featured_media":0,"parent":824,"menu_order":5,"comment_status":"closed","ping_status":"closed","template":"","meta":{"give_campaign_id":0,"_tec_requires_first_save":true,"_kad_blocks_custom_css":"","_kad_blocks_head_custom_js":"","_kad_blocks_body_custom_js":"","_kad_blocks_footer_custom_js":"","_EventAllDay":false,"_EventTimezone":"","_EventStartDate":"","_EventEndDate":"","_EventStartDateUTC":"","_EventEndDateUTC":"","_EventShowMap":false,"_EventShowMapLink":false,"_EventURL":"","_EventCost":"","_EventCostDescription":"","_EventCurrencySymbol":"","_EventCurrencyCode":"","_EventCurrencyPosition":"","_EventDateTimeSeparator":"","_EventTimeRangeSeparator":"","_EventOrganizerID":[],"_EventVenueID":[],"_OrganizerEmail":"","_OrganizerPhone":"","_OrganizerWebsite":"","_VenueAddress":"","_VenueCity":"","_VenueCountry":"","_VenueProvince":"","_VenueState":"","_VenueZip":"","_VenuePhone":"","_VenueURL":"","_VenueStateProvince":"","_VenueLat":"","_VenueLng":"","_VenueShowMap":false,"_VenueShowMapLink":false,"_tribe_blocks_recurrence_rules":"","_tribe_blocks_recurrence_description":"","_tribe_blocks_recurrence_exclusions":"","footnotes":""},"categories":[126],"tags":[],"class_list":["post-1661","page","type-page","status-publish","hentry","category-agricultura-es"],"blocksy_meta":[],"yoast_head":"<!-- This site is optimized with the Yoast SEO Premium plugin v27.4 (Yoast SEO v27.5) - https:\/\/yoast.com\/product\/yoast-seo-premium-wordpress\/ -->\n<title>El papel de los fideicomisos de tierras - International Center for Community Land Trusts<\/title>\n<meta name=\"robots\" content=\"index, follow, max-snippet:-1, max-image-preview:large, max-video-preview:-1\" \/>\n<link rel=\"canonical\" href=\"https:\/\/www.cltweb.org\/es\/biblioteca-de-recursos\/agricultura\/el-papel-de-los-fideicomisos-de-tierras\/\" \/>\n<meta property=\"og:locale\" content=\"es_ES\" \/>\n<meta property=\"og:type\" content=\"article\" \/>\n<meta property=\"og:title\" content=\"El papel de los fideicomisos de tierras\" \/>\n<meta property=\"og:description\" content=\"En los \u00faltimos treinta a\u00f1os, el fideicomiso de la tierra ha surgido como modelo preferido para la tenencia de tierras destinadas a huertos comunitarios y granjas urbanas. Esto refleja la [&hellip;]\" \/>\n<meta property=\"og:url\" content=\"https:\/\/www.cltweb.org\/es\/biblioteca-de-recursos\/agricultura\/el-papel-de-los-fideicomisos-de-tierras\/\" \/>\n<meta property=\"og:site_name\" content=\"International Center for Community Land Trusts\" \/>\n<meta property=\"article:publisher\" content=\"https:\/\/www.facebook.com\/cltcenter\" \/>\n<meta property=\"article:modified_time\" content=\"2025-02-03T19:44:08+00:00\" \/>\n<meta property=\"og:image\" content=\"https:\/\/www.cltweb.org\/wp-content\/uploads\/2025\/02\/Urban-Farming-Map.jpg\" \/>\n\t<meta property=\"og:image:width\" content=\"707\" \/>\n\t<meta property=\"og:image:height\" content=\"379\" \/>\n\t<meta property=\"og:image:type\" content=\"image\/jpeg\" \/>\n<meta name=\"twitter:card\" content=\"summary_large_image\" \/>\n<meta name=\"twitter:site\" content=\"@Center4CLTs\" \/>\n<meta name=\"twitter:label1\" content=\"Tiempo de lectura\" \/>\n\t<meta name=\"twitter:data1\" content=\"1 minuto\" \/>\n<script type=\"application\/ld+json\" class=\"yoast-schema-graph\">{\"@context\":\"https:\\\/\\\/schema.org\",\"@graph\":[{\"@type\":\"WebPage\",\"@id\":\"https:\\\/\\\/www.cltweb.org\\\/es\\\/biblioteca-de-recursos\\\/agricultura\\\/el-papel-de-los-fideicomisos-de-tierras\\\/\",\"url\":\"https:\\\/\\\/www.cltweb.org\\\/es\\\/biblioteca-de-recursos\\\/agricultura\\\/el-papel-de-los-fideicomisos-de-tierras\\\/\",\"name\":\"El papel de los fideicomisos de tierras - International Center for Community Land Trusts\",\"isPartOf\":{\"@id\":\"https:\\\/\\\/www.cltweb.org\\\/es\\\/#website\"},\"primaryImageOfPage\":{\"@id\":\"https:\\\/\\\/www.cltweb.org\\\/es\\\/biblioteca-de-recursos\\\/agricultura\\\/el-papel-de-los-fideicomisos-de-tierras\\\/#primaryimage\"},\"image\":{\"@id\":\"https:\\\/\\\/www.cltweb.org\\\/es\\\/biblioteca-de-recursos\\\/agricultura\\\/el-papel-de-los-fideicomisos-de-tierras\\\/#primaryimage\"},\"thumbnailUrl\":\"https:\\\/\\\/www.cltweb.org\\\/wp-content\\\/uploads\\\/2025\\\/02\\\/Urban-Farming-Map.jpg\",\"datePublished\":\"2024-07-29T23:03:54+00:00\",\"dateModified\":\"2025-02-03T19:44:08+00:00\",\"breadcrumb\":{\"@id\":\"https:\\\/\\\/www.cltweb.org\\\/es\\\/biblioteca-de-recursos\\\/agricultura\\\/el-papel-de-los-fideicomisos-de-tierras\\\/#breadcrumb\"},\"inLanguage\":\"es\",\"potentialAction\":[{\"@type\":\"ReadAction\",\"target\":[\"https:\\\/\\\/www.cltweb.org\\\/es\\\/biblioteca-de-recursos\\\/agricultura\\\/el-papel-de-los-fideicomisos-de-tierras\\\/\"]}]},{\"@type\":\"ImageObject\",\"inLanguage\":\"es\",\"@id\":\"https:\\\/\\\/www.cltweb.org\\\/es\\\/biblioteca-de-recursos\\\/agricultura\\\/el-papel-de-los-fideicomisos-de-tierras\\\/#primaryimage\",\"url\":\"https:\\\/\\\/www.cltweb.org\\\/wp-content\\\/uploads\\\/2025\\\/02\\\/Urban-Farming-Map.jpg\",\"contentUrl\":\"https:\\\/\\\/www.cltweb.org\\\/wp-content\\\/uploads\\\/2025\\\/02\\\/Urban-Farming-Map.jpg\"},{\"@type\":\"BreadcrumbList\",\"@id\":\"https:\\\/\\\/www.cltweb.org\\\/es\\\/biblioteca-de-recursos\\\/agricultura\\\/el-papel-de-los-fideicomisos-de-tierras\\\/#breadcrumb\",\"itemListElement\":[{\"@type\":\"ListItem\",\"position\":1,\"name\":\"Home\",\"item\":\"https:\\\/\\\/www.cltweb.org\\\/es\\\/\"},{\"@type\":\"ListItem\",\"position\":2,\"name\":\"Biblioteca de recursos\",\"item\":\"https:\\\/\\\/www.cltweb.org\\\/es\\\/biblioteca-de-recursos\\\/\"},{\"@type\":\"ListItem\",\"position\":3,\"name\":\"Tenencia de la tierra para la agricultura urbana\",\"item\":\"https:\\\/\\\/www.cltweb.org\\\/es\\\/biblioteca-de-recursos\\\/agricultura\\\/\"},{\"@type\":\"ListItem\",\"position\":4,\"name\":\"El papel de los fideicomisos de tierras\"}]},{\"@type\":\"WebSite\",\"@id\":\"https:\\\/\\\/www.cltweb.org\\\/es\\\/#website\",\"url\":\"https:\\\/\\\/www.cltweb.org\\\/es\\\/\",\"name\":\"International Center for Community Land Trusts\",\"description\":\"\",\"publisher\":{\"@id\":\"https:\\\/\\\/www.cltweb.org\\\/es\\\/#organization\"},\"potentialAction\":[{\"@type\":\"SearchAction\",\"target\":{\"@type\":\"EntryPoint\",\"urlTemplate\":\"https:\\\/\\\/www.cltweb.org\\\/es\\\/?s={search_term_string}\"},\"query-input\":{\"@type\":\"PropertyValueSpecification\",\"valueRequired\":true,\"valueName\":\"search_term_string\"}}],\"inLanguage\":\"es\"},{\"@type\":\"Organization\",\"@id\":\"https:\\\/\\\/www.cltweb.org\\\/es\\\/#organization\",\"name\":\"International Center for Community Land Trusts\",\"url\":\"https:\\\/\\\/www.cltweb.org\\\/es\\\/\",\"logo\":{\"@type\":\"ImageObject\",\"inLanguage\":\"es\",\"@id\":\"https:\\\/\\\/www.cltweb.org\\\/es\\\/#\\\/schema\\\/logo\\\/image\\\/\",\"url\":\"https:\\\/\\\/www.cltweb.org\\\/wp-content\\\/uploads\\\/2024\\\/11\\\/New-CLT-Center-Text-logo.png\",\"contentUrl\":\"https:\\\/\\\/www.cltweb.org\\\/wp-content\\\/uploads\\\/2024\\\/11\\\/New-CLT-Center-Text-logo.png\",\"width\":227,\"height\":80,\"caption\":\"International Center for Community Land Trusts\"},\"image\":{\"@id\":\"https:\\\/\\\/www.cltweb.org\\\/es\\\/#\\\/schema\\\/logo\\\/image\\\/\"},\"sameAs\":[\"https:\\\/\\\/www.facebook.com\\\/cltcenter\",\"https:\\\/\\\/x.com\\\/Center4CLTs\",\"https:\\\/\\\/www.instagram.com\\\/cltcenter\\\/\",\"https:\\\/\\\/www.linkedin.com\\\/company\\\/cltcenter\",\"https:\\\/\\\/www.youtube.com\\\/@centerforcltinnovation5313\"],\"description\":\"The International Center for Community Land Trusts is a not-for-profit nongovernmental organization established in 2018 to promote and to support community land trusts and similar strategies of community-led development on community-owned land in countries throughout the world.\",\"email\":\"info@communitylandtrust.net\",\"legalName\":\"International Center for Community Land Trusts\",\"foundingDate\":\"2018-12-01\",\"taxID\":\"84-3858933\",\"numberOfEmployees\":{\"@type\":\"QuantitativeValue\",\"minValue\":\"1\",\"maxValue\":\"10\"}}]}<\/script>\n<!-- \/ Yoast SEO Premium plugin. -->","yoast_head_json":{"title":"El papel de los fideicomisos de tierras - International Center for Community Land Trusts","robots":{"index":"index","follow":"follow","max-snippet":"max-snippet:-1","max-image-preview":"max-image-preview:large","max-video-preview":"max-video-preview:-1"},"canonical":"https:\/\/www.cltweb.org\/es\/biblioteca-de-recursos\/agricultura\/el-papel-de-los-fideicomisos-de-tierras\/","og_locale":"es_ES","og_type":"article","og_title":"El papel de los fideicomisos de tierras","og_description":"En los \u00faltimos treinta a\u00f1os, el fideicomiso de la tierra ha surgido como modelo preferido para la tenencia de tierras destinadas a huertos comunitarios y granjas urbanas. Esto refleja la [&hellip;]","og_url":"https:\/\/www.cltweb.org\/es\/biblioteca-de-recursos\/agricultura\/el-papel-de-los-fideicomisos-de-tierras\/","og_site_name":"International Center for Community Land Trusts","article_publisher":"https:\/\/www.facebook.com\/cltcenter","article_modified_time":"2025-02-03T19:44:08+00:00","og_image":[{"width":707,"height":379,"url":"https:\/\/www.cltweb.org\/wp-content\/uploads\/2025\/02\/Urban-Farming-Map.jpg","type":"image\/jpeg"}],"twitter_card":"summary_large_image","twitter_site":"@Center4CLTs","twitter_misc":{"Tiempo de lectura":"1 minuto"},"schema":{"@context":"https:\/\/schema.org","@graph":[{"@type":"WebPage","@id":"https:\/\/www.cltweb.org\/es\/biblioteca-de-recursos\/agricultura\/el-papel-de-los-fideicomisos-de-tierras\/","url":"https:\/\/www.cltweb.org\/es\/biblioteca-de-recursos\/agricultura\/el-papel-de-los-fideicomisos-de-tierras\/","name":"El papel de los fideicomisos de tierras - International Center for Community Land Trusts","isPartOf":{"@id":"https:\/\/www.cltweb.org\/es\/#website"},"primaryImageOfPage":{"@id":"https:\/\/www.cltweb.org\/es\/biblioteca-de-recursos\/agricultura\/el-papel-de-los-fideicomisos-de-tierras\/#primaryimage"},"image":{"@id":"https:\/\/www.cltweb.org\/es\/biblioteca-de-recursos\/agricultura\/el-papel-de-los-fideicomisos-de-tierras\/#primaryimage"},"thumbnailUrl":"https:\/\/www.cltweb.org\/wp-content\/uploads\/2025\/02\/Urban-Farming-Map.jpg","datePublished":"2024-07-29T23:03:54+00:00","dateModified":"2025-02-03T19:44:08+00:00","breadcrumb":{"@id":"https:\/\/www.cltweb.org\/es\/biblioteca-de-recursos\/agricultura\/el-papel-de-los-fideicomisos-de-tierras\/#breadcrumb"},"inLanguage":"es","potentialAction":[{"@type":"ReadAction","target":["https:\/\/www.cltweb.org\/es\/biblioteca-de-recursos\/agricultura\/el-papel-de-los-fideicomisos-de-tierras\/"]}]},{"@type":"ImageObject","inLanguage":"es","@id":"https:\/\/www.cltweb.org\/es\/biblioteca-de-recursos\/agricultura\/el-papel-de-los-fideicomisos-de-tierras\/#primaryimage","url":"https:\/\/www.cltweb.org\/wp-content\/uploads\/2025\/02\/Urban-Farming-Map.jpg","contentUrl":"https:\/\/www.cltweb.org\/wp-content\/uploads\/2025\/02\/Urban-Farming-Map.jpg"},{"@type":"BreadcrumbList","@id":"https:\/\/www.cltweb.org\/es\/biblioteca-de-recursos\/agricultura\/el-papel-de-los-fideicomisos-de-tierras\/#breadcrumb","itemListElement":[{"@type":"ListItem","position":1,"name":"Home","item":"https:\/\/www.cltweb.org\/es\/"},{"@type":"ListItem","position":2,"name":"Biblioteca de recursos","item":"https:\/\/www.cltweb.org\/es\/biblioteca-de-recursos\/"},{"@type":"ListItem","position":3,"name":"Tenencia de la tierra para la agricultura urbana","item":"https:\/\/www.cltweb.org\/es\/biblioteca-de-recursos\/agricultura\/"},{"@type":"ListItem","position":4,"name":"El papel de los fideicomisos de tierras"}]},{"@type":"WebSite","@id":"https:\/\/www.cltweb.org\/es\/#website","url":"https:\/\/www.cltweb.org\/es\/","name":"International Center for Community Land Trusts","description":"","publisher":{"@id":"https:\/\/www.cltweb.org\/es\/#organization"},"potentialAction":[{"@type":"SearchAction","target":{"@type":"EntryPoint","urlTemplate":"https:\/\/www.cltweb.org\/es\/?s={search_term_string}"},"query-input":{"@type":"PropertyValueSpecification","valueRequired":true,"valueName":"search_term_string"}}],"inLanguage":"es"},{"@type":"Organization","@id":"https:\/\/www.cltweb.org\/es\/#organization","name":"International Center for Community Land Trusts","url":"https:\/\/www.cltweb.org\/es\/","logo":{"@type":"ImageObject","inLanguage":"es","@id":"https:\/\/www.cltweb.org\/es\/#\/schema\/logo\/image\/","url":"https:\/\/www.cltweb.org\/wp-content\/uploads\/2024\/11\/New-CLT-Center-Text-logo.png","contentUrl":"https:\/\/www.cltweb.org\/wp-content\/uploads\/2024\/11\/New-CLT-Center-Text-logo.png","width":227,"height":80,"caption":"International Center for Community Land Trusts"},"image":{"@id":"https:\/\/www.cltweb.org\/es\/#\/schema\/logo\/image\/"},"sameAs":["https:\/\/www.facebook.com\/cltcenter","https:\/\/x.com\/Center4CLTs","https:\/\/www.instagram.com\/cltcenter\/","https:\/\/www.linkedin.com\/company\/cltcenter","https:\/\/www.youtube.com\/@centerforcltinnovation5313"],"description":"The International Center for Community Land Trusts is a not-for-profit nongovernmental organization established in 2018 to promote and to support community land trusts and similar strategies of community-led development on community-owned land in countries throughout the world.","email":"info@communitylandtrust.net","legalName":"International Center for Community Land Trusts","foundingDate":"2018-12-01","taxID":"84-3858933","numberOfEmployees":{"@type":"QuantitativeValue","minValue":"1","maxValue":"10"}}]}},"campaignId":"","taxonomy_info":{"category":[{"value":126,"label":"Agricultura"}]},"featured_image_src_large":false,"author_info":{"display_name":"cltredesign_0jp0l4","author_link":"https:\/\/www.cltweb.org\/es\/author\/cltredesign_0jp0l4\/"},"comment_info":0,"jetpack_sharing_enabled":true,"jetpack-related-posts":[{"id":8729,"url":"https:\/\/www.cltweb.org\/es\/biblioteca-de-recursos\/agricultura\/el-papel-de-los-fideicomisos-de-tierras\/fideicomisos-comunitarios-de-la-tierra\/","url_meta":{"origin":1661,"position":0},"title":"Fideicomisos comunitarios de la tierra","author":"cltredesign_0jp0l4","date":"2 de febrero de 2025","format":false,"excerpt":"Desde la d\u00e9cada de 1960, el fideicomiso de la tierra comunitario se desarroll\u00f3 como apoyo a la vivienda asequible en Estados Unidos. En el sector de la vivienda, el modelo CLT combina dos innovaciones b\u00e1sicas en la gobernanza del suelo. La primera innovaci\u00f3n consiste en separar la propiedad de una\u2026","rel":"","context":"Entrada similar","block_context":{"text":"Entrada similar","link":""},"img":{"alt_text":"","src":"","width":0,"height":0},"classes":[]},{"id":8724,"url":"https:\/\/www.cltweb.org\/es\/biblioteca-de-recursos\/agricultura\/el-papel-de-los-fideicomisos-de-tierras\/fideicomisos-de-tierras-de-espacios-abiertos\/","url_meta":{"origin":1661,"position":1},"title":"Fideicomisos de tierras de espacios abiertos","author":"cltredesign_0jp0l4","date":"2 de febrero de 2025","format":false,"excerpt":"NeighborSpace NeighborSpace es un fondo de tierras que posee terrenos para huertos comunitarios y, cada vez m\u00e1s, granjas urbanas en Chicago. Se fund\u00f3 en 1996 en respuesta a una recomendaci\u00f3n de un informe urban\u00edstico seg\u00fan el cual Chicago ocupaba el 18\u00ba lugar entre 20 grandes ciudades en cuanto a espacios\u2026","rel":"","context":"En \u00abAgricultura\u00bb","block_context":{"text":"Agricultura","link":"https:\/\/www.cltweb.org\/es\/category\/agricultura-es\/"},"img":{"alt_text":"","src":"","width":0,"height":0},"classes":[]},{"id":1640,"url":"https:\/\/www.cltweb.org\/es\/terra-nostra-press\/catalogo\/en-terreno-comun-perspectivas-internacionales-sobre-los-fideicomisos-comunitarios-de-tierras\/","url_meta":{"origin":1661,"position":2},"title":"En terreno com\u00fan","author":"cltredesign_0jp0l4","date":"29 de julio de 2024","format":false,"excerpt":"En terreno com\u00fan: Perspectivas internacionales sobre los fideicomisos comunitarios de tierras La vivienda representa m\u00e1s que un techo bajo el que vivir. La vivienda digna es necesaria para el ejercicio de derechos fundamentales como la salud y la educaci\u00f3n. Atado a la vivienda est\u00e1 el tema de la tenencia de\u2026","rel":"","context":"En \u00abCat\u00e1logo\u00bb","block_context":{"text":"Cat\u00e1logo","link":"https:\/\/www.cltweb.org\/es\/category\/catalogo-es\/"},"img":{"alt_text":"Cover for en terreno comun","src":"https:\/\/i0.wp.com\/www.cltweb.org\/wp-content\/uploads\/2024\/10\/En-terreno-comun-cover.jpg?resize=350%2C200&ssl=1","width":350,"height":200},"classes":[]},{"id":489,"url":"https:\/\/www.cltweb.org\/terra-nostra-press\/terra-nostra-press\/en-terreno-comun-perspectivas-internacionales-sobre-los-fideicomisos-comunitarios-de-tierras\/","url_meta":{"origin":1661,"position":3},"title":"En terreno com\u00fan","author":"cltredesign_0jp0l4","date":"29 de julio de 2024","format":false,"excerpt":"En terreno com\u00fan: Perspectivas \u00a0internacionales sobre los fideicomisos comunitarios de tierras\u00a0La vivienda representa m\u00e1s que un techo bajo el cual vivir. La vivienda digna es necesaria para el ejercicio de derechos fundamentales como la salud y la educaci\u00f3n.\u00a0Atado a la vivienda est\u00e1 el tema de la tenencia de la tierra.\u2026","rel":"","context":"En \u00abTNP Catalog\u00bb","block_context":{"text":"TNP Catalog","link":"https:\/\/www.cltweb.org\/category\/tnp-catalog\/"},"img":{"alt_text":"Cover for en terreno comun","src":"https:\/\/i0.wp.com\/www.cltweb.org\/wp-content\/uploads\/2024\/10\/En-terreno-comun-cover.jpg?resize=350%2C200&ssl=1","width":350,"height":200},"classes":[]},{"id":1610,"url":"https:\/\/www.cltweb.org\/es\/terra-nostra-press\/catalogo\/por-que-el-fideicomiso-comunitario-de-tierras\/","url_meta":{"origin":1661,"position":4},"title":"\u00bfPor qu\u00e9 el fideicomiso comunitario de tierras?","author":"cltredesign_0jp0l4","date":"29 de julio de 2024","format":false,"excerpt":"Disponible ahora a cualquier parte del mundo, 120 pp.Carpeta dura ISBN 9781736275962 $14.50 USEBOOK ISBN 9781736275979 $5.00 US Descuentos disponibles en pedidos al por mayor para ONG. Para m\u00e1s informaci\u00f3n, y para ordenar, vaya nuestra p\u00e1gina de \u00f3rdenes al por mayor(Bulk Orders). Los ensayos contenidos en\u00bfPor qu\u00e9 el fideicomiso comunitario\u2026","rel":"","context":"En \u00abCat\u00e1logo\u00bb","block_context":{"text":"Cat\u00e1logo","link":"https:\/\/www.cltweb.org\/es\/category\/catalogo-es\/"},"img":{"alt_text":"Book cover for ","src":"https:\/\/i0.wp.com\/www.cltweb.org\/wp-content\/uploads\/2024\/10\/Porque-el-fideicomiso-cover.jpg?resize=350%2C200&ssl=1","width":350,"height":200},"classes":[]},{"id":499,"url":"https:\/\/www.cltweb.org\/terra-nostra-press\/terra-nostra-press\/porque-el-fideicomiso-comunitario-de-tierras\/","url_meta":{"origin":1661,"position":5},"title":"Porqu\u00e9 el fideicomiso comunitario de tierras\u200a?","author":"cltredesign_0jp0l4","date":"29 de julio de 2024","format":false,"excerpt":"Disponible ahora a cualquier parte del mundo,\u00a0120 pp.Carpeta dura\u00a0ISBN 9781736275962\u00a0$14.50 USEBOOK ISBN 9781736275979\u00a0$5.00 US Descuentos disponibles en \u00f3rdenes al por mayor para ONGs.\u00a0\u00a0Para m\u00e1s informaci\u00f3n, y para ordenar, vaya nuestra p\u00e1gina de \u00f3rdenes al por mayor (Bulk Orders). Los ensayos contenidos en\u00a0\u00bf\u200aPorqu\u00e9 el fideicomiso comunitario de tierras\u200a?\u00a0provienen de un libro\u2026","rel":"","context":"En \u00abTNP Catalog\u00bb","block_context":{"text":"TNP Catalog","link":"https:\/\/www.cltweb.org\/category\/tnp-catalog\/"},"img":{"alt_text":"Book cover for Porque el fideicomiso","src":"https:\/\/i0.wp.com\/www.cltweb.org\/wp-content\/uploads\/2024\/10\/Porque-el-fideicomiso-cover.jpg?resize=350%2C200&ssl=1","width":350,"height":200},"classes":[]}],"_links":{"self":[{"href":"https:\/\/www.cltweb.org\/es\/wp-json\/wp\/v2\/pages\/1661","targetHints":{"allow":["GET"]}}],"collection":[{"href":"https:\/\/www.cltweb.org\/es\/wp-json\/wp\/v2\/pages"}],"about":[{"href":"https:\/\/www.cltweb.org\/es\/wp-json\/wp\/v2\/types\/page"}],"author":[{"embeddable":true,"href":"https:\/\/www.cltweb.org\/es\/wp-json\/wp\/v2\/users\/1"}],"replies":[{"embeddable":true,"href":"https:\/\/www.cltweb.org\/es\/wp-json\/wp\/v2\/comments?post=1661"}],"version-history":[{"count":2,"href":"https:\/\/www.cltweb.org\/es\/wp-json\/wp\/v2\/pages\/1661\/revisions"}],"predecessor-version":[{"id":8889,"href":"https:\/\/www.cltweb.org\/es\/wp-json\/wp\/v2\/pages\/1661\/revisions\/8889"}],"up":[{"embeddable":true,"href":"https:\/\/www.cltweb.org\/es\/wp-json\/wp\/v2\/pages\/824"}],"wp:attachment":[{"href":"https:\/\/www.cltweb.org\/es\/wp-json\/wp\/v2\/media?parent=1661"}],"wp:term":[{"taxonomy":"category","embeddable":true,"href":"https:\/\/www.cltweb.org\/es\/wp-json\/wp\/v2\/categories?post=1661"},{"taxonomy":"post_tag","embeddable":true,"href":"https:\/\/www.cltweb.org\/es\/wp-json\/wp\/v2\/tags?post=1661"}],"curies":[{"name":"wp","href":"https:\/\/api.w.org\/{rel}","templated":true}]}}