{"id":1670,"date":"2024-07-29T23:03:09","date_gmt":"2024-07-29T23:03:09","guid":{"rendered":"https:\/\/www.cltweb.org\/que-hacen-los-clt\/agricultura\/conceptos-clave\/"},"modified":"2025-02-03T19:36:47","modified_gmt":"2025-02-03T19:36:47","slug":"conceptos-clave","status":"publish","type":"page","link":"https:\/\/www.cltweb.org\/es\/biblioteca-de-recursos\/agricultura\/conceptos-clave\/","title":{"rendered":"Conceptos clave"},"content":{"rendered":"\n<p><strong>Al sentar las bases de modelos escalables de tenencia de la tierra para la agricultura urbana, algunos conceptos clave merecen una mayor exploraci\u00f3n,<\/strong> que se abordan en las subp\u00e1ginas de esta secci\u00f3n.<\/p>\n\n<ul class=\"wp-block-list\">\n<li>\u00bfEs posible <strong><a href=\"https:\/\/www.cltweb.org\/es\/biblioteca-de-recursos\/agricultura\/conceptos-clave\/blindar-la-tierra-de-la-especulacion\/\">proteger las tierras agr\u00edcolas urbanas<\/a><\/strong> del mercado inmobiliario especulativo?<\/li>\n\n\n\n<li>\u00bfEs<strong> <a href=\"https:\/\/www.cltweb.org\/es\/biblioteca-de-recursos\/agricultura\/conceptos-clave\/la-trampa-de-la-propiedad\/\">propiedad<\/a><\/strong> el veh\u00edculo \u00f3ptimo para garantizar la tenencia de la tierra en todas las situaciones?<\/li>\n\n\n\n<li>\u00bfCu\u00e1les son los enfoques equitativos de <strong><a href=\"https:\/\/www.cltweb.org\/es\/biblioteca-de-recursos\/agricultura\/conceptos-clave\/impuestos-sobre-bienes-inmuebles\/\">fiscalidad de la propiedad<\/a><\/strong> que no graven indebidamente a los cultivadores urbanos?<\/li>\n\n\n\n<li>\u00bfExiste un enfoque <strong><a href=\"https:\/\/www.cltweb.org\/es\/biblioteca-de-recursos\/agricultura\/conceptos-clave\/tenencia-de-la-tierra-a-su-medida\/\">enfoque \u00fanico<\/a><\/strong> para garantizar la tenencia, o deber\u00eda variar en funci\u00f3n de las necesidades del cultivador?<\/li>\n\n\n\n<li>\u00bfPueden los cultivadores en solitario tener \u00e9xito en un entorno urbano, y c\u00f3mo podr\u00eda <strong><a href=\"https:\/\/www.cltweb.org\/es\/biblioteca-de-recursos\/agricultura\/conceptos-clave\/trabajar-en-equipo\/\">trabajar en equipo<\/a><\/strong> aumentar la probabilidad de \u00e9xito?<\/li>\n\n\n\n<li>Y por \u00faltimo, en la b\u00fasqueda de tierras baratas, \u00bfc\u00f3mo pueden los cultivadores y las organizaciones sin \u00e1nimo de lucro que los apoyan actuar de forma que <strong><a href=\"https:\/\/www.cltweb.org\/es\/biblioteca-de-recursos\/agricultura\/conceptos-clave\/respeto-del-lugar\/\">respeten los intereses de los barrios<\/a><\/strong> en los que cultivan y <strong><a href=\"https:\/\/www.cltweb.org\/es\/biblioteca-de-recursos\/agricultura\/conceptos-clave\/agricultura-participativa\/\">e involucren a los residentes locales como socios<\/a><\/strong>?<\/li>\n<\/ul>\n\n<p><\/p>\n","protected":false},"excerpt":{"rendered":"<p>Al sentar las bases de modelos escalables de tenencia de la tierra para la agricultura urbana, algunos conceptos clave merecen una mayor exploraci\u00f3n, que se abordan en las subp\u00e1ginas de [&hellip;]<\/p>\n","protected":false},"author":1,"featured_media":0,"parent":824,"menu_order":2,"comment_status":"closed","ping_status":"closed","template":"","meta":{"give_campaign_id":0,"_tec_requires_first_save":true,"_kad_blocks_custom_css":"","_kad_blocks_head_custom_js":"","_kad_blocks_body_custom_js":"","_kad_blocks_footer_custom_js":"","_EventAllDay":false,"_EventTimezone":"","_EventStartDate":"","_EventEndDate":"","_EventStartDateUTC":"","_EventEndDateUTC":"","_EventShowMap":false,"_EventShowMapLink":false,"_EventURL":"","_EventCost":"","_EventCostDescription":"","_EventCurrencySymbol":"","_EventCurrencyCode":"","_EventCurrencyPosition":"","_EventDateTimeSeparator":"","_EventTimeRangeSeparator":"","_EventOrganizerID":[],"_EventVenueID":[],"_OrganizerEmail":"","_OrganizerPhone":"","_OrganizerWebsite":"","_VenueAddress":"","_VenueCity":"","_VenueCountry":"","_VenueProvince":"","_VenueState":"","_VenueZip":"","_VenuePhone":"","_VenueURL":"","_VenueStateProvince":"","_VenueLat":"","_VenueLng":"","_VenueShowMap":false,"_VenueShowMapLink":false,"_tribe_blocks_recurrence_rules":"","_tribe_blocks_recurrence_description":"","_tribe_blocks_recurrence_exclusions":"","footnotes":""},"categories":[126],"tags":[],"class_list":["post-1670","page","type-page","status-publish","hentry","category-agricultura-es"],"blocksy_meta":[],"yoast_head":"<!-- This site is optimized with the Yoast SEO Premium plugin v27.5 (Yoast SEO v27.5) - https:\/\/yoast.com\/product\/yoast-seo-premium-wordpress\/ -->\n<title>Conceptos clave - International Center for Community Land Trusts<\/title>\n<meta name=\"robots\" content=\"index, follow, max-snippet:-1, max-image-preview:large, max-video-preview:-1\" \/>\n<link rel=\"canonical\" href=\"https:\/\/www.cltweb.org\/es\/biblioteca-de-recursos\/agricultura\/conceptos-clave\/\" \/>\n<meta property=\"og:locale\" content=\"es_ES\" \/>\n<meta property=\"og:type\" content=\"article\" \/>\n<meta property=\"og:title\" content=\"Conceptos clave\" \/>\n<meta property=\"og:description\" content=\"Al sentar las bases de modelos escalables de tenencia de la tierra para la agricultura urbana, algunos conceptos clave merecen una mayor exploraci\u00f3n, que se abordan en las subp\u00e1ginas de [&hellip;]\" \/>\n<meta property=\"og:url\" content=\"https:\/\/www.cltweb.org\/es\/biblioteca-de-recursos\/agricultura\/conceptos-clave\/\" \/>\n<meta property=\"og:site_name\" content=\"International Center for Community Land Trusts\" \/>\n<meta property=\"article:publisher\" content=\"https:\/\/www.facebook.com\/cltcenter\" \/>\n<meta property=\"article:modified_time\" content=\"2025-02-03T19:36:47+00:00\" \/>\n<meta name=\"twitter:card\" content=\"summary_large_image\" \/>\n<meta name=\"twitter:site\" content=\"@Center4CLTs\" \/>\n<meta name=\"twitter:label1\" content=\"Tiempo de lectura\" \/>\n\t<meta name=\"twitter:data1\" content=\"1 minuto\" \/>\n<script type=\"application\/ld+json\" class=\"yoast-schema-graph\">{\"@context\":\"https:\\\/\\\/schema.org\",\"@graph\":[{\"@type\":\"WebPage\",\"@id\":\"https:\\\/\\\/www.cltweb.org\\\/es\\\/biblioteca-de-recursos\\\/agricultura\\\/conceptos-clave\\\/\",\"url\":\"https:\\\/\\\/www.cltweb.org\\\/es\\\/biblioteca-de-recursos\\\/agricultura\\\/conceptos-clave\\\/\",\"name\":\"Conceptos clave - International Center for Community Land Trusts\",\"isPartOf\":{\"@id\":\"https:\\\/\\\/www.cltweb.org\\\/es\\\/#website\"},\"datePublished\":\"2024-07-29T23:03:09+00:00\",\"dateModified\":\"2025-02-03T19:36:47+00:00\",\"breadcrumb\":{\"@id\":\"https:\\\/\\\/www.cltweb.org\\\/es\\\/biblioteca-de-recursos\\\/agricultura\\\/conceptos-clave\\\/#breadcrumb\"},\"inLanguage\":\"es\",\"potentialAction\":[{\"@type\":\"ReadAction\",\"target\":[\"https:\\\/\\\/www.cltweb.org\\\/es\\\/biblioteca-de-recursos\\\/agricultura\\\/conceptos-clave\\\/\"]}]},{\"@type\":\"BreadcrumbList\",\"@id\":\"https:\\\/\\\/www.cltweb.org\\\/es\\\/biblioteca-de-recursos\\\/agricultura\\\/conceptos-clave\\\/#breadcrumb\",\"itemListElement\":[{\"@type\":\"ListItem\",\"position\":1,\"name\":\"Home\",\"item\":\"https:\\\/\\\/www.cltweb.org\\\/es\\\/\"},{\"@type\":\"ListItem\",\"position\":2,\"name\":\"Biblioteca de recursos\",\"item\":\"https:\\\/\\\/www.cltweb.org\\\/es\\\/biblioteca-de-recursos\\\/\"},{\"@type\":\"ListItem\",\"position\":3,\"name\":\"Tenencia de la tierra para la agricultura urbana\",\"item\":\"https:\\\/\\\/www.cltweb.org\\\/es\\\/biblioteca-de-recursos\\\/agricultura\\\/\"},{\"@type\":\"ListItem\",\"position\":4,\"name\":\"Conceptos clave\"}]},{\"@type\":\"WebSite\",\"@id\":\"https:\\\/\\\/www.cltweb.org\\\/es\\\/#website\",\"url\":\"https:\\\/\\\/www.cltweb.org\\\/es\\\/\",\"name\":\"International Center for Community Land Trusts\",\"description\":\"\",\"publisher\":{\"@id\":\"https:\\\/\\\/www.cltweb.org\\\/es\\\/#organization\"},\"potentialAction\":[{\"@type\":\"SearchAction\",\"target\":{\"@type\":\"EntryPoint\",\"urlTemplate\":\"https:\\\/\\\/www.cltweb.org\\\/es\\\/?s={search_term_string}\"},\"query-input\":{\"@type\":\"PropertyValueSpecification\",\"valueRequired\":true,\"valueName\":\"search_term_string\"}}],\"inLanguage\":\"es\"},{\"@type\":\"Organization\",\"@id\":\"https:\\\/\\\/www.cltweb.org\\\/es\\\/#organization\",\"name\":\"International Center for Community Land Trusts\",\"url\":\"https:\\\/\\\/www.cltweb.org\\\/es\\\/\",\"logo\":{\"@type\":\"ImageObject\",\"inLanguage\":\"es\",\"@id\":\"https:\\\/\\\/www.cltweb.org\\\/es\\\/#\\\/schema\\\/logo\\\/image\\\/\",\"url\":\"https:\\\/\\\/www.cltweb.org\\\/wp-content\\\/uploads\\\/2024\\\/11\\\/New-CLT-Center-Text-logo.png\",\"contentUrl\":\"https:\\\/\\\/www.cltweb.org\\\/wp-content\\\/uploads\\\/2024\\\/11\\\/New-CLT-Center-Text-logo.png\",\"width\":227,\"height\":80,\"caption\":\"International Center for Community Land Trusts\"},\"image\":{\"@id\":\"https:\\\/\\\/www.cltweb.org\\\/es\\\/#\\\/schema\\\/logo\\\/image\\\/\"},\"sameAs\":[\"https:\\\/\\\/www.facebook.com\\\/cltcenter\",\"https:\\\/\\\/x.com\\\/Center4CLTs\",\"https:\\\/\\\/www.instagram.com\\\/cltcenter\\\/\",\"https:\\\/\\\/www.linkedin.com\\\/company\\\/cltcenter\",\"https:\\\/\\\/www.youtube.com\\\/@centerforcltinnovation5313\"],\"description\":\"The International Center for Community Land Trusts is a not-for-profit nongovernmental organization established in 2018 to promote and to support community land trusts and similar strategies of community-led development on community-owned land in countries throughout the world.\",\"email\":\"info@communitylandtrust.net\",\"legalName\":\"International Center for Community Land Trusts\",\"foundingDate\":\"2018-12-01\",\"taxID\":\"84-3858933\",\"numberOfEmployees\":{\"@type\":\"QuantitativeValue\",\"minValue\":\"1\",\"maxValue\":\"10\"}}]}<\/script>\n<!-- \/ Yoast SEO Premium plugin. -->","yoast_head_json":{"title":"Conceptos clave - International Center for Community Land Trusts","robots":{"index":"index","follow":"follow","max-snippet":"max-snippet:-1","max-image-preview":"max-image-preview:large","max-video-preview":"max-video-preview:-1"},"canonical":"https:\/\/www.cltweb.org\/es\/biblioteca-de-recursos\/agricultura\/conceptos-clave\/","og_locale":"es_ES","og_type":"article","og_title":"Conceptos clave","og_description":"Al sentar las bases de modelos escalables de tenencia de la tierra para la agricultura urbana, algunos conceptos clave merecen una mayor exploraci\u00f3n, que se abordan en las subp\u00e1ginas de [&hellip;]","og_url":"https:\/\/www.cltweb.org\/es\/biblioteca-de-recursos\/agricultura\/conceptos-clave\/","og_site_name":"International Center for Community Land Trusts","article_publisher":"https:\/\/www.facebook.com\/cltcenter","article_modified_time":"2025-02-03T19:36:47+00:00","twitter_card":"summary_large_image","twitter_site":"@Center4CLTs","twitter_misc":{"Tiempo de lectura":"1 minuto"},"schema":{"@context":"https:\/\/schema.org","@graph":[{"@type":"WebPage","@id":"https:\/\/www.cltweb.org\/es\/biblioteca-de-recursos\/agricultura\/conceptos-clave\/","url":"https:\/\/www.cltweb.org\/es\/biblioteca-de-recursos\/agricultura\/conceptos-clave\/","name":"Conceptos clave - International Center for Community Land Trusts","isPartOf":{"@id":"https:\/\/www.cltweb.org\/es\/#website"},"datePublished":"2024-07-29T23:03:09+00:00","dateModified":"2025-02-03T19:36:47+00:00","breadcrumb":{"@id":"https:\/\/www.cltweb.org\/es\/biblioteca-de-recursos\/agricultura\/conceptos-clave\/#breadcrumb"},"inLanguage":"es","potentialAction":[{"@type":"ReadAction","target":["https:\/\/www.cltweb.org\/es\/biblioteca-de-recursos\/agricultura\/conceptos-clave\/"]}]},{"@type":"BreadcrumbList","@id":"https:\/\/www.cltweb.org\/es\/biblioteca-de-recursos\/agricultura\/conceptos-clave\/#breadcrumb","itemListElement":[{"@type":"ListItem","position":1,"name":"Home","item":"https:\/\/www.cltweb.org\/es\/"},{"@type":"ListItem","position":2,"name":"Biblioteca de recursos","item":"https:\/\/www.cltweb.org\/es\/biblioteca-de-recursos\/"},{"@type":"ListItem","position":3,"name":"Tenencia de la tierra para la agricultura urbana","item":"https:\/\/www.cltweb.org\/es\/biblioteca-de-recursos\/agricultura\/"},{"@type":"ListItem","position":4,"name":"Conceptos clave"}]},{"@type":"WebSite","@id":"https:\/\/www.cltweb.org\/es\/#website","url":"https:\/\/www.cltweb.org\/es\/","name":"International Center for Community Land Trusts","description":"","publisher":{"@id":"https:\/\/www.cltweb.org\/es\/#organization"},"potentialAction":[{"@type":"SearchAction","target":{"@type":"EntryPoint","urlTemplate":"https:\/\/www.cltweb.org\/es\/?s={search_term_string}"},"query-input":{"@type":"PropertyValueSpecification","valueRequired":true,"valueName":"search_term_string"}}],"inLanguage":"es"},{"@type":"Organization","@id":"https:\/\/www.cltweb.org\/es\/#organization","name":"International Center for Community Land Trusts","url":"https:\/\/www.cltweb.org\/es\/","logo":{"@type":"ImageObject","inLanguage":"es","@id":"https:\/\/www.cltweb.org\/es\/#\/schema\/logo\/image\/","url":"https:\/\/www.cltweb.org\/wp-content\/uploads\/2024\/11\/New-CLT-Center-Text-logo.png","contentUrl":"https:\/\/www.cltweb.org\/wp-content\/uploads\/2024\/11\/New-CLT-Center-Text-logo.png","width":227,"height":80,"caption":"International Center for Community Land Trusts"},"image":{"@id":"https:\/\/www.cltweb.org\/es\/#\/schema\/logo\/image\/"},"sameAs":["https:\/\/www.facebook.com\/cltcenter","https:\/\/x.com\/Center4CLTs","https:\/\/www.instagram.com\/cltcenter\/","https:\/\/www.linkedin.com\/company\/cltcenter","https:\/\/www.youtube.com\/@centerforcltinnovation5313"],"description":"The International Center for Community Land Trusts is a not-for-profit nongovernmental organization established in 2018 to promote and to support community land trusts and similar strategies of community-led development on community-owned land in countries throughout the world.","email":"info@communitylandtrust.net","legalName":"International Center for Community Land Trusts","foundingDate":"2018-12-01","taxID":"84-3858933","numberOfEmployees":{"@type":"QuantitativeValue","minValue":"1","maxValue":"10"}}]}},"campaignId":"","taxonomy_info":{"category":[{"value":126,"label":"Agricultura"}]},"featured_image_src_large":false,"author_info":{"display_name":"cltredesign_0jp0l4","author_link":"https:\/\/www.cltweb.org\/es\/author\/cltredesign_0jp0l4\/"},"comment_info":0,"jetpack_sharing_enabled":true,"jetpack-related-posts":[{"id":8717,"url":"https:\/\/www.cltweb.org\/es\/biblioteca-de-recursos\/agricultura\/conceptos-clave\/agricultura-participativa\/","url_meta":{"origin":1670,"position":0},"title":"Agricultura participativa","author":"cltredesign_0jp0l4","date":"2 de febrero de 2025","format":false,"excerpt":"Fuera de las ciudades, los agricultores pueden trabajar sus tierras sin preocuparse demasiado por sus vecinos. Pero en los entornos urbanos, los vecinos est\u00e1n mucho m\u00e1s cerca: es probable que los agricultores urbanos sientan importantes presiones para ser buenos miembros de la comunidad. Al comprometerse activamente con las comunidades en\u2026","rel":"","context":"En \u00abAgricultura\u00bb","block_context":{"text":"Agricultura","link":"https:\/\/www.cltweb.org\/es\/category\/agricultura-es\/"},"img":{"alt_text":"","src":"","width":0,"height":0},"classes":[]},{"id":8712,"url":"https:\/\/www.cltweb.org\/es\/biblioteca-de-recursos\/agricultura\/conceptos-clave\/respeto-del-lugar\/","url_meta":{"origin":1670,"position":1},"title":"Respeto del lugar","author":"cltredesign_0jp0l4","date":"2 de febrero de 2025","format":false,"excerpt":"Al intervenir en ese paisaje, los cultivadores urbanos y sus aliados deben comprender que cuando la tierra es barata, lo es por una raz\u00f3n. Un terreno bald\u00edo que podr\u00eda ser un emplazamiento asequible para una granja urbana tiene casi invariablemente una complicada historia social y medioambiental que est\u00e1 inscrita tanto\u2026","rel":"","context":"En \u00abAgricultura\u00bb","block_context":{"text":"Agricultura","link":"https:\/\/www.cltweb.org\/es\/category\/agricultura-es\/"},"img":{"alt_text":"","src":"","width":0,"height":0},"classes":[]},{"id":2854,"url":"https:\/\/www.cltweb.org\/es\/biblioteca-de-recursos\/agricultura\/conceptos-clave\/blindar-la-tierra-de-la-especulacion\/","url_meta":{"origin":1670,"position":2},"title":"Blindar la tierra de la especulaci\u00f3n","author":"cltredesign_0jp0l4","date":"4 de octubre de 2024","format":false,"excerpt":"Si el suelo asequible es clave para una agricultura urbana comercialmente viable y comprometida con la comunidad, la cuesti\u00f3n es c\u00f3mo proteger la asequibilidad a largo plazo. Esto significa, por un lado, garantizar que las granjas urbanas no se vean desplazadas por el r\u00e1pido aumento de los precios en un\u2026","rel":"","context":"Entrada similar","block_context":{"text":"Entrada similar","link":""},"img":{"alt_text":"","src":"","width":0,"height":0},"classes":[]},{"id":8699,"url":"https:\/\/www.cltweb.org\/es\/biblioteca-de-recursos\/agricultura\/conceptos-clave\/tenencia-de-la-tierra-a-su-medida\/","url_meta":{"origin":1670,"position":3},"title":"Tenencia de la Tierra a su Medida","author":"cltredesign_0jp0l4","date":"2 de febrero de 2025","format":false,"excerpt":"La tenencia de la tierra debe permitir al agricultor recuperar sus inversiones. Aunque los modelos de negocio \"pop-up\" son cada vez m\u00e1s populares en los sectores de la restauraci\u00f3n y la venta al por menor, es un modelo dif\u00edcil para el cultivo urbano. El acceso a la tierra para una\u2026","rel":"","context":"En \u00abAgricultura\u00bb","block_context":{"text":"Agricultura","link":"https:\/\/www.cltweb.org\/es\/category\/agricultura-es\/"},"img":{"alt_text":"","src":"","width":0,"height":0},"classes":[]},{"id":824,"url":"https:\/\/www.cltweb.org\/es\/biblioteca-de-recursos\/agricultura\/","url_meta":{"origin":1670,"position":4},"title":"Tenencia de la tierra para la agricultura urbana","author":"cltredesign_0jp0l4","date":"26 de julio de 2024","format":false,"excerpt":"Tenencia de la tierra para la agricultura urbana En ciudades de todo Estados Unidos, la gente busca en las granjas urbanas una amplia gama de beneficios. Las granjas urbanas proporcionan alimentos frescos a los residentes de los barrios y a tiendas y restaurantes. Ayudan a mantener h\u00e1bitos alimentarios saludables y\u2026","rel":"","context":"En \u00abInvestiga\u00bb","block_context":{"text":"Investiga","link":"https:\/\/www.cltweb.org\/es\/category\/investiga-es\/"},"img":{"alt_text":"","src":"","width":0,"height":0},"classes":[]},{"id":8694,"url":"https:\/\/www.cltweb.org\/es\/biblioteca-de-recursos\/agricultura\/conceptos-clave\/impuestos-sobre-bienes-inmuebles\/","url_meta":{"origin":1670,"position":5},"title":"Impuestos sobre bienes inmuebles","author":"cltredesign_0jp0l4","date":"2 de febrero de 2025","format":false,"excerpt":"Hablando desde la perspectiva del cultivador y propietario de tierras, siempre es mejor reducir o eliminar los impuestos sobre la propiedad para proteger la asequibilidad de las tierras agr\u00edcolas urbanas. Por supuesto, la autoridad tributaria puede tener una perspectiva diferente, pero hay formas de estructurar la propiedad de la tierra\u2026","rel":"","context":"En \u00abAgricultura\u00bb","block_context":{"text":"Agricultura","link":"https:\/\/www.cltweb.org\/es\/category\/agricultura-es\/"},"img":{"alt_text":"","src":"","width":0,"height":0},"classes":[]}],"_links":{"self":[{"href":"https:\/\/www.cltweb.org\/es\/wp-json\/wp\/v2\/pages\/1670","targetHints":{"allow":["GET"]}}],"collection":[{"href":"https:\/\/www.cltweb.org\/es\/wp-json\/wp\/v2\/pages"}],"about":[{"href":"https:\/\/www.cltweb.org\/es\/wp-json\/wp\/v2\/types\/page"}],"author":[{"embeddable":true,"href":"https:\/\/www.cltweb.org\/es\/wp-json\/wp\/v2\/users\/1"}],"replies":[{"embeddable":true,"href":"https:\/\/www.cltweb.org\/es\/wp-json\/wp\/v2\/comments?post=1670"}],"version-history":[{"count":4,"href":"https:\/\/www.cltweb.org\/es\/wp-json\/wp\/v2\/pages\/1670\/revisions"}],"predecessor-version":[{"id":8848,"href":"https:\/\/www.cltweb.org\/es\/wp-json\/wp\/v2\/pages\/1670\/revisions\/8848"}],"up":[{"embeddable":true,"href":"https:\/\/www.cltweb.org\/es\/wp-json\/wp\/v2\/pages\/824"}],"wp:attachment":[{"href":"https:\/\/www.cltweb.org\/es\/wp-json\/wp\/v2\/media?parent=1670"}],"wp:term":[{"taxonomy":"category","embeddable":true,"href":"https:\/\/www.cltweb.org\/es\/wp-json\/wp\/v2\/categories?post=1670"},{"taxonomy":"post_tag","embeddable":true,"href":"https:\/\/www.cltweb.org\/es\/wp-json\/wp\/v2\/tags?post=1670"}],"curies":[{"name":"wp","href":"https:\/\/api.w.org\/{rel}","templated":true}]}}