{"id":1680,"date":"2024-07-29T23:02:46","date_gmt":"2024-07-29T23:02:46","guid":{"rendered":"https:\/\/www.cltweb.org\/que-hacen-los-clt\/agricultura\/desafios\/"},"modified":"2025-02-02T20:19:08","modified_gmt":"2025-02-02T20:19:08","slug":"desafios","status":"publish","type":"page","link":"https:\/\/www.cltweb.org\/es\/biblioteca-de-recursos\/agricultura\/desafios\/","title":{"rendered":"Desaf\u00edos"},"content":{"rendered":"\n<h2 class=\"wp-block-heading\" id=\"h-the-need-for-affordable-land\">La necesidad de suelo asequible<\/h2>\n\n<p>El elevado coste del suelo urbano en relaci\u00f3n con el rural plantea un gran problema a los aspirantes a agricultores urbanos. A diferencia de los agricultores rurales, compiten por la tierra con multitud de otros usuarios potenciales, lo que a su vez crea presiones inflacionistas sobre los precios de la tierra. En Wisconsin, por ejemplo, los alquileres de tierras de cultivo en las zonas rurales alcanzaron una media de 228 $ por acre en 2015. Se trata de una peque\u00f1a fracci\u00f3n del precio que tendr\u00eda que pagar un agricultor urbano por un acre de tierra cultivable a precios de mercado en Chicago. Sin embargo, los alimentos cultivados en las ciudades deben seguir siendo competitivos en precio con los cultivados en las zonas rurales. Pocos cultivos, si es que hay alguno, pueden venderse a precios que cubran los mayores costes de la tierra, y los agricultores urbanos no pueden limitarse a a\u00f1adir una prima que refleje el valor de las contribuciones que hacen a sus barrios.     <\/p>\n\n<p>Este estrangulamiento entre el precio de sus productos y el coste de la tierra lleva a muchos agricultores urbanos a buscar terrenos gratuitos o de bajo coste. Esta b\u00fasqueda suele conducir a las partes de las ciudades donde el valor de mercado de la tierra est\u00e1 m\u00e1s deprimido. Se trata de barrios con historias demasiado familiares de desinversi\u00f3n relacionadas con la huida de los residentes blancos -y, cada vez m\u00e1s, no blancos- a los suburbios. Son barrios a los que tambi\u00e9n ha huido la industria, trasladando puestos de trabajo al extranjero y dejando a menudo contaminaci\u00f3n a su paso. Estos factores moderan las presiones que, en circunstancias econ\u00f3micas, comunitarias y medioambientales m\u00e1s saludables, har\u00edan subir el precio del escaso suelo urbano. Pero, al mismo tiempo, presentan retos y oportunidades diferentes de los que afrontan los agricultores en los entornos rurales .     <\/p>\n\n<h2 class=\"wp-block-heading\" id=\"h-the-need-for-tenure-protections\">La necesidad de protecci\u00f3n de la titularidad<\/h2>\n\n<p>En los \u00faltimos quince a\u00f1os, la agricultura urbana ha sido cada vez m\u00e1s reconocida como tema de planificaci\u00f3n urbana en Estados Unidos. Los resultados de Google Scholar muestran un aumento exponencial desde 1999 de libros y art\u00edculos que mencionan la agricultura urbana junto con la planificaci\u00f3n urbana. Durante el mismo periodo, se ha producido un crecimiento m\u00e1s lento pero constante de los trabajos que mencionan la agricultura urbana junto con la tenencia de la tierra y la planificaci\u00f3n urbana.  <\/p>\n\n<p>Estas tendencias reflejan una tendencia a considerar la producci\u00f3n de alimentos como un elemento beneficioso que debe integrarse en el paisaje urbano a largo plazo. Puede que haya un movimiento en marcha para ver las granjas urbanas como algo m\u00e1s que restos de campo en la periferia urbana destinados a la urbanizaci\u00f3n, o un uso provisional para solares no urbanizados en el centro de la ciudad. Los urbanistas reconocen cada vez m\u00e1s los muchos beneficios asociados a la producci\u00f3n urbana de alimentos; algunos tambi\u00e9n reconocen que podr\u00edan pasar d\u00e9cadas antes de que los barrios despoblados recuperen algo parecido a su densidad anterior, si es que alguna vez la recuperan. Los urbanistas y los cargos electos han empezado a redactar planes maestros, modificar los c\u00f3digos de zonificaci\u00f3n y replantearse otras normativas para fomentar y proteger la agricultura urbana.   <\/p>\n\n<p>La perspectiva de una tenencia de la tierra a largo plazo crea oportunidades que antes no estaban al alcance de los agricultores urbanos. Hace imaginable solicitar la certificaci\u00f3n ecol\u00f3gica, un proceso que a menudo tarda al menos tres a\u00f1os en completarse. Y justifica nuevos niveles de inversi\u00f3n en infraestructuras y saneamiento del suelo, que para los cultivadores que operan sobre una base anual no es econ\u00f3micamente viable.  <\/p>\n\n<p>Por supuesto, los elevados costes de la tierra y las presiones del mercado destacan como el mayor obst\u00e1culo para la tenencia de tierras a largo plazo para los agricultores urbanos. Es dif\u00edcil discutir el hecho de que otras formas de desarrollo pueden producir tasas de rendimiento mucho m\u00e1s elevadas para los inversores, lo que obliga a los agricultores urbanos a argumentar por qu\u00e9 merecen tener acceso a terrenos que, de otro modo, no estar\u00edan urbanizados, a tasas inferiores a las del mercado. <\/p>\n\n<p>Hay que admitir que la tenencia a largo plazo puede no ser el objetivo final para todos los agricultores o todos los barrios. Los arrendamientos a muy largo plazo o la propiedad absoluta pueden ser a menudo la mejor opci\u00f3n para las organizaciones agr\u00edcolas sin \u00e1nimo de lucro que proporcionan formaci\u00f3n a los agricultores, o para empresas con \u00e1nimo de lucro dirigidas por agricultores con mucha experiencia. Pero los nuevos agricultores que se grad\u00faan en programas de formaci\u00f3n pueden necesitar unos a\u00f1os para experimentar con modelos empresariales o reconocer la realidad frente al romanticismo del cultivo urbano. Como es posible que muchos no sigan cultivando m\u00e1s all\u00e1 de los primeros a\u00f1os, los arrendamientos a corto plazo pueden ser una buena opci\u00f3n.   <\/p>\n","protected":false},"excerpt":{"rendered":"<p>La necesidad de suelo asequible El elevado coste del suelo urbano en relaci\u00f3n con el rural plantea un gran problema a los aspirantes a agricultores urbanos. A diferencia de los [&hellip;]<\/p>\n","protected":false},"author":1,"featured_media":0,"parent":824,"menu_order":0,"comment_status":"closed","ping_status":"closed","template":"","meta":{"give_campaign_id":0,"_tec_requires_first_save":true,"_kad_blocks_custom_css":"","_kad_blocks_head_custom_js":"","_kad_blocks_body_custom_js":"","_kad_blocks_footer_custom_js":"","_EventAllDay":false,"_EventTimezone":"","_EventStartDate":"","_EventEndDate":"","_EventStartDateUTC":"","_EventEndDateUTC":"","_EventShowMap":false,"_EventShowMapLink":false,"_EventURL":"","_EventCost":"","_EventCostDescription":"","_EventCurrencySymbol":"","_EventCurrencyCode":"","_EventCurrencyPosition":"","_EventDateTimeSeparator":"","_EventTimeRangeSeparator":"","_EventOrganizerID":[],"_EventVenueID":[],"_OrganizerEmail":"","_OrganizerPhone":"","_OrganizerWebsite":"","_VenueAddress":"","_VenueCity":"","_VenueCountry":"","_VenueProvince":"","_VenueState":"","_VenueZip":"","_VenuePhone":"","_VenueURL":"","_VenueStateProvince":"","_VenueLat":"","_VenueLng":"","_VenueShowMap":false,"_VenueShowMapLink":false,"_tribe_blocks_recurrence_rules":"","_tribe_blocks_recurrence_description":"","_tribe_blocks_recurrence_exclusions":"","footnotes":""},"categories":[126],"tags":[],"class_list":["post-1680","page","type-page","status-publish","hentry","category-agricultura-es"],"blocksy_meta":[],"yoast_head":"<!-- This site is optimized with the Yoast SEO Premium plugin v27.5 (Yoast SEO v27.5) - https:\/\/yoast.com\/product\/yoast-seo-premium-wordpress\/ -->\n<title>Desaf\u00edos - International Center for Community Land Trusts<\/title>\n<meta name=\"robots\" content=\"index, follow, max-snippet:-1, max-image-preview:large, max-video-preview:-1\" \/>\n<link rel=\"canonical\" href=\"https:\/\/www.cltweb.org\/es\/biblioteca-de-recursos\/agricultura\/desafios\/\" \/>\n<meta property=\"og:locale\" content=\"es_ES\" \/>\n<meta property=\"og:type\" content=\"article\" \/>\n<meta property=\"og:title\" content=\"Desaf\u00edos\" \/>\n<meta property=\"og:description\" content=\"La necesidad de suelo asequible El elevado coste del suelo urbano en relaci\u00f3n con el rural plantea un gran problema a los aspirantes a agricultores urbanos. A diferencia de los [&hellip;]\" \/>\n<meta property=\"og:url\" content=\"https:\/\/www.cltweb.org\/es\/biblioteca-de-recursos\/agricultura\/desafios\/\" \/>\n<meta property=\"og:site_name\" content=\"International Center for Community Land Trusts\" \/>\n<meta property=\"article:publisher\" content=\"https:\/\/www.facebook.com\/cltcenter\" \/>\n<meta property=\"article:modified_time\" content=\"2025-02-02T20:19:08+00:00\" \/>\n<meta name=\"twitter:card\" content=\"summary_large_image\" \/>\n<meta name=\"twitter:site\" content=\"@Center4CLTs\" \/>\n<meta name=\"twitter:label1\" content=\"Tiempo de lectura\" \/>\n\t<meta name=\"twitter:data1\" content=\"4 minutos\" \/>\n<script type=\"application\/ld+json\" class=\"yoast-schema-graph\">{\"@context\":\"https:\\\/\\\/schema.org\",\"@graph\":[{\"@type\":\"WebPage\",\"@id\":\"https:\\\/\\\/www.cltweb.org\\\/es\\\/biblioteca-de-recursos\\\/agricultura\\\/desafios\\\/\",\"url\":\"https:\\\/\\\/www.cltweb.org\\\/es\\\/biblioteca-de-recursos\\\/agricultura\\\/desafios\\\/\",\"name\":\"Desaf\u00edos - International Center for Community Land Trusts\",\"isPartOf\":{\"@id\":\"https:\\\/\\\/www.cltweb.org\\\/es\\\/#website\"},\"datePublished\":\"2024-07-29T23:02:46+00:00\",\"dateModified\":\"2025-02-02T20:19:08+00:00\",\"breadcrumb\":{\"@id\":\"https:\\\/\\\/www.cltweb.org\\\/es\\\/biblioteca-de-recursos\\\/agricultura\\\/desafios\\\/#breadcrumb\"},\"inLanguage\":\"es\",\"potentialAction\":[{\"@type\":\"ReadAction\",\"target\":[\"https:\\\/\\\/www.cltweb.org\\\/es\\\/biblioteca-de-recursos\\\/agricultura\\\/desafios\\\/\"]}]},{\"@type\":\"BreadcrumbList\",\"@id\":\"https:\\\/\\\/www.cltweb.org\\\/es\\\/biblioteca-de-recursos\\\/agricultura\\\/desafios\\\/#breadcrumb\",\"itemListElement\":[{\"@type\":\"ListItem\",\"position\":1,\"name\":\"Home\",\"item\":\"https:\\\/\\\/www.cltweb.org\\\/es\\\/\"},{\"@type\":\"ListItem\",\"position\":2,\"name\":\"Biblioteca de recursos\",\"item\":\"https:\\\/\\\/www.cltweb.org\\\/es\\\/biblioteca-de-recursos\\\/\"},{\"@type\":\"ListItem\",\"position\":3,\"name\":\"Tenencia de la tierra para la agricultura urbana\",\"item\":\"https:\\\/\\\/www.cltweb.org\\\/es\\\/biblioteca-de-recursos\\\/agricultura\\\/\"},{\"@type\":\"ListItem\",\"position\":4,\"name\":\"Desaf\u00edos\"}]},{\"@type\":\"WebSite\",\"@id\":\"https:\\\/\\\/www.cltweb.org\\\/es\\\/#website\",\"url\":\"https:\\\/\\\/www.cltweb.org\\\/es\\\/\",\"name\":\"International Center for Community Land Trusts\",\"description\":\"\",\"publisher\":{\"@id\":\"https:\\\/\\\/www.cltweb.org\\\/es\\\/#organization\"},\"potentialAction\":[{\"@type\":\"SearchAction\",\"target\":{\"@type\":\"EntryPoint\",\"urlTemplate\":\"https:\\\/\\\/www.cltweb.org\\\/es\\\/?s={search_term_string}\"},\"query-input\":{\"@type\":\"PropertyValueSpecification\",\"valueRequired\":true,\"valueName\":\"search_term_string\"}}],\"inLanguage\":\"es\"},{\"@type\":\"Organization\",\"@id\":\"https:\\\/\\\/www.cltweb.org\\\/es\\\/#organization\",\"name\":\"International Center for Community Land Trusts\",\"url\":\"https:\\\/\\\/www.cltweb.org\\\/es\\\/\",\"logo\":{\"@type\":\"ImageObject\",\"inLanguage\":\"es\",\"@id\":\"https:\\\/\\\/www.cltweb.org\\\/es\\\/#\\\/schema\\\/logo\\\/image\\\/\",\"url\":\"https:\\\/\\\/www.cltweb.org\\\/wp-content\\\/uploads\\\/2024\\\/11\\\/New-CLT-Center-Text-logo.png\",\"contentUrl\":\"https:\\\/\\\/www.cltweb.org\\\/wp-content\\\/uploads\\\/2024\\\/11\\\/New-CLT-Center-Text-logo.png\",\"width\":227,\"height\":80,\"caption\":\"International Center for Community Land Trusts\"},\"image\":{\"@id\":\"https:\\\/\\\/www.cltweb.org\\\/es\\\/#\\\/schema\\\/logo\\\/image\\\/\"},\"sameAs\":[\"https:\\\/\\\/www.facebook.com\\\/cltcenter\",\"https:\\\/\\\/x.com\\\/Center4CLTs\",\"https:\\\/\\\/www.instagram.com\\\/cltcenter\\\/\",\"https:\\\/\\\/www.linkedin.com\\\/company\\\/cltcenter\",\"https:\\\/\\\/www.youtube.com\\\/@centerforcltinnovation5313\"],\"description\":\"The International Center for Community Land Trusts is a not-for-profit nongovernmental organization established in 2018 to promote and to support community land trusts and similar strategies of community-led development on community-owned land in countries throughout the world.\",\"email\":\"info@communitylandtrust.net\",\"legalName\":\"International Center for Community Land Trusts\",\"foundingDate\":\"2018-12-01\",\"taxID\":\"84-3858933\",\"numberOfEmployees\":{\"@type\":\"QuantitativeValue\",\"minValue\":\"1\",\"maxValue\":\"10\"}}]}<\/script>\n<!-- \/ Yoast SEO Premium plugin. -->","yoast_head_json":{"title":"Desaf\u00edos - International Center for Community Land Trusts","robots":{"index":"index","follow":"follow","max-snippet":"max-snippet:-1","max-image-preview":"max-image-preview:large","max-video-preview":"max-video-preview:-1"},"canonical":"https:\/\/www.cltweb.org\/es\/biblioteca-de-recursos\/agricultura\/desafios\/","og_locale":"es_ES","og_type":"article","og_title":"Desaf\u00edos","og_description":"La necesidad de suelo asequible El elevado coste del suelo urbano en relaci\u00f3n con el rural plantea un gran problema a los aspirantes a agricultores urbanos. A diferencia de los [&hellip;]","og_url":"https:\/\/www.cltweb.org\/es\/biblioteca-de-recursos\/agricultura\/desafios\/","og_site_name":"International Center for Community Land Trusts","article_publisher":"https:\/\/www.facebook.com\/cltcenter","article_modified_time":"2025-02-02T20:19:08+00:00","twitter_card":"summary_large_image","twitter_site":"@Center4CLTs","twitter_misc":{"Tiempo de lectura":"4 minutos"},"schema":{"@context":"https:\/\/schema.org","@graph":[{"@type":"WebPage","@id":"https:\/\/www.cltweb.org\/es\/biblioteca-de-recursos\/agricultura\/desafios\/","url":"https:\/\/www.cltweb.org\/es\/biblioteca-de-recursos\/agricultura\/desafios\/","name":"Desaf\u00edos - International Center for Community Land Trusts","isPartOf":{"@id":"https:\/\/www.cltweb.org\/es\/#website"},"datePublished":"2024-07-29T23:02:46+00:00","dateModified":"2025-02-02T20:19:08+00:00","breadcrumb":{"@id":"https:\/\/www.cltweb.org\/es\/biblioteca-de-recursos\/agricultura\/desafios\/#breadcrumb"},"inLanguage":"es","potentialAction":[{"@type":"ReadAction","target":["https:\/\/www.cltweb.org\/es\/biblioteca-de-recursos\/agricultura\/desafios\/"]}]},{"@type":"BreadcrumbList","@id":"https:\/\/www.cltweb.org\/es\/biblioteca-de-recursos\/agricultura\/desafios\/#breadcrumb","itemListElement":[{"@type":"ListItem","position":1,"name":"Home","item":"https:\/\/www.cltweb.org\/es\/"},{"@type":"ListItem","position":2,"name":"Biblioteca de recursos","item":"https:\/\/www.cltweb.org\/es\/biblioteca-de-recursos\/"},{"@type":"ListItem","position":3,"name":"Tenencia de la tierra para la agricultura urbana","item":"https:\/\/www.cltweb.org\/es\/biblioteca-de-recursos\/agricultura\/"},{"@type":"ListItem","position":4,"name":"Desaf\u00edos"}]},{"@type":"WebSite","@id":"https:\/\/www.cltweb.org\/es\/#website","url":"https:\/\/www.cltweb.org\/es\/","name":"International Center for Community Land Trusts","description":"","publisher":{"@id":"https:\/\/www.cltweb.org\/es\/#organization"},"potentialAction":[{"@type":"SearchAction","target":{"@type":"EntryPoint","urlTemplate":"https:\/\/www.cltweb.org\/es\/?s={search_term_string}"},"query-input":{"@type":"PropertyValueSpecification","valueRequired":true,"valueName":"search_term_string"}}],"inLanguage":"es"},{"@type":"Organization","@id":"https:\/\/www.cltweb.org\/es\/#organization","name":"International Center for Community Land Trusts","url":"https:\/\/www.cltweb.org\/es\/","logo":{"@type":"ImageObject","inLanguage":"es","@id":"https:\/\/www.cltweb.org\/es\/#\/schema\/logo\/image\/","url":"https:\/\/www.cltweb.org\/wp-content\/uploads\/2024\/11\/New-CLT-Center-Text-logo.png","contentUrl":"https:\/\/www.cltweb.org\/wp-content\/uploads\/2024\/11\/New-CLT-Center-Text-logo.png","width":227,"height":80,"caption":"International Center for Community Land Trusts"},"image":{"@id":"https:\/\/www.cltweb.org\/es\/#\/schema\/logo\/image\/"},"sameAs":["https:\/\/www.facebook.com\/cltcenter","https:\/\/x.com\/Center4CLTs","https:\/\/www.instagram.com\/cltcenter\/","https:\/\/www.linkedin.com\/company\/cltcenter","https:\/\/www.youtube.com\/@centerforcltinnovation5313"],"description":"The International Center for Community Land Trusts is a not-for-profit nongovernmental organization established in 2018 to promote and to support community land trusts and similar strategies of community-led development on community-owned land in countries throughout the world.","email":"info@communitylandtrust.net","legalName":"International Center for Community Land Trusts","foundingDate":"2018-12-01","taxID":"84-3858933","numberOfEmployees":{"@type":"QuantitativeValue","minValue":"1","maxValue":"10"}}]}},"campaignId":"","taxonomy_info":{"category":[{"value":126,"label":"Agricultura"}]},"featured_image_src_large":false,"author_info":{"display_name":"cltredesign_0jp0l4","author_link":"https:\/\/www.cltweb.org\/es\/author\/cltredesign_0jp0l4\/"},"comment_info":0,"jetpack_sharing_enabled":true,"jetpack-related-posts":[{"id":1650,"url":"https:\/\/www.cltweb.org\/es\/biblioteca-de-recursos\/agricultura\/cuestiones-estrategicas\/","url_meta":{"origin":1680,"position":0},"title":"Cuestiones estrat\u00e9gicas","author":"cltredesign_0jp0l4","date":"29 de julio de 2024","format":false,"excerpt":"\u00bfC\u00f3mo se garantizar\u00e1 la tierra a los agricultores? Aunque \u00e9sta es la pregunta central que debe responder un modelo de tenencia de la tierra, no esperamos que haya una respuesta \u00fanica. De hecho, como sugerimos en la secci\u00f3n anterior, la tierra puede asegurarse de forma diferente para los agricultores que\u2026","rel":"","context":"En \u00abAgricultura\u00bb","block_context":{"text":"Agricultura","link":"https:\/\/www.cltweb.org\/es\/category\/agricultura-es\/"},"img":{"alt_text":"","src":"","width":0,"height":0},"classes":[]},{"id":8762,"url":"https:\/\/www.cltweb.org\/es\/biblioteca-de-recursos\/agricultura\/el-modelo-de-servidor-central\/un-fondo-de-tierras-para-granjas-comerciales-urbanas\/","url_meta":{"origin":1680,"position":1},"title":"\u00bfUn Fondo de Tierras para Granjas Comerciales Urbanas?","author":"cltredesign_0jp0l4","date":"2 de febrero de 2025","format":false,"excerpt":"La tenencia de tierras agr\u00edcolas en fideicomiso sirve de complemento potencial para los modelos de agricultura urbana empresarial con \u00e1nimo de lucro. Los responsables de las fundaciones, en particular, est\u00e1n interesados en el potencial del sector de la agricultura urbana para ir m\u00e1s all\u00e1 de los modelos empresariales sin \u00e1nimo\u2026","rel":"","context":"En \u00abAgricultura\u00bb","block_context":{"text":"Agricultura","link":"https:\/\/www.cltweb.org\/es\/category\/agricultura-es\/"},"img":{"alt_text":"","src":"","width":0,"height":0},"classes":[]},{"id":8717,"url":"https:\/\/www.cltweb.org\/es\/biblioteca-de-recursos\/agricultura\/conceptos-clave\/agricultura-participativa\/","url_meta":{"origin":1680,"position":2},"title":"Agricultura participativa","author":"cltredesign_0jp0l4","date":"2 de febrero de 2025","format":false,"excerpt":"Fuera de las ciudades, los agricultores pueden trabajar sus tierras sin preocuparse demasiado por sus vecinos. Pero en los entornos urbanos, los vecinos est\u00e1n mucho m\u00e1s cerca: es probable que los agricultores urbanos sientan importantes presiones para ser buenos miembros de la comunidad. Al comprometerse activamente con las comunidades en\u2026","rel":"","context":"En \u00abAgricultura\u00bb","block_context":{"text":"Agricultura","link":"https:\/\/www.cltweb.org\/es\/category\/agricultura-es\/"},"img":{"alt_text":"","src":"","width":0,"height":0},"classes":[]},{"id":2854,"url":"https:\/\/www.cltweb.org\/es\/biblioteca-de-recursos\/agricultura\/conceptos-clave\/blindar-la-tierra-de-la-especulacion\/","url_meta":{"origin":1680,"position":3},"title":"Blindar la tierra de la especulaci\u00f3n","author":"cltredesign_0jp0l4","date":"4 de octubre de 2024","format":false,"excerpt":"Si el suelo asequible es clave para una agricultura urbana comercialmente viable y comprometida con la comunidad, la cuesti\u00f3n es c\u00f3mo proteger la asequibilidad a largo plazo. Esto significa, por un lado, garantizar que las granjas urbanas no se vean desplazadas por el r\u00e1pido aumento de los precios en un\u2026","rel":"","context":"Entrada similar","block_context":{"text":"Entrada similar","link":""},"img":{"alt_text":"","src":"","width":0,"height":0},"classes":[]},{"id":8699,"url":"https:\/\/www.cltweb.org\/es\/biblioteca-de-recursos\/agricultura\/conceptos-clave\/tenencia-de-la-tierra-a-su-medida\/","url_meta":{"origin":1680,"position":4},"title":"Tenencia de la Tierra a su Medida","author":"cltredesign_0jp0l4","date":"2 de febrero de 2025","format":false,"excerpt":"La tenencia de la tierra debe permitir al agricultor recuperar sus inversiones. Aunque los modelos de negocio \"pop-up\" son cada vez m\u00e1s populares en los sectores de la restauraci\u00f3n y la venta al por menor, es un modelo dif\u00edcil para el cultivo urbano. El acceso a la tierra para una\u2026","rel":"","context":"En \u00abAgricultura\u00bb","block_context":{"text":"Agricultura","link":"https:\/\/www.cltweb.org\/es\/category\/agricultura-es\/"},"img":{"alt_text":"","src":"","width":0,"height":0},"classes":[]},{"id":8729,"url":"https:\/\/www.cltweb.org\/es\/biblioteca-de-recursos\/agricultura\/el-papel-de-los-fideicomisos-de-tierras\/fideicomisos-comunitarios-de-la-tierra\/","url_meta":{"origin":1680,"position":5},"title":"Fideicomisos comunitarios de la tierra","author":"cltredesign_0jp0l4","date":"2 de febrero de 2025","format":false,"excerpt":"Desde la d\u00e9cada de 1960, el fideicomiso de la tierra comunitario se desarroll\u00f3 como apoyo a la vivienda asequible en Estados Unidos. En el sector de la vivienda, el modelo CLT combina dos innovaciones b\u00e1sicas en la gobernanza del suelo. La primera innovaci\u00f3n consiste en separar la propiedad de una\u2026","rel":"","context":"Entrada similar","block_context":{"text":"Entrada similar","link":""},"img":{"alt_text":"","src":"","width":0,"height":0},"classes":[]}],"_links":{"self":[{"href":"https:\/\/www.cltweb.org\/es\/wp-json\/wp\/v2\/pages\/1680","targetHints":{"allow":["GET"]}}],"collection":[{"href":"https:\/\/www.cltweb.org\/es\/wp-json\/wp\/v2\/pages"}],"about":[{"href":"https:\/\/www.cltweb.org\/es\/wp-json\/wp\/v2\/types\/page"}],"author":[{"embeddable":true,"href":"https:\/\/www.cltweb.org\/es\/wp-json\/wp\/v2\/users\/1"}],"replies":[{"embeddable":true,"href":"https:\/\/www.cltweb.org\/es\/wp-json\/wp\/v2\/comments?post=1680"}],"version-history":[{"count":2,"href":"https:\/\/www.cltweb.org\/es\/wp-json\/wp\/v2\/pages\/1680\/revisions"}],"predecessor-version":[{"id":8636,"href":"https:\/\/www.cltweb.org\/es\/wp-json\/wp\/v2\/pages\/1680\/revisions\/8636"}],"up":[{"embeddable":true,"href":"https:\/\/www.cltweb.org\/es\/wp-json\/wp\/v2\/pages\/824"}],"wp:attachment":[{"href":"https:\/\/www.cltweb.org\/es\/wp-json\/wp\/v2\/media?parent=1680"}],"wp:term":[{"taxonomy":"category","embeddable":true,"href":"https:\/\/www.cltweb.org\/es\/wp-json\/wp\/v2\/categories?post=1680"},{"taxonomy":"post_tag","embeddable":true,"href":"https:\/\/www.cltweb.org\/es\/wp-json\/wp\/v2\/tags?post=1680"}],"curies":[{"name":"wp","href":"https:\/\/api.w.org\/{rel}","templated":true}]}}