{"id":1681,"date":"2024-07-29T22:54:21","date_gmt":"2024-07-29T22:54:21","guid":{"rendered":"https:\/\/www.cltweb.org\/propagar-el-clt-en-el-extranjero\/"},"modified":"2024-09-11T17:18:13","modified_gmt":"2024-09-11T17:18:13","slug":"propagar-el-clt-en-el-extranjero","status":"publish","type":"page","link":"https:\/\/www.cltweb.org\/es\/biblioteca-de-recursos\/raices-del-clt\/propagar-el-clt-en-el-extranjero\/","title":{"rendered":"Propagar el CLT en el extranjero"},"content":{"rendered":"","protected":false},"excerpt":{"rendered":"","protected":false},"author":1,"featured_media":0,"parent":1926,"menu_order":4,"comment_status":"closed","ping_status":"closed","template":"","meta":{"give_campaign_id":0,"_tec_requires_first_save":true,"_kad_blocks_custom_css":"","_kad_blocks_head_custom_js":"","_kad_blocks_body_custom_js":"","_kad_blocks_footer_custom_js":"","_EventAllDay":false,"_EventTimezone":"","_EventStartDate":"","_EventEndDate":"","_EventStartDateUTC":"","_EventEndDateUTC":"","_EventShowMap":false,"_EventShowMapLink":false,"_EventURL":"","_EventCost":"","_EventCostDescription":"","_EventCurrencySymbol":"","_EventCurrencyCode":"","_EventCurrencyPosition":"","_EventDateTimeSeparator":"","_EventTimeRangeSeparator":"","_EventOrganizerID":[],"_EventVenueID":[],"_OrganizerEmail":"","_OrganizerPhone":"","_OrganizerWebsite":"","_VenueAddress":"","_VenueCity":"","_VenueCountry":"","_VenueProvince":"","_VenueState":"","_VenueZip":"","_VenuePhone":"","_VenueURL":"","_VenueStateProvince":"","_VenueLat":"","_VenueLng":"","_VenueShowMap":false,"_VenueShowMapLink":false,"_tribe_blocks_recurrence_rules":"","_tribe_blocks_recurrence_description":"","_tribe_blocks_recurrence_exclusions":"","footnotes":""},"categories":[131],"tags":[],"class_list":["post-1681","page","type-page","status-publish","hentry","category-raices-del-clt"],"blocksy_meta":[],"yoast_head":"<!-- This site is optimized with the Yoast SEO Premium plugin v27.5 (Yoast SEO v27.5) - https:\/\/yoast.com\/product\/yoast-seo-premium-wordpress\/ -->\n<title>Propagar el CLT en el extranjero - International Center for Community Land Trusts<\/title>\n<meta name=\"robots\" content=\"index, follow, max-snippet:-1, max-image-preview:large, max-video-preview:-1\" \/>\n<link rel=\"canonical\" href=\"https:\/\/www.cltweb.org\/es\/biblioteca-de-recursos\/raices-del-clt\/propagar-el-clt-en-el-extranjero\/\" \/>\n<meta property=\"og:locale\" content=\"es_ES\" \/>\n<meta property=\"og:type\" content=\"article\" \/>\n<meta property=\"og:title\" content=\"Propagar el CLT en el extranjero\" \/>\n<meta property=\"og:url\" content=\"https:\/\/www.cltweb.org\/es\/biblioteca-de-recursos\/raices-del-clt\/propagar-el-clt-en-el-extranjero\/\" \/>\n<meta property=\"og:site_name\" content=\"International Center for Community Land Trusts\" \/>\n<meta property=\"article:publisher\" content=\"https:\/\/www.facebook.com\/cltcenter\" \/>\n<meta property=\"article:modified_time\" content=\"2024-09-11T17:18:13+00:00\" \/>\n<meta name=\"twitter:card\" content=\"summary_large_image\" \/>\n<meta name=\"twitter:site\" content=\"@Center4CLTs\" \/>\n<script type=\"application\/ld+json\" class=\"yoast-schema-graph\">{\"@context\":\"https:\\\/\\\/schema.org\",\"@graph\":[{\"@type\":\"WebPage\",\"@id\":\"https:\\\/\\\/www.cltweb.org\\\/es\\\/biblioteca-de-recursos\\\/raices-del-clt\\\/propagar-el-clt-en-el-extranjero\\\/\",\"url\":\"https:\\\/\\\/www.cltweb.org\\\/es\\\/biblioteca-de-recursos\\\/raices-del-clt\\\/propagar-el-clt-en-el-extranjero\\\/\",\"name\":\"Propagar el CLT en el extranjero - International Center for Community Land Trusts\",\"isPartOf\":{\"@id\":\"https:\\\/\\\/www.cltweb.org\\\/es\\\/#website\"},\"datePublished\":\"2024-07-29T22:54:21+00:00\",\"dateModified\":\"2024-09-11T17:18:13+00:00\",\"breadcrumb\":{\"@id\":\"https:\\\/\\\/www.cltweb.org\\\/es\\\/biblioteca-de-recursos\\\/raices-del-clt\\\/propagar-el-clt-en-el-extranjero\\\/#breadcrumb\"},\"inLanguage\":\"es\",\"potentialAction\":[{\"@type\":\"ReadAction\",\"target\":[\"https:\\\/\\\/www.cltweb.org\\\/es\\\/biblioteca-de-recursos\\\/raices-del-clt\\\/propagar-el-clt-en-el-extranjero\\\/\"]}]},{\"@type\":\"BreadcrumbList\",\"@id\":\"https:\\\/\\\/www.cltweb.org\\\/es\\\/biblioteca-de-recursos\\\/raices-del-clt\\\/propagar-el-clt-en-el-extranjero\\\/#breadcrumb\",\"itemListElement\":[{\"@type\":\"ListItem\",\"position\":1,\"name\":\"Home\",\"item\":\"https:\\\/\\\/www.cltweb.org\\\/es\\\/\"},{\"@type\":\"ListItem\",\"position\":2,\"name\":\"Biblioteca de recursos\",\"item\":\"https:\\\/\\\/www.cltweb.org\\\/es\\\/biblioteca-de-recursos\\\/\"},{\"@type\":\"ListItem\",\"position\":3,\"name\":\"Ra\u00edces del CLT\",\"item\":\"https:\\\/\\\/www.cltweb.org\\\/es\\\/biblioteca-de-recursos\\\/raices-del-clt\\\/\"},{\"@type\":\"ListItem\",\"position\":4,\"name\":\"Propagar el CLT en el extranjero\"}]},{\"@type\":\"WebSite\",\"@id\":\"https:\\\/\\\/www.cltweb.org\\\/es\\\/#website\",\"url\":\"https:\\\/\\\/www.cltweb.org\\\/es\\\/\",\"name\":\"International Center for Community Land Trusts\",\"description\":\"\",\"publisher\":{\"@id\":\"https:\\\/\\\/www.cltweb.org\\\/es\\\/#organization\"},\"potentialAction\":[{\"@type\":\"SearchAction\",\"target\":{\"@type\":\"EntryPoint\",\"urlTemplate\":\"https:\\\/\\\/www.cltweb.org\\\/es\\\/?s={search_term_string}\"},\"query-input\":{\"@type\":\"PropertyValueSpecification\",\"valueRequired\":true,\"valueName\":\"search_term_string\"}}],\"inLanguage\":\"es\"},{\"@type\":\"Organization\",\"@id\":\"https:\\\/\\\/www.cltweb.org\\\/es\\\/#organization\",\"name\":\"International Center for Community Land Trusts\",\"url\":\"https:\\\/\\\/www.cltweb.org\\\/es\\\/\",\"logo\":{\"@type\":\"ImageObject\",\"inLanguage\":\"es\",\"@id\":\"https:\\\/\\\/www.cltweb.org\\\/es\\\/#\\\/schema\\\/logo\\\/image\\\/\",\"url\":\"https:\\\/\\\/www.cltweb.org\\\/wp-content\\\/uploads\\\/2024\\\/11\\\/New-CLT-Center-Text-logo.png\",\"contentUrl\":\"https:\\\/\\\/www.cltweb.org\\\/wp-content\\\/uploads\\\/2024\\\/11\\\/New-CLT-Center-Text-logo.png\",\"width\":227,\"height\":80,\"caption\":\"International Center for Community Land Trusts\"},\"image\":{\"@id\":\"https:\\\/\\\/www.cltweb.org\\\/es\\\/#\\\/schema\\\/logo\\\/image\\\/\"},\"sameAs\":[\"https:\\\/\\\/www.facebook.com\\\/cltcenter\",\"https:\\\/\\\/x.com\\\/Center4CLTs\",\"https:\\\/\\\/www.instagram.com\\\/cltcenter\\\/\",\"https:\\\/\\\/www.linkedin.com\\\/company\\\/cltcenter\",\"https:\\\/\\\/www.youtube.com\\\/@centerforcltinnovation5313\"],\"description\":\"The International Center for Community Land Trusts is a not-for-profit nongovernmental organization established in 2018 to promote and to support community land trusts and similar strategies of community-led development on community-owned land in countries throughout the world.\",\"email\":\"info@communitylandtrust.net\",\"legalName\":\"International Center for Community Land Trusts\",\"foundingDate\":\"2018-12-01\",\"taxID\":\"84-3858933\",\"numberOfEmployees\":{\"@type\":\"QuantitativeValue\",\"minValue\":\"1\",\"maxValue\":\"10\"}}]}<\/script>\n<!-- \/ Yoast SEO Premium plugin. -->","yoast_head_json":{"title":"Propagar el CLT en el extranjero - International Center for Community Land Trusts","robots":{"index":"index","follow":"follow","max-snippet":"max-snippet:-1","max-image-preview":"max-image-preview:large","max-video-preview":"max-video-preview:-1"},"canonical":"https:\/\/www.cltweb.org\/es\/biblioteca-de-recursos\/raices-del-clt\/propagar-el-clt-en-el-extranjero\/","og_locale":"es_ES","og_type":"article","og_title":"Propagar el CLT en el extranjero","og_url":"https:\/\/www.cltweb.org\/es\/biblioteca-de-recursos\/raices-del-clt\/propagar-el-clt-en-el-extranjero\/","og_site_name":"International Center for Community Land Trusts","article_publisher":"https:\/\/www.facebook.com\/cltcenter","article_modified_time":"2024-09-11T17:18:13+00:00","twitter_card":"summary_large_image","twitter_site":"@Center4CLTs","schema":{"@context":"https:\/\/schema.org","@graph":[{"@type":"WebPage","@id":"https:\/\/www.cltweb.org\/es\/biblioteca-de-recursos\/raices-del-clt\/propagar-el-clt-en-el-extranjero\/","url":"https:\/\/www.cltweb.org\/es\/biblioteca-de-recursos\/raices-del-clt\/propagar-el-clt-en-el-extranjero\/","name":"Propagar el CLT en el extranjero - International Center for Community Land Trusts","isPartOf":{"@id":"https:\/\/www.cltweb.org\/es\/#website"},"datePublished":"2024-07-29T22:54:21+00:00","dateModified":"2024-09-11T17:18:13+00:00","breadcrumb":{"@id":"https:\/\/www.cltweb.org\/es\/biblioteca-de-recursos\/raices-del-clt\/propagar-el-clt-en-el-extranjero\/#breadcrumb"},"inLanguage":"es","potentialAction":[{"@type":"ReadAction","target":["https:\/\/www.cltweb.org\/es\/biblioteca-de-recursos\/raices-del-clt\/propagar-el-clt-en-el-extranjero\/"]}]},{"@type":"BreadcrumbList","@id":"https:\/\/www.cltweb.org\/es\/biblioteca-de-recursos\/raices-del-clt\/propagar-el-clt-en-el-extranjero\/#breadcrumb","itemListElement":[{"@type":"ListItem","position":1,"name":"Home","item":"https:\/\/www.cltweb.org\/es\/"},{"@type":"ListItem","position":2,"name":"Biblioteca de recursos","item":"https:\/\/www.cltweb.org\/es\/biblioteca-de-recursos\/"},{"@type":"ListItem","position":3,"name":"Ra\u00edces del CLT","item":"https:\/\/www.cltweb.org\/es\/biblioteca-de-recursos\/raices-del-clt\/"},{"@type":"ListItem","position":4,"name":"Propagar el CLT en el extranjero"}]},{"@type":"WebSite","@id":"https:\/\/www.cltweb.org\/es\/#website","url":"https:\/\/www.cltweb.org\/es\/","name":"International Center for Community Land Trusts","description":"","publisher":{"@id":"https:\/\/www.cltweb.org\/es\/#organization"},"potentialAction":[{"@type":"SearchAction","target":{"@type":"EntryPoint","urlTemplate":"https:\/\/www.cltweb.org\/es\/?s={search_term_string}"},"query-input":{"@type":"PropertyValueSpecification","valueRequired":true,"valueName":"search_term_string"}}],"inLanguage":"es"},{"@type":"Organization","@id":"https:\/\/www.cltweb.org\/es\/#organization","name":"International Center for Community Land Trusts","url":"https:\/\/www.cltweb.org\/es\/","logo":{"@type":"ImageObject","inLanguage":"es","@id":"https:\/\/www.cltweb.org\/es\/#\/schema\/logo\/image\/","url":"https:\/\/www.cltweb.org\/wp-content\/uploads\/2024\/11\/New-CLT-Center-Text-logo.png","contentUrl":"https:\/\/www.cltweb.org\/wp-content\/uploads\/2024\/11\/New-CLT-Center-Text-logo.png","width":227,"height":80,"caption":"International Center for Community Land Trusts"},"image":{"@id":"https:\/\/www.cltweb.org\/es\/#\/schema\/logo\/image\/"},"sameAs":["https:\/\/www.facebook.com\/cltcenter","https:\/\/x.com\/Center4CLTs","https:\/\/www.instagram.com\/cltcenter\/","https:\/\/www.linkedin.com\/company\/cltcenter","https:\/\/www.youtube.com\/@centerforcltinnovation5313"],"description":"The International Center for Community Land Trusts is a not-for-profit nongovernmental organization established in 2018 to promote and to support community land trusts and similar strategies of community-led development on community-owned land in countries throughout the world.","email":"info@communitylandtrust.net","legalName":"International Center for Community Land Trusts","foundingDate":"2018-12-01","taxID":"84-3858933","numberOfEmployees":{"@type":"QuantitativeValue","minValue":"1","maxValue":"10"}}]}},"campaignId":"","taxonomy_info":{"category":[{"value":131,"label":"Ra\u00edces del CLT"}]},"featured_image_src_large":false,"author_info":{"display_name":"cltredesign_0jp0l4","author_link":"https:\/\/www.cltweb.org\/es\/author\/cltredesign_0jp0l4\/"},"comment_info":0,"jetpack_sharing_enabled":true,"jetpack-related-posts":[{"id":7439,"url":"https:\/\/www.cltweb.org\/es\/biblioteca-de-recursos\/las-raices-del-movimiento-clt\/","url_meta":{"origin":1681,"position":0},"title":"Las ra\u00edces del movimiento CLT","author":"cltredesign_0jp0l4","date":"5 de noviembre de 2024","format":false,"excerpt":"Ra\u00edces y ramasRa\u00edces y ramas: Gu\u00eda del jardinero sobre los or\u00edgenes y la evoluci\u00f3n del fideicomiso de la tierra comunitario es un archivo digital de material hist\u00f3rico que traza los or\u00edgenes y la evoluci\u00f3n del fideicomiso de la tierra. Ra\u00edces y ramas fue desarrollado por John Emmeus Davis, Greg Rosenberg\u2026","rel":"","context":"En \u00abHistoria del Movimiento\u00bb","block_context":{"text":"Historia del Movimiento","link":"https:\/\/www.cltweb.org\/es\/category\/historia-del-movimiento\/"},"img":{"alt_text":"Roots and Branches graphic","src":"https:\/\/i0.wp.com\/www.cltweb.org\/wp-content\/uploads\/2024\/11\/Roots-and-Branches-1536x1265-1.jpg?resize=350%2C200&ssl=1","width":350,"height":200,"srcset":"https:\/\/i0.wp.com\/www.cltweb.org\/wp-content\/uploads\/2024\/11\/Roots-and-Branches-1536x1265-1.jpg?resize=350%2C200&ssl=1 1x, https:\/\/i0.wp.com\/www.cltweb.org\/wp-content\/uploads\/2024\/11\/Roots-and-Branches-1536x1265-1.jpg?resize=525%2C300&ssl=1 1.5x, https:\/\/i0.wp.com\/www.cltweb.org\/wp-content\/uploads\/2024\/11\/Roots-and-Branches-1536x1265-1.jpg?resize=700%2C400&ssl=1 2x, https:\/\/i0.wp.com\/www.cltweb.org\/wp-content\/uploads\/2024\/11\/Roots-and-Branches-1536x1265-1.jpg?resize=1050%2C600&ssl=1 3x, https:\/\/i0.wp.com\/www.cltweb.org\/wp-content\/uploads\/2024\/11\/Roots-and-Branches-1536x1265-1.jpg?resize=1400%2C800&ssl=1 4x"},"classes":[]},{"id":1700,"url":"https:\/\/www.cltweb.org\/es\/biblioteca-de-recursos\/raices-del-clt\/precursores-internacionales\/","url_meta":{"origin":1681,"position":1},"title":"Precursores internacionales","author":"cltredesign_0jp0l4","date":"29 de julio de 2024","format":false,"excerpt":"Introducci\u00f3n El fideicomiso comunitario de tierras se basa en gran medida en conceptos te\u00f3ricos y experimentos pr\u00e1cticos con el arrendamiento de tierras que se originaron fuera de Estados Unidos. En algunos casos, estas \"semillas importadas\" influyeron directamente en el pensamiento y los tejemanejes de los estadounidenses, que crearon precursores y\u2026","rel":"","context":"En \u00abRa\u00edces del CLT\u00bb","block_context":{"text":"Ra\u00edces del CLT","link":"https:\/\/www.cltweb.org\/es\/category\/raices-del-clt\/"},"img":{"alt_text":"","src":"","width":0,"height":0},"classes":[]},{"id":848,"url":"https:\/\/www.cltweb.org\/es\/sobre-nosotros\/mision-y-estrategia\/","url_meta":{"origin":1681,"position":2},"title":"Misi\u00f3n y estrategia","author":"cltredesign_0jp0l4","date":"26 de julio de 2024","format":false,"excerpt":"La visi\u00f3n, la misi\u00f3n y la estrategia general de nuestro trabajo.","rel":"","context":"En \u00abSobre nosotros\u00bb","block_context":{"text":"Sobre nosotros","link":"https:\/\/www.cltweb.org\/es\/category\/sobre-nosotros\/"},"img":{"alt_text":"","src":"","width":0,"height":0},"classes":[]},{"id":11315,"url":"https:\/\/www.cltweb.org\/es\/recursos-bibliograficos-aba\/","url_meta":{"origin":1681,"position":3},"title":"Recursos bibliogr\u00e1ficos ABA","author":"cltredesign_0jp0l4","date":"17 de marzo de 2026","format":false,"excerpt":"Art\u00edculos de Juristas Hubo una serie de art\u00edculos de revistas que nos hubiera gustado incluir en A Community Land Trust Digest, pero no pudimos por motivos de espacio. Aqu\u00ed tienes otros art\u00edculos que merecen la pena. Barbara L. Bezdek. 2020. \"\u00bfTener y poseer? El fideicomiso de la tierra como bien\u2026","rel":"","context":"Entrada similar","block_context":{"text":"Entrada similar","link":""},"img":{"alt_text":"","src":"","width":0,"height":0},"classes":[]},{"id":849,"url":"https:\/\/www.cltweb.org\/es\/sobre-nosotros\/historia\/","url_meta":{"origin":1681,"position":4},"title":"Nuestra historia","author":"cltredesign_0jp0l4","date":"26 de julio de 2024","format":false,"excerpt":"Una cronolog\u00eda de la evoluci\u00f3n del movimiento internacional de CLT.","rel":"","context":"En \u00abSobre nosotros\u00bb","block_context":{"text":"Sobre nosotros","link":"https:\/\/www.cltweb.org\/es\/category\/sobre-nosotros\/"},"img":{"alt_text":"","src":"","width":0,"height":0},"classes":[]},{"id":882,"url":"https:\/\/www.cltweb.org\/es\/biblioteca-de-recursos\/que-es-un-clt\/","url_meta":{"origin":1681,"position":5},"title":"\u00bfQu\u00e9 es una Comunidad de Propietarios?","author":"cltredesign_0jp0l4","date":"26 de julio de 2024","format":false,"excerpt":"Un fideicomiso de la tierra comunitario(CLT) es una corporaci\u00f3n sin \u00e1nimo de lucro que posee terrenos en nombre de una comunidad basada en un lugar, al tiempo que act\u00faa como administrador a largo plazo de viviendas asequibles, jardines comunitarios, edificios c\u00edvicos, espacios comerciales y otros activos comunitarios en nombre de\u2026","rel":"","context":"En \u00abBiblioteca de recursos\u00bb","block_context":{"text":"Biblioteca de recursos","link":"https:\/\/www.cltweb.org\/es\/category\/biblioteca-de-recursos-es\/"},"img":{"alt_text":"","src":"","width":0,"height":0},"classes":[]}],"_links":{"self":[{"href":"https:\/\/www.cltweb.org\/es\/wp-json\/wp\/v2\/pages\/1681","targetHints":{"allow":["GET"]}}],"collection":[{"href":"https:\/\/www.cltweb.org\/es\/wp-json\/wp\/v2\/pages"}],"about":[{"href":"https:\/\/www.cltweb.org\/es\/wp-json\/wp\/v2\/types\/page"}],"author":[{"embeddable":true,"href":"https:\/\/www.cltweb.org\/es\/wp-json\/wp\/v2\/users\/1"}],"replies":[{"embeddable":true,"href":"https:\/\/www.cltweb.org\/es\/wp-json\/wp\/v2\/comments?post=1681"}],"version-history":[{"count":1,"href":"https:\/\/www.cltweb.org\/es\/wp-json\/wp\/v2\/pages\/1681\/revisions"}],"predecessor-version":[{"id":1931,"href":"https:\/\/www.cltweb.org\/es\/wp-json\/wp\/v2\/pages\/1681\/revisions\/1931"}],"up":[{"embeddable":true,"href":"https:\/\/www.cltweb.org\/es\/wp-json\/wp\/v2\/pages\/1926"}],"wp:attachment":[{"href":"https:\/\/www.cltweb.org\/es\/wp-json\/wp\/v2\/media?parent=1681"}],"wp:term":[{"taxonomy":"category","embeddable":true,"href":"https:\/\/www.cltweb.org\/es\/wp-json\/wp\/v2\/categories?post=1681"},{"taxonomy":"post_tag","embeddable":true,"href":"https:\/\/www.cltweb.org\/es\/wp-json\/wp\/v2\/tags?post=1681"}],"curies":[{"name":"wp","href":"https:\/\/api.w.org\/{rel}","templated":true}]}}