{"id":1752,"date":"2024-07-29T21:06:23","date_gmt":"2024-07-29T21:06:23","guid":{"rendered":"https:\/\/www.cltweb.org\/puerto-rico\/"},"modified":"2024-09-11T17:17:50","modified_gmt":"2024-09-11T17:17:50","slug":"puerto-rico","status":"publish","type":"page","link":"https:\/\/www.cltweb.org\/es\/paises-con-clt\/puerto-rico\/","title":{"rendered":"Puerto Rico"},"content":{"rendered":"","protected":false},"excerpt":{"rendered":"","protected":false},"author":1,"featured_media":0,"parent":1773,"menu_order":11,"comment_status":"closed","ping_status":"closed","template":"","meta":{"give_campaign_id":0,"_tec_requires_first_save":true,"_kad_blocks_custom_css":"","_kad_blocks_head_custom_js":"","_kad_blocks_body_custom_js":"","_kad_blocks_footer_custom_js":"","_EventAllDay":false,"_EventTimezone":"","_EventStartDate":"","_EventEndDate":"","_EventStartDateUTC":"","_EventEndDateUTC":"","_EventShowMap":false,"_EventShowMapLink":false,"_EventURL":"","_EventCost":"","_EventCostDescription":"","_EventCurrencySymbol":"","_EventCurrencyCode":"","_EventCurrencyPosition":"","_EventDateTimeSeparator":"","_EventTimeRangeSeparator":"","_EventOrganizerID":[],"_EventVenueID":[],"_OrganizerEmail":"","_OrganizerPhone":"","_OrganizerWebsite":"","_VenueAddress":"","_VenueCity":"","_VenueCountry":"","_VenueProvince":"","_VenueState":"","_VenueZip":"","_VenuePhone":"","_VenueURL":"","_VenueStateProvince":"","_VenueLat":"","_VenueLng":"","_VenueShowMap":false,"_VenueShowMapLink":false,"_tribe_blocks_recurrence_rules":"","_tribe_blocks_recurrence_description":"","_tribe_blocks_recurrence_exclusions":"","footnotes":""},"categories":[101],"tags":[],"class_list":["post-1752","page","type-page","status-publish","hentry","category-paises"],"blocksy_meta":[],"yoast_head":"<!-- This site is optimized with the Yoast SEO Premium plugin v27.5 (Yoast SEO v27.5) - https:\/\/yoast.com\/product\/yoast-seo-premium-wordpress\/ -->\n<title>Puerto Rico - International Center for Community Land Trusts<\/title>\n<meta name=\"robots\" content=\"index, follow, max-snippet:-1, max-image-preview:large, max-video-preview:-1\" \/>\n<link rel=\"canonical\" href=\"https:\/\/www.cltweb.org\/es\/paises-con-clt\/puerto-rico\/\" \/>\n<meta property=\"og:locale\" content=\"es_ES\" \/>\n<meta property=\"og:type\" content=\"article\" \/>\n<meta property=\"og:title\" content=\"Puerto Rico\" \/>\n<meta property=\"og:url\" content=\"https:\/\/www.cltweb.org\/es\/paises-con-clt\/puerto-rico\/\" \/>\n<meta property=\"og:site_name\" content=\"International Center for Community Land Trusts\" \/>\n<meta property=\"article:publisher\" content=\"https:\/\/www.facebook.com\/cltcenter\" \/>\n<meta property=\"article:modified_time\" content=\"2024-09-11T17:17:50+00:00\" \/>\n<meta name=\"twitter:card\" content=\"summary_large_image\" \/>\n<meta name=\"twitter:site\" content=\"@Center4CLTs\" \/>\n<script type=\"application\/ld+json\" class=\"yoast-schema-graph\">{\"@context\":\"https:\\\/\\\/schema.org\",\"@graph\":[{\"@type\":\"WebPage\",\"@id\":\"https:\\\/\\\/www.cltweb.org\\\/es\\\/paises-con-clt\\\/puerto-rico\\\/\",\"url\":\"https:\\\/\\\/www.cltweb.org\\\/es\\\/paises-con-clt\\\/puerto-rico\\\/\",\"name\":\"Puerto Rico - International Center for Community Land Trusts\",\"isPartOf\":{\"@id\":\"https:\\\/\\\/www.cltweb.org\\\/es\\\/#website\"},\"datePublished\":\"2024-07-29T21:06:23+00:00\",\"dateModified\":\"2024-09-11T17:17:50+00:00\",\"breadcrumb\":{\"@id\":\"https:\\\/\\\/www.cltweb.org\\\/es\\\/paises-con-clt\\\/puerto-rico\\\/#breadcrumb\"},\"inLanguage\":\"es\",\"potentialAction\":[{\"@type\":\"ReadAction\",\"target\":[\"https:\\\/\\\/www.cltweb.org\\\/es\\\/paises-con-clt\\\/puerto-rico\\\/\"]}]},{\"@type\":\"BreadcrumbList\",\"@id\":\"https:\\\/\\\/www.cltweb.org\\\/es\\\/paises-con-clt\\\/puerto-rico\\\/#breadcrumb\",\"itemListElement\":[{\"@type\":\"ListItem\",\"position\":1,\"name\":\"Home\",\"item\":\"https:\\\/\\\/www.cltweb.org\\\/es\\\/\"},{\"@type\":\"ListItem\",\"position\":2,\"name\":\"Pa\u00edses con CLT\",\"item\":\"https:\\\/\\\/www.cltweb.org\\\/es\\\/countries\\\/\"},{\"@type\":\"ListItem\",\"position\":3,\"name\":\"Puerto Rico\"}]},{\"@type\":\"WebSite\",\"@id\":\"https:\\\/\\\/www.cltweb.org\\\/es\\\/#website\",\"url\":\"https:\\\/\\\/www.cltweb.org\\\/es\\\/\",\"name\":\"International Center for Community Land Trusts\",\"description\":\"\",\"publisher\":{\"@id\":\"https:\\\/\\\/www.cltweb.org\\\/es\\\/#organization\"},\"potentialAction\":[{\"@type\":\"SearchAction\",\"target\":{\"@type\":\"EntryPoint\",\"urlTemplate\":\"https:\\\/\\\/www.cltweb.org\\\/es\\\/?s={search_term_string}\"},\"query-input\":{\"@type\":\"PropertyValueSpecification\",\"valueRequired\":true,\"valueName\":\"search_term_string\"}}],\"inLanguage\":\"es\"},{\"@type\":\"Organization\",\"@id\":\"https:\\\/\\\/www.cltweb.org\\\/es\\\/#organization\",\"name\":\"International Center for Community Land Trusts\",\"url\":\"https:\\\/\\\/www.cltweb.org\\\/es\\\/\",\"logo\":{\"@type\":\"ImageObject\",\"inLanguage\":\"es\",\"@id\":\"https:\\\/\\\/www.cltweb.org\\\/es\\\/#\\\/schema\\\/logo\\\/image\\\/\",\"url\":\"https:\\\/\\\/www.cltweb.org\\\/wp-content\\\/uploads\\\/2024\\\/11\\\/New-CLT-Center-Text-logo.png\",\"contentUrl\":\"https:\\\/\\\/www.cltweb.org\\\/wp-content\\\/uploads\\\/2024\\\/11\\\/New-CLT-Center-Text-logo.png\",\"width\":227,\"height\":80,\"caption\":\"International Center for Community Land Trusts\"},\"image\":{\"@id\":\"https:\\\/\\\/www.cltweb.org\\\/es\\\/#\\\/schema\\\/logo\\\/image\\\/\"},\"sameAs\":[\"https:\\\/\\\/www.facebook.com\\\/cltcenter\",\"https:\\\/\\\/x.com\\\/Center4CLTs\",\"https:\\\/\\\/www.instagram.com\\\/cltcenter\\\/\",\"https:\\\/\\\/www.linkedin.com\\\/company\\\/cltcenter\",\"https:\\\/\\\/www.youtube.com\\\/@centerforcltinnovation5313\"],\"description\":\"The International Center for Community Land Trusts is a not-for-profit nongovernmental organization established in 2018 to promote and to support community land trusts and similar strategies of community-led development on community-owned land in countries throughout the world.\",\"email\":\"info@communitylandtrust.net\",\"legalName\":\"International Center for Community Land Trusts\",\"foundingDate\":\"2018-12-01\",\"taxID\":\"84-3858933\",\"numberOfEmployees\":{\"@type\":\"QuantitativeValue\",\"minValue\":\"1\",\"maxValue\":\"10\"}}]}<\/script>\n<!-- \/ Yoast SEO Premium plugin. -->","yoast_head_json":{"title":"Puerto Rico - International Center for Community Land Trusts","robots":{"index":"index","follow":"follow","max-snippet":"max-snippet:-1","max-image-preview":"max-image-preview:large","max-video-preview":"max-video-preview:-1"},"canonical":"https:\/\/www.cltweb.org\/es\/paises-con-clt\/puerto-rico\/","og_locale":"es_ES","og_type":"article","og_title":"Puerto Rico","og_url":"https:\/\/www.cltweb.org\/es\/paises-con-clt\/puerto-rico\/","og_site_name":"International Center for Community Land Trusts","article_publisher":"https:\/\/www.facebook.com\/cltcenter","article_modified_time":"2024-09-11T17:17:50+00:00","twitter_card":"summary_large_image","twitter_site":"@Center4CLTs","schema":{"@context":"https:\/\/schema.org","@graph":[{"@type":"WebPage","@id":"https:\/\/www.cltweb.org\/es\/paises-con-clt\/puerto-rico\/","url":"https:\/\/www.cltweb.org\/es\/paises-con-clt\/puerto-rico\/","name":"Puerto Rico - International Center for Community Land Trusts","isPartOf":{"@id":"https:\/\/www.cltweb.org\/es\/#website"},"datePublished":"2024-07-29T21:06:23+00:00","dateModified":"2024-09-11T17:17:50+00:00","breadcrumb":{"@id":"https:\/\/www.cltweb.org\/es\/paises-con-clt\/puerto-rico\/#breadcrumb"},"inLanguage":"es","potentialAction":[{"@type":"ReadAction","target":["https:\/\/www.cltweb.org\/es\/paises-con-clt\/puerto-rico\/"]}]},{"@type":"BreadcrumbList","@id":"https:\/\/www.cltweb.org\/es\/paises-con-clt\/puerto-rico\/#breadcrumb","itemListElement":[{"@type":"ListItem","position":1,"name":"Home","item":"https:\/\/www.cltweb.org\/es\/"},{"@type":"ListItem","position":2,"name":"Pa\u00edses con CLT","item":"https:\/\/www.cltweb.org\/es\/countries\/"},{"@type":"ListItem","position":3,"name":"Puerto Rico"}]},{"@type":"WebSite","@id":"https:\/\/www.cltweb.org\/es\/#website","url":"https:\/\/www.cltweb.org\/es\/","name":"International Center for Community Land Trusts","description":"","publisher":{"@id":"https:\/\/www.cltweb.org\/es\/#organization"},"potentialAction":[{"@type":"SearchAction","target":{"@type":"EntryPoint","urlTemplate":"https:\/\/www.cltweb.org\/es\/?s={search_term_string}"},"query-input":{"@type":"PropertyValueSpecification","valueRequired":true,"valueName":"search_term_string"}}],"inLanguage":"es"},{"@type":"Organization","@id":"https:\/\/www.cltweb.org\/es\/#organization","name":"International Center for Community Land Trusts","url":"https:\/\/www.cltweb.org\/es\/","logo":{"@type":"ImageObject","inLanguage":"es","@id":"https:\/\/www.cltweb.org\/es\/#\/schema\/logo\/image\/","url":"https:\/\/www.cltweb.org\/wp-content\/uploads\/2024\/11\/New-CLT-Center-Text-logo.png","contentUrl":"https:\/\/www.cltweb.org\/wp-content\/uploads\/2024\/11\/New-CLT-Center-Text-logo.png","width":227,"height":80,"caption":"International Center for Community Land Trusts"},"image":{"@id":"https:\/\/www.cltweb.org\/es\/#\/schema\/logo\/image\/"},"sameAs":["https:\/\/www.facebook.com\/cltcenter","https:\/\/x.com\/Center4CLTs","https:\/\/www.instagram.com\/cltcenter\/","https:\/\/www.linkedin.com\/company\/cltcenter","https:\/\/www.youtube.com\/@centerforcltinnovation5313"],"description":"The International Center for Community Land Trusts is a not-for-profit nongovernmental organization established in 2018 to promote and to support community land trusts and similar strategies of community-led development on community-owned land in countries throughout the world.","email":"info@communitylandtrust.net","legalName":"International Center for Community Land Trusts","foundingDate":"2018-12-01","taxID":"84-3858933","numberOfEmployees":{"@type":"QuantitativeValue","minValue":"1","maxValue":"10"}}]}},"campaignId":"","taxonomy_info":{"category":[{"value":101,"label":"Pa\u00edses"}]},"featured_image_src_large":false,"author_info":{"display_name":"cltredesign_0jp0l4","author_link":"https:\/\/www.cltweb.org\/es\/author\/cltredesign_0jp0l4\/"},"comment_info":0,"jetpack_sharing_enabled":true,"jetpack-related-posts":[{"id":1746,"url":"https:\/\/www.cltweb.org\/pt-br\/paises-com-clts\/porto-rico\/","url_meta":{"origin":1752,"position":0},"title":"Porto Rico","author":"cltredesign_0jp0l4","date":"29 de julio de 2024","format":false,"excerpt":"","rel":"","context":"En \u00abPa\u00edses\u00bb","block_context":{"text":"Pa\u00edses","link":"https:\/\/www.cltweb.org\/pt-br\/category\/paises-pt-br\/"},"img":{"alt_text":"","src":"","width":0,"height":0},"classes":[]},{"id":1748,"url":"https:\/\/www.cltweb.org\/nl\/landen-met-clts\/puerto-rico\/","url_meta":{"origin":1752,"position":1},"title":"Puerto Rico","author":"cltredesign_0jp0l4","date":"29 de julio de 2024","format":false,"excerpt":"","rel":"","context":"En \u00abLanden\u00bb","block_context":{"text":"Landen","link":"https:\/\/www.cltweb.org\/nl\/category\/landen\/"},"img":{"alt_text":"","src":"","width":0,"height":0},"classes":[]},{"id":1753,"url":"https:\/\/www.cltweb.org\/de\/laender-mit-clts\/puerto-rico\/","url_meta":{"origin":1752,"position":2},"title":"Puerto Rico","author":"cltredesign_0jp0l4","date":"29 de julio de 2024","format":false,"excerpt":"","rel":"","context":"En \u00abL\u00e4nder\u00bb","block_context":{"text":"L\u00e4nder","link":"https:\/\/www.cltweb.org\/de\/category\/lander\/"},"img":{"alt_text":"","src":"","width":0,"height":0},"classes":[]},{"id":3807,"url":"https:\/\/www.cltweb.org\/resources\/global-south\/puerto-rico\/","url_meta":{"origin":1752,"position":3},"title":"Puerto Rico","author":"cltredesign_0jp0l4","date":"19 de octubre de 2024","format":false,"excerpt":"Fideicomiso de la Tierra del Ca\u00f1o Mart\u00edn Pe\u00f1aThe Ca\u00f1o Mart\u00edn Pe\u00f1a Land Trust in San Juan, Puerto Rico, has piloted an approach to community land trusts in informal communities that is inspiring efforts throughout the Global South. INTRODUCCI\u00d3N:\u00a0\u00a0El Fideicomiso de la Tierra del Ca\u00f1o Mart\u00edn Pe\u00f1a (Fideicomiso del Ca\u00f1o) es\u2026","rel":"","context":"En \u00abGlobal South\u00bb","block_context":{"text":"Global South","link":"https:\/\/www.cltweb.org\/category\/global-south\/"},"img":{"alt_text":"Logo for the Cano Mart\u00edn Pe\u00f1a CLT","src":"https:\/\/i0.wp.com\/www.cltweb.org\/wp-content\/uploads\/2024\/10\/cano-martin-pena-clt-logo.png?resize=350%2C200&ssl=1","width":350,"height":200,"srcset":"https:\/\/i0.wp.com\/www.cltweb.org\/wp-content\/uploads\/2024\/10\/cano-martin-pena-clt-logo.png?resize=350%2C200&ssl=1 1x, https:\/\/i0.wp.com\/www.cltweb.org\/wp-content\/uploads\/2024\/10\/cano-martin-pena-clt-logo.png?resize=525%2C300&ssl=1 1.5x, https:\/\/i0.wp.com\/www.cltweb.org\/wp-content\/uploads\/2024\/10\/cano-martin-pena-clt-logo.png?resize=700%2C400&ssl=1 2x, https:\/\/i0.wp.com\/www.cltweb.org\/wp-content\/uploads\/2024\/10\/cano-martin-pena-clt-logo.png?resize=1050%2C600&ssl=1 3x"},"classes":[]},{"id":3817,"url":"https:\/\/www.cltweb.org\/nl\/bibliotheek-met-bronnen\/mondiaal-zuiden\/puerto-rico\/","url_meta":{"origin":1752,"position":4},"title":"Puerto Rico","author":"cltredesign_0jp0l4","date":"19 de octubre de 2024","format":false,"excerpt":"Fideicomiso de la Tierra del Ca\u00f1o Mart\u00edn Pe\u00f1aThe Ca\u00f1o Mart\u00edn Pe\u00f1a Land Trust in San Juan, Puerto Rico, has piloted an approach to community land trusts in informal communities that is inspiring efforts throughout the Global South. INTRODUCCI\u00d3N: El Fideicomiso de la Tierra del Ca\u00f1o Mart\u00edn Pe\u00f1a (Fideicomiso del Ca\u00f1o)\u2026","rel":"","context":"En \u00abMondiaal Zuiden\u00bb","block_context":{"text":"Mondiaal Zuiden","link":"https:\/\/www.cltweb.org\/nl\/category\/mondiaal-zuiden\/"},"img":{"alt_text":"Logo for the Cano Mart\u00edn Pe\u00f1a CLT","src":"https:\/\/i0.wp.com\/www.cltweb.org\/wp-content\/uploads\/2024\/10\/cano-martin-pena-clt-logo.png?resize=350%2C200&ssl=1","width":350,"height":200,"srcset":"https:\/\/i0.wp.com\/www.cltweb.org\/wp-content\/uploads\/2024\/10\/cano-martin-pena-clt-logo.png?resize=350%2C200&ssl=1 1x, https:\/\/i0.wp.com\/www.cltweb.org\/wp-content\/uploads\/2024\/10\/cano-martin-pena-clt-logo.png?resize=525%2C300&ssl=1 1.5x, https:\/\/i0.wp.com\/www.cltweb.org\/wp-content\/uploads\/2024\/10\/cano-martin-pena-clt-logo.png?resize=700%2C400&ssl=1 2x, https:\/\/i0.wp.com\/www.cltweb.org\/wp-content\/uploads\/2024\/10\/cano-martin-pena-clt-logo.png?resize=1050%2C600&ssl=1 3x"},"classes":[]},{"id":3813,"url":"https:\/\/www.cltweb.org\/de\/ressourcenbibliothek\/globaler-sueden\/puerto-rico\/","url_meta":{"origin":1752,"position":5},"title":"Puerto Rico","author":"cltredesign_0jp0l4","date":"19 de octubre de 2024","format":false,"excerpt":"Fideicomiso de la Tierra del Ca\u00f1o Mart\u00edn Pe\u00f1aThe Ca\u00f1o Mart\u00edn Pe\u00f1a Land Trust in San Juan, Puerto Rico, has piloted an approach to community land trusts in informal communities that is inspiring efforts throughout the Global South. INTRODUCCI\u00d3N: El Fideicomiso de la Tierra del Ca\u00f1o Mart\u00edn Pe\u00f1a (Fideicomiso del Ca\u00f1o)\u2026","rel":"","context":"En \u00abGlobaler S\u00fcden\u00bb","block_context":{"text":"Globaler S\u00fcden","link":"https:\/\/www.cltweb.org\/de\/category\/globaler-suden\/"},"img":{"alt_text":"Logo for the Cano Mart\u00edn Pe\u00f1a CLT","src":"https:\/\/i0.wp.com\/www.cltweb.org\/wp-content\/uploads\/2024\/10\/cano-martin-pena-clt-logo.png?resize=350%2C200&ssl=1","width":350,"height":200,"srcset":"https:\/\/i0.wp.com\/www.cltweb.org\/wp-content\/uploads\/2024\/10\/cano-martin-pena-clt-logo.png?resize=350%2C200&ssl=1 1x, https:\/\/i0.wp.com\/www.cltweb.org\/wp-content\/uploads\/2024\/10\/cano-martin-pena-clt-logo.png?resize=525%2C300&ssl=1 1.5x, https:\/\/i0.wp.com\/www.cltweb.org\/wp-content\/uploads\/2024\/10\/cano-martin-pena-clt-logo.png?resize=700%2C400&ssl=1 2x, https:\/\/i0.wp.com\/www.cltweb.org\/wp-content\/uploads\/2024\/10\/cano-martin-pena-clt-logo.png?resize=1050%2C600&ssl=1 3x"},"classes":[]}],"_links":{"self":[{"href":"https:\/\/www.cltweb.org\/es\/wp-json\/wp\/v2\/pages\/1752","targetHints":{"allow":["GET"]}}],"collection":[{"href":"https:\/\/www.cltweb.org\/es\/wp-json\/wp\/v2\/pages"}],"about":[{"href":"https:\/\/www.cltweb.org\/es\/wp-json\/wp\/v2\/types\/page"}],"author":[{"embeddable":true,"href":"https:\/\/www.cltweb.org\/es\/wp-json\/wp\/v2\/users\/1"}],"replies":[{"embeddable":true,"href":"https:\/\/www.cltweb.org\/es\/wp-json\/wp\/v2\/comments?post=1752"}],"version-history":[{"count":1,"href":"https:\/\/www.cltweb.org\/es\/wp-json\/wp\/v2\/pages\/1752\/revisions"}],"predecessor-version":[{"id":1775,"href":"https:\/\/www.cltweb.org\/es\/wp-json\/wp\/v2\/pages\/1752\/revisions\/1775"}],"up":[{"embeddable":true,"href":"https:\/\/www.cltweb.org\/es\/wp-json\/wp\/v2\/pages\/1773"}],"wp:attachment":[{"href":"https:\/\/www.cltweb.org\/es\/wp-json\/wp\/v2\/media?parent=1752"}],"wp:term":[{"taxonomy":"category","embeddable":true,"href":"https:\/\/www.cltweb.org\/es\/wp-json\/wp\/v2\/categories?post=1752"},{"taxonomy":"post_tag","embeddable":true,"href":"https:\/\/www.cltweb.org\/es\/wp-json\/wp\/v2\/tags?post=1752"}],"curies":[{"name":"wp","href":"https:\/\/api.w.org\/{rel}","templated":true}]}}