{"id":1827,"date":"2024-09-07T20:24:54","date_gmt":"2024-09-07T20:24:54","guid":{"rendered":"https:\/\/www.cltweb.org\/biblioteca-de-recursos\/manuales-y-guias\/manual-australiano-de-clt\/"},"modified":"2024-10-22T21:16:25","modified_gmt":"2024-10-22T21:16:25","slug":"manual-australiano-de-clt","status":"publish","type":"page","link":"https:\/\/www.cltweb.org\/es\/biblioteca-de-recursos\/manuales-y-guias\/manual-australiano-de-clt\/","title":{"rendered":"Australia"},"content":{"rendered":"\n<h2 class=\"wp-block-heading\">Manual australiano de CLT<\/h2>\n\n<p><strong>Por Louise Crabtree, Hazel Blunden, Peter Phibbs, Carolyn Sappideen, Derek Mortimer, Avril Shahib-Smith, Lisa Chung<\/strong><\/p>\n\n<p>Este Manual ha sido financiado por el Departamento de Vivienda de Australia Occidental, la ciudad de Port Phillip, la ciudad de S\u00eddney, el Plan de Acci\u00f3n del Interior de Melbourne, St Kilda Community Housing Ltd y Mount Alexander Community Land Ltd.\nLos autores desean dar las gracias a los organismos de financiaci\u00f3n por su apoyo al Manual y al Comit\u00e9 Directivo por su dedicaci\u00f3n, tiempo y esfuerzo para ayudar a completar este Manual.\nEl equipo desea agradecer especialmente a Grace McCaughey (Mount Alexander Community Land Ltd) y a Gary Spivak (Ayuntamiento de Port Phillip) sus esfuerzos por apoyar la creaci\u00f3n del Manual.  <\/p>\n<style>.wp-block-kadence-advancedbtn.kb-btns1275_e51d58-60{gap:var(--global-kb-gap-xs, 0.5rem );justify-content:flex-start;align-items:center;}.kt-btns1275_e51d58-60 .kt-button{font-weight:normal;font-style:normal;}.kt-btns1275_e51d58-60 .kt-btn-wrap-0{margin-right:5px;}.wp-block-kadence-advancedbtn.kt-btns1275_e51d58-60 .kt-btn-wrap-0 .kt-button{color:#555555;border-color:#555555;}.wp-block-kadence-advancedbtn.kt-btns1275_e51d58-60 .kt-btn-wrap-0 .kt-button:hover, .wp-block-kadence-advancedbtn.kt-btns1275_e51d58-60 .kt-btn-wrap-0 .kt-button:focus{color:#ffffff;border-color:#444444;}.wp-block-kadence-advancedbtn.kt-btns1275_e51d58-60 .kt-btn-wrap-0 .kt-button::before{display:none;}.wp-block-kadence-advancedbtn.kt-btns1275_e51d58-60 .kt-btn-wrap-0 .kt-button:hover, .wp-block-kadence-advancedbtn.kt-btns1275_e51d58-60 .kt-btn-wrap-0 .kt-button:focus{background:#444444;}<\/style>\n<div class=\"wp-block-kadence-advancedbtn kb-buttons-wrap kb-btns1275_e51d58-60\"><style>ul.menu .wp-block-kadence-advancedbtn .kb-btn1275_95df70-bf.kb-button{width:initial;}<\/style><a class=\"kb-button kt-button button kb-btn1275_95df70-bf kt-btn-size-standard kt-btn-width-type-auto kb-btn-global-inherit  kt-btn-has-text-true kt-btn-has-svg-false  wp-block-button__link wp-block-kadence-singlebtn\" href=\"https:\/\/www.cltweb.org\/wp-content\/uploads\/2024\/10\/Australia-CLT-Manual.pdf\"><span class=\"kt-btn-inner-text\"><strong>Manual australiano de CLT<\/strong><\/span><\/a><\/div>\n\n<p><\/p>\n","protected":false},"excerpt":{"rendered":"<p>Manual australiano de CLT Por Louise Crabtree, Hazel Blunden, Peter Phibbs, Carolyn Sappideen, Derek Mortimer, Avril Shahib-Smith, Lisa Chung Este Manual ha sido financiado por el Departamento de Vivienda de [&hellip;]<\/p>\n","protected":false},"author":1,"featured_media":0,"parent":1280,"menu_order":0,"comment_status":"closed","ping_status":"closed","template":"","meta":{"give_campaign_id":0,"_tec_requires_first_save":true,"_kad_blocks_custom_css":"","_kad_blocks_head_custom_js":"","_kad_blocks_body_custom_js":"","_kad_blocks_footer_custom_js":"","_EventAllDay":false,"_EventTimezone":"","_EventStartDate":"","_EventEndDate":"","_EventStartDateUTC":"","_EventEndDateUTC":"","_EventShowMap":false,"_EventShowMapLink":false,"_EventURL":"","_EventCost":"","_EventCostDescription":"","_EventCurrencySymbol":"","_EventCurrencyCode":"","_EventCurrencyPosition":"","_EventDateTimeSeparator":"","_EventTimeRangeSeparator":"","_EventOrganizerID":[],"_EventVenueID":[],"_OrganizerEmail":"","_OrganizerPhone":"","_OrganizerWebsite":"","_VenueAddress":"","_VenueCity":"","_VenueCountry":"","_VenueProvince":"","_VenueState":"","_VenueZip":"","_VenuePhone":"","_VenueURL":"","_VenueStateProvince":"","_VenueLat":"","_VenueLng":"","_VenueShowMap":false,"_VenueShowMapLink":false,"_tribe_blocks_recurrence_rules":"","_tribe_blocks_recurrence_description":"","_tribe_blocks_recurrence_exclusions":"","footnotes":""},"categories":[138],"tags":[],"class_list":["post-1827","page","type-page","status-publish","hentry","category-manuales"],"blocksy_meta":[],"yoast_head":"<!-- This site is optimized with the Yoast SEO Premium plugin v27.5 (Yoast SEO v27.5) - https:\/\/yoast.com\/product\/yoast-seo-premium-wordpress\/ -->\n<title>Australia - International Center for Community Land Trusts<\/title>\n<meta name=\"robots\" content=\"index, follow, max-snippet:-1, max-image-preview:large, max-video-preview:-1\" \/>\n<link rel=\"canonical\" href=\"https:\/\/www.cltweb.org\/es\/biblioteca-de-recursos\/manuales-y-guias\/manual-australiano-de-clt\/\" \/>\n<meta property=\"og:locale\" content=\"es_ES\" \/>\n<meta property=\"og:type\" content=\"article\" \/>\n<meta property=\"og:title\" content=\"Australia\" \/>\n<meta property=\"og:description\" content=\"Manual australiano de CLT Por Louise Crabtree, Hazel Blunden, Peter Phibbs, Carolyn Sappideen, Derek Mortimer, Avril Shahib-Smith, Lisa Chung Este Manual ha sido financiado por el Departamento de Vivienda de [&hellip;]\" \/>\n<meta property=\"og:url\" content=\"https:\/\/www.cltweb.org\/es\/biblioteca-de-recursos\/manuales-y-guias\/manual-australiano-de-clt\/\" \/>\n<meta property=\"og:site_name\" content=\"International Center for Community Land Trusts\" \/>\n<meta property=\"article:publisher\" content=\"https:\/\/www.facebook.com\/cltcenter\" \/>\n<meta property=\"article:modified_time\" content=\"2024-10-22T21:16:25+00:00\" \/>\n<meta name=\"twitter:card\" content=\"summary_large_image\" \/>\n<meta name=\"twitter:site\" content=\"@Center4CLTs\" \/>\n<meta name=\"twitter:label1\" content=\"Tiempo de lectura\" \/>\n\t<meta name=\"twitter:data1\" content=\"1 minuto\" \/>\n<script type=\"application\/ld+json\" class=\"yoast-schema-graph\">{\"@context\":\"https:\\\/\\\/schema.org\",\"@graph\":[{\"@type\":\"WebPage\",\"@id\":\"https:\\\/\\\/www.cltweb.org\\\/es\\\/biblioteca-de-recursos\\\/manuales-y-guias\\\/manual-australiano-de-clt\\\/\",\"url\":\"https:\\\/\\\/www.cltweb.org\\\/es\\\/biblioteca-de-recursos\\\/manuales-y-guias\\\/manual-australiano-de-clt\\\/\",\"name\":\"Australia - International Center for Community Land Trusts\",\"isPartOf\":{\"@id\":\"https:\\\/\\\/www.cltweb.org\\\/es\\\/#website\"},\"datePublished\":\"2024-09-07T20:24:54+00:00\",\"dateModified\":\"2024-10-22T21:16:25+00:00\",\"breadcrumb\":{\"@id\":\"https:\\\/\\\/www.cltweb.org\\\/es\\\/biblioteca-de-recursos\\\/manuales-y-guias\\\/manual-australiano-de-clt\\\/#breadcrumb\"},\"inLanguage\":\"es\",\"potentialAction\":[{\"@type\":\"ReadAction\",\"target\":[\"https:\\\/\\\/www.cltweb.org\\\/es\\\/biblioteca-de-recursos\\\/manuales-y-guias\\\/manual-australiano-de-clt\\\/\"]}]},{\"@type\":\"BreadcrumbList\",\"@id\":\"https:\\\/\\\/www.cltweb.org\\\/es\\\/biblioteca-de-recursos\\\/manuales-y-guias\\\/manual-australiano-de-clt\\\/#breadcrumb\",\"itemListElement\":[{\"@type\":\"ListItem\",\"position\":1,\"name\":\"Home\",\"item\":\"https:\\\/\\\/www.cltweb.org\\\/es\\\/\"},{\"@type\":\"ListItem\",\"position\":2,\"name\":\"Biblioteca de recursos\",\"item\":\"https:\\\/\\\/www.cltweb.org\\\/es\\\/biblioteca-de-recursos\\\/\"},{\"@type\":\"ListItem\",\"position\":3,\"name\":\"Manuales y Gu\u00edas\",\"item\":\"https:\\\/\\\/www.cltweb.org\\\/es\\\/biblioteca-de-recursos\\\/manuales-y-guias\\\/\"},{\"@type\":\"ListItem\",\"position\":4,\"name\":\"Australia\"}]},{\"@type\":\"WebSite\",\"@id\":\"https:\\\/\\\/www.cltweb.org\\\/es\\\/#website\",\"url\":\"https:\\\/\\\/www.cltweb.org\\\/es\\\/\",\"name\":\"International Center for Community Land Trusts\",\"description\":\"\",\"publisher\":{\"@id\":\"https:\\\/\\\/www.cltweb.org\\\/es\\\/#organization\"},\"potentialAction\":[{\"@type\":\"SearchAction\",\"target\":{\"@type\":\"EntryPoint\",\"urlTemplate\":\"https:\\\/\\\/www.cltweb.org\\\/es\\\/?s={search_term_string}\"},\"query-input\":{\"@type\":\"PropertyValueSpecification\",\"valueRequired\":true,\"valueName\":\"search_term_string\"}}],\"inLanguage\":\"es\"},{\"@type\":\"Organization\",\"@id\":\"https:\\\/\\\/www.cltweb.org\\\/es\\\/#organization\",\"name\":\"International Center for Community Land Trusts\",\"url\":\"https:\\\/\\\/www.cltweb.org\\\/es\\\/\",\"logo\":{\"@type\":\"ImageObject\",\"inLanguage\":\"es\",\"@id\":\"https:\\\/\\\/www.cltweb.org\\\/es\\\/#\\\/schema\\\/logo\\\/image\\\/\",\"url\":\"https:\\\/\\\/www.cltweb.org\\\/wp-content\\\/uploads\\\/2024\\\/11\\\/New-CLT-Center-Text-logo.png\",\"contentUrl\":\"https:\\\/\\\/www.cltweb.org\\\/wp-content\\\/uploads\\\/2024\\\/11\\\/New-CLT-Center-Text-logo.png\",\"width\":227,\"height\":80,\"caption\":\"International Center for Community Land Trusts\"},\"image\":{\"@id\":\"https:\\\/\\\/www.cltweb.org\\\/es\\\/#\\\/schema\\\/logo\\\/image\\\/\"},\"sameAs\":[\"https:\\\/\\\/www.facebook.com\\\/cltcenter\",\"https:\\\/\\\/x.com\\\/Center4CLTs\",\"https:\\\/\\\/www.instagram.com\\\/cltcenter\\\/\",\"https:\\\/\\\/www.linkedin.com\\\/company\\\/cltcenter\",\"https:\\\/\\\/www.youtube.com\\\/@centerforcltinnovation5313\"],\"description\":\"The International Center for Community Land Trusts is a not-for-profit nongovernmental organization established in 2018 to promote and to support community land trusts and similar strategies of community-led development on community-owned land in countries throughout the world.\",\"email\":\"info@communitylandtrust.net\",\"legalName\":\"International Center for Community Land Trusts\",\"foundingDate\":\"2018-12-01\",\"taxID\":\"84-3858933\",\"numberOfEmployees\":{\"@type\":\"QuantitativeValue\",\"minValue\":\"1\",\"maxValue\":\"10\"}}]}<\/script>\n<!-- \/ Yoast SEO Premium plugin. -->","yoast_head_json":{"title":"Australia - International Center for Community Land Trusts","robots":{"index":"index","follow":"follow","max-snippet":"max-snippet:-1","max-image-preview":"max-image-preview:large","max-video-preview":"max-video-preview:-1"},"canonical":"https:\/\/www.cltweb.org\/es\/biblioteca-de-recursos\/manuales-y-guias\/manual-australiano-de-clt\/","og_locale":"es_ES","og_type":"article","og_title":"Australia","og_description":"Manual australiano de CLT Por Louise Crabtree, Hazel Blunden, Peter Phibbs, Carolyn Sappideen, Derek Mortimer, Avril Shahib-Smith, Lisa Chung Este Manual ha sido financiado por el Departamento de Vivienda de [&hellip;]","og_url":"https:\/\/www.cltweb.org\/es\/biblioteca-de-recursos\/manuales-y-guias\/manual-australiano-de-clt\/","og_site_name":"International Center for Community Land Trusts","article_publisher":"https:\/\/www.facebook.com\/cltcenter","article_modified_time":"2024-10-22T21:16:25+00:00","twitter_card":"summary_large_image","twitter_site":"@Center4CLTs","twitter_misc":{"Tiempo de lectura":"1 minuto"},"schema":{"@context":"https:\/\/schema.org","@graph":[{"@type":"WebPage","@id":"https:\/\/www.cltweb.org\/es\/biblioteca-de-recursos\/manuales-y-guias\/manual-australiano-de-clt\/","url":"https:\/\/www.cltweb.org\/es\/biblioteca-de-recursos\/manuales-y-guias\/manual-australiano-de-clt\/","name":"Australia - International Center for Community Land Trusts","isPartOf":{"@id":"https:\/\/www.cltweb.org\/es\/#website"},"datePublished":"2024-09-07T20:24:54+00:00","dateModified":"2024-10-22T21:16:25+00:00","breadcrumb":{"@id":"https:\/\/www.cltweb.org\/es\/biblioteca-de-recursos\/manuales-y-guias\/manual-australiano-de-clt\/#breadcrumb"},"inLanguage":"es","potentialAction":[{"@type":"ReadAction","target":["https:\/\/www.cltweb.org\/es\/biblioteca-de-recursos\/manuales-y-guias\/manual-australiano-de-clt\/"]}]},{"@type":"BreadcrumbList","@id":"https:\/\/www.cltweb.org\/es\/biblioteca-de-recursos\/manuales-y-guias\/manual-australiano-de-clt\/#breadcrumb","itemListElement":[{"@type":"ListItem","position":1,"name":"Home","item":"https:\/\/www.cltweb.org\/es\/"},{"@type":"ListItem","position":2,"name":"Biblioteca de recursos","item":"https:\/\/www.cltweb.org\/es\/biblioteca-de-recursos\/"},{"@type":"ListItem","position":3,"name":"Manuales y Gu\u00edas","item":"https:\/\/www.cltweb.org\/es\/biblioteca-de-recursos\/manuales-y-guias\/"},{"@type":"ListItem","position":4,"name":"Australia"}]},{"@type":"WebSite","@id":"https:\/\/www.cltweb.org\/es\/#website","url":"https:\/\/www.cltweb.org\/es\/","name":"International Center for Community Land Trusts","description":"","publisher":{"@id":"https:\/\/www.cltweb.org\/es\/#organization"},"potentialAction":[{"@type":"SearchAction","target":{"@type":"EntryPoint","urlTemplate":"https:\/\/www.cltweb.org\/es\/?s={search_term_string}"},"query-input":{"@type":"PropertyValueSpecification","valueRequired":true,"valueName":"search_term_string"}}],"inLanguage":"es"},{"@type":"Organization","@id":"https:\/\/www.cltweb.org\/es\/#organization","name":"International Center for Community Land Trusts","url":"https:\/\/www.cltweb.org\/es\/","logo":{"@type":"ImageObject","inLanguage":"es","@id":"https:\/\/www.cltweb.org\/es\/#\/schema\/logo\/image\/","url":"https:\/\/www.cltweb.org\/wp-content\/uploads\/2024\/11\/New-CLT-Center-Text-logo.png","contentUrl":"https:\/\/www.cltweb.org\/wp-content\/uploads\/2024\/11\/New-CLT-Center-Text-logo.png","width":227,"height":80,"caption":"International Center for Community Land Trusts"},"image":{"@id":"https:\/\/www.cltweb.org\/es\/#\/schema\/logo\/image\/"},"sameAs":["https:\/\/www.facebook.com\/cltcenter","https:\/\/x.com\/Center4CLTs","https:\/\/www.instagram.com\/cltcenter\/","https:\/\/www.linkedin.com\/company\/cltcenter","https:\/\/www.youtube.com\/@centerforcltinnovation5313"],"description":"The International Center for Community Land Trusts is a not-for-profit nongovernmental organization established in 2018 to promote and to support community land trusts and similar strategies of community-led development on community-owned land in countries throughout the world.","email":"info@communitylandtrust.net","legalName":"International Center for Community Land Trusts","foundingDate":"2018-12-01","taxID":"84-3858933","numberOfEmployees":{"@type":"QuantitativeValue","minValue":"1","maxValue":"10"}}]}},"campaignId":"","taxonomy_info":{"category":[{"value":138,"label":"Manuales"}]},"featured_image_src_large":false,"author_info":{"display_name":"cltredesign_0jp0l4","author_link":"https:\/\/www.cltweb.org\/es\/author\/cltredesign_0jp0l4\/"},"comment_info":0,"jetpack_sharing_enabled":true,"jetpack-related-posts":[{"id":1828,"url":"https:\/\/www.cltweb.org\/es\/biblioteca-de-recursos\/manuales-y-guias\/bancos-de-tierras-y-fideicomisos-comunitarios-de-tierras\/","url_meta":{"origin":1827,"position":0},"title":"Europa","author":"cltredesign_0jp0l4","date":"7 de septiembre de 2024","format":false,"excerpt":"Manuales y Gu\u00edas de Europa Viviendas populares: C\u00f3mo se organizan London CLT y Citizens UK para acceder a terrenos destinados a viviendas asequibles London CLT surgi\u00f3 de los esfuerzos de organizaci\u00f3n comunitaria de London Citizens, que desde principios de la d\u00e9cada de 1990 han estado fomentando la capacidad de las\u2026","rel":"","context":"En \u00abManuales\u00bb","block_context":{"text":"Manuales","link":"https:\/\/www.cltweb.org\/es\/category\/manuales\/"},"img":{"alt_text":"","src":"","width":0,"height":0},"classes":[]},{"id":2896,"url":"https:\/\/www.cltweb.org\/es\/biblioteca-de-recursos\/manuales-y-guias\/estados-unidos\/","url_meta":{"origin":1827,"position":1},"title":"Estados Unidos","author":"cltredesign_0jp0l4","date":"4 de octubre de 2024","format":false,"excerpt":"Manuales y Gu\u00edas de Estados Unidos Crear un fideicomiso de la tierra (2007) Escrito por John Emmeus Davis en 2007, C\u00f3mo crear un fideicomiso de la tierra: Organizational and Operational Choices, es un manual que rara vez dice cu\u00e1l debe ser la decisi\u00f3n \"correcta\". Crear un fideicomiso de la tierra\u2026","rel":"","context":"En \u00abManuales\u00bb","block_context":{"text":"Manuales","link":"https:\/\/www.cltweb.org\/es\/category\/manuales\/"},"img":{"alt_text":"","src":"","width":0,"height":0},"classes":[]},{"id":3950,"url":"https:\/\/www.cltweb.org\/es\/biblioteca-de-recursos\/casos-practicos-de-clt\/fondo-comunitario-de-tierras-de-albany\/","url_meta":{"origin":1827,"position":2},"title":"Fondo Comunitario de Tierras de Albany","author":"cltredesign_0jp0l4","date":"20 de octubre de 2024","format":false,"excerpt":"Fundada en 1987 (Albany, Nueva York) Perfil aportado por Kirby White (2015) El Albany Community Land Trust se puso en marcha en la d\u00e9cada de 1980 gracias a los esfuerzos de United Tenants of Albany (UTA), cuyo personal se hab\u00eda interesado por los modelos de desarrollo y financiaci\u00f3n comunitarios promovidos\u2026","rel":"","context":"En \u00abCasos pr\u00e1cticos\u00bb","block_context":{"text":"Casos pr\u00e1cticos","link":"https:\/\/www.cltweb.org\/es\/category\/casos-practicos\/"},"img":{"alt_text":"","src":"","width":0,"height":0},"classes":[]},{"id":4018,"url":"https:\/\/www.cltweb.org\/es\/biblioteca-de-recursos\/casos-practicos-de-clt\/fondo-comunitario-de-tierras-de-albany-2\/","url_meta":{"origin":1827,"position":3},"title":"Fondo Comunitario de Tierras de Albany","author":"cltredesign_0jp0l4","date":"21 de octubre de 2024","format":false,"excerpt":"Fundada en 1987 (Albany, Nueva York) Perfil aportado por Kirby White (2015) El Albany Community Land Trust se puso en marcha en la d\u00e9cada de 1980 gracias a los esfuerzos de United Tenants of Albany (UTA), cuyo personal se hab\u00eda interesado por los modelos de desarrollo y financiaci\u00f3n comunitarios promovidos\u2026","rel":"","context":"Entrada similar","block_context":{"text":"Entrada similar","link":""},"img":{"alt_text":"","src":"","width":0,"height":0},"classes":[]},{"id":4367,"url":"https:\/\/www.cltweb.org\/es\/biblioteca-de-recursos\/entrevistas\/john-emmus-davis\/","url_meta":{"origin":1827,"position":4},"title":"John Emmus Davis (2011)","author":"cltredesign_0jp0l4","date":"22 de octubre de 2024","format":false,"excerpt":"En 2011, John llevaba 30 a\u00f1os fomentando el desarrollo de los fideicomisos de tierras comunitarias como escritor, profesor y proveedor de asistencia t\u00e9cnica. La evoluci\u00f3n de su implicaci\u00f3n personal y profesional con el movimiento de las CLT se explor\u00f3 en esta entrevista grabada por Steve Dubb, entonces Director de Investigaci\u00f3n\u2026","rel":"","context":"En \u00abEntrevistas\u00bb","block_context":{"text":"Entrevistas","link":"https:\/\/www.cltweb.org\/es\/category\/entrevistas\/"},"img":{"alt_text":"","src":"","width":0,"height":0},"classes":[]},{"id":3992,"url":"https:\/\/www.cltweb.org\/es\/biblioteca-de-recursos\/casos-practicos-de-clt\/fondo-de-vivienda-de-champlain\/","url_meta":{"origin":1827,"position":5},"title":"Fondo de Vivienda de Champlain","author":"cltredesign_0jp0l4","date":"20 de octubre de 2024","format":false,"excerpt":"Fundada en 1984 (Burlington, Vermont) Perfil aportado por Brenda Torpy (2015) La Champlain Housing Trust (CHT) naci\u00f3 en una peque\u00f1a ciudad con una gran idea: creando un parque de viviendas asequibles de forma permanente, todo el mundo podr\u00eda tener acceso a una vivienda decente y asequible, independientemente de sus ingresos.\u2026","rel":"","context":"En \u00abCasos pr\u00e1cticos\u00bb","block_context":{"text":"Casos pr\u00e1cticos","link":"https:\/\/www.cltweb.org\/es\/category\/casos-practicos\/"},"img":{"alt_text":"","src":"","width":0,"height":0},"classes":[]}],"_links":{"self":[{"href":"https:\/\/www.cltweb.org\/es\/wp-json\/wp\/v2\/pages\/1827","targetHints":{"allow":["GET"]}}],"collection":[{"href":"https:\/\/www.cltweb.org\/es\/wp-json\/wp\/v2\/pages"}],"about":[{"href":"https:\/\/www.cltweb.org\/es\/wp-json\/wp\/v2\/types\/page"}],"author":[{"embeddable":true,"href":"https:\/\/www.cltweb.org\/es\/wp-json\/wp\/v2\/users\/1"}],"replies":[{"embeddable":true,"href":"https:\/\/www.cltweb.org\/es\/wp-json\/wp\/v2\/comments?post=1827"}],"version-history":[{"count":5,"href":"https:\/\/www.cltweb.org\/es\/wp-json\/wp\/v2\/pages\/1827\/revisions"}],"predecessor-version":[{"id":4598,"href":"https:\/\/www.cltweb.org\/es\/wp-json\/wp\/v2\/pages\/1827\/revisions\/4598"}],"up":[{"embeddable":true,"href":"https:\/\/www.cltweb.org\/es\/wp-json\/wp\/v2\/pages\/1280"}],"wp:attachment":[{"href":"https:\/\/www.cltweb.org\/es\/wp-json\/wp\/v2\/media?parent=1827"}],"wp:term":[{"taxonomy":"category","embeddable":true,"href":"https:\/\/www.cltweb.org\/es\/wp-json\/wp\/v2\/categories?post=1827"},{"taxonomy":"post_tag","embeddable":true,"href":"https:\/\/www.cltweb.org\/es\/wp-json\/wp\/v2\/tags?post=1827"}],"curies":[{"name":"wp","href":"https:\/\/api.w.org\/{rel}","templated":true}]}}