{"id":1847,"date":"2024-07-30T19:12:22","date_gmt":"2024-07-30T19:12:22","guid":{"rendered":"https:\/\/www.cltweb.org\/participa\/suscribete-a-nuestro-boletin\/"},"modified":"2024-07-30T19:12:22","modified_gmt":"2024-07-30T19:12:22","slug":"suscribete-a-nuestro-boletin","status":"publish","type":"page","link":"https:\/\/www.cltweb.org\/es\/participa\/suscribete-a-nuestro-boletin\/","title":{"rendered":"Suscr\u00edbete a nuestro bolet\u00edn"},"content":{"rendered":"","protected":false},"excerpt":{"rendered":"","protected":false},"author":1,"featured_media":0,"parent":868,"menu_order":0,"comment_status":"closed","ping_status":"closed","template":"","meta":{"give_campaign_id":0,"_tec_requires_first_save":true,"_kad_blocks_custom_css":"","_kad_blocks_head_custom_js":"","_kad_blocks_body_custom_js":"","_kad_blocks_footer_custom_js":"","_EventAllDay":false,"_EventTimezone":"","_EventStartDate":"","_EventEndDate":"","_EventStartDateUTC":"","_EventEndDateUTC":"","_EventShowMap":false,"_EventShowMapLink":false,"_EventURL":"","_EventCost":"","_EventCostDescription":"","_EventCurrencySymbol":"","_EventCurrencyCode":"","_EventCurrencyPosition":"","_EventDateTimeSeparator":"","_EventTimeRangeSeparator":"","_EventOrganizerID":[],"_EventVenueID":[],"_OrganizerEmail":"","_OrganizerPhone":"","_OrganizerWebsite":"","_VenueAddress":"","_VenueCity":"","_VenueCountry":"","_VenueProvince":"","_VenueState":"","_VenueZip":"","_VenuePhone":"","_VenueURL":"","_VenueStateProvince":"","_VenueLat":"","_VenueLng":"","_VenueShowMap":false,"_VenueShowMapLink":false,"_tribe_blocks_recurrence_rules":"","_tribe_blocks_recurrence_description":"","_tribe_blocks_recurrence_exclusions":"","footnotes":""},"categories":[95],"tags":[],"class_list":["post-1847","page","type-page","status-publish","hentry","category-participa"],"blocksy_meta":[],"yoast_head":"<!-- This site is optimized with the Yoast SEO Premium plugin v27.5 (Yoast SEO v27.5) - https:\/\/yoast.com\/product\/yoast-seo-premium-wordpress\/ -->\n<title>Suscr\u00edbete a nuestro bolet\u00edn - International Center for Community Land Trusts<\/title>\n<meta name=\"robots\" content=\"index, follow, max-snippet:-1, max-image-preview:large, max-video-preview:-1\" \/>\n<link rel=\"canonical\" href=\"https:\/\/www.cltweb.org\/es\/participa\/suscribete-a-nuestro-boletin\/\" \/>\n<meta property=\"og:locale\" content=\"es_ES\" \/>\n<meta property=\"og:type\" content=\"article\" \/>\n<meta property=\"og:title\" content=\"Suscr\u00edbete a nuestro bolet\u00edn\" \/>\n<meta property=\"og:url\" content=\"https:\/\/www.cltweb.org\/es\/participa\/suscribete-a-nuestro-boletin\/\" \/>\n<meta property=\"og:site_name\" content=\"International Center for Community Land Trusts\" \/>\n<meta property=\"article:publisher\" content=\"https:\/\/www.facebook.com\/cltcenter\" \/>\n<meta name=\"twitter:card\" content=\"summary_large_image\" \/>\n<meta name=\"twitter:site\" content=\"@Center4CLTs\" \/>\n<script type=\"application\/ld+json\" class=\"yoast-schema-graph\">{\"@context\":\"https:\\\/\\\/schema.org\",\"@graph\":[{\"@type\":\"WebPage\",\"@id\":\"https:\\\/\\\/www.cltweb.org\\\/es\\\/participa\\\/suscribete-a-nuestro-boletin\\\/\",\"url\":\"https:\\\/\\\/www.cltweb.org\\\/es\\\/participa\\\/suscribete-a-nuestro-boletin\\\/\",\"name\":\"Suscr\u00edbete a nuestro bolet\u00edn - International Center for Community Land Trusts\",\"isPartOf\":{\"@id\":\"https:\\\/\\\/www.cltweb.org\\\/es\\\/#website\"},\"datePublished\":\"2024-07-30T19:12:22+00:00\",\"breadcrumb\":{\"@id\":\"https:\\\/\\\/www.cltweb.org\\\/es\\\/participa\\\/suscribete-a-nuestro-boletin\\\/#breadcrumb\"},\"inLanguage\":\"es\",\"potentialAction\":[{\"@type\":\"ReadAction\",\"target\":[\"https:\\\/\\\/www.cltweb.org\\\/es\\\/participa\\\/suscribete-a-nuestro-boletin\\\/\"]}]},{\"@type\":\"BreadcrumbList\",\"@id\":\"https:\\\/\\\/www.cltweb.org\\\/es\\\/participa\\\/suscribete-a-nuestro-boletin\\\/#breadcrumb\",\"itemListElement\":[{\"@type\":\"ListItem\",\"position\":1,\"name\":\"Home\",\"item\":\"https:\\\/\\\/www.cltweb.org\\\/es\\\/\"},{\"@type\":\"ListItem\",\"position\":2,\"name\":\"Participa\",\"item\":\"https:\\\/\\\/www.cltweb.org\\\/es\\\/get-involved\\\/\"},{\"@type\":\"ListItem\",\"position\":3,\"name\":\"Suscr\u00edbete a nuestro bolet\u00edn\"}]},{\"@type\":\"WebSite\",\"@id\":\"https:\\\/\\\/www.cltweb.org\\\/es\\\/#website\",\"url\":\"https:\\\/\\\/www.cltweb.org\\\/es\\\/\",\"name\":\"International Center for Community Land Trusts\",\"description\":\"\",\"publisher\":{\"@id\":\"https:\\\/\\\/www.cltweb.org\\\/es\\\/#organization\"},\"potentialAction\":[{\"@type\":\"SearchAction\",\"target\":{\"@type\":\"EntryPoint\",\"urlTemplate\":\"https:\\\/\\\/www.cltweb.org\\\/es\\\/?s={search_term_string}\"},\"query-input\":{\"@type\":\"PropertyValueSpecification\",\"valueRequired\":true,\"valueName\":\"search_term_string\"}}],\"inLanguage\":\"es\"},{\"@type\":\"Organization\",\"@id\":\"https:\\\/\\\/www.cltweb.org\\\/es\\\/#organization\",\"name\":\"International Center for Community Land Trusts\",\"url\":\"https:\\\/\\\/www.cltweb.org\\\/es\\\/\",\"logo\":{\"@type\":\"ImageObject\",\"inLanguage\":\"es\",\"@id\":\"https:\\\/\\\/www.cltweb.org\\\/es\\\/#\\\/schema\\\/logo\\\/image\\\/\",\"url\":\"https:\\\/\\\/www.cltweb.org\\\/wp-content\\\/uploads\\\/2024\\\/11\\\/New-CLT-Center-Text-logo.png\",\"contentUrl\":\"https:\\\/\\\/www.cltweb.org\\\/wp-content\\\/uploads\\\/2024\\\/11\\\/New-CLT-Center-Text-logo.png\",\"width\":227,\"height\":80,\"caption\":\"International Center for Community Land Trusts\"},\"image\":{\"@id\":\"https:\\\/\\\/www.cltweb.org\\\/es\\\/#\\\/schema\\\/logo\\\/image\\\/\"},\"sameAs\":[\"https:\\\/\\\/www.facebook.com\\\/cltcenter\",\"https:\\\/\\\/x.com\\\/Center4CLTs\",\"https:\\\/\\\/www.instagram.com\\\/cltcenter\\\/\",\"https:\\\/\\\/www.linkedin.com\\\/company\\\/cltcenter\",\"https:\\\/\\\/www.youtube.com\\\/@centerforcltinnovation5313\"],\"description\":\"The International Center for Community Land Trusts is a not-for-profit nongovernmental organization established in 2018 to promote and to support community land trusts and similar strategies of community-led development on community-owned land in countries throughout the world.\",\"email\":\"info@communitylandtrust.net\",\"legalName\":\"International Center for Community Land Trusts\",\"foundingDate\":\"2018-12-01\",\"taxID\":\"84-3858933\",\"numberOfEmployees\":{\"@type\":\"QuantitativeValue\",\"minValue\":\"1\",\"maxValue\":\"10\"}}]}<\/script>\n<!-- \/ Yoast SEO Premium plugin. -->","yoast_head_json":{"title":"Suscr\u00edbete a nuestro bolet\u00edn - International Center for Community Land Trusts","robots":{"index":"index","follow":"follow","max-snippet":"max-snippet:-1","max-image-preview":"max-image-preview:large","max-video-preview":"max-video-preview:-1"},"canonical":"https:\/\/www.cltweb.org\/es\/participa\/suscribete-a-nuestro-boletin\/","og_locale":"es_ES","og_type":"article","og_title":"Suscr\u00edbete a nuestro bolet\u00edn","og_url":"https:\/\/www.cltweb.org\/es\/participa\/suscribete-a-nuestro-boletin\/","og_site_name":"International Center for Community Land Trusts","article_publisher":"https:\/\/www.facebook.com\/cltcenter","twitter_card":"summary_large_image","twitter_site":"@Center4CLTs","schema":{"@context":"https:\/\/schema.org","@graph":[{"@type":"WebPage","@id":"https:\/\/www.cltweb.org\/es\/participa\/suscribete-a-nuestro-boletin\/","url":"https:\/\/www.cltweb.org\/es\/participa\/suscribete-a-nuestro-boletin\/","name":"Suscr\u00edbete a nuestro bolet\u00edn - International Center for Community Land Trusts","isPartOf":{"@id":"https:\/\/www.cltweb.org\/es\/#website"},"datePublished":"2024-07-30T19:12:22+00:00","breadcrumb":{"@id":"https:\/\/www.cltweb.org\/es\/participa\/suscribete-a-nuestro-boletin\/#breadcrumb"},"inLanguage":"es","potentialAction":[{"@type":"ReadAction","target":["https:\/\/www.cltweb.org\/es\/participa\/suscribete-a-nuestro-boletin\/"]}]},{"@type":"BreadcrumbList","@id":"https:\/\/www.cltweb.org\/es\/participa\/suscribete-a-nuestro-boletin\/#breadcrumb","itemListElement":[{"@type":"ListItem","position":1,"name":"Home","item":"https:\/\/www.cltweb.org\/es\/"},{"@type":"ListItem","position":2,"name":"Participa","item":"https:\/\/www.cltweb.org\/es\/get-involved\/"},{"@type":"ListItem","position":3,"name":"Suscr\u00edbete a nuestro bolet\u00edn"}]},{"@type":"WebSite","@id":"https:\/\/www.cltweb.org\/es\/#website","url":"https:\/\/www.cltweb.org\/es\/","name":"International Center for Community Land Trusts","description":"","publisher":{"@id":"https:\/\/www.cltweb.org\/es\/#organization"},"potentialAction":[{"@type":"SearchAction","target":{"@type":"EntryPoint","urlTemplate":"https:\/\/www.cltweb.org\/es\/?s={search_term_string}"},"query-input":{"@type":"PropertyValueSpecification","valueRequired":true,"valueName":"search_term_string"}}],"inLanguage":"es"},{"@type":"Organization","@id":"https:\/\/www.cltweb.org\/es\/#organization","name":"International Center for Community Land Trusts","url":"https:\/\/www.cltweb.org\/es\/","logo":{"@type":"ImageObject","inLanguage":"es","@id":"https:\/\/www.cltweb.org\/es\/#\/schema\/logo\/image\/","url":"https:\/\/www.cltweb.org\/wp-content\/uploads\/2024\/11\/New-CLT-Center-Text-logo.png","contentUrl":"https:\/\/www.cltweb.org\/wp-content\/uploads\/2024\/11\/New-CLT-Center-Text-logo.png","width":227,"height":80,"caption":"International Center for Community Land Trusts"},"image":{"@id":"https:\/\/www.cltweb.org\/es\/#\/schema\/logo\/image\/"},"sameAs":["https:\/\/www.facebook.com\/cltcenter","https:\/\/x.com\/Center4CLTs","https:\/\/www.instagram.com\/cltcenter\/","https:\/\/www.linkedin.com\/company\/cltcenter","https:\/\/www.youtube.com\/@centerforcltinnovation5313"],"description":"The International Center for Community Land Trusts is a not-for-profit nongovernmental organization established in 2018 to promote and to support community land trusts and similar strategies of community-led development on community-owned land in countries throughout the world.","email":"info@communitylandtrust.net","legalName":"International Center for Community Land Trusts","foundingDate":"2018-12-01","taxID":"84-3858933","numberOfEmployees":{"@type":"QuantitativeValue","minValue":"1","maxValue":"10"}}]}},"campaignId":"","taxonomy_info":{"category":[{"value":95,"label":"Participa"}]},"featured_image_src_large":false,"author_info":{"display_name":"cltredesign_0jp0l4","author_link":"https:\/\/www.cltweb.org\/es\/author\/cltredesign_0jp0l4\/"},"comment_info":0,"jetpack_sharing_enabled":true,"jetpack-related-posts":[{"id":781,"url":"https:\/\/www.cltweb.org\/es\/programas-y-proyectos\/iniciativa-clt-del-sur-global\/","url_meta":{"origin":1847,"position":0},"title":"Iniciativa de fideicomiso comunitario de la tierra del Sur Global","author":"cltredesign_0jp0l4","date":"26 de julio de 2024","format":false,"excerpt":"Promover el derecho a la vivienda y la propiedad comunitaria en todo el Sur Global Visi\u00f3n general La tierra y la vivienda seguras son un derecho humano y una lucha mundial. En \u00c1frica, Asia, Am\u00e9rica Latina y el Caribe, las comunidades est\u00e1n construyendo poderosos movimientos para promover el derecho a\u2026","rel":"","context":"En \u00abProgramas y proyectos\u00bb","block_context":{"text":"Programas y proyectos","link":"https:\/\/www.cltweb.org\/es\/category\/programas-y-proyectos\/"},"img":{"alt_text":"","src":"","width":0,"height":0},"classes":[]},{"id":916,"url":"https:\/\/www.cltweb.org\/es\/noticias-y-eventos\/","url_meta":{"origin":1847,"position":1},"title":"Noticias y Eventos","author":"cltredesign_0jp0l4","date":"26 de julio de 2024","format":false,"excerpt":"Noticias y Eventos Hemos recopilado noticias sobre fideicomisos de tierras comunitarias de todo el mundo, as\u00ed como ofertas de empleo para quienes est\u00e9n interesados en trabajar en un CLT. Tambi\u00e9n tenemos n\u00fameros anteriores de nuestro bolet\u00edn y una lista de nuestros pr\u00f3ximos eventos educativos.","rel":"","context":"En \u00abSin categorizar\u00bb","block_context":{"text":"Sin categorizar","link":"https:\/\/www.cltweb.org\/es\/category\/sin-categorizar\/"},"img":{"alt_text":"","src":"","width":0,"height":0},"classes":[]},{"id":1963,"url":"https:\/\/www.cltweb.org\/es\/noticias-y-eventos\/boletines\/","url_meta":{"origin":1847,"position":2},"title":"Boletines","author":"cltredesign_0jp0l4","date":"26 de julio de 2024","format":false,"excerpt":"Boletines del Centro CLT.","rel":"","context":"En \u00abNoticias y Eventos\u00bb","block_context":{"text":"Noticias y Eventos","link":"https:\/\/www.cltweb.org\/es\/category\/noticias-y-eventos\/"},"img":{"alt_text":"","src":"","width":0,"height":0},"classes":[]},{"id":868,"url":"https:\/\/www.cltweb.org\/es\/participa\/","url_meta":{"origin":1847,"position":3},"title":"Participa","author":"cltredesign_0jp0l4","date":"26 de julio de 2024","format":false,"excerpt":"Sobrel\u00ednea Participa Utiliza este apartado para que los visitantes de tu sitio web te conozcan. Escribe sobre ti o tu organizaci\u00f3n, los productos o servicios que ofreces, o por qu\u00e9 existes. Mant\u00e9n un estilo de comunicaci\u00f3n coherente. Considera la posibilidad de utilizarlo si necesitas proporcionar m\u00e1s contexto sobre por qu\u00e9\u2026","rel":"","context":"En \u00abParticipa\u00bb","block_context":{"text":"Participa","link":"https:\/\/www.cltweb.org\/es\/category\/participa\/"},"img":{"alt_text":"","src":"","width":0,"height":0},"classes":[]},{"id":1941,"url":"https:\/\/www.cltweb.org\/pt-br\/noticias-e-eventos\/boletins-informativos\/","url_meta":{"origin":1847,"position":4},"title":"Boletins informativos","author":"cltredesign_0jp0l4","date":"26 de julio de 2024","format":false,"excerpt":"Boletins informativos do Centro CLT.","rel":"","context":"En \u00abNot\u00edcias e eventos\u00bb","block_context":{"text":"Not\u00edcias e eventos","link":"https:\/\/www.cltweb.org\/pt-br\/category\/noticias-e-eventos\/"},"img":{"alt_text":"","src":"","width":0,"height":0},"classes":[]},{"id":869,"url":"https:\/\/www.cltweb.org\/es\/contacta-con-nosotros\/","url_meta":{"origin":1847,"position":5},"title":"Contacta con nosotros","author":"cltredesign_0jp0l4","date":"26 de julio de 2024","format":false,"excerpt":"","rel":"","context":"En \u00abParticipa\u00bb","block_context":{"text":"Participa","link":"https:\/\/www.cltweb.org\/es\/category\/participa\/"},"img":{"alt_text":"","src":"","width":0,"height":0},"classes":[]}],"_links":{"self":[{"href":"https:\/\/www.cltweb.org\/es\/wp-json\/wp\/v2\/pages\/1847","targetHints":{"allow":["GET"]}}],"collection":[{"href":"https:\/\/www.cltweb.org\/es\/wp-json\/wp\/v2\/pages"}],"about":[{"href":"https:\/\/www.cltweb.org\/es\/wp-json\/wp\/v2\/types\/page"}],"author":[{"embeddable":true,"href":"https:\/\/www.cltweb.org\/es\/wp-json\/wp\/v2\/users\/1"}],"replies":[{"embeddable":true,"href":"https:\/\/www.cltweb.org\/es\/wp-json\/wp\/v2\/comments?post=1847"}],"version-history":[{"count":0,"href":"https:\/\/www.cltweb.org\/es\/wp-json\/wp\/v2\/pages\/1847\/revisions"}],"up":[{"embeddable":true,"href":"https:\/\/www.cltweb.org\/es\/wp-json\/wp\/v2\/pages\/868"}],"wp:attachment":[{"href":"https:\/\/www.cltweb.org\/es\/wp-json\/wp\/v2\/media?parent=1847"}],"wp:term":[{"taxonomy":"category","embeddable":true,"href":"https:\/\/www.cltweb.org\/es\/wp-json\/wp\/v2\/categories?post=1847"},{"taxonomy":"post_tag","embeddable":true,"href":"https:\/\/www.cltweb.org\/es\/wp-json\/wp\/v2\/tags?post=1847"}],"curies":[{"name":"wp","href":"https:\/\/api.w.org\/{rel}","templated":true}]}}