{"id":1864,"date":"2024-07-26T20:04:39","date_gmt":"2024-07-26T20:04:39","guid":{"rendered":"https:\/\/www.cltweb.org\/biblioteca-de-recursos\/investiga\/base-de-datos-de-leyes-estatales-de-ee-uu\/"},"modified":"2024-10-27T17:33:22","modified_gmt":"2024-10-27T17:33:22","slug":"base-de-datos-de-leyes-estatales-de-ee-uu","status":"publish","type":"page","link":"https:\/\/www.cltweb.org\/es\/biblioteca-de-recursos\/base-de-datos-de-leyes-estatales-de-ee-uu\/","title":{"rendered":"Base de datos de leyes estatales de EE.UU."},"content":{"rendered":"\n<p>Los fideicomisos de terrenos comunitarios (CLT) han podido organizarse o funcionar durante mucho tiempo sin legislaci\u00f3n espec\u00edfica, autorizaci\u00f3n u orientaci\u00f3n de los gobiernos estatales. A partir de la creaci\u00f3n de New Communities, Inc. en 1969, las CLT se han basado en los mecanismos legales existentes en las leyes sobre propiedad, impuestos y sociedades para funcionar. Se han constituido como entidades sin \u00e1nimo de lucro, han establecido consejos tripartitos y han separado los terrenos de las mejoras. Las CLT han vendido viviendas de reventa restringida y han firmado contratos de arrendamiento a largo plazo del terreno con los propietarios. Han hecho cumplir las disposiciones del contrato de arrendamiento del terreno y han preservado la asequibilidad, calidad y seguridad de las viviendas y otras mejoras. Todo esto se ha hecho sin ayuda de la legislaci\u00f3n.     <\/p>\n\n<p>Sin embargo, los CLT est\u00e1n descubriendo que una legislaci\u00f3n bien elaborada puede ayudarles a prosperar. Las legislaturas estatales tienen autoridad para definir, permitir y regular las CLT. La legislaci\u00f3n estatal puede establecer normas que orienten las valoraciones fiscales locales de los terrenos y las mejoras de las CLT. Puede dirigir la distribuci\u00f3n de los terrenos &#8220;excedentes&#8221; de propiedad estatal. Puede establecer prioridades para la distribuci\u00f3n de los recursos de los fondos fiduciarios estatales para la vivienda y los departamentos estatales de las autoridades de la vivienda. Las legislaturas estatales pueden promulgar leyes que apoyen la aplicabilidad de mecanismos contractuales que preserven la asequibilidad permanente, entre otras cosas. Los estatutos estatales tambi\u00e9n han proporcionado mecanismos de financiaci\u00f3n para la asistencia t\u00e9cnica, las operaciones de los CLT y el desarrollo de proyectos de CLT, ayudando a los CLT a ampliar sus programas y a expandir las oportunidades de ser propietario de una vivienda. Adem\u00e1s de proporcionar recursos esenciales para las propias CLT, estas leyes aumentan la concienciaci\u00f3n p\u00fablica y ofrecen garant\u00edas sobre la legitimidad del modelo a los compradores de viviendas, prestamistas, inversores y otras personas cuya cooperaci\u00f3n es esencial.       <\/p>\n\n<p>Esta base de datos ofrece una visi\u00f3n general de las leyes aprobadas a nivel estatal que apoyan la propiedad de vivienda asequible de forma permanente en general y las CLT en particular. Se trata de un trabajo en curso. El objetivo de publicar esta informaci\u00f3n es dar a los funcionarios estatales y a los profesionales de las CLT una mejor idea de los tipos de legislaci\u00f3n estatal que existen en todo el pa\u00eds y proporcionar ejemplos de lenguaje legislativo para que los defensores de las CLT lo estudien a la hora de elaborar legislaci\u00f3n en sus propios estados.  <\/p>\n\n<p>Quiero dar las gracias a las siguientes personas que ayudaron a hacer posible esta base de datos: Fran Miller y Nicole Renna, de la Facultad de Derecho y Posgrado de Vermont; Sandeep Dhaliwhal, Jyoti Nagra y Michelle Hong, de la Facultad de Derecho de la Universidad de Nueva York; y Greg Rosenberg, del Centro Internacional de CLT.<\/p>\n\n<p>Kristin King-Ries<br\/>Agosto de 2024<\/p>\n<style>.wp-block-kadence-spacer.kt-block-spacer-270_139bf2-32 .kt-block-spacer{height:27px;}.wp-block-kadence-spacer.kt-block-spacer-270_139bf2-32 .kt-divider{border-top-width:13px;height:1px;border-top-color:#eee;width:80%;border-top-style:solid;}<\/style>\n<div class=\"wp-block-kadence-spacer aligncenter kt-block-spacer-270_139bf2-32\"><div class=\"kt-block-spacer kt-block-spacer-halign-center\"><hr class=\"kt-divider\"\/><\/div><\/div>\n\n<iframe loading=\"lazy\" class=\"airtable-embed\" style=\"background: transparent; border: 1px solid #ccc;\" src=\"https:\/\/airtable.com\/embed\/app4gcVT9wTrVHQO6\/shrAgxppXfnWTWH6v?backgroundColor=cyanDusty&#038;layout=card&#038;viewControls=on\" width=\"100%\" height=\"1000\" frameborder=\"0\"><\/iframe>\n","protected":false},"excerpt":{"rendered":"<p>Los fideicomisos de terrenos comunitarios (CLT) han podido organizarse o funcionar durante mucho tiempo sin legislaci\u00f3n espec\u00edfica, autorizaci\u00f3n u orientaci\u00f3n de los gobiernos estatales. A partir de la creaci\u00f3n de [&hellip;]<\/p>\n","protected":false},"author":1,"featured_media":0,"parent":881,"menu_order":0,"comment_status":"closed","ping_status":"closed","template":"","meta":{"give_campaign_id":0,"_tec_requires_first_save":true,"_kad_blocks_custom_css":"","_kad_blocks_head_custom_js":"","_kad_blocks_body_custom_js":"","_kad_blocks_footer_custom_js":"","_EventAllDay":false,"_EventTimezone":"","_EventStartDate":"","_EventEndDate":"","_EventStartDateUTC":"","_EventEndDateUTC":"","_EventShowMap":false,"_EventShowMapLink":false,"_EventURL":"","_EventCost":"","_EventCostDescription":"","_EventCurrencySymbol":"","_EventCurrencyCode":"","_EventCurrencyPosition":"","_EventDateTimeSeparator":"","_EventTimeRangeSeparator":"","_EventOrganizerID":[],"_EventVenueID":[],"_OrganizerEmail":"","_OrganizerPhone":"","_OrganizerWebsite":"","_VenueAddress":"","_VenueCity":"","_VenueCountry":"","_VenueProvince":"","_VenueState":"","_VenueZip":"","_VenuePhone":"","_VenueURL":"","_VenueStateProvince":"","_VenueLat":"","_VenueLng":"","_VenueShowMap":false,"_VenueShowMapLink":false,"_tribe_blocks_recurrence_rules":"","_tribe_blocks_recurrence_description":"","_tribe_blocks_recurrence_exclusions":"","footnotes":""},"categories":[87,151],"tags":[],"class_list":["post-1864","page","type-page","status-publish","hentry","category-biblioteca-de-recursos-es","category-investiga-es"],"blocksy_meta":[],"yoast_head":"<!-- This site is optimized with the Yoast SEO Premium plugin v27.5 (Yoast SEO v27.5) - https:\/\/yoast.com\/product\/yoast-seo-premium-wordpress\/ -->\n<title>Base de datos de leyes estatales de EE.UU. - International Center for Community Land Trusts<\/title>\n<meta name=\"robots\" content=\"index, follow, max-snippet:-1, max-image-preview:large, max-video-preview:-1\" \/>\n<link rel=\"canonical\" href=\"https:\/\/www.cltweb.org\/es\/biblioteca-de-recursos\/base-de-datos-de-leyes-estatales-de-ee-uu\/\" \/>\n<meta property=\"og:locale\" content=\"es_ES\" \/>\n<meta property=\"og:type\" content=\"article\" \/>\n<meta property=\"og:title\" content=\"Base de datos de leyes estatales de EE.UU.\" \/>\n<meta property=\"og:description\" content=\"Los fideicomisos de terrenos comunitarios (CLT) han podido organizarse o funcionar durante mucho tiempo sin legislaci\u00f3n espec\u00edfica, autorizaci\u00f3n u orientaci\u00f3n de los gobiernos estatales. A partir de la creaci\u00f3n de [&hellip;]\" \/>\n<meta property=\"og:url\" content=\"https:\/\/www.cltweb.org\/es\/biblioteca-de-recursos\/base-de-datos-de-leyes-estatales-de-ee-uu\/\" \/>\n<meta property=\"og:site_name\" content=\"International Center for Community Land Trusts\" \/>\n<meta property=\"article:publisher\" content=\"https:\/\/www.facebook.com\/cltcenter\" \/>\n<meta property=\"article:modified_time\" content=\"2024-10-27T17:33:22+00:00\" \/>\n<meta name=\"twitter:card\" content=\"summary_large_image\" \/>\n<meta name=\"twitter:site\" content=\"@Center4CLTs\" \/>\n<meta name=\"twitter:label1\" content=\"Tiempo de lectura\" \/>\n\t<meta name=\"twitter:data1\" content=\"3 minutos\" \/>\n<script type=\"application\/ld+json\" class=\"yoast-schema-graph\">{\"@context\":\"https:\\\/\\\/schema.org\",\"@graph\":[{\"@type\":\"WebPage\",\"@id\":\"https:\\\/\\\/www.cltweb.org\\\/es\\\/biblioteca-de-recursos\\\/base-de-datos-de-leyes-estatales-de-ee-uu\\\/\",\"url\":\"https:\\\/\\\/www.cltweb.org\\\/es\\\/biblioteca-de-recursos\\\/base-de-datos-de-leyes-estatales-de-ee-uu\\\/\",\"name\":\"Base de datos de leyes estatales de EE.UU. - International Center for Community Land Trusts\",\"isPartOf\":{\"@id\":\"https:\\\/\\\/www.cltweb.org\\\/es\\\/#website\"},\"datePublished\":\"2024-07-26T20:04:39+00:00\",\"dateModified\":\"2024-10-27T17:33:22+00:00\",\"breadcrumb\":{\"@id\":\"https:\\\/\\\/www.cltweb.org\\\/es\\\/biblioteca-de-recursos\\\/base-de-datos-de-leyes-estatales-de-ee-uu\\\/#breadcrumb\"},\"inLanguage\":\"es\",\"potentialAction\":[{\"@type\":\"ReadAction\",\"target\":[\"https:\\\/\\\/www.cltweb.org\\\/es\\\/biblioteca-de-recursos\\\/base-de-datos-de-leyes-estatales-de-ee-uu\\\/\"]}]},{\"@type\":\"BreadcrumbList\",\"@id\":\"https:\\\/\\\/www.cltweb.org\\\/es\\\/biblioteca-de-recursos\\\/base-de-datos-de-leyes-estatales-de-ee-uu\\\/#breadcrumb\",\"itemListElement\":[{\"@type\":\"ListItem\",\"position\":1,\"name\":\"Home\",\"item\":\"https:\\\/\\\/www.cltweb.org\\\/es\\\/\"},{\"@type\":\"ListItem\",\"position\":2,\"name\":\"Biblioteca de recursos\",\"item\":\"https:\\\/\\\/www.cltweb.org\\\/es\\\/biblioteca-de-recursos\\\/\"},{\"@type\":\"ListItem\",\"position\":3,\"name\":\"Base de datos de leyes estatales de EE.UU.\"}]},{\"@type\":\"WebSite\",\"@id\":\"https:\\\/\\\/www.cltweb.org\\\/es\\\/#website\",\"url\":\"https:\\\/\\\/www.cltweb.org\\\/es\\\/\",\"name\":\"International Center for Community Land Trusts\",\"description\":\"\",\"publisher\":{\"@id\":\"https:\\\/\\\/www.cltweb.org\\\/es\\\/#organization\"},\"potentialAction\":[{\"@type\":\"SearchAction\",\"target\":{\"@type\":\"EntryPoint\",\"urlTemplate\":\"https:\\\/\\\/www.cltweb.org\\\/es\\\/?s={search_term_string}\"},\"query-input\":{\"@type\":\"PropertyValueSpecification\",\"valueRequired\":true,\"valueName\":\"search_term_string\"}}],\"inLanguage\":\"es\"},{\"@type\":\"Organization\",\"@id\":\"https:\\\/\\\/www.cltweb.org\\\/es\\\/#organization\",\"name\":\"International Center for Community Land Trusts\",\"url\":\"https:\\\/\\\/www.cltweb.org\\\/es\\\/\",\"logo\":{\"@type\":\"ImageObject\",\"inLanguage\":\"es\",\"@id\":\"https:\\\/\\\/www.cltweb.org\\\/es\\\/#\\\/schema\\\/logo\\\/image\\\/\",\"url\":\"https:\\\/\\\/www.cltweb.org\\\/wp-content\\\/uploads\\\/2024\\\/11\\\/New-CLT-Center-Text-logo.png\",\"contentUrl\":\"https:\\\/\\\/www.cltweb.org\\\/wp-content\\\/uploads\\\/2024\\\/11\\\/New-CLT-Center-Text-logo.png\",\"width\":227,\"height\":80,\"caption\":\"International Center for Community Land Trusts\"},\"image\":{\"@id\":\"https:\\\/\\\/www.cltweb.org\\\/es\\\/#\\\/schema\\\/logo\\\/image\\\/\"},\"sameAs\":[\"https:\\\/\\\/www.facebook.com\\\/cltcenter\",\"https:\\\/\\\/x.com\\\/Center4CLTs\",\"https:\\\/\\\/www.instagram.com\\\/cltcenter\\\/\",\"https:\\\/\\\/www.linkedin.com\\\/company\\\/cltcenter\",\"https:\\\/\\\/www.youtube.com\\\/@centerforcltinnovation5313\"],\"description\":\"The International Center for Community Land Trusts is a not-for-profit nongovernmental organization established in 2018 to promote and to support community land trusts and similar strategies of community-led development on community-owned land in countries throughout the world.\",\"email\":\"info@communitylandtrust.net\",\"legalName\":\"International Center for Community Land Trusts\",\"foundingDate\":\"2018-12-01\",\"taxID\":\"84-3858933\",\"numberOfEmployees\":{\"@type\":\"QuantitativeValue\",\"minValue\":\"1\",\"maxValue\":\"10\"}}]}<\/script>\n<!-- \/ Yoast SEO Premium plugin. -->","yoast_head_json":{"title":"Base de datos de leyes estatales de EE.UU. - International Center for Community Land Trusts","robots":{"index":"index","follow":"follow","max-snippet":"max-snippet:-1","max-image-preview":"max-image-preview:large","max-video-preview":"max-video-preview:-1"},"canonical":"https:\/\/www.cltweb.org\/es\/biblioteca-de-recursos\/base-de-datos-de-leyes-estatales-de-ee-uu\/","og_locale":"es_ES","og_type":"article","og_title":"Base de datos de leyes estatales de EE.UU.","og_description":"Los fideicomisos de terrenos comunitarios (CLT) han podido organizarse o funcionar durante mucho tiempo sin legislaci\u00f3n espec\u00edfica, autorizaci\u00f3n u orientaci\u00f3n de los gobiernos estatales. A partir de la creaci\u00f3n de [&hellip;]","og_url":"https:\/\/www.cltweb.org\/es\/biblioteca-de-recursos\/base-de-datos-de-leyes-estatales-de-ee-uu\/","og_site_name":"International Center for Community Land Trusts","article_publisher":"https:\/\/www.facebook.com\/cltcenter","article_modified_time":"2024-10-27T17:33:22+00:00","twitter_card":"summary_large_image","twitter_site":"@Center4CLTs","twitter_misc":{"Tiempo de lectura":"3 minutos"},"schema":{"@context":"https:\/\/schema.org","@graph":[{"@type":"WebPage","@id":"https:\/\/www.cltweb.org\/es\/biblioteca-de-recursos\/base-de-datos-de-leyes-estatales-de-ee-uu\/","url":"https:\/\/www.cltweb.org\/es\/biblioteca-de-recursos\/base-de-datos-de-leyes-estatales-de-ee-uu\/","name":"Base de datos de leyes estatales de EE.UU. - International Center for Community Land Trusts","isPartOf":{"@id":"https:\/\/www.cltweb.org\/es\/#website"},"datePublished":"2024-07-26T20:04:39+00:00","dateModified":"2024-10-27T17:33:22+00:00","breadcrumb":{"@id":"https:\/\/www.cltweb.org\/es\/biblioteca-de-recursos\/base-de-datos-de-leyes-estatales-de-ee-uu\/#breadcrumb"},"inLanguage":"es","potentialAction":[{"@type":"ReadAction","target":["https:\/\/www.cltweb.org\/es\/biblioteca-de-recursos\/base-de-datos-de-leyes-estatales-de-ee-uu\/"]}]},{"@type":"BreadcrumbList","@id":"https:\/\/www.cltweb.org\/es\/biblioteca-de-recursos\/base-de-datos-de-leyes-estatales-de-ee-uu\/#breadcrumb","itemListElement":[{"@type":"ListItem","position":1,"name":"Home","item":"https:\/\/www.cltweb.org\/es\/"},{"@type":"ListItem","position":2,"name":"Biblioteca de recursos","item":"https:\/\/www.cltweb.org\/es\/biblioteca-de-recursos\/"},{"@type":"ListItem","position":3,"name":"Base de datos de leyes estatales de EE.UU."}]},{"@type":"WebSite","@id":"https:\/\/www.cltweb.org\/es\/#website","url":"https:\/\/www.cltweb.org\/es\/","name":"International Center for Community Land Trusts","description":"","publisher":{"@id":"https:\/\/www.cltweb.org\/es\/#organization"},"potentialAction":[{"@type":"SearchAction","target":{"@type":"EntryPoint","urlTemplate":"https:\/\/www.cltweb.org\/es\/?s={search_term_string}"},"query-input":{"@type":"PropertyValueSpecification","valueRequired":true,"valueName":"search_term_string"}}],"inLanguage":"es"},{"@type":"Organization","@id":"https:\/\/www.cltweb.org\/es\/#organization","name":"International Center for Community Land Trusts","url":"https:\/\/www.cltweb.org\/es\/","logo":{"@type":"ImageObject","inLanguage":"es","@id":"https:\/\/www.cltweb.org\/es\/#\/schema\/logo\/image\/","url":"https:\/\/www.cltweb.org\/wp-content\/uploads\/2024\/11\/New-CLT-Center-Text-logo.png","contentUrl":"https:\/\/www.cltweb.org\/wp-content\/uploads\/2024\/11\/New-CLT-Center-Text-logo.png","width":227,"height":80,"caption":"International Center for Community Land Trusts"},"image":{"@id":"https:\/\/www.cltweb.org\/es\/#\/schema\/logo\/image\/"},"sameAs":["https:\/\/www.facebook.com\/cltcenter","https:\/\/x.com\/Center4CLTs","https:\/\/www.instagram.com\/cltcenter\/","https:\/\/www.linkedin.com\/company\/cltcenter","https:\/\/www.youtube.com\/@centerforcltinnovation5313"],"description":"The International Center for Community Land Trusts is a not-for-profit nongovernmental organization established in 2018 to promote and to support community land trusts and similar strategies of community-led development on community-owned land in countries throughout the world.","email":"info@communitylandtrust.net","legalName":"International Center for Community Land Trusts","foundingDate":"2018-12-01","taxID":"84-3858933","numberOfEmployees":{"@type":"QuantitativeValue","minValue":"1","maxValue":"10"}}]}},"campaignId":"","taxonomy_info":{"category":[{"value":87,"label":"Biblioteca de recursos"},{"value":151,"label":"Investiga"}]},"featured_image_src_large":false,"author_info":{"display_name":"cltredesign_0jp0l4","author_link":"https:\/\/www.cltweb.org\/es\/author\/cltredesign_0jp0l4\/"},"comment_info":0,"jetpack_sharing_enabled":true,"jetpack-related-posts":[{"id":8729,"url":"https:\/\/www.cltweb.org\/es\/biblioteca-de-recursos\/agricultura\/el-papel-de-los-fideicomisos-de-tierras\/fideicomisos-comunitarios-de-la-tierra\/","url_meta":{"origin":1864,"position":0},"title":"Fideicomisos comunitarios de la tierra","author":"cltredesign_0jp0l4","date":"2 de febrero de 2025","format":false,"excerpt":"Desde la d\u00e9cada de 1960, el fideicomiso de la tierra comunitario se desarroll\u00f3 como apoyo a la vivienda asequible en Estados Unidos. En el sector de la vivienda, el modelo CLT combina dos innovaciones b\u00e1sicas en la gobernanza del suelo. La primera innovaci\u00f3n consiste en separar la propiedad de una\u2026","rel":"","context":"Entrada similar","block_context":{"text":"Entrada similar","link":""},"img":{"alt_text":"","src":"","width":0,"height":0},"classes":[]},{"id":882,"url":"https:\/\/www.cltweb.org\/es\/biblioteca-de-recursos\/que-es-un-clt\/","url_meta":{"origin":1864,"position":1},"title":"\u00bfQu\u00e9 es una Comunidad de Propietarios?","author":"cltredesign_0jp0l4","date":"26 de julio de 2024","format":false,"excerpt":"Un fideicomiso de la tierra comunitario(CLT) es una corporaci\u00f3n sin \u00e1nimo de lucro que posee terrenos en nombre de una comunidad basada en un lugar, al tiempo que act\u00faa como administrador a largo plazo de viviendas asequibles, jardines comunitarios, edificios c\u00edvicos, espacios comerciales y otros activos comunitarios en nombre de\u2026","rel":"","context":"En \u00abBiblioteca de recursos\u00bb","block_context":{"text":"Biblioteca de recursos","link":"https:\/\/www.cltweb.org\/es\/category\/biblioteca-de-recursos-es\/"},"img":{"alt_text":"","src":"","width":0,"height":0},"classes":[]},{"id":10148,"url":"https:\/\/www.cltweb.org\/es\/biblioteca-de-recursos\/sur-global\/india\/","url_meta":{"origin":1864,"position":2},"title":"India","author":"cltredesign_0jp0l4","date":"26 de octubre de 2025","format":false,"excerpt":"IndiaEsta p\u00e1gina de recursos consolida la literatura acad\u00e9mica clave, los an\u00e1lisis pol\u00edticos y los marcos legales que son fundamentales para comprender c\u00f3mo pueden adaptarse y aplicarse los CLT en el contexto indio. El Centro Internacional de Fideicomisos Comunitarios de la Tierra (ICCLT) se complace en anunciar la publicaci\u00f3n del documento\u2026","rel":"","context":"En \u00abSur Global\u00bb","block_context":{"text":"Sur Global","link":"https:\/\/www.cltweb.org\/es\/category\/sur-global\/"},"img":{"alt_text":"CLTs for India cover","src":"https:\/\/i0.wp.com\/www.cltweb.org\/wp-content\/uploads\/2025\/10\/CLTs-for-India-cover.png?resize=350%2C200&ssl=1","width":350,"height":200,"srcset":"https:\/\/i0.wp.com\/www.cltweb.org\/wp-content\/uploads\/2025\/10\/CLTs-for-India-cover.png?resize=350%2C200&ssl=1 1x, https:\/\/i0.wp.com\/www.cltweb.org\/wp-content\/uploads\/2025\/10\/CLTs-for-India-cover.png?resize=525%2C300&ssl=1 1.5x"},"classes":[]},{"id":8982,"url":"https:\/\/www.cltweb.org\/es\/biblioteca-de-recursos\/agricultura\/recursos-adicionales\/como-aseguran-y-protegen-los-clt-la-tierra\/arrendamientos-de-suelo\/","url_meta":{"origin":1864,"position":3},"title":"Arrendamientos de suelo","author":"cltredesign_0jp0l4","date":"3 de febrero de 2025","format":false,"excerpt":"Los arrendamientos de terrenos son un segundo r\u00e9gimen de tenencia utilizado por las CLT para asegurar la tierra. Una CLT puede ser el arrendador o el arrendatario en virtud de un arrendamiento de terrenos agr\u00edcolas. En ocasiones, la CLT puede ser la propietaria del terreno, arrend\u00e1ndolo a una entidad externa\u2026","rel":"","context":"En \u00abAgricultura\u00bb","block_context":{"text":"Agricultura","link":"https:\/\/www.cltweb.org\/es\/category\/agricultura-es\/"},"img":{"alt_text":"","src":"","width":0,"height":0},"classes":[]},{"id":1972,"url":"https:\/\/www.cltweb.org\/es\/biblioteca-de-recursos\/mapa-global-clt\/","url_meta":{"origin":1864,"position":4},"title":"Mapa y directorio de CLT","author":"cltredesign_0jp0l4","date":"26 de julio de 2024","format":false,"excerpt":"Acerca del Mapa Global + Directorio Este mapa global + directorio no pretende ser exhaustivo ni completo. En algunos casos, hay organizaciones que se describen a s\u00ed mismas como CLT y presentan caracter\u00edsticas clave de una CLT que puede que hayamos pasado por alto accidentalmente. Ello se debe a que\u2026","rel":"","context":"En \u00abBiblioteca de recursos\u00bb","block_context":{"text":"Biblioteca de recursos","link":"https:\/\/www.cltweb.org\/es\/category\/biblioteca-de-recursos-es\/"},"img":{"alt_text":"","src":"","width":0,"height":0},"classes":[]},{"id":1600,"url":"https:\/\/www.cltweb.org\/es\/terra-nostra-press\/catalogo\/aplicaciones-del-fondo-comunitario-de-tierras-en-barrios-urbanos\/","url_meta":{"origin":1864,"position":5},"title":"Aplicaciones del Fondo Comunitario de Tierras en Barrios Urbanos","author":"cltredesign_0jp0l4","date":"29 de julio de 2024","format":false,"excerpt":"Disponible ahora en todo el mundo, 110 pp.PAPEL NEGRO ISBN 9781734403077 $15.00 USEBOOK ISBN 9781734403084 $5.00 US Las ONG disponen de descuentos por pedidos a granel. Para m\u00e1s informaci\u00f3n y para hacer tu pedido, visita nuestra p\u00e1gina Pedidos a granel. Los ocho ensayos contenidos en esta monograf\u00eda fueron seleccionados de\u2026","rel":"","context":"En \u00abCat\u00e1logo\u00bb","block_context":{"text":"Cat\u00e1logo","link":"https:\/\/www.cltweb.org\/es\/category\/catalogo-es\/"},"img":{"alt_text":"Book Cover for Urban Applications","src":"https:\/\/i0.wp.com\/www.cltweb.org\/wp-content\/uploads\/2024\/10\/Urban-Applications-Cover.jpg?resize=350%2C200&ssl=1","width":350,"height":200,"srcset":"https:\/\/i0.wp.com\/www.cltweb.org\/wp-content\/uploads\/2024\/10\/Urban-Applications-Cover.jpg?resize=350%2C200&ssl=1 1x, https:\/\/i0.wp.com\/www.cltweb.org\/wp-content\/uploads\/2024\/10\/Urban-Applications-Cover.jpg?resize=525%2C300&ssl=1 1.5x, https:\/\/i0.wp.com\/www.cltweb.org\/wp-content\/uploads\/2024\/10\/Urban-Applications-Cover.jpg?resize=700%2C400&ssl=1 2x, https:\/\/i0.wp.com\/www.cltweb.org\/wp-content\/uploads\/2024\/10\/Urban-Applications-Cover.jpg?resize=1050%2C600&ssl=1 3x, https:\/\/i0.wp.com\/www.cltweb.org\/wp-content\/uploads\/2024\/10\/Urban-Applications-Cover.jpg?resize=1400%2C800&ssl=1 4x"},"classes":[]}],"_links":{"self":[{"href":"https:\/\/www.cltweb.org\/es\/wp-json\/wp\/v2\/pages\/1864","targetHints":{"allow":["GET"]}}],"collection":[{"href":"https:\/\/www.cltweb.org\/es\/wp-json\/wp\/v2\/pages"}],"about":[{"href":"https:\/\/www.cltweb.org\/es\/wp-json\/wp\/v2\/types\/page"}],"author":[{"embeddable":true,"href":"https:\/\/www.cltweb.org\/es\/wp-json\/wp\/v2\/users\/1"}],"replies":[{"embeddable":true,"href":"https:\/\/www.cltweb.org\/es\/wp-json\/wp\/v2\/comments?post=1864"}],"version-history":[{"count":4,"href":"https:\/\/www.cltweb.org\/es\/wp-json\/wp\/v2\/pages\/1864\/revisions"}],"predecessor-version":[{"id":4771,"href":"https:\/\/www.cltweb.org\/es\/wp-json\/wp\/v2\/pages\/1864\/revisions\/4771"}],"up":[{"embeddable":true,"href":"https:\/\/www.cltweb.org\/es\/wp-json\/wp\/v2\/pages\/881"}],"wp:attachment":[{"href":"https:\/\/www.cltweb.org\/es\/wp-json\/wp\/v2\/media?parent=1864"}],"wp:term":[{"taxonomy":"category","embeddable":true,"href":"https:\/\/www.cltweb.org\/es\/wp-json\/wp\/v2\/categories?post=1864"},{"taxonomy":"post_tag","embeddable":true,"href":"https:\/\/www.cltweb.org\/es\/wp-json\/wp\/v2\/tags?post=1864"}],"curies":[{"name":"wp","href":"https:\/\/api.w.org\/{rel}","templated":true}]}}