{"id":1873,"date":"2024-07-26T20:03:11","date_gmt":"2024-07-26T20:03:11","guid":{"rendered":"https:\/\/www.cltweb.org\/biblioteca-de-recursos\/investiga\/bibliografia\/"},"modified":"2024-10-27T22:40:42","modified_gmt":"2024-10-27T22:40:42","slug":"bibliografia","status":"publish","type":"page","link":"https:\/\/www.cltweb.org\/es\/biblioteca-de-recursos\/bibliografia\/","title":{"rendered":"Bibliograf\u00eda"},"content":{"rendered":"\n<h2 class=\"wp-block-heading\">Introducci\u00f3n<\/h2>\n\n<p>Esta bibliograf\u00eda es un trabajo en curso. Comenz\u00f3 hace m\u00e1s de veinticinco a\u00f1os en respuesta a las reiteradas peticiones de acad\u00e9micos y profesionales, que me preguntaban si pod\u00eda orientarles hacia &#8220;m\u00e1s informaci\u00f3n&#8221; sobre los fideicomisos de tierras comunitarias. Empec\u00e9 a recopilar y distribuir una lista cada vez m\u00e1s larga de libros, art\u00edculos, informes de investigaci\u00f3n y documentos acad\u00e9micos escritos por personas cuyo trabajo respetaba.  <\/p>\n\n<p>Mi primera recopilaci\u00f3n de bibliograf\u00eda sobre CLT s\u00f3lo ten\u00eda siete p\u00e1ginas y conten\u00eda menos de 70 citas. En 2010, esta bibliograf\u00eda se hab\u00eda ampliado a veintitr\u00e9s p\u00e1ginas y apareci\u00f3 impresa por primera vez, incluida como ap\u00e9ndice en The Community Land Trust Reader (Cambridge MA: Lincoln Institute of Land Policy). La \u00faltima edici\u00f3n, que actualmente cuenta con m\u00e1s de sesenta p\u00e1ginas, contiene aproximadamente 700 citas. Incluye publicaciones digitales, adem\u00e1s de las impresas, y tambi\u00e9n proporciona enlaces a pel\u00edculas, v\u00eddeos y sitios web.   <\/p>\n\n<p>Esta constante expansi\u00f3n de la literatura sobre CLT se ha visto espoleada por m\u00faltiples factores. En las dos \u00faltimas d\u00e9cadas, han proliferado los fideicomisos de tierras comunitarias; han crecido sus posesiones de tierras, viviendas y otros activos f\u00edsicos; se ha producido una dispersi\u00f3n global de los CLT, que se han extendido mucho m\u00e1s all\u00e1 de su pa\u00eds de origen; y se ha producido una diversificaci\u00f3n del propio modelo, tanto en la forma en que se est\u00e1n estructurando los CLT como en las maneras en que se est\u00e1n aplicando. Tambi\u00e9n han surgido importantes asociaciones en varios pa\u00edses entre CLT y organismos gubernamentales y entre CLT y otras ONG que utilizan modelos similares de desarrollo dirigido por la comunidad en tierras de propiedad comunitaria.  <\/p>\n\n<p>Estos acontecimientos han elevado el perfil de los CLT, nacional e internacionalmente, y han atra\u00eddo la atenci\u00f3n de periodistas, acad\u00e9micos, cineastas, estudiosos independientes y profesionales reflexivos. Como era de esperar, esto ha dado lugar a una avalancha de libros, art\u00edculos e informes sobre los CLT, as\u00ed como a la producci\u00f3n de nuevos documentales y la aparici\u00f3n de nuevos sitios web, incluido el sitio web creado y gestionado por el Centro para la Innovaci\u00f3n en CLT. <\/p>\n\n<p>Mientras que antes bastaba con actualizar anualmente mi bibliograf\u00eda, ahora es necesario producir una edici\u00f3n revisada y ampliada varias veces al a\u00f1o. Aun as\u00ed, hay materiales publicados e in\u00e9ditos que se pasan por alto, especialmente los escritos en lenguas distintas del ingl\u00e9s. Estas omisiones son involuntarias, y lamentables. Me apresuro a corregirlas siempre que se me se\u00f1alan, por lo que agradezco que se me comuniquen materiales de CLT que deban a\u00f1adirse.   <\/p>\n\n<p>Acompa\u00f1a a esta &#8220;Bibliograf\u00eda Internacional sobre Community Land Trust&#8221; una bibliograf\u00eda complementaria que enumera s\u00f3lo los libros y art\u00edculos publicados en un idioma distinto del ingl\u00e9s. Estas publicaciones en lengua no inglesa tambi\u00e9n figuran en la &#8220;Bibliograf\u00eda Internacional sobre CLT&#8221;, m\u00e1s extensa. Se enumeran por separado s\u00f3lo para facilitar a los investigadores y profesionales de pa\u00edses en los que el ingl\u00e9s no es la lengua dominante la localizaci\u00f3n de publicaciones en su propio idioma.  <\/p>\n\n<p>Estos cat\u00e1logos de materiales de CLT ser\u00e1n siempre un trabajo en curso, que se ir\u00e1 ampliando a\u00f1o tras a\u00f1o. Esperemos que tambi\u00e9n sean cada vez m\u00e1s inclusivos y completos. <\/p>\n\n<p>John Emmeus Davis<br\/>Centro Internacional de Fideicomisos Comunitarios de Tierras<br\/>1 de julio de 2024<\/p>\n<style>.wp-block-kadence-advancedbtn.kb-btns262_add9b9-bf{gap:var(--global-kb-gap-md, 2rem);justify-content:flex-start;align-items:center;}.kt-btns262_add9b9-bf .kt-button{font-weight:normal;font-style:normal;}.kt-btns262_add9b9-bf .kt-btn-wrap-0{margin-right:5px;}.wp-block-kadence-advancedbtn.kt-btns262_add9b9-bf .kt-btn-wrap-0 .kt-button{color:#555555;border-color:#555555;}.wp-block-kadence-advancedbtn.kt-btns262_add9b9-bf .kt-btn-wrap-0 .kt-button:hover, .wp-block-kadence-advancedbtn.kt-btns262_add9b9-bf .kt-btn-wrap-0 .kt-button:focus{color:#ffffff;border-color:#444444;}.wp-block-kadence-advancedbtn.kt-btns262_add9b9-bf .kt-btn-wrap-0 .kt-button::before{display:none;}.wp-block-kadence-advancedbtn.kt-btns262_add9b9-bf .kt-btn-wrap-0 .kt-button:hover, .wp-block-kadence-advancedbtn.kt-btns262_add9b9-bf .kt-btn-wrap-0 .kt-button:focus{background:#444444;}<\/style>\n<div class=\"wp-block-kadence-advancedbtn kb-buttons-wrap kb-btns262_add9b9-bf\"><style>ul.menu .wp-block-kadence-advancedbtn .kb-btn262_414e06-7c.kb-button{width:initial;}<\/style><a class=\"kb-button kt-button button kb-btn262_414e06-7c kt-btn-size-large kt-btn-width-type-auto kb-btn-global-inherit  kt-btn-has-text-true kt-btn-has-svg-false  wp-block-button__link wp-block-kadence-singlebtn\" href=\"https:\/\/www.cltweb.org\/resources\/research\/bibliography\/international-clt-bibliography-all-languages\/\"><span class=\"kt-btn-inner-text\">Bibliograf\u00eda CLT (todas las lenguas)<\/span><\/a>\n\n<style>ul.menu .wp-block-kadence-advancedbtn .kb-btn262_c4b96c-71.kb-button{width:initial;}<\/style><a class=\"kb-button kt-button button kb-btn262_c4b96c-71 kt-btn-size-large kt-btn-width-type-auto kb-btn-global-inherit  kt-btn-has-text-true kt-btn-has-svg-false  wp-block-button__link wp-block-kadence-singlebtn\" href=\"https:\/\/www.cltweb.org\/resources\/research\/bibliography\/international-clt-bibliography-non-english\/\"><span class=\"kt-btn-inner-text\">Bibliograf\u00eda CLT no inglesa<\/span><\/a><\/div>\n\n<p><\/p>\n","protected":false},"excerpt":{"rendered":"<p>Introducci\u00f3n Esta bibliograf\u00eda es un trabajo en curso. Comenz\u00f3 hace m\u00e1s de veinticinco a\u00f1os en respuesta a las reiteradas peticiones de acad\u00e9micos y profesionales, que me preguntaban si pod\u00eda orientarles [&hellip;]<\/p>\n","protected":false},"author":1,"featured_media":0,"parent":881,"menu_order":0,"comment_status":"closed","ping_status":"closed","template":"","meta":{"give_campaign_id":0,"_tec_requires_first_save":true,"_kad_blocks_custom_css":"","_kad_blocks_head_custom_js":"","_kad_blocks_body_custom_js":"","_kad_blocks_footer_custom_js":"","_EventAllDay":false,"_EventTimezone":"","_EventStartDate":"","_EventEndDate":"","_EventStartDateUTC":"","_EventEndDateUTC":"","_EventShowMap":false,"_EventShowMapLink":false,"_EventURL":"","_EventCost":"","_EventCostDescription":"","_EventCurrencySymbol":"","_EventCurrencyCode":"","_EventCurrencyPosition":"","_EventDateTimeSeparator":"","_EventTimeRangeSeparator":"","_EventOrganizerID":[],"_EventVenueID":[],"_OrganizerEmail":"","_OrganizerPhone":"","_OrganizerWebsite":"","_VenueAddress":"","_VenueCity":"","_VenueCountry":"","_VenueProvince":"","_VenueState":"","_VenueZip":"","_VenuePhone":"","_VenueURL":"","_VenueStateProvince":"","_VenueLat":"","_VenueLng":"","_VenueShowMap":false,"_VenueShowMapLink":false,"_tribe_blocks_recurrence_rules":"","_tribe_blocks_recurrence_description":"","_tribe_blocks_recurrence_exclusions":"","footnotes":""},"categories":[87,151],"tags":[],"class_list":["post-1873","page","type-page","status-publish","hentry","category-biblioteca-de-recursos-es","category-investiga-es"],"blocksy_meta":[],"yoast_head":"<!-- This site is optimized with the Yoast SEO Premium plugin v27.5 (Yoast SEO v27.5) - https:\/\/yoast.com\/product\/yoast-seo-premium-wordpress\/ -->\n<title>Bibliograf\u00eda - International Center for Community Land Trusts<\/title>\n<meta name=\"robots\" content=\"index, follow, max-snippet:-1, max-image-preview:large, max-video-preview:-1\" \/>\n<link rel=\"canonical\" href=\"https:\/\/www.cltweb.org\/es\/biblioteca-de-recursos\/bibliografia\/\" \/>\n<meta property=\"og:locale\" content=\"es_ES\" \/>\n<meta property=\"og:type\" content=\"article\" \/>\n<meta property=\"og:title\" content=\"Bibliograf\u00eda\" \/>\n<meta property=\"og:description\" content=\"Introducci\u00f3n Esta bibliograf\u00eda es un trabajo en curso. Comenz\u00f3 hace m\u00e1s de veinticinco a\u00f1os en respuesta a las reiteradas peticiones de acad\u00e9micos y profesionales, que me preguntaban si pod\u00eda orientarles [&hellip;]\" \/>\n<meta property=\"og:url\" content=\"https:\/\/www.cltweb.org\/es\/biblioteca-de-recursos\/bibliografia\/\" \/>\n<meta property=\"og:site_name\" content=\"International Center for Community Land Trusts\" \/>\n<meta property=\"article:publisher\" content=\"https:\/\/www.facebook.com\/cltcenter\" \/>\n<meta property=\"article:modified_time\" content=\"2024-10-27T22:40:42+00:00\" \/>\n<meta name=\"twitter:card\" content=\"summary_large_image\" \/>\n<meta name=\"twitter:site\" content=\"@Center4CLTs\" \/>\n<meta name=\"twitter:label1\" content=\"Tiempo de lectura\" \/>\n\t<meta name=\"twitter:data1\" content=\"3 minutos\" \/>\n<script type=\"application\/ld+json\" class=\"yoast-schema-graph\">{\"@context\":\"https:\\\/\\\/schema.org\",\"@graph\":[{\"@type\":\"WebPage\",\"@id\":\"https:\\\/\\\/www.cltweb.org\\\/es\\\/biblioteca-de-recursos\\\/bibliografia\\\/\",\"url\":\"https:\\\/\\\/www.cltweb.org\\\/es\\\/biblioteca-de-recursos\\\/bibliografia\\\/\",\"name\":\"Bibliograf\u00eda - International Center for Community Land Trusts\",\"isPartOf\":{\"@id\":\"https:\\\/\\\/www.cltweb.org\\\/es\\\/#website\"},\"datePublished\":\"2024-07-26T20:03:11+00:00\",\"dateModified\":\"2024-10-27T22:40:42+00:00\",\"breadcrumb\":{\"@id\":\"https:\\\/\\\/www.cltweb.org\\\/es\\\/biblioteca-de-recursos\\\/bibliografia\\\/#breadcrumb\"},\"inLanguage\":\"es\",\"potentialAction\":[{\"@type\":\"ReadAction\",\"target\":[\"https:\\\/\\\/www.cltweb.org\\\/es\\\/biblioteca-de-recursos\\\/bibliografia\\\/\"]}]},{\"@type\":\"BreadcrumbList\",\"@id\":\"https:\\\/\\\/www.cltweb.org\\\/es\\\/biblioteca-de-recursos\\\/bibliografia\\\/#breadcrumb\",\"itemListElement\":[{\"@type\":\"ListItem\",\"position\":1,\"name\":\"Home\",\"item\":\"https:\\\/\\\/www.cltweb.org\\\/es\\\/\"},{\"@type\":\"ListItem\",\"position\":2,\"name\":\"Biblioteca de recursos\",\"item\":\"https:\\\/\\\/www.cltweb.org\\\/es\\\/biblioteca-de-recursos\\\/\"},{\"@type\":\"ListItem\",\"position\":3,\"name\":\"Bibliograf\u00eda\"}]},{\"@type\":\"WebSite\",\"@id\":\"https:\\\/\\\/www.cltweb.org\\\/es\\\/#website\",\"url\":\"https:\\\/\\\/www.cltweb.org\\\/es\\\/\",\"name\":\"International Center for Community Land Trusts\",\"description\":\"\",\"publisher\":{\"@id\":\"https:\\\/\\\/www.cltweb.org\\\/es\\\/#organization\"},\"potentialAction\":[{\"@type\":\"SearchAction\",\"target\":{\"@type\":\"EntryPoint\",\"urlTemplate\":\"https:\\\/\\\/www.cltweb.org\\\/es\\\/?s={search_term_string}\"},\"query-input\":{\"@type\":\"PropertyValueSpecification\",\"valueRequired\":true,\"valueName\":\"search_term_string\"}}],\"inLanguage\":\"es\"},{\"@type\":\"Organization\",\"@id\":\"https:\\\/\\\/www.cltweb.org\\\/es\\\/#organization\",\"name\":\"International Center for Community Land Trusts\",\"url\":\"https:\\\/\\\/www.cltweb.org\\\/es\\\/\",\"logo\":{\"@type\":\"ImageObject\",\"inLanguage\":\"es\",\"@id\":\"https:\\\/\\\/www.cltweb.org\\\/es\\\/#\\\/schema\\\/logo\\\/image\\\/\",\"url\":\"https:\\\/\\\/www.cltweb.org\\\/wp-content\\\/uploads\\\/2024\\\/11\\\/New-CLT-Center-Text-logo.png\",\"contentUrl\":\"https:\\\/\\\/www.cltweb.org\\\/wp-content\\\/uploads\\\/2024\\\/11\\\/New-CLT-Center-Text-logo.png\",\"width\":227,\"height\":80,\"caption\":\"International Center for Community Land Trusts\"},\"image\":{\"@id\":\"https:\\\/\\\/www.cltweb.org\\\/es\\\/#\\\/schema\\\/logo\\\/image\\\/\"},\"sameAs\":[\"https:\\\/\\\/www.facebook.com\\\/cltcenter\",\"https:\\\/\\\/x.com\\\/Center4CLTs\",\"https:\\\/\\\/www.instagram.com\\\/cltcenter\\\/\",\"https:\\\/\\\/www.linkedin.com\\\/company\\\/cltcenter\",\"https:\\\/\\\/www.youtube.com\\\/@centerforcltinnovation5313\"],\"description\":\"The International Center for Community Land Trusts is a not-for-profit nongovernmental organization established in 2018 to promote and to support community land trusts and similar strategies of community-led development on community-owned land in countries throughout the world.\",\"email\":\"info@communitylandtrust.net\",\"legalName\":\"International Center for Community Land Trusts\",\"foundingDate\":\"2018-12-01\",\"taxID\":\"84-3858933\",\"numberOfEmployees\":{\"@type\":\"QuantitativeValue\",\"minValue\":\"1\",\"maxValue\":\"10\"}}]}<\/script>\n<!-- \/ Yoast SEO Premium plugin. -->","yoast_head_json":{"title":"Bibliograf\u00eda - International Center for Community Land Trusts","robots":{"index":"index","follow":"follow","max-snippet":"max-snippet:-1","max-image-preview":"max-image-preview:large","max-video-preview":"max-video-preview:-1"},"canonical":"https:\/\/www.cltweb.org\/es\/biblioteca-de-recursos\/bibliografia\/","og_locale":"es_ES","og_type":"article","og_title":"Bibliograf\u00eda","og_description":"Introducci\u00f3n Esta bibliograf\u00eda es un trabajo en curso. Comenz\u00f3 hace m\u00e1s de veinticinco a\u00f1os en respuesta a las reiteradas peticiones de acad\u00e9micos y profesionales, que me preguntaban si pod\u00eda orientarles [&hellip;]","og_url":"https:\/\/www.cltweb.org\/es\/biblioteca-de-recursos\/bibliografia\/","og_site_name":"International Center for Community Land Trusts","article_publisher":"https:\/\/www.facebook.com\/cltcenter","article_modified_time":"2024-10-27T22:40:42+00:00","twitter_card":"summary_large_image","twitter_site":"@Center4CLTs","twitter_misc":{"Tiempo de lectura":"3 minutos"},"schema":{"@context":"https:\/\/schema.org","@graph":[{"@type":"WebPage","@id":"https:\/\/www.cltweb.org\/es\/biblioteca-de-recursos\/bibliografia\/","url":"https:\/\/www.cltweb.org\/es\/biblioteca-de-recursos\/bibliografia\/","name":"Bibliograf\u00eda - International Center for Community Land Trusts","isPartOf":{"@id":"https:\/\/www.cltweb.org\/es\/#website"},"datePublished":"2024-07-26T20:03:11+00:00","dateModified":"2024-10-27T22:40:42+00:00","breadcrumb":{"@id":"https:\/\/www.cltweb.org\/es\/biblioteca-de-recursos\/bibliografia\/#breadcrumb"},"inLanguage":"es","potentialAction":[{"@type":"ReadAction","target":["https:\/\/www.cltweb.org\/es\/biblioteca-de-recursos\/bibliografia\/"]}]},{"@type":"BreadcrumbList","@id":"https:\/\/www.cltweb.org\/es\/biblioteca-de-recursos\/bibliografia\/#breadcrumb","itemListElement":[{"@type":"ListItem","position":1,"name":"Home","item":"https:\/\/www.cltweb.org\/es\/"},{"@type":"ListItem","position":2,"name":"Biblioteca de recursos","item":"https:\/\/www.cltweb.org\/es\/biblioteca-de-recursos\/"},{"@type":"ListItem","position":3,"name":"Bibliograf\u00eda"}]},{"@type":"WebSite","@id":"https:\/\/www.cltweb.org\/es\/#website","url":"https:\/\/www.cltweb.org\/es\/","name":"International Center for Community Land Trusts","description":"","publisher":{"@id":"https:\/\/www.cltweb.org\/es\/#organization"},"potentialAction":[{"@type":"SearchAction","target":{"@type":"EntryPoint","urlTemplate":"https:\/\/www.cltweb.org\/es\/?s={search_term_string}"},"query-input":{"@type":"PropertyValueSpecification","valueRequired":true,"valueName":"search_term_string"}}],"inLanguage":"es"},{"@type":"Organization","@id":"https:\/\/www.cltweb.org\/es\/#organization","name":"International Center for Community Land Trusts","url":"https:\/\/www.cltweb.org\/es\/","logo":{"@type":"ImageObject","inLanguage":"es","@id":"https:\/\/www.cltweb.org\/es\/#\/schema\/logo\/image\/","url":"https:\/\/www.cltweb.org\/wp-content\/uploads\/2024\/11\/New-CLT-Center-Text-logo.png","contentUrl":"https:\/\/www.cltweb.org\/wp-content\/uploads\/2024\/11\/New-CLT-Center-Text-logo.png","width":227,"height":80,"caption":"International Center for Community Land Trusts"},"image":{"@id":"https:\/\/www.cltweb.org\/es\/#\/schema\/logo\/image\/"},"sameAs":["https:\/\/www.facebook.com\/cltcenter","https:\/\/x.com\/Center4CLTs","https:\/\/www.instagram.com\/cltcenter\/","https:\/\/www.linkedin.com\/company\/cltcenter","https:\/\/www.youtube.com\/@centerforcltinnovation5313"],"description":"The International Center for Community Land Trusts is a not-for-profit nongovernmental organization established in 2018 to promote and to support community land trusts and similar strategies of community-led development on community-owned land in countries throughout the world.","email":"info@communitylandtrust.net","legalName":"International Center for Community Land Trusts","foundingDate":"2018-12-01","taxID":"84-3858933","numberOfEmployees":{"@type":"QuantitativeValue","minValue":"1","maxValue":"10"}}]}},"campaignId":"","taxonomy_info":{"category":[{"value":87,"label":"Biblioteca de recursos"},{"value":151,"label":"Investiga"}]},"featured_image_src_large":false,"author_info":{"display_name":"cltredesign_0jp0l4","author_link":"https:\/\/www.cltweb.org\/es\/author\/cltredesign_0jp0l4\/"},"comment_info":0,"jetpack_sharing_enabled":true,"jetpack-related-posts":[{"id":1867,"url":"https:\/\/www.cltweb.org\/pt-br\/biblioteca-de-recursos\/bibliografia\/","url_meta":{"origin":1873,"position":0},"title":"Bibliografia","author":"cltredesign_0jp0l4","date":"26 de julio de 2024","format":false,"excerpt":"Introdu\u00e7\u00e3o Esta bibliografia \u00e9 um trabalho em andamento. Teve seu in\u00edcio h\u00e1 mais de vinte e cinco anos, em resposta a repetidas solicita\u00e7\u00f5es de acad\u00eamicos e profissionais, perguntando se eu poderia orient\u00e1-los para \"mais informa\u00e7\u00f5es\" sobre community land trusts. Comecei a compilar e distribuir uma lista cada vez maior de\u2026","rel":"","context":"En \u00abBiblioteca de recursos\u00bb","block_context":{"text":"Biblioteca de recursos","link":"https:\/\/www.cltweb.org\/pt-br\/category\/biblioteca-de-recursos\/"},"img":{"alt_text":"","src":"","width":0,"height":0},"classes":[]},{"id":881,"url":"https:\/\/www.cltweb.org\/es\/biblioteca-de-recursos\/","url_meta":{"origin":1873,"position":1},"title":"Biblioteca de recursos","author":"cltredesign_0jp0l4","date":"26 de julio de 2024","format":false,"excerpt":"Red mundial Hay 616 CLT en 13 pa\u00edses. Consulta el mapa mundial, nuestra lista de redes de CLT y una secci\u00f3n dedicada a los CLT en el Sur Global. Perfiles Hemos recopilado estudios de casos de CLT, as\u00ed como entrevistas con figuras fundamentales del movimiento CLT. Investiga Hemos recopilado art\u00edculos\u2026","rel":"","context":"En \u00abBiblioteca de recursos\u00bb","block_context":{"text":"Biblioteca de recursos","link":"https:\/\/www.cltweb.org\/es\/category\/biblioteca-de-recursos-es\/"},"img":{"alt_text":"","src":"","width":0,"height":0},"classes":[]},{"id":882,"url":"https:\/\/www.cltweb.org\/es\/biblioteca-de-recursos\/que-es-un-clt\/","url_meta":{"origin":1873,"position":2},"title":"\u00bfQu\u00e9 es una Comunidad de Propietarios?","author":"cltredesign_0jp0l4","date":"26 de julio de 2024","format":false,"excerpt":"Un fideicomiso de la tierra comunitario(CLT) es una corporaci\u00f3n sin \u00e1nimo de lucro que posee terrenos en nombre de una comunidad basada en un lugar, al tiempo que act\u00faa como administrador a largo plazo de viviendas asequibles, jardines comunitarios, edificios c\u00edvicos, espacios comerciales y otros activos comunitarios en nombre de\u2026","rel":"","context":"En \u00abBiblioteca de recursos\u00bb","block_context":{"text":"Biblioteca de recursos","link":"https:\/\/www.cltweb.org\/es\/category\/biblioteca-de-recursos-es\/"},"img":{"alt_text":"","src":"","width":0,"height":0},"classes":[]},{"id":849,"url":"https:\/\/www.cltweb.org\/es\/sobre-nosotros\/historia\/","url_meta":{"origin":1873,"position":3},"title":"Nuestra historia","author":"cltredesign_0jp0l4","date":"26 de julio de 2024","format":false,"excerpt":"Una cronolog\u00eda de la evoluci\u00f3n del movimiento internacional de CLT.","rel":"","context":"En \u00abSobre nosotros\u00bb","block_context":{"text":"Sobre nosotros","link":"https:\/\/www.cltweb.org\/es\/category\/sobre-nosotros\/"},"img":{"alt_text":"","src":"","width":0,"height":0},"classes":[]},{"id":3883,"url":"https:\/\/www.cltweb.org\/es\/biblioteca-de-recursos\/bibliografia\/bibliografia-internacional-sobre-clt-todas-las-lenguas\/","url_meta":{"origin":1873,"position":4},"title":"Bibliograf\u00eda internacional sobre CLT &#8211; Todas las lenguas","author":"cltredesign_0jp0l4","date":"19 de octubre de 2024","format":false,"excerpt":"Actualizado el 7\/1\/24 Libros y art\u00edculos Abello, Oscar Perry. 2021. Un inusual fideicomiso de la tierra de Colorado est\u00e1 dejando huella. Next City (10 de agosto). Disponible en: https:\/\/nextcity.org\/daily\/entry\/an-unusual-community-land-trust-in-colorado-is-making-its-mark Abrams, Amanda. 2019. Ayudar a los propietarios de viviendas en riesgo a mantenerse con un fideicomiso de tierras. Shelterforce (25 de\u2026","rel":"","context":"Entrada similar","block_context":{"text":"Entrada similar","link":""},"img":{"alt_text":"","src":"","width":0,"height":0},"classes":[]},{"id":3761,"url":"https:\/\/www.cltweb.org\/es\/biblioteca-de-recursos\/sur-global\/brasil\/fondo-comunitario-de-la-favela\/","url_meta":{"origin":1873,"position":5},"title":"Fondo Comunitario de la Favela","author":"cltredesign_0jp0l4","date":"19 de octubre de 2024","format":false,"excerpt":"El proyecto Favela Community Land Trust (Favela-CLT) naci\u00f3 en agosto de 2018, poco despu\u00e9s de que la ciudad de R\u00edo de Janeiro experimentara la mayor oleada de desalojos de su historia. En ese momento, unas 80.000 personas fueron expulsadas de sus hogares, justificado por la supuesta necesidad de preparar la\u2026","rel":"","context":"Entrada similar","block_context":{"text":"Entrada similar","link":""},"img":{"alt_text":"","src":"","width":0,"height":0},"classes":[]}],"_links":{"self":[{"href":"https:\/\/www.cltweb.org\/es\/wp-json\/wp\/v2\/pages\/1873","targetHints":{"allow":["GET"]}}],"collection":[{"href":"https:\/\/www.cltweb.org\/es\/wp-json\/wp\/v2\/pages"}],"about":[{"href":"https:\/\/www.cltweb.org\/es\/wp-json\/wp\/v2\/types\/page"}],"author":[{"embeddable":true,"href":"https:\/\/www.cltweb.org\/es\/wp-json\/wp\/v2\/users\/1"}],"replies":[{"embeddable":true,"href":"https:\/\/www.cltweb.org\/es\/wp-json\/wp\/v2\/comments?post=1873"}],"version-history":[{"count":5,"href":"https:\/\/www.cltweb.org\/es\/wp-json\/wp\/v2\/pages\/1873\/revisions"}],"predecessor-version":[{"id":5899,"href":"https:\/\/www.cltweb.org\/es\/wp-json\/wp\/v2\/pages\/1873\/revisions\/5899"}],"up":[{"embeddable":true,"href":"https:\/\/www.cltweb.org\/es\/wp-json\/wp\/v2\/pages\/881"}],"wp:attachment":[{"href":"https:\/\/www.cltweb.org\/es\/wp-json\/wp\/v2\/media?parent=1873"}],"wp:term":[{"taxonomy":"category","embeddable":true,"href":"https:\/\/www.cltweb.org\/es\/wp-json\/wp\/v2\/categories?post=1873"},{"taxonomy":"post_tag","embeddable":true,"href":"https:\/\/www.cltweb.org\/es\/wp-json\/wp\/v2\/tags?post=1873"}],"curies":[{"name":"wp","href":"https:\/\/api.w.org\/{rel}","templated":true}]}}