{"id":2020,"date":"2024-09-13T19:30:49","date_gmt":"2024-09-13T19:30:49","guid":{"rendered":"https:\/\/www.cltweb.org\/sobre-nosotros\/acceso-a-las-lenguas\/"},"modified":"2024-10-19T17:53:25","modified_gmt":"2024-10-19T17:53:25","slug":"acceso-a-las-lenguas","status":"publish","type":"page","link":"https:\/\/www.cltweb.org\/es\/sobre-nosotros\/acceso-a-las-lenguas\/","title":{"rendered":"Acceso a las lenguas"},"content":{"rendered":"","protected":false},"excerpt":{"rendered":"","protected":false},"author":1,"featured_media":0,"parent":727,"menu_order":0,"comment_status":"closed","ping_status":"closed","template":"","meta":{"give_campaign_id":0,"_tec_requires_first_save":true,"_kad_blocks_custom_css":"","_kad_blocks_head_custom_js":"","_kad_blocks_body_custom_js":"","_kad_blocks_footer_custom_js":"","_EventAllDay":false,"_EventTimezone":"","_EventStartDate":"","_EventEndDate":"","_EventStartDateUTC":"","_EventEndDateUTC":"","_EventShowMap":false,"_EventShowMapLink":false,"_EventURL":"","_EventCost":"","_EventCostDescription":"","_EventCurrencySymbol":"","_EventCurrencyCode":"","_EventCurrencyPosition":"","_EventDateTimeSeparator":"","_EventTimeRangeSeparator":"","_EventOrganizerID":[],"_EventVenueID":[],"_OrganizerEmail":"","_OrganizerPhone":"","_OrganizerWebsite":"","_VenueAddress":"","_VenueCity":"","_VenueCountry":"","_VenueProvince":"","_VenueState":"","_VenueZip":"","_VenuePhone":"","_VenueURL":"","_VenueStateProvince":"","_VenueLat":"","_VenueLng":"","_VenueShowMap":false,"_VenueShowMapLink":false,"_tribe_blocks_recurrence_rules":"","_tribe_blocks_recurrence_description":"","_tribe_blocks_recurrence_exclusions":"","footnotes":""},"categories":[],"tags":[],"class_list":["post-2020","page","type-page","status-publish","hentry"],"blocksy_meta":[],"yoast_head":"<!-- This site is optimized with the Yoast SEO Premium plugin v27.5 (Yoast SEO v27.5) - https:\/\/yoast.com\/product\/yoast-seo-premium-wordpress\/ -->\n<title>Acceso a las lenguas - International Center for Community Land Trusts<\/title>\n<meta name=\"robots\" content=\"index, follow, max-snippet:-1, max-image-preview:large, max-video-preview:-1\" \/>\n<link rel=\"canonical\" href=\"https:\/\/www.cltweb.org\/es\/sobre-nosotros\/acceso-a-las-lenguas\/\" \/>\n<meta property=\"og:locale\" content=\"es_ES\" \/>\n<meta property=\"og:type\" content=\"article\" \/>\n<meta property=\"og:title\" content=\"Acceso a las lenguas\" \/>\n<meta property=\"og:url\" content=\"https:\/\/www.cltweb.org\/es\/sobre-nosotros\/acceso-a-las-lenguas\/\" \/>\n<meta property=\"og:site_name\" content=\"International Center for Community Land Trusts\" \/>\n<meta property=\"article:publisher\" content=\"https:\/\/www.facebook.com\/cltcenter\" \/>\n<meta property=\"article:modified_time\" content=\"2024-10-19T17:53:25+00:00\" \/>\n<meta name=\"twitter:card\" content=\"summary_large_image\" \/>\n<meta name=\"twitter:site\" content=\"@Center4CLTs\" \/>\n<script type=\"application\/ld+json\" class=\"yoast-schema-graph\">{\"@context\":\"https:\\\/\\\/schema.org\",\"@graph\":[{\"@type\":\"WebPage\",\"@id\":\"https:\\\/\\\/www.cltweb.org\\\/es\\\/sobre-nosotros\\\/acceso-a-las-lenguas\\\/\",\"url\":\"https:\\\/\\\/www.cltweb.org\\\/es\\\/sobre-nosotros\\\/acceso-a-las-lenguas\\\/\",\"name\":\"Acceso a las lenguas - International Center for Community Land Trusts\",\"isPartOf\":{\"@id\":\"https:\\\/\\\/www.cltweb.org\\\/es\\\/#website\"},\"datePublished\":\"2024-09-13T19:30:49+00:00\",\"dateModified\":\"2024-10-19T17:53:25+00:00\",\"breadcrumb\":{\"@id\":\"https:\\\/\\\/www.cltweb.org\\\/es\\\/sobre-nosotros\\\/acceso-a-las-lenguas\\\/#breadcrumb\"},\"inLanguage\":\"es\",\"potentialAction\":[{\"@type\":\"ReadAction\",\"target\":[\"https:\\\/\\\/www.cltweb.org\\\/es\\\/sobre-nosotros\\\/acceso-a-las-lenguas\\\/\"]}]},{\"@type\":\"BreadcrumbList\",\"@id\":\"https:\\\/\\\/www.cltweb.org\\\/es\\\/sobre-nosotros\\\/acceso-a-las-lenguas\\\/#breadcrumb\",\"itemListElement\":[{\"@type\":\"ListItem\",\"position\":1,\"name\":\"Home\",\"item\":\"https:\\\/\\\/www.cltweb.org\\\/es\\\/\"},{\"@type\":\"ListItem\",\"position\":2,\"name\":\"Sobre nosotros\",\"item\":\"https:\\\/\\\/www.cltweb.org\\\/es\\\/sobre-nosotros\\\/\"},{\"@type\":\"ListItem\",\"position\":3,\"name\":\"Acceso a las lenguas\"}]},{\"@type\":\"WebSite\",\"@id\":\"https:\\\/\\\/www.cltweb.org\\\/es\\\/#website\",\"url\":\"https:\\\/\\\/www.cltweb.org\\\/es\\\/\",\"name\":\"International Center for Community Land Trusts\",\"description\":\"\",\"publisher\":{\"@id\":\"https:\\\/\\\/www.cltweb.org\\\/es\\\/#organization\"},\"potentialAction\":[{\"@type\":\"SearchAction\",\"target\":{\"@type\":\"EntryPoint\",\"urlTemplate\":\"https:\\\/\\\/www.cltweb.org\\\/es\\\/?s={search_term_string}\"},\"query-input\":{\"@type\":\"PropertyValueSpecification\",\"valueRequired\":true,\"valueName\":\"search_term_string\"}}],\"inLanguage\":\"es\"},{\"@type\":\"Organization\",\"@id\":\"https:\\\/\\\/www.cltweb.org\\\/es\\\/#organization\",\"name\":\"International Center for Community Land Trusts\",\"url\":\"https:\\\/\\\/www.cltweb.org\\\/es\\\/\",\"logo\":{\"@type\":\"ImageObject\",\"inLanguage\":\"es\",\"@id\":\"https:\\\/\\\/www.cltweb.org\\\/es\\\/#\\\/schema\\\/logo\\\/image\\\/\",\"url\":\"https:\\\/\\\/www.cltweb.org\\\/wp-content\\\/uploads\\\/2024\\\/11\\\/New-CLT-Center-Text-logo.png\",\"contentUrl\":\"https:\\\/\\\/www.cltweb.org\\\/wp-content\\\/uploads\\\/2024\\\/11\\\/New-CLT-Center-Text-logo.png\",\"width\":227,\"height\":80,\"caption\":\"International Center for Community Land Trusts\"},\"image\":{\"@id\":\"https:\\\/\\\/www.cltweb.org\\\/es\\\/#\\\/schema\\\/logo\\\/image\\\/\"},\"sameAs\":[\"https:\\\/\\\/www.facebook.com\\\/cltcenter\",\"https:\\\/\\\/x.com\\\/Center4CLTs\",\"https:\\\/\\\/www.instagram.com\\\/cltcenter\\\/\",\"https:\\\/\\\/www.linkedin.com\\\/company\\\/cltcenter\",\"https:\\\/\\\/www.youtube.com\\\/@centerforcltinnovation5313\"],\"description\":\"The International Center for Community Land Trusts is a not-for-profit nongovernmental organization established in 2018 to promote and to support community land trusts and similar strategies of community-led development on community-owned land in countries throughout the world.\",\"email\":\"info@communitylandtrust.net\",\"legalName\":\"International Center for Community Land Trusts\",\"foundingDate\":\"2018-12-01\",\"taxID\":\"84-3858933\",\"numberOfEmployees\":{\"@type\":\"QuantitativeValue\",\"minValue\":\"1\",\"maxValue\":\"10\"}}]}<\/script>\n<!-- \/ Yoast SEO Premium plugin. -->","yoast_head_json":{"title":"Acceso a las lenguas - International Center for Community Land Trusts","robots":{"index":"index","follow":"follow","max-snippet":"max-snippet:-1","max-image-preview":"max-image-preview:large","max-video-preview":"max-video-preview:-1"},"canonical":"https:\/\/www.cltweb.org\/es\/sobre-nosotros\/acceso-a-las-lenguas\/","og_locale":"es_ES","og_type":"article","og_title":"Acceso a las lenguas","og_url":"https:\/\/www.cltweb.org\/es\/sobre-nosotros\/acceso-a-las-lenguas\/","og_site_name":"International Center for Community Land Trusts","article_publisher":"https:\/\/www.facebook.com\/cltcenter","article_modified_time":"2024-10-19T17:53:25+00:00","twitter_card":"summary_large_image","twitter_site":"@Center4CLTs","schema":{"@context":"https:\/\/schema.org","@graph":[{"@type":"WebPage","@id":"https:\/\/www.cltweb.org\/es\/sobre-nosotros\/acceso-a-las-lenguas\/","url":"https:\/\/www.cltweb.org\/es\/sobre-nosotros\/acceso-a-las-lenguas\/","name":"Acceso a las lenguas - International Center for Community Land Trusts","isPartOf":{"@id":"https:\/\/www.cltweb.org\/es\/#website"},"datePublished":"2024-09-13T19:30:49+00:00","dateModified":"2024-10-19T17:53:25+00:00","breadcrumb":{"@id":"https:\/\/www.cltweb.org\/es\/sobre-nosotros\/acceso-a-las-lenguas\/#breadcrumb"},"inLanguage":"es","potentialAction":[{"@type":"ReadAction","target":["https:\/\/www.cltweb.org\/es\/sobre-nosotros\/acceso-a-las-lenguas\/"]}]},{"@type":"BreadcrumbList","@id":"https:\/\/www.cltweb.org\/es\/sobre-nosotros\/acceso-a-las-lenguas\/#breadcrumb","itemListElement":[{"@type":"ListItem","position":1,"name":"Home","item":"https:\/\/www.cltweb.org\/es\/"},{"@type":"ListItem","position":2,"name":"Sobre nosotros","item":"https:\/\/www.cltweb.org\/es\/sobre-nosotros\/"},{"@type":"ListItem","position":3,"name":"Acceso a las lenguas"}]},{"@type":"WebSite","@id":"https:\/\/www.cltweb.org\/es\/#website","url":"https:\/\/www.cltweb.org\/es\/","name":"International Center for Community Land Trusts","description":"","publisher":{"@id":"https:\/\/www.cltweb.org\/es\/#organization"},"potentialAction":[{"@type":"SearchAction","target":{"@type":"EntryPoint","urlTemplate":"https:\/\/www.cltweb.org\/es\/?s={search_term_string}"},"query-input":{"@type":"PropertyValueSpecification","valueRequired":true,"valueName":"search_term_string"}}],"inLanguage":"es"},{"@type":"Organization","@id":"https:\/\/www.cltweb.org\/es\/#organization","name":"International Center for Community Land Trusts","url":"https:\/\/www.cltweb.org\/es\/","logo":{"@type":"ImageObject","inLanguage":"es","@id":"https:\/\/www.cltweb.org\/es\/#\/schema\/logo\/image\/","url":"https:\/\/www.cltweb.org\/wp-content\/uploads\/2024\/11\/New-CLT-Center-Text-logo.png","contentUrl":"https:\/\/www.cltweb.org\/wp-content\/uploads\/2024\/11\/New-CLT-Center-Text-logo.png","width":227,"height":80,"caption":"International Center for Community Land Trusts"},"image":{"@id":"https:\/\/www.cltweb.org\/es\/#\/schema\/logo\/image\/"},"sameAs":["https:\/\/www.facebook.com\/cltcenter","https:\/\/x.com\/Center4CLTs","https:\/\/www.instagram.com\/cltcenter\/","https:\/\/www.linkedin.com\/company\/cltcenter","https:\/\/www.youtube.com\/@centerforcltinnovation5313"],"description":"The International Center for Community Land Trusts is a not-for-profit nongovernmental organization established in 2018 to promote and to support community land trusts and similar strategies of community-led development on community-owned land in countries throughout the world.","email":"info@communitylandtrust.net","legalName":"International Center for Community Land Trusts","foundingDate":"2018-12-01","taxID":"84-3858933","numberOfEmployees":{"@type":"QuantitativeValue","minValue":"1","maxValue":"10"}}]}},"campaignId":"","taxonomy_info":[],"featured_image_src_large":false,"author_info":{"display_name":"cltredesign_0jp0l4","author_link":"https:\/\/www.cltweb.org\/es\/author\/cltredesign_0jp0l4\/"},"comment_info":0,"jetpack_sharing_enabled":true,"jetpack-related-posts":[{"id":1873,"url":"https:\/\/www.cltweb.org\/es\/biblioteca-de-recursos\/bibliografia\/","url_meta":{"origin":2020,"position":0},"title":"Bibliograf\u00eda","author":"cltredesign_0jp0l4","date":"26 de julio de 2024","format":false,"excerpt":"Introducci\u00f3n Esta bibliograf\u00eda es un trabajo en curso. Comenz\u00f3 hace m\u00e1s de veinticinco a\u00f1os en respuesta a las reiteradas peticiones de acad\u00e9micos y profesionales, que me preguntaban si pod\u00eda orientarles hacia \"m\u00e1s informaci\u00f3n\" sobre los fideicomisos de tierras comunitarias. Empec\u00e9 a recopilar y distribuir una lista cada vez m\u00e1s larga\u2026","rel":"","context":"En \u00abBiblioteca de recursos\u00bb","block_context":{"text":"Biblioteca de recursos","link":"https:\/\/www.cltweb.org\/es\/category\/biblioteca-de-recursos-es\/"},"img":{"alt_text":"","src":"","width":0,"height":0},"classes":[]},{"id":8699,"url":"https:\/\/www.cltweb.org\/es\/biblioteca-de-recursos\/agricultura\/conceptos-clave\/tenencia-de-la-tierra-a-su-medida\/","url_meta":{"origin":2020,"position":1},"title":"Tenencia de la Tierra a su Medida","author":"cltredesign_0jp0l4","date":"2 de febrero de 2025","format":false,"excerpt":"La tenencia de la tierra debe permitir al agricultor recuperar sus inversiones. Aunque los modelos de negocio \"pop-up\" son cada vez m\u00e1s populares en los sectores de la restauraci\u00f3n y la venta al por menor, es un modelo dif\u00edcil para el cultivo urbano. El acceso a la tierra para una\u2026","rel":"","context":"En \u00abAgricultura\u00bb","block_context":{"text":"Agricultura","link":"https:\/\/www.cltweb.org\/es\/category\/agricultura-es\/"},"img":{"alt_text":"","src":"","width":0,"height":0},"classes":[]},{"id":1650,"url":"https:\/\/www.cltweb.org\/es\/biblioteca-de-recursos\/agricultura\/cuestiones-estrategicas\/","url_meta":{"origin":2020,"position":2},"title":"Cuestiones estrat\u00e9gicas","author":"cltredesign_0jp0l4","date":"29 de julio de 2024","format":false,"excerpt":"\u00bfC\u00f3mo se garantizar\u00e1 la tierra a los agricultores? Aunque \u00e9sta es la pregunta central que debe responder un modelo de tenencia de la tierra, no esperamos que haya una respuesta \u00fanica. De hecho, como sugerimos en la secci\u00f3n anterior, la tierra puede asegurarse de forma diferente para los agricultores que\u2026","rel":"","context":"En \u00abAgricultura\u00bb","block_context":{"text":"Agricultura","link":"https:\/\/www.cltweb.org\/es\/category\/agricultura-es\/"},"img":{"alt_text":"","src":"","width":0,"height":0},"classes":[]},{"id":789,"url":"https:\/\/www.cltweb.org\/es\/noticias-y-eventos\/empleo-en-clt\/","url_meta":{"origin":2020,"position":3},"title":"Empleo en CLT","author":"cltredesign_0jp0l4","date":"26 de julio de 2024","format":false,"excerpt":"Una selecci\u00f3n de ofertas de empleo en CLT.","rel":"","context":"En \u00abNoticias y Eventos\u00bb","block_context":{"text":"Noticias y Eventos","link":"https:\/\/www.cltweb.org\/es\/category\/noticias-y-eventos\/"},"img":{"alt_text":"","src":"","width":0,"height":0},"classes":[]},{"id":8707,"url":"https:\/\/www.cltweb.org\/es\/biblioteca-de-recursos\/agricultura\/conceptos-clave\/trabajar-en-equipo\/","url_meta":{"origin":2020,"position":4},"title":"Trabajar en equipo","author":"cltredesign_0jp0l4","date":"2 de febrero de 2025","format":false,"excerpt":"Los cultivadores urbanos que buscan acceso a terrenos asequibles suelen pedir ayuda a los funcionarios de la ciudad y el condado. Los funcionarios municipales y los gestores de los bancos de tierras pueden ayudar a identificar terrenos bald\u00edos que podr\u00edan estar disponibles para la agricultura. Los asesores del condado pueden\u2026","rel":"","context":"En \u00abAgricultura\u00bb","block_context":{"text":"Agricultura","link":"https:\/\/www.cltweb.org\/es\/category\/agricultura-es\/"},"img":{"alt_text":"","src":"","width":0,"height":0},"classes":[]},{"id":1511,"url":"https:\/\/www.cltweb.org\/es\/biblioteca-de-recursos\/redes-clt\/","url_meta":{"origin":2020,"position":5},"title":"Redes CLT","author":"cltredesign_0jp0l4","date":"26 de julio de 2024","format":false,"excerpt":"Red de Fideicomisos de Tierras Comunitarias de Australia australiancltnetwork.org.au Nuestros objetivos son apoyar el establecimiento de los CLT como un modelo de vivienda viable y seguro en toda Australia mediante: Ser un centro de intercambio de informaci\u00f3n que pone la informaci\u00f3n a libre disposici\u00f3n. Compartir conocimientos, recursos y saber hacer\u2026","rel":"","context":"En \u00abBiblioteca de recursos\u00bb","block_context":{"text":"Biblioteca de recursos","link":"https:\/\/www.cltweb.org\/es\/category\/biblioteca-de-recursos-es\/"},"img":{"alt_text":"","src":"","width":0,"height":0},"classes":[]}],"_links":{"self":[{"href":"https:\/\/www.cltweb.org\/es\/wp-json\/wp\/v2\/pages\/2020","targetHints":{"allow":["GET"]}}],"collection":[{"href":"https:\/\/www.cltweb.org\/es\/wp-json\/wp\/v2\/pages"}],"about":[{"href":"https:\/\/www.cltweb.org\/es\/wp-json\/wp\/v2\/types\/page"}],"author":[{"embeddable":true,"href":"https:\/\/www.cltweb.org\/es\/wp-json\/wp\/v2\/users\/1"}],"replies":[{"embeddable":true,"href":"https:\/\/www.cltweb.org\/es\/wp-json\/wp\/v2\/comments?post=2020"}],"version-history":[{"count":1,"href":"https:\/\/www.cltweb.org\/es\/wp-json\/wp\/v2\/pages\/2020\/revisions"}],"predecessor-version":[{"id":3414,"href":"https:\/\/www.cltweb.org\/es\/wp-json\/wp\/v2\/pages\/2020\/revisions\/3414"}],"up":[{"embeddable":true,"href":"https:\/\/www.cltweb.org\/es\/wp-json\/wp\/v2\/pages\/727"}],"wp:attachment":[{"href":"https:\/\/www.cltweb.org\/es\/wp-json\/wp\/v2\/media?parent=2020"}],"wp:term":[{"taxonomy":"category","embeddable":true,"href":"https:\/\/www.cltweb.org\/es\/wp-json\/wp\/v2\/categories?post=2020"},{"taxonomy":"post_tag","embeddable":true,"href":"https:\/\/www.cltweb.org\/es\/wp-json\/wp\/v2\/tags?post=2020"}],"curies":[{"name":"wp","href":"https:\/\/api.w.org\/{rel}","templated":true}]}}