{"id":3715,"date":"2024-10-19T19:35:08","date_gmt":"2024-10-19T19:35:08","guid":{"rendered":"https:\/\/www.cltweb.org\/biblioteca-de-recursos\/sur-global\/africa\/"},"modified":"2025-01-02T22:41:25","modified_gmt":"2025-01-02T22:41:25","slug":"africa","status":"publish","type":"page","link":"https:\/\/www.cltweb.org\/es\/biblioteca-de-recursos\/sur-global\/africa\/","title":{"rendered":"\u00c1frica"},"content":{"rendered":"<style>.wp-block-kadence-column.kb-section-dir-horizontal > .kt-inside-inner-col > .kt-info-box3713_d0ca15-9b .kt-blocks-info-box-link-wrap{max-width:unset;}.kt-info-box3713_d0ca15-9b .kt-blocks-info-box-link-wrap{border-top:5px solid var(--global-palette7, #eeeeee);border-right:5px solid var(--global-palette7, #eeeeee);border-bottom:5px solid var(--global-palette7, #eeeeee);border-left:5px solid var(--global-palette7, #eeeeee);border-top-left-radius:30px;border-top-right-radius:30px;border-bottom-right-radius:30px;border-bottom-left-radius:30px;background:#ffffff;padding-top:var(--global-kb-spacing-xs, 1rem);padding-right:var(--global-kb-spacing-xs, 1rem);padding-bottom:var(--global-kb-spacing-xs, 1rem);padding-left:var(--global-kb-spacing-xs, 1rem);}.kt-info-box3713_d0ca15-9b .kadence-info-box-icon-container .kt-info-svg-icon, .kt-info-box3713_d0ca15-9b .kt-info-svg-icon-flip, .kt-info-box3713_d0ca15-9b .kt-blocks-info-box-number{font-size:50px;}.kt-info-box3713_d0ca15-9b .kt-blocks-info-box-media{border-radius:200px;overflow:hidden;border-top-width:0px;border-right-width:0px;border-bottom-width:0px;border-left-width:0px;padding-top:20px;padding-right:20px;padding-bottom:20px;padding-left:20px;margin-top:0px;margin-right:20px;margin-bottom:0px;margin-left:0px;}.kt-info-box3713_d0ca15-9b .kt-blocks-info-box-media .kadence-info-box-image-intrisic img{border-radius:200px;}.kt-info-box3713_d0ca15-9b .kt-infobox-textcontent h2.kt-blocks-info-box-title{padding-top:0px;padding-right:0px;padding-bottom:0px;padding-left:0px;margin-top:5px;margin-right:0px;margin-bottom:10px;margin-left:0px;}.kt-info-box3713_d0ca15-9b .kt-blocks-info-box-learnmore{background:transparent;border-width:0px 0px 0px 0px;padding-top:4px;padding-right:8px;padding-bottom:4px;padding-left:8px;margin-top:10px;margin-right:0px;margin-bottom:10px;margin-left:0px;}@media all and (max-width: 1024px){.kt-info-box3713_d0ca15-9b .kt-blocks-info-box-link-wrap{border-top:5px solid var(--global-palette7, #eeeeee);border-right:5px solid var(--global-palette7, #eeeeee);border-bottom:5px solid var(--global-palette7, #eeeeee);border-left:5px solid var(--global-palette7, #eeeeee);}}@media all and (max-width: 767px){.kt-info-box3713_d0ca15-9b .kt-blocks-info-box-link-wrap{border-top:5px solid var(--global-palette7, #eeeeee);border-right:5px solid var(--global-palette7, #eeeeee);border-bottom:5px solid var(--global-palette7, #eeeeee);border-left:5px solid var(--global-palette7, #eeeeee);}}<\/style>\n<div class=\"wp-block-kadence-infobox kt-info-box3713_d0ca15-9b\"><span class=\"kt-blocks-info-box-link-wrap info-box-link kt-blocks-info-box-media-align-left kt-info-halign-left\"><div class=\"kt-blocks-info-box-media-container\"><div class=\"kt-blocks-info-box-media kt-info-media-animate-none\"><div class=\"kadence-info-box-icon-container kt-info-icon-animate-none\"><div class=\"kadence-info-box-icon-inner-container\"><span class=\"kb-svg-icon-wrap kb-svg-icon-fe_aperture kt-info-svg-icon\"><svg viewBox=\"0 0 24 24\"  fill=\"none\" stroke=\"currentColor\" stroke-width=\"2\" stroke-linecap=\"round\" stroke-linejoin=\"round\" xmlns=\"http:\/\/www.w3.org\/2000\/svg\"  aria-hidden=\"true\"><circle cx=\"12\" cy=\"12\" r=\"10\"\/><line x1=\"14.31\" y1=\"8\" x2=\"20.05\" y2=\"17.94\"\/><line x1=\"9.69\" y1=\"8\" x2=\"21.17\" y2=\"8\"\/><line x1=\"7.38\" y1=\"12\" x2=\"13.12\" y2=\"2.06\"\/><line x1=\"9.69\" y1=\"16\" x2=\"3.95\" y2=\"6.06\"\/><line x1=\"14.31\" y1=\"16\" x2=\"2.83\" y2=\"16\"\/><line x1=\"16.62\" y1=\"12\" x2=\"10.88\" y2=\"21.94\"\/><\/svg><\/span><\/div><\/div><\/div><\/div><div class=\"kt-infobox-textcontent\"><h2 class=\"kt-blocks-info-box-title\">Kenia y Sud\u00e1frica<\/h2><p class=\"kt-blocks-info-box-text\">Los fideicomisos comunitarios de la tierra surgieron por primera vez en el Sur Global en Voi, Kenia, con el fideicomiso comunitario de la tierra Tanzania-Bondeni. Y est\u00e1 surgiendo un inter\u00e9s por aplicar el modelo CLT tambi\u00e9n en Sud\u00e1frica.   <\/p><\/div><\/span><\/div>\n\n<h2 class=\"wp-block-heading\" id=\"h-kenya\" style=\"font-size:clamp(21.027px, 1.314rem + ((1vw - 3.2px) * 1.014), 34px);\">Kenia<\/h2>\n\n<h3 class=\"wp-block-heading\" id=\"h-articles\" style=\"font-size:clamp(15.747px, 0.984rem + ((1vw - 3.2px) * 0.645), 24px);\">Art\u00edculos<\/h3>\n\n<ul class=\"wp-block-list\">\n<li><strong>Ingl\u00e9s<\/strong>\n<ul class=\"wp-block-list\">\n<li><a href=\"https:\/\/www.cltweb.org\/wp-content\/uploads\/2024\/11\/CH14.pdf\" data-type=\"attachment\" data-id=\"6978\">Sembrar el CLT en \u00c1frica: Lessons from the Early Efforts to Establish Community Land Trusts in Kenya<\/a>, Claire Simmoneau y Ellen Bassett, con Emmanuel Midheme, <em>On Common Ground<\/em>, Terra Nostra Press, 2020.<\/li>\n\n\n\n<li><a href=\"https:\/\/cfuhabitat.hypotheses.org\/terrains-detude\/community-land-trust-voi-kenya\" target=\"_blank\" rel=\"noreferrer noopener\">Fideicomiso de la tierra &#8211; Voi, Kenia<\/a>, Claire Simonneau, UMR G\u00e9ographie-cit\u00e9s, con Emmanuel Midheme, Universidad de Maseno, Sharlet Mkabili, Universidad de Maseno, Severiano Odhiambo, Universidad de Maseno. Laboratorio de Investigaci\u00f3n Geographie-Cit\u00e9s, 2018 <\/li>\n\n\n\n<li><a href=\"https:\/\/www.sciencedirect.com\/science\/article\/abs\/pii\/S0264837713000872\" target=\"_blank\" rel=\"noreferrer noopener\">Haciendo retroceder las fronteras de la propiedad: Community land trusts and low-income housing in urban<\/a> Kenya, Emmanuel Midheme, Frank Moulaert, <em>Land Use Policy<\/em>, noviembre de 2013.<\/li>\n\n\n\n<li><a href=\"https:\/\/asq.africa.ufl.edu\/wp-content\/uploads\/sites\/168\/Bassett-Vol9Issue3.pdf\" target=\"_blank\" rel=\"noreferrer noopener\">La Persistencia de los Bienes Comunes: Economic Theory and Community Decision-Making on Land Tenure in Voi, Kenya, Ellen Bassett<\/a>, <em>African Studies Quarterly<\/em>, primavera de 2007<a href=\"https:\/\/asq.africa.ufl.edu\/wp-content\/uploads\/sites\/168\/Bassett-Vol9Issue3.pdf\" target=\"_blank\" rel=\"noreferrer noopener\">.<\/a><\/li>\n\n\n\n<li><a href=\"https:\/\/www.sciencedirect.com\/science\/article\/abs\/pii\/S0197397503001176\" target=\"_blank\" rel=\"noreferrer noopener\">Tinkering with tenure: the community land trust experiment in Voi<\/a>, Kenya, Ellen M. Bassett, H\u00e1bitat Internacional, 2005<\/li>\n\n\n\n<li><a href=\"https:\/\/www.proquest.com\/openview\/81d0627d1d412ab5590db2ae6a6390c7\/1?pq-origsite=gscholar&amp;cbl=18750&amp;diss=y\" target=\"_blank\" rel=\"noreferrer noopener\">Instituciones y asentamientos informales: The planning implications of the Community Land Trust experiment in Kenya<\/a>, Ellen M. Bassett, disertaci\u00f3n, Universidad de Wisconsin-Madison, 2001.<\/li>\n\n\n\n<li><a href=\"https:\/\/www.sciencedirect.com\/science\/article\/abs\/pii\/S0264837797000033\" target=\"_blank\" rel=\"noreferrer noopener\">Community-based tenure reform in urban Africa: the community land trust experiment in Voi<\/a>, Kenya, Ellen M Bassett, Harvey M. Jacobs, <em>Land Use Policy<\/em>, julio de 1997.<\/li>\n<\/ul>\n<\/li>\n\n\n\n<li><strong>Franc\u00e9s<\/strong>\n<ul class=\"wp-block-list\">\n<li>Simonneau, Claire, \u00c9ric Denis, Issa Sory. 2019.   <a href=\"https:\/\/shs.hal.science\/halshs-03133069\" target=\"_blank\" rel=\"noreferrer noopener\">\u00bfQu\u00e9 potencial tienen los enfoques cooperativos y colectivos para el h\u00e1bitat popular?<\/a>  Elementos del debate, cuadro de an\u00e1lisis y ejemplos burkinab\u00e9 y keniano. \u00c1frica Contempor\u00e1nea, 2019. <\/li>\n\n\n\n<li>Simonneau, Claire,<a href=\"http:\/\/www.riurba.review\/Revue\/le-community-land-trust-aux-etats-unis-au-kenya-et-en-belgique-canaux-de-circulation-dun-modele-alternatif-et-jeu-dintertextualite\/\" target=\"_blank\" rel=\"noreferrer noopener\">  El fideicomiso de la tierra en los Estados Unidos, Kenia y B\u00e9lgica. Canales de circulaci\u00f3n de un modelo alternativo y juego de intertextualidad<\/a>Riurba, 2018<\/li>\n<\/ul>\n<\/li>\n<\/ul>\n\n<h3 class=\"wp-block-heading\" id=\"h-videos\" style=\"font-size:clamp(15.747px, 0.984rem + ((1vw - 3.2px) * 0.645), 24px);\">V\u00eddeos<\/h3>\n\n<ul class=\"wp-block-list\">\n<li><a href=\"https:\/\/youtu.be\/ZhEZCyI1Ow8\" target=\"_blank\" rel=\"noreferrer noopener\">Fondo Comunitario de Tierras, Kenia<\/a>, ONU-H\u00e1bitat, 2009<\/li>\n<\/ul>\n\n<h2 class=\"wp-block-heading\" id=\"h-south-africa\" style=\"font-size:clamp(21.027px, 1.314rem + ((1vw - 3.2px) * 1.014), 34px);\">Sud\u00e1frica<\/h2>\n\n<h3 class=\"wp-block-heading\" id=\"h-articles-0\" style=\"font-size:clamp(15.747px, 0.984rem + ((1vw - 3.2px) * 0.645), 24px);\">Art\u00edculos<\/h3>\n\n<ul class=\"wp-block-list\">\n<li><a href=\"https:\/\/www.jstor.org\/stable\/10.18772\/22019103849.18?seq=1#metadata_info_tab_contents\" target=\"_blank\" rel=\"noreferrer noopener\">Community land trusts and social inclusion<\/a>, Heinz Klug y Neil Klug, de Politics and Community-Based Research: Perspectives from Yeoville Studio, Johannesburgo, Wits University Press, 2019<\/li>\n<\/ul>\n\n<p><\/p>\n","protected":false},"excerpt":{"rendered":"<p>Kenia Art\u00edculos V\u00eddeos Sud\u00e1frica Art\u00edculos<\/p>\n","protected":false},"author":1,"featured_media":0,"parent":3141,"menu_order":0,"comment_status":"closed","ping_status":"closed","template":"","meta":{"give_campaign_id":0,"_tec_requires_first_save":true,"_kad_blocks_custom_css":"","_kad_blocks_head_custom_js":"","_kad_blocks_body_custom_js":"","_kad_blocks_footer_custom_js":"","_EventAllDay":false,"_EventTimezone":"","_EventStartDate":"","_EventEndDate":"","_EventStartDateUTC":"","_EventEndDateUTC":"","_EventShowMap":false,"_EventShowMapLink":false,"_EventURL":"","_EventCost":"","_EventCostDescription":"","_EventCurrencySymbol":"","_EventCurrencyCode":"","_EventCurrencyPosition":"","_EventDateTimeSeparator":"","_EventTimeRangeSeparator":"","_EventOrganizerID":[],"_EventVenueID":[],"_OrganizerEmail":"","_OrganizerPhone":"","_OrganizerWebsite":"","_VenueAddress":"","_VenueCity":"","_VenueCountry":"","_VenueProvince":"","_VenueState":"","_VenueZip":"","_VenuePhone":"","_VenueURL":"","_VenueStateProvince":"","_VenueLat":"","_VenueLng":"","_VenueShowMap":false,"_VenueShowMapLink":false,"_tribe_blocks_recurrence_rules":"","_tribe_blocks_recurrence_description":"","_tribe_blocks_recurrence_exclusions":"","footnotes":""},"categories":[156],"tags":[],"class_list":["post-3715","page","type-page","status-publish","hentry","category-sur-global"],"blocksy_meta":[],"yoast_head":"<!-- This site is optimized with the Yoast SEO Premium plugin v27.5 (Yoast SEO v27.5) - https:\/\/yoast.com\/product\/yoast-seo-premium-wordpress\/ -->\n<title>\u00c1frica - International Center for Community Land Trusts<\/title>\n<meta name=\"robots\" content=\"index, follow, max-snippet:-1, max-image-preview:large, max-video-preview:-1\" \/>\n<link rel=\"canonical\" href=\"https:\/\/www.cltweb.org\/es\/biblioteca-de-recursos\/sur-global\/africa\/\" \/>\n<meta property=\"og:locale\" content=\"es_ES\" \/>\n<meta property=\"og:type\" content=\"article\" \/>\n<meta property=\"og:title\" content=\"\u00c1frica\" \/>\n<meta property=\"og:description\" content=\"Kenia Art\u00edculos V\u00eddeos Sud\u00e1frica Art\u00edculos\" \/>\n<meta property=\"og:url\" content=\"https:\/\/www.cltweb.org\/es\/biblioteca-de-recursos\/sur-global\/africa\/\" \/>\n<meta property=\"og:site_name\" content=\"International Center for Community Land Trusts\" \/>\n<meta property=\"article:publisher\" content=\"https:\/\/www.facebook.com\/cltcenter\" \/>\n<meta property=\"article:modified_time\" content=\"2025-01-02T22:41:25+00:00\" \/>\n<meta name=\"twitter:card\" content=\"summary_large_image\" \/>\n<meta name=\"twitter:site\" content=\"@Center4CLTs\" \/>\n<meta name=\"twitter:label1\" content=\"Tiempo de lectura\" \/>\n\t<meta name=\"twitter:data1\" content=\"2 minutos\" \/>\n<script type=\"application\/ld+json\" class=\"yoast-schema-graph\">{\"@context\":\"https:\\\/\\\/schema.org\",\"@graph\":[{\"@type\":\"WebPage\",\"@id\":\"https:\\\/\\\/www.cltweb.org\\\/es\\\/biblioteca-de-recursos\\\/sur-global\\\/africa\\\/\",\"url\":\"https:\\\/\\\/www.cltweb.org\\\/es\\\/biblioteca-de-recursos\\\/sur-global\\\/africa\\\/\",\"name\":\"\u00c1frica - International Center for Community Land Trusts\",\"isPartOf\":{\"@id\":\"https:\\\/\\\/www.cltweb.org\\\/es\\\/#website\"},\"datePublished\":\"2024-10-19T19:35:08+00:00\",\"dateModified\":\"2025-01-02T22:41:25+00:00\",\"breadcrumb\":{\"@id\":\"https:\\\/\\\/www.cltweb.org\\\/es\\\/biblioteca-de-recursos\\\/sur-global\\\/africa\\\/#breadcrumb\"},\"inLanguage\":\"es\",\"potentialAction\":[{\"@type\":\"ReadAction\",\"target\":[\"https:\\\/\\\/www.cltweb.org\\\/es\\\/biblioteca-de-recursos\\\/sur-global\\\/africa\\\/\"]}]},{\"@type\":\"BreadcrumbList\",\"@id\":\"https:\\\/\\\/www.cltweb.org\\\/es\\\/biblioteca-de-recursos\\\/sur-global\\\/africa\\\/#breadcrumb\",\"itemListElement\":[{\"@type\":\"ListItem\",\"position\":1,\"name\":\"Home\",\"item\":\"https:\\\/\\\/www.cltweb.org\\\/es\\\/\"},{\"@type\":\"ListItem\",\"position\":2,\"name\":\"Biblioteca de recursos\",\"item\":\"https:\\\/\\\/www.cltweb.org\\\/es\\\/biblioteca-de-recursos\\\/\"},{\"@type\":\"ListItem\",\"position\":3,\"name\":\"Sur Global\",\"item\":\"https:\\\/\\\/www.cltweb.org\\\/es\\\/biblioteca-de-recursos\\\/sur-global\\\/\"},{\"@type\":\"ListItem\",\"position\":4,\"name\":\"\u00c1frica\"}]},{\"@type\":\"WebSite\",\"@id\":\"https:\\\/\\\/www.cltweb.org\\\/es\\\/#website\",\"url\":\"https:\\\/\\\/www.cltweb.org\\\/es\\\/\",\"name\":\"International Center for Community Land Trusts\",\"description\":\"\",\"publisher\":{\"@id\":\"https:\\\/\\\/www.cltweb.org\\\/es\\\/#organization\"},\"potentialAction\":[{\"@type\":\"SearchAction\",\"target\":{\"@type\":\"EntryPoint\",\"urlTemplate\":\"https:\\\/\\\/www.cltweb.org\\\/es\\\/?s={search_term_string}\"},\"query-input\":{\"@type\":\"PropertyValueSpecification\",\"valueRequired\":true,\"valueName\":\"search_term_string\"}}],\"inLanguage\":\"es\"},{\"@type\":\"Organization\",\"@id\":\"https:\\\/\\\/www.cltweb.org\\\/es\\\/#organization\",\"name\":\"International Center for Community Land Trusts\",\"url\":\"https:\\\/\\\/www.cltweb.org\\\/es\\\/\",\"logo\":{\"@type\":\"ImageObject\",\"inLanguage\":\"es\",\"@id\":\"https:\\\/\\\/www.cltweb.org\\\/es\\\/#\\\/schema\\\/logo\\\/image\\\/\",\"url\":\"https:\\\/\\\/www.cltweb.org\\\/wp-content\\\/uploads\\\/2024\\\/11\\\/New-CLT-Center-Text-logo.png\",\"contentUrl\":\"https:\\\/\\\/www.cltweb.org\\\/wp-content\\\/uploads\\\/2024\\\/11\\\/New-CLT-Center-Text-logo.png\",\"width\":227,\"height\":80,\"caption\":\"International Center for Community Land Trusts\"},\"image\":{\"@id\":\"https:\\\/\\\/www.cltweb.org\\\/es\\\/#\\\/schema\\\/logo\\\/image\\\/\"},\"sameAs\":[\"https:\\\/\\\/www.facebook.com\\\/cltcenter\",\"https:\\\/\\\/x.com\\\/Center4CLTs\",\"https:\\\/\\\/www.instagram.com\\\/cltcenter\\\/\",\"https:\\\/\\\/www.linkedin.com\\\/company\\\/cltcenter\",\"https:\\\/\\\/www.youtube.com\\\/@centerforcltinnovation5313\"],\"description\":\"The International Center for Community Land Trusts is a not-for-profit nongovernmental organization established in 2018 to promote and to support community land trusts and similar strategies of community-led development on community-owned land in countries throughout the world.\",\"email\":\"info@communitylandtrust.net\",\"legalName\":\"International Center for Community Land Trusts\",\"foundingDate\":\"2018-12-01\",\"taxID\":\"84-3858933\",\"numberOfEmployees\":{\"@type\":\"QuantitativeValue\",\"minValue\":\"1\",\"maxValue\":\"10\"}}]}<\/script>\n<!-- \/ Yoast SEO Premium plugin. -->","yoast_head_json":{"title":"\u00c1frica - International Center for Community Land Trusts","robots":{"index":"index","follow":"follow","max-snippet":"max-snippet:-1","max-image-preview":"max-image-preview:large","max-video-preview":"max-video-preview:-1"},"canonical":"https:\/\/www.cltweb.org\/es\/biblioteca-de-recursos\/sur-global\/africa\/","og_locale":"es_ES","og_type":"article","og_title":"\u00c1frica","og_description":"Kenia Art\u00edculos V\u00eddeos Sud\u00e1frica Art\u00edculos","og_url":"https:\/\/www.cltweb.org\/es\/biblioteca-de-recursos\/sur-global\/africa\/","og_site_name":"International Center for Community Land Trusts","article_publisher":"https:\/\/www.facebook.com\/cltcenter","article_modified_time":"2025-01-02T22:41:25+00:00","twitter_card":"summary_large_image","twitter_site":"@Center4CLTs","twitter_misc":{"Tiempo de lectura":"2 minutos"},"schema":{"@context":"https:\/\/schema.org","@graph":[{"@type":"WebPage","@id":"https:\/\/www.cltweb.org\/es\/biblioteca-de-recursos\/sur-global\/africa\/","url":"https:\/\/www.cltweb.org\/es\/biblioteca-de-recursos\/sur-global\/africa\/","name":"\u00c1frica - International Center for Community Land Trusts","isPartOf":{"@id":"https:\/\/www.cltweb.org\/es\/#website"},"datePublished":"2024-10-19T19:35:08+00:00","dateModified":"2025-01-02T22:41:25+00:00","breadcrumb":{"@id":"https:\/\/www.cltweb.org\/es\/biblioteca-de-recursos\/sur-global\/africa\/#breadcrumb"},"inLanguage":"es","potentialAction":[{"@type":"ReadAction","target":["https:\/\/www.cltweb.org\/es\/biblioteca-de-recursos\/sur-global\/africa\/"]}]},{"@type":"BreadcrumbList","@id":"https:\/\/www.cltweb.org\/es\/biblioteca-de-recursos\/sur-global\/africa\/#breadcrumb","itemListElement":[{"@type":"ListItem","position":1,"name":"Home","item":"https:\/\/www.cltweb.org\/es\/"},{"@type":"ListItem","position":2,"name":"Biblioteca de recursos","item":"https:\/\/www.cltweb.org\/es\/biblioteca-de-recursos\/"},{"@type":"ListItem","position":3,"name":"Sur Global","item":"https:\/\/www.cltweb.org\/es\/biblioteca-de-recursos\/sur-global\/"},{"@type":"ListItem","position":4,"name":"\u00c1frica"}]},{"@type":"WebSite","@id":"https:\/\/www.cltweb.org\/es\/#website","url":"https:\/\/www.cltweb.org\/es\/","name":"International Center for Community Land Trusts","description":"","publisher":{"@id":"https:\/\/www.cltweb.org\/es\/#organization"},"potentialAction":[{"@type":"SearchAction","target":{"@type":"EntryPoint","urlTemplate":"https:\/\/www.cltweb.org\/es\/?s={search_term_string}"},"query-input":{"@type":"PropertyValueSpecification","valueRequired":true,"valueName":"search_term_string"}}],"inLanguage":"es"},{"@type":"Organization","@id":"https:\/\/www.cltweb.org\/es\/#organization","name":"International Center for Community Land Trusts","url":"https:\/\/www.cltweb.org\/es\/","logo":{"@type":"ImageObject","inLanguage":"es","@id":"https:\/\/www.cltweb.org\/es\/#\/schema\/logo\/image\/","url":"https:\/\/www.cltweb.org\/wp-content\/uploads\/2024\/11\/New-CLT-Center-Text-logo.png","contentUrl":"https:\/\/www.cltweb.org\/wp-content\/uploads\/2024\/11\/New-CLT-Center-Text-logo.png","width":227,"height":80,"caption":"International Center for Community Land Trusts"},"image":{"@id":"https:\/\/www.cltweb.org\/es\/#\/schema\/logo\/image\/"},"sameAs":["https:\/\/www.facebook.com\/cltcenter","https:\/\/x.com\/Center4CLTs","https:\/\/www.instagram.com\/cltcenter\/","https:\/\/www.linkedin.com\/company\/cltcenter","https:\/\/www.youtube.com\/@centerforcltinnovation5313"],"description":"The International Center for Community Land Trusts is a not-for-profit nongovernmental organization established in 2018 to promote and to support community land trusts and similar strategies of community-led development on community-owned land in countries throughout the world.","email":"info@communitylandtrust.net","legalName":"International Center for Community Land Trusts","foundingDate":"2018-12-01","taxID":"84-3858933","numberOfEmployees":{"@type":"QuantitativeValue","minValue":"1","maxValue":"10"}}]}},"campaignId":"","taxonomy_info":{"category":[{"value":156,"label":"Sur Global"}]},"featured_image_src_large":false,"author_info":{"display_name":"cltredesign_0jp0l4","author_link":"https:\/\/www.cltweb.org\/es\/author\/cltredesign_0jp0l4\/"},"comment_info":0,"jetpack_sharing_enabled":true,"jetpack-related-posts":[{"id":781,"url":"https:\/\/www.cltweb.org\/es\/programas-y-proyectos\/iniciativa-clt-del-sur-global\/","url_meta":{"origin":3715,"position":0},"title":"Iniciativa de fideicomiso comunitario de la tierra del Sur Global","author":"cltredesign_0jp0l4","date":"26 de julio de 2024","format":false,"excerpt":"Promover el derecho a la vivienda y la propiedad comunitaria en todo el Sur Global Visi\u00f3n general La tierra y la vivienda seguras son un derecho humano y una lucha mundial. En \u00c1frica, Asia, Am\u00e9rica Latina y el Caribe, las comunidades est\u00e1n construyendo poderosos movimientos para promover el derecho a\u2026","rel":"","context":"En \u00abProgramas y proyectos\u00bb","block_context":{"text":"Programas y proyectos","link":"https:\/\/www.cltweb.org\/es\/category\/programas-y-proyectos\/"},"img":{"alt_text":"","src":"","width":0,"height":0},"classes":[]},{"id":1591,"url":"https:\/\/www.cltweb.org\/es\/terra-nostra-press\/catalogo\/fideicomisos-comunitarios-de-tierras-y-asentamientos-informales-en-el-sur-global\/","url_meta":{"origin":3715,"position":1},"title":"Fideicomisos Comunitarios de Tierras y Asentamientos Informales en el Sur Global","author":"cltredesign_0jp0l4","date":"29 de julio de 2024","format":false,"excerpt":"Disponible en todo el mundo, 158 p\u00e1gs.PAPEL NEGRO ISBN 9781736275917 $15.00 USEBOOK ISBN 9781736275924 $5.00 US Las ONG disponen de descuentos por pedidos a granel. Para m\u00e1s informaci\u00f3n y para hacer tu pedido, visita nuestra p\u00e1gina Pedidos a granel. Fideicomisos de Tierras Comunitarias y Asentamientos Informales en el Sur Global\u2026","rel":"","context":"En \u00abCat\u00e1logo\u00bb","block_context":{"text":"Cat\u00e1logo","link":"https:\/\/www.cltweb.org\/es\/category\/catalogo-es\/"},"img":{"alt_text":"Global South Book Cover","src":"https:\/\/i0.wp.com\/www.cltweb.org\/wp-content\/uploads\/2024\/10\/Global-South-Cover.jpg?resize=350%2C200&ssl=1","width":350,"height":200,"srcset":"https:\/\/i0.wp.com\/www.cltweb.org\/wp-content\/uploads\/2024\/10\/Global-South-Cover.jpg?resize=350%2C200&ssl=1 1x, https:\/\/i0.wp.com\/www.cltweb.org\/wp-content\/uploads\/2024\/10\/Global-South-Cover.jpg?resize=525%2C300&ssl=1 1.5x, https:\/\/i0.wp.com\/www.cltweb.org\/wp-content\/uploads\/2024\/10\/Global-South-Cover.jpg?resize=700%2C400&ssl=1 2x, https:\/\/i0.wp.com\/www.cltweb.org\/wp-content\/uploads\/2024\/10\/Global-South-Cover.jpg?resize=1050%2C600&ssl=1 3x, https:\/\/i0.wp.com\/www.cltweb.org\/wp-content\/uploads\/2024\/10\/Global-South-Cover.jpg?resize=1400%2C800&ssl=1 4x"},"classes":[]},{"id":3141,"url":"https:\/\/www.cltweb.org\/es\/biblioteca-de-recursos\/sur-global\/","url_meta":{"origin":3715,"position":2},"title":"Sur Global","author":"cltredesign_0jp0l4","date":"4 de octubre de 2024","format":false,"excerpt":"Fideicomisos Comunitarios de Tierras en el Sur Global Gracias a la labor pionera del Fideicomiso Comunitario de la Tierra Tanzania-Bondeni en Kenia, el Fideicomiso de la Tierra del Ca\u00f1o Mart\u00edn Pe\u00f1a en Puerto Rico y Comunidades Catalizadoras en Brasil, existe un gran potencial para la expansi\u00f3n de los fideicomisos comunitarios\u2026","rel":"","context":"En \u00abBiblioteca de recursos\u00bb","block_context":{"text":"Biblioteca de recursos","link":"https:\/\/www.cltweb.org\/es\/category\/biblioteca-de-recursos-es\/"},"img":{"alt_text":"","src":"","width":0,"height":0},"classes":[]},{"id":812,"url":"https:\/\/www.cltweb.org\/es\/que-hacen-los-clt\/sur-global\/","url_meta":{"origin":3715,"position":3},"title":"Sur Global","author":"cltredesign_0jp0l4","date":"26 de julio de 2024","format":false,"excerpt":"","rel":"","context":"En \u00abQu\u00e9 hacen los CLT\u00bb","block_context":{"text":"Qu\u00e9 hacen los CLT","link":"https:\/\/www.cltweb.org\/es\/category\/que-hacen-los-clt\/"},"img":{"alt_text":"","src":"","width":0,"height":0},"classes":[]},{"id":1589,"url":"https:\/\/www.cltweb.org\/fr\/terra-nostra-press\/catalogue\/fonds-fonciers-communautaires-et-etablissements-informels-dans-les-pays-du-sud\/","url_meta":{"origin":3715,"position":4},"title":"Fonds fonciers communautaires et \u00e9tablissements informels dans les pays du Sud","author":"cltredesign_0jp0l4","date":"29 de julio de 2024","format":false,"excerpt":"Disponible d\u00e8s maintenant dans le monde entier, 158 pages.PAPERBACK ISBN 9781736275917 $15.00 USEBOOK ISBN 9781736275924 $5.00 US Les ONG peuvent b\u00e9n\u00e9ficier de remises sur les commandes en gros. Pour plus d'informations et pour passer votre commande, consultez notre page sur les commandes group\u00e9es. Fiducies fonci\u00e8res communautaires et \u00e9tablissements informels dans\u2026","rel":"","context":"En \u00abCatalogue\u00bb","block_context":{"text":"Catalogue","link":"https:\/\/www.cltweb.org\/fr\/category\/catalogue\/"},"img":{"alt_text":"Global South Book Cover","src":"https:\/\/i0.wp.com\/www.cltweb.org\/wp-content\/uploads\/2024\/10\/Global-South-Cover.jpg?resize=350%2C200&ssl=1","width":350,"height":200,"srcset":"https:\/\/i0.wp.com\/www.cltweb.org\/wp-content\/uploads\/2024\/10\/Global-South-Cover.jpg?resize=350%2C200&ssl=1 1x, https:\/\/i0.wp.com\/www.cltweb.org\/wp-content\/uploads\/2024\/10\/Global-South-Cover.jpg?resize=525%2C300&ssl=1 1.5x, https:\/\/i0.wp.com\/www.cltweb.org\/wp-content\/uploads\/2024\/10\/Global-South-Cover.jpg?resize=700%2C400&ssl=1 2x, https:\/\/i0.wp.com\/www.cltweb.org\/wp-content\/uploads\/2024\/10\/Global-South-Cover.jpg?resize=1050%2C600&ssl=1 3x, https:\/\/i0.wp.com\/www.cltweb.org\/wp-content\/uploads\/2024\/10\/Global-South-Cover.jpg?resize=1400%2C800&ssl=1 4x"},"classes":[]},{"id":8090,"url":"https:\/\/www.cltweb.org\/es\/biblioteca-de-recursos\/plantilla-de-subseccion-de-recursos\/","url_meta":{"origin":3715,"position":5},"title":"Red Global CLT","author":"cltredesign_0jp0l4","date":"28 de diciembre de 2024","format":false,"excerpt":"Red Global CLT Hay 616 CLT en 13 pa\u00edses. Consulta el mapa mundial, nuestra lista de redes de CLT y una secci\u00f3n dedicada a los CLT en el Sur Global.","rel":"","context":"Entrada similar","block_context":{"text":"Entrada similar","link":""},"img":{"alt_text":"","src":"","width":0,"height":0},"classes":[]}],"_links":{"self":[{"href":"https:\/\/www.cltweb.org\/es\/wp-json\/wp\/v2\/pages\/3715","targetHints":{"allow":["GET"]}}],"collection":[{"href":"https:\/\/www.cltweb.org\/es\/wp-json\/wp\/v2\/pages"}],"about":[{"href":"https:\/\/www.cltweb.org\/es\/wp-json\/wp\/v2\/types\/page"}],"author":[{"embeddable":true,"href":"https:\/\/www.cltweb.org\/es\/wp-json\/wp\/v2\/users\/1"}],"replies":[{"embeddable":true,"href":"https:\/\/www.cltweb.org\/es\/wp-json\/wp\/v2\/comments?post=3715"}],"version-history":[{"count":8,"href":"https:\/\/www.cltweb.org\/es\/wp-json\/wp\/v2\/pages\/3715\/revisions"}],"predecessor-version":[{"id":8435,"href":"https:\/\/www.cltweb.org\/es\/wp-json\/wp\/v2\/pages\/3715\/revisions\/8435"}],"up":[{"embeddable":true,"href":"https:\/\/www.cltweb.org\/es\/wp-json\/wp\/v2\/pages\/3141"}],"wp:attachment":[{"href":"https:\/\/www.cltweb.org\/es\/wp-json\/wp\/v2\/media?parent=3715"}],"wp:term":[{"taxonomy":"category","embeddable":true,"href":"https:\/\/www.cltweb.org\/es\/wp-json\/wp\/v2\/categories?post=3715"},{"taxonomy":"post_tag","embeddable":true,"href":"https:\/\/www.cltweb.org\/es\/wp-json\/wp\/v2\/tags?post=3715"}],"curies":[{"name":"wp","href":"https:\/\/api.w.org\/{rel}","templated":true}]}}