{"id":4201,"date":"2024-10-22T17:52:20","date_gmt":"2024-10-22T17:52:20","guid":{"rendered":"https:\/\/www.cltweb.org\/biblioteca-de-recursos\/historia-del-movimiento-clt\/raices-del-clt\/precursores-internacionales\/ciudades-jardin\/"},"modified":"2024-10-22T19:00:32","modified_gmt":"2024-10-22T19:00:32","slug":"ciudades-jardin","status":"publish","type":"page","link":"https:\/\/www.cltweb.org\/es\/biblioteca-de-recursos\/raices-del-clt\/precursores-internacionales\/ciudades-jardin\/","title":{"rendered":"Ciudades jard\u00edn"},"content":{"rendered":"\n<p>En 1898, un ingl\u00e9s autodidacta llamado Ebenezer Howard, que hab\u00eda recibido la influencia de los escritos de Edward Bellamy y Henry George, public\u00f3 <em>Ma\u00f1ana: Un camino pac\u00edfico hacia la reforma<\/em> real. Revisado y reeditado en 1902 con un nuevo t\u00edtulo, <em>Ciudades-jard\u00edn del ma\u00f1ana<\/em>, el libro de Howard se convirti\u00f3 en un texto fundamental en el emergente campo de la planificaci\u00f3n urbana. La soluci\u00f3n radical que Howard propon\u00eda para el hacinamiento, la delincuencia, la suciedad y el caos de las zonas urbanas de Inglaterra era la creaci\u00f3n de comunidades planificadas de 32.000 habitantes, que rodearan las grandes ciudades y combinaran las mejores caracter\u00edsticas de la ciudad y el campo.  <\/p>\n\n<p>Howard propuso que estas nuevas ciudades, a las que llam\u00f3 Ciudades Jard\u00edn, se desarrollaran en terrenos que fueran propiedad permanente de una corporaci\u00f3n municipal, para la que &#8220;hombres de probidad&#8221; actuar\u00edan como &#8220;fideicomisarios&#8221;. Al igual que Henry George, quer\u00eda captar el incremento social para la mejora p\u00fablica, no para el enriquecimiento privado. A diferencia de George, el mecanismo de Howard no era el impuesto \u00fanico, sino la propiedad municipal.  <\/p>\n\n<p>Con el tiempo se desarrollaron m\u00e1s de 30 Ciudades Jard\u00edn en Inglaterra, empezando por Letchworth en 1903 y Welwyn en 1920. Es importante se\u00f1alar que las Ciudades Jard\u00edn eran econom\u00edas urbanas completas en terrenos de propiedad municipal. Nunca se trat\u00f3 s\u00f3lo de viviendas. Los terrenos de las Ciudades Jard\u00edn se arrendaron para la industria, huertos, oficinas y comercios, adem\u00e1s de utilizarse para casas de campo ocupadas por sus propietarios, cooperativas de viviendas de capital limitado y alquileres.   <\/p>\n\n<p>El libro de Howard, el \u00fanico que escribi\u00f3, la Asociaci\u00f3n de Ciudades Jard\u00edn que fund\u00f3 en 1899 y los ejemplos de las propias Ciudades Jard\u00edn resultaron ser enormemente influyentes en los c\u00edrculos urban\u00edsticos de todo el mundo. En Estados Unidos, en particular, los principios de las Ciudades Jard\u00edn influyeron en escritores y urbanistas como Lewis Mumford, Clarence Stein, Henry Wright, Clarence Perry, Rexford Tugwell y Arthur Morgan. Mientras ejerc\u00eda como uno de los tres copresidentes de la Autoridad del Valle del Tennessee, Morgan supervis\u00f3 la planificaci\u00f3n y el desarrollo de Norris, Tennessee, una nueva ciudad que se construy\u00f3 desde cero en terrenos arrendados, dise\u00f1ada seg\u00fan los principios tomados de Ebenezer Howard y las Ciudades Jard\u00edn de Inglaterra.  <\/p>\n\n<h2 class=\"wp-block-heading\"><strong>Fechas clave<\/strong><\/h2>\n\n<p><strong>1850<\/strong>: Nace en Londres Ebenezer Howard.<\/p>\n\n<p><strong>1871<\/strong>: A los 21 a\u00f1os, Howard emigra con dos amigos a Am\u00e9rica, probando suerte en la agricultura en Nebraska.<\/p>\n\n<p><strong>1876<\/strong>: Howard regresa a Inglaterra y se incorpora a una empresa que elabora informes parlamentarios.<\/p>\n\n<p><strong>1898<\/strong>: Howard publica <em>Ma\u00f1ana: Un camino pac\u00edfico hacia la reforma real<\/em>.<\/p>\n\n<p><strong>1899<\/strong>: Howard funda la Asociaci\u00f3n de Ciudades Jard\u00edn, hoy conocida como Asociaci\u00f3n de Planificaci\u00f3n Urbana y Rural.<\/p>\n\n<p><strong>1902<\/strong>: El libro de Howard de 1898 es revisado y reeditado con un nuevo t\u00edtulo, <em>Ciudades jard\u00edn del ma\u00f1ana<\/em>.<\/p>\n\n<p><strong>1903: <\/strong>Se funda Letchworth Garden City, situada a 35 millas al norte de Londres.<\/p>\n\n<p><strong>1904<\/strong>: En marzo, Barry Parker y Raymond Unwin son nombrados arquitectos consultores para supervisar el dise\u00f1o y desarrollo de Letchworth.<\/p>\n\n<p><strong>1905<\/strong>: Howard se traslada a Letchworth.<\/p>\n\n<p><strong>1911<\/strong>: Howard se traslada a una cooperativa de viviendas de capital limitado en Letchworth, conocida como <em>Homesgarth<\/em>.<\/p>\n\n<p><strong>1920<\/strong>: Se funda Welwyn Garden City.<\/p>\n\n<p><strong>1924<\/strong>: Sunnyside Gardens se desarrolla como una comunidad planificada sobre los principios de Garden City en Queens, Nueva York.<\/p>\n\n<p><strong>1925<\/strong>: La National Biscuit Company inicia la producci\u00f3n de trigo rallado en su nueva f\u00e1brica de Welwyn Garden City, empleando a 100 trabajadores.<\/p>\n\n<p><strong>1928<\/strong>: Ebenezer Howard muere a la edad de 78 a\u00f1os.<\/p>\n\n<p><strong>1929<\/strong>: Se funda la nueva ciudad de Radburn, Nueva Jersey. Sus planificadores -Clarence Stein, Henry Wright y Marjorie Sewell Cautley- incorporan los principios de Ciudad Jard\u00edn al dise\u00f1o de Radburn. <\/p>\n\n<p><strong>1933<\/strong>: La Autoridad del Valle del Tennessee (TVA) crea Norris, Tennessee, para alojar a los trabajadores que construyen la presa de Norris en el r\u00edo Clinch. El dise\u00f1o de la ciudad -y su forma de arrendamiento de la propiedad de la tierra- se basa en las Ciudades Jard\u00edn de Howard. <\/p>\n\n<p><strong>1935<\/strong>: Comienza la planificaci\u00f3n y el desarrollo de tres nuevas ciudades bajo la direcci\u00f3n de Rexford Guy Tugwell, jefe de la Administraci\u00f3n de Reasentamientos de Estados Unidos. Tres de estas &#8220;ciudades del cintur\u00f3n verde&#8221; se construyen finalmente siguiendo un modelo similar al de las Ciudades Jard\u00edn de Inglaterra: Greendale, Wisconsin; Greenbelt, Maryland; y Greenhills, Ohio. <strong> <\/strong><\/p>\n\n<h2 class=\"wp-block-heading\"><strong>Otras lecturas<\/strong><\/h2>\n\n<ul class=\"wp-block-list\">\n<li>Peter Hall, <em>Cities of Tomorrow<\/em>, 3\u00aa ed. (Malden, Massachusetts: Blackwell, 2002). <\/li>\n\n\n\n<li>Peter Hall y C. Ward, <em>Ciudades sociables: el legado de Ebenezer<\/em> Howard, Chichester: John Wiley &amp; Sons, 1998).<\/li>\n\n\n\n<li>Dennis Hardy, <em>Inglaterra ut\u00f3pica: Community Experiments 1900-1945<\/em> (Londres\/Nueva York: Routledge, 2000).<\/li>\n\n\n\n<li>Ebenezer Howard, <em>Garden Cities of To-Morrow<\/em> (Cambridge MA: MIT Press, 1965).<\/li>\n\n\n\n<li>Philip Ross e Yves Cabannes, <em>21st Century Garden Cities of To-<a href=\"http:\/\/www.gregoryrosenberg.net\/clt\/wp-content\/uploads\/sites\/3\/2013\/10\/RossCabannes-Book-cover.jpg\"><\/a>morrow: Un Manifiesto<\/em>(Letchworth Garden City: New Garden City Movement, 2014.)<\/li>\n<\/ul>\n\n<h2 class=\"wp-block-heading\"><strong>Enlaces<\/strong><\/h2>\n\n<ul class=\"wp-block-list\">\n<li><a href=\"http:\/\/www.letchworthgc.com\/\" target=\"_blank\" rel=\"noreferrer noopener\">Fundaci\u00f3n del Patrimonio: Letchworth Garden City<\/a><\/li>\n\n\n\n<li><a href=\"http:\/\/letchworthgardencity.com\/\" target=\"_blank\" rel=\"noreferrer noopener\">Letchworth Garden City<\/a><\/li>\n\n\n\n<li><a href=\"http:\/\/www.newgardencitymovement.org.uk\/\" target=\"_blank\" rel=\"noreferrer noopener\">Movimiento Nueva Ciudad Jard\u00edn<\/a><\/li>\n\n\n\n<li>Norman Lucey, &#8220;<a href=\"http:\/\/www.rickmansworthherts.freeserve.co.uk\/howard1.htm\" target=\"_blank\" rel=\"noreferrer noopener\">El efecto de Sir Ebenezer Howard y el movimiento de las ciudades jard\u00edn en el urbanismo del siglo XX<\/a>&#8220;<\/li>\n\n\n\n<li><a href=\"http:\/\/www.ourwelwyngardencity.org.uk\/\" target=\"_blank\" rel=\"noreferrer noopener\">Nuestra Welwyn Garden City<\/a><\/li>\n\n\n\n<li><a href=\"http:\/\/en.wikipedia.org\/wiki\/Ebenezer_Howard\" target=\"_blank\" rel=\"noreferrer noopener\">Entrada de Wikipedia sobre Ebenezer Howard<\/a><\/li>\n\n\n\n<li><a href=\"http:\/\/en.wikipedia.org\/wiki\/Garden_city_movement\" target=\"_blank\" rel=\"noreferrer noopener\">Entrada de Wikipedia sobre el Movimiento Ciudad Jard\u00edn<\/a><\/li>\n<\/ul>\n","protected":false},"excerpt":{"rendered":"<p>En 1898, un ingl\u00e9s autodidacta llamado Ebenezer Howard, que hab\u00eda recibido la influencia de los escritos de Edward Bellamy y Henry George, public\u00f3 Ma\u00f1ana: Un camino pac\u00edfico hacia la reforma [&hellip;]<\/p>\n","protected":false},"author":1,"featured_media":0,"parent":1700,"menu_order":0,"comment_status":"closed","ping_status":"closed","template":"","meta":{"give_campaign_id":0,"_tec_requires_first_save":true,"_kad_blocks_custom_css":"","_kad_blocks_head_custom_js":"","_kad_blocks_body_custom_js":"","_kad_blocks_footer_custom_js":"","_EventAllDay":false,"_EventTimezone":"","_EventStartDate":"","_EventEndDate":"","_EventStartDateUTC":"","_EventEndDateUTC":"","_EventShowMap":false,"_EventShowMapLink":false,"_EventURL":"","_EventCost":"","_EventCostDescription":"","_EventCurrencySymbol":"","_EventCurrencyCode":"","_EventCurrencyPosition":"","_EventDateTimeSeparator":"","_EventTimeRangeSeparator":"","_EventOrganizerID":[],"_EventVenueID":[],"_OrganizerEmail":"","_OrganizerPhone":"","_OrganizerWebsite":"","_VenueAddress":"","_VenueCity":"","_VenueCountry":"","_VenueProvince":"","_VenueState":"","_VenueZip":"","_VenuePhone":"","_VenueURL":"","_VenueStateProvince":"","_VenueLat":"","_VenueLng":"","_VenueShowMap":false,"_VenueShowMapLink":false,"_tribe_blocks_recurrence_rules":"","_tribe_blocks_recurrence_description":"","_tribe_blocks_recurrence_exclusions":"","footnotes":""},"categories":[192],"tags":[],"class_list":["post-4201","page","type-page","status-publish","hentry","category-precursores-internacionales"],"blocksy_meta":[],"yoast_head":"<!-- This site is optimized with the Yoast SEO Premium plugin v27.6 (Yoast SEO v27.6) - https:\/\/yoast.com\/product\/yoast-seo-premium-wordpress\/ -->\n<title>Ciudades jard\u00edn - International Center for Community Land Trusts<\/title>\n<meta name=\"robots\" content=\"index, follow, max-snippet:-1, max-image-preview:large, max-video-preview:-1\" \/>\n<link rel=\"canonical\" href=\"https:\/\/www.cltweb.org\/es\/biblioteca-de-recursos\/raices-del-clt\/precursores-internacionales\/ciudades-jardin\/\" \/>\n<meta property=\"og:locale\" content=\"es_ES\" \/>\n<meta property=\"og:type\" content=\"article\" \/>\n<meta property=\"og:title\" content=\"Ciudades jard\u00edn\" \/>\n<meta property=\"og:description\" content=\"En 1898, un ingl\u00e9s autodidacta llamado Ebenezer Howard, que hab\u00eda recibido la influencia de los escritos de Edward Bellamy y Henry George, public\u00f3 Ma\u00f1ana: Un camino pac\u00edfico hacia la reforma [&hellip;]\" \/>\n<meta property=\"og:url\" content=\"https:\/\/www.cltweb.org\/es\/biblioteca-de-recursos\/raices-del-clt\/precursores-internacionales\/ciudades-jardin\/\" \/>\n<meta property=\"og:site_name\" content=\"International Center for Community Land Trusts\" \/>\n<meta property=\"article:publisher\" content=\"https:\/\/www.facebook.com\/cltcenter\" \/>\n<meta property=\"article:modified_time\" content=\"2024-10-22T19:00:32+00:00\" \/>\n<meta name=\"twitter:card\" content=\"summary_large_image\" \/>\n<meta name=\"twitter:site\" content=\"@Center4CLTs\" \/>\n<meta name=\"twitter:label1\" content=\"Tiempo de lectura\" \/>\n\t<meta name=\"twitter:data1\" content=\"4 minutos\" \/>\n<script type=\"application\/ld+json\" class=\"yoast-schema-graph\">{\"@context\":\"https:\\\/\\\/schema.org\",\"@graph\":[{\"@type\":\"WebPage\",\"@id\":\"https:\\\/\\\/www.cltweb.org\\\/es\\\/biblioteca-de-recursos\\\/raices-del-clt\\\/precursores-internacionales\\\/ciudades-jardin\\\/\",\"url\":\"https:\\\/\\\/www.cltweb.org\\\/es\\\/biblioteca-de-recursos\\\/raices-del-clt\\\/precursores-internacionales\\\/ciudades-jardin\\\/\",\"name\":\"Ciudades jard\u00edn - International Center for Community Land Trusts\",\"isPartOf\":{\"@id\":\"https:\\\/\\\/www.cltweb.org\\\/es\\\/#website\"},\"datePublished\":\"2024-10-22T17:52:20+00:00\",\"dateModified\":\"2024-10-22T19:00:32+00:00\",\"breadcrumb\":{\"@id\":\"https:\\\/\\\/www.cltweb.org\\\/es\\\/biblioteca-de-recursos\\\/raices-del-clt\\\/precursores-internacionales\\\/ciudades-jardin\\\/#breadcrumb\"},\"inLanguage\":\"es\",\"potentialAction\":[{\"@type\":\"ReadAction\",\"target\":[\"https:\\\/\\\/www.cltweb.org\\\/es\\\/biblioteca-de-recursos\\\/raices-del-clt\\\/precursores-internacionales\\\/ciudades-jardin\\\/\"]}]},{\"@type\":\"BreadcrumbList\",\"@id\":\"https:\\\/\\\/www.cltweb.org\\\/es\\\/biblioteca-de-recursos\\\/raices-del-clt\\\/precursores-internacionales\\\/ciudades-jardin\\\/#breadcrumb\",\"itemListElement\":[{\"@type\":\"ListItem\",\"position\":1,\"name\":\"Home\",\"item\":\"https:\\\/\\\/www.cltweb.org\\\/es\\\/\"},{\"@type\":\"ListItem\",\"position\":2,\"name\":\"Biblioteca de recursos\",\"item\":\"https:\\\/\\\/www.cltweb.org\\\/es\\\/biblioteca-de-recursos\\\/\"},{\"@type\":\"ListItem\",\"position\":3,\"name\":\"Ra\u00edces del CLT\",\"item\":\"https:\\\/\\\/www.cltweb.org\\\/es\\\/biblioteca-de-recursos\\\/raices-del-clt\\\/\"},{\"@type\":\"ListItem\",\"position\":4,\"name\":\"Precursores internacionales\",\"item\":\"https:\\\/\\\/www.cltweb.org\\\/es\\\/biblioteca-de-recursos\\\/raices-del-clt\\\/precursores-internacionales\\\/\"},{\"@type\":\"ListItem\",\"position\":5,\"name\":\"Ciudades jard\u00edn\"}]},{\"@type\":\"WebSite\",\"@id\":\"https:\\\/\\\/www.cltweb.org\\\/es\\\/#website\",\"url\":\"https:\\\/\\\/www.cltweb.org\\\/es\\\/\",\"name\":\"International Center for Community Land Trusts\",\"description\":\"\",\"publisher\":{\"@id\":\"https:\\\/\\\/www.cltweb.org\\\/es\\\/#organization\"},\"potentialAction\":[{\"@type\":\"SearchAction\",\"target\":{\"@type\":\"EntryPoint\",\"urlTemplate\":\"https:\\\/\\\/www.cltweb.org\\\/es\\\/?s={search_term_string}\"},\"query-input\":{\"@type\":\"PropertyValueSpecification\",\"valueRequired\":true,\"valueName\":\"search_term_string\"}}],\"inLanguage\":\"es\"},{\"@type\":\"Organization\",\"@id\":\"https:\\\/\\\/www.cltweb.org\\\/es\\\/#organization\",\"name\":\"International Center for Community Land Trusts\",\"url\":\"https:\\\/\\\/www.cltweb.org\\\/es\\\/\",\"logo\":{\"@type\":\"ImageObject\",\"inLanguage\":\"es\",\"@id\":\"https:\\\/\\\/www.cltweb.org\\\/es\\\/#\\\/schema\\\/logo\\\/image\\\/\",\"url\":\"https:\\\/\\\/www.cltweb.org\\\/wp-content\\\/uploads\\\/2024\\\/11\\\/New-CLT-Center-Text-logo.png\",\"contentUrl\":\"https:\\\/\\\/www.cltweb.org\\\/wp-content\\\/uploads\\\/2024\\\/11\\\/New-CLT-Center-Text-logo.png\",\"width\":227,\"height\":80,\"caption\":\"International Center for Community Land Trusts\"},\"image\":{\"@id\":\"https:\\\/\\\/www.cltweb.org\\\/es\\\/#\\\/schema\\\/logo\\\/image\\\/\"},\"sameAs\":[\"https:\\\/\\\/www.facebook.com\\\/cltcenter\",\"https:\\\/\\\/x.com\\\/Center4CLTs\",\"https:\\\/\\\/www.instagram.com\\\/cltcenter\\\/\",\"https:\\\/\\\/www.linkedin.com\\\/company\\\/cltcenter\",\"https:\\\/\\\/www.youtube.com\\\/@centerforcltinnovation5313\"],\"description\":\"The International Center for Community Land Trusts is a not-for-profit nongovernmental organization established in 2018 to promote and to support community land trusts and similar strategies of community-led development on community-owned land in countries throughout the world.\",\"email\":\"info@communitylandtrust.net\",\"legalName\":\"International Center for Community Land Trusts\",\"foundingDate\":\"2018-12-01\",\"taxID\":\"84-3858933\",\"numberOfEmployees\":{\"@type\":\"QuantitativeValue\",\"minValue\":\"1\",\"maxValue\":\"10\"}}]}<\/script>\n<!-- \/ Yoast SEO Premium plugin. -->","yoast_head_json":{"title":"Ciudades jard\u00edn - International Center for Community Land Trusts","robots":{"index":"index","follow":"follow","max-snippet":"max-snippet:-1","max-image-preview":"max-image-preview:large","max-video-preview":"max-video-preview:-1"},"canonical":"https:\/\/www.cltweb.org\/es\/biblioteca-de-recursos\/raices-del-clt\/precursores-internacionales\/ciudades-jardin\/","og_locale":"es_ES","og_type":"article","og_title":"Ciudades jard\u00edn","og_description":"En 1898, un ingl\u00e9s autodidacta llamado Ebenezer Howard, que hab\u00eda recibido la influencia de los escritos de Edward Bellamy y Henry George, public\u00f3 Ma\u00f1ana: Un camino pac\u00edfico hacia la reforma [&hellip;]","og_url":"https:\/\/www.cltweb.org\/es\/biblioteca-de-recursos\/raices-del-clt\/precursores-internacionales\/ciudades-jardin\/","og_site_name":"International Center for Community Land Trusts","article_publisher":"https:\/\/www.facebook.com\/cltcenter","article_modified_time":"2024-10-22T19:00:32+00:00","twitter_card":"summary_large_image","twitter_site":"@Center4CLTs","twitter_misc":{"Tiempo de lectura":"4 minutos"},"schema":{"@context":"https:\/\/schema.org","@graph":[{"@type":"WebPage","@id":"https:\/\/www.cltweb.org\/es\/biblioteca-de-recursos\/raices-del-clt\/precursores-internacionales\/ciudades-jardin\/","url":"https:\/\/www.cltweb.org\/es\/biblioteca-de-recursos\/raices-del-clt\/precursores-internacionales\/ciudades-jardin\/","name":"Ciudades jard\u00edn - International Center for Community Land Trusts","isPartOf":{"@id":"https:\/\/www.cltweb.org\/es\/#website"},"datePublished":"2024-10-22T17:52:20+00:00","dateModified":"2024-10-22T19:00:32+00:00","breadcrumb":{"@id":"https:\/\/www.cltweb.org\/es\/biblioteca-de-recursos\/raices-del-clt\/precursores-internacionales\/ciudades-jardin\/#breadcrumb"},"inLanguage":"es","potentialAction":[{"@type":"ReadAction","target":["https:\/\/www.cltweb.org\/es\/biblioteca-de-recursos\/raices-del-clt\/precursores-internacionales\/ciudades-jardin\/"]}]},{"@type":"BreadcrumbList","@id":"https:\/\/www.cltweb.org\/es\/biblioteca-de-recursos\/raices-del-clt\/precursores-internacionales\/ciudades-jardin\/#breadcrumb","itemListElement":[{"@type":"ListItem","position":1,"name":"Home","item":"https:\/\/www.cltweb.org\/es\/"},{"@type":"ListItem","position":2,"name":"Biblioteca de recursos","item":"https:\/\/www.cltweb.org\/es\/biblioteca-de-recursos\/"},{"@type":"ListItem","position":3,"name":"Ra\u00edces del CLT","item":"https:\/\/www.cltweb.org\/es\/biblioteca-de-recursos\/raices-del-clt\/"},{"@type":"ListItem","position":4,"name":"Precursores internacionales","item":"https:\/\/www.cltweb.org\/es\/biblioteca-de-recursos\/raices-del-clt\/precursores-internacionales\/"},{"@type":"ListItem","position":5,"name":"Ciudades jard\u00edn"}]},{"@type":"WebSite","@id":"https:\/\/www.cltweb.org\/es\/#website","url":"https:\/\/www.cltweb.org\/es\/","name":"International Center for Community Land Trusts","description":"","publisher":{"@id":"https:\/\/www.cltweb.org\/es\/#organization"},"potentialAction":[{"@type":"SearchAction","target":{"@type":"EntryPoint","urlTemplate":"https:\/\/www.cltweb.org\/es\/?s={search_term_string}"},"query-input":{"@type":"PropertyValueSpecification","valueRequired":true,"valueName":"search_term_string"}}],"inLanguage":"es"},{"@type":"Organization","@id":"https:\/\/www.cltweb.org\/es\/#organization","name":"International Center for Community Land Trusts","url":"https:\/\/www.cltweb.org\/es\/","logo":{"@type":"ImageObject","inLanguage":"es","@id":"https:\/\/www.cltweb.org\/es\/#\/schema\/logo\/image\/","url":"https:\/\/www.cltweb.org\/wp-content\/uploads\/2024\/11\/New-CLT-Center-Text-logo.png","contentUrl":"https:\/\/www.cltweb.org\/wp-content\/uploads\/2024\/11\/New-CLT-Center-Text-logo.png","width":227,"height":80,"caption":"International Center for Community Land Trusts"},"image":{"@id":"https:\/\/www.cltweb.org\/es\/#\/schema\/logo\/image\/"},"sameAs":["https:\/\/www.facebook.com\/cltcenter","https:\/\/x.com\/Center4CLTs","https:\/\/www.instagram.com\/cltcenter\/","https:\/\/www.linkedin.com\/company\/cltcenter","https:\/\/www.youtube.com\/@centerforcltinnovation5313"],"description":"The International Center for Community Land Trusts is a not-for-profit nongovernmental organization established in 2018 to promote and to support community land trusts and similar strategies of community-led development on community-owned land in countries throughout the world.","email":"info@communitylandtrust.net","legalName":"International Center for Community Land Trusts","foundingDate":"2018-12-01","taxID":"84-3858933","numberOfEmployees":{"@type":"QuantitativeValue","minValue":"1","maxValue":"10"}}]}},"campaignId":"","taxonomy_info":{"category":[{"value":192,"label":"Precursores internacionales"}]},"featured_image_src_large":false,"author_info":{"display_name":"cltredesign_0jp0l4","author_link":"https:\/\/www.cltweb.org\/es\/author\/cltredesign_0jp0l4\/"},"comment_info":0,"jetpack_sharing_enabled":true,"jetpack-related-posts":[{"id":4207,"url":"https:\/\/www.cltweb.org\/fr\/bibliotheque-de-ressources\/les-racines-du-clt\/precurseurs-internationaux\/villes-jardins\/","url_meta":{"origin":4201,"position":0},"title":"Villes-jardins en Angleterre","author":"cltredesign_0jp0l4","date":"22 de octubre de 2024","format":false,"excerpt":"En 1898, un Anglais autodidacte du nom d'Ebenezer Howard, influenc\u00e9 par les \u00e9crits d'Edward Bellamy et d'Henry George, publie Tomorrow : A Peaceful Path to Real Reform. R\u00e9vis\u00e9 et r\u00e9\u00e9dit\u00e9 en 1902 sous un nouveau titre, Garden Cities of To-Morrow, le livre d'Howard est devenu un texte fondateur dans le\u2026","rel":"","context":"En \u00abPr\u00e9curseurs internationaux\u00bb","block_context":{"text":"Pr\u00e9curseurs internationaux","link":"https:\/\/www.cltweb.org\/fr\/category\/precurseurs-internationaux\/"},"img":{"alt_text":"","src":"","width":0,"height":0},"classes":[]},{"id":1638,"url":"https:\/\/www.cltweb.org\/fr\/terra-nostra-press\/catalogue\/en-terreno-comun-perspectivas-internacionales-sobre-los-fideicomisos-comunitarios-de-tierras\/","url_meta":{"origin":4201,"position":1},"title":"En territoire commun","author":"cltredesign_0jp0l4","date":"29 de julio de 2024","format":false,"excerpt":"En terreno com\u00fan : Perspectivas internacionales sobre los fideicomisos comunitarios de tierras L'habitat repr\u00e9sente plus qu'un lieu de vie. L'habitat digne est n\u00e9cessaire \u00e0 l'exercice des droits fondamentaux tels que la sant\u00e9 et l'\u00e9ducation. Le th\u00e8me de la propri\u00e9t\u00e9 de la terre est li\u00e9 \u00e0 celui de la vie. \u00c0\u2026","rel":"","context":"En \u00abCatalogue\u00bb","block_context":{"text":"Catalogue","link":"https:\/\/www.cltweb.org\/fr\/category\/catalogue\/"},"img":{"alt_text":"Cover for en terreno comun","src":"https:\/\/i0.wp.com\/www.cltweb.org\/wp-content\/uploads\/2024\/10\/En-terreno-comun-cover.jpg?resize=350%2C200&ssl=1","width":350,"height":200},"classes":[]},{"id":1698,"url":"https:\/\/www.cltweb.org\/fr\/bibliotheque-de-ressources\/les-racines-du-clt\/precurseurs-internationaux\/","url_meta":{"origin":4201,"position":2},"title":"Pr\u00e9curseurs internationaux","author":"cltredesign_0jp0l4","date":"29 de julio de 2024","format":false,"excerpt":"Introduction La fiducie fonci\u00e8re communautaire s'inspire largement de concepts th\u00e9oriques et d'exp\u00e9riences pratiques en mati\u00e8re de location de terrains qui ont vu le jour en dehors des \u00c9tats-Unis. Dans certains cas, ces \"graines import\u00e9es\" ont directement influenc\u00e9 la r\u00e9flexion et le bricolage des Am\u00e9ricains qui ont cr\u00e9\u00e9 des pr\u00e9curseurs et\u2026","rel":"","context":"En \u00abLes racines du CLT\u00bb","block_context":{"text":"Les racines du CLT","link":"https:\/\/www.cltweb.org\/fr\/category\/les-racines-du-clt\/"},"img":{"alt_text":"","src":"","width":0,"height":0},"classes":[]},{"id":1770,"url":"https:\/\/www.cltweb.org\/fr\/bibliotheque-de-ressources\/chronologie-du-mouvement-clt\/","url_meta":{"origin":4201,"position":3},"title":"Chronologie du mouvement CLT","author":"cltredesign_0jp0l4","date":"26 de julio de 2024","format":false,"excerpt":"L'International Center for Community Land Trusts a \u00e9labor\u00e9 une ligne du temps qui retrace le pedigree intellectuel et politique du mouvement international des community land trusts. Le CLT moderne est d\u00e9riv\u00e9 de New Communities Inc, un prototype lanc\u00e9 dans les ann\u00e9es 1970 par des militants afro-am\u00e9ricains des droits civiques aux\u2026","rel":"","context":"En \u00abHistoire du mouvement\u00bb","block_context":{"text":"Histoire du mouvement","link":"https:\/\/www.cltweb.org\/fr\/category\/histoire-du-mouvement\/"},"img":{"alt_text":"","src":"","width":0,"height":0},"classes":[]},{"id":3748,"url":"https:\/\/www.cltweb.org\/fr\/bibliotheque-de-ressources\/sud-mondial\/bresil\/","url_meta":{"origin":4201,"position":4},"title":"Br\u00e9sil","author":"cltredesign_0jp0l4","date":"19 de octubre de 2024","format":false,"excerpt":"Terme Territorial ColetivoSous l'impulsion de Catalytic Communities, des fiducies fonci\u00e8res communautaires ont \u00e9t\u00e9 cr\u00e9\u00e9es \u00e0 Rio de Janeiro et un nouveau mouvement national est en train de voir le jour. Le projet br\u00e9silien de fiducie fonci\u00e8re communautaire pour les favelas(Termo Territorial Coletivo), d\u00e9velopp\u00e9 par Catalytic Communities en partenariat avec plusieurs\u2026","rel":"","context":"En \u00abSud mondial\u00bb","block_context":{"text":"Sud mondial","link":"https:\/\/www.cltweb.org\/fr\/category\/sud-mondial\/"},"img":{"alt_text":"","src":"https:\/\/i0.wp.com\/www.cltweb.org\/wp-content\/uploads\/2024\/10\/TTC-logo.png?resize=350%2C200&ssl=1","width":350,"height":200},"classes":[]},{"id":8731,"url":"https:\/\/www.cltweb.org\/fr\/bibliotheque-de-ressources\/agriculture\/le-role-des-fiducies-foncieres\/fonds-fonciers-communautaires\/","url_meta":{"origin":4201,"position":5},"title":"Fonds fonciers communautaires","author":"cltredesign_0jp0l4","date":"2 de febrero de 2025","format":false,"excerpt":"Depuis les ann\u00e9es 1960, le Community Land Trust a \u00e9t\u00e9 d\u00e9velopp\u00e9 pour soutenir le logement abordable aux \u00c9tats-Unis. Dans le secteur du logement, le mod\u00e8le CLT combine deux innovations fondamentales en mati\u00e8re de gouvernance fonci\u00e8re. La premi\u00e8re innovation consiste \u00e0 s\u00e9parer la propri\u00e9t\u00e9 d'un logement de la propri\u00e9t\u00e9 du terrain\u2026","rel":"","context":"Entrada similar","block_context":{"text":"Entrada similar","link":""},"img":{"alt_text":"","src":"","width":0,"height":0},"classes":[]}],"_links":{"self":[{"href":"https:\/\/www.cltweb.org\/es\/wp-json\/wp\/v2\/pages\/4201","targetHints":{"allow":["GET"]}}],"collection":[{"href":"https:\/\/www.cltweb.org\/es\/wp-json\/wp\/v2\/pages"}],"about":[{"href":"https:\/\/www.cltweb.org\/es\/wp-json\/wp\/v2\/types\/page"}],"author":[{"embeddable":true,"href":"https:\/\/www.cltweb.org\/es\/wp-json\/wp\/v2\/users\/1"}],"replies":[{"embeddable":true,"href":"https:\/\/www.cltweb.org\/es\/wp-json\/wp\/v2\/comments?post=4201"}],"version-history":[{"count":5,"href":"https:\/\/www.cltweb.org\/es\/wp-json\/wp\/v2\/pages\/4201\/revisions"}],"predecessor-version":[{"id":4240,"href":"https:\/\/www.cltweb.org\/es\/wp-json\/wp\/v2\/pages\/4201\/revisions\/4240"}],"up":[{"embeddable":true,"href":"https:\/\/www.cltweb.org\/es\/wp-json\/wp\/v2\/pages\/1700"}],"wp:attachment":[{"href":"https:\/\/www.cltweb.org\/es\/wp-json\/wp\/v2\/media?parent=4201"}],"wp:term":[{"taxonomy":"category","embeddable":true,"href":"https:\/\/www.cltweb.org\/es\/wp-json\/wp\/v2\/categories?post=4201"},{"taxonomy":"post_tag","embeddable":true,"href":"https:\/\/www.cltweb.org\/es\/wp-json\/wp\/v2\/tags?post=4201"}],"curies":[{"name":"wp","href":"https:\/\/api.w.org\/{rel}","templated":true}]}}