{"id":4354,"date":"2024-10-22T19:33:10","date_gmt":"2024-10-22T19:33:10","guid":{"rendered":"https:\/\/www.cltweb.org\/biblioteca-de-recursos\/entrevistas\/pioneros-de-las-nuevas-comunidades\/"},"modified":"2024-10-23T20:09:46","modified_gmt":"2024-10-23T20:09:46","slug":"pioneros-de-las-nuevas-comunidades","status":"publish","type":"page","link":"https:\/\/www.cltweb.org\/es\/biblioteca-de-recursos\/entrevistas\/pioneros-de-las-nuevas-comunidades\/","title":{"rendered":"Pioneros de las nuevas comunidades (1971)"},"content":{"rendered":"<a href=\"https:\/\/www.cltweb.org\/wp-content\/uploads\/2024\/10\/Motive-Magazine-NewCommunitiesInterview-1971.pdf\" class=\"pdfemb-viewer\" style=\"\" data-width=\"max\" data-height=\"max\" data-toolbar=\"both\" data-toolbar-fixed=\"off\">Motive-Magazine-NewCommunitiesInterview-1971<\/a>","protected":false},"excerpt":{"rendered":"<p>A lo largo de los a\u00f1os, algunos l\u00edderes destacados de New Communities Inc. (NCI) han aparecido en prensa y cine. Rara vez se han escuchado las voces de participantes menos conocidos en esta inspiradora historia. Una excepci\u00f3n es una rara entrevista realizada por Ed Feaver en 1971, un a\u00f1o despu\u00e9s de que Nuevas Comunidades hubiera completado la compra de 5.735 acres de terreno rural cerca de Albany, Georgia. Ocho personas que entonces se organizaban en nombre de NCI, formaban parte de su junta directiva, cultivaban las tierras de NCI o esperaban en la cola para tener la oportunidad de vivir en ellas, expresaron sus esperanzas personales para el viaje que les aguardaba.   <\/p>\n","protected":false},"author":1,"featured_media":0,"parent":4031,"menu_order":1,"comment_status":"closed","ping_status":"closed","template":"","meta":{"give_campaign_id":0,"_tec_requires_first_save":true,"_kad_blocks_custom_css":"","_kad_blocks_head_custom_js":"","_kad_blocks_body_custom_js":"","_kad_blocks_footer_custom_js":"","_EventAllDay":false,"_EventTimezone":"","_EventStartDate":"","_EventEndDate":"","_EventStartDateUTC":"","_EventEndDateUTC":"","_EventShowMap":false,"_EventShowMapLink":false,"_EventURL":"","_EventCost":"","_EventCostDescription":"","_EventCurrencySymbol":"","_EventCurrencyCode":"","_EventCurrencyPosition":"","_EventDateTimeSeparator":"","_EventTimeRangeSeparator":"","_EventOrganizerID":[],"_EventVenueID":[],"_OrganizerEmail":"","_OrganizerPhone":"","_OrganizerWebsite":"","_VenueAddress":"","_VenueCity":"","_VenueCountry":"","_VenueProvince":"","_VenueState":"","_VenueZip":"","_VenuePhone":"","_VenueURL":"","_VenueStateProvince":"","_VenueLat":"","_VenueLng":"","_VenueShowMap":false,"_VenueShowMapLink":false,"_tribe_blocks_recurrence_rules":"","_tribe_blocks_recurrence_description":"","_tribe_blocks_recurrence_exclusions":"","footnotes":""},"categories":[205],"tags":[],"class_list":["post-4354","page","type-page","status-publish","hentry","category-entrevistas"],"blocksy_meta":[],"yoast_head":"<!-- This site is optimized with the Yoast SEO Premium plugin v27.4 (Yoast SEO v27.5) - https:\/\/yoast.com\/product\/yoast-seo-premium-wordpress\/ -->\n<title>Pioneros de las nuevas comunidades (1971) - International Center for Community Land Trusts<\/title>\n<meta name=\"robots\" content=\"index, follow, max-snippet:-1, max-image-preview:large, max-video-preview:-1\" \/>\n<link rel=\"canonical\" href=\"https:\/\/www.cltweb.org\/es\/biblioteca-de-recursos\/entrevistas\/pioneros-de-las-nuevas-comunidades\/\" \/>\n<meta property=\"og:locale\" content=\"es_ES\" \/>\n<meta property=\"og:type\" content=\"article\" \/>\n<meta property=\"og:title\" content=\"Pioneros de las nuevas comunidades (1971)\" \/>\n<meta property=\"og:description\" content=\"A lo largo de los a\u00f1os, algunos l\u00edderes destacados de New Communities Inc. (NCI) han aparecido en prensa y cine. Rara vez se han escuchado las voces de participantes menos conocidos en esta inspiradora historia. Una excepci\u00f3n es una rara entrevista realizada por Ed Feaver en 1971, un a\u00f1o despu\u00e9s de que Nuevas Comunidades hubiera completado la compra de 5.735 acres de terreno rural cerca de Albany, Georgia. Ocho personas que entonces se organizaban en nombre de NCI, formaban parte de su junta directiva, cultivaban las tierras de NCI o esperaban en la cola para tener la oportunidad de vivir en ellas, expresaron sus esperanzas personales para el viaje que les aguardaba.\" \/>\n<meta property=\"og:url\" content=\"https:\/\/www.cltweb.org\/es\/biblioteca-de-recursos\/entrevistas\/pioneros-de-las-nuevas-comunidades\/\" \/>\n<meta property=\"og:site_name\" content=\"International Center for Community Land Trusts\" \/>\n<meta property=\"article:publisher\" content=\"https:\/\/www.facebook.com\/cltcenter\" \/>\n<meta property=\"article:modified_time\" content=\"2024-10-23T20:09:46+00:00\" \/>\n<meta name=\"twitter:card\" content=\"summary_large_image\" \/>\n<meta name=\"twitter:site\" content=\"@Center4CLTs\" \/>\n<script type=\"application\/ld+json\" class=\"yoast-schema-graph\">{\"@context\":\"https:\\\/\\\/schema.org\",\"@graph\":[{\"@type\":\"WebPage\",\"@id\":\"https:\\\/\\\/www.cltweb.org\\\/es\\\/biblioteca-de-recursos\\\/entrevistas\\\/pioneros-de-las-nuevas-comunidades\\\/\",\"url\":\"https:\\\/\\\/www.cltweb.org\\\/es\\\/biblioteca-de-recursos\\\/entrevistas\\\/pioneros-de-las-nuevas-comunidades\\\/\",\"name\":\"Pioneros de las nuevas comunidades (1971) - International Center for Community Land Trusts\",\"isPartOf\":{\"@id\":\"https:\\\/\\\/www.cltweb.org\\\/es\\\/#website\"},\"datePublished\":\"2024-10-22T19:33:10+00:00\",\"dateModified\":\"2024-10-23T20:09:46+00:00\",\"breadcrumb\":{\"@id\":\"https:\\\/\\\/www.cltweb.org\\\/es\\\/biblioteca-de-recursos\\\/entrevistas\\\/pioneros-de-las-nuevas-comunidades\\\/#breadcrumb\"},\"inLanguage\":\"es\",\"potentialAction\":[{\"@type\":\"ReadAction\",\"target\":[\"https:\\\/\\\/www.cltweb.org\\\/es\\\/biblioteca-de-recursos\\\/entrevistas\\\/pioneros-de-las-nuevas-comunidades\\\/\"]}]},{\"@type\":\"BreadcrumbList\",\"@id\":\"https:\\\/\\\/www.cltweb.org\\\/es\\\/biblioteca-de-recursos\\\/entrevistas\\\/pioneros-de-las-nuevas-comunidades\\\/#breadcrumb\",\"itemListElement\":[{\"@type\":\"ListItem\",\"position\":1,\"name\":\"Home\",\"item\":\"https:\\\/\\\/www.cltweb.org\\\/es\\\/\"},{\"@type\":\"ListItem\",\"position\":2,\"name\":\"Biblioteca de recursos\",\"item\":\"https:\\\/\\\/www.cltweb.org\\\/es\\\/biblioteca-de-recursos\\\/\"},{\"@type\":\"ListItem\",\"position\":3,\"name\":\"Entrevistas\",\"item\":\"https:\\\/\\\/www.cltweb.org\\\/es\\\/biblioteca-de-recursos\\\/entrevistas\\\/\"},{\"@type\":\"ListItem\",\"position\":4,\"name\":\"Pioneros de las nuevas comunidades (1971)\"}]},{\"@type\":\"WebSite\",\"@id\":\"https:\\\/\\\/www.cltweb.org\\\/es\\\/#website\",\"url\":\"https:\\\/\\\/www.cltweb.org\\\/es\\\/\",\"name\":\"International Center for Community Land Trusts\",\"description\":\"\",\"publisher\":{\"@id\":\"https:\\\/\\\/www.cltweb.org\\\/es\\\/#organization\"},\"potentialAction\":[{\"@type\":\"SearchAction\",\"target\":{\"@type\":\"EntryPoint\",\"urlTemplate\":\"https:\\\/\\\/www.cltweb.org\\\/es\\\/?s={search_term_string}\"},\"query-input\":{\"@type\":\"PropertyValueSpecification\",\"valueRequired\":true,\"valueName\":\"search_term_string\"}}],\"inLanguage\":\"es\"},{\"@type\":\"Organization\",\"@id\":\"https:\\\/\\\/www.cltweb.org\\\/es\\\/#organization\",\"name\":\"International Center for Community Land Trusts\",\"url\":\"https:\\\/\\\/www.cltweb.org\\\/es\\\/\",\"logo\":{\"@type\":\"ImageObject\",\"inLanguage\":\"es\",\"@id\":\"https:\\\/\\\/www.cltweb.org\\\/es\\\/#\\\/schema\\\/logo\\\/image\\\/\",\"url\":\"https:\\\/\\\/www.cltweb.org\\\/wp-content\\\/uploads\\\/2024\\\/11\\\/New-CLT-Center-Text-logo.png\",\"contentUrl\":\"https:\\\/\\\/www.cltweb.org\\\/wp-content\\\/uploads\\\/2024\\\/11\\\/New-CLT-Center-Text-logo.png\",\"width\":227,\"height\":80,\"caption\":\"International Center for Community Land Trusts\"},\"image\":{\"@id\":\"https:\\\/\\\/www.cltweb.org\\\/es\\\/#\\\/schema\\\/logo\\\/image\\\/\"},\"sameAs\":[\"https:\\\/\\\/www.facebook.com\\\/cltcenter\",\"https:\\\/\\\/x.com\\\/Center4CLTs\",\"https:\\\/\\\/www.instagram.com\\\/cltcenter\\\/\",\"https:\\\/\\\/www.linkedin.com\\\/company\\\/cltcenter\",\"https:\\\/\\\/www.youtube.com\\\/@centerforcltinnovation5313\"],\"description\":\"The International Center for Community Land Trusts is a not-for-profit nongovernmental organization established in 2018 to promote and to support community land trusts and similar strategies of community-led development on community-owned land in countries throughout the world.\",\"email\":\"info@communitylandtrust.net\",\"legalName\":\"International Center for Community Land Trusts\",\"foundingDate\":\"2018-12-01\",\"taxID\":\"84-3858933\",\"numberOfEmployees\":{\"@type\":\"QuantitativeValue\",\"minValue\":\"1\",\"maxValue\":\"10\"}}]}<\/script>\n<!-- \/ Yoast SEO Premium plugin. -->","yoast_head_json":{"title":"Pioneros de las nuevas comunidades (1971) - International Center for Community Land Trusts","robots":{"index":"index","follow":"follow","max-snippet":"max-snippet:-1","max-image-preview":"max-image-preview:large","max-video-preview":"max-video-preview:-1"},"canonical":"https:\/\/www.cltweb.org\/es\/biblioteca-de-recursos\/entrevistas\/pioneros-de-las-nuevas-comunidades\/","og_locale":"es_ES","og_type":"article","og_title":"Pioneros de las nuevas comunidades (1971)","og_description":"A lo largo de los a\u00f1os, algunos l\u00edderes destacados de New Communities Inc. (NCI) han aparecido en prensa y cine. Rara vez se han escuchado las voces de participantes menos conocidos en esta inspiradora historia. Una excepci\u00f3n es una rara entrevista realizada por Ed Feaver en 1971, un a\u00f1o despu\u00e9s de que Nuevas Comunidades hubiera completado la compra de 5.735 acres de terreno rural cerca de Albany, Georgia. Ocho personas que entonces se organizaban en nombre de NCI, formaban parte de su junta directiva, cultivaban las tierras de NCI o esperaban en la cola para tener la oportunidad de vivir en ellas, expresaron sus esperanzas personales para el viaje que les aguardaba.","og_url":"https:\/\/www.cltweb.org\/es\/biblioteca-de-recursos\/entrevistas\/pioneros-de-las-nuevas-comunidades\/","og_site_name":"International Center for Community Land Trusts","article_publisher":"https:\/\/www.facebook.com\/cltcenter","article_modified_time":"2024-10-23T20:09:46+00:00","twitter_card":"summary_large_image","twitter_site":"@Center4CLTs","schema":{"@context":"https:\/\/schema.org","@graph":[{"@type":"WebPage","@id":"https:\/\/www.cltweb.org\/es\/biblioteca-de-recursos\/entrevistas\/pioneros-de-las-nuevas-comunidades\/","url":"https:\/\/www.cltweb.org\/es\/biblioteca-de-recursos\/entrevistas\/pioneros-de-las-nuevas-comunidades\/","name":"Pioneros de las nuevas comunidades (1971) - International Center for Community Land Trusts","isPartOf":{"@id":"https:\/\/www.cltweb.org\/es\/#website"},"datePublished":"2024-10-22T19:33:10+00:00","dateModified":"2024-10-23T20:09:46+00:00","breadcrumb":{"@id":"https:\/\/www.cltweb.org\/es\/biblioteca-de-recursos\/entrevistas\/pioneros-de-las-nuevas-comunidades\/#breadcrumb"},"inLanguage":"es","potentialAction":[{"@type":"ReadAction","target":["https:\/\/www.cltweb.org\/es\/biblioteca-de-recursos\/entrevistas\/pioneros-de-las-nuevas-comunidades\/"]}]},{"@type":"BreadcrumbList","@id":"https:\/\/www.cltweb.org\/es\/biblioteca-de-recursos\/entrevistas\/pioneros-de-las-nuevas-comunidades\/#breadcrumb","itemListElement":[{"@type":"ListItem","position":1,"name":"Home","item":"https:\/\/www.cltweb.org\/es\/"},{"@type":"ListItem","position":2,"name":"Biblioteca de recursos","item":"https:\/\/www.cltweb.org\/es\/biblioteca-de-recursos\/"},{"@type":"ListItem","position":3,"name":"Entrevistas","item":"https:\/\/www.cltweb.org\/es\/biblioteca-de-recursos\/entrevistas\/"},{"@type":"ListItem","position":4,"name":"Pioneros de las nuevas comunidades (1971)"}]},{"@type":"WebSite","@id":"https:\/\/www.cltweb.org\/es\/#website","url":"https:\/\/www.cltweb.org\/es\/","name":"International Center for Community Land Trusts","description":"","publisher":{"@id":"https:\/\/www.cltweb.org\/es\/#organization"},"potentialAction":[{"@type":"SearchAction","target":{"@type":"EntryPoint","urlTemplate":"https:\/\/www.cltweb.org\/es\/?s={search_term_string}"},"query-input":{"@type":"PropertyValueSpecification","valueRequired":true,"valueName":"search_term_string"}}],"inLanguage":"es"},{"@type":"Organization","@id":"https:\/\/www.cltweb.org\/es\/#organization","name":"International Center for Community Land Trusts","url":"https:\/\/www.cltweb.org\/es\/","logo":{"@type":"ImageObject","inLanguage":"es","@id":"https:\/\/www.cltweb.org\/es\/#\/schema\/logo\/image\/","url":"https:\/\/www.cltweb.org\/wp-content\/uploads\/2024\/11\/New-CLT-Center-Text-logo.png","contentUrl":"https:\/\/www.cltweb.org\/wp-content\/uploads\/2024\/11\/New-CLT-Center-Text-logo.png","width":227,"height":80,"caption":"International Center for Community Land Trusts"},"image":{"@id":"https:\/\/www.cltweb.org\/es\/#\/schema\/logo\/image\/"},"sameAs":["https:\/\/www.facebook.com\/cltcenter","https:\/\/x.com\/Center4CLTs","https:\/\/www.instagram.com\/cltcenter\/","https:\/\/www.linkedin.com\/company\/cltcenter","https:\/\/www.youtube.com\/@centerforcltinnovation5313"],"description":"The International Center for Community Land Trusts is a not-for-profit nongovernmental organization established in 2018 to promote and to support community land trusts and similar strategies of community-led development on community-owned land in countries throughout the world.","email":"info@communitylandtrust.net","legalName":"International Center for Community Land Trusts","foundingDate":"2018-12-01","taxID":"84-3858933","numberOfEmployees":{"@type":"QuantitativeValue","minValue":"1","maxValue":"10"}}]}},"campaignId":"","taxonomy_info":{"category":[{"value":205,"label":"Entrevistas"}]},"featured_image_src_large":false,"author_info":{"display_name":"cltredesign_0jp0l4","author_link":"https:\/\/www.cltweb.org\/es\/author\/cltredesign_0jp0l4\/"},"comment_info":0,"jetpack_sharing_enabled":true,"jetpack-related-posts":[{"id":4356,"url":"https:\/\/www.cltweb.org\/pt-br\/biblioteca-de-recursos\/entrevistas\/pioneiros-de-novas-comunidades\/","url_meta":{"origin":4354,"position":0},"title":"Pioneiros de novas comunidades (1971)","author":"cltredesign_0jp0l4","date":"22 de octubre de 2024","format":false,"excerpt":"Ao longo dos anos, alguns l\u00edderes de alto n\u00edvel da New Communities Inc. (NCI) foram apresentados em publica\u00e7\u00f5es e filmes. As vozes de participantes menos conhecidos dessa hist\u00f3ria inspiradora raramente foram ouvidas. Uma exce\u00e7\u00e3o \u00e9 uma rara entrevista conduzida por Ed Feaver em 1971, um ano ap\u00f3s a New Communities\u2026","rel":"","context":"En \u00abEntrevistas\u00bb","block_context":{"text":"Entrevistas","link":"https:\/\/www.cltweb.org\/pt-br\/category\/entrevistas-pt-br\/"},"img":{"alt_text":"","src":"","width":0,"height":0},"classes":[]},{"id":4471,"url":"https:\/\/www.cltweb.org\/es\/biblioteca-de-recursos\/entrevistas\/charles-sherrod-1982\/","url_meta":{"origin":4354,"position":1},"title":"Charles Sherrod (1982)","author":"cltredesign_0jp0l4","date":"22 de octubre de 2024","format":false,"excerpt":"A los 23 a\u00f1os, Charles Sherrod lleg\u00f3 a Albany, Georgia, para organizar a la comunidad y registrar votantes para el Comit\u00e9 Coordinador Estudiantil No Violento. Nunca se march\u00f3. En 1968, fue uno de los ocho estadounidenses que viajaron a Israel para estudiar el arrendamiento de tierras y las cooperativas agr\u00edcolas.\u2026","rel":"","context":"En \u00abEntrevistas\u00bb","block_context":{"text":"Entrevistas","link":"https:\/\/www.cltweb.org\/es\/category\/entrevistas\/"},"img":{"alt_text":"","src":"","width":0,"height":0},"classes":[]},{"id":1895,"url":"https:\/\/www.cltweb.org\/es\/biblioteca-de-recursos\/casos-practicos-de-clt\/nuevas-comunidades\/","url_meta":{"origin":4354,"position":2},"title":"Nuevas Comunidades","author":"cltredesign_0jp0l4","date":"26 de julio de 2024","format":false,"excerpt":"Historia de New Communities Inc. A menudo denominada la \"primera CLT\", New Communities Inc. (NCI) fue una consecuencia del Movimiento por los Derechos Civiles del Sur, tal como se desarroll\u00f3 en Albany, Georgia, durante la d\u00e9cada de 1960. Los l\u00edderes de New Communities tambi\u00e9n hab\u00edan sido l\u00edderes del Movimiento de\u2026","rel":"","context":"En \u00abCasos pr\u00e1cticos\u00bb","block_context":{"text":"Casos pr\u00e1cticos","link":"https:\/\/www.cltweb.org\/es\/category\/casos-practicos\/"},"img":{"alt_text":"","src":"","width":0,"height":0},"classes":[]},{"id":4518,"url":"https:\/\/www.cltweb.org\/es\/biblioteca-de-recursos\/entrevistas\/liz-alden-wily-2020\/","url_meta":{"origin":4354,"position":3},"title":"Liz Alden Wily (2020)","author":"cltredesign_0jp0l4","date":"22 de octubre de 2024","format":false,"excerpt":"Liz Alden Wily, doctora en Ciencias Pol\u00edticas, es especialista en tenencia de la tierra, y trabaja como investigadora, asesora t\u00e9cnica y profesional sobre la tenencia comunitaria de la tierra. Ha trabajado sobre este tema en una veintena de pa\u00edses. Ha escrito un cap\u00edtulo en On Common Ground titulado \"Challenges for\u2026","rel":"","context":"En \u00abEntrevistas\u00bb","block_context":{"text":"Entrevistas","link":"https:\/\/www.cltweb.org\/es\/category\/entrevistas\/"},"img":{"alt_text":"","src":"","width":0,"height":0},"classes":[]},{"id":4503,"url":"https:\/\/www.cltweb.org\/es\/biblioteca-de-recursos\/entrevistas\/bob-swann-1992\/","url_meta":{"origin":4354,"position":4},"title":"Bob Swann (1992)","author":"cltredesign_0jp0l4","date":"22 de octubre de 2024","format":false,"excerpt":"\u00a1Dos d\u00e9cadas despu\u00e9s de ser entrevistado por Lifestyle! Magazine, Bob se sent\u00f3 para una entrevista con Kirby White, coeditor de Econom\u00eda Comunitaria, bolet\u00edn publicado durante catorce a\u00f1os por el Instituto de Econom\u00eda Comunitaria. En los a\u00f1os transcurridos, se hab\u00edan producido muchos cambios en la vida de Bob y en el\u2026","rel":"","context":"En \u00abEntrevistas\u00bb","block_context":{"text":"Entrevistas","link":"https:\/\/www.cltweb.org\/es\/category\/entrevistas\/"},"img":{"alt_text":"","src":"","width":0,"height":0},"classes":[]},{"id":1641,"url":"https:\/\/www.cltweb.org\/es\/terra-nostra-press\/catalogo\/retejer-el-tapiz-de-la-titularidad\/","url_meta":{"origin":4354,"position":5},"title":"Retejer el tapiz de la titularidad","author":"cltredesign_0jp0l4","date":"29 de julio de 2024","format":false,"excerpt":"Disponible ya en todo el mundo, 250 p\u00e1gs.PAPEL NEGRO ISBN 9798986177625 $19.50EBOOK ISBN 9798986177632 $9.99 US Las ONG disponen de descuentos por pedidos a granel. Para m\u00e1s informaci\u00f3n y para hacer tu pedido, visita nuestra p\u00e1gina Pedidos a granel. Retejiendo el Tapiz de la Tenencia: Ocho ancianos del movimiento CLT\u2026","rel":"","context":"En \u00abCat\u00e1logo\u00bb","block_context":{"text":"Cat\u00e1logo","link":"https:\/\/www.cltweb.org\/es\/category\/catalogo-es\/"},"img":{"alt_text":"Book cover for Tapestry of Tenure","src":"https:\/\/i0.wp.com\/www.cltweb.org\/wp-content\/uploads\/2024\/10\/Reweaving-Tapestry-cover-e1727990535752.jpg?resize=350%2C200&ssl=1","width":350,"height":200,"srcset":"https:\/\/i0.wp.com\/www.cltweb.org\/wp-content\/uploads\/2024\/10\/Reweaving-Tapestry-cover-e1727990535752.jpg?resize=350%2C200&ssl=1 1x, https:\/\/i0.wp.com\/www.cltweb.org\/wp-content\/uploads\/2024\/10\/Reweaving-Tapestry-cover-e1727990535752.jpg?resize=525%2C300&ssl=1 1.5x, https:\/\/i0.wp.com\/www.cltweb.org\/wp-content\/uploads\/2024\/10\/Reweaving-Tapestry-cover-e1727990535752.jpg?resize=700%2C400&ssl=1 2x"},"classes":[]}],"_links":{"self":[{"href":"https:\/\/www.cltweb.org\/es\/wp-json\/wp\/v2\/pages\/4354","targetHints":{"allow":["GET"]}}],"collection":[{"href":"https:\/\/www.cltweb.org\/es\/wp-json\/wp\/v2\/pages"}],"about":[{"href":"https:\/\/www.cltweb.org\/es\/wp-json\/wp\/v2\/types\/page"}],"author":[{"embeddable":true,"href":"https:\/\/www.cltweb.org\/es\/wp-json\/wp\/v2\/users\/1"}],"replies":[{"embeddable":true,"href":"https:\/\/www.cltweb.org\/es\/wp-json\/wp\/v2\/comments?post=4354"}],"version-history":[{"count":3,"href":"https:\/\/www.cltweb.org\/es\/wp-json\/wp\/v2\/pages\/4354\/revisions"}],"predecessor-version":[{"id":4907,"href":"https:\/\/www.cltweb.org\/es\/wp-json\/wp\/v2\/pages\/4354\/revisions\/4907"}],"up":[{"embeddable":true,"href":"https:\/\/www.cltweb.org\/es\/wp-json\/wp\/v2\/pages\/4031"}],"wp:attachment":[{"href":"https:\/\/www.cltweb.org\/es\/wp-json\/wp\/v2\/media?parent=4354"}],"wp:term":[{"taxonomy":"category","embeddable":true,"href":"https:\/\/www.cltweb.org\/es\/wp-json\/wp\/v2\/categories?post=4354"},{"taxonomy":"post_tag","embeddable":true,"href":"https:\/\/www.cltweb.org\/es\/wp-json\/wp\/v2\/tags?post=4354"}],"curies":[{"name":"wp","href":"https:\/\/api.w.org\/{rel}","templated":true}]}}