{"id":771,"date":"2024-07-26T17:03:25","date_gmt":"2024-07-26T17:03:25","guid":{"rendered":"https:\/\/www.cltweb.org\/proyecto-de-transicion-justa-clt-2030\/"},"modified":"2024-08-22T22:22:40","modified_gmt":"2024-08-22T22:22:40","slug":"proyecto-de-transicion-justa-clt-2030","status":"publish","type":"page","link":"https:\/\/www.cltweb.org\/es\/programas-y-proyectos\/proyecto-de-transicion-justa-clt-2030\/","title":{"rendered":"Proyecto de Transici\u00f3n Justa CLT 2030"},"content":{"rendered":"","protected":false},"excerpt":{"rendered":"","protected":false},"author":1,"featured_media":0,"parent":914,"menu_order":0,"comment_status":"closed","ping_status":"closed","template":"","meta":{"give_campaign_id":0,"_tec_requires_first_save":true,"_kad_blocks_custom_css":"","_kad_blocks_head_custom_js":"","_kad_blocks_body_custom_js":"","_kad_blocks_footer_custom_js":"","_EventAllDay":false,"_EventTimezone":"","_EventStartDate":"","_EventEndDate":"","_EventStartDateUTC":"","_EventEndDateUTC":"","_EventShowMap":false,"_EventShowMapLink":false,"_EventURL":"","_EventCost":"","_EventCostDescription":"","_EventCurrencySymbol":"","_EventCurrencyCode":"","_EventCurrencyPosition":"","_EventDateTimeSeparator":"","_EventTimeRangeSeparator":"","_EventOrganizerID":[],"_EventVenueID":[],"_OrganizerEmail":"","_OrganizerPhone":"","_OrganizerWebsite":"","_VenueAddress":"","_VenueCity":"","_VenueCountry":"","_VenueProvince":"","_VenueState":"","_VenueZip":"","_VenuePhone":"","_VenueURL":"","_VenueStateProvince":"","_VenueLat":"","_VenueLng":"","_VenueShowMap":false,"_VenueShowMapLink":false,"_tribe_blocks_recurrence_rules":"","_tribe_blocks_recurrence_description":"","_tribe_blocks_recurrence_exclusions":"","footnotes":""},"categories":[61],"tags":[],"class_list":["post-771","page","type-page","status-publish","hentry","category-programas-y-proyectos"],"blocksy_meta":[],"yoast_head":"<!-- This site is optimized with the Yoast SEO Premium plugin v27.5 (Yoast SEO v27.5) - https:\/\/yoast.com\/product\/yoast-seo-premium-wordpress\/ -->\n<title>Proyecto de Transici\u00f3n Justa CLT 2030 - International Center for Community Land Trusts<\/title>\n<meta name=\"robots\" content=\"index, follow, max-snippet:-1, max-image-preview:large, max-video-preview:-1\" \/>\n<link rel=\"canonical\" href=\"https:\/\/www.cltweb.org\/es\/programas-y-proyectos\/proyecto-de-transicion-justa-clt-2030\/\" \/>\n<meta property=\"og:locale\" content=\"es_ES\" \/>\n<meta property=\"og:type\" content=\"article\" \/>\n<meta property=\"og:title\" content=\"Proyecto de Transici\u00f3n Justa CLT 2030\" \/>\n<meta property=\"og:url\" content=\"https:\/\/www.cltweb.org\/es\/programas-y-proyectos\/proyecto-de-transicion-justa-clt-2030\/\" \/>\n<meta property=\"og:site_name\" content=\"International Center for Community Land Trusts\" \/>\n<meta property=\"article:publisher\" content=\"https:\/\/www.facebook.com\/cltcenter\" \/>\n<meta property=\"article:modified_time\" content=\"2024-08-22T22:22:40+00:00\" \/>\n<meta name=\"twitter:card\" content=\"summary_large_image\" \/>\n<meta name=\"twitter:site\" content=\"@Center4CLTs\" \/>\n<script type=\"application\/ld+json\" class=\"yoast-schema-graph\">{\"@context\":\"https:\\\/\\\/schema.org\",\"@graph\":[{\"@type\":\"WebPage\",\"@id\":\"https:\\\/\\\/www.cltweb.org\\\/es\\\/programas-y-proyectos\\\/proyecto-de-transicion-justa-clt-2030\\\/\",\"url\":\"https:\\\/\\\/www.cltweb.org\\\/es\\\/programas-y-proyectos\\\/proyecto-de-transicion-justa-clt-2030\\\/\",\"name\":\"Proyecto de Transici\u00f3n Justa CLT 2030 - International Center for Community Land Trusts\",\"isPartOf\":{\"@id\":\"https:\\\/\\\/www.cltweb.org\\\/es\\\/#website\"},\"datePublished\":\"2024-07-26T17:03:25+00:00\",\"dateModified\":\"2024-08-22T22:22:40+00:00\",\"breadcrumb\":{\"@id\":\"https:\\\/\\\/www.cltweb.org\\\/es\\\/programas-y-proyectos\\\/proyecto-de-transicion-justa-clt-2030\\\/#breadcrumb\"},\"inLanguage\":\"es\",\"potentialAction\":[{\"@type\":\"ReadAction\",\"target\":[\"https:\\\/\\\/www.cltweb.org\\\/es\\\/programas-y-proyectos\\\/proyecto-de-transicion-justa-clt-2030\\\/\"]}]},{\"@type\":\"BreadcrumbList\",\"@id\":\"https:\\\/\\\/www.cltweb.org\\\/es\\\/programas-y-proyectos\\\/proyecto-de-transicion-justa-clt-2030\\\/#breadcrumb\",\"itemListElement\":[{\"@type\":\"ListItem\",\"position\":1,\"name\":\"Home\",\"item\":\"https:\\\/\\\/www.cltweb.org\\\/es\\\/\"},{\"@type\":\"ListItem\",\"position\":2,\"name\":\"Programas y proyectos\",\"item\":\"https:\\\/\\\/www.cltweb.org\\\/es\\\/programs\\\/\"},{\"@type\":\"ListItem\",\"position\":3,\"name\":\"Proyecto de Transici\u00f3n Justa CLT 2030\"}]},{\"@type\":\"WebSite\",\"@id\":\"https:\\\/\\\/www.cltweb.org\\\/es\\\/#website\",\"url\":\"https:\\\/\\\/www.cltweb.org\\\/es\\\/\",\"name\":\"International Center for Community Land Trusts\",\"description\":\"\",\"publisher\":{\"@id\":\"https:\\\/\\\/www.cltweb.org\\\/es\\\/#organization\"},\"potentialAction\":[{\"@type\":\"SearchAction\",\"target\":{\"@type\":\"EntryPoint\",\"urlTemplate\":\"https:\\\/\\\/www.cltweb.org\\\/es\\\/?s={search_term_string}\"},\"query-input\":{\"@type\":\"PropertyValueSpecification\",\"valueRequired\":true,\"valueName\":\"search_term_string\"}}],\"inLanguage\":\"es\"},{\"@type\":\"Organization\",\"@id\":\"https:\\\/\\\/www.cltweb.org\\\/es\\\/#organization\",\"name\":\"International Center for Community Land Trusts\",\"url\":\"https:\\\/\\\/www.cltweb.org\\\/es\\\/\",\"logo\":{\"@type\":\"ImageObject\",\"inLanguage\":\"es\",\"@id\":\"https:\\\/\\\/www.cltweb.org\\\/es\\\/#\\\/schema\\\/logo\\\/image\\\/\",\"url\":\"https:\\\/\\\/www.cltweb.org\\\/wp-content\\\/uploads\\\/2024\\\/11\\\/New-CLT-Center-Text-logo.png\",\"contentUrl\":\"https:\\\/\\\/www.cltweb.org\\\/wp-content\\\/uploads\\\/2024\\\/11\\\/New-CLT-Center-Text-logo.png\",\"width\":227,\"height\":80,\"caption\":\"International Center for Community Land Trusts\"},\"image\":{\"@id\":\"https:\\\/\\\/www.cltweb.org\\\/es\\\/#\\\/schema\\\/logo\\\/image\\\/\"},\"sameAs\":[\"https:\\\/\\\/www.facebook.com\\\/cltcenter\",\"https:\\\/\\\/x.com\\\/Center4CLTs\",\"https:\\\/\\\/www.instagram.com\\\/cltcenter\\\/\",\"https:\\\/\\\/www.linkedin.com\\\/company\\\/cltcenter\",\"https:\\\/\\\/www.youtube.com\\\/@centerforcltinnovation5313\"],\"description\":\"The International Center for Community Land Trusts is a not-for-profit nongovernmental organization established in 2018 to promote and to support community land trusts and similar strategies of community-led development on community-owned land in countries throughout the world.\",\"email\":\"info@communitylandtrust.net\",\"legalName\":\"International Center for Community Land Trusts\",\"foundingDate\":\"2018-12-01\",\"taxID\":\"84-3858933\",\"numberOfEmployees\":{\"@type\":\"QuantitativeValue\",\"minValue\":\"1\",\"maxValue\":\"10\"}}]}<\/script>\n<!-- \/ Yoast SEO Premium plugin. -->","yoast_head_json":{"title":"Proyecto de Transici\u00f3n Justa CLT 2030 - International Center for Community Land Trusts","robots":{"index":"index","follow":"follow","max-snippet":"max-snippet:-1","max-image-preview":"max-image-preview:large","max-video-preview":"max-video-preview:-1"},"canonical":"https:\/\/www.cltweb.org\/es\/programas-y-proyectos\/proyecto-de-transicion-justa-clt-2030\/","og_locale":"es_ES","og_type":"article","og_title":"Proyecto de Transici\u00f3n Justa CLT 2030","og_url":"https:\/\/www.cltweb.org\/es\/programas-y-proyectos\/proyecto-de-transicion-justa-clt-2030\/","og_site_name":"International Center for Community Land Trusts","article_publisher":"https:\/\/www.facebook.com\/cltcenter","article_modified_time":"2024-08-22T22:22:40+00:00","twitter_card":"summary_large_image","twitter_site":"@Center4CLTs","schema":{"@context":"https:\/\/schema.org","@graph":[{"@type":"WebPage","@id":"https:\/\/www.cltweb.org\/es\/programas-y-proyectos\/proyecto-de-transicion-justa-clt-2030\/","url":"https:\/\/www.cltweb.org\/es\/programas-y-proyectos\/proyecto-de-transicion-justa-clt-2030\/","name":"Proyecto de Transici\u00f3n Justa CLT 2030 - International Center for Community Land Trusts","isPartOf":{"@id":"https:\/\/www.cltweb.org\/es\/#website"},"datePublished":"2024-07-26T17:03:25+00:00","dateModified":"2024-08-22T22:22:40+00:00","breadcrumb":{"@id":"https:\/\/www.cltweb.org\/es\/programas-y-proyectos\/proyecto-de-transicion-justa-clt-2030\/#breadcrumb"},"inLanguage":"es","potentialAction":[{"@type":"ReadAction","target":["https:\/\/www.cltweb.org\/es\/programas-y-proyectos\/proyecto-de-transicion-justa-clt-2030\/"]}]},{"@type":"BreadcrumbList","@id":"https:\/\/www.cltweb.org\/es\/programas-y-proyectos\/proyecto-de-transicion-justa-clt-2030\/#breadcrumb","itemListElement":[{"@type":"ListItem","position":1,"name":"Home","item":"https:\/\/www.cltweb.org\/es\/"},{"@type":"ListItem","position":2,"name":"Programas y proyectos","item":"https:\/\/www.cltweb.org\/es\/programs\/"},{"@type":"ListItem","position":3,"name":"Proyecto de Transici\u00f3n Justa CLT 2030"}]},{"@type":"WebSite","@id":"https:\/\/www.cltweb.org\/es\/#website","url":"https:\/\/www.cltweb.org\/es\/","name":"International Center for Community Land Trusts","description":"","publisher":{"@id":"https:\/\/www.cltweb.org\/es\/#organization"},"potentialAction":[{"@type":"SearchAction","target":{"@type":"EntryPoint","urlTemplate":"https:\/\/www.cltweb.org\/es\/?s={search_term_string}"},"query-input":{"@type":"PropertyValueSpecification","valueRequired":true,"valueName":"search_term_string"}}],"inLanguage":"es"},{"@type":"Organization","@id":"https:\/\/www.cltweb.org\/es\/#organization","name":"International Center for Community Land Trusts","url":"https:\/\/www.cltweb.org\/es\/","logo":{"@type":"ImageObject","inLanguage":"es","@id":"https:\/\/www.cltweb.org\/es\/#\/schema\/logo\/image\/","url":"https:\/\/www.cltweb.org\/wp-content\/uploads\/2024\/11\/New-CLT-Center-Text-logo.png","contentUrl":"https:\/\/www.cltweb.org\/wp-content\/uploads\/2024\/11\/New-CLT-Center-Text-logo.png","width":227,"height":80,"caption":"International Center for Community Land Trusts"},"image":{"@id":"https:\/\/www.cltweb.org\/es\/#\/schema\/logo\/image\/"},"sameAs":["https:\/\/www.facebook.com\/cltcenter","https:\/\/x.com\/Center4CLTs","https:\/\/www.instagram.com\/cltcenter\/","https:\/\/www.linkedin.com\/company\/cltcenter","https:\/\/www.youtube.com\/@centerforcltinnovation5313"],"description":"The International Center for Community Land Trusts is a not-for-profit nongovernmental organization established in 2018 to promote and to support community land trusts and similar strategies of community-led development on community-owned land in countries throughout the world.","email":"info@communitylandtrust.net","legalName":"International Center for Community Land Trusts","foundingDate":"2018-12-01","taxID":"84-3858933","numberOfEmployees":{"@type":"QuantitativeValue","minValue":"1","maxValue":"10"}}]}},"campaignId":"","taxonomy_info":{"category":[{"value":61,"label":"Programas y proyectos"}]},"featured_image_src_large":false,"author_info":{"display_name":"cltredesign_0jp0l4","author_link":"https:\/\/www.cltweb.org\/es\/author\/cltredesign_0jp0l4\/"},"comment_info":0,"jetpack_sharing_enabled":true,"jetpack-related-posts":[{"id":914,"url":"https:\/\/www.cltweb.org\/es\/programas-y-proyectos\/","url_meta":{"origin":771,"position":0},"title":"Programas y proyectos","author":"cltredesign_0jp0l4","date":"26 de julio de 2024","format":false,"excerpt":"Educaci\u00f3n Mejorar la divulgaci\u00f3n educativa, los recursos y el apoyo a los profesionales y las comunidades del CLT. Biblioteca en l\u00ednea y archivo CLT: Recopilar y conservar materiales -en varios idiomas- que introduzcan el CLT, presenten estudios de casos, documenten las mejores pr\u00e1cticas y tracen la historia del movimiento CLT.\u2026","rel":"","context":"En \u00abSin categorizar\u00bb","block_context":{"text":"Sin categorizar","link":"https:\/\/www.cltweb.org\/es\/category\/sin-categorizar\/"},"img":{"alt_text":"","src":"","width":0,"height":0},"classes":[]},{"id":1513,"url":"https:\/\/www.cltweb.org\/es\/biblioteca-de-recursos\/dia-mundial-clt\/","url_meta":{"origin":771,"position":1},"title":"D\u00eda Mundial CLT","author":"cltredesign_0jp0l4","date":"26 de julio de 2024","format":false,"excerpt":"Reserva la fecha para el a\u00f1o que viene: \u00a116-17 de mayo de 2025! Como celebraci\u00f3n anual, los objetivos principales del D\u00eda Mundial del CLT son celebrar, promover y amplificar el movimiento global del CLT. Es una oportunidad para poner de relieve nuestra diversa comunidad de CLT, mostrar proyectos impactantes a\u2026","rel":"","context":"En \u00abCLT en el mundo\u00bb","block_context":{"text":"CLT en el mundo","link":"https:\/\/www.cltweb.org\/es\/category\/clt-en-el-mundo\/"},"img":{"alt_text":"World CLT Day Logo","src":"https:\/\/i0.wp.com\/www.cltweb.org\/wp-content\/uploads\/2024\/11\/WCLTD-Logo-No-Year.png?resize=350%2C200&ssl=1","width":350,"height":200},"classes":[]},{"id":1828,"url":"https:\/\/www.cltweb.org\/es\/biblioteca-de-recursos\/manuales-y-guias\/bancos-de-tierras-y-fideicomisos-comunitarios-de-tierras\/","url_meta":{"origin":771,"position":2},"title":"Europa","author":"cltredesign_0jp0l4","date":"7 de septiembre de 2024","format":false,"excerpt":"Manuales y Gu\u00edas de Europa Viviendas populares: C\u00f3mo se organizan London CLT y Citizens UK para acceder a terrenos destinados a viviendas asequibles London CLT surgi\u00f3 de los esfuerzos de organizaci\u00f3n comunitaria de London Citizens, que desde principios de la d\u00e9cada de 1990 han estado fomentando la capacidad de las\u2026","rel":"","context":"En \u00abManuales\u00bb","block_context":{"text":"Manuales","link":"https:\/\/www.cltweb.org\/es\/category\/manuales\/"},"img":{"alt_text":"","src":"","width":0,"height":0},"classes":[]},{"id":4053,"url":"https:\/\/www.cltweb.org\/es\/biblioteca-de-recursos\/casos-practicos-de-clt\/community-land-trust-bruselas\/","url_meta":{"origin":771,"position":3},"title":"Community Land Trust Bruselas","author":"cltredesign_0jp0l4","date":"21 de octubre de 2024","format":false,"excerpt":"Creada en 2012 (Bruselas, B\u00e9lgica) Perfil aportado por Geert De Pauw (2015) El Community Land Trust Bruxelles (CLTB) se constituy\u00f3 formalmente en 2012, tras cuatro a\u00f1os de planificaci\u00f3n y organizaci\u00f3n, una iniciativa dirigida por activistas de varias asociaciones de viviendas y vecindarios ya existentes. CLTB se cre\u00f3 para servir a\u2026","rel":"","context":"En \u00abCasos pr\u00e1cticos\u00bb","block_context":{"text":"Casos pr\u00e1cticos","link":"https:\/\/www.cltweb.org\/es\/category\/casos-practicos\/"},"img":{"alt_text":"","src":"","width":0,"height":0},"classes":[]},{"id":781,"url":"https:\/\/www.cltweb.org\/es\/programas-y-proyectos\/iniciativa-clt-del-sur-global\/","url_meta":{"origin":771,"position":4},"title":"Iniciativa de fideicomiso comunitario de la tierra del Sur Global","author":"cltredesign_0jp0l4","date":"26 de julio de 2024","format":false,"excerpt":"Promover el derecho a la vivienda y la propiedad comunitaria en todo el Sur Global Visi\u00f3n general La tierra y la vivienda seguras son un derecho humano y una lucha mundial. En \u00c1frica, Asia, Am\u00e9rica Latina y el Caribe, las comunidades est\u00e1n construyendo poderosos movimientos para promover el derecho a\u2026","rel":"","context":"En \u00abProgramas y proyectos\u00bb","block_context":{"text":"Programas y proyectos","link":"https:\/\/www.cltweb.org\/es\/category\/programas-y-proyectos\/"},"img":{"alt_text":"","src":"","width":0,"height":0},"classes":[]},{"id":977,"url":"https:\/\/www.cltweb.org\/es\/terra-nostra-press\/","url_meta":{"origin":771,"position":5},"title":"Terra Nostra Press","author":"cltredesign_0jp0l4","date":"30 de julio de 2024","format":false,"excerpt":"Terra Nostra Press Terra Nostra Press, un sello del Centro Internacional de Fideicomisos Comunitarios de la Tierra, publica libros, monograf\u00edas y manuales en apoyo del trabajo del Centro. Estas publicaciones muestran la teor\u00eda y la pr\u00e1ctica de los fideicomisos de la tierra comunitarios, junto con las historias de profesionales reflexivos\u2026","rel":"","context":"En \u00abProgramas y proyectos\u00bb","block_context":{"text":"Programas y proyectos","link":"https:\/\/www.cltweb.org\/es\/category\/programas-y-proyectos\/"},"img":{"alt_text":"","src":"","width":0,"height":0},"classes":[]}],"_links":{"self":[{"href":"https:\/\/www.cltweb.org\/es\/wp-json\/wp\/v2\/pages\/771","targetHints":{"allow":["GET"]}}],"collection":[{"href":"https:\/\/www.cltweb.org\/es\/wp-json\/wp\/v2\/pages"}],"about":[{"href":"https:\/\/www.cltweb.org\/es\/wp-json\/wp\/v2\/types\/page"}],"author":[{"embeddable":true,"href":"https:\/\/www.cltweb.org\/es\/wp-json\/wp\/v2\/users\/1"}],"replies":[{"embeddable":true,"href":"https:\/\/www.cltweb.org\/es\/wp-json\/wp\/v2\/comments?post=771"}],"version-history":[{"count":1,"href":"https:\/\/www.cltweb.org\/es\/wp-json\/wp\/v2\/pages\/771\/revisions"}],"predecessor-version":[{"id":917,"href":"https:\/\/www.cltweb.org\/es\/wp-json\/wp\/v2\/pages\/771\/revisions\/917"}],"up":[{"embeddable":true,"href":"https:\/\/www.cltweb.org\/es\/wp-json\/wp\/v2\/pages\/914"}],"wp:attachment":[{"href":"https:\/\/www.cltweb.org\/es\/wp-json\/wp\/v2\/media?parent=771"}],"wp:term":[{"taxonomy":"category","embeddable":true,"href":"https:\/\/www.cltweb.org\/es\/wp-json\/wp\/v2\/categories?post=771"},{"taxonomy":"post_tag","embeddable":true,"href":"https:\/\/www.cltweb.org\/es\/wp-json\/wp\/v2\/tags?post=771"}],"curies":[{"name":"wp","href":"https:\/\/api.w.org\/{rel}","templated":true}]}}