{"id":798,"date":"2024-07-26T16:31:31","date_gmt":"2024-07-26T16:31:31","guid":{"rendered":"https:\/\/www.cltweb.org\/que-hacen-los-clt\/corresponsabilidad\/"},"modified":"2024-07-26T16:31:31","modified_gmt":"2024-07-26T16:31:31","slug":"corresponsabilidad","status":"publish","type":"page","link":"https:\/\/www.cltweb.org\/es\/que-hacen-los-clt\/corresponsabilidad\/","title":{"rendered":"Corresponsabilidad"},"content":{"rendered":"","protected":false},"excerpt":{"rendered":"","protected":false},"author":1,"featured_media":0,"parent":747,"menu_order":0,"comment_status":"closed","ping_status":"closed","template":"","meta":{"give_campaign_id":0,"_tec_requires_first_save":true,"_kad_blocks_custom_css":"","_kad_blocks_head_custom_js":"","_kad_blocks_body_custom_js":"","_kad_blocks_footer_custom_js":"","_EventAllDay":false,"_EventTimezone":"","_EventStartDate":"","_EventEndDate":"","_EventStartDateUTC":"","_EventEndDateUTC":"","_EventShowMap":false,"_EventShowMapLink":false,"_EventURL":"","_EventCost":"","_EventCostDescription":"","_EventCurrencySymbol":"","_EventCurrencyCode":"","_EventCurrencyPosition":"","_EventDateTimeSeparator":"","_EventTimeRangeSeparator":"","_EventOrganizerID":[],"_EventVenueID":[],"_OrganizerEmail":"","_OrganizerPhone":"","_OrganizerWebsite":"","_VenueAddress":"","_VenueCity":"","_VenueCountry":"","_VenueProvince":"","_VenueState":"","_VenueZip":"","_VenuePhone":"","_VenueURL":"","_VenueStateProvince":"","_VenueLat":"","_VenueLng":"","_VenueShowMap":false,"_VenueShowMapLink":false,"_tribe_blocks_recurrence_rules":"","_tribe_blocks_recurrence_description":"","_tribe_blocks_recurrence_exclusions":"","footnotes":""},"categories":[73],"tags":[],"class_list":["post-798","page","type-page","status-publish","hentry","category-que-hacen-los-clt"],"blocksy_meta":[],"yoast_head":"<!-- This site is optimized with the Yoast SEO Premium plugin v27.5 (Yoast SEO v27.5) - https:\/\/yoast.com\/product\/yoast-seo-premium-wordpress\/ -->\n<title>Corresponsabilidad - International Center for Community Land Trusts<\/title>\n<meta name=\"robots\" content=\"index, follow, max-snippet:-1, max-image-preview:large, max-video-preview:-1\" \/>\n<link rel=\"canonical\" href=\"https:\/\/www.cltweb.org\/es\/que-hacen-los-clt\/corresponsabilidad\/\" \/>\n<meta property=\"og:locale\" content=\"es_ES\" \/>\n<meta property=\"og:type\" content=\"article\" \/>\n<meta property=\"og:title\" content=\"Corresponsabilidad\" \/>\n<meta property=\"og:url\" content=\"https:\/\/www.cltweb.org\/es\/que-hacen-los-clt\/corresponsabilidad\/\" \/>\n<meta property=\"og:site_name\" content=\"International Center for Community Land Trusts\" \/>\n<meta property=\"article:publisher\" content=\"https:\/\/www.facebook.com\/cltcenter\" \/>\n<meta name=\"twitter:card\" content=\"summary_large_image\" \/>\n<meta name=\"twitter:site\" content=\"@Center4CLTs\" \/>\n<script type=\"application\/ld+json\" class=\"yoast-schema-graph\">{\"@context\":\"https:\\\/\\\/schema.org\",\"@graph\":[{\"@type\":\"WebPage\",\"@id\":\"https:\\\/\\\/www.cltweb.org\\\/es\\\/que-hacen-los-clt\\\/corresponsabilidad\\\/\",\"url\":\"https:\\\/\\\/www.cltweb.org\\\/es\\\/que-hacen-los-clt\\\/corresponsabilidad\\\/\",\"name\":\"Corresponsabilidad - International Center for Community Land Trusts\",\"isPartOf\":{\"@id\":\"https:\\\/\\\/www.cltweb.org\\\/es\\\/#website\"},\"datePublished\":\"2024-07-26T16:31:31+00:00\",\"breadcrumb\":{\"@id\":\"https:\\\/\\\/www.cltweb.org\\\/es\\\/que-hacen-los-clt\\\/corresponsabilidad\\\/#breadcrumb\"},\"inLanguage\":\"es\",\"potentialAction\":[{\"@type\":\"ReadAction\",\"target\":[\"https:\\\/\\\/www.cltweb.org\\\/es\\\/que-hacen-los-clt\\\/corresponsabilidad\\\/\"]}]},{\"@type\":\"BreadcrumbList\",\"@id\":\"https:\\\/\\\/www.cltweb.org\\\/es\\\/que-hacen-los-clt\\\/corresponsabilidad\\\/#breadcrumb\",\"itemListElement\":[{\"@type\":\"ListItem\",\"position\":1,\"name\":\"Home\",\"item\":\"https:\\\/\\\/www.cltweb.org\\\/es\\\/\"},{\"@type\":\"ListItem\",\"position\":2,\"name\":\"Qu\u00e9 hacen los CLT\",\"item\":\"https:\\\/\\\/www.cltweb.org\\\/es\\\/what-clts-do\\\/\"},{\"@type\":\"ListItem\",\"position\":3,\"name\":\"Corresponsabilidad\"}]},{\"@type\":\"WebSite\",\"@id\":\"https:\\\/\\\/www.cltweb.org\\\/es\\\/#website\",\"url\":\"https:\\\/\\\/www.cltweb.org\\\/es\\\/\",\"name\":\"International Center for Community Land Trusts\",\"description\":\"\",\"publisher\":{\"@id\":\"https:\\\/\\\/www.cltweb.org\\\/es\\\/#organization\"},\"potentialAction\":[{\"@type\":\"SearchAction\",\"target\":{\"@type\":\"EntryPoint\",\"urlTemplate\":\"https:\\\/\\\/www.cltweb.org\\\/es\\\/?s={search_term_string}\"},\"query-input\":{\"@type\":\"PropertyValueSpecification\",\"valueRequired\":true,\"valueName\":\"search_term_string\"}}],\"inLanguage\":\"es\"},{\"@type\":\"Organization\",\"@id\":\"https:\\\/\\\/www.cltweb.org\\\/es\\\/#organization\",\"name\":\"International Center for Community Land Trusts\",\"url\":\"https:\\\/\\\/www.cltweb.org\\\/es\\\/\",\"logo\":{\"@type\":\"ImageObject\",\"inLanguage\":\"es\",\"@id\":\"https:\\\/\\\/www.cltweb.org\\\/es\\\/#\\\/schema\\\/logo\\\/image\\\/\",\"url\":\"https:\\\/\\\/www.cltweb.org\\\/wp-content\\\/uploads\\\/2024\\\/11\\\/New-CLT-Center-Text-logo.png\",\"contentUrl\":\"https:\\\/\\\/www.cltweb.org\\\/wp-content\\\/uploads\\\/2024\\\/11\\\/New-CLT-Center-Text-logo.png\",\"width\":227,\"height\":80,\"caption\":\"International Center for Community Land Trusts\"},\"image\":{\"@id\":\"https:\\\/\\\/www.cltweb.org\\\/es\\\/#\\\/schema\\\/logo\\\/image\\\/\"},\"sameAs\":[\"https:\\\/\\\/www.facebook.com\\\/cltcenter\",\"https:\\\/\\\/x.com\\\/Center4CLTs\",\"https:\\\/\\\/www.instagram.com\\\/cltcenter\\\/\",\"https:\\\/\\\/www.linkedin.com\\\/company\\\/cltcenter\",\"https:\\\/\\\/www.youtube.com\\\/@centerforcltinnovation5313\"],\"description\":\"The International Center for Community Land Trusts is a not-for-profit nongovernmental organization established in 2018 to promote and to support community land trusts and similar strategies of community-led development on community-owned land in countries throughout the world.\",\"email\":\"info@communitylandtrust.net\",\"legalName\":\"International Center for Community Land Trusts\",\"foundingDate\":\"2018-12-01\",\"taxID\":\"84-3858933\",\"numberOfEmployees\":{\"@type\":\"QuantitativeValue\",\"minValue\":\"1\",\"maxValue\":\"10\"}}]}<\/script>\n<!-- \/ Yoast SEO Premium plugin. -->","yoast_head_json":{"title":"Corresponsabilidad - International Center for Community Land Trusts","robots":{"index":"index","follow":"follow","max-snippet":"max-snippet:-1","max-image-preview":"max-image-preview:large","max-video-preview":"max-video-preview:-1"},"canonical":"https:\/\/www.cltweb.org\/es\/que-hacen-los-clt\/corresponsabilidad\/","og_locale":"es_ES","og_type":"article","og_title":"Corresponsabilidad","og_url":"https:\/\/www.cltweb.org\/es\/que-hacen-los-clt\/corresponsabilidad\/","og_site_name":"International Center for Community Land Trusts","article_publisher":"https:\/\/www.facebook.com\/cltcenter","twitter_card":"summary_large_image","twitter_site":"@Center4CLTs","schema":{"@context":"https:\/\/schema.org","@graph":[{"@type":"WebPage","@id":"https:\/\/www.cltweb.org\/es\/que-hacen-los-clt\/corresponsabilidad\/","url":"https:\/\/www.cltweb.org\/es\/que-hacen-los-clt\/corresponsabilidad\/","name":"Corresponsabilidad - International Center for Community Land Trusts","isPartOf":{"@id":"https:\/\/www.cltweb.org\/es\/#website"},"datePublished":"2024-07-26T16:31:31+00:00","breadcrumb":{"@id":"https:\/\/www.cltweb.org\/es\/que-hacen-los-clt\/corresponsabilidad\/#breadcrumb"},"inLanguage":"es","potentialAction":[{"@type":"ReadAction","target":["https:\/\/www.cltweb.org\/es\/que-hacen-los-clt\/corresponsabilidad\/"]}]},{"@type":"BreadcrumbList","@id":"https:\/\/www.cltweb.org\/es\/que-hacen-los-clt\/corresponsabilidad\/#breadcrumb","itemListElement":[{"@type":"ListItem","position":1,"name":"Home","item":"https:\/\/www.cltweb.org\/es\/"},{"@type":"ListItem","position":2,"name":"Qu\u00e9 hacen los CLT","item":"https:\/\/www.cltweb.org\/es\/what-clts-do\/"},{"@type":"ListItem","position":3,"name":"Corresponsabilidad"}]},{"@type":"WebSite","@id":"https:\/\/www.cltweb.org\/es\/#website","url":"https:\/\/www.cltweb.org\/es\/","name":"International Center for Community Land Trusts","description":"","publisher":{"@id":"https:\/\/www.cltweb.org\/es\/#organization"},"potentialAction":[{"@type":"SearchAction","target":{"@type":"EntryPoint","urlTemplate":"https:\/\/www.cltweb.org\/es\/?s={search_term_string}"},"query-input":{"@type":"PropertyValueSpecification","valueRequired":true,"valueName":"search_term_string"}}],"inLanguage":"es"},{"@type":"Organization","@id":"https:\/\/www.cltweb.org\/es\/#organization","name":"International Center for Community Land Trusts","url":"https:\/\/www.cltweb.org\/es\/","logo":{"@type":"ImageObject","inLanguage":"es","@id":"https:\/\/www.cltweb.org\/es\/#\/schema\/logo\/image\/","url":"https:\/\/www.cltweb.org\/wp-content\/uploads\/2024\/11\/New-CLT-Center-Text-logo.png","contentUrl":"https:\/\/www.cltweb.org\/wp-content\/uploads\/2024\/11\/New-CLT-Center-Text-logo.png","width":227,"height":80,"caption":"International Center for Community Land Trusts"},"image":{"@id":"https:\/\/www.cltweb.org\/es\/#\/schema\/logo\/image\/"},"sameAs":["https:\/\/www.facebook.com\/cltcenter","https:\/\/x.com\/Center4CLTs","https:\/\/www.instagram.com\/cltcenter\/","https:\/\/www.linkedin.com\/company\/cltcenter","https:\/\/www.youtube.com\/@centerforcltinnovation5313"],"description":"The International Center for Community Land Trusts is a not-for-profit nongovernmental organization established in 2018 to promote and to support community land trusts and similar strategies of community-led development on community-owned land in countries throughout the world.","email":"info@communitylandtrust.net","legalName":"International Center for Community Land Trusts","foundingDate":"2018-12-01","taxID":"84-3858933","numberOfEmployees":{"@type":"QuantitativeValue","minValue":"1","maxValue":"10"}}]}},"campaignId":"","taxonomy_info":{"category":[{"value":73,"label":"Qu\u00e9 hacen los CLT"}]},"featured_image_src_large":false,"author_info":{"display_name":"cltredesign_0jp0l4","author_link":"https:\/\/www.cltweb.org\/es\/author\/cltredesign_0jp0l4\/"},"comment_info":0,"jetpack_sharing_enabled":true,"jetpack-related-posts":[{"id":747,"url":"https:\/\/www.cltweb.org\/es\/que-hacen-los-clt\/","url_meta":{"origin":798,"position":0},"title":"Qu\u00e9 hacen los CLT","author":"cltredesign_0jp0l4","date":"26 de julio de 2024","format":false,"excerpt":"Sobrel\u00ednea Qu\u00e9 hacen los CLT Escribe sobre ti o tu organizaci\u00f3n, los productos o servicios que ofreces, o por qu\u00e9 existes. Mant\u00e9n un estilo de comunicaci\u00f3n coherente. Considera la posibilidad de utilizarlo si necesitas proporcionar m\u00e1s contexto sobre por qu\u00e9 haces lo que haces. S\u00e9 atractivo. C\u00e9ntrate en ofrecer valor\u2026","rel":"","context":"En \u00abSin categorizar\u00bb","block_context":{"text":"Sin categorizar","link":"https:\/\/www.cltweb.org\/es\/category\/sin-categorizar\/"},"img":{"alt_text":"","src":"","width":0,"height":0},"classes":[]},{"id":799,"url":"https:\/\/www.cltweb.org\/es\/que-hacen-los-clt\/equidad-racial\/","url_meta":{"origin":798,"position":1},"title":"Equidad racial","author":"cltredesign_0jp0l4","date":"26 de julio de 2024","format":false,"excerpt":"","rel":"","context":"En \u00abQu\u00e9 hacen los CLT\u00bb","block_context":{"text":"Qu\u00e9 hacen los CLT","link":"https:\/\/www.cltweb.org\/es\/category\/que-hacen-los-clt\/"},"img":{"alt_text":"","src":"","width":0,"height":0},"classes":[]},{"id":812,"url":"https:\/\/www.cltweb.org\/es\/que-hacen-los-clt\/sur-global\/","url_meta":{"origin":798,"position":2},"title":"Sur Global","author":"cltredesign_0jp0l4","date":"26 de julio de 2024","format":false,"excerpt":"","rel":"","context":"En \u00abQu\u00e9 hacen los CLT\u00bb","block_context":{"text":"Qu\u00e9 hacen los CLT","link":"https:\/\/www.cltweb.org\/es\/category\/que-hacen-los-clt\/"},"img":{"alt_text":"","src":"","width":0,"height":0},"classes":[]},{"id":823,"url":"https:\/\/www.cltweb.org\/es\/que-hacen-los-clt\/cambio-climatico\/","url_meta":{"origin":798,"position":3},"title":"Cambio clim\u00e1tico","author":"cltredesign_0jp0l4","date":"26 de julio de 2024","format":false,"excerpt":"","rel":"","context":"En \u00abQu\u00e9 hacen los CLT\u00bb","block_context":{"text":"Qu\u00e9 hacen los CLT","link":"https:\/\/www.cltweb.org\/es\/category\/que-hacen-los-clt\/"},"img":{"alt_text":"","src":"","width":0,"height":0},"classes":[]},{"id":1538,"url":"https:\/\/www.cltweb.org\/es\/que-hacen-los-clt\/justicia-territorial\/","url_meta":{"origin":798,"position":4},"title":"Justicia territorial","author":"cltredesign_0jp0l4","date":"22 de agosto de 2024","format":false,"excerpt":"","rel":"","context":"En \u00abQu\u00e9 hacen los CLT\u00bb","block_context":{"text":"Qu\u00e9 hacen los CLT","link":"https:\/\/www.cltweb.org\/es\/category\/que-hacen-los-clt\/"},"img":{"alt_text":"","src":"","width":0,"height":0},"classes":[]},{"id":1570,"url":"https:\/\/www.cltweb.org\/es\/que-hacen-los-clt\/desarrollo-comercial\/","url_meta":{"origin":798,"position":5},"title":"Desarrollo comercial","author":"cltredesign_0jp0l4","date":"3 de agosto de 2024","format":false,"excerpt":"","rel":"","context":"En \u00abQu\u00e9 hacen los CLT\u00bb","block_context":{"text":"Qu\u00e9 hacen los CLT","link":"https:\/\/www.cltweb.org\/es\/category\/que-hacen-los-clt\/"},"img":{"alt_text":"","src":"","width":0,"height":0},"classes":[]}],"_links":{"self":[{"href":"https:\/\/www.cltweb.org\/es\/wp-json\/wp\/v2\/pages\/798","targetHints":{"allow":["GET"]}}],"collection":[{"href":"https:\/\/www.cltweb.org\/es\/wp-json\/wp\/v2\/pages"}],"about":[{"href":"https:\/\/www.cltweb.org\/es\/wp-json\/wp\/v2\/types\/page"}],"author":[{"embeddable":true,"href":"https:\/\/www.cltweb.org\/es\/wp-json\/wp\/v2\/users\/1"}],"replies":[{"embeddable":true,"href":"https:\/\/www.cltweb.org\/es\/wp-json\/wp\/v2\/comments?post=798"}],"version-history":[{"count":0,"href":"https:\/\/www.cltweb.org\/es\/wp-json\/wp\/v2\/pages\/798\/revisions"}],"up":[{"embeddable":true,"href":"https:\/\/www.cltweb.org\/es\/wp-json\/wp\/v2\/pages\/747"}],"wp:attachment":[{"href":"https:\/\/www.cltweb.org\/es\/wp-json\/wp\/v2\/media?parent=798"}],"wp:term":[{"taxonomy":"category","embeddable":true,"href":"https:\/\/www.cltweb.org\/es\/wp-json\/wp\/v2\/categories?post=798"},{"taxonomy":"post_tag","embeddable":true,"href":"https:\/\/www.cltweb.org\/es\/wp-json\/wp\/v2\/tags?post=798"}],"curies":[{"name":"wp","href":"https:\/\/api.w.org\/{rel}","templated":true}]}}