{"id":858,"date":"2024-07-26T16:04:05","date_gmt":"2024-07-26T16:04:05","guid":{"rendered":"https:\/\/www.cltweb.org\/sobre-nosotros\/finanzas\/"},"modified":"2025-07-15T19:23:04","modified_gmt":"2025-07-15T19:23:04","slug":"finanzas","status":"publish","type":"page","link":"https:\/\/www.cltweb.org\/es\/sobre-nosotros\/finanzas\/","title":{"rendered":"Biblioteca de documentos"},"content":{"rendered":"<style>.kb-row-layout-id43_a891fc-96 > .kt-row-column-wrap{align-content:start;}:where(.kb-row-layout-id43_a891fc-96 > .kt-row-column-wrap) > .wp-block-kadence-column{justify-content:start;}.kb-row-layout-id43_a891fc-96 > .kt-row-column-wrap{column-gap:var(--global-kb-gap-md, 2rem);row-gap:var(--global-kb-gap-sm, 1rem);max-width:1290px;padding-top:var(--global-kb-spacing-xs, 1rem);padding-bottom:var(--global-kb-spacing-sm, 1.5rem);grid-template-columns:minmax(0, 1fr);}.kb-row-layout-id43_a891fc-96{box-shadow:0px 0px 14px 0px rgba(0, 0, 0, 0.2);}.kb-row-layout-id43_a891fc-96 > .kt-row-layout-overlay{opacity:0.80;background-color:var(--theme-palette-color-8, #ffffff);}.kb-row-layout-id43_a891fc-96 ,.kb-row-layout-id43_a891fc-96 h1,.kb-row-layout-id43_a891fc-96 h2,.kb-row-layout-id43_a891fc-96 h3,.kb-row-layout-id43_a891fc-96 h4,.kb-row-layout-id43_a891fc-96 h5,.kb-row-layout-id43_a891fc-96 h6{color:var(--global-palette3, #1A202C);}@media all and (max-width: 1024px){.kb-row-layout-id43_a891fc-96 > .kt-row-column-wrap{grid-template-columns:minmax(0, 1fr);}}@media all and (max-width: 767px){.kb-row-layout-id43_a891fc-96 > .kt-row-column-wrap{grid-template-columns:minmax(0, 1fr);}}<\/style><div class=\"kb-row-layout-wrap kb-row-layout-id43_a891fc-96 alignfull has-palette-color-8-background-color kt-row-has-bg wp-block-kadence-rowlayout\"><div class=\"kt-row-layout-overlay kt-row-overlay-normal\"><\/div><div class=\"kt-row-column-wrap kt-has-2-columns kt-row-layout-row kt-tab-layout-row kt-mobile-layout-row kt-row-valign-top kb-theme-content-width\">\n<style>.kadence-column43_b88fe2-31 > .kt-inside-inner-col,.kadence-column43_b88fe2-31 > .kt-inside-inner-col:before{border-top-left-radius:0px;border-top-right-radius:0px;border-bottom-right-radius:0px;border-bottom-left-radius:0px;}.kadence-column43_b88fe2-31 > .kt-inside-inner-col{column-gap:var(--global-kb-gap-sm, 1rem);}.kadence-column43_b88fe2-31 > .kt-inside-inner-col{flex-direction:column;}.kadence-column43_b88fe2-31 > .kt-inside-inner-col > .aligncenter{width:100%;}.kadence-column43_b88fe2-31 > .kt-inside-inner-col:before{opacity:0.3;}.kadence-column43_b88fe2-31{position:relative;}@media all and (max-width: 1024px){.kadence-column43_b88fe2-31 > .kt-inside-inner-col{flex-direction:column;justify-content:center;}}@media all and (max-width: 767px){.kadence-column43_b88fe2-31 > .kt-inside-inner-col{flex-direction:column;justify-content:center;}}<\/style>\n<div class=\"wp-block-kadence-column kadence-column43_b88fe2-31\"><div class=\"kt-inside-inner-col\">\n<h2 class=\"wp-block-heading has-medium-font-size\" id=\"h-990-irs-forms\">990 Formularios IRS<\/h2>\n\n\n\n<p><strong><a href=\"https:\/\/www.cltweb.org\/wp-content\/uploads\/2025\/07\/CLT-Center-990-for-2024-Public-Disclosure-Copy.pdf\" target=\"_blank\" rel=\"noreferrer noopener\">2024<\/a><\/strong><\/p>\n\n\n\n<p><a data-type=\"attachment\" data-id=\"3338\" href=\"https:\/\/www.cltweb.org\/wp-content\/uploads\/2024\/10\/ICCLT-Form-990-for-2023-Public-Disclosure-Copy.pdf\" target=\"_blank\" rel=\"noreferrer noopener\"><strong>2023<\/strong><\/a><\/p>\n\n\n\n<p><a data-type=\"attachment\" data-id=\"3332\" href=\"https:\/\/www.cltweb.org\/wp-content\/uploads\/2024\/10\/CLT-Center-990EZ-for-2022-Public-Disclosure-Copy.pdf\" target=\"_blank\" rel=\"noreferrer noopener\"><strong>2022<\/strong><\/a><\/p>\n\n\n\n<p><a data-type=\"attachment\" data-id=\"3326\" href=\"https:\/\/www.cltweb.org\/wp-content\/uploads\/2024\/10\/Final-2021-990-EZ-Efiled-5-10-22.pdf\" target=\"_blank\" rel=\"noreferrer noopener\"><strong>2021<\/strong><\/a><\/p>\n\n\n\n<h2 class=\"wp-block-heading has-medium-font-size\" id=\"h-audited-financial-statements\">Estados financieros auditados<\/h2>\n\n\n\n<p><a href=\"https:\/\/www.cltweb.org\/wp-content\/uploads\/2025\/04\/Audited-Financial-Statements-for-2024.pdf\" target=\"_blank\" rel=\"noreferrer noopener\"><strong>2024<\/strong><\/a><\/p>\n\n\n\n<p><a data-type=\"attachment\" data-id=\"3320\" href=\"https:\/\/www.cltweb.org\/wp-content\/uploads\/2024\/10\/Financial-Statements-2023-ICCLT.pdf\" target=\"_blank\" rel=\"noreferrer noopener\"><strong>2023<\/strong><\/a><\/p>\n\n\n\n<h2 class=\"wp-block-heading has-medium-font-size\" id=\"h-legal\"><strong>Legal<\/strong><\/h2>\n\n\n\n<p><a data-type=\"attachment\" data-id=\"3397\" href=\"https:\/\/www.cltweb.org\/wp-content\/uploads\/2024\/10\/CLT-Center-Amended-Bylaws-Approved-032124.pdf\"><strong>Estatutos<\/strong><\/a><\/p>\n\n\n\n<h2 class=\"wp-block-heading has-medium-font-size\" id=\"h-planning\"><strong>Planificaci\u00f3n<\/strong><\/h2>\n\n\n\n<p><a data-type=\"attachment\" data-id=\"1209\" href=\"https:\/\/www.cltweb.org\/wp-content\/uploads\/2024\/09\/CLT-Center-Strategic-Plan-080224.pdf\" target=\"_blank\" rel=\"noreferrer noopener\"><strong>Plan Estrat\u00e9gico para 2024 &#8211; 2027<\/strong><\/a><\/p>\n\n\n\n<h2 class=\"wp-block-heading has-medium-font-size\" id=\"h-impact-report\">Informe de impacto<\/h2>\n\n\n\n<p><a href=\"https:\/\/www.cltweb.org\/wp-content\/uploads\/2025\/06\/2024-Impact-Report_FINAL.pdf\" target=\"_blank\" rel=\"noreferrer noopener\"><strong>Informe de Impacto 2024<\/strong><\/a><\/p>\n<\/div><\/div>\n\n\n<style>.kadence-column43_0dff68-5b > .kt-inside-inner-col,.kadence-column43_0dff68-5b > .kt-inside-inner-col:before{border-top-left-radius:0px;border-top-right-radius:0px;border-bottom-right-radius:0px;border-bottom-left-radius:0px;}.kadence-column43_0dff68-5b > .kt-inside-inner-col{column-gap:var(--global-kb-gap-sm, 1rem);}.kadence-column43_0dff68-5b > .kt-inside-inner-col{flex-direction:column;}.kadence-column43_0dff68-5b > .kt-inside-inner-col > .aligncenter{width:100%;}.kadence-column43_0dff68-5b > .kt-inside-inner-col:before{opacity:0.3;}.kadence-column43_0dff68-5b{position:relative;}@media all and (max-width: 1024px){.kadence-column43_0dff68-5b > .kt-inside-inner-col{flex-direction:column;justify-content:center;}}@media all and (max-width: 767px){.kadence-column43_0dff68-5b > .kt-inside-inner-col{flex-direction:column;justify-content:center;}}<\/style>\n<div class=\"wp-block-kadence-column kadence-column43_0dff68-5b\"><div class=\"kt-inside-inner-col\"><\/div><\/div>\n\n<\/div><\/div>\n<p><\/p>\n","protected":false},"excerpt":{"rendered":"<p>Una biblioteca de nuestros documentos financieros, legales y de planificaci\u00f3n.<\/p>\n","protected":false},"author":1,"featured_media":0,"parent":727,"menu_order":2,"comment_status":"closed","ping_status":"closed","template":"","meta":{"give_campaign_id":0,"_tec_requires_first_save":true,"_kad_blocks_custom_css":"","_kad_blocks_head_custom_js":"","_kad_blocks_body_custom_js":"","_kad_blocks_footer_custom_js":"","_EventAllDay":false,"_EventTimezone":"","_EventStartDate":"","_EventEndDate":"","_EventStartDateUTC":"","_EventEndDateUTC":"","_EventShowMap":false,"_EventShowMapLink":false,"_EventURL":"","_EventCost":"","_EventCostDescription":"","_EventCurrencySymbol":"","_EventCurrencyCode":"","_EventCurrencyPosition":"","_EventDateTimeSeparator":"","_EventTimeRangeSeparator":"","_EventOrganizerID":[],"_EventVenueID":[],"_OrganizerEmail":"","_OrganizerPhone":"","_OrganizerWebsite":"","_VenueAddress":"","_VenueCity":"","_VenueCountry":"","_VenueProvince":"","_VenueState":"","_VenueZip":"","_VenuePhone":"","_VenueURL":"","_VenueStateProvince":"","_VenueLat":"","_VenueLng":"","_VenueShowMap":false,"_VenueShowMapLink":false,"_tribe_blocks_recurrence_rules":"","_tribe_blocks_recurrence_description":"","_tribe_blocks_recurrence_exclusions":"","footnotes":""},"categories":[79],"tags":[],"class_list":["post-858","page","type-page","status-publish","hentry","category-sobre-nosotros"],"blocksy_meta":[],"yoast_head":"<!-- This site is optimized with the Yoast SEO Premium plugin v27.5 (Yoast SEO v27.5) - https:\/\/yoast.com\/product\/yoast-seo-premium-wordpress\/ -->\n<title>Biblioteca de documentos - International Center for Community Land Trusts<\/title>\n<meta name=\"robots\" content=\"index, follow, max-snippet:-1, max-image-preview:large, max-video-preview:-1\" \/>\n<link rel=\"canonical\" href=\"https:\/\/www.cltweb.org\/es\/sobre-nosotros\/finanzas\/\" \/>\n<meta property=\"og:locale\" content=\"es_ES\" \/>\n<meta property=\"og:type\" content=\"article\" \/>\n<meta property=\"og:title\" content=\"Biblioteca de documentos\" \/>\n<meta property=\"og:description\" content=\"Una biblioteca de nuestros documentos financieros, legales y de planificaci\u00f3n.\" \/>\n<meta property=\"og:url\" content=\"https:\/\/www.cltweb.org\/es\/sobre-nosotros\/finanzas\/\" \/>\n<meta property=\"og:site_name\" content=\"International Center for Community Land Trusts\" \/>\n<meta property=\"article:publisher\" content=\"https:\/\/www.facebook.com\/cltcenter\" \/>\n<meta property=\"article:modified_time\" content=\"2025-07-15T19:23:04+00:00\" \/>\n<meta name=\"twitter:card\" content=\"summary_large_image\" \/>\n<meta name=\"twitter:site\" content=\"@Center4CLTs\" \/>\n<script type=\"application\/ld+json\" class=\"yoast-schema-graph\">{\"@context\":\"https:\\\/\\\/schema.org\",\"@graph\":[{\"@type\":\"WebPage\",\"@id\":\"https:\\\/\\\/www.cltweb.org\\\/es\\\/sobre-nosotros\\\/finanzas\\\/\",\"url\":\"https:\\\/\\\/www.cltweb.org\\\/es\\\/sobre-nosotros\\\/finanzas\\\/\",\"name\":\"Biblioteca de documentos - International Center for Community Land Trusts\",\"isPartOf\":{\"@id\":\"https:\\\/\\\/www.cltweb.org\\\/es\\\/#website\"},\"datePublished\":\"2024-07-26T16:04:05+00:00\",\"dateModified\":\"2025-07-15T19:23:04+00:00\",\"breadcrumb\":{\"@id\":\"https:\\\/\\\/www.cltweb.org\\\/es\\\/sobre-nosotros\\\/finanzas\\\/#breadcrumb\"},\"inLanguage\":\"es\",\"potentialAction\":[{\"@type\":\"ReadAction\",\"target\":[\"https:\\\/\\\/www.cltweb.org\\\/es\\\/sobre-nosotros\\\/finanzas\\\/\"]}]},{\"@type\":\"BreadcrumbList\",\"@id\":\"https:\\\/\\\/www.cltweb.org\\\/es\\\/sobre-nosotros\\\/finanzas\\\/#breadcrumb\",\"itemListElement\":[{\"@type\":\"ListItem\",\"position\":1,\"name\":\"Home\",\"item\":\"https:\\\/\\\/www.cltweb.org\\\/es\\\/\"},{\"@type\":\"ListItem\",\"position\":2,\"name\":\"Sobre nosotros\",\"item\":\"https:\\\/\\\/www.cltweb.org\\\/es\\\/sobre-nosotros\\\/\"},{\"@type\":\"ListItem\",\"position\":3,\"name\":\"Biblioteca de documentos\"}]},{\"@type\":\"WebSite\",\"@id\":\"https:\\\/\\\/www.cltweb.org\\\/es\\\/#website\",\"url\":\"https:\\\/\\\/www.cltweb.org\\\/es\\\/\",\"name\":\"International Center for Community Land Trusts\",\"description\":\"\",\"publisher\":{\"@id\":\"https:\\\/\\\/www.cltweb.org\\\/es\\\/#organization\"},\"potentialAction\":[{\"@type\":\"SearchAction\",\"target\":{\"@type\":\"EntryPoint\",\"urlTemplate\":\"https:\\\/\\\/www.cltweb.org\\\/es\\\/?s={search_term_string}\"},\"query-input\":{\"@type\":\"PropertyValueSpecification\",\"valueRequired\":true,\"valueName\":\"search_term_string\"}}],\"inLanguage\":\"es\"},{\"@type\":\"Organization\",\"@id\":\"https:\\\/\\\/www.cltweb.org\\\/es\\\/#organization\",\"name\":\"International Center for Community Land Trusts\",\"url\":\"https:\\\/\\\/www.cltweb.org\\\/es\\\/\",\"logo\":{\"@type\":\"ImageObject\",\"inLanguage\":\"es\",\"@id\":\"https:\\\/\\\/www.cltweb.org\\\/es\\\/#\\\/schema\\\/logo\\\/image\\\/\",\"url\":\"https:\\\/\\\/www.cltweb.org\\\/wp-content\\\/uploads\\\/2024\\\/11\\\/New-CLT-Center-Text-logo.png\",\"contentUrl\":\"https:\\\/\\\/www.cltweb.org\\\/wp-content\\\/uploads\\\/2024\\\/11\\\/New-CLT-Center-Text-logo.png\",\"width\":227,\"height\":80,\"caption\":\"International Center for Community Land Trusts\"},\"image\":{\"@id\":\"https:\\\/\\\/www.cltweb.org\\\/es\\\/#\\\/schema\\\/logo\\\/image\\\/\"},\"sameAs\":[\"https:\\\/\\\/www.facebook.com\\\/cltcenter\",\"https:\\\/\\\/x.com\\\/Center4CLTs\",\"https:\\\/\\\/www.instagram.com\\\/cltcenter\\\/\",\"https:\\\/\\\/www.linkedin.com\\\/company\\\/cltcenter\",\"https:\\\/\\\/www.youtube.com\\\/@centerforcltinnovation5313\"],\"description\":\"The International Center for Community Land Trusts is a not-for-profit nongovernmental organization established in 2018 to promote and to support community land trusts and similar strategies of community-led development on community-owned land in countries throughout the world.\",\"email\":\"info@communitylandtrust.net\",\"legalName\":\"International Center for Community Land Trusts\",\"foundingDate\":\"2018-12-01\",\"taxID\":\"84-3858933\",\"numberOfEmployees\":{\"@type\":\"QuantitativeValue\",\"minValue\":\"1\",\"maxValue\":\"10\"}}]}<\/script>\n<!-- \/ Yoast SEO Premium plugin. -->","yoast_head_json":{"title":"Biblioteca de documentos - International Center for Community Land Trusts","robots":{"index":"index","follow":"follow","max-snippet":"max-snippet:-1","max-image-preview":"max-image-preview:large","max-video-preview":"max-video-preview:-1"},"canonical":"https:\/\/www.cltweb.org\/es\/sobre-nosotros\/finanzas\/","og_locale":"es_ES","og_type":"article","og_title":"Biblioteca de documentos","og_description":"Una biblioteca de nuestros documentos financieros, legales y de planificaci\u00f3n.","og_url":"https:\/\/www.cltweb.org\/es\/sobre-nosotros\/finanzas\/","og_site_name":"International Center for Community Land Trusts","article_publisher":"https:\/\/www.facebook.com\/cltcenter","article_modified_time":"2025-07-15T19:23:04+00:00","twitter_card":"summary_large_image","twitter_site":"@Center4CLTs","schema":{"@context":"https:\/\/schema.org","@graph":[{"@type":"WebPage","@id":"https:\/\/www.cltweb.org\/es\/sobre-nosotros\/finanzas\/","url":"https:\/\/www.cltweb.org\/es\/sobre-nosotros\/finanzas\/","name":"Biblioteca de documentos - International Center for Community Land Trusts","isPartOf":{"@id":"https:\/\/www.cltweb.org\/es\/#website"},"datePublished":"2024-07-26T16:04:05+00:00","dateModified":"2025-07-15T19:23:04+00:00","breadcrumb":{"@id":"https:\/\/www.cltweb.org\/es\/sobre-nosotros\/finanzas\/#breadcrumb"},"inLanguage":"es","potentialAction":[{"@type":"ReadAction","target":["https:\/\/www.cltweb.org\/es\/sobre-nosotros\/finanzas\/"]}]},{"@type":"BreadcrumbList","@id":"https:\/\/www.cltweb.org\/es\/sobre-nosotros\/finanzas\/#breadcrumb","itemListElement":[{"@type":"ListItem","position":1,"name":"Home","item":"https:\/\/www.cltweb.org\/es\/"},{"@type":"ListItem","position":2,"name":"Sobre nosotros","item":"https:\/\/www.cltweb.org\/es\/sobre-nosotros\/"},{"@type":"ListItem","position":3,"name":"Biblioteca de documentos"}]},{"@type":"WebSite","@id":"https:\/\/www.cltweb.org\/es\/#website","url":"https:\/\/www.cltweb.org\/es\/","name":"International Center for Community Land Trusts","description":"","publisher":{"@id":"https:\/\/www.cltweb.org\/es\/#organization"},"potentialAction":[{"@type":"SearchAction","target":{"@type":"EntryPoint","urlTemplate":"https:\/\/www.cltweb.org\/es\/?s={search_term_string}"},"query-input":{"@type":"PropertyValueSpecification","valueRequired":true,"valueName":"search_term_string"}}],"inLanguage":"es"},{"@type":"Organization","@id":"https:\/\/www.cltweb.org\/es\/#organization","name":"International Center for Community Land Trusts","url":"https:\/\/www.cltweb.org\/es\/","logo":{"@type":"ImageObject","inLanguage":"es","@id":"https:\/\/www.cltweb.org\/es\/#\/schema\/logo\/image\/","url":"https:\/\/www.cltweb.org\/wp-content\/uploads\/2024\/11\/New-CLT-Center-Text-logo.png","contentUrl":"https:\/\/www.cltweb.org\/wp-content\/uploads\/2024\/11\/New-CLT-Center-Text-logo.png","width":227,"height":80,"caption":"International Center for Community Land Trusts"},"image":{"@id":"https:\/\/www.cltweb.org\/es\/#\/schema\/logo\/image\/"},"sameAs":["https:\/\/www.facebook.com\/cltcenter","https:\/\/x.com\/Center4CLTs","https:\/\/www.instagram.com\/cltcenter\/","https:\/\/www.linkedin.com\/company\/cltcenter","https:\/\/www.youtube.com\/@centerforcltinnovation5313"],"description":"The International Center for Community Land Trusts is a not-for-profit nongovernmental organization established in 2018 to promote and to support community land trusts and similar strategies of community-led development on community-owned land in countries throughout the world.","email":"info@communitylandtrust.net","legalName":"International Center for Community Land Trusts","foundingDate":"2018-12-01","taxID":"84-3858933","numberOfEmployees":{"@type":"QuantitativeValue","minValue":"1","maxValue":"10"}}]}},"campaignId":"","taxonomy_info":{"category":[{"value":79,"label":"Sobre nosotros"}]},"featured_image_src_large":false,"author_info":{"display_name":"cltredesign_0jp0l4","author_link":"https:\/\/www.cltweb.org\/es\/author\/cltredesign_0jp0l4\/"},"comment_info":0,"jetpack_sharing_enabled":true,"jetpack-related-posts":[{"id":853,"url":"https:\/\/www.cltweb.org\/pt-br\/sobre-nos\/financas\/","url_meta":{"origin":858,"position":0},"title":"Biblioteca de documentos","author":"cltredesign_0jp0l4","date":"26 de julio de 2024","format":false,"excerpt":"Uma biblioteca de nossos documentos financeiros, jur\u00eddicos e de planejamento.","rel":"","context":"En \u00abSobre n\u00f3s\u00bb","block_context":{"text":"Sobre n\u00f3s","link":"https:\/\/www.cltweb.org\/pt-br\/category\/sobre-nos\/"},"img":{"alt_text":"","src":"","width":0,"height":0},"classes":[]},{"id":1651,"url":"https:\/\/www.cltweb.org\/es\/biblioteca-de-recursos\/agricultura\/recursos-adicionales\/","url_meta":{"origin":858,"position":1},"title":"Recursos adicionales","author":"cltredesign_0jp0l4","date":"29 de julio de 2024","format":false,"excerpt":"Esta secci\u00f3n proporciona una serie de herramientas que ser\u00e1n \u00fatiles para poner en pr\u00e1ctica enfoques de agricultura urbana basados en CLT, as\u00ed como para cualquier persona interesada en garantizar la tenencia de la tierra a largo plazo para la agricultura urbana. Hemos presentado nueve estudios de casos de CLT implicados\u2026","rel":"","context":"En \u00abAgricultura\u00bb","block_context":{"text":"Agricultura","link":"https:\/\/www.cltweb.org\/es\/category\/agricultura-es\/"},"img":{"alt_text":"","src":"","width":0,"height":0},"classes":[]},{"id":3930,"url":"https:\/\/www.cltweb.org\/es\/biblioteca-de-recursos\/casos-practicos-de-clt\/","url_meta":{"origin":858,"position":2},"title":"Casos pr\u00e1cticos","author":"cltredesign_0jp0l4","date":"20 de octubre de 2024","format":false,"excerpt":"Historias sobre el origen de CLT Aunque el movimiento de fideicomisos de la tierra comunitarios en su conjunto es relativamente joven, en Estados Unidos hay varios que llevan funcionando m\u00e1s de 20 a\u00f1os. Algunas han celebrado ya su 30 aniversario. Han empezado a aparecer CLT m\u00e1s j\u00f3venes en Australia, B\u00e9lgica,\u2026","rel":"","context":"En \u00abBiblioteca de recursos\u00bb","block_context":{"text":"Biblioteca de recursos","link":"https:\/\/www.cltweb.org\/es\/category\/biblioteca-de-recursos-es\/"},"img":{"alt_text":"","src":"","width":0,"height":0},"classes":[]},{"id":881,"url":"https:\/\/www.cltweb.org\/es\/biblioteca-de-recursos\/","url_meta":{"origin":858,"position":3},"title":"Biblioteca de recursos","author":"cltredesign_0jp0l4","date":"26 de julio de 2024","format":false,"excerpt":"Red mundial Hay 616 CLT en 13 pa\u00edses. Consulta el mapa mundial, nuestra lista de redes de CLT y una secci\u00f3n dedicada a los CLT en el Sur Global. Perfiles Hemos recopilado estudios de casos de CLT, as\u00ed como entrevistas con figuras fundamentales del movimiento CLT. Investiga Hemos recopilado art\u00edculos\u2026","rel":"","context":"En \u00abBiblioteca de recursos\u00bb","block_context":{"text":"Biblioteca de recursos","link":"https:\/\/www.cltweb.org\/es\/category\/biblioteca-de-recursos-es\/"},"img":{"alt_text":"","src":"","width":0,"height":0},"classes":[]},{"id":1884,"url":"https:\/\/www.cltweb.org\/es\/biblioteca-de-recursos\/investigacion-academica\/","url_meta":{"origin":858,"position":4},"title":"Trabajos acad\u00e9micos","author":"cltredesign_0jp0l4","date":"26 de julio de 2024","format":false,"excerpt":"Introducci\u00f3n de John Emmeus Davis Uno de los principales objetivos y programas del Centro Internacional de Fideicomisos de Tierras Comunitarias es \"catalogar y difundir la investigaci\u00f3n acad\u00e9mica y no acad\u00e9mica\" sobre los fideicomisos de tierras comunitarias y estrategias similares de desarrollo dirigido por la comunidad en tierras de propiedad comunitaria.\u2026","rel":"","context":"En \u00abBiblioteca de recursos\u00bb","block_context":{"text":"Biblioteca de recursos","link":"https:\/\/www.cltweb.org\/es\/category\/biblioteca-de-recursos-es\/"},"img":{"alt_text":"","src":"","width":0,"height":0},"classes":[]},{"id":1873,"url":"https:\/\/www.cltweb.org\/es\/biblioteca-de-recursos\/bibliografia\/","url_meta":{"origin":858,"position":5},"title":"Bibliograf\u00eda","author":"cltredesign_0jp0l4","date":"26 de julio de 2024","format":false,"excerpt":"Introducci\u00f3n Esta bibliograf\u00eda es un trabajo en curso. Comenz\u00f3 hace m\u00e1s de veinticinco a\u00f1os en respuesta a las reiteradas peticiones de acad\u00e9micos y profesionales, que me preguntaban si pod\u00eda orientarles hacia \"m\u00e1s informaci\u00f3n\" sobre los fideicomisos de tierras comunitarias. Empec\u00e9 a recopilar y distribuir una lista cada vez m\u00e1s larga\u2026","rel":"","context":"En \u00abBiblioteca de recursos\u00bb","block_context":{"text":"Biblioteca de recursos","link":"https:\/\/www.cltweb.org\/es\/category\/biblioteca-de-recursos-es\/"},"img":{"alt_text":"","src":"","width":0,"height":0},"classes":[]}],"_links":{"self":[{"href":"https:\/\/www.cltweb.org\/es\/wp-json\/wp\/v2\/pages\/858","targetHints":{"allow":["GET"]}}],"collection":[{"href":"https:\/\/www.cltweb.org\/es\/wp-json\/wp\/v2\/pages"}],"about":[{"href":"https:\/\/www.cltweb.org\/es\/wp-json\/wp\/v2\/types\/page"}],"author":[{"embeddable":true,"href":"https:\/\/www.cltweb.org\/es\/wp-json\/wp\/v2\/users\/1"}],"replies":[{"embeddable":true,"href":"https:\/\/www.cltweb.org\/es\/wp-json\/wp\/v2\/comments?post=858"}],"version-history":[{"count":17,"href":"https:\/\/www.cltweb.org\/es\/wp-json\/wp\/v2\/pages\/858\/revisions"}],"predecessor-version":[{"id":9752,"href":"https:\/\/www.cltweb.org\/es\/wp-json\/wp\/v2\/pages\/858\/revisions\/9752"}],"up":[{"embeddable":true,"href":"https:\/\/www.cltweb.org\/es\/wp-json\/wp\/v2\/pages\/727"}],"wp:attachment":[{"href":"https:\/\/www.cltweb.org\/es\/wp-json\/wp\/v2\/media?parent=858"}],"wp:term":[{"taxonomy":"category","embeddable":true,"href":"https:\/\/www.cltweb.org\/es\/wp-json\/wp\/v2\/categories?post=858"},{"taxonomy":"post_tag","embeddable":true,"href":"https:\/\/www.cltweb.org\/es\/wp-json\/wp\/v2\/tags?post=858"}],"curies":[{"name":"wp","href":"https:\/\/api.w.org\/{rel}","templated":true}]}}