{"id":8671,"date":"2025-02-02T20:04:15","date_gmt":"2025-02-02T20:04:15","guid":{"rendered":"https:\/\/www.cltweb.org\/biblioteca-de-recursos\/agricultura\/conceptos-clave\/la-trampa-de-la-propiedad\/"},"modified":"2025-02-03T19:32:52","modified_gmt":"2025-02-03T19:32:52","slug":"la-trampa-de-la-propiedad","status":"publish","type":"page","link":"https:\/\/www.cltweb.org\/es\/biblioteca-de-recursos\/agricultura\/conceptos-clave\/la-trampa-de-la-propiedad\/","title":{"rendered":"La trampa de la propiedad"},"content":{"rendered":"\n<p>En muchos casos, la propiedad absoluta puede no ser lo m\u00e1s sensato para los agricultores urbanos. Esto puede resultar sorprendente en una sociedad en la que la propiedad se ha cultivado como el &#8220;patr\u00f3n oro&#8221; cuando se trata de tener seguridad y control en una vivienda o parcela de tierra. Pero como muchos propietarios estadounidenses han descubierto desde 2007, una propiedad no siempre vale m\u00e1s que el coste de financiarla: la propiedad puede tener desventajas significativas.  <\/p>\n\n<p>Incluso si un agricultor urbano tratara de comprar una parcela no urbanizada con un precio tan bajo que no fuera necesaria la financiaci\u00f3n, seguir\u00eda habiendo costes iniciales para asegurar el t\u00edtulo y pagar las tasas de transacci\u00f3n. La propiedad directa tambi\u00e9n podr\u00eda crear obligaciones fiscales sobre la propiedad, que, como comentamos m\u00e1s adelante, podr\u00edan mitigarse mediante el arrendamiento a un fideicomiso de tierras sin \u00e1nimo de lucro. Adem\u00e1s, est\u00e1n los costes de los servicios municipales, los seguros de responsabilidad civil y la dificultad de vender la propiedad en caso de que quieran dejar de cultivarla.  <\/p>\n\n<p>Sumados, estos costes y responsabilidades podr\u00edan convertir la propiedad en una trampa. En lugar de asumir que la propiedad es la regla de oro o algo que siempre hay que evitar, la clave est\u00e1 en determinar el grado de seguridad de la tenencia que mejor se adapte a los objetivos y la experiencia de un cultivador concreto. <\/p>\n","protected":false},"excerpt":{"rendered":"<p>En muchos casos, la propiedad absoluta puede no ser lo m\u00e1s sensato para los agricultores urbanos. Esto puede resultar sorprendente en una sociedad en la que la propiedad se ha [&hellip;]<\/p>\n","protected":false},"author":1,"featured_media":0,"parent":1670,"menu_order":2,"comment_status":"closed","ping_status":"closed","template":"","meta":{"give_campaign_id":0,"_tec_requires_first_save":true,"_kad_blocks_custom_css":"","_kad_blocks_head_custom_js":"","_kad_blocks_body_custom_js":"","_kad_blocks_footer_custom_js":"","_EventAllDay":false,"_EventTimezone":"","_EventStartDate":"","_EventEndDate":"","_EventStartDateUTC":"","_EventEndDateUTC":"","_EventShowMap":false,"_EventShowMapLink":false,"_EventURL":"","_EventCost":"","_EventCostDescription":"","_EventCurrencySymbol":"","_EventCurrencyCode":"","_EventCurrencyPosition":"","_EventDateTimeSeparator":"","_EventTimeRangeSeparator":"","_EventOrganizerID":[],"_EventVenueID":[],"_OrganizerEmail":"","_OrganizerPhone":"","_OrganizerWebsite":"","_VenueAddress":"","_VenueCity":"","_VenueCountry":"","_VenueProvince":"","_VenueState":"","_VenueZip":"","_VenuePhone":"","_VenueURL":"","_VenueStateProvince":"","_VenueLat":"","_VenueLng":"","_VenueShowMap":false,"_VenueShowMapLink":false,"_tribe_blocks_recurrence_rules":"","_tribe_blocks_recurrence_description":"","_tribe_blocks_recurrence_exclusions":"","footnotes":""},"categories":[126],"tags":[],"class_list":["post-8671","page","type-page","status-publish","hentry","category-agricultura-es"],"blocksy_meta":[],"yoast_head":"<!-- This site is optimized with the Yoast SEO Premium plugin v27.5 (Yoast SEO v27.5) - https:\/\/yoast.com\/product\/yoast-seo-premium-wordpress\/ -->\n<title>La trampa de la propiedad - International Center for Community Land Trusts<\/title>\n<meta name=\"robots\" content=\"index, follow, max-snippet:-1, max-image-preview:large, max-video-preview:-1\" \/>\n<link rel=\"canonical\" href=\"https:\/\/www.cltweb.org\/es\/biblioteca-de-recursos\/agricultura\/conceptos-clave\/la-trampa-de-la-propiedad\/\" \/>\n<meta property=\"og:locale\" content=\"es_ES\" \/>\n<meta property=\"og:type\" content=\"article\" \/>\n<meta property=\"og:title\" content=\"La trampa de la propiedad\" \/>\n<meta property=\"og:description\" content=\"En muchos casos, la propiedad absoluta puede no ser lo m\u00e1s sensato para los agricultores urbanos. Esto puede resultar sorprendente en una sociedad en la que la propiedad se ha [&hellip;]\" \/>\n<meta property=\"og:url\" content=\"https:\/\/www.cltweb.org\/es\/biblioteca-de-recursos\/agricultura\/conceptos-clave\/la-trampa-de-la-propiedad\/\" \/>\n<meta property=\"og:site_name\" content=\"International Center for Community Land Trusts\" \/>\n<meta property=\"article:publisher\" content=\"https:\/\/www.facebook.com\/cltcenter\" \/>\n<meta property=\"article:modified_time\" content=\"2025-02-03T19:32:52+00:00\" \/>\n<meta name=\"twitter:card\" content=\"summary_large_image\" \/>\n<meta name=\"twitter:site\" content=\"@Center4CLTs\" \/>\n<meta name=\"twitter:label1\" content=\"Tiempo de lectura\" \/>\n\t<meta name=\"twitter:data1\" content=\"1 minuto\" \/>\n<script type=\"application\/ld+json\" class=\"yoast-schema-graph\">{\"@context\":\"https:\\\/\\\/schema.org\",\"@graph\":[{\"@type\":\"WebPage\",\"@id\":\"https:\\\/\\\/www.cltweb.org\\\/es\\\/biblioteca-de-recursos\\\/agricultura\\\/conceptos-clave\\\/la-trampa-de-la-propiedad\\\/\",\"url\":\"https:\\\/\\\/www.cltweb.org\\\/es\\\/biblioteca-de-recursos\\\/agricultura\\\/conceptos-clave\\\/la-trampa-de-la-propiedad\\\/\",\"name\":\"La trampa de la propiedad - International Center for Community Land Trusts\",\"isPartOf\":{\"@id\":\"https:\\\/\\\/www.cltweb.org\\\/es\\\/#website\"},\"datePublished\":\"2025-02-02T20:04:15+00:00\",\"dateModified\":\"2025-02-03T19:32:52+00:00\",\"breadcrumb\":{\"@id\":\"https:\\\/\\\/www.cltweb.org\\\/es\\\/biblioteca-de-recursos\\\/agricultura\\\/conceptos-clave\\\/la-trampa-de-la-propiedad\\\/#breadcrumb\"},\"inLanguage\":\"es\",\"potentialAction\":[{\"@type\":\"ReadAction\",\"target\":[\"https:\\\/\\\/www.cltweb.org\\\/es\\\/biblioteca-de-recursos\\\/agricultura\\\/conceptos-clave\\\/la-trampa-de-la-propiedad\\\/\"]}]},{\"@type\":\"BreadcrumbList\",\"@id\":\"https:\\\/\\\/www.cltweb.org\\\/es\\\/biblioteca-de-recursos\\\/agricultura\\\/conceptos-clave\\\/la-trampa-de-la-propiedad\\\/#breadcrumb\",\"itemListElement\":[{\"@type\":\"ListItem\",\"position\":1,\"name\":\"Home\",\"item\":\"https:\\\/\\\/www.cltweb.org\\\/es\\\/\"},{\"@type\":\"ListItem\",\"position\":2,\"name\":\"Biblioteca de recursos\",\"item\":\"https:\\\/\\\/www.cltweb.org\\\/es\\\/biblioteca-de-recursos\\\/\"},{\"@type\":\"ListItem\",\"position\":3,\"name\":\"Tenencia de la tierra para la agricultura urbana\",\"item\":\"https:\\\/\\\/www.cltweb.org\\\/es\\\/biblioteca-de-recursos\\\/agricultura\\\/\"},{\"@type\":\"ListItem\",\"position\":4,\"name\":\"Conceptos clave\",\"item\":\"https:\\\/\\\/www.cltweb.org\\\/es\\\/biblioteca-de-recursos\\\/agricultura\\\/conceptos-clave\\\/\"},{\"@type\":\"ListItem\",\"position\":5,\"name\":\"La trampa de la propiedad\"}]},{\"@type\":\"WebSite\",\"@id\":\"https:\\\/\\\/www.cltweb.org\\\/es\\\/#website\",\"url\":\"https:\\\/\\\/www.cltweb.org\\\/es\\\/\",\"name\":\"International Center for Community Land Trusts\",\"description\":\"\",\"publisher\":{\"@id\":\"https:\\\/\\\/www.cltweb.org\\\/es\\\/#organization\"},\"potentialAction\":[{\"@type\":\"SearchAction\",\"target\":{\"@type\":\"EntryPoint\",\"urlTemplate\":\"https:\\\/\\\/www.cltweb.org\\\/es\\\/?s={search_term_string}\"},\"query-input\":{\"@type\":\"PropertyValueSpecification\",\"valueRequired\":true,\"valueName\":\"search_term_string\"}}],\"inLanguage\":\"es\"},{\"@type\":\"Organization\",\"@id\":\"https:\\\/\\\/www.cltweb.org\\\/es\\\/#organization\",\"name\":\"International Center for Community Land Trusts\",\"url\":\"https:\\\/\\\/www.cltweb.org\\\/es\\\/\",\"logo\":{\"@type\":\"ImageObject\",\"inLanguage\":\"es\",\"@id\":\"https:\\\/\\\/www.cltweb.org\\\/es\\\/#\\\/schema\\\/logo\\\/image\\\/\",\"url\":\"https:\\\/\\\/www.cltweb.org\\\/wp-content\\\/uploads\\\/2024\\\/11\\\/New-CLT-Center-Text-logo.png\",\"contentUrl\":\"https:\\\/\\\/www.cltweb.org\\\/wp-content\\\/uploads\\\/2024\\\/11\\\/New-CLT-Center-Text-logo.png\",\"width\":227,\"height\":80,\"caption\":\"International Center for Community Land Trusts\"},\"image\":{\"@id\":\"https:\\\/\\\/www.cltweb.org\\\/es\\\/#\\\/schema\\\/logo\\\/image\\\/\"},\"sameAs\":[\"https:\\\/\\\/www.facebook.com\\\/cltcenter\",\"https:\\\/\\\/x.com\\\/Center4CLTs\",\"https:\\\/\\\/www.instagram.com\\\/cltcenter\\\/\",\"https:\\\/\\\/www.linkedin.com\\\/company\\\/cltcenter\",\"https:\\\/\\\/www.youtube.com\\\/@centerforcltinnovation5313\"],\"description\":\"The International Center for Community Land Trusts is a not-for-profit nongovernmental organization established in 2018 to promote and to support community land trusts and similar strategies of community-led development on community-owned land in countries throughout the world.\",\"email\":\"info@communitylandtrust.net\",\"legalName\":\"International Center for Community Land Trusts\",\"foundingDate\":\"2018-12-01\",\"taxID\":\"84-3858933\",\"numberOfEmployees\":{\"@type\":\"QuantitativeValue\",\"minValue\":\"1\",\"maxValue\":\"10\"}}]}<\/script>\n<!-- \/ Yoast SEO Premium plugin. -->","yoast_head_json":{"title":"La trampa de la propiedad - International Center for Community Land Trusts","robots":{"index":"index","follow":"follow","max-snippet":"max-snippet:-1","max-image-preview":"max-image-preview:large","max-video-preview":"max-video-preview:-1"},"canonical":"https:\/\/www.cltweb.org\/es\/biblioteca-de-recursos\/agricultura\/conceptos-clave\/la-trampa-de-la-propiedad\/","og_locale":"es_ES","og_type":"article","og_title":"La trampa de la propiedad","og_description":"En muchos casos, la propiedad absoluta puede no ser lo m\u00e1s sensato para los agricultores urbanos. Esto puede resultar sorprendente en una sociedad en la que la propiedad se ha [&hellip;]","og_url":"https:\/\/www.cltweb.org\/es\/biblioteca-de-recursos\/agricultura\/conceptos-clave\/la-trampa-de-la-propiedad\/","og_site_name":"International Center for Community Land Trusts","article_publisher":"https:\/\/www.facebook.com\/cltcenter","article_modified_time":"2025-02-03T19:32:52+00:00","twitter_card":"summary_large_image","twitter_site":"@Center4CLTs","twitter_misc":{"Tiempo de lectura":"1 minuto"},"schema":{"@context":"https:\/\/schema.org","@graph":[{"@type":"WebPage","@id":"https:\/\/www.cltweb.org\/es\/biblioteca-de-recursos\/agricultura\/conceptos-clave\/la-trampa-de-la-propiedad\/","url":"https:\/\/www.cltweb.org\/es\/biblioteca-de-recursos\/agricultura\/conceptos-clave\/la-trampa-de-la-propiedad\/","name":"La trampa de la propiedad - International Center for Community Land Trusts","isPartOf":{"@id":"https:\/\/www.cltweb.org\/es\/#website"},"datePublished":"2025-02-02T20:04:15+00:00","dateModified":"2025-02-03T19:32:52+00:00","breadcrumb":{"@id":"https:\/\/www.cltweb.org\/es\/biblioteca-de-recursos\/agricultura\/conceptos-clave\/la-trampa-de-la-propiedad\/#breadcrumb"},"inLanguage":"es","potentialAction":[{"@type":"ReadAction","target":["https:\/\/www.cltweb.org\/es\/biblioteca-de-recursos\/agricultura\/conceptos-clave\/la-trampa-de-la-propiedad\/"]}]},{"@type":"BreadcrumbList","@id":"https:\/\/www.cltweb.org\/es\/biblioteca-de-recursos\/agricultura\/conceptos-clave\/la-trampa-de-la-propiedad\/#breadcrumb","itemListElement":[{"@type":"ListItem","position":1,"name":"Home","item":"https:\/\/www.cltweb.org\/es\/"},{"@type":"ListItem","position":2,"name":"Biblioteca de recursos","item":"https:\/\/www.cltweb.org\/es\/biblioteca-de-recursos\/"},{"@type":"ListItem","position":3,"name":"Tenencia de la tierra para la agricultura urbana","item":"https:\/\/www.cltweb.org\/es\/biblioteca-de-recursos\/agricultura\/"},{"@type":"ListItem","position":4,"name":"Conceptos clave","item":"https:\/\/www.cltweb.org\/es\/biblioteca-de-recursos\/agricultura\/conceptos-clave\/"},{"@type":"ListItem","position":5,"name":"La trampa de la propiedad"}]},{"@type":"WebSite","@id":"https:\/\/www.cltweb.org\/es\/#website","url":"https:\/\/www.cltweb.org\/es\/","name":"International Center for Community Land Trusts","description":"","publisher":{"@id":"https:\/\/www.cltweb.org\/es\/#organization"},"potentialAction":[{"@type":"SearchAction","target":{"@type":"EntryPoint","urlTemplate":"https:\/\/www.cltweb.org\/es\/?s={search_term_string}"},"query-input":{"@type":"PropertyValueSpecification","valueRequired":true,"valueName":"search_term_string"}}],"inLanguage":"es"},{"@type":"Organization","@id":"https:\/\/www.cltweb.org\/es\/#organization","name":"International Center for Community Land Trusts","url":"https:\/\/www.cltweb.org\/es\/","logo":{"@type":"ImageObject","inLanguage":"es","@id":"https:\/\/www.cltweb.org\/es\/#\/schema\/logo\/image\/","url":"https:\/\/www.cltweb.org\/wp-content\/uploads\/2024\/11\/New-CLT-Center-Text-logo.png","contentUrl":"https:\/\/www.cltweb.org\/wp-content\/uploads\/2024\/11\/New-CLT-Center-Text-logo.png","width":227,"height":80,"caption":"International Center for Community Land Trusts"},"image":{"@id":"https:\/\/www.cltweb.org\/es\/#\/schema\/logo\/image\/"},"sameAs":["https:\/\/www.facebook.com\/cltcenter","https:\/\/x.com\/Center4CLTs","https:\/\/www.instagram.com\/cltcenter\/","https:\/\/www.linkedin.com\/company\/cltcenter","https:\/\/www.youtube.com\/@centerforcltinnovation5313"],"description":"The International Center for Community Land Trusts is a not-for-profit nongovernmental organization established in 2018 to promote and to support community land trusts and similar strategies of community-led development on community-owned land in countries throughout the world.","email":"info@communitylandtrust.net","legalName":"International Center for Community Land Trusts","foundingDate":"2018-12-01","taxID":"84-3858933","numberOfEmployees":{"@type":"QuantitativeValue","minValue":"1","maxValue":"10"}}]}},"campaignId":"","taxonomy_info":{"category":[{"value":126,"label":"Agricultura"}]},"featured_image_src_large":false,"author_info":{"display_name":"cltredesign_0jp0l4","author_link":"https:\/\/www.cltweb.org\/es\/author\/cltredesign_0jp0l4\/"},"comment_info":0,"jetpack_sharing_enabled":true,"jetpack-related-posts":[{"id":8699,"url":"https:\/\/www.cltweb.org\/es\/biblioteca-de-recursos\/agricultura\/conceptos-clave\/tenencia-de-la-tierra-a-su-medida\/","url_meta":{"origin":8671,"position":0},"title":"Tenencia de la Tierra a su Medida","author":"cltredesign_0jp0l4","date":"2 de febrero de 2025","format":false,"excerpt":"La tenencia de la tierra debe permitir al agricultor recuperar sus inversiones. Aunque los modelos de negocio \"pop-up\" son cada vez m\u00e1s populares en los sectores de la restauraci\u00f3n y la venta al por menor, es un modelo dif\u00edcil para el cultivo urbano. El acceso a la tierra para una\u2026","rel":"","context":"En \u00abAgricultura\u00bb","block_context":{"text":"Agricultura","link":"https:\/\/www.cltweb.org\/es\/category\/agricultura-es\/"},"img":{"alt_text":"","src":"","width":0,"height":0},"classes":[]},{"id":8975,"url":"https:\/\/www.cltweb.org\/es\/biblioteca-de-recursos\/agricultura\/recursos-adicionales\/como-aseguran-y-protegen-los-clt-la-tierra\/pleno-dominio\/","url_meta":{"origin":8671,"position":1},"title":"Pleno dominio","author":"cltredesign_0jp0l4","date":"3 de febrero de 2025","format":false,"excerpt":"La propiedad simple permite a un CLT poseer el mayor n\u00famero de \"palos\" en el paquete de derechos de propiedad y proporciona un alto nivel de seguridad de la tierra, siempre que se cumplan todos los pagos de la hipoteca y las obligaciones fiscales. En las zonas urbanas, los terrenos\u2026","rel":"","context":"En \u00abAgricultura\u00bb","block_context":{"text":"Agricultura","link":"https:\/\/www.cltweb.org\/es\/category\/agricultura-es\/"},"img":{"alt_text":"","src":"","width":0,"height":0},"classes":[]},{"id":4518,"url":"https:\/\/www.cltweb.org\/es\/biblioteca-de-recursos\/entrevistas\/liz-alden-wily-2020\/","url_meta":{"origin":8671,"position":2},"title":"Liz Alden Wily (2020)","author":"cltredesign_0jp0l4","date":"22 de octubre de 2024","format":false,"excerpt":"Liz Alden Wily, doctora en Ciencias Pol\u00edticas, es especialista en tenencia de la tierra, y trabaja como investigadora, asesora t\u00e9cnica y profesional sobre la tenencia comunitaria de la tierra. Ha trabajado sobre este tema en una veintena de pa\u00edses. Ha escrito un cap\u00edtulo en On Common Ground titulado \"Challenges for\u2026","rel":"","context":"En \u00abEntrevistas\u00bb","block_context":{"text":"Entrevistas","link":"https:\/\/www.cltweb.org\/es\/category\/entrevistas\/"},"img":{"alt_text":"","src":"","width":0,"height":0},"classes":[]},{"id":1863,"url":"https:\/\/www.cltweb.org\/es\/biblioteca-de-recursos\/informes\/","url_meta":{"origin":8671,"position":3},"title":"Informes","author":"cltredesign_0jp0l4","date":"26 de julio de 2024","format":false,"excerpt":"Propiedad de vivienda de capital compartido (2006) Por John Emmeus Davis, Instituto Nacional de la Vivienda La propiedad de vivienda de capital compartido garantiza que las viviendas sigan siendo asequibles a largo plazo para los hogares con rentas m\u00e1s bajas, al restringir la revalorizaci\u00f3n que puede retener el propietario, preservando\u2026","rel":"","context":"En \u00abBiblioteca de recursos\u00bb","block_context":{"text":"Biblioteca de recursos","link":"https:\/\/www.cltweb.org\/es\/category\/biblioteca-de-recursos-es\/"},"img":{"alt_text":"","src":"","width":0,"height":0},"classes":[]},{"id":4491,"url":"https:\/\/www.cltweb.org\/es\/biblioteca-de-recursos\/entrevistas\/bob-swann-1973\/","url_meta":{"origin":8671,"position":4},"title":"Bob Swann (1973)","author":"cltredesign_0jp0l4","date":"22 de octubre de 2024","format":false,"excerpt":"Esta es una de las primeras entrevistas concedidas por Bob Swann. \u00a1Apareci\u00f3 en Lifestyle! poco despu\u00e9s de que \u00e9l y tres colegas publicaran The Community Land Trust: A Guide to a New Model for Land Tenure in America; y poco despu\u00e9s de que Bob se hubiera convertido en director ejecutivo\u2026","rel":"","context":"En \u00abEntrevistas\u00bb","block_context":{"text":"Entrevistas","link":"https:\/\/www.cltweb.org\/es\/category\/entrevistas\/"},"img":{"alt_text":"","src":"","width":0,"height":0},"classes":[]},{"id":8765,"url":"https:\/\/www.cltweb.org\/es\/biblioteca-de-recursos\/agricultura\/el-modelo-de-servidor-central\/estudio-de-caso-neighborspace-chicago-il\/","url_meta":{"origin":8671,"position":5},"title":"Estudio de caso: NeighborSpace (Chicago, IL)","author":"cltredesign_0jp0l4","date":"2 de febrero de 2025","format":false,"excerpt":"NeighborSpace es quiz\u00e1 la organizaci\u00f3n existente m\u00e1s cercana a lo que podr\u00eda considerarse un modelo de fideicomiso de tierras de servidor central para la agricultura urbana. Un examen m\u00e1s detallado de la historia y la estructura de NeighborSpace apunta a c\u00f3mo podr\u00eda desarrollarse un modelo de servidor central para la\u2026","rel":"","context":"En \u00abAgricultura\u00bb","block_context":{"text":"Agricultura","link":"https:\/\/www.cltweb.org\/es\/category\/agricultura-es\/"},"img":{"alt_text":"","src":"","width":0,"height":0},"classes":[]}],"_links":{"self":[{"href":"https:\/\/www.cltweb.org\/es\/wp-json\/wp\/v2\/pages\/8671","targetHints":{"allow":["GET"]}}],"collection":[{"href":"https:\/\/www.cltweb.org\/es\/wp-json\/wp\/v2\/pages"}],"about":[{"href":"https:\/\/www.cltweb.org\/es\/wp-json\/wp\/v2\/types\/page"}],"author":[{"embeddable":true,"href":"https:\/\/www.cltweb.org\/es\/wp-json\/wp\/v2\/users\/1"}],"replies":[{"embeddable":true,"href":"https:\/\/www.cltweb.org\/es\/wp-json\/wp\/v2\/comments?post=8671"}],"version-history":[{"count":2,"href":"https:\/\/www.cltweb.org\/es\/wp-json\/wp\/v2\/pages\/8671\/revisions"}],"predecessor-version":[{"id":8817,"href":"https:\/\/www.cltweb.org\/es\/wp-json\/wp\/v2\/pages\/8671\/revisions\/8817"}],"up":[{"embeddable":true,"href":"https:\/\/www.cltweb.org\/es\/wp-json\/wp\/v2\/pages\/1670"}],"wp:attachment":[{"href":"https:\/\/www.cltweb.org\/es\/wp-json\/wp\/v2\/media?parent=8671"}],"wp:term":[{"taxonomy":"category","embeddable":true,"href":"https:\/\/www.cltweb.org\/es\/wp-json\/wp\/v2\/categories?post=8671"},{"taxonomy":"post_tag","embeddable":true,"href":"https:\/\/www.cltweb.org\/es\/wp-json\/wp\/v2\/tags?post=8671"}],"curies":[{"name":"wp","href":"https:\/\/api.w.org\/{rel}","templated":true}]}}