{"id":8724,"date":"2025-02-02T20:47:32","date_gmt":"2025-02-02T20:47:32","guid":{"rendered":"https:\/\/www.cltweb.org\/biblioteca-de-recursos\/agricultura\/el-papel-de-los-fideicomisos-de-tierras\/fideicomisos-de-tierras-de-espacios-abiertos\/"},"modified":"2025-02-03T19:46:57","modified_gmt":"2025-02-03T19:46:57","slug":"fideicomisos-de-tierras-de-espacios-abiertos","status":"publish","type":"page","link":"https:\/\/www.cltweb.org\/es\/biblioteca-de-recursos\/agricultura\/el-papel-de-los-fideicomisos-de-tierras\/fideicomisos-de-tierras-de-espacios-abiertos\/","title":{"rendered":"Fideicomisos de tierras de espacios abiertos"},"content":{"rendered":"\n<h2 class=\"wp-block-heading\" id=\"h-neighborspace\">NeighborSpace<\/h2>\n\n<p>NeighborSpace es un fondo de tierras que posee terrenos para huertos comunitarios y, cada vez m\u00e1s, granjas urbanas en Chicago. Se fund\u00f3 en 1996 en respuesta a una recomendaci\u00f3n de un informe urban\u00edstico seg\u00fan el cual Chicago ocupaba el 18\u00ba lugar entre 20 grandes ciudades en cuanto a espacios abiertos per c\u00e1pita. NeighborSpace se cre\u00f3 mediante un acuerdo intergubernamental aprobado por el Ayuntamiento de Chicago, la Junta de Comisionados del Condado de Cook y la junta del Distrito de Parques de Chicago. Funciona como una organizaci\u00f3n sin \u00e1nimo de lucro, pero con un importante apoyo y supervisi\u00f3n del gobierno. Cada uno de los gobiernos fundadores aporta 100.000 d\u00f3lares anuales de financiaci\u00f3n y tiene tres puestos en el consejo de NeighborSpace.    <\/p>\n\n<p>NeighborSpace posee actualmente algo m\u00e1s de 100 propiedades en la ciudad de Chicago. La mayor\u00eda son huertos comunitarios, pero en torno a 2010, el fideicomiso de la tierra empez\u00f3 a tener propiedades m\u00e1s grandes para granjas urbanas. Esto se produjo tras la decisi\u00f3n de la junta directiva de NeighborSpace de que la agricultura urbana encajaba en su misi\u00f3n siempre que las granjas fueran sin \u00e1nimo de lucro, no tuvieran estructuras permanentes en los terrenos de NeighborSpace y no fueran demasiado grandes para el contexto de su barrio. La granja de Honore Street, en Englewood, un terreno de casi un acre gestionado por Growing Home, se convirti\u00f3 en el primer terreno agr\u00edcola propiedad de NeighborSpace. M\u00e1s tarde, el fondo se hizo con la propiedad de 2,5 acres de terreno en East Garfield Park, cultivados por Chicago FarmWorks, una organizaci\u00f3n sin \u00e1nimo de lucro que distribuye los productos a trav\u00e9s del Dep\u00f3sito de Alimentos del Gran Chicago.    <\/p>\n\n<p>En 2015, NeighborSpace empez\u00f3 a facilitar un proceso de planificaci\u00f3n para determinar un modelo de tenencia de la tierra para las granjas con \u00e1nimo de lucro de Chicago. En la actualidad, las granjas con \u00e1nimo de lucro suelen arrendar terrenos a propietarios privados. El proceso en curso prev\u00e9 que NeighborSpace o una nueva entidad mantenga los terrenos en fideicomiso para una cooperativa agr\u00edcola sin \u00e1nimo de lucro, cuyos miembros podr\u00edan ser a su vez organizaciones sin \u00e1nimo de lucro o con \u00e1nimo de lucro.  <\/p>\n\n<h2 class=\"wp-block-heading\" id=\"h-new-york-community-garden-land-trusts\">Fideicomisos de la Tierra para Jardines Comunitarios de Nueva York<\/h2>\n\n<p>En 1999, la administraci\u00f3n del alcalde Giuliani anunci\u00f3 un plan para subastar m\u00e1s de cien terrenos de propiedad municipal que albergaban huertos comunitarios. Los jardineros y sus aliados se movilizaron en resistencia al plan, organizando manifestaciones y presentando demandas judiciales. En 2002, estas demandas desembocaron en un acuerdo negociado con la administraci\u00f3n del alcalde Bloomberg, por el que se adquirieron 69 huertos, que quedaron en manos del Trust for Public Lands (TPL). El Proyecto de Restauraci\u00f3n de Nueva York (NYRP), una organizaci\u00f3n sin \u00e1nimo de lucro fundada y financiada por la actriz Bette Midler, se hizo con la propiedad de docenas de jardines m\u00e1s.   <\/p>\n\n<p>En los a\u00f1os transcurridos desde entonces, la TPL cre\u00f3 tres fideicomisos locales de terrenos para mantener y gestionar los jardines: el Manhattan Land Trust, el Brooklyn-Queens Land Trust y el Bronx Land Trust. El consejo de cada uno de estos fideicomisos de la tierra est\u00e1 compuesto por una mezcla de l\u00edderes de jardines comunitarios y personal de organizaciones sin \u00e1nimo de lucro de la ciudad de Nueva York. El NYRP ha asumido una misi\u00f3n m\u00e1s amplia, proporcionar espacios verdes a las zonas desatendidas de la ciudad, y no est\u00e1 dirigido por jardineros, sino por una serie de fil\u00e1ntropos, empresarios y l\u00edderes c\u00edvicos neoyorquinos. Algunos de sus emplazamientos se han renovado con el apoyo de empresas como Target, y han reducido el espacio disponible para jardines gestionados por la comunidad, en favor de ordenados parques de bolsillo.   <\/p>\n","protected":false},"excerpt":{"rendered":"<p>NeighborSpace NeighborSpace es un fondo de tierras que posee terrenos para huertos comunitarios y, cada vez m\u00e1s, granjas urbanas en Chicago. Se fund\u00f3 en 1996 en respuesta a una recomendaci\u00f3n [&hellip;]<\/p>\n","protected":false},"author":1,"featured_media":0,"parent":1661,"menu_order":1,"comment_status":"closed","ping_status":"closed","template":"","meta":{"give_campaign_id":0,"_tec_requires_first_save":true,"_kad_blocks_custom_css":"","_kad_blocks_head_custom_js":"","_kad_blocks_body_custom_js":"","_kad_blocks_footer_custom_js":"","_EventAllDay":false,"_EventTimezone":"","_EventStartDate":"","_EventEndDate":"","_EventStartDateUTC":"","_EventEndDateUTC":"","_EventShowMap":false,"_EventShowMapLink":false,"_EventURL":"","_EventCost":"","_EventCostDescription":"","_EventCurrencySymbol":"","_EventCurrencyCode":"","_EventCurrencyPosition":"","_EventDateTimeSeparator":"","_EventTimeRangeSeparator":"","_EventOrganizerID":[],"_EventVenueID":[],"_OrganizerEmail":"","_OrganizerPhone":"","_OrganizerWebsite":"","_VenueAddress":"","_VenueCity":"","_VenueCountry":"","_VenueProvince":"","_VenueState":"","_VenueZip":"","_VenuePhone":"","_VenueURL":"","_VenueStateProvince":"","_VenueLat":"","_VenueLng":"","_VenueShowMap":false,"_VenueShowMapLink":false,"_tribe_blocks_recurrence_rules":"","_tribe_blocks_recurrence_description":"","_tribe_blocks_recurrence_exclusions":"","footnotes":""},"categories":[126],"tags":[],"class_list":["post-8724","page","type-page","status-publish","hentry","category-agricultura-es"],"blocksy_meta":[],"yoast_head":"<!-- This site is optimized with the Yoast SEO Premium plugin v27.5 (Yoast SEO v27.5) - https:\/\/yoast.com\/product\/yoast-seo-premium-wordpress\/ -->\n<title>Fideicomisos de tierras de espacios abiertos - International Center for Community Land Trusts<\/title>\n<meta name=\"robots\" content=\"index, follow, max-snippet:-1, max-image-preview:large, max-video-preview:-1\" \/>\n<link rel=\"canonical\" href=\"https:\/\/www.cltweb.org\/es\/biblioteca-de-recursos\/agricultura\/el-papel-de-los-fideicomisos-de-tierras\/fideicomisos-de-tierras-de-espacios-abiertos\/\" \/>\n<meta property=\"og:locale\" content=\"es_ES\" \/>\n<meta property=\"og:type\" content=\"article\" \/>\n<meta property=\"og:title\" content=\"Fideicomisos de tierras de espacios abiertos\" \/>\n<meta property=\"og:description\" content=\"NeighborSpace NeighborSpace es un fondo de tierras que posee terrenos para huertos comunitarios y, cada vez m\u00e1s, granjas urbanas en Chicago. Se fund\u00f3 en 1996 en respuesta a una recomendaci\u00f3n [&hellip;]\" \/>\n<meta property=\"og:url\" content=\"https:\/\/www.cltweb.org\/es\/biblioteca-de-recursos\/agricultura\/el-papel-de-los-fideicomisos-de-tierras\/fideicomisos-de-tierras-de-espacios-abiertos\/\" \/>\n<meta property=\"og:site_name\" content=\"International Center for Community Land Trusts\" \/>\n<meta property=\"article:publisher\" content=\"https:\/\/www.facebook.com\/cltcenter\" \/>\n<meta property=\"article:modified_time\" content=\"2025-02-03T19:46:57+00:00\" \/>\n<meta name=\"twitter:card\" content=\"summary_large_image\" \/>\n<meta name=\"twitter:site\" content=\"@Center4CLTs\" \/>\n<meta name=\"twitter:label1\" content=\"Tiempo de lectura\" \/>\n\t<meta name=\"twitter:data1\" content=\"3 minutos\" \/>\n<script type=\"application\/ld+json\" class=\"yoast-schema-graph\">{\"@context\":\"https:\\\/\\\/schema.org\",\"@graph\":[{\"@type\":\"WebPage\",\"@id\":\"https:\\\/\\\/www.cltweb.org\\\/es\\\/biblioteca-de-recursos\\\/agricultura\\\/el-papel-de-los-fideicomisos-de-tierras\\\/fideicomisos-de-tierras-de-espacios-abiertos\\\/\",\"url\":\"https:\\\/\\\/www.cltweb.org\\\/es\\\/biblioteca-de-recursos\\\/agricultura\\\/el-papel-de-los-fideicomisos-de-tierras\\\/fideicomisos-de-tierras-de-espacios-abiertos\\\/\",\"name\":\"Fideicomisos de tierras de espacios abiertos - International Center for Community Land Trusts\",\"isPartOf\":{\"@id\":\"https:\\\/\\\/www.cltweb.org\\\/es\\\/#website\"},\"datePublished\":\"2025-02-02T20:47:32+00:00\",\"dateModified\":\"2025-02-03T19:46:57+00:00\",\"breadcrumb\":{\"@id\":\"https:\\\/\\\/www.cltweb.org\\\/es\\\/biblioteca-de-recursos\\\/agricultura\\\/el-papel-de-los-fideicomisos-de-tierras\\\/fideicomisos-de-tierras-de-espacios-abiertos\\\/#breadcrumb\"},\"inLanguage\":\"es\",\"potentialAction\":[{\"@type\":\"ReadAction\",\"target\":[\"https:\\\/\\\/www.cltweb.org\\\/es\\\/biblioteca-de-recursos\\\/agricultura\\\/el-papel-de-los-fideicomisos-de-tierras\\\/fideicomisos-de-tierras-de-espacios-abiertos\\\/\"]}]},{\"@type\":\"BreadcrumbList\",\"@id\":\"https:\\\/\\\/www.cltweb.org\\\/es\\\/biblioteca-de-recursos\\\/agricultura\\\/el-papel-de-los-fideicomisos-de-tierras\\\/fideicomisos-de-tierras-de-espacios-abiertos\\\/#breadcrumb\",\"itemListElement\":[{\"@type\":\"ListItem\",\"position\":1,\"name\":\"Home\",\"item\":\"https:\\\/\\\/www.cltweb.org\\\/es\\\/\"},{\"@type\":\"ListItem\",\"position\":2,\"name\":\"Biblioteca de recursos\",\"item\":\"https:\\\/\\\/www.cltweb.org\\\/es\\\/biblioteca-de-recursos\\\/\"},{\"@type\":\"ListItem\",\"position\":3,\"name\":\"Tenencia de la tierra para la agricultura urbana\",\"item\":\"https:\\\/\\\/www.cltweb.org\\\/es\\\/biblioteca-de-recursos\\\/agricultura\\\/\"},{\"@type\":\"ListItem\",\"position\":4,\"name\":\"El papel de los fideicomisos de tierras\",\"item\":\"https:\\\/\\\/www.cltweb.org\\\/es\\\/biblioteca-de-recursos\\\/agricultura\\\/el-papel-de-los-fideicomisos-de-tierras\\\/\"},{\"@type\":\"ListItem\",\"position\":5,\"name\":\"Fideicomisos de tierras de espacios abiertos\"}]},{\"@type\":\"WebSite\",\"@id\":\"https:\\\/\\\/www.cltweb.org\\\/es\\\/#website\",\"url\":\"https:\\\/\\\/www.cltweb.org\\\/es\\\/\",\"name\":\"International Center for Community Land Trusts\",\"description\":\"\",\"publisher\":{\"@id\":\"https:\\\/\\\/www.cltweb.org\\\/es\\\/#organization\"},\"potentialAction\":[{\"@type\":\"SearchAction\",\"target\":{\"@type\":\"EntryPoint\",\"urlTemplate\":\"https:\\\/\\\/www.cltweb.org\\\/es\\\/?s={search_term_string}\"},\"query-input\":{\"@type\":\"PropertyValueSpecification\",\"valueRequired\":true,\"valueName\":\"search_term_string\"}}],\"inLanguage\":\"es\"},{\"@type\":\"Organization\",\"@id\":\"https:\\\/\\\/www.cltweb.org\\\/es\\\/#organization\",\"name\":\"International Center for Community Land Trusts\",\"url\":\"https:\\\/\\\/www.cltweb.org\\\/es\\\/\",\"logo\":{\"@type\":\"ImageObject\",\"inLanguage\":\"es\",\"@id\":\"https:\\\/\\\/www.cltweb.org\\\/es\\\/#\\\/schema\\\/logo\\\/image\\\/\",\"url\":\"https:\\\/\\\/www.cltweb.org\\\/wp-content\\\/uploads\\\/2024\\\/11\\\/New-CLT-Center-Text-logo.png\",\"contentUrl\":\"https:\\\/\\\/www.cltweb.org\\\/wp-content\\\/uploads\\\/2024\\\/11\\\/New-CLT-Center-Text-logo.png\",\"width\":227,\"height\":80,\"caption\":\"International Center for Community Land Trusts\"},\"image\":{\"@id\":\"https:\\\/\\\/www.cltweb.org\\\/es\\\/#\\\/schema\\\/logo\\\/image\\\/\"},\"sameAs\":[\"https:\\\/\\\/www.facebook.com\\\/cltcenter\",\"https:\\\/\\\/x.com\\\/Center4CLTs\",\"https:\\\/\\\/www.instagram.com\\\/cltcenter\\\/\",\"https:\\\/\\\/www.linkedin.com\\\/company\\\/cltcenter\",\"https:\\\/\\\/www.youtube.com\\\/@centerforcltinnovation5313\"],\"description\":\"The International Center for Community Land Trusts is a not-for-profit nongovernmental organization established in 2018 to promote and to support community land trusts and similar strategies of community-led development on community-owned land in countries throughout the world.\",\"email\":\"info@communitylandtrust.net\",\"legalName\":\"International Center for Community Land Trusts\",\"foundingDate\":\"2018-12-01\",\"taxID\":\"84-3858933\",\"numberOfEmployees\":{\"@type\":\"QuantitativeValue\",\"minValue\":\"1\",\"maxValue\":\"10\"}}]}<\/script>\n<!-- \/ Yoast SEO Premium plugin. -->","yoast_head_json":{"title":"Fideicomisos de tierras de espacios abiertos - International Center for Community Land Trusts","robots":{"index":"index","follow":"follow","max-snippet":"max-snippet:-1","max-image-preview":"max-image-preview:large","max-video-preview":"max-video-preview:-1"},"canonical":"https:\/\/www.cltweb.org\/es\/biblioteca-de-recursos\/agricultura\/el-papel-de-los-fideicomisos-de-tierras\/fideicomisos-de-tierras-de-espacios-abiertos\/","og_locale":"es_ES","og_type":"article","og_title":"Fideicomisos de tierras de espacios abiertos","og_description":"NeighborSpace NeighborSpace es un fondo de tierras que posee terrenos para huertos comunitarios y, cada vez m\u00e1s, granjas urbanas en Chicago. Se fund\u00f3 en 1996 en respuesta a una recomendaci\u00f3n [&hellip;]","og_url":"https:\/\/www.cltweb.org\/es\/biblioteca-de-recursos\/agricultura\/el-papel-de-los-fideicomisos-de-tierras\/fideicomisos-de-tierras-de-espacios-abiertos\/","og_site_name":"International Center for Community Land Trusts","article_publisher":"https:\/\/www.facebook.com\/cltcenter","article_modified_time":"2025-02-03T19:46:57+00:00","twitter_card":"summary_large_image","twitter_site":"@Center4CLTs","twitter_misc":{"Tiempo de lectura":"3 minutos"},"schema":{"@context":"https:\/\/schema.org","@graph":[{"@type":"WebPage","@id":"https:\/\/www.cltweb.org\/es\/biblioteca-de-recursos\/agricultura\/el-papel-de-los-fideicomisos-de-tierras\/fideicomisos-de-tierras-de-espacios-abiertos\/","url":"https:\/\/www.cltweb.org\/es\/biblioteca-de-recursos\/agricultura\/el-papel-de-los-fideicomisos-de-tierras\/fideicomisos-de-tierras-de-espacios-abiertos\/","name":"Fideicomisos de tierras de espacios abiertos - International Center for Community Land Trusts","isPartOf":{"@id":"https:\/\/www.cltweb.org\/es\/#website"},"datePublished":"2025-02-02T20:47:32+00:00","dateModified":"2025-02-03T19:46:57+00:00","breadcrumb":{"@id":"https:\/\/www.cltweb.org\/es\/biblioteca-de-recursos\/agricultura\/el-papel-de-los-fideicomisos-de-tierras\/fideicomisos-de-tierras-de-espacios-abiertos\/#breadcrumb"},"inLanguage":"es","potentialAction":[{"@type":"ReadAction","target":["https:\/\/www.cltweb.org\/es\/biblioteca-de-recursos\/agricultura\/el-papel-de-los-fideicomisos-de-tierras\/fideicomisos-de-tierras-de-espacios-abiertos\/"]}]},{"@type":"BreadcrumbList","@id":"https:\/\/www.cltweb.org\/es\/biblioteca-de-recursos\/agricultura\/el-papel-de-los-fideicomisos-de-tierras\/fideicomisos-de-tierras-de-espacios-abiertos\/#breadcrumb","itemListElement":[{"@type":"ListItem","position":1,"name":"Home","item":"https:\/\/www.cltweb.org\/es\/"},{"@type":"ListItem","position":2,"name":"Biblioteca de recursos","item":"https:\/\/www.cltweb.org\/es\/biblioteca-de-recursos\/"},{"@type":"ListItem","position":3,"name":"Tenencia de la tierra para la agricultura urbana","item":"https:\/\/www.cltweb.org\/es\/biblioteca-de-recursos\/agricultura\/"},{"@type":"ListItem","position":4,"name":"El papel de los fideicomisos de tierras","item":"https:\/\/www.cltweb.org\/es\/biblioteca-de-recursos\/agricultura\/el-papel-de-los-fideicomisos-de-tierras\/"},{"@type":"ListItem","position":5,"name":"Fideicomisos de tierras de espacios abiertos"}]},{"@type":"WebSite","@id":"https:\/\/www.cltweb.org\/es\/#website","url":"https:\/\/www.cltweb.org\/es\/","name":"International Center for Community Land Trusts","description":"","publisher":{"@id":"https:\/\/www.cltweb.org\/es\/#organization"},"potentialAction":[{"@type":"SearchAction","target":{"@type":"EntryPoint","urlTemplate":"https:\/\/www.cltweb.org\/es\/?s={search_term_string}"},"query-input":{"@type":"PropertyValueSpecification","valueRequired":true,"valueName":"search_term_string"}}],"inLanguage":"es"},{"@type":"Organization","@id":"https:\/\/www.cltweb.org\/es\/#organization","name":"International Center for Community Land Trusts","url":"https:\/\/www.cltweb.org\/es\/","logo":{"@type":"ImageObject","inLanguage":"es","@id":"https:\/\/www.cltweb.org\/es\/#\/schema\/logo\/image\/","url":"https:\/\/www.cltweb.org\/wp-content\/uploads\/2024\/11\/New-CLT-Center-Text-logo.png","contentUrl":"https:\/\/www.cltweb.org\/wp-content\/uploads\/2024\/11\/New-CLT-Center-Text-logo.png","width":227,"height":80,"caption":"International Center for Community Land Trusts"},"image":{"@id":"https:\/\/www.cltweb.org\/es\/#\/schema\/logo\/image\/"},"sameAs":["https:\/\/www.facebook.com\/cltcenter","https:\/\/x.com\/Center4CLTs","https:\/\/www.instagram.com\/cltcenter\/","https:\/\/www.linkedin.com\/company\/cltcenter","https:\/\/www.youtube.com\/@centerforcltinnovation5313"],"description":"The International Center for Community Land Trusts is a not-for-profit nongovernmental organization established in 2018 to promote and to support community land trusts and similar strategies of community-led development on community-owned land in countries throughout the world.","email":"info@communitylandtrust.net","legalName":"International Center for Community Land Trusts","foundingDate":"2018-12-01","taxID":"84-3858933","numberOfEmployees":{"@type":"QuantitativeValue","minValue":"1","maxValue":"10"}}]}},"campaignId":"","taxonomy_info":{"category":[{"value":126,"label":"Agricultura"}]},"featured_image_src_large":false,"author_info":{"display_name":"cltredesign_0jp0l4","author_link":"https:\/\/www.cltweb.org\/es\/author\/cltredesign_0jp0l4\/"},"comment_info":0,"jetpack_sharing_enabled":true,"jetpack-related-posts":[{"id":8765,"url":"https:\/\/www.cltweb.org\/es\/biblioteca-de-recursos\/agricultura\/el-modelo-de-servidor-central\/estudio-de-caso-neighborspace-chicago-il\/","url_meta":{"origin":8724,"position":0},"title":"Estudio de caso: NeighborSpace (Chicago, IL)","author":"cltredesign_0jp0l4","date":"2 de febrero de 2025","format":false,"excerpt":"NeighborSpace es quiz\u00e1 la organizaci\u00f3n existente m\u00e1s cercana a lo que podr\u00eda considerarse un modelo de fideicomiso de tierras de servidor central para la agricultura urbana. Un examen m\u00e1s detallado de la historia y la estructura de NeighborSpace apunta a c\u00f3mo podr\u00eda desarrollarse un modelo de servidor central para la\u2026","rel":"","context":"En \u00abAgricultura\u00bb","block_context":{"text":"Agricultura","link":"https:\/\/www.cltweb.org\/es\/category\/agricultura-es\/"},"img":{"alt_text":"","src":"","width":0,"height":0},"classes":[]},{"id":8733,"url":"https:\/\/www.cltweb.org\/es\/biblioteca-de-recursos\/agricultura\/el-papel-de-los-fideicomisos-de-tierras\/fideicomisos-de-tierras-implicados-en-la-agricultura-urbana\/","url_meta":{"origin":8724,"position":1},"title":"Fideicomisos de tierras implicados en la agricultura urbana","author":"cltredesign_0jp0l4","date":"2 de febrero de 2025","format":false,"excerpt":"CIUDADFIDEICOMISO DE TIERRASTIPOAthens, GAFondo de Tierras de Atenas CLTBaltimore, MDEspacio verde de BaltimoreEspacio abiertoBoston, MALos Administradores de ReservasEspacio abiertoCiudad de Nueva York, NYFondo de Tierras del BronxEspacio abiertoCiudad de Nueva York, NYFondo de Tierras Brooklyn QueensEspacio abiertoWashington, DCFideicomiso de la Tierra del Jard\u00edn Comunitario de Capitol HillEspacio abiertoBoston, MAVecinos de\u2026","rel":"","context":"Entrada similar","block_context":{"text":"Entrada similar","link":""},"img":{"alt_text":"","src":"","width":0,"height":0},"classes":[]},{"id":1661,"url":"https:\/\/www.cltweb.org\/es\/biblioteca-de-recursos\/agricultura\/el-papel-de-los-fideicomisos-de-tierras\/","url_meta":{"origin":8724,"position":2},"title":"El papel de los fideicomisos de tierras","author":"cltredesign_0jp0l4","date":"29 de julio de 2024","format":false,"excerpt":"En los \u00faltimos treinta a\u00f1os, el fideicomiso de la tierra ha surgido como modelo preferido para la tenencia de tierras destinadas a huertos comunitarios y granjas urbanas. Esto refleja la convergencia de dos tendencias: la creaci\u00f3n de fideicomisos de la tierra especializados en espacios abiertos para conservar terrenos para huertos\u2026","rel":"","context":"En \u00abAgricultura\u00bb","block_context":{"text":"Agricultura","link":"https:\/\/www.cltweb.org\/es\/category\/agricultura-es\/"},"img":{"alt_text":"","src":"https:\/\/i0.wp.com\/www.cltweb.org\/wp-content\/uploads\/2025\/02\/Urban-Farming-Map.jpg?resize=350%2C200&ssl=1","width":350,"height":200,"srcset":"https:\/\/i0.wp.com\/www.cltweb.org\/wp-content\/uploads\/2025\/02\/Urban-Farming-Map.jpg?resize=350%2C200&ssl=1 1x, https:\/\/i0.wp.com\/www.cltweb.org\/wp-content\/uploads\/2025\/02\/Urban-Farming-Map.jpg?resize=525%2C300&ssl=1 1.5x, https:\/\/i0.wp.com\/www.cltweb.org\/wp-content\/uploads\/2025\/02\/Urban-Farming-Map.jpg?resize=700%2C400&ssl=1 2x"},"classes":[]},{"id":8762,"url":"https:\/\/www.cltweb.org\/es\/biblioteca-de-recursos\/agricultura\/el-modelo-de-servidor-central\/un-fondo-de-tierras-para-granjas-comerciales-urbanas\/","url_meta":{"origin":8724,"position":3},"title":"\u00bfUn Fondo de Tierras para Granjas Comerciales Urbanas?","author":"cltredesign_0jp0l4","date":"2 de febrero de 2025","format":false,"excerpt":"La tenencia de tierras agr\u00edcolas en fideicomiso sirve de complemento potencial para los modelos de agricultura urbana empresarial con \u00e1nimo de lucro. Los responsables de las fundaciones, en particular, est\u00e1n interesados en el potencial del sector de la agricultura urbana para ir m\u00e1s all\u00e1 de los modelos empresariales sin \u00e1nimo\u2026","rel":"","context":"En \u00abAgricultura\u00bb","block_context":{"text":"Agricultura","link":"https:\/\/www.cltweb.org\/es\/category\/agricultura-es\/"},"img":{"alt_text":"","src":"","width":0,"height":0},"classes":[]},{"id":3962,"url":"https:\/\/www.cltweb.org\/es\/biblioteca-de-recursos\/casos-practicos-de-clt\/fondo-de-tierras-de-atenas\/","url_meta":{"origin":8724,"position":4},"title":"Fondo de Tierras de Atenas","author":"cltredesign_0jp0l4","date":"20 de octubre de 2024","format":false,"excerpt":"Fundada en 1994 (Atenas, Georgia) Perfil aportado por Nancy Stangle (2015) Alrededor de 1993, Skipper StipeMaas y Nancy Stangle formaron parte de un grupo de unas 10 familias que estaban estableciendo una comunidad en 132 acres cerca de Athens, Georgia. La comunidad se basaba vagamente en un modelo de covivienda\u2026","rel":"","context":"En \u00abCasos pr\u00e1cticos\u00bb","block_context":{"text":"Casos pr\u00e1cticos","link":"https:\/\/www.cltweb.org\/es\/category\/casos-practicos\/"},"img":{"alt_text":"","src":"","width":0,"height":0},"classes":[]},{"id":8999,"url":"https:\/\/www.cltweb.org\/es\/biblioteca-de-recursos\/agricultura\/recursos-adicionales\/como-aseguran-y-protegen-los-clt-la-tierra\/servidumbres\/","url_meta":{"origin":8724,"position":5},"title":"Servidumbres","author":"cltredesign_0jp0l4","date":"3 de febrero de 2025","format":false,"excerpt":"Las servidumbres de conservaci\u00f3n son restricciones voluntarias que limitan permanentemente los tipos de usos permitidos en la tierra. Est\u00e1n en manos de entidades externas al titular. Estos acuerdos se utilizan con frecuencia como herramienta de planificaci\u00f3n fiscal. Un propietario concede una servidumbre a una entidad p\u00fablica o privada sin \u00e1nimo\u2026","rel":"","context":"En \u00abAgricultura\u00bb","block_context":{"text":"Agricultura","link":"https:\/\/www.cltweb.org\/es\/category\/agricultura-es\/"},"img":{"alt_text":"","src":"","width":0,"height":0},"classes":[]}],"_links":{"self":[{"href":"https:\/\/www.cltweb.org\/es\/wp-json\/wp\/v2\/pages\/8724","targetHints":{"allow":["GET"]}}],"collection":[{"href":"https:\/\/www.cltweb.org\/es\/wp-json\/wp\/v2\/pages"}],"about":[{"href":"https:\/\/www.cltweb.org\/es\/wp-json\/wp\/v2\/types\/page"}],"author":[{"embeddable":true,"href":"https:\/\/www.cltweb.org\/es\/wp-json\/wp\/v2\/users\/1"}],"replies":[{"embeddable":true,"href":"https:\/\/www.cltweb.org\/es\/wp-json\/wp\/v2\/comments?post=8724"}],"version-history":[{"count":2,"href":"https:\/\/www.cltweb.org\/es\/wp-json\/wp\/v2\/pages\/8724\/revisions"}],"predecessor-version":[{"id":8895,"href":"https:\/\/www.cltweb.org\/es\/wp-json\/wp\/v2\/pages\/8724\/revisions\/8895"}],"up":[{"embeddable":true,"href":"https:\/\/www.cltweb.org\/es\/wp-json\/wp\/v2\/pages\/1661"}],"wp:attachment":[{"href":"https:\/\/www.cltweb.org\/es\/wp-json\/wp\/v2\/media?parent=8724"}],"wp:term":[{"taxonomy":"category","embeddable":true,"href":"https:\/\/www.cltweb.org\/es\/wp-json\/wp\/v2\/categories?post=8724"},{"taxonomy":"post_tag","embeddable":true,"href":"https:\/\/www.cltweb.org\/es\/wp-json\/wp\/v2\/tags?post=8724"}],"curies":[{"name":"wp","href":"https:\/\/api.w.org\/{rel}","templated":true}]}}