{"id":8733,"date":"2025-02-02T20:49:14","date_gmt":"2025-02-02T20:49:14","guid":{"rendered":"https:\/\/www.cltweb.org\/biblioteca-de-recursos\/agricultura\/el-papel-de-los-fideicomisos-de-tierras\/fideicomisos-de-tierras-implicados-en-la-agricultura-urbana\/"},"modified":"2025-02-03T19:50:07","modified_gmt":"2025-02-03T19:50:07","slug":"fideicomisos-de-tierras-implicados-en-la-agricultura-urbana","status":"publish","type":"page","link":"https:\/\/www.cltweb.org\/es\/biblioteca-de-recursos\/agricultura\/el-papel-de-los-fideicomisos-de-tierras\/fideicomisos-de-tierras-implicados-en-la-agricultura-urbana\/","title":{"rendered":"Fideicomisos de tierras implicados en la agricultura urbana"},"content":{"rendered":"\n<figure class=\"wp-block-table\"><table class=\"has-fixed-layout\"><tbody><tr><td><strong>CIUDAD<\/strong><\/td><td><strong>FIDEICOMISO DE TIERRAS<\/strong><\/td><td><strong>TIPO<\/strong><\/td><\/tr><tr><td>Athens, GA<\/td><td><a href=\"http:\/\/www.athenslandtrust.org\/\" target=\"_blank\" rel=\"noreferrer noopener\">Fondo de Tierras de Atenas<\/a><\/td><td>  CLT<\/td><\/tr><tr><td>Baltimore, MD<\/td><td><a href=\"http:\/\/baltimoregreenspace.org\/\" target=\"_blank\" rel=\"noreferrer noopener\">Espacio verde de Baltimore<\/a><\/td><td>Espacio abierto<\/td><\/tr><tr><td>Boston, MA<\/td><td><a href=\"https:\/\/thetrustees.org\/places-to-go\/farms-community-gardens\/\" target=\"_blank\" rel=\"noreferrer noopener\">Los Administradores de Reservas<\/a><\/td><td>Espacio abierto<\/td><\/tr><tr><td>Ciudad de Nueva York, NY<\/td><td><a href=\"http:\/\/www.bronxlandtrust.org\/\" target=\"_blank\" rel=\"noreferrer noopener\">Fondo de Tierras del Bronx<\/a><\/td><td>Espacio abierto<\/td><\/tr><tr><td>Ciudad de Nueva York, NY<\/td><td><a href=\"http:\/\/www.bqlt.org\/\" target=\"_blank\" rel=\"noreferrer noopener\">Fondo de Tierras Brooklyn Queens<\/a><\/td><td>Espacio abierto<\/td><\/tr><tr><td>Washington, DC<\/td><td>Fideicomiso de la Tierra del Jard\u00edn Comunitario de Capitol Hill<\/td><td>Espacio abierto<\/td><\/tr><tr><td>Boston, MA<\/td><td><a href=\"http:\/\/www.dudleyneighbors.org\/\" target=\"_blank\" rel=\"noreferrer noopener\">Vecinos de Dudley, Inc.<\/a><\/td><td>CLT<\/td><\/tr><tr><td>Tacoma, WA<\/td><td><a href=\"https:\/\/www.facebook.com\/tacomaurbanlandtrust\" target=\"_blank\" rel=\"noreferrer noopener\">Fondo de Tierras Urbanas de Tacoma<\/a><\/td><td>Espacio abierto<\/td><\/tr><tr><td>Los Angeles, CA<\/td><td><a href=\"http:\/\/www.lanlt.org\/\" target=\"_blank\" rel=\"noreferrer noopener\">Los Angeles Neighborhood Land Trust<\/a><\/td><td>Espacio abierto<\/td><\/tr><tr><td>Nueva York<\/td><td><a href=\"http:\/\/www.manhattanlandtrust.org\/\" target=\"_blank\" rel=\"noreferrer noopener\">Fondo de Tierras de Manhattan<\/a><\/td><td>Espacio abierto<\/td><\/tr><tr><td>Milwaukee, WI<\/td><td><a href=\"https:\/\/www.groundworkmke.org\/\" target=\"_blank\" rel=\"noreferrer noopener\">Groundwork Milwaukee<\/a><\/td><td>Espacio abierto<\/td><\/tr><tr><td>Chicago, IL<\/td><td><a href=\"http:\/\/neighbor-space.org\/\" target=\"_blank\" rel=\"noreferrer noopener\">NeighborSpace<\/a><\/td><td>Espacio abierto<\/td><\/tr><tr><td>New Haven, CT<\/td><td><a href=\"https:\/\/gathernewhaven.org\/\" target=\"_blank\" rel=\"noreferrer noopener\">Re\u00fanete New Haven<\/a><\/td><td>Espacio abierto<\/td><\/tr><tr><td>Baltimore, MD y Seattle, WA<\/td><td><a href=\"http:\/\/www.seattle.gov\/neighborhoods\/p-patch-community-gardening\/about-the-p-patch-program\" target=\"_blank\" rel=\"noreferrer noopener\">Parche P<\/a><\/td><td>Espacio abierto<\/td><\/tr><tr><td>Filadelfia, PA<\/td><td><a href=\"https:\/\/www.facebook.com\/ngtrust\/\" target=\"_blank\" rel=\"noreferrer noopener\">Fondo de Jardines Vecinales<\/a><\/td><td>Espacio abierto<\/td><\/tr><tr><td>Albuquerque, NM<\/td><td><a href=\"http:\/\/www.sawmillclt.org\/\" target=\"_blank\" rel=\"noreferrer noopener\">Fideicomiso Comunitario de la Tierra del Aserradero<\/a><\/td><td>CLT<\/td><\/tr><tr><td>Boston, MA<\/td><td><a href=\"https:\/\/en.wikipedia.org\/wiki\/South_End_Lower_Roxbury_Open_Space_Land_Trust\" target=\"_blank\" rel=\"noreferrer noopener\">Fondo de Tierras de Espacios Abiertos de South End Lower Roxbury<\/a><\/td><td>Espacio abierto<\/td><\/tr><tr><td>Providence, RI<\/td><td><a href=\"http:\/\/www.southsideclt.org\/\" target=\"_blank\" rel=\"noreferrer noopener\">Fideicomiso de la tierra de la comunidad de Southside<\/a><\/td><td>CLT<\/td><\/tr><tr><td>Madison, WI<\/td><td><a href=\"http:\/\/affordablehome.org\/\" target=\"_blank\" rel=\"noreferrer noopener\">Jardines de Troy (Fideicomiso de la tierra de la comunidad del \u00e1rea de Madison)<\/a><\/td><td>CLT<\/td><\/tr><tr><td>Minneapolis<\/td><td><a href=\"https:\/\/tcalt.wordpress.com\/\" target=\"_blank\" rel=\"noreferrer noopener\">Fideicomiso Comunitario de Tierras Agr\u00edcolas de las Ciudades Gemelas<\/a><\/td><td>Espacio abierto<\/td><\/tr><tr><td>Portland, Oreg\u00f3n<\/td><td><a href=\"https:\/\/urbanfarmcollective.org\/\" target=\"_blank\" rel=\"noreferrer noopener\">Colectivo de Granjas Urbanas<\/a><\/td><td>Espacio abierto<\/td><\/tr><tr><td>Worcester, MA<\/td><td><a href=\"http:\/\/www.wcgcdc.org\/\" target=\"_blank\" rel=\"noreferrer noopener\">Worcester Common Ground<\/a><\/td><td>Espacio abierto<\/td><\/tr><\/tbody><\/table><\/figure>\n","protected":false},"excerpt":{"rendered":"<p>CIUDAD FIDEICOMISO DE TIERRAS TIPO Athens, GA Fondo de Tierras de Atenas CLT Baltimore, MD Espacio verde de Baltimore Espacio abierto Boston, MA Los Administradores de Reservas Espacio abierto Ciudad [&hellip;]<\/p>\n","protected":false},"author":1,"featured_media":0,"parent":1661,"menu_order":3,"comment_status":"closed","ping_status":"closed","template":"","meta":{"give_campaign_id":0,"_tec_requires_first_save":true,"_kad_blocks_custom_css":"","_kad_blocks_head_custom_js":"","_kad_blocks_body_custom_js":"","_kad_blocks_footer_custom_js":"","_EventAllDay":false,"_EventTimezone":"","_EventStartDate":"","_EventEndDate":"","_EventStartDateUTC":"","_EventEndDateUTC":"","_EventShowMap":false,"_EventShowMapLink":false,"_EventURL":"","_EventCost":"","_EventCostDescription":"","_EventCurrencySymbol":"","_EventCurrencyCode":"","_EventCurrencyPosition":"","_EventDateTimeSeparator":"","_EventTimeRangeSeparator":"","_EventOrganizerID":[],"_EventVenueID":[],"_OrganizerEmail":"","_OrganizerPhone":"","_OrganizerWebsite":"","_VenueAddress":"","_VenueCity":"","_VenueCountry":"","_VenueProvince":"","_VenueState":"","_VenueZip":"","_VenuePhone":"","_VenueURL":"","_VenueStateProvince":"","_VenueLat":"","_VenueLng":"","_VenueShowMap":false,"_VenueShowMapLink":false,"_tribe_blocks_recurrence_rules":"","_tribe_blocks_recurrence_description":"","_tribe_blocks_recurrence_exclusions":"","footnotes":""},"categories":[],"tags":[],"class_list":["post-8733","page","type-page","status-publish","hentry"],"blocksy_meta":[],"yoast_head":"<!-- This site is optimized with the Yoast SEO Premium plugin v27.5 (Yoast SEO v27.5) - https:\/\/yoast.com\/product\/yoast-seo-premium-wordpress\/ -->\n<title>Fideicomisos de tierras implicados en la agricultura urbana - International Center for Community Land Trusts<\/title>\n<meta name=\"robots\" content=\"index, follow, max-snippet:-1, max-image-preview:large, max-video-preview:-1\" \/>\n<link rel=\"canonical\" href=\"https:\/\/www.cltweb.org\/es\/biblioteca-de-recursos\/agricultura\/el-papel-de-los-fideicomisos-de-tierras\/fideicomisos-de-tierras-implicados-en-la-agricultura-urbana\/\" \/>\n<meta property=\"og:locale\" content=\"es_ES\" \/>\n<meta property=\"og:type\" content=\"article\" \/>\n<meta property=\"og:title\" content=\"Fideicomisos de tierras implicados en la agricultura urbana\" \/>\n<meta property=\"og:description\" content=\"CIUDAD FIDEICOMISO DE TIERRAS TIPO Athens, GA Fondo de Tierras de Atenas CLT Baltimore, MD Espacio verde de Baltimore Espacio abierto Boston, MA Los Administradores de Reservas Espacio abierto Ciudad [&hellip;]\" \/>\n<meta property=\"og:url\" content=\"https:\/\/www.cltweb.org\/es\/biblioteca-de-recursos\/agricultura\/el-papel-de-los-fideicomisos-de-tierras\/fideicomisos-de-tierras-implicados-en-la-agricultura-urbana\/\" \/>\n<meta property=\"og:site_name\" content=\"International Center for Community Land Trusts\" \/>\n<meta property=\"article:publisher\" content=\"https:\/\/www.facebook.com\/cltcenter\" \/>\n<meta property=\"article:modified_time\" content=\"2025-02-03T19:50:07+00:00\" \/>\n<meta name=\"twitter:card\" content=\"summary_large_image\" \/>\n<meta name=\"twitter:site\" content=\"@Center4CLTs\" \/>\n<meta name=\"twitter:label1\" content=\"Tiempo de lectura\" \/>\n\t<meta name=\"twitter:data1\" content=\"1 minuto\" \/>\n<script type=\"application\/ld+json\" class=\"yoast-schema-graph\">{\"@context\":\"https:\\\/\\\/schema.org\",\"@graph\":[{\"@type\":\"WebPage\",\"@id\":\"https:\\\/\\\/www.cltweb.org\\\/es\\\/biblioteca-de-recursos\\\/agricultura\\\/el-papel-de-los-fideicomisos-de-tierras\\\/fideicomisos-de-tierras-implicados-en-la-agricultura-urbana\\\/\",\"url\":\"https:\\\/\\\/www.cltweb.org\\\/es\\\/biblioteca-de-recursos\\\/agricultura\\\/el-papel-de-los-fideicomisos-de-tierras\\\/fideicomisos-de-tierras-implicados-en-la-agricultura-urbana\\\/\",\"name\":\"Fideicomisos de tierras implicados en la agricultura urbana - International Center for Community Land Trusts\",\"isPartOf\":{\"@id\":\"https:\\\/\\\/www.cltweb.org\\\/es\\\/#website\"},\"datePublished\":\"2025-02-02T20:49:14+00:00\",\"dateModified\":\"2025-02-03T19:50:07+00:00\",\"breadcrumb\":{\"@id\":\"https:\\\/\\\/www.cltweb.org\\\/es\\\/biblioteca-de-recursos\\\/agricultura\\\/el-papel-de-los-fideicomisos-de-tierras\\\/fideicomisos-de-tierras-implicados-en-la-agricultura-urbana\\\/#breadcrumb\"},\"inLanguage\":\"es\",\"potentialAction\":[{\"@type\":\"ReadAction\",\"target\":[\"https:\\\/\\\/www.cltweb.org\\\/es\\\/biblioteca-de-recursos\\\/agricultura\\\/el-papel-de-los-fideicomisos-de-tierras\\\/fideicomisos-de-tierras-implicados-en-la-agricultura-urbana\\\/\"]}]},{\"@type\":\"BreadcrumbList\",\"@id\":\"https:\\\/\\\/www.cltweb.org\\\/es\\\/biblioteca-de-recursos\\\/agricultura\\\/el-papel-de-los-fideicomisos-de-tierras\\\/fideicomisos-de-tierras-implicados-en-la-agricultura-urbana\\\/#breadcrumb\",\"itemListElement\":[{\"@type\":\"ListItem\",\"position\":1,\"name\":\"Home\",\"item\":\"https:\\\/\\\/www.cltweb.org\\\/es\\\/\"},{\"@type\":\"ListItem\",\"position\":2,\"name\":\"Biblioteca de recursos\",\"item\":\"https:\\\/\\\/www.cltweb.org\\\/es\\\/biblioteca-de-recursos\\\/\"},{\"@type\":\"ListItem\",\"position\":3,\"name\":\"Tenencia de la tierra para la agricultura urbana\",\"item\":\"https:\\\/\\\/www.cltweb.org\\\/es\\\/biblioteca-de-recursos\\\/agricultura\\\/\"},{\"@type\":\"ListItem\",\"position\":4,\"name\":\"El papel de los fideicomisos de tierras\",\"item\":\"https:\\\/\\\/www.cltweb.org\\\/es\\\/biblioteca-de-recursos\\\/agricultura\\\/el-papel-de-los-fideicomisos-de-tierras\\\/\"},{\"@type\":\"ListItem\",\"position\":5,\"name\":\"Fideicomisos de tierras implicados en la agricultura urbana\"}]},{\"@type\":\"WebSite\",\"@id\":\"https:\\\/\\\/www.cltweb.org\\\/es\\\/#website\",\"url\":\"https:\\\/\\\/www.cltweb.org\\\/es\\\/\",\"name\":\"International Center for Community Land Trusts\",\"description\":\"\",\"publisher\":{\"@id\":\"https:\\\/\\\/www.cltweb.org\\\/es\\\/#organization\"},\"potentialAction\":[{\"@type\":\"SearchAction\",\"target\":{\"@type\":\"EntryPoint\",\"urlTemplate\":\"https:\\\/\\\/www.cltweb.org\\\/es\\\/?s={search_term_string}\"},\"query-input\":{\"@type\":\"PropertyValueSpecification\",\"valueRequired\":true,\"valueName\":\"search_term_string\"}}],\"inLanguage\":\"es\"},{\"@type\":\"Organization\",\"@id\":\"https:\\\/\\\/www.cltweb.org\\\/es\\\/#organization\",\"name\":\"International Center for Community Land Trusts\",\"url\":\"https:\\\/\\\/www.cltweb.org\\\/es\\\/\",\"logo\":{\"@type\":\"ImageObject\",\"inLanguage\":\"es\",\"@id\":\"https:\\\/\\\/www.cltweb.org\\\/es\\\/#\\\/schema\\\/logo\\\/image\\\/\",\"url\":\"https:\\\/\\\/www.cltweb.org\\\/wp-content\\\/uploads\\\/2024\\\/11\\\/New-CLT-Center-Text-logo.png\",\"contentUrl\":\"https:\\\/\\\/www.cltweb.org\\\/wp-content\\\/uploads\\\/2024\\\/11\\\/New-CLT-Center-Text-logo.png\",\"width\":227,\"height\":80,\"caption\":\"International Center for Community Land Trusts\"},\"image\":{\"@id\":\"https:\\\/\\\/www.cltweb.org\\\/es\\\/#\\\/schema\\\/logo\\\/image\\\/\"},\"sameAs\":[\"https:\\\/\\\/www.facebook.com\\\/cltcenter\",\"https:\\\/\\\/x.com\\\/Center4CLTs\",\"https:\\\/\\\/www.instagram.com\\\/cltcenter\\\/\",\"https:\\\/\\\/www.linkedin.com\\\/company\\\/cltcenter\",\"https:\\\/\\\/www.youtube.com\\\/@centerforcltinnovation5313\"],\"description\":\"The International Center for Community Land Trusts is a not-for-profit nongovernmental organization established in 2018 to promote and to support community land trusts and similar strategies of community-led development on community-owned land in countries throughout the world.\",\"email\":\"info@communitylandtrust.net\",\"legalName\":\"International Center for Community Land Trusts\",\"foundingDate\":\"2018-12-01\",\"taxID\":\"84-3858933\",\"numberOfEmployees\":{\"@type\":\"QuantitativeValue\",\"minValue\":\"1\",\"maxValue\":\"10\"}}]}<\/script>\n<!-- \/ Yoast SEO Premium plugin. -->","yoast_head_json":{"title":"Fideicomisos de tierras implicados en la agricultura urbana - International Center for Community Land Trusts","robots":{"index":"index","follow":"follow","max-snippet":"max-snippet:-1","max-image-preview":"max-image-preview:large","max-video-preview":"max-video-preview:-1"},"canonical":"https:\/\/www.cltweb.org\/es\/biblioteca-de-recursos\/agricultura\/el-papel-de-los-fideicomisos-de-tierras\/fideicomisos-de-tierras-implicados-en-la-agricultura-urbana\/","og_locale":"es_ES","og_type":"article","og_title":"Fideicomisos de tierras implicados en la agricultura urbana","og_description":"CIUDAD FIDEICOMISO DE TIERRAS TIPO Athens, GA Fondo de Tierras de Atenas CLT Baltimore, MD Espacio verde de Baltimore Espacio abierto Boston, MA Los Administradores de Reservas Espacio abierto Ciudad [&hellip;]","og_url":"https:\/\/www.cltweb.org\/es\/biblioteca-de-recursos\/agricultura\/el-papel-de-los-fideicomisos-de-tierras\/fideicomisos-de-tierras-implicados-en-la-agricultura-urbana\/","og_site_name":"International Center for Community Land Trusts","article_publisher":"https:\/\/www.facebook.com\/cltcenter","article_modified_time":"2025-02-03T19:50:07+00:00","twitter_card":"summary_large_image","twitter_site":"@Center4CLTs","twitter_misc":{"Tiempo de lectura":"1 minuto"},"schema":{"@context":"https:\/\/schema.org","@graph":[{"@type":"WebPage","@id":"https:\/\/www.cltweb.org\/es\/biblioteca-de-recursos\/agricultura\/el-papel-de-los-fideicomisos-de-tierras\/fideicomisos-de-tierras-implicados-en-la-agricultura-urbana\/","url":"https:\/\/www.cltweb.org\/es\/biblioteca-de-recursos\/agricultura\/el-papel-de-los-fideicomisos-de-tierras\/fideicomisos-de-tierras-implicados-en-la-agricultura-urbana\/","name":"Fideicomisos de tierras implicados en la agricultura urbana - International Center for Community Land Trusts","isPartOf":{"@id":"https:\/\/www.cltweb.org\/es\/#website"},"datePublished":"2025-02-02T20:49:14+00:00","dateModified":"2025-02-03T19:50:07+00:00","breadcrumb":{"@id":"https:\/\/www.cltweb.org\/es\/biblioteca-de-recursos\/agricultura\/el-papel-de-los-fideicomisos-de-tierras\/fideicomisos-de-tierras-implicados-en-la-agricultura-urbana\/#breadcrumb"},"inLanguage":"es","potentialAction":[{"@type":"ReadAction","target":["https:\/\/www.cltweb.org\/es\/biblioteca-de-recursos\/agricultura\/el-papel-de-los-fideicomisos-de-tierras\/fideicomisos-de-tierras-implicados-en-la-agricultura-urbana\/"]}]},{"@type":"BreadcrumbList","@id":"https:\/\/www.cltweb.org\/es\/biblioteca-de-recursos\/agricultura\/el-papel-de-los-fideicomisos-de-tierras\/fideicomisos-de-tierras-implicados-en-la-agricultura-urbana\/#breadcrumb","itemListElement":[{"@type":"ListItem","position":1,"name":"Home","item":"https:\/\/www.cltweb.org\/es\/"},{"@type":"ListItem","position":2,"name":"Biblioteca de recursos","item":"https:\/\/www.cltweb.org\/es\/biblioteca-de-recursos\/"},{"@type":"ListItem","position":3,"name":"Tenencia de la tierra para la agricultura urbana","item":"https:\/\/www.cltweb.org\/es\/biblioteca-de-recursos\/agricultura\/"},{"@type":"ListItem","position":4,"name":"El papel de los fideicomisos de tierras","item":"https:\/\/www.cltweb.org\/es\/biblioteca-de-recursos\/agricultura\/el-papel-de-los-fideicomisos-de-tierras\/"},{"@type":"ListItem","position":5,"name":"Fideicomisos de tierras implicados en la agricultura urbana"}]},{"@type":"WebSite","@id":"https:\/\/www.cltweb.org\/es\/#website","url":"https:\/\/www.cltweb.org\/es\/","name":"International Center for Community Land Trusts","description":"","publisher":{"@id":"https:\/\/www.cltweb.org\/es\/#organization"},"potentialAction":[{"@type":"SearchAction","target":{"@type":"EntryPoint","urlTemplate":"https:\/\/www.cltweb.org\/es\/?s={search_term_string}"},"query-input":{"@type":"PropertyValueSpecification","valueRequired":true,"valueName":"search_term_string"}}],"inLanguage":"es"},{"@type":"Organization","@id":"https:\/\/www.cltweb.org\/es\/#organization","name":"International Center for Community Land Trusts","url":"https:\/\/www.cltweb.org\/es\/","logo":{"@type":"ImageObject","inLanguage":"es","@id":"https:\/\/www.cltweb.org\/es\/#\/schema\/logo\/image\/","url":"https:\/\/www.cltweb.org\/wp-content\/uploads\/2024\/11\/New-CLT-Center-Text-logo.png","contentUrl":"https:\/\/www.cltweb.org\/wp-content\/uploads\/2024\/11\/New-CLT-Center-Text-logo.png","width":227,"height":80,"caption":"International Center for Community Land Trusts"},"image":{"@id":"https:\/\/www.cltweb.org\/es\/#\/schema\/logo\/image\/"},"sameAs":["https:\/\/www.facebook.com\/cltcenter","https:\/\/x.com\/Center4CLTs","https:\/\/www.instagram.com\/cltcenter\/","https:\/\/www.linkedin.com\/company\/cltcenter","https:\/\/www.youtube.com\/@centerforcltinnovation5313"],"description":"The International Center for Community Land Trusts is a not-for-profit nongovernmental organization established in 2018 to promote and to support community land trusts and similar strategies of community-led development on community-owned land in countries throughout the world.","email":"info@communitylandtrust.net","legalName":"International Center for Community Land Trusts","foundingDate":"2018-12-01","taxID":"84-3858933","numberOfEmployees":{"@type":"QuantitativeValue","minValue":"1","maxValue":"10"}}]}},"campaignId":"","taxonomy_info":[],"featured_image_src_large":false,"author_info":{"display_name":"cltredesign_0jp0l4","author_link":"https:\/\/www.cltweb.org\/es\/author\/cltredesign_0jp0l4\/"},"comment_info":0,"jetpack_sharing_enabled":true,"jetpack-related-posts":[{"id":8724,"url":"https:\/\/www.cltweb.org\/es\/biblioteca-de-recursos\/agricultura\/el-papel-de-los-fideicomisos-de-tierras\/fideicomisos-de-tierras-de-espacios-abiertos\/","url_meta":{"origin":8733,"position":0},"title":"Fideicomisos de tierras de espacios abiertos","author":"cltredesign_0jp0l4","date":"2 de febrero de 2025","format":false,"excerpt":"NeighborSpace NeighborSpace es un fondo de tierras que posee terrenos para huertos comunitarios y, cada vez m\u00e1s, granjas urbanas en Chicago. Se fund\u00f3 en 1996 en respuesta a una recomendaci\u00f3n de un informe urban\u00edstico seg\u00fan el cual Chicago ocupaba el 18\u00ba lugar entre 20 grandes ciudades en cuanto a espacios\u2026","rel":"","context":"En \u00abAgricultura\u00bb","block_context":{"text":"Agricultura","link":"https:\/\/www.cltweb.org\/es\/category\/agricultura-es\/"},"img":{"alt_text":"","src":"","width":0,"height":0},"classes":[]},{"id":9978,"url":"https:\/\/www.cltweb.org\/es\/terra-nostra-press\/catalogo\/nuestra-tierra-nuestra-lucha\/","url_meta":{"origin":8733,"position":1},"title":"Nuestra Tierra Nuestra Supervivencia","author":"cltredesign_0jp0l4","date":"20 de octubre de 2025","format":false,"excerpt":"NUEVA PUBLICACI\u00d3N (21 de octubre de 2025)Nuestra Tierra, Nuestra Supervivencia Por Line Algoed PAPERBACK ISBN: 9798986177649 ($14.99 US) EBOOK ISBN: 9798986177656 ($9.99 US) 222 p\u00e1ginas En Nuestra tierra, nuestra supervivencia, la autora Line Algoed explora el papel vital de la tierra comunal en la protecci\u00f3n de las comunidades y el\u2026","rel":"","context":"En \u00abCat\u00e1logo\u00bb","block_context":{"text":"Cat\u00e1logo","link":"https:\/\/www.cltweb.org\/es\/category\/catalogo-es\/"},"img":{"alt_text":"Portada de Nuestra Tierra Nuestra Lucha","src":"https:\/\/i0.wp.com\/www.cltweb.org\/wp-content\/uploads\/2025\/10\/Cover-for-Our-Land-Our-Struggle-final.jpg?resize=350%2C200&ssl=1","width":350,"height":200,"srcset":"https:\/\/i0.wp.com\/www.cltweb.org\/wp-content\/uploads\/2025\/10\/Cover-for-Our-Land-Our-Struggle-final.jpg?resize=350%2C200&ssl=1 1x, https:\/\/i0.wp.com\/www.cltweb.org\/wp-content\/uploads\/2025\/10\/Cover-for-Our-Land-Our-Struggle-final.jpg?resize=525%2C300&ssl=1 1.5x, https:\/\/i0.wp.com\/www.cltweb.org\/wp-content\/uploads\/2025\/10\/Cover-for-Our-Land-Our-Struggle-final.jpg?resize=700%2C400&ssl=1 2x, https:\/\/i0.wp.com\/www.cltweb.org\/wp-content\/uploads\/2025\/10\/Cover-for-Our-Land-Our-Struggle-final.jpg?resize=1050%2C600&ssl=1 3x, https:\/\/i0.wp.com\/www.cltweb.org\/wp-content\/uploads\/2025\/10\/Cover-for-Our-Land-Our-Struggle-final.jpg?resize=1400%2C800&ssl=1 4x"},"classes":[]},{"id":1763,"url":"https:\/\/www.cltweb.org\/es\/biblioteca-de-recursos\/cronologia-del-movimiento-clt\/","url_meta":{"origin":8733,"position":2},"title":"Cronolog\u00eda del movimiento CLT","author":"cltredesign_0jp0l4","date":"26 de julio de 2024","format":false,"excerpt":"El Centro Internacional de Fideicomisos Comunitarios de la Tierra ha elaborado una l\u00ednea de tiempo que traza el pedigr\u00ed intelectual y pol\u00edtico del movimiento internacional de fideicomisos comunitarios de la tierra. El CLT moderno deriva de New Communities Inc, un prototipo promovido en los a\u00f1os 70 por activistas afroamericanos de\u2026","rel":"","context":"En \u00abHistoria del Movimiento\u00bb","block_context":{"text":"Historia del Movimiento","link":"https:\/\/www.cltweb.org\/es\/category\/historia-del-movimiento\/"},"img":{"alt_text":"","src":"","width":0,"height":0},"classes":[]},{"id":4471,"url":"https:\/\/www.cltweb.org\/es\/biblioteca-de-recursos\/entrevistas\/charles-sherrod-1982\/","url_meta":{"origin":8733,"position":3},"title":"Charles Sherrod (1982)","author":"cltredesign_0jp0l4","date":"22 de octubre de 2024","format":false,"excerpt":"A los 23 a\u00f1os, Charles Sherrod lleg\u00f3 a Albany, Georgia, para organizar a la comunidad y registrar votantes para el Comit\u00e9 Coordinador Estudiantil No Violento. Nunca se march\u00f3. En 1968, fue uno de los ocho estadounidenses que viajaron a Israel para estudiar el arrendamiento de tierras y las cooperativas agr\u00edcolas.\u2026","rel":"","context":"En \u00abEntrevistas\u00bb","block_context":{"text":"Entrevistas","link":"https:\/\/www.cltweb.org\/es\/category\/entrevistas\/"},"img":{"alt_text":"","src":"","width":0,"height":0},"classes":[]},{"id":4518,"url":"https:\/\/www.cltweb.org\/es\/biblioteca-de-recursos\/entrevistas\/liz-alden-wily-2020\/","url_meta":{"origin":8733,"position":4},"title":"Liz Alden Wily (2020)","author":"cltredesign_0jp0l4","date":"22 de octubre de 2024","format":false,"excerpt":"Liz Alden Wily, doctora en Ciencias Pol\u00edticas, es especialista en tenencia de la tierra, y trabaja como investigadora, asesora t\u00e9cnica y profesional sobre la tenencia comunitaria de la tierra. Ha trabajado sobre este tema en una veintena de pa\u00edses. Ha escrito un cap\u00edtulo en On Common Ground titulado \"Challenges for\u2026","rel":"","context":"En \u00abEntrevistas\u00bb","block_context":{"text":"Entrevistas","link":"https:\/\/www.cltweb.org\/es\/category\/entrevistas\/"},"img":{"alt_text":"","src":"","width":0,"height":0},"classes":[]},{"id":6193,"url":"https:\/\/www.cltweb.org\/es\/","url_meta":{"origin":8733,"position":5},"title":"Inicio","author":"cltredesign_0jp0l4","date":"29 de octubre de 2024","format":false,"excerpt":"Centro Internacional de Fideicomisos Comunitarios de la Tierra Somos una organizaci\u00f3n no gubernamental sin \u00e1nimo de lucro creada en 2018 para promover y apoyar los fideicomisos de la tierra comunitarios y estrategias similares de desarrollo dirigido por la comunidad en tierras de propiedad comunitaria en pa\u00edses de todo el mundo.\u2026","rel":"","context":"Entrada similar","block_context":{"text":"Entrada similar","link":""},"img":{"alt_text":"Virtual Summit Banner","src":"https:\/\/i0.wp.com\/www.cltweb.org\/wp-content\/uploads\/2026\/03\/VS-banner-2026.png?resize=350%2C200&ssl=1","width":350,"height":200,"srcset":"https:\/\/i0.wp.com\/www.cltweb.org\/wp-content\/uploads\/2026\/03\/VS-banner-2026.png?resize=350%2C200&ssl=1 1x, https:\/\/i0.wp.com\/www.cltweb.org\/wp-content\/uploads\/2026\/03\/VS-banner-2026.png?resize=525%2C300&ssl=1 1.5x, https:\/\/i0.wp.com\/www.cltweb.org\/wp-content\/uploads\/2026\/03\/VS-banner-2026.png?resize=700%2C400&ssl=1 2x"},"classes":[]}],"_links":{"self":[{"href":"https:\/\/www.cltweb.org\/es\/wp-json\/wp\/v2\/pages\/8733","targetHints":{"allow":["GET"]}}],"collection":[{"href":"https:\/\/www.cltweb.org\/es\/wp-json\/wp\/v2\/pages"}],"about":[{"href":"https:\/\/www.cltweb.org\/es\/wp-json\/wp\/v2\/types\/page"}],"author":[{"embeddable":true,"href":"https:\/\/www.cltweb.org\/es\/wp-json\/wp\/v2\/users\/1"}],"replies":[{"embeddable":true,"href":"https:\/\/www.cltweb.org\/es\/wp-json\/wp\/v2\/comments?post=8733"}],"version-history":[{"count":2,"href":"https:\/\/www.cltweb.org\/es\/wp-json\/wp\/v2\/pages\/8733\/revisions"}],"predecessor-version":[{"id":8917,"href":"https:\/\/www.cltweb.org\/es\/wp-json\/wp\/v2\/pages\/8733\/revisions\/8917"}],"up":[{"embeddable":true,"href":"https:\/\/www.cltweb.org\/es\/wp-json\/wp\/v2\/pages\/1661"}],"wp:attachment":[{"href":"https:\/\/www.cltweb.org\/es\/wp-json\/wp\/v2\/media?parent=8733"}],"wp:term":[{"taxonomy":"category","embeddable":true,"href":"https:\/\/www.cltweb.org\/es\/wp-json\/wp\/v2\/categories?post=8733"},{"taxonomy":"post_tag","embeddable":true,"href":"https:\/\/www.cltweb.org\/es\/wp-json\/wp\/v2\/tags?post=8733"}],"curies":[{"name":"wp","href":"https:\/\/api.w.org\/{rel}","templated":true}]}}