{"id":8743,"date":"2025-02-02T21:03:00","date_gmt":"2025-02-02T21:03:00","guid":{"rendered":"https:\/\/www.cltweb.org\/biblioteca-de-recursos\/agricultura\/el-modelo-de-servidor-central\/la-entidad-servidor-central\/"},"modified":"2025-02-03T19:50:18","modified_gmt":"2025-02-03T19:50:18","slug":"la-entidad-servidor-central","status":"publish","type":"page","link":"https:\/\/www.cltweb.org\/es\/biblioteca-de-recursos\/agricultura\/el-modelo-de-servidor-central\/la-entidad-servidor-central\/","title":{"rendered":"La Entidad Servidor Central"},"content":{"rendered":"\n<p>La entidad del servidor central har\u00e1 el &#8220;trabajo pesado&#8221; que est\u00e1 m\u00e1s all\u00e1 de la capacidad de las peque\u00f1as organizaciones vecinales, sobre todo mientras se encuentran en plena fase de puesta en marcha. Con experiencia en el uso del suelo y las transacciones inmobiliarias, el servidor central puede negociar h\u00e1bilmente con el gobierno local para asegurar terrenos de propiedad p\u00fablica para la agricultura, obtener un tratamiento fiscal favorable, as\u00ed como acceder a los servicios de la ciudad para proporcionar la infraestructura necesaria a los huertos (agua en particular). Adem\u00e1s, el servidor central podr\u00eda ayudar a proporcionar formaci\u00f3n y apoyo t\u00e9cnico a las organizaciones sat\u00e9lite. Estos servicios no s\u00f3lo son m\u00e1s rentables de proporcionar en grupo, sino que tambi\u00e9n crean oportunidades para establecer conexiones entre las organizaciones sat\u00e9lite. En lugar de que los financiadores tengan que ocuparse de numerosas (y similares) solicitudes de financiaci\u00f3n para una mir\u00edada de organizaciones vecinales, el servidor central proporcionar\u00e1 un \u00fanico punto de conexi\u00f3n con los financiadores, lo que puede aumentar la influencia colectiva de estas organizaciones mucho m\u00e1s all\u00e1 de lo que podr\u00edan lograr individualmente. (Por supuesto, las organizaciones sat\u00e9lite tambi\u00e9n pueden buscar financiaci\u00f3n para sus propias operaciones).     <\/p>\n\n<p>El t\u00e9rmino &#8220;servidor&#8221; es clave en el concepto de servidor central. Esta entidad existe para servir a las entidades sat\u00e9lite, y en ese sentido esta organizaci\u00f3n trabaja para cada uno de los barrios a los que sirve. Y debido a las m\u00faltiples partes implicadas en este esfuerzo, el servidor central (y su personal) tendr\u00e1 que ser muy h\u00e1bil para &#8220;jugar bien con los dem\u00e1s&#8221;, evitando cuidadosamente las batallas territoriales o tener favoritos para proteger su posici\u00f3n como entidad de confianza universal. Esto no ser\u00e1 sencillo, sobre todo en las ciudades donde los cargos electos locales pueden tener mucho que decir sobre c\u00f3mo se desarrollan (o no) los proyectos en sus distritos.   <\/p>\n","protected":false},"excerpt":{"rendered":"<p>La entidad del servidor central har\u00e1 el &#8220;trabajo pesado&#8221; que est\u00e1 m\u00e1s all\u00e1 de la capacidad de las peque\u00f1as organizaciones vecinales, sobre todo mientras se encuentran en plena fase de [&hellip;]<\/p>\n","protected":false},"author":1,"featured_media":0,"parent":1660,"menu_order":1,"comment_status":"closed","ping_status":"closed","template":"","meta":{"give_campaign_id":0,"_tec_requires_first_save":true,"_kad_blocks_custom_css":"","_kad_blocks_head_custom_js":"","_kad_blocks_body_custom_js":"","_kad_blocks_footer_custom_js":"","_EventAllDay":false,"_EventTimezone":"","_EventStartDate":"","_EventEndDate":"","_EventStartDateUTC":"","_EventEndDateUTC":"","_EventShowMap":false,"_EventShowMapLink":false,"_EventURL":"","_EventCost":"","_EventCostDescription":"","_EventCurrencySymbol":"","_EventCurrencyCode":"","_EventCurrencyPosition":"","_EventDateTimeSeparator":"","_EventTimeRangeSeparator":"","_EventOrganizerID":[],"_EventVenueID":[],"_OrganizerEmail":"","_OrganizerPhone":"","_OrganizerWebsite":"","_VenueAddress":"","_VenueCity":"","_VenueCountry":"","_VenueProvince":"","_VenueState":"","_VenueZip":"","_VenuePhone":"","_VenueURL":"","_VenueStateProvince":"","_VenueLat":"","_VenueLng":"","_VenueShowMap":false,"_VenueShowMapLink":false,"_tribe_blocks_recurrence_rules":"","_tribe_blocks_recurrence_description":"","_tribe_blocks_recurrence_exclusions":"","footnotes":""},"categories":[126],"tags":[],"class_list":["post-8743","page","type-page","status-publish","hentry","category-agricultura-es"],"blocksy_meta":[],"yoast_head":"<!-- This site is optimized with the Yoast SEO Premium plugin v27.5 (Yoast SEO v27.5) - https:\/\/yoast.com\/product\/yoast-seo-premium-wordpress\/ -->\n<title>La Entidad Servidor Central - International Center for Community Land Trusts<\/title>\n<meta name=\"robots\" content=\"index, follow, max-snippet:-1, max-image-preview:large, max-video-preview:-1\" \/>\n<link rel=\"canonical\" href=\"https:\/\/www.cltweb.org\/es\/biblioteca-de-recursos\/agricultura\/el-modelo-de-servidor-central\/la-entidad-servidor-central\/\" \/>\n<meta property=\"og:locale\" content=\"es_ES\" \/>\n<meta property=\"og:type\" content=\"article\" \/>\n<meta property=\"og:title\" content=\"La Entidad Servidor Central\" \/>\n<meta property=\"og:description\" content=\"La entidad del servidor central har\u00e1 el &#8220;trabajo pesado&#8221; que est\u00e1 m\u00e1s all\u00e1 de la capacidad de las peque\u00f1as organizaciones vecinales, sobre todo mientras se encuentran en plena fase de [&hellip;]\" \/>\n<meta property=\"og:url\" content=\"https:\/\/www.cltweb.org\/es\/biblioteca-de-recursos\/agricultura\/el-modelo-de-servidor-central\/la-entidad-servidor-central\/\" \/>\n<meta property=\"og:site_name\" content=\"International Center for Community Land Trusts\" \/>\n<meta property=\"article:publisher\" content=\"https:\/\/www.facebook.com\/cltcenter\" \/>\n<meta property=\"article:modified_time\" content=\"2025-02-03T19:50:18+00:00\" \/>\n<meta name=\"twitter:card\" content=\"summary_large_image\" \/>\n<meta name=\"twitter:site\" content=\"@Center4CLTs\" \/>\n<meta name=\"twitter:label1\" content=\"Tiempo de lectura\" \/>\n\t<meta name=\"twitter:data1\" content=\"2 minutos\" \/>\n<script type=\"application\/ld+json\" class=\"yoast-schema-graph\">{\"@context\":\"https:\\\/\\\/schema.org\",\"@graph\":[{\"@type\":\"WebPage\",\"@id\":\"https:\\\/\\\/www.cltweb.org\\\/es\\\/biblioteca-de-recursos\\\/agricultura\\\/el-modelo-de-servidor-central\\\/la-entidad-servidor-central\\\/\",\"url\":\"https:\\\/\\\/www.cltweb.org\\\/es\\\/biblioteca-de-recursos\\\/agricultura\\\/el-modelo-de-servidor-central\\\/la-entidad-servidor-central\\\/\",\"name\":\"La Entidad Servidor Central - International Center for Community Land Trusts\",\"isPartOf\":{\"@id\":\"https:\\\/\\\/www.cltweb.org\\\/es\\\/#website\"},\"datePublished\":\"2025-02-02T21:03:00+00:00\",\"dateModified\":\"2025-02-03T19:50:18+00:00\",\"breadcrumb\":{\"@id\":\"https:\\\/\\\/www.cltweb.org\\\/es\\\/biblioteca-de-recursos\\\/agricultura\\\/el-modelo-de-servidor-central\\\/la-entidad-servidor-central\\\/#breadcrumb\"},\"inLanguage\":\"es\",\"potentialAction\":[{\"@type\":\"ReadAction\",\"target\":[\"https:\\\/\\\/www.cltweb.org\\\/es\\\/biblioteca-de-recursos\\\/agricultura\\\/el-modelo-de-servidor-central\\\/la-entidad-servidor-central\\\/\"]}]},{\"@type\":\"BreadcrumbList\",\"@id\":\"https:\\\/\\\/www.cltweb.org\\\/es\\\/biblioteca-de-recursos\\\/agricultura\\\/el-modelo-de-servidor-central\\\/la-entidad-servidor-central\\\/#breadcrumb\",\"itemListElement\":[{\"@type\":\"ListItem\",\"position\":1,\"name\":\"Home\",\"item\":\"https:\\\/\\\/www.cltweb.org\\\/es\\\/\"},{\"@type\":\"ListItem\",\"position\":2,\"name\":\"Biblioteca de recursos\",\"item\":\"https:\\\/\\\/www.cltweb.org\\\/es\\\/biblioteca-de-recursos\\\/\"},{\"@type\":\"ListItem\",\"position\":3,\"name\":\"Tenencia de la tierra para la agricultura urbana\",\"item\":\"https:\\\/\\\/www.cltweb.org\\\/es\\\/biblioteca-de-recursos\\\/agricultura\\\/\"},{\"@type\":\"ListItem\",\"position\":4,\"name\":\"El modelo de servidor central\",\"item\":\"https:\\\/\\\/www.cltweb.org\\\/es\\\/biblioteca-de-recursos\\\/agricultura\\\/el-modelo-de-servidor-central\\\/\"},{\"@type\":\"ListItem\",\"position\":5,\"name\":\"La Entidad Servidor Central\"}]},{\"@type\":\"WebSite\",\"@id\":\"https:\\\/\\\/www.cltweb.org\\\/es\\\/#website\",\"url\":\"https:\\\/\\\/www.cltweb.org\\\/es\\\/\",\"name\":\"International Center for Community Land Trusts\",\"description\":\"\",\"publisher\":{\"@id\":\"https:\\\/\\\/www.cltweb.org\\\/es\\\/#organization\"},\"potentialAction\":[{\"@type\":\"SearchAction\",\"target\":{\"@type\":\"EntryPoint\",\"urlTemplate\":\"https:\\\/\\\/www.cltweb.org\\\/es\\\/?s={search_term_string}\"},\"query-input\":{\"@type\":\"PropertyValueSpecification\",\"valueRequired\":true,\"valueName\":\"search_term_string\"}}],\"inLanguage\":\"es\"},{\"@type\":\"Organization\",\"@id\":\"https:\\\/\\\/www.cltweb.org\\\/es\\\/#organization\",\"name\":\"International Center for Community Land Trusts\",\"url\":\"https:\\\/\\\/www.cltweb.org\\\/es\\\/\",\"logo\":{\"@type\":\"ImageObject\",\"inLanguage\":\"es\",\"@id\":\"https:\\\/\\\/www.cltweb.org\\\/es\\\/#\\\/schema\\\/logo\\\/image\\\/\",\"url\":\"https:\\\/\\\/www.cltweb.org\\\/wp-content\\\/uploads\\\/2024\\\/11\\\/New-CLT-Center-Text-logo.png\",\"contentUrl\":\"https:\\\/\\\/www.cltweb.org\\\/wp-content\\\/uploads\\\/2024\\\/11\\\/New-CLT-Center-Text-logo.png\",\"width\":227,\"height\":80,\"caption\":\"International Center for Community Land Trusts\"},\"image\":{\"@id\":\"https:\\\/\\\/www.cltweb.org\\\/es\\\/#\\\/schema\\\/logo\\\/image\\\/\"},\"sameAs\":[\"https:\\\/\\\/www.facebook.com\\\/cltcenter\",\"https:\\\/\\\/x.com\\\/Center4CLTs\",\"https:\\\/\\\/www.instagram.com\\\/cltcenter\\\/\",\"https:\\\/\\\/www.linkedin.com\\\/company\\\/cltcenter\",\"https:\\\/\\\/www.youtube.com\\\/@centerforcltinnovation5313\"],\"description\":\"The International Center for Community Land Trusts is a not-for-profit nongovernmental organization established in 2018 to promote and to support community land trusts and similar strategies of community-led development on community-owned land in countries throughout the world.\",\"email\":\"info@communitylandtrust.net\",\"legalName\":\"International Center for Community Land Trusts\",\"foundingDate\":\"2018-12-01\",\"taxID\":\"84-3858933\",\"numberOfEmployees\":{\"@type\":\"QuantitativeValue\",\"minValue\":\"1\",\"maxValue\":\"10\"}}]}<\/script>\n<!-- \/ Yoast SEO Premium plugin. -->","yoast_head_json":{"title":"La Entidad Servidor Central - International Center for Community Land Trusts","robots":{"index":"index","follow":"follow","max-snippet":"max-snippet:-1","max-image-preview":"max-image-preview:large","max-video-preview":"max-video-preview:-1"},"canonical":"https:\/\/www.cltweb.org\/es\/biblioteca-de-recursos\/agricultura\/el-modelo-de-servidor-central\/la-entidad-servidor-central\/","og_locale":"es_ES","og_type":"article","og_title":"La Entidad Servidor Central","og_description":"La entidad del servidor central har\u00e1 el &#8220;trabajo pesado&#8221; que est\u00e1 m\u00e1s all\u00e1 de la capacidad de las peque\u00f1as organizaciones vecinales, sobre todo mientras se encuentran en plena fase de [&hellip;]","og_url":"https:\/\/www.cltweb.org\/es\/biblioteca-de-recursos\/agricultura\/el-modelo-de-servidor-central\/la-entidad-servidor-central\/","og_site_name":"International Center for Community Land Trusts","article_publisher":"https:\/\/www.facebook.com\/cltcenter","article_modified_time":"2025-02-03T19:50:18+00:00","twitter_card":"summary_large_image","twitter_site":"@Center4CLTs","twitter_misc":{"Tiempo de lectura":"2 minutos"},"schema":{"@context":"https:\/\/schema.org","@graph":[{"@type":"WebPage","@id":"https:\/\/www.cltweb.org\/es\/biblioteca-de-recursos\/agricultura\/el-modelo-de-servidor-central\/la-entidad-servidor-central\/","url":"https:\/\/www.cltweb.org\/es\/biblioteca-de-recursos\/agricultura\/el-modelo-de-servidor-central\/la-entidad-servidor-central\/","name":"La Entidad Servidor Central - International Center for Community Land Trusts","isPartOf":{"@id":"https:\/\/www.cltweb.org\/es\/#website"},"datePublished":"2025-02-02T21:03:00+00:00","dateModified":"2025-02-03T19:50:18+00:00","breadcrumb":{"@id":"https:\/\/www.cltweb.org\/es\/biblioteca-de-recursos\/agricultura\/el-modelo-de-servidor-central\/la-entidad-servidor-central\/#breadcrumb"},"inLanguage":"es","potentialAction":[{"@type":"ReadAction","target":["https:\/\/www.cltweb.org\/es\/biblioteca-de-recursos\/agricultura\/el-modelo-de-servidor-central\/la-entidad-servidor-central\/"]}]},{"@type":"BreadcrumbList","@id":"https:\/\/www.cltweb.org\/es\/biblioteca-de-recursos\/agricultura\/el-modelo-de-servidor-central\/la-entidad-servidor-central\/#breadcrumb","itemListElement":[{"@type":"ListItem","position":1,"name":"Home","item":"https:\/\/www.cltweb.org\/es\/"},{"@type":"ListItem","position":2,"name":"Biblioteca de recursos","item":"https:\/\/www.cltweb.org\/es\/biblioteca-de-recursos\/"},{"@type":"ListItem","position":3,"name":"Tenencia de la tierra para la agricultura urbana","item":"https:\/\/www.cltweb.org\/es\/biblioteca-de-recursos\/agricultura\/"},{"@type":"ListItem","position":4,"name":"El modelo de servidor central","item":"https:\/\/www.cltweb.org\/es\/biblioteca-de-recursos\/agricultura\/el-modelo-de-servidor-central\/"},{"@type":"ListItem","position":5,"name":"La Entidad Servidor Central"}]},{"@type":"WebSite","@id":"https:\/\/www.cltweb.org\/es\/#website","url":"https:\/\/www.cltweb.org\/es\/","name":"International Center for Community Land Trusts","description":"","publisher":{"@id":"https:\/\/www.cltweb.org\/es\/#organization"},"potentialAction":[{"@type":"SearchAction","target":{"@type":"EntryPoint","urlTemplate":"https:\/\/www.cltweb.org\/es\/?s={search_term_string}"},"query-input":{"@type":"PropertyValueSpecification","valueRequired":true,"valueName":"search_term_string"}}],"inLanguage":"es"},{"@type":"Organization","@id":"https:\/\/www.cltweb.org\/es\/#organization","name":"International Center for Community Land Trusts","url":"https:\/\/www.cltweb.org\/es\/","logo":{"@type":"ImageObject","inLanguage":"es","@id":"https:\/\/www.cltweb.org\/es\/#\/schema\/logo\/image\/","url":"https:\/\/www.cltweb.org\/wp-content\/uploads\/2024\/11\/New-CLT-Center-Text-logo.png","contentUrl":"https:\/\/www.cltweb.org\/wp-content\/uploads\/2024\/11\/New-CLT-Center-Text-logo.png","width":227,"height":80,"caption":"International Center for Community Land Trusts"},"image":{"@id":"https:\/\/www.cltweb.org\/es\/#\/schema\/logo\/image\/"},"sameAs":["https:\/\/www.facebook.com\/cltcenter","https:\/\/x.com\/Center4CLTs","https:\/\/www.instagram.com\/cltcenter\/","https:\/\/www.linkedin.com\/company\/cltcenter","https:\/\/www.youtube.com\/@centerforcltinnovation5313"],"description":"The International Center for Community Land Trusts is a not-for-profit nongovernmental organization established in 2018 to promote and to support community land trusts and similar strategies of community-led development on community-owned land in countries throughout the world.","email":"info@communitylandtrust.net","legalName":"International Center for Community Land Trusts","foundingDate":"2018-12-01","taxID":"84-3858933","numberOfEmployees":{"@type":"QuantitativeValue","minValue":"1","maxValue":"10"}}]}},"campaignId":"","taxonomy_info":{"category":[{"value":126,"label":"Agricultura"}]},"featured_image_src_large":false,"author_info":{"display_name":"cltredesign_0jp0l4","author_link":"https:\/\/www.cltweb.org\/es\/author\/cltredesign_0jp0l4\/"},"comment_info":0,"jetpack_sharing_enabled":true,"jetpack-related-posts":[{"id":1660,"url":"https:\/\/www.cltweb.org\/es\/biblioteca-de-recursos\/agricultura\/el-modelo-de-servidor-central\/","url_meta":{"origin":8743,"position":0},"title":"El modelo de servidor central","author":"cltredesign_0jp0l4","date":"29 de julio de 2024","format":false,"excerpt":"El Modelo de Servidor Central es un enfoque que se ha desarrollado dentro del movimiento de fideicomisos de la tierra comunitarios para facilitar la r\u00e1pida ampliaci\u00f3n de los enfoques de vivienda asequible permanente en toda la ciudad, logrando un equilibrio entre el control del vecindario y el aprovechamiento de la\u2026","rel":"","context":"En \u00abAgricultura\u00bb","block_context":{"text":"Agricultura","link":"https:\/\/www.cltweb.org\/es\/category\/agricultura-es\/"},"img":{"alt_text":"","src":"","width":0,"height":0},"classes":[]},{"id":8748,"url":"https:\/\/www.cltweb.org\/es\/biblioteca-de-recursos\/agricultura\/el-modelo-de-servidor-central\/satelites-vecinales\/","url_meta":{"origin":8743,"position":1},"title":"Sat\u00e9lites vecinales","author":"cltredesign_0jp0l4","date":"2 de febrero de 2025","format":false,"excerpt":"Las organizaciones sat\u00e9lite son la voz de la comunidad. Pueden ser organizaciones sin \u00e1nimo de lucro ya existentes (corporaciones de desarrollo comunitario, fideicomisos de la tierra comunitarios, etc.), nuevas empresas o entidades m\u00e1s informales. Lo que tienen en com\u00fan es la capacidad de hablar en nombre de los barrios en\u2026","rel":"","context":"Entrada similar","block_context":{"text":"Entrada similar","link":""},"img":{"alt_text":"","src":"","width":0,"height":0},"classes":[]},{"id":8753,"url":"https:\/\/www.cltweb.org\/es\/biblioteca-de-recursos\/agricultura\/el-modelo-de-servidor-central\/a-quien-pertenece-la-tierra\/","url_meta":{"origin":8743,"position":2},"title":"\u00bfA qui\u00e9n pertenece la tierra?","author":"cltredesign_0jp0l4","date":"2 de febrero de 2025","format":false,"excerpt":"En las implementaciones del servidor central de Atlanta y Nueva Orleans, se pretend\u00eda que las entidades sat\u00e9lite fueran las entidades propietarias de tierras. Sin embargo, en un contexto de agricultura urbana, probablemente tenga m\u00e1s sentido que la entidad del servidor central sea la entidad propietaria de los terrenos. \u00c9ste es\u2026","rel":"","context":"En \u00abAgricultura\u00bb","block_context":{"text":"Agricultura","link":"https:\/\/www.cltweb.org\/es\/category\/agricultura-es\/"},"img":{"alt_text":"","src":"","width":0,"height":0},"classes":[]},{"id":8767,"url":"https:\/\/www.cltweb.org\/es\/biblioteca-de-recursos\/agricultura\/el-modelo-de-servidor-central\/buenas-practicas\/","url_meta":{"origin":8743,"position":3},"title":"Buenas pr\u00e1cticas","author":"cltredesign_0jp0l4","date":"2 de febrero de 2025","format":false,"excerpt":"Fomentar la participaci\u00f3n del gobierno: La gran mayor\u00eda de los terrenos para la agricultura urbana proceder\u00e1n probablemente del sector p\u00fablico. Adem\u00e1s, en muchos casos, si no en la mayor\u00eda, se necesitar\u00e1n subvenciones p\u00fablicas para la rehabilitaci\u00f3n y el funcionamiento. Comprometerse con las comunidades: El servidor central proporciona un apoyo fundamental\u2026","rel":"","context":"En \u00abAgricultura\u00bb","block_context":{"text":"Agricultura","link":"https:\/\/www.cltweb.org\/es\/category\/agricultura-es\/"},"img":{"alt_text":"","src":"","width":0,"height":0},"classes":[]},{"id":8762,"url":"https:\/\/www.cltweb.org\/es\/biblioteca-de-recursos\/agricultura\/el-modelo-de-servidor-central\/un-fondo-de-tierras-para-granjas-comerciales-urbanas\/","url_meta":{"origin":8743,"position":4},"title":"\u00bfUn Fondo de Tierras para Granjas Comerciales Urbanas?","author":"cltredesign_0jp0l4","date":"2 de febrero de 2025","format":false,"excerpt":"La tenencia de tierras agr\u00edcolas en fideicomiso sirve de complemento potencial para los modelos de agricultura urbana empresarial con \u00e1nimo de lucro. Los responsables de las fundaciones, en particular, est\u00e1n interesados en el potencial del sector de la agricultura urbana para ir m\u00e1s all\u00e1 de los modelos empresariales sin \u00e1nimo\u2026","rel":"","context":"En \u00abAgricultura\u00bb","block_context":{"text":"Agricultura","link":"https:\/\/www.cltweb.org\/es\/category\/agricultura-es\/"},"img":{"alt_text":"","src":"","width":0,"height":0},"classes":[]},{"id":8768,"url":"https:\/\/www.cltweb.org\/pt-br\/biblioteca-de-recursos\/agricultura\/o-modelo-de-servidor-central\/praticas-recomendadas\/","url_meta":{"origin":8743,"position":5},"title":"Pr\u00e1ticas recomendadas","author":"cltredesign_0jp0l4","date":"2 de febrero de 2025","format":false,"excerpt":"Incentivar a ades\u00e3o do governo: A grande maioria das terras para agricultura urbana provavelmente vir\u00e1 do setor p\u00fablico. Al\u00e9m disso, o subs\u00eddio p\u00fablico para a remedia\u00e7\u00e3o e as opera\u00e7\u00f5es ser\u00e1 necess\u00e1rio em muitos, se n\u00e3o na maioria dos casos. Envolver-se com as comunidades: O servidor central oferece suporte essencial para\u2026","rel":"","context":"En \u00abAgricultura\u00bb","block_context":{"text":"Agricultura","link":"https:\/\/www.cltweb.org\/pt-br\/category\/agricultura\/"},"img":{"alt_text":"","src":"","width":0,"height":0},"classes":[]}],"_links":{"self":[{"href":"https:\/\/www.cltweb.org\/es\/wp-json\/wp\/v2\/pages\/8743","targetHints":{"allow":["GET"]}}],"collection":[{"href":"https:\/\/www.cltweb.org\/es\/wp-json\/wp\/v2\/pages"}],"about":[{"href":"https:\/\/www.cltweb.org\/es\/wp-json\/wp\/v2\/types\/page"}],"author":[{"embeddable":true,"href":"https:\/\/www.cltweb.org\/es\/wp-json\/wp\/v2\/users\/1"}],"replies":[{"embeddable":true,"href":"https:\/\/www.cltweb.org\/es\/wp-json\/wp\/v2\/comments?post=8743"}],"version-history":[{"count":2,"href":"https:\/\/www.cltweb.org\/es\/wp-json\/wp\/v2\/pages\/8743\/revisions"}],"predecessor-version":[{"id":8914,"href":"https:\/\/www.cltweb.org\/es\/wp-json\/wp\/v2\/pages\/8743\/revisions\/8914"}],"up":[{"embeddable":true,"href":"https:\/\/www.cltweb.org\/es\/wp-json\/wp\/v2\/pages\/1660"}],"wp:attachment":[{"href":"https:\/\/www.cltweb.org\/es\/wp-json\/wp\/v2\/media?parent=8743"}],"wp:term":[{"taxonomy":"category","embeddable":true,"href":"https:\/\/www.cltweb.org\/es\/wp-json\/wp\/v2\/categories?post=8743"},{"taxonomy":"post_tag","embeddable":true,"href":"https:\/\/www.cltweb.org\/es\/wp-json\/wp\/v2\/tags?post=8743"}],"curies":[{"name":"wp","href":"https:\/\/api.w.org\/{rel}","templated":true}]}}