{"id":8753,"date":"2025-02-02T21:04:36","date_gmt":"2025-02-02T21:04:36","guid":{"rendered":"https:\/\/www.cltweb.org\/biblioteca-de-recursos\/agricultura\/el-modelo-de-servidor-central\/a-quien-pertenece-la-tierra\/"},"modified":"2025-02-03T19:51:22","modified_gmt":"2025-02-03T19:51:22","slug":"a-quien-pertenece-la-tierra","status":"publish","type":"page","link":"https:\/\/www.cltweb.org\/es\/biblioteca-de-recursos\/agricultura\/el-modelo-de-servidor-central\/a-quien-pertenece-la-tierra\/","title":{"rendered":"\u00bfA qui\u00e9n pertenece la tierra?"},"content":{"rendered":"\n<p>En las implementaciones del servidor central de Atlanta y Nueva Orleans, se pretend\u00eda que las entidades sat\u00e9lite fueran las entidades propietarias de tierras. Sin embargo, en un contexto de agricultura urbana, probablemente tenga m\u00e1s sentido que la entidad del servidor central sea la entidad propietaria de los terrenos. \u00c9ste es el enfoque que NeighborSpace (descrito m\u00e1s adelante) ha utilizado con gran \u00e9xito. Aprovecha las econom\u00edas de escala y la experiencia inmobiliaria de que dispone el servidor central, adem\u00e1s de proporcionar ese \u00fanico punto de contacto para los organismos p\u00fablicos que proporcionan los terrenos.   <\/p>\n\n<p>Sin embargo, las entidades sat\u00e9lite pueden muy bien tener el deseo de poseer ellas mismas el terreno en alg\u00fan momento futuro, para asegurarse mejor el control local sobre lo que ocurre en su barrio. Un enfoque &#8220;h\u00edbrido&#8221; podr\u00eda consistir en la propiedad inicial del terreno por parte de la entidad servidora central, con la opci\u00f3n de que las entidades sat\u00e9lite locales adquirieran el terreno m\u00e1s adelante, una vez que la entidad sat\u00e9lite hubiera adquirido la capacidad de administrar el terreno por s\u00ed misma. Adem\u00e1s, podr\u00eda incluirse una cl\u00e1usula en el acuerdo inicial que estableciera que, en caso de que una entidad local fracasara, el terreno revertir\u00eda al servidor central.  <\/p>\n","protected":false},"excerpt":{"rendered":"<p>En las implementaciones del servidor central de Atlanta y Nueva Orleans, se pretend\u00eda que las entidades sat\u00e9lite fueran las entidades propietarias de tierras. Sin embargo, en un contexto de agricultura [&hellip;]<\/p>\n","protected":false},"author":1,"featured_media":0,"parent":1660,"menu_order":3,"comment_status":"closed","ping_status":"closed","template":"","meta":{"give_campaign_id":0,"_tec_requires_first_save":true,"_kad_blocks_custom_css":"","_kad_blocks_head_custom_js":"","_kad_blocks_body_custom_js":"","_kad_blocks_footer_custom_js":"","_EventAllDay":false,"_EventTimezone":"","_EventStartDate":"","_EventEndDate":"","_EventStartDateUTC":"","_EventEndDateUTC":"","_EventShowMap":false,"_EventShowMapLink":false,"_EventURL":"","_EventCost":"","_EventCostDescription":"","_EventCurrencySymbol":"","_EventCurrencyCode":"","_EventCurrencyPosition":"","_EventDateTimeSeparator":"","_EventTimeRangeSeparator":"","_EventOrganizerID":[],"_EventVenueID":[],"_OrganizerEmail":"","_OrganizerPhone":"","_OrganizerWebsite":"","_VenueAddress":"","_VenueCity":"","_VenueCountry":"","_VenueProvince":"","_VenueState":"","_VenueZip":"","_VenuePhone":"","_VenueURL":"","_VenueStateProvince":"","_VenueLat":"","_VenueLng":"","_VenueShowMap":false,"_VenueShowMapLink":false,"_tribe_blocks_recurrence_rules":"","_tribe_blocks_recurrence_description":"","_tribe_blocks_recurrence_exclusions":"","footnotes":""},"categories":[126],"tags":[],"class_list":["post-8753","page","type-page","status-publish","hentry","category-agricultura-es"],"blocksy_meta":[],"yoast_head":"<!-- This site is optimized with the Yoast SEO Premium plugin v27.5 (Yoast SEO v27.5) - https:\/\/yoast.com\/product\/yoast-seo-premium-wordpress\/ -->\n<title>\u00bfA qui\u00e9n pertenece la tierra? - International Center for Community Land Trusts<\/title>\n<meta name=\"robots\" content=\"index, follow, max-snippet:-1, max-image-preview:large, max-video-preview:-1\" \/>\n<link rel=\"canonical\" href=\"https:\/\/www.cltweb.org\/es\/biblioteca-de-recursos\/agricultura\/el-modelo-de-servidor-central\/a-quien-pertenece-la-tierra\/\" \/>\n<meta property=\"og:locale\" content=\"es_ES\" \/>\n<meta property=\"og:type\" content=\"article\" \/>\n<meta property=\"og:title\" content=\"\u00bfA qui\u00e9n pertenece la tierra?\" \/>\n<meta property=\"og:description\" content=\"En las implementaciones del servidor central de Atlanta y Nueva Orleans, se pretend\u00eda que las entidades sat\u00e9lite fueran las entidades propietarias de tierras. Sin embargo, en un contexto de agricultura [&hellip;]\" \/>\n<meta property=\"og:url\" content=\"https:\/\/www.cltweb.org\/es\/biblioteca-de-recursos\/agricultura\/el-modelo-de-servidor-central\/a-quien-pertenece-la-tierra\/\" \/>\n<meta property=\"og:site_name\" content=\"International Center for Community Land Trusts\" \/>\n<meta property=\"article:publisher\" content=\"https:\/\/www.facebook.com\/cltcenter\" \/>\n<meta property=\"article:modified_time\" content=\"2025-02-03T19:51:22+00:00\" \/>\n<meta name=\"twitter:card\" content=\"summary_large_image\" \/>\n<meta name=\"twitter:site\" content=\"@Center4CLTs\" \/>\n<meta name=\"twitter:label1\" content=\"Tiempo de lectura\" \/>\n\t<meta name=\"twitter:data1\" content=\"1 minuto\" \/>\n<script type=\"application\/ld+json\" class=\"yoast-schema-graph\">{\"@context\":\"https:\\\/\\\/schema.org\",\"@graph\":[{\"@type\":\"WebPage\",\"@id\":\"https:\\\/\\\/www.cltweb.org\\\/es\\\/biblioteca-de-recursos\\\/agricultura\\\/el-modelo-de-servidor-central\\\/a-quien-pertenece-la-tierra\\\/\",\"url\":\"https:\\\/\\\/www.cltweb.org\\\/es\\\/biblioteca-de-recursos\\\/agricultura\\\/el-modelo-de-servidor-central\\\/a-quien-pertenece-la-tierra\\\/\",\"name\":\"\u00bfA qui\u00e9n pertenece la tierra? - International Center for Community Land Trusts\",\"isPartOf\":{\"@id\":\"https:\\\/\\\/www.cltweb.org\\\/es\\\/#website\"},\"datePublished\":\"2025-02-02T21:04:36+00:00\",\"dateModified\":\"2025-02-03T19:51:22+00:00\",\"breadcrumb\":{\"@id\":\"https:\\\/\\\/www.cltweb.org\\\/es\\\/biblioteca-de-recursos\\\/agricultura\\\/el-modelo-de-servidor-central\\\/a-quien-pertenece-la-tierra\\\/#breadcrumb\"},\"inLanguage\":\"es\",\"potentialAction\":[{\"@type\":\"ReadAction\",\"target\":[\"https:\\\/\\\/www.cltweb.org\\\/es\\\/biblioteca-de-recursos\\\/agricultura\\\/el-modelo-de-servidor-central\\\/a-quien-pertenece-la-tierra\\\/\"]}]},{\"@type\":\"BreadcrumbList\",\"@id\":\"https:\\\/\\\/www.cltweb.org\\\/es\\\/biblioteca-de-recursos\\\/agricultura\\\/el-modelo-de-servidor-central\\\/a-quien-pertenece-la-tierra\\\/#breadcrumb\",\"itemListElement\":[{\"@type\":\"ListItem\",\"position\":1,\"name\":\"Home\",\"item\":\"https:\\\/\\\/www.cltweb.org\\\/es\\\/\"},{\"@type\":\"ListItem\",\"position\":2,\"name\":\"Biblioteca de recursos\",\"item\":\"https:\\\/\\\/www.cltweb.org\\\/es\\\/biblioteca-de-recursos\\\/\"},{\"@type\":\"ListItem\",\"position\":3,\"name\":\"Tenencia de la tierra para la agricultura urbana\",\"item\":\"https:\\\/\\\/www.cltweb.org\\\/es\\\/biblioteca-de-recursos\\\/agricultura\\\/\"},{\"@type\":\"ListItem\",\"position\":4,\"name\":\"El modelo de servidor central\",\"item\":\"https:\\\/\\\/www.cltweb.org\\\/es\\\/biblioteca-de-recursos\\\/agricultura\\\/el-modelo-de-servidor-central\\\/\"},{\"@type\":\"ListItem\",\"position\":5,\"name\":\"\u00bfA qui\u00e9n pertenece la tierra?\"}]},{\"@type\":\"WebSite\",\"@id\":\"https:\\\/\\\/www.cltweb.org\\\/es\\\/#website\",\"url\":\"https:\\\/\\\/www.cltweb.org\\\/es\\\/\",\"name\":\"International Center for Community Land Trusts\",\"description\":\"\",\"publisher\":{\"@id\":\"https:\\\/\\\/www.cltweb.org\\\/es\\\/#organization\"},\"potentialAction\":[{\"@type\":\"SearchAction\",\"target\":{\"@type\":\"EntryPoint\",\"urlTemplate\":\"https:\\\/\\\/www.cltweb.org\\\/es\\\/?s={search_term_string}\"},\"query-input\":{\"@type\":\"PropertyValueSpecification\",\"valueRequired\":true,\"valueName\":\"search_term_string\"}}],\"inLanguage\":\"es\"},{\"@type\":\"Organization\",\"@id\":\"https:\\\/\\\/www.cltweb.org\\\/es\\\/#organization\",\"name\":\"International Center for Community Land Trusts\",\"url\":\"https:\\\/\\\/www.cltweb.org\\\/es\\\/\",\"logo\":{\"@type\":\"ImageObject\",\"inLanguage\":\"es\",\"@id\":\"https:\\\/\\\/www.cltweb.org\\\/es\\\/#\\\/schema\\\/logo\\\/image\\\/\",\"url\":\"https:\\\/\\\/www.cltweb.org\\\/wp-content\\\/uploads\\\/2024\\\/11\\\/New-CLT-Center-Text-logo.png\",\"contentUrl\":\"https:\\\/\\\/www.cltweb.org\\\/wp-content\\\/uploads\\\/2024\\\/11\\\/New-CLT-Center-Text-logo.png\",\"width\":227,\"height\":80,\"caption\":\"International Center for Community Land Trusts\"},\"image\":{\"@id\":\"https:\\\/\\\/www.cltweb.org\\\/es\\\/#\\\/schema\\\/logo\\\/image\\\/\"},\"sameAs\":[\"https:\\\/\\\/www.facebook.com\\\/cltcenter\",\"https:\\\/\\\/x.com\\\/Center4CLTs\",\"https:\\\/\\\/www.instagram.com\\\/cltcenter\\\/\",\"https:\\\/\\\/www.linkedin.com\\\/company\\\/cltcenter\",\"https:\\\/\\\/www.youtube.com\\\/@centerforcltinnovation5313\"],\"description\":\"The International Center for Community Land Trusts is a not-for-profit nongovernmental organization established in 2018 to promote and to support community land trusts and similar strategies of community-led development on community-owned land in countries throughout the world.\",\"email\":\"info@communitylandtrust.net\",\"legalName\":\"International Center for Community Land Trusts\",\"foundingDate\":\"2018-12-01\",\"taxID\":\"84-3858933\",\"numberOfEmployees\":{\"@type\":\"QuantitativeValue\",\"minValue\":\"1\",\"maxValue\":\"10\"}}]}<\/script>\n<!-- \/ Yoast SEO Premium plugin. -->","yoast_head_json":{"title":"\u00bfA qui\u00e9n pertenece la tierra? - International Center for Community Land Trusts","robots":{"index":"index","follow":"follow","max-snippet":"max-snippet:-1","max-image-preview":"max-image-preview:large","max-video-preview":"max-video-preview:-1"},"canonical":"https:\/\/www.cltweb.org\/es\/biblioteca-de-recursos\/agricultura\/el-modelo-de-servidor-central\/a-quien-pertenece-la-tierra\/","og_locale":"es_ES","og_type":"article","og_title":"\u00bfA qui\u00e9n pertenece la tierra?","og_description":"En las implementaciones del servidor central de Atlanta y Nueva Orleans, se pretend\u00eda que las entidades sat\u00e9lite fueran las entidades propietarias de tierras. Sin embargo, en un contexto de agricultura [&hellip;]","og_url":"https:\/\/www.cltweb.org\/es\/biblioteca-de-recursos\/agricultura\/el-modelo-de-servidor-central\/a-quien-pertenece-la-tierra\/","og_site_name":"International Center for Community Land Trusts","article_publisher":"https:\/\/www.facebook.com\/cltcenter","article_modified_time":"2025-02-03T19:51:22+00:00","twitter_card":"summary_large_image","twitter_site":"@Center4CLTs","twitter_misc":{"Tiempo de lectura":"1 minuto"},"schema":{"@context":"https:\/\/schema.org","@graph":[{"@type":"WebPage","@id":"https:\/\/www.cltweb.org\/es\/biblioteca-de-recursos\/agricultura\/el-modelo-de-servidor-central\/a-quien-pertenece-la-tierra\/","url":"https:\/\/www.cltweb.org\/es\/biblioteca-de-recursos\/agricultura\/el-modelo-de-servidor-central\/a-quien-pertenece-la-tierra\/","name":"\u00bfA qui\u00e9n pertenece la tierra? - International Center for Community Land Trusts","isPartOf":{"@id":"https:\/\/www.cltweb.org\/es\/#website"},"datePublished":"2025-02-02T21:04:36+00:00","dateModified":"2025-02-03T19:51:22+00:00","breadcrumb":{"@id":"https:\/\/www.cltweb.org\/es\/biblioteca-de-recursos\/agricultura\/el-modelo-de-servidor-central\/a-quien-pertenece-la-tierra\/#breadcrumb"},"inLanguage":"es","potentialAction":[{"@type":"ReadAction","target":["https:\/\/www.cltweb.org\/es\/biblioteca-de-recursos\/agricultura\/el-modelo-de-servidor-central\/a-quien-pertenece-la-tierra\/"]}]},{"@type":"BreadcrumbList","@id":"https:\/\/www.cltweb.org\/es\/biblioteca-de-recursos\/agricultura\/el-modelo-de-servidor-central\/a-quien-pertenece-la-tierra\/#breadcrumb","itemListElement":[{"@type":"ListItem","position":1,"name":"Home","item":"https:\/\/www.cltweb.org\/es\/"},{"@type":"ListItem","position":2,"name":"Biblioteca de recursos","item":"https:\/\/www.cltweb.org\/es\/biblioteca-de-recursos\/"},{"@type":"ListItem","position":3,"name":"Tenencia de la tierra para la agricultura urbana","item":"https:\/\/www.cltweb.org\/es\/biblioteca-de-recursos\/agricultura\/"},{"@type":"ListItem","position":4,"name":"El modelo de servidor central","item":"https:\/\/www.cltweb.org\/es\/biblioteca-de-recursos\/agricultura\/el-modelo-de-servidor-central\/"},{"@type":"ListItem","position":5,"name":"\u00bfA qui\u00e9n pertenece la tierra?"}]},{"@type":"WebSite","@id":"https:\/\/www.cltweb.org\/es\/#website","url":"https:\/\/www.cltweb.org\/es\/","name":"International Center for Community Land Trusts","description":"","publisher":{"@id":"https:\/\/www.cltweb.org\/es\/#organization"},"potentialAction":[{"@type":"SearchAction","target":{"@type":"EntryPoint","urlTemplate":"https:\/\/www.cltweb.org\/es\/?s={search_term_string}"},"query-input":{"@type":"PropertyValueSpecification","valueRequired":true,"valueName":"search_term_string"}}],"inLanguage":"es"},{"@type":"Organization","@id":"https:\/\/www.cltweb.org\/es\/#organization","name":"International Center for Community Land Trusts","url":"https:\/\/www.cltweb.org\/es\/","logo":{"@type":"ImageObject","inLanguage":"es","@id":"https:\/\/www.cltweb.org\/es\/#\/schema\/logo\/image\/","url":"https:\/\/www.cltweb.org\/wp-content\/uploads\/2024\/11\/New-CLT-Center-Text-logo.png","contentUrl":"https:\/\/www.cltweb.org\/wp-content\/uploads\/2024\/11\/New-CLT-Center-Text-logo.png","width":227,"height":80,"caption":"International Center for Community Land Trusts"},"image":{"@id":"https:\/\/www.cltweb.org\/es\/#\/schema\/logo\/image\/"},"sameAs":["https:\/\/www.facebook.com\/cltcenter","https:\/\/x.com\/Center4CLTs","https:\/\/www.instagram.com\/cltcenter\/","https:\/\/www.linkedin.com\/company\/cltcenter","https:\/\/www.youtube.com\/@centerforcltinnovation5313"],"description":"The International Center for Community Land Trusts is a not-for-profit nongovernmental organization established in 2018 to promote and to support community land trusts and similar strategies of community-led development on community-owned land in countries throughout the world.","email":"info@communitylandtrust.net","legalName":"International Center for Community Land Trusts","foundingDate":"2018-12-01","taxID":"84-3858933","numberOfEmployees":{"@type":"QuantitativeValue","minValue":"1","maxValue":"10"}}]}},"campaignId":"","taxonomy_info":{"category":[{"value":126,"label":"Agricultura"}]},"featured_image_src_large":false,"author_info":{"display_name":"cltredesign_0jp0l4","author_link":"https:\/\/www.cltweb.org\/es\/author\/cltredesign_0jp0l4\/"},"comment_info":0,"jetpack_sharing_enabled":true,"jetpack-related-posts":[{"id":8767,"url":"https:\/\/www.cltweb.org\/es\/biblioteca-de-recursos\/agricultura\/el-modelo-de-servidor-central\/buenas-practicas\/","url_meta":{"origin":8753,"position":0},"title":"Buenas pr\u00e1cticas","author":"cltredesign_0jp0l4","date":"2 de febrero de 2025","format":false,"excerpt":"Fomentar la participaci\u00f3n del gobierno: La gran mayor\u00eda de los terrenos para la agricultura urbana proceder\u00e1n probablemente del sector p\u00fablico. Adem\u00e1s, en muchos casos, si no en la mayor\u00eda, se necesitar\u00e1n subvenciones p\u00fablicas para la rehabilitaci\u00f3n y el funcionamiento. Comprometerse con las comunidades: El servidor central proporciona un apoyo fundamental\u2026","rel":"","context":"En \u00abAgricultura\u00bb","block_context":{"text":"Agricultura","link":"https:\/\/www.cltweb.org\/es\/category\/agricultura-es\/"},"img":{"alt_text":"","src":"","width":0,"height":0},"classes":[]},{"id":8762,"url":"https:\/\/www.cltweb.org\/es\/biblioteca-de-recursos\/agricultura\/el-modelo-de-servidor-central\/un-fondo-de-tierras-para-granjas-comerciales-urbanas\/","url_meta":{"origin":8753,"position":1},"title":"\u00bfUn Fondo de Tierras para Granjas Comerciales Urbanas?","author":"cltredesign_0jp0l4","date":"2 de febrero de 2025","format":false,"excerpt":"La tenencia de tierras agr\u00edcolas en fideicomiso sirve de complemento potencial para los modelos de agricultura urbana empresarial con \u00e1nimo de lucro. Los responsables de las fundaciones, en particular, est\u00e1n interesados en el potencial del sector de la agricultura urbana para ir m\u00e1s all\u00e1 de los modelos empresariales sin \u00e1nimo\u2026","rel":"","context":"En \u00abAgricultura\u00bb","block_context":{"text":"Agricultura","link":"https:\/\/www.cltweb.org\/es\/category\/agricultura-es\/"},"img":{"alt_text":"","src":"","width":0,"height":0},"classes":[]},{"id":1660,"url":"https:\/\/www.cltweb.org\/es\/biblioteca-de-recursos\/agricultura\/el-modelo-de-servidor-central\/","url_meta":{"origin":8753,"position":2},"title":"El modelo de servidor central","author":"cltredesign_0jp0l4","date":"29 de julio de 2024","format":false,"excerpt":"El Modelo de Servidor Central es un enfoque que se ha desarrollado dentro del movimiento de fideicomisos de la tierra comunitarios para facilitar la r\u00e1pida ampliaci\u00f3n de los enfoques de vivienda asequible permanente en toda la ciudad, logrando un equilibrio entre el control del vecindario y el aprovechamiento de la\u2026","rel":"","context":"En \u00abAgricultura\u00bb","block_context":{"text":"Agricultura","link":"https:\/\/www.cltweb.org\/es\/category\/agricultura-es\/"},"img":{"alt_text":"","src":"","width":0,"height":0},"classes":[]},{"id":8743,"url":"https:\/\/www.cltweb.org\/es\/biblioteca-de-recursos\/agricultura\/el-modelo-de-servidor-central\/la-entidad-servidor-central\/","url_meta":{"origin":8753,"position":3},"title":"La Entidad Servidor Central","author":"cltredesign_0jp0l4","date":"2 de febrero de 2025","format":false,"excerpt":"La entidad del servidor central har\u00e1 el \"trabajo pesado\" que est\u00e1 m\u00e1s all\u00e1 de la capacidad de las peque\u00f1as organizaciones vecinales, sobre todo mientras se encuentran en plena fase de puesta en marcha. Con experiencia en el uso del suelo y las transacciones inmobiliarias, el servidor central puede negociar h\u00e1bilmente\u2026","rel":"","context":"En \u00abAgricultura\u00bb","block_context":{"text":"Agricultura","link":"https:\/\/www.cltweb.org\/es\/category\/agricultura-es\/"},"img":{"alt_text":"","src":"","width":0,"height":0},"classes":[]},{"id":8748,"url":"https:\/\/www.cltweb.org\/es\/biblioteca-de-recursos\/agricultura\/el-modelo-de-servidor-central\/satelites-vecinales\/","url_meta":{"origin":8753,"position":4},"title":"Sat\u00e9lites vecinales","author":"cltredesign_0jp0l4","date":"2 de febrero de 2025","format":false,"excerpt":"Las organizaciones sat\u00e9lite son la voz de la comunidad. Pueden ser organizaciones sin \u00e1nimo de lucro ya existentes (corporaciones de desarrollo comunitario, fideicomisos de la tierra comunitarios, etc.), nuevas empresas o entidades m\u00e1s informales. Lo que tienen en com\u00fan es la capacidad de hablar en nombre de los barrios en\u2026","rel":"","context":"Entrada similar","block_context":{"text":"Entrada similar","link":""},"img":{"alt_text":"","src":"","width":0,"height":0},"classes":[]},{"id":1650,"url":"https:\/\/www.cltweb.org\/es\/biblioteca-de-recursos\/agricultura\/cuestiones-estrategicas\/","url_meta":{"origin":8753,"position":5},"title":"Cuestiones estrat\u00e9gicas","author":"cltredesign_0jp0l4","date":"29 de julio de 2024","format":false,"excerpt":"\u00bfC\u00f3mo se garantizar\u00e1 la tierra a los agricultores? Aunque \u00e9sta es la pregunta central que debe responder un modelo de tenencia de la tierra, no esperamos que haya una respuesta \u00fanica. De hecho, como sugerimos en la secci\u00f3n anterior, la tierra puede asegurarse de forma diferente para los agricultores que\u2026","rel":"","context":"En \u00abAgricultura\u00bb","block_context":{"text":"Agricultura","link":"https:\/\/www.cltweb.org\/es\/category\/agricultura-es\/"},"img":{"alt_text":"","src":"","width":0,"height":0},"classes":[]}],"_links":{"self":[{"href":"https:\/\/www.cltweb.org\/es\/wp-json\/wp\/v2\/pages\/8753","targetHints":{"allow":["GET"]}}],"collection":[{"href":"https:\/\/www.cltweb.org\/es\/wp-json\/wp\/v2\/pages"}],"about":[{"href":"https:\/\/www.cltweb.org\/es\/wp-json\/wp\/v2\/types\/page"}],"author":[{"embeddable":true,"href":"https:\/\/www.cltweb.org\/es\/wp-json\/wp\/v2\/users\/1"}],"replies":[{"embeddable":true,"href":"https:\/\/www.cltweb.org\/es\/wp-json\/wp\/v2\/comments?post=8753"}],"version-history":[{"count":2,"href":"https:\/\/www.cltweb.org\/es\/wp-json\/wp\/v2\/pages\/8753\/revisions"}],"predecessor-version":[{"id":8937,"href":"https:\/\/www.cltweb.org\/es\/wp-json\/wp\/v2\/pages\/8753\/revisions\/8937"}],"up":[{"embeddable":true,"href":"https:\/\/www.cltweb.org\/es\/wp-json\/wp\/v2\/pages\/1660"}],"wp:attachment":[{"href":"https:\/\/www.cltweb.org\/es\/wp-json\/wp\/v2\/media?parent=8753"}],"wp:term":[{"taxonomy":"category","embeddable":true,"href":"https:\/\/www.cltweb.org\/es\/wp-json\/wp\/v2\/categories?post=8753"},{"taxonomy":"post_tag","embeddable":true,"href":"https:\/\/www.cltweb.org\/es\/wp-json\/wp\/v2\/tags?post=8753"}],"curies":[{"name":"wp","href":"https:\/\/api.w.org\/{rel}","templated":true}]}}