{"id":8762,"date":"2025-02-02T21:06:31","date_gmt":"2025-02-02T21:06:31","guid":{"rendered":"https:\/\/www.cltweb.org\/biblioteca-de-recursos\/agricultura\/el-modelo-de-servidor-central\/un-fondo-de-tierras-para-granjas-comerciales-urbanas\/"},"modified":"2025-02-03T19:55:10","modified_gmt":"2025-02-03T19:55:10","slug":"un-fondo-de-tierras-para-granjas-comerciales-urbanas","status":"publish","type":"page","link":"https:\/\/www.cltweb.org\/es\/biblioteca-de-recursos\/agricultura\/el-modelo-de-servidor-central\/un-fondo-de-tierras-para-granjas-comerciales-urbanas\/","title":{"rendered":"\u00bfUn Fondo de Tierras para Granjas Comerciales Urbanas?"},"content":{"rendered":"\n<p>La tenencia de tierras agr\u00edcolas en fideicomiso sirve de complemento potencial para los modelos de agricultura urbana empresarial con \u00e1nimo de lucro. Los responsables de las fundaciones, en particular, est\u00e1n interesados en el potencial del sector de la agricultura urbana para ir m\u00e1s all\u00e1 de los modelos empresariales sin \u00e1nimo de lucro que dependen de las subvenciones. En 2015, algunas fundaciones de Chicago crearon un programa conjunto llamado &#8220;Food:Land:Opportunity&#8221;, que financia un esfuerzo dirigido por NeighborSpace para desarrollar un modelo de tenencia de la tierra que podr\u00eda apoyar a los cultivadores comerciales con \u00e1nimo de lucro en el barrio de Englewood, en el South Side. (Comida:Tierra:Oportunidad 2015)   <\/p>\n\n<p>Este nuevo papel potencial para NeighborSpace, o para una nueva entidad propietaria de terrenos, responde a un problema que probablemente surgir\u00e1 gracias al crecimiento de los programas centrados en la formaci\u00f3n de nuevos agricultores urbanos comerciales. En 2013, el alcalde Rahm Emanuel anunci\u00f3 el programa Agricultores para Chicago, por el que la ciudad se compromet\u00eda a ayudar a encontrar terrenos para los agricultores en pr\u00e1cticas de organizaciones como Growing Home. Desde entonces, el Jard\u00edn Bot\u00e1nico de Chicago y Growing Power han desarrollado &#8220;granjas incubadoras&#8221; donde los agricultores urbanos principiantes pueden perfeccionar sus t\u00e9cnicas de cultivo, probar sus modelos empresariales y compartir equipos e instalaciones de distribuci\u00f3n. (Chicago Botanic Garden 2013; Growing Power 2013) Sin embargo, cuando el periodo de incubaci\u00f3n termina para estos nuevos agricultores, la pregunta sigue siendo ad\u00f3nde podr\u00edan ir para establecer sus empresas agr\u00edcolas. \u00bfPodr\u00e1n permitirse terrenos a precios de mercado en la ciudad, o tendr\u00e1n que trasladarse al campo para encontrarlos?     <\/p>\n\n<p>El proceso de planificaci\u00f3n financiado por Food:Land:Opportunity tiene como objetivo encontrar una forma de que los agricultores urbanos con \u00e1nimo de lucro puedan comprar terrenos en Englewood. A finales de 2015, quedaban muchas cosas por resolver. Si el terreno pudiera hacerse asequible manteni\u00e9ndolo en fideicomiso y arrend\u00e1ndolo a los agricultores, \u00bfes algo que NeighborSpace podr\u00eda hacer, sin revisar su misi\u00f3n? Una opci\u00f3n que han debatido los participantes en el proceso es la posibilidad de crear una cooperativa de agricultores sin \u00e1nimo de lucro que arrendar\u00eda terrenos a NeighborSpace o a otro fideicomiso de terrenos. Los miembros de la cooperativa, a su vez, podr\u00edan constituirse utilizando la forma empresarial de su elecci\u00f3n, ya sea como organizaciones sin \u00e1nimo de lucro o como alg\u00fan tipo de entidad con \u00e1nimo de lucro. Estas discusiones, que siguen en curso mientras escribimos, tambi\u00e9n han incluido cuestiones sobre si ser\u00eda mejor que el terreno estuviera en manos de un fideicomiso de la tierra con sede en Englewood, con un liderazgo m\u00e1s arraigado y representativo de la poblaci\u00f3n afroamericana mayoritaria de \u00e9ste y otros barrios del South Side. Sin embargo, cabe preguntarse si los funcionarios municipales estar\u00edan dispuestos a transferir terrenos a una nueva entidad propietaria, habiendo establecido ya una relaci\u00f3n permanente con NeighborSpace.     <\/p>\n","protected":false},"excerpt":{"rendered":"<p>La tenencia de tierras agr\u00edcolas en fideicomiso sirve de complemento potencial para los modelos de agricultura urbana empresarial con \u00e1nimo de lucro. Los responsables de las fundaciones, en particular, est\u00e1n [&hellip;]<\/p>\n","protected":false},"author":1,"featured_media":0,"parent":1660,"menu_order":5,"comment_status":"closed","ping_status":"closed","template":"","meta":{"give_campaign_id":0,"_tec_requires_first_save":true,"_kad_blocks_custom_css":"","_kad_blocks_head_custom_js":"","_kad_blocks_body_custom_js":"","_kad_blocks_footer_custom_js":"","_EventAllDay":false,"_EventTimezone":"","_EventStartDate":"","_EventEndDate":"","_EventStartDateUTC":"","_EventEndDateUTC":"","_EventShowMap":false,"_EventShowMapLink":false,"_EventURL":"","_EventCost":"","_EventCostDescription":"","_EventCurrencySymbol":"","_EventCurrencyCode":"","_EventCurrencyPosition":"","_EventDateTimeSeparator":"","_EventTimeRangeSeparator":"","_EventOrganizerID":[],"_EventVenueID":[],"_OrganizerEmail":"","_OrganizerPhone":"","_OrganizerWebsite":"","_VenueAddress":"","_VenueCity":"","_VenueCountry":"","_VenueProvince":"","_VenueState":"","_VenueZip":"","_VenuePhone":"","_VenueURL":"","_VenueStateProvince":"","_VenueLat":"","_VenueLng":"","_VenueShowMap":false,"_VenueShowMapLink":false,"_tribe_blocks_recurrence_rules":"","_tribe_blocks_recurrence_description":"","_tribe_blocks_recurrence_exclusions":"","footnotes":""},"categories":[126],"tags":[],"class_list":["post-8762","page","type-page","status-publish","hentry","category-agricultura-es"],"blocksy_meta":[],"yoast_head":"<!-- This site is optimized with the Yoast SEO Premium plugin v27.5 (Yoast SEO v27.5) - https:\/\/yoast.com\/product\/yoast-seo-premium-wordpress\/ -->\n<title>\u00bfUn Fondo de Tierras para Granjas Comerciales Urbanas? - International Center for Community Land Trusts<\/title>\n<meta name=\"robots\" content=\"index, follow, max-snippet:-1, max-image-preview:large, max-video-preview:-1\" \/>\n<link rel=\"canonical\" href=\"https:\/\/www.cltweb.org\/es\/biblioteca-de-recursos\/agricultura\/el-modelo-de-servidor-central\/un-fondo-de-tierras-para-granjas-comerciales-urbanas\/\" \/>\n<meta property=\"og:locale\" content=\"es_ES\" \/>\n<meta property=\"og:type\" content=\"article\" \/>\n<meta property=\"og:title\" content=\"\u00bfUn Fondo de Tierras para Granjas Comerciales Urbanas?\" \/>\n<meta property=\"og:description\" content=\"La tenencia de tierras agr\u00edcolas en fideicomiso sirve de complemento potencial para los modelos de agricultura urbana empresarial con \u00e1nimo de lucro. Los responsables de las fundaciones, en particular, est\u00e1n [&hellip;]\" \/>\n<meta property=\"og:url\" content=\"https:\/\/www.cltweb.org\/es\/biblioteca-de-recursos\/agricultura\/el-modelo-de-servidor-central\/un-fondo-de-tierras-para-granjas-comerciales-urbanas\/\" \/>\n<meta property=\"og:site_name\" content=\"International Center for Community Land Trusts\" \/>\n<meta property=\"article:publisher\" content=\"https:\/\/www.facebook.com\/cltcenter\" \/>\n<meta property=\"article:modified_time\" content=\"2025-02-03T19:55:10+00:00\" \/>\n<meta name=\"twitter:card\" content=\"summary_large_image\" \/>\n<meta name=\"twitter:site\" content=\"@Center4CLTs\" \/>\n<meta name=\"twitter:label1\" content=\"Tiempo de lectura\" \/>\n\t<meta name=\"twitter:data1\" content=\"3 minutos\" \/>\n<script type=\"application\/ld+json\" class=\"yoast-schema-graph\">{\"@context\":\"https:\\\/\\\/schema.org\",\"@graph\":[{\"@type\":\"WebPage\",\"@id\":\"https:\\\/\\\/www.cltweb.org\\\/es\\\/biblioteca-de-recursos\\\/agricultura\\\/el-modelo-de-servidor-central\\\/un-fondo-de-tierras-para-granjas-comerciales-urbanas\\\/\",\"url\":\"https:\\\/\\\/www.cltweb.org\\\/es\\\/biblioteca-de-recursos\\\/agricultura\\\/el-modelo-de-servidor-central\\\/un-fondo-de-tierras-para-granjas-comerciales-urbanas\\\/\",\"name\":\"\u00bfUn Fondo de Tierras para Granjas Comerciales Urbanas? - International Center for Community Land Trusts\",\"isPartOf\":{\"@id\":\"https:\\\/\\\/www.cltweb.org\\\/es\\\/#website\"},\"datePublished\":\"2025-02-02T21:06:31+00:00\",\"dateModified\":\"2025-02-03T19:55:10+00:00\",\"breadcrumb\":{\"@id\":\"https:\\\/\\\/www.cltweb.org\\\/es\\\/biblioteca-de-recursos\\\/agricultura\\\/el-modelo-de-servidor-central\\\/un-fondo-de-tierras-para-granjas-comerciales-urbanas\\\/#breadcrumb\"},\"inLanguage\":\"es\",\"potentialAction\":[{\"@type\":\"ReadAction\",\"target\":[\"https:\\\/\\\/www.cltweb.org\\\/es\\\/biblioteca-de-recursos\\\/agricultura\\\/el-modelo-de-servidor-central\\\/un-fondo-de-tierras-para-granjas-comerciales-urbanas\\\/\"]}]},{\"@type\":\"BreadcrumbList\",\"@id\":\"https:\\\/\\\/www.cltweb.org\\\/es\\\/biblioteca-de-recursos\\\/agricultura\\\/el-modelo-de-servidor-central\\\/un-fondo-de-tierras-para-granjas-comerciales-urbanas\\\/#breadcrumb\",\"itemListElement\":[{\"@type\":\"ListItem\",\"position\":1,\"name\":\"Home\",\"item\":\"https:\\\/\\\/www.cltweb.org\\\/es\\\/\"},{\"@type\":\"ListItem\",\"position\":2,\"name\":\"Biblioteca de recursos\",\"item\":\"https:\\\/\\\/www.cltweb.org\\\/es\\\/biblioteca-de-recursos\\\/\"},{\"@type\":\"ListItem\",\"position\":3,\"name\":\"Tenencia de la tierra para la agricultura urbana\",\"item\":\"https:\\\/\\\/www.cltweb.org\\\/es\\\/biblioteca-de-recursos\\\/agricultura\\\/\"},{\"@type\":\"ListItem\",\"position\":4,\"name\":\"El modelo de servidor central\",\"item\":\"https:\\\/\\\/www.cltweb.org\\\/es\\\/biblioteca-de-recursos\\\/agricultura\\\/el-modelo-de-servidor-central\\\/\"},{\"@type\":\"ListItem\",\"position\":5,\"name\":\"\u00bfUn Fondo de Tierras para Granjas Comerciales Urbanas?\"}]},{\"@type\":\"WebSite\",\"@id\":\"https:\\\/\\\/www.cltweb.org\\\/es\\\/#website\",\"url\":\"https:\\\/\\\/www.cltweb.org\\\/es\\\/\",\"name\":\"International Center for Community Land Trusts\",\"description\":\"\",\"publisher\":{\"@id\":\"https:\\\/\\\/www.cltweb.org\\\/es\\\/#organization\"},\"potentialAction\":[{\"@type\":\"SearchAction\",\"target\":{\"@type\":\"EntryPoint\",\"urlTemplate\":\"https:\\\/\\\/www.cltweb.org\\\/es\\\/?s={search_term_string}\"},\"query-input\":{\"@type\":\"PropertyValueSpecification\",\"valueRequired\":true,\"valueName\":\"search_term_string\"}}],\"inLanguage\":\"es\"},{\"@type\":\"Organization\",\"@id\":\"https:\\\/\\\/www.cltweb.org\\\/es\\\/#organization\",\"name\":\"International Center for Community Land Trusts\",\"url\":\"https:\\\/\\\/www.cltweb.org\\\/es\\\/\",\"logo\":{\"@type\":\"ImageObject\",\"inLanguage\":\"es\",\"@id\":\"https:\\\/\\\/www.cltweb.org\\\/es\\\/#\\\/schema\\\/logo\\\/image\\\/\",\"url\":\"https:\\\/\\\/www.cltweb.org\\\/wp-content\\\/uploads\\\/2024\\\/11\\\/New-CLT-Center-Text-logo.png\",\"contentUrl\":\"https:\\\/\\\/www.cltweb.org\\\/wp-content\\\/uploads\\\/2024\\\/11\\\/New-CLT-Center-Text-logo.png\",\"width\":227,\"height\":80,\"caption\":\"International Center for Community Land Trusts\"},\"image\":{\"@id\":\"https:\\\/\\\/www.cltweb.org\\\/es\\\/#\\\/schema\\\/logo\\\/image\\\/\"},\"sameAs\":[\"https:\\\/\\\/www.facebook.com\\\/cltcenter\",\"https:\\\/\\\/x.com\\\/Center4CLTs\",\"https:\\\/\\\/www.instagram.com\\\/cltcenter\\\/\",\"https:\\\/\\\/www.linkedin.com\\\/company\\\/cltcenter\",\"https:\\\/\\\/www.youtube.com\\\/@centerforcltinnovation5313\"],\"description\":\"The International Center for Community Land Trusts is a not-for-profit nongovernmental organization established in 2018 to promote and to support community land trusts and similar strategies of community-led development on community-owned land in countries throughout the world.\",\"email\":\"info@communitylandtrust.net\",\"legalName\":\"International Center for Community Land Trusts\",\"foundingDate\":\"2018-12-01\",\"taxID\":\"84-3858933\",\"numberOfEmployees\":{\"@type\":\"QuantitativeValue\",\"minValue\":\"1\",\"maxValue\":\"10\"}}]}<\/script>\n<!-- \/ Yoast SEO Premium plugin. -->","yoast_head_json":{"title":"\u00bfUn Fondo de Tierras para Granjas Comerciales Urbanas? - International Center for Community Land Trusts","robots":{"index":"index","follow":"follow","max-snippet":"max-snippet:-1","max-image-preview":"max-image-preview:large","max-video-preview":"max-video-preview:-1"},"canonical":"https:\/\/www.cltweb.org\/es\/biblioteca-de-recursos\/agricultura\/el-modelo-de-servidor-central\/un-fondo-de-tierras-para-granjas-comerciales-urbanas\/","og_locale":"es_ES","og_type":"article","og_title":"\u00bfUn Fondo de Tierras para Granjas Comerciales Urbanas?","og_description":"La tenencia de tierras agr\u00edcolas en fideicomiso sirve de complemento potencial para los modelos de agricultura urbana empresarial con \u00e1nimo de lucro. Los responsables de las fundaciones, en particular, est\u00e1n [&hellip;]","og_url":"https:\/\/www.cltweb.org\/es\/biblioteca-de-recursos\/agricultura\/el-modelo-de-servidor-central\/un-fondo-de-tierras-para-granjas-comerciales-urbanas\/","og_site_name":"International Center for Community Land Trusts","article_publisher":"https:\/\/www.facebook.com\/cltcenter","article_modified_time":"2025-02-03T19:55:10+00:00","twitter_card":"summary_large_image","twitter_site":"@Center4CLTs","twitter_misc":{"Tiempo de lectura":"3 minutos"},"schema":{"@context":"https:\/\/schema.org","@graph":[{"@type":"WebPage","@id":"https:\/\/www.cltweb.org\/es\/biblioteca-de-recursos\/agricultura\/el-modelo-de-servidor-central\/un-fondo-de-tierras-para-granjas-comerciales-urbanas\/","url":"https:\/\/www.cltweb.org\/es\/biblioteca-de-recursos\/agricultura\/el-modelo-de-servidor-central\/un-fondo-de-tierras-para-granjas-comerciales-urbanas\/","name":"\u00bfUn Fondo de Tierras para Granjas Comerciales Urbanas? - International Center for Community Land Trusts","isPartOf":{"@id":"https:\/\/www.cltweb.org\/es\/#website"},"datePublished":"2025-02-02T21:06:31+00:00","dateModified":"2025-02-03T19:55:10+00:00","breadcrumb":{"@id":"https:\/\/www.cltweb.org\/es\/biblioteca-de-recursos\/agricultura\/el-modelo-de-servidor-central\/un-fondo-de-tierras-para-granjas-comerciales-urbanas\/#breadcrumb"},"inLanguage":"es","potentialAction":[{"@type":"ReadAction","target":["https:\/\/www.cltweb.org\/es\/biblioteca-de-recursos\/agricultura\/el-modelo-de-servidor-central\/un-fondo-de-tierras-para-granjas-comerciales-urbanas\/"]}]},{"@type":"BreadcrumbList","@id":"https:\/\/www.cltweb.org\/es\/biblioteca-de-recursos\/agricultura\/el-modelo-de-servidor-central\/un-fondo-de-tierras-para-granjas-comerciales-urbanas\/#breadcrumb","itemListElement":[{"@type":"ListItem","position":1,"name":"Home","item":"https:\/\/www.cltweb.org\/es\/"},{"@type":"ListItem","position":2,"name":"Biblioteca de recursos","item":"https:\/\/www.cltweb.org\/es\/biblioteca-de-recursos\/"},{"@type":"ListItem","position":3,"name":"Tenencia de la tierra para la agricultura urbana","item":"https:\/\/www.cltweb.org\/es\/biblioteca-de-recursos\/agricultura\/"},{"@type":"ListItem","position":4,"name":"El modelo de servidor central","item":"https:\/\/www.cltweb.org\/es\/biblioteca-de-recursos\/agricultura\/el-modelo-de-servidor-central\/"},{"@type":"ListItem","position":5,"name":"\u00bfUn Fondo de Tierras para Granjas Comerciales Urbanas?"}]},{"@type":"WebSite","@id":"https:\/\/www.cltweb.org\/es\/#website","url":"https:\/\/www.cltweb.org\/es\/","name":"International Center for Community Land Trusts","description":"","publisher":{"@id":"https:\/\/www.cltweb.org\/es\/#organization"},"potentialAction":[{"@type":"SearchAction","target":{"@type":"EntryPoint","urlTemplate":"https:\/\/www.cltweb.org\/es\/?s={search_term_string}"},"query-input":{"@type":"PropertyValueSpecification","valueRequired":true,"valueName":"search_term_string"}}],"inLanguage":"es"},{"@type":"Organization","@id":"https:\/\/www.cltweb.org\/es\/#organization","name":"International Center for Community Land Trusts","url":"https:\/\/www.cltweb.org\/es\/","logo":{"@type":"ImageObject","inLanguage":"es","@id":"https:\/\/www.cltweb.org\/es\/#\/schema\/logo\/image\/","url":"https:\/\/www.cltweb.org\/wp-content\/uploads\/2024\/11\/New-CLT-Center-Text-logo.png","contentUrl":"https:\/\/www.cltweb.org\/wp-content\/uploads\/2024\/11\/New-CLT-Center-Text-logo.png","width":227,"height":80,"caption":"International Center for Community Land Trusts"},"image":{"@id":"https:\/\/www.cltweb.org\/es\/#\/schema\/logo\/image\/"},"sameAs":["https:\/\/www.facebook.com\/cltcenter","https:\/\/x.com\/Center4CLTs","https:\/\/www.instagram.com\/cltcenter\/","https:\/\/www.linkedin.com\/company\/cltcenter","https:\/\/www.youtube.com\/@centerforcltinnovation5313"],"description":"The International Center for Community Land Trusts is a not-for-profit nongovernmental organization established in 2018 to promote and to support community land trusts and similar strategies of community-led development on community-owned land in countries throughout the world.","email":"info@communitylandtrust.net","legalName":"International Center for Community Land Trusts","foundingDate":"2018-12-01","taxID":"84-3858933","numberOfEmployees":{"@type":"QuantitativeValue","minValue":"1","maxValue":"10"}}]}},"campaignId":"","taxonomy_info":{"category":[{"value":126,"label":"Agricultura"}]},"featured_image_src_large":false,"author_info":{"display_name":"cltredesign_0jp0l4","author_link":"https:\/\/www.cltweb.org\/es\/author\/cltredesign_0jp0l4\/"},"comment_info":0,"jetpack_sharing_enabled":true,"jetpack-related-posts":[{"id":8724,"url":"https:\/\/www.cltweb.org\/es\/biblioteca-de-recursos\/agricultura\/el-papel-de-los-fideicomisos-de-tierras\/fideicomisos-de-tierras-de-espacios-abiertos\/","url_meta":{"origin":8762,"position":0},"title":"Fideicomisos de tierras de espacios abiertos","author":"cltredesign_0jp0l4","date":"2 de febrero de 2025","format":false,"excerpt":"NeighborSpace NeighborSpace es un fondo de tierras que posee terrenos para huertos comunitarios y, cada vez m\u00e1s, granjas urbanas en Chicago. Se fund\u00f3 en 1996 en respuesta a una recomendaci\u00f3n de un informe urban\u00edstico seg\u00fan el cual Chicago ocupaba el 18\u00ba lugar entre 20 grandes ciudades en cuanto a espacios\u2026","rel":"","context":"En \u00abAgricultura\u00bb","block_context":{"text":"Agricultura","link":"https:\/\/www.cltweb.org\/es\/category\/agricultura-es\/"},"img":{"alt_text":"","src":"","width":0,"height":0},"classes":[]},{"id":1671,"url":"https:\/\/www.cltweb.org\/es\/biblioteca-de-recursos\/agricultura\/el-papel-de-las-organizaciones-sin-animo-de-lucro\/","url_meta":{"origin":8762,"position":1},"title":"El papel de las organizaciones sin \u00e1nimo de lucro","author":"cltredesign_0jp0l4","date":"29 de julio de 2024","format":false,"excerpt":"Como en otras \u00e1reas del desarrollo econ\u00f3mico comunitario, el sector no lucrativo tiene un papel especial que desempe\u00f1ar cuando se trata de poner en marcha la agricultura urbana. La agricultura urbana es un enfoque relativamente barato de la revitalizaci\u00f3n comunitaria, con un coste de inversi\u00f3n inferior al de otras formas\u2026","rel":"","context":"En \u00abAgricultura\u00bb","block_context":{"text":"Agricultura","link":"https:\/\/www.cltweb.org\/es\/category\/agricultura-es\/"},"img":{"alt_text":"","src":"","width":0,"height":0},"classes":[]},{"id":1650,"url":"https:\/\/www.cltweb.org\/es\/biblioteca-de-recursos\/agricultura\/cuestiones-estrategicas\/","url_meta":{"origin":8762,"position":2},"title":"Cuestiones estrat\u00e9gicas","author":"cltredesign_0jp0l4","date":"29 de julio de 2024","format":false,"excerpt":"\u00bfC\u00f3mo se garantizar\u00e1 la tierra a los agricultores? Aunque \u00e9sta es la pregunta central que debe responder un modelo de tenencia de la tierra, no esperamos que haya una respuesta \u00fanica. De hecho, como sugerimos en la secci\u00f3n anterior, la tierra puede asegurarse de forma diferente para los agricultores que\u2026","rel":"","context":"En \u00abAgricultura\u00bb","block_context":{"text":"Agricultura","link":"https:\/\/www.cltweb.org\/es\/category\/agricultura-es\/"},"img":{"alt_text":"","src":"","width":0,"height":0},"classes":[]},{"id":8765,"url":"https:\/\/www.cltweb.org\/es\/biblioteca-de-recursos\/agricultura\/el-modelo-de-servidor-central\/estudio-de-caso-neighborspace-chicago-il\/","url_meta":{"origin":8762,"position":3},"title":"Estudio de caso: NeighborSpace (Chicago, IL)","author":"cltredesign_0jp0l4","date":"2 de febrero de 2025","format":false,"excerpt":"NeighborSpace es quiz\u00e1 la organizaci\u00f3n existente m\u00e1s cercana a lo que podr\u00eda considerarse un modelo de fideicomiso de tierras de servidor central para la agricultura urbana. Un examen m\u00e1s detallado de la historia y la estructura de NeighborSpace apunta a c\u00f3mo podr\u00eda desarrollarse un modelo de servidor central para la\u2026","rel":"","context":"En \u00abAgricultura\u00bb","block_context":{"text":"Agricultura","link":"https:\/\/www.cltweb.org\/es\/category\/agricultura-es\/"},"img":{"alt_text":"","src":"","width":0,"height":0},"classes":[]},{"id":8699,"url":"https:\/\/www.cltweb.org\/es\/biblioteca-de-recursos\/agricultura\/conceptos-clave\/tenencia-de-la-tierra-a-su-medida\/","url_meta":{"origin":8762,"position":4},"title":"Tenencia de la Tierra a su Medida","author":"cltredesign_0jp0l4","date":"2 de febrero de 2025","format":false,"excerpt":"La tenencia de la tierra debe permitir al agricultor recuperar sus inversiones. Aunque los modelos de negocio \"pop-up\" son cada vez m\u00e1s populares en los sectores de la restauraci\u00f3n y la venta al por menor, es un modelo dif\u00edcil para el cultivo urbano. El acceso a la tierra para una\u2026","rel":"","context":"En \u00abAgricultura\u00bb","block_context":{"text":"Agricultura","link":"https:\/\/www.cltweb.org\/es\/category\/agricultura-es\/"},"img":{"alt_text":"","src":"","width":0,"height":0},"classes":[]},{"id":1670,"url":"https:\/\/www.cltweb.org\/es\/biblioteca-de-recursos\/agricultura\/conceptos-clave\/","url_meta":{"origin":8762,"position":5},"title":"Conceptos clave","author":"cltredesign_0jp0l4","date":"29 de julio de 2024","format":false,"excerpt":"Al sentar las bases de modelos escalables de tenencia de la tierra para la agricultura urbana, algunos conceptos clave merecen una mayor exploraci\u00f3n, que se abordan en las subp\u00e1ginas de esta secci\u00f3n. \u00bfEs posible proteger las tierras agr\u00edcolas urbanas del mercado inmobiliario especulativo? \u00bfEs propiedad el veh\u00edculo \u00f3ptimo para garantizar\u2026","rel":"","context":"En \u00abAgricultura\u00bb","block_context":{"text":"Agricultura","link":"https:\/\/www.cltweb.org\/es\/category\/agricultura-es\/"},"img":{"alt_text":"","src":"","width":0,"height":0},"classes":[]}],"_links":{"self":[{"href":"https:\/\/www.cltweb.org\/es\/wp-json\/wp\/v2\/pages\/8762","targetHints":{"allow":["GET"]}}],"collection":[{"href":"https:\/\/www.cltweb.org\/es\/wp-json\/wp\/v2\/pages"}],"about":[{"href":"https:\/\/www.cltweb.org\/es\/wp-json\/wp\/v2\/types\/page"}],"author":[{"embeddable":true,"href":"https:\/\/www.cltweb.org\/es\/wp-json\/wp\/v2\/users\/1"}],"replies":[{"embeddable":true,"href":"https:\/\/www.cltweb.org\/es\/wp-json\/wp\/v2\/comments?post=8762"}],"version-history":[{"count":2,"href":"https:\/\/www.cltweb.org\/es\/wp-json\/wp\/v2\/pages\/8762\/revisions"}],"predecessor-version":[{"id":8961,"href":"https:\/\/www.cltweb.org\/es\/wp-json\/wp\/v2\/pages\/8762\/revisions\/8961"}],"up":[{"embeddable":true,"href":"https:\/\/www.cltweb.org\/es\/wp-json\/wp\/v2\/pages\/1660"}],"wp:attachment":[{"href":"https:\/\/www.cltweb.org\/es\/wp-json\/wp\/v2\/media?parent=8762"}],"wp:term":[{"taxonomy":"category","embeddable":true,"href":"https:\/\/www.cltweb.org\/es\/wp-json\/wp\/v2\/categories?post=8762"},{"taxonomy":"post_tag","embeddable":true,"href":"https:\/\/www.cltweb.org\/es\/wp-json\/wp\/v2\/tags?post=8762"}],"curies":[{"name":"wp","href":"https:\/\/api.w.org\/{rel}","templated":true}]}}