{"id":8774,"date":"2025-02-02T21:11:09","date_gmt":"2025-02-02T21:11:09","guid":{"rendered":"https:\/\/www.cltweb.org\/biblioteca-de-recursos\/agricultura\/recursos-adicionales\/casos-practicos-de-clt\/"},"modified":"2025-02-03T20:14:30","modified_gmt":"2025-02-03T20:14:30","slug":"casos-practicos-de-clt","status":"publish","type":"page","link":"https:\/\/www.cltweb.org\/es\/biblioteca-de-recursos\/agricultura\/recursos-adicionales\/casos-practicos-de-clt\/","title":{"rendered":"Casos pr\u00e1cticos de CLT"},"content":{"rendered":"\n<h3 class=\"wp-block-heading\" id=\"h-urban-agriculture-and-community-land-trusts\">Agricultura urbana y fideicomisos de la tierra comunitarios<\/h3>\n\n<p>Este proyecto de estudio de caso de la National Community Land Trust Network (ahora <a href=\"https:\/\/groundedsolutions.org\/\" target=\"_blank\" rel=\"noreferrer noopener\">Grounded Solutions Network<\/a>) fue dirigido por Jeffrey Yuen, con la ayuda de Greg Rosenberg.<\/p>\n\n<ul class=\"wp-block-list\">\n<li><a href=\"https:\/\/drive.google.com\/file\/d\/0B-QVTxoYndp3eWJZXzF2MzRtV0E\/view?usp=sharing&amp;resourcekey=0-EpalOj29ARtDGlwaj0uOBw\" target=\"_blank\" rel=\"noreferrer noopener\">Fondo de Tierras de Atenas<\/a><\/li>\n\n\n\n<li><a href=\"https:\/\/drive.google.com\/file\/d\/0B-QVTxoYndp3WElvVEhjSEJvSjQ\/view?usp=sharing&amp;resourcekey=0-jKJg0PGCM56frDQ97H1R-w\" target=\"_blank\" rel=\"noreferrer noopener\">Iglesia Vivienda Comunitaria<\/a><\/li>\n\n\n\n<li><a href=\"https:\/\/drive.google.com\/file\/d\/0B-QVTxoYndp3Q3ZjbzVkaFZfWmM\/view?usp=sharing&amp;resourcekey=0-Q5t5iK2m4NoFPXV_YsP63A\" target=\"_blank\" rel=\"noreferrer noopener\">Vecinos de Dudley Inc.<\/a><\/li>\n\n\n\n<li><a href=\"https:\/\/drive.google.com\/file\/d\/0B-QVTxoYndp3X3hFUGVZYnhrVTQ\/view?usp=sharing&amp;resourcekey=0-EhM7j2cyOwtAUziaRV-SJQ\" target=\"_blank\" rel=\"noreferrer noopener\">Fideicomiso Comunitario de la Tierra de Durham<\/a><\/li>\n\n\n\n<li><a href=\"https:\/\/drive.google.com\/file\/d\/0B-QVTxoYndp3c1prNmtleGVtMzg\/view?usp=sharing&amp;resourcekey=0-B-DeMjkUpL6QJqyOMkE6wA\" target=\"_blank\" rel=\"noreferrer noopener\">Fideicomiso Comunitario de la Tierra de Kulshan<\/a><\/li>\n\n\n\n<li><a href=\"https:\/\/drive.google.com\/file\/d\/0B-QVTxoYndp3TjZHQWZmSVlLUm8\/view?usp=sharing&amp;resourcekey=0-dtO8CAQhX27t7DvANGETVw\" target=\"_blank\" rel=\"noreferrer noopener\">Fondo Comunitario de Tierras de L\u00f3pez<\/a><\/li>\n\n\n\n<li><a href=\"https:\/\/drive.google.com\/file\/d\/0B-QVTxoYndp3UGk1Tk0zLTFGN1k\/view?usp=sharing&amp;resourcekey=0-5pWkJ3VWMdnVSA_f2hZqAQ\" target=\"_blank\" rel=\"noreferrer noopener\">Fideicomiso comunitario de la tierra del \u00e1rea de Madison<\/a><\/li>\n\n\n\n<li><a href=\"https:\/\/drive.google.com\/file\/d\/0B-QVTxoYndp3UndRQnFYNmVxQWM\/view?usp=sharing&amp;resourcekey=0-q8NnWkeGExaGSkafUoesHQ\" target=\"_blank\" rel=\"noreferrer noopener\">Fideicomiso Comunitario de la Tierra del Aserradero<\/a><\/li>\n\n\n\n<li><a href=\"https:\/\/drive.google.com\/file\/d\/0B-QVTxoYndp3ZHRJN0tvMVQxcFU\/view?usp=sharing&amp;resourcekey=0-KhcxH34bRC5JEVAohlaCmQ\" target=\"_blank\" rel=\"noreferrer noopener\">Fideicomiso de la tierra de la comunidad de Southside<\/a><\/li>\n<\/ul>\n\n<p><\/p>\n","protected":false},"excerpt":{"rendered":"<p>Agricultura urbana y fideicomisos de la tierra comunitarios Este proyecto de estudio de caso de la National Community Land Trust Network (ahora Grounded Solutions Network) fue dirigido por Jeffrey Yuen, [&hellip;]<\/p>\n","protected":false},"author":1,"featured_media":0,"parent":1651,"menu_order":1,"comment_status":"closed","ping_status":"closed","template":"","meta":{"give_campaign_id":0,"_tec_requires_first_save":true,"_kad_blocks_custom_css":"","_kad_blocks_head_custom_js":"","_kad_blocks_body_custom_js":"","_kad_blocks_footer_custom_js":"","_EventAllDay":false,"_EventTimezone":"","_EventStartDate":"","_EventEndDate":"","_EventStartDateUTC":"","_EventEndDateUTC":"","_EventShowMap":false,"_EventShowMapLink":false,"_EventURL":"","_EventCost":"","_EventCostDescription":"","_EventCurrencySymbol":"","_EventCurrencyCode":"","_EventCurrencyPosition":"","_EventDateTimeSeparator":"","_EventTimeRangeSeparator":"","_EventOrganizerID":[],"_EventVenueID":[],"_OrganizerEmail":"","_OrganizerPhone":"","_OrganizerWebsite":"","_VenueAddress":"","_VenueCity":"","_VenueCountry":"","_VenueProvince":"","_VenueState":"","_VenueZip":"","_VenuePhone":"","_VenueURL":"","_VenueStateProvince":"","_VenueLat":"","_VenueLng":"","_VenueShowMap":false,"_VenueShowMapLink":false,"_tribe_blocks_recurrence_rules":"","_tribe_blocks_recurrence_description":"","_tribe_blocks_recurrence_exclusions":"","footnotes":""},"categories":[126],"tags":[],"class_list":["post-8774","page","type-page","status-publish","hentry","category-agricultura-es"],"blocksy_meta":[],"yoast_head":"<!-- This site is optimized with the Yoast SEO Premium plugin v27.5 (Yoast SEO v27.5) - https:\/\/yoast.com\/product\/yoast-seo-premium-wordpress\/ -->\n<title>Casos pr\u00e1cticos de CLT - International Center for Community Land Trusts<\/title>\n<meta name=\"robots\" content=\"index, follow, max-snippet:-1, max-image-preview:large, max-video-preview:-1\" \/>\n<link rel=\"canonical\" href=\"https:\/\/www.cltweb.org\/es\/biblioteca-de-recursos\/agricultura\/recursos-adicionales\/casos-practicos-de-clt\/\" \/>\n<meta property=\"og:locale\" content=\"es_ES\" \/>\n<meta property=\"og:type\" content=\"article\" \/>\n<meta property=\"og:title\" content=\"Casos pr\u00e1cticos de CLT\" \/>\n<meta property=\"og:description\" content=\"Agricultura urbana y fideicomisos de la tierra comunitarios Este proyecto de estudio de caso de la National Community Land Trust Network (ahora Grounded Solutions Network) fue dirigido por Jeffrey Yuen, [&hellip;]\" \/>\n<meta property=\"og:url\" content=\"https:\/\/www.cltweb.org\/es\/biblioteca-de-recursos\/agricultura\/recursos-adicionales\/casos-practicos-de-clt\/\" \/>\n<meta property=\"og:site_name\" content=\"International Center for Community Land Trusts\" \/>\n<meta property=\"article:publisher\" content=\"https:\/\/www.facebook.com\/cltcenter\" \/>\n<meta property=\"article:modified_time\" content=\"2025-02-03T20:14:30+00:00\" \/>\n<meta name=\"twitter:card\" content=\"summary_large_image\" \/>\n<meta name=\"twitter:site\" content=\"@Center4CLTs\" \/>\n<script type=\"application\/ld+json\" class=\"yoast-schema-graph\">{\"@context\":\"https:\\\/\\\/schema.org\",\"@graph\":[{\"@type\":\"WebPage\",\"@id\":\"https:\\\/\\\/www.cltweb.org\\\/es\\\/biblioteca-de-recursos\\\/agricultura\\\/recursos-adicionales\\\/casos-practicos-de-clt\\\/\",\"url\":\"https:\\\/\\\/www.cltweb.org\\\/es\\\/biblioteca-de-recursos\\\/agricultura\\\/recursos-adicionales\\\/casos-practicos-de-clt\\\/\",\"name\":\"Casos pr\u00e1cticos de CLT - International Center for Community Land Trusts\",\"isPartOf\":{\"@id\":\"https:\\\/\\\/www.cltweb.org\\\/es\\\/#website\"},\"datePublished\":\"2025-02-02T21:11:09+00:00\",\"dateModified\":\"2025-02-03T20:14:30+00:00\",\"breadcrumb\":{\"@id\":\"https:\\\/\\\/www.cltweb.org\\\/es\\\/biblioteca-de-recursos\\\/agricultura\\\/recursos-adicionales\\\/casos-practicos-de-clt\\\/#breadcrumb\"},\"inLanguage\":\"es\",\"potentialAction\":[{\"@type\":\"ReadAction\",\"target\":[\"https:\\\/\\\/www.cltweb.org\\\/es\\\/biblioteca-de-recursos\\\/agricultura\\\/recursos-adicionales\\\/casos-practicos-de-clt\\\/\"]}]},{\"@type\":\"BreadcrumbList\",\"@id\":\"https:\\\/\\\/www.cltweb.org\\\/es\\\/biblioteca-de-recursos\\\/agricultura\\\/recursos-adicionales\\\/casos-practicos-de-clt\\\/#breadcrumb\",\"itemListElement\":[{\"@type\":\"ListItem\",\"position\":1,\"name\":\"Home\",\"item\":\"https:\\\/\\\/www.cltweb.org\\\/es\\\/\"},{\"@type\":\"ListItem\",\"position\":2,\"name\":\"Biblioteca de recursos\",\"item\":\"https:\\\/\\\/www.cltweb.org\\\/es\\\/biblioteca-de-recursos\\\/\"},{\"@type\":\"ListItem\",\"position\":3,\"name\":\"Tenencia de la tierra para la agricultura urbana\",\"item\":\"https:\\\/\\\/www.cltweb.org\\\/es\\\/biblioteca-de-recursos\\\/agricultura\\\/\"},{\"@type\":\"ListItem\",\"position\":4,\"name\":\"Recursos adicionales\",\"item\":\"https:\\\/\\\/www.cltweb.org\\\/es\\\/biblioteca-de-recursos\\\/agricultura\\\/recursos-adicionales\\\/\"},{\"@type\":\"ListItem\",\"position\":5,\"name\":\"Casos pr\u00e1cticos de CLT\"}]},{\"@type\":\"WebSite\",\"@id\":\"https:\\\/\\\/www.cltweb.org\\\/es\\\/#website\",\"url\":\"https:\\\/\\\/www.cltweb.org\\\/es\\\/\",\"name\":\"International Center for Community Land Trusts\",\"description\":\"\",\"publisher\":{\"@id\":\"https:\\\/\\\/www.cltweb.org\\\/es\\\/#organization\"},\"potentialAction\":[{\"@type\":\"SearchAction\",\"target\":{\"@type\":\"EntryPoint\",\"urlTemplate\":\"https:\\\/\\\/www.cltweb.org\\\/es\\\/?s={search_term_string}\"},\"query-input\":{\"@type\":\"PropertyValueSpecification\",\"valueRequired\":true,\"valueName\":\"search_term_string\"}}],\"inLanguage\":\"es\"},{\"@type\":\"Organization\",\"@id\":\"https:\\\/\\\/www.cltweb.org\\\/es\\\/#organization\",\"name\":\"International Center for Community Land Trusts\",\"url\":\"https:\\\/\\\/www.cltweb.org\\\/es\\\/\",\"logo\":{\"@type\":\"ImageObject\",\"inLanguage\":\"es\",\"@id\":\"https:\\\/\\\/www.cltweb.org\\\/es\\\/#\\\/schema\\\/logo\\\/image\\\/\",\"url\":\"https:\\\/\\\/www.cltweb.org\\\/wp-content\\\/uploads\\\/2024\\\/11\\\/New-CLT-Center-Text-logo.png\",\"contentUrl\":\"https:\\\/\\\/www.cltweb.org\\\/wp-content\\\/uploads\\\/2024\\\/11\\\/New-CLT-Center-Text-logo.png\",\"width\":227,\"height\":80,\"caption\":\"International Center for Community Land Trusts\"},\"image\":{\"@id\":\"https:\\\/\\\/www.cltweb.org\\\/es\\\/#\\\/schema\\\/logo\\\/image\\\/\"},\"sameAs\":[\"https:\\\/\\\/www.facebook.com\\\/cltcenter\",\"https:\\\/\\\/x.com\\\/Center4CLTs\",\"https:\\\/\\\/www.instagram.com\\\/cltcenter\\\/\",\"https:\\\/\\\/www.linkedin.com\\\/company\\\/cltcenter\",\"https:\\\/\\\/www.youtube.com\\\/@centerforcltinnovation5313\"],\"description\":\"The International Center for Community Land Trusts is a not-for-profit nongovernmental organization established in 2018 to promote and to support community land trusts and similar strategies of community-led development on community-owned land in countries throughout the world.\",\"email\":\"info@communitylandtrust.net\",\"legalName\":\"International Center for Community Land Trusts\",\"foundingDate\":\"2018-12-01\",\"taxID\":\"84-3858933\",\"numberOfEmployees\":{\"@type\":\"QuantitativeValue\",\"minValue\":\"1\",\"maxValue\":\"10\"}}]}<\/script>\n<!-- \/ Yoast SEO Premium plugin. -->","yoast_head_json":{"title":"Casos pr\u00e1cticos de CLT - International Center for Community Land Trusts","robots":{"index":"index","follow":"follow","max-snippet":"max-snippet:-1","max-image-preview":"max-image-preview:large","max-video-preview":"max-video-preview:-1"},"canonical":"https:\/\/www.cltweb.org\/es\/biblioteca-de-recursos\/agricultura\/recursos-adicionales\/casos-practicos-de-clt\/","og_locale":"es_ES","og_type":"article","og_title":"Casos pr\u00e1cticos de CLT","og_description":"Agricultura urbana y fideicomisos de la tierra comunitarios Este proyecto de estudio de caso de la National Community Land Trust Network (ahora Grounded Solutions Network) fue dirigido por Jeffrey Yuen, [&hellip;]","og_url":"https:\/\/www.cltweb.org\/es\/biblioteca-de-recursos\/agricultura\/recursos-adicionales\/casos-practicos-de-clt\/","og_site_name":"International Center for Community Land Trusts","article_publisher":"https:\/\/www.facebook.com\/cltcenter","article_modified_time":"2025-02-03T20:14:30+00:00","twitter_card":"summary_large_image","twitter_site":"@Center4CLTs","schema":{"@context":"https:\/\/schema.org","@graph":[{"@type":"WebPage","@id":"https:\/\/www.cltweb.org\/es\/biblioteca-de-recursos\/agricultura\/recursos-adicionales\/casos-practicos-de-clt\/","url":"https:\/\/www.cltweb.org\/es\/biblioteca-de-recursos\/agricultura\/recursos-adicionales\/casos-practicos-de-clt\/","name":"Casos pr\u00e1cticos de CLT - International Center for Community Land Trusts","isPartOf":{"@id":"https:\/\/www.cltweb.org\/es\/#website"},"datePublished":"2025-02-02T21:11:09+00:00","dateModified":"2025-02-03T20:14:30+00:00","breadcrumb":{"@id":"https:\/\/www.cltweb.org\/es\/biblioteca-de-recursos\/agricultura\/recursos-adicionales\/casos-practicos-de-clt\/#breadcrumb"},"inLanguage":"es","potentialAction":[{"@type":"ReadAction","target":["https:\/\/www.cltweb.org\/es\/biblioteca-de-recursos\/agricultura\/recursos-adicionales\/casos-practicos-de-clt\/"]}]},{"@type":"BreadcrumbList","@id":"https:\/\/www.cltweb.org\/es\/biblioteca-de-recursos\/agricultura\/recursos-adicionales\/casos-practicos-de-clt\/#breadcrumb","itemListElement":[{"@type":"ListItem","position":1,"name":"Home","item":"https:\/\/www.cltweb.org\/es\/"},{"@type":"ListItem","position":2,"name":"Biblioteca de recursos","item":"https:\/\/www.cltweb.org\/es\/biblioteca-de-recursos\/"},{"@type":"ListItem","position":3,"name":"Tenencia de la tierra para la agricultura urbana","item":"https:\/\/www.cltweb.org\/es\/biblioteca-de-recursos\/agricultura\/"},{"@type":"ListItem","position":4,"name":"Recursos adicionales","item":"https:\/\/www.cltweb.org\/es\/biblioteca-de-recursos\/agricultura\/recursos-adicionales\/"},{"@type":"ListItem","position":5,"name":"Casos pr\u00e1cticos de CLT"}]},{"@type":"WebSite","@id":"https:\/\/www.cltweb.org\/es\/#website","url":"https:\/\/www.cltweb.org\/es\/","name":"International Center for Community Land Trusts","description":"","publisher":{"@id":"https:\/\/www.cltweb.org\/es\/#organization"},"potentialAction":[{"@type":"SearchAction","target":{"@type":"EntryPoint","urlTemplate":"https:\/\/www.cltweb.org\/es\/?s={search_term_string}"},"query-input":{"@type":"PropertyValueSpecification","valueRequired":true,"valueName":"search_term_string"}}],"inLanguage":"es"},{"@type":"Organization","@id":"https:\/\/www.cltweb.org\/es\/#organization","name":"International Center for Community Land Trusts","url":"https:\/\/www.cltweb.org\/es\/","logo":{"@type":"ImageObject","inLanguage":"es","@id":"https:\/\/www.cltweb.org\/es\/#\/schema\/logo\/image\/","url":"https:\/\/www.cltweb.org\/wp-content\/uploads\/2024\/11\/New-CLT-Center-Text-logo.png","contentUrl":"https:\/\/www.cltweb.org\/wp-content\/uploads\/2024\/11\/New-CLT-Center-Text-logo.png","width":227,"height":80,"caption":"International Center for Community Land Trusts"},"image":{"@id":"https:\/\/www.cltweb.org\/es\/#\/schema\/logo\/image\/"},"sameAs":["https:\/\/www.facebook.com\/cltcenter","https:\/\/x.com\/Center4CLTs","https:\/\/www.instagram.com\/cltcenter\/","https:\/\/www.linkedin.com\/company\/cltcenter","https:\/\/www.youtube.com\/@centerforcltinnovation5313"],"description":"The International Center for Community Land Trusts is a not-for-profit nongovernmental organization established in 2018 to promote and to support community land trusts and similar strategies of community-led development on community-owned land in countries throughout the world.","email":"info@communitylandtrust.net","legalName":"International Center for Community Land Trusts","foundingDate":"2018-12-01","taxID":"84-3858933","numberOfEmployees":{"@type":"QuantitativeValue","minValue":"1","maxValue":"10"}}]}},"campaignId":"","taxonomy_info":{"category":[{"value":126,"label":"Agricultura"}]},"featured_image_src_large":false,"author_info":{"display_name":"cltredesign_0jp0l4","author_link":"https:\/\/www.cltweb.org\/es\/author\/cltredesign_0jp0l4\/"},"comment_info":0,"jetpack_sharing_enabled":true,"jetpack-related-posts":[{"id":1651,"url":"https:\/\/www.cltweb.org\/es\/biblioteca-de-recursos\/agricultura\/recursos-adicionales\/","url_meta":{"origin":8774,"position":0},"title":"Recursos adicionales","author":"cltredesign_0jp0l4","date":"29 de julio de 2024","format":false,"excerpt":"Esta secci\u00f3n proporciona una serie de herramientas que ser\u00e1n \u00fatiles para poner en pr\u00e1ctica enfoques de agricultura urbana basados en CLT, as\u00ed como para cualquier persona interesada en garantizar la tenencia de la tierra a largo plazo para la agricultura urbana. Hemos presentado nueve estudios de casos de CLT implicados\u2026","rel":"","context":"En \u00abAgricultura\u00bb","block_context":{"text":"Agricultura","link":"https:\/\/www.cltweb.org\/es\/category\/agricultura-es\/"},"img":{"alt_text":"","src":"","width":0,"height":0},"classes":[]},{"id":1661,"url":"https:\/\/www.cltweb.org\/es\/biblioteca-de-recursos\/agricultura\/el-papel-de-los-fideicomisos-de-tierras\/","url_meta":{"origin":8774,"position":1},"title":"El papel de los fideicomisos de tierras","author":"cltredesign_0jp0l4","date":"29 de julio de 2024","format":false,"excerpt":"En los \u00faltimos treinta a\u00f1os, el fideicomiso de la tierra ha surgido como modelo preferido para la tenencia de tierras destinadas a huertos comunitarios y granjas urbanas. Esto refleja la convergencia de dos tendencias: la creaci\u00f3n de fideicomisos de la tierra especializados en espacios abiertos para conservar terrenos para huertos\u2026","rel":"","context":"En \u00abAgricultura\u00bb","block_context":{"text":"Agricultura","link":"https:\/\/www.cltweb.org\/es\/category\/agricultura-es\/"},"img":{"alt_text":"","src":"https:\/\/i0.wp.com\/www.cltweb.org\/wp-content\/uploads\/2025\/02\/Urban-Farming-Map.jpg?resize=350%2C200&ssl=1","width":350,"height":200,"srcset":"https:\/\/i0.wp.com\/www.cltweb.org\/wp-content\/uploads\/2025\/02\/Urban-Farming-Map.jpg?resize=350%2C200&ssl=1 1x, https:\/\/i0.wp.com\/www.cltweb.org\/wp-content\/uploads\/2025\/02\/Urban-Farming-Map.jpg?resize=525%2C300&ssl=1 1.5x, https:\/\/i0.wp.com\/www.cltweb.org\/wp-content\/uploads\/2025\/02\/Urban-Farming-Map.jpg?resize=700%2C400&ssl=1 2x"},"classes":[]},{"id":8999,"url":"https:\/\/www.cltweb.org\/es\/biblioteca-de-recursos\/agricultura\/recursos-adicionales\/como-aseguran-y-protegen-los-clt-la-tierra\/servidumbres\/","url_meta":{"origin":8774,"position":2},"title":"Servidumbres","author":"cltredesign_0jp0l4","date":"3 de febrero de 2025","format":false,"excerpt":"Las servidumbres de conservaci\u00f3n son restricciones voluntarias que limitan permanentemente los tipos de usos permitidos en la tierra. Est\u00e1n en manos de entidades externas al titular. Estos acuerdos se utilizan con frecuencia como herramienta de planificaci\u00f3n fiscal. Un propietario concede una servidumbre a una entidad p\u00fablica o privada sin \u00e1nimo\u2026","rel":"","context":"En \u00abAgricultura\u00bb","block_context":{"text":"Agricultura","link":"https:\/\/www.cltweb.org\/es\/category\/agricultura-es\/"},"img":{"alt_text":"","src":"","width":0,"height":0},"classes":[]},{"id":8767,"url":"https:\/\/www.cltweb.org\/es\/biblioteca-de-recursos\/agricultura\/el-modelo-de-servidor-central\/buenas-practicas\/","url_meta":{"origin":8774,"position":3},"title":"Buenas pr\u00e1cticas","author":"cltredesign_0jp0l4","date":"2 de febrero de 2025","format":false,"excerpt":"Fomentar la participaci\u00f3n del gobierno: La gran mayor\u00eda de los terrenos para la agricultura urbana proceder\u00e1n probablemente del sector p\u00fablico. Adem\u00e1s, en muchos casos, si no en la mayor\u00eda, se necesitar\u00e1n subvenciones p\u00fablicas para la rehabilitaci\u00f3n y el funcionamiento. Comprometerse con las comunidades: El servidor central proporciona un apoyo fundamental\u2026","rel":"","context":"En \u00abAgricultura\u00bb","block_context":{"text":"Agricultura","link":"https:\/\/www.cltweb.org\/es\/category\/agricultura-es\/"},"img":{"alt_text":"","src":"","width":0,"height":0},"classes":[]},{"id":8753,"url":"https:\/\/www.cltweb.org\/es\/biblioteca-de-recursos\/agricultura\/el-modelo-de-servidor-central\/a-quien-pertenece-la-tierra\/","url_meta":{"origin":8774,"position":4},"title":"\u00bfA qui\u00e9n pertenece la tierra?","author":"cltredesign_0jp0l4","date":"2 de febrero de 2025","format":false,"excerpt":"En las implementaciones del servidor central de Atlanta y Nueva Orleans, se pretend\u00eda que las entidades sat\u00e9lite fueran las entidades propietarias de tierras. Sin embargo, en un contexto de agricultura urbana, probablemente tenga m\u00e1s sentido que la entidad del servidor central sea la entidad propietaria de los terrenos. \u00c9ste es\u2026","rel":"","context":"En \u00abAgricultura\u00bb","block_context":{"text":"Agricultura","link":"https:\/\/www.cltweb.org\/es\/category\/agricultura-es\/"},"img":{"alt_text":"","src":"","width":0,"height":0},"classes":[]},{"id":1650,"url":"https:\/\/www.cltweb.org\/es\/biblioteca-de-recursos\/agricultura\/cuestiones-estrategicas\/","url_meta":{"origin":8774,"position":5},"title":"Cuestiones estrat\u00e9gicas","author":"cltredesign_0jp0l4","date":"29 de julio de 2024","format":false,"excerpt":"\u00bfC\u00f3mo se garantizar\u00e1 la tierra a los agricultores? Aunque \u00e9sta es la pregunta central que debe responder un modelo de tenencia de la tierra, no esperamos que haya una respuesta \u00fanica. De hecho, como sugerimos en la secci\u00f3n anterior, la tierra puede asegurarse de forma diferente para los agricultores que\u2026","rel":"","context":"En \u00abAgricultura\u00bb","block_context":{"text":"Agricultura","link":"https:\/\/www.cltweb.org\/es\/category\/agricultura-es\/"},"img":{"alt_text":"","src":"","width":0,"height":0},"classes":[]}],"_links":{"self":[{"href":"https:\/\/www.cltweb.org\/es\/wp-json\/wp\/v2\/pages\/8774","targetHints":{"allow":["GET"]}}],"collection":[{"href":"https:\/\/www.cltweb.org\/es\/wp-json\/wp\/v2\/pages"}],"about":[{"href":"https:\/\/www.cltweb.org\/es\/wp-json\/wp\/v2\/types\/page"}],"author":[{"embeddable":true,"href":"https:\/\/www.cltweb.org\/es\/wp-json\/wp\/v2\/users\/1"}],"replies":[{"embeddable":true,"href":"https:\/\/www.cltweb.org\/es\/wp-json\/wp\/v2\/comments?post=8774"}],"version-history":[{"count":2,"href":"https:\/\/www.cltweb.org\/es\/wp-json\/wp\/v2\/pages\/8774\/revisions"}],"predecessor-version":[{"id":9010,"href":"https:\/\/www.cltweb.org\/es\/wp-json\/wp\/v2\/pages\/8774\/revisions\/9010"}],"up":[{"embeddable":true,"href":"https:\/\/www.cltweb.org\/es\/wp-json\/wp\/v2\/pages\/1651"}],"wp:attachment":[{"href":"https:\/\/www.cltweb.org\/es\/wp-json\/wp\/v2\/media?parent=8774"}],"wp:term":[{"taxonomy":"category","embeddable":true,"href":"https:\/\/www.cltweb.org\/es\/wp-json\/wp\/v2\/categories?post=8774"},{"taxonomy":"post_tag","embeddable":true,"href":"https:\/\/www.cltweb.org\/es\/wp-json\/wp\/v2\/tags?post=8774"}],"curies":[{"name":"wp","href":"https:\/\/api.w.org\/{rel}","templated":true}]}}