{"id":8779,"date":"2025-02-02T21:11:59","date_gmt":"2025-02-02T21:11:59","guid":{"rendered":"https:\/\/www.cltweb.org\/biblioteca-de-recursos\/agricultura\/recursos-adicionales\/como-aseguran-y-protegen-los-clt-la-tierra\/"},"modified":"2025-02-02T21:11:59","modified_gmt":"2025-02-02T21:11:59","slug":"como-aseguran-y-protegen-los-clt-la-tierra","status":"publish","type":"page","link":"https:\/\/www.cltweb.org\/es\/biblioteca-de-recursos\/agricultura\/recursos-adicionales\/como-aseguran-y-protegen-los-clt-la-tierra\/","title":{"rendered":"C\u00f3mo aseguran y protegen los CLT la tierra"},"content":{"rendered":"","protected":false},"excerpt":{"rendered":"","protected":false},"author":1,"featured_media":0,"parent":1651,"menu_order":2,"comment_status":"closed","ping_status":"closed","template":"","meta":{"give_campaign_id":0,"_tec_requires_first_save":true,"_kad_blocks_custom_css":"","_kad_blocks_head_custom_js":"","_kad_blocks_body_custom_js":"","_kad_blocks_footer_custom_js":"","_EventAllDay":false,"_EventTimezone":"","_EventStartDate":"","_EventEndDate":"","_EventStartDateUTC":"","_EventEndDateUTC":"","_EventShowMap":false,"_EventShowMapLink":false,"_EventURL":"","_EventCost":"","_EventCostDescription":"","_EventCurrencySymbol":"","_EventCurrencyCode":"","_EventCurrencyPosition":"","_EventDateTimeSeparator":"","_EventTimeRangeSeparator":"","_EventOrganizerID":[],"_EventVenueID":[],"_OrganizerEmail":"","_OrganizerPhone":"","_OrganizerWebsite":"","_VenueAddress":"","_VenueCity":"","_VenueCountry":"","_VenueProvince":"","_VenueState":"","_VenueZip":"","_VenuePhone":"","_VenueURL":"","_VenueStateProvince":"","_VenueLat":"","_VenueLng":"","_VenueShowMap":false,"_VenueShowMapLink":false,"_tribe_blocks_recurrence_rules":"","_tribe_blocks_recurrence_description":"","_tribe_blocks_recurrence_exclusions":"","footnotes":""},"categories":[126],"tags":[],"class_list":["post-8779","page","type-page","status-publish","hentry","category-agricultura-es"],"blocksy_meta":[],"yoast_head":"<!-- This site is optimized with the Yoast SEO Premium plugin v27.5 (Yoast SEO v27.5) - https:\/\/yoast.com\/product\/yoast-seo-premium-wordpress\/ -->\n<title>C\u00f3mo aseguran y protegen los CLT la tierra - International Center for Community Land Trusts<\/title>\n<meta name=\"robots\" content=\"index, follow, max-snippet:-1, max-image-preview:large, max-video-preview:-1\" \/>\n<link rel=\"canonical\" href=\"https:\/\/www.cltweb.org\/es\/biblioteca-de-recursos\/agricultura\/recursos-adicionales\/como-aseguran-y-protegen-los-clt-la-tierra\/\" \/>\n<meta property=\"og:locale\" content=\"es_ES\" \/>\n<meta property=\"og:type\" content=\"article\" \/>\n<meta property=\"og:title\" content=\"C\u00f3mo aseguran y protegen los CLT la tierra\" \/>\n<meta property=\"og:url\" content=\"https:\/\/www.cltweb.org\/es\/biblioteca-de-recursos\/agricultura\/recursos-adicionales\/como-aseguran-y-protegen-los-clt-la-tierra\/\" \/>\n<meta property=\"og:site_name\" content=\"International Center for Community Land Trusts\" \/>\n<meta property=\"article:publisher\" content=\"https:\/\/www.facebook.com\/cltcenter\" \/>\n<meta name=\"twitter:card\" content=\"summary_large_image\" \/>\n<meta name=\"twitter:site\" content=\"@Center4CLTs\" \/>\n<script type=\"application\/ld+json\" class=\"yoast-schema-graph\">{\"@context\":\"https:\\\/\\\/schema.org\",\"@graph\":[{\"@type\":\"WebPage\",\"@id\":\"https:\\\/\\\/www.cltweb.org\\\/es\\\/biblioteca-de-recursos\\\/agricultura\\\/recursos-adicionales\\\/como-aseguran-y-protegen-los-clt-la-tierra\\\/\",\"url\":\"https:\\\/\\\/www.cltweb.org\\\/es\\\/biblioteca-de-recursos\\\/agricultura\\\/recursos-adicionales\\\/como-aseguran-y-protegen-los-clt-la-tierra\\\/\",\"name\":\"C\u00f3mo aseguran y protegen los CLT la tierra - International Center for Community Land Trusts\",\"isPartOf\":{\"@id\":\"https:\\\/\\\/www.cltweb.org\\\/es\\\/#website\"},\"datePublished\":\"2025-02-02T21:11:59+00:00\",\"breadcrumb\":{\"@id\":\"https:\\\/\\\/www.cltweb.org\\\/es\\\/biblioteca-de-recursos\\\/agricultura\\\/recursos-adicionales\\\/como-aseguran-y-protegen-los-clt-la-tierra\\\/#breadcrumb\"},\"inLanguage\":\"es\",\"potentialAction\":[{\"@type\":\"ReadAction\",\"target\":[\"https:\\\/\\\/www.cltweb.org\\\/es\\\/biblioteca-de-recursos\\\/agricultura\\\/recursos-adicionales\\\/como-aseguran-y-protegen-los-clt-la-tierra\\\/\"]}]},{\"@type\":\"BreadcrumbList\",\"@id\":\"https:\\\/\\\/www.cltweb.org\\\/es\\\/biblioteca-de-recursos\\\/agricultura\\\/recursos-adicionales\\\/como-aseguran-y-protegen-los-clt-la-tierra\\\/#breadcrumb\",\"itemListElement\":[{\"@type\":\"ListItem\",\"position\":1,\"name\":\"Home\",\"item\":\"https:\\\/\\\/www.cltweb.org\\\/es\\\/\"},{\"@type\":\"ListItem\",\"position\":2,\"name\":\"Biblioteca de recursos\",\"item\":\"https:\\\/\\\/www.cltweb.org\\\/es\\\/biblioteca-de-recursos\\\/\"},{\"@type\":\"ListItem\",\"position\":3,\"name\":\"Tenencia de la tierra para la agricultura urbana\",\"item\":\"https:\\\/\\\/www.cltweb.org\\\/es\\\/biblioteca-de-recursos\\\/agricultura\\\/\"},{\"@type\":\"ListItem\",\"position\":4,\"name\":\"Recursos adicionales\",\"item\":\"https:\\\/\\\/www.cltweb.org\\\/es\\\/biblioteca-de-recursos\\\/agricultura\\\/recursos-adicionales\\\/\"},{\"@type\":\"ListItem\",\"position\":5,\"name\":\"C\u00f3mo aseguran y protegen los CLT la tierra\"}]},{\"@type\":\"WebSite\",\"@id\":\"https:\\\/\\\/www.cltweb.org\\\/es\\\/#website\",\"url\":\"https:\\\/\\\/www.cltweb.org\\\/es\\\/\",\"name\":\"International Center for Community Land Trusts\",\"description\":\"\",\"publisher\":{\"@id\":\"https:\\\/\\\/www.cltweb.org\\\/es\\\/#organization\"},\"potentialAction\":[{\"@type\":\"SearchAction\",\"target\":{\"@type\":\"EntryPoint\",\"urlTemplate\":\"https:\\\/\\\/www.cltweb.org\\\/es\\\/?s={search_term_string}\"},\"query-input\":{\"@type\":\"PropertyValueSpecification\",\"valueRequired\":true,\"valueName\":\"search_term_string\"}}],\"inLanguage\":\"es\"},{\"@type\":\"Organization\",\"@id\":\"https:\\\/\\\/www.cltweb.org\\\/es\\\/#organization\",\"name\":\"International Center for Community Land Trusts\",\"url\":\"https:\\\/\\\/www.cltweb.org\\\/es\\\/\",\"logo\":{\"@type\":\"ImageObject\",\"inLanguage\":\"es\",\"@id\":\"https:\\\/\\\/www.cltweb.org\\\/es\\\/#\\\/schema\\\/logo\\\/image\\\/\",\"url\":\"https:\\\/\\\/www.cltweb.org\\\/wp-content\\\/uploads\\\/2024\\\/11\\\/New-CLT-Center-Text-logo.png\",\"contentUrl\":\"https:\\\/\\\/www.cltweb.org\\\/wp-content\\\/uploads\\\/2024\\\/11\\\/New-CLT-Center-Text-logo.png\",\"width\":227,\"height\":80,\"caption\":\"International Center for Community Land Trusts\"},\"image\":{\"@id\":\"https:\\\/\\\/www.cltweb.org\\\/es\\\/#\\\/schema\\\/logo\\\/image\\\/\"},\"sameAs\":[\"https:\\\/\\\/www.facebook.com\\\/cltcenter\",\"https:\\\/\\\/x.com\\\/Center4CLTs\",\"https:\\\/\\\/www.instagram.com\\\/cltcenter\\\/\",\"https:\\\/\\\/www.linkedin.com\\\/company\\\/cltcenter\",\"https:\\\/\\\/www.youtube.com\\\/@centerforcltinnovation5313\"],\"description\":\"The International Center for Community Land Trusts is a not-for-profit nongovernmental organization established in 2018 to promote and to support community land trusts and similar strategies of community-led development on community-owned land in countries throughout the world.\",\"email\":\"info@communitylandtrust.net\",\"legalName\":\"International Center for Community Land Trusts\",\"foundingDate\":\"2018-12-01\",\"taxID\":\"84-3858933\",\"numberOfEmployees\":{\"@type\":\"QuantitativeValue\",\"minValue\":\"1\",\"maxValue\":\"10\"}}]}<\/script>\n<!-- \/ Yoast SEO Premium plugin. -->","yoast_head_json":{"title":"C\u00f3mo aseguran y protegen los CLT la tierra - International Center for Community Land Trusts","robots":{"index":"index","follow":"follow","max-snippet":"max-snippet:-1","max-image-preview":"max-image-preview:large","max-video-preview":"max-video-preview:-1"},"canonical":"https:\/\/www.cltweb.org\/es\/biblioteca-de-recursos\/agricultura\/recursos-adicionales\/como-aseguran-y-protegen-los-clt-la-tierra\/","og_locale":"es_ES","og_type":"article","og_title":"C\u00f3mo aseguran y protegen los CLT la tierra","og_url":"https:\/\/www.cltweb.org\/es\/biblioteca-de-recursos\/agricultura\/recursos-adicionales\/como-aseguran-y-protegen-los-clt-la-tierra\/","og_site_name":"International Center for Community Land Trusts","article_publisher":"https:\/\/www.facebook.com\/cltcenter","twitter_card":"summary_large_image","twitter_site":"@Center4CLTs","schema":{"@context":"https:\/\/schema.org","@graph":[{"@type":"WebPage","@id":"https:\/\/www.cltweb.org\/es\/biblioteca-de-recursos\/agricultura\/recursos-adicionales\/como-aseguran-y-protegen-los-clt-la-tierra\/","url":"https:\/\/www.cltweb.org\/es\/biblioteca-de-recursos\/agricultura\/recursos-adicionales\/como-aseguran-y-protegen-los-clt-la-tierra\/","name":"C\u00f3mo aseguran y protegen los CLT la tierra - International Center for Community Land Trusts","isPartOf":{"@id":"https:\/\/www.cltweb.org\/es\/#website"},"datePublished":"2025-02-02T21:11:59+00:00","breadcrumb":{"@id":"https:\/\/www.cltweb.org\/es\/biblioteca-de-recursos\/agricultura\/recursos-adicionales\/como-aseguran-y-protegen-los-clt-la-tierra\/#breadcrumb"},"inLanguage":"es","potentialAction":[{"@type":"ReadAction","target":["https:\/\/www.cltweb.org\/es\/biblioteca-de-recursos\/agricultura\/recursos-adicionales\/como-aseguran-y-protegen-los-clt-la-tierra\/"]}]},{"@type":"BreadcrumbList","@id":"https:\/\/www.cltweb.org\/es\/biblioteca-de-recursos\/agricultura\/recursos-adicionales\/como-aseguran-y-protegen-los-clt-la-tierra\/#breadcrumb","itemListElement":[{"@type":"ListItem","position":1,"name":"Home","item":"https:\/\/www.cltweb.org\/es\/"},{"@type":"ListItem","position":2,"name":"Biblioteca de recursos","item":"https:\/\/www.cltweb.org\/es\/biblioteca-de-recursos\/"},{"@type":"ListItem","position":3,"name":"Tenencia de la tierra para la agricultura urbana","item":"https:\/\/www.cltweb.org\/es\/biblioteca-de-recursos\/agricultura\/"},{"@type":"ListItem","position":4,"name":"Recursos adicionales","item":"https:\/\/www.cltweb.org\/es\/biblioteca-de-recursos\/agricultura\/recursos-adicionales\/"},{"@type":"ListItem","position":5,"name":"C\u00f3mo aseguran y protegen los CLT la tierra"}]},{"@type":"WebSite","@id":"https:\/\/www.cltweb.org\/es\/#website","url":"https:\/\/www.cltweb.org\/es\/","name":"International Center for Community Land Trusts","description":"","publisher":{"@id":"https:\/\/www.cltweb.org\/es\/#organization"},"potentialAction":[{"@type":"SearchAction","target":{"@type":"EntryPoint","urlTemplate":"https:\/\/www.cltweb.org\/es\/?s={search_term_string}"},"query-input":{"@type":"PropertyValueSpecification","valueRequired":true,"valueName":"search_term_string"}}],"inLanguage":"es"},{"@type":"Organization","@id":"https:\/\/www.cltweb.org\/es\/#organization","name":"International Center for Community Land Trusts","url":"https:\/\/www.cltweb.org\/es\/","logo":{"@type":"ImageObject","inLanguage":"es","@id":"https:\/\/www.cltweb.org\/es\/#\/schema\/logo\/image\/","url":"https:\/\/www.cltweb.org\/wp-content\/uploads\/2024\/11\/New-CLT-Center-Text-logo.png","contentUrl":"https:\/\/www.cltweb.org\/wp-content\/uploads\/2024\/11\/New-CLT-Center-Text-logo.png","width":227,"height":80,"caption":"International Center for Community Land Trusts"},"image":{"@id":"https:\/\/www.cltweb.org\/es\/#\/schema\/logo\/image\/"},"sameAs":["https:\/\/www.facebook.com\/cltcenter","https:\/\/x.com\/Center4CLTs","https:\/\/www.instagram.com\/cltcenter\/","https:\/\/www.linkedin.com\/company\/cltcenter","https:\/\/www.youtube.com\/@centerforcltinnovation5313"],"description":"The International Center for Community Land Trusts is a not-for-profit nongovernmental organization established in 2018 to promote and to support community land trusts and similar strategies of community-led development on community-owned land in countries throughout the world.","email":"info@communitylandtrust.net","legalName":"International Center for Community Land Trusts","foundingDate":"2018-12-01","taxID":"84-3858933","numberOfEmployees":{"@type":"QuantitativeValue","minValue":"1","maxValue":"10"}}]}},"campaignId":"","taxonomy_info":{"category":[{"value":126,"label":"Agricultura"}]},"featured_image_src_large":false,"author_info":{"display_name":"cltredesign_0jp0l4","author_link":"https:\/\/www.cltweb.org\/es\/author\/cltredesign_0jp0l4\/"},"comment_info":0,"jetpack_sharing_enabled":true,"jetpack-related-posts":[{"id":9016,"url":"https:\/\/www.cltweb.org\/es\/biblioteca-de-recursos\/agricultura\/recursos-adicionales\/como-aseguran-y-protegen-los-clt-la-tierra\/tabla-resumen\/","url_meta":{"origin":8779,"position":0},"title":"Tabla resumen","author":"cltredesign_0jp0l4","date":"3 de febrero de 2025","format":false,"excerpt":"R\u00c9GIMEN DE TENENCIAEJEMPLOS DE ORGANIZACIONESVENTAJASINCONVENIENTESPago simpleCCHC, DNI, Durham CLT, Madison Area CLT, Sawmill CLT, Southside CLTseguridad a largo plazocoste de adquisici\u00f3n, fiscalidad de la propiedad, obligaciones de gesti\u00f3nArrendamientoAthens Land Trust, Madison Area CLT, Southside CLTbajo coste, alto nivel de controlcomplejidad jur\u00eddica, costes de transacci\u00f3nRestricciones de escrituraCLT de la zona de\u2026","rel":"","context":"En \u00abAgricultura\u00bb","block_context":{"text":"Agricultura","link":"https:\/\/www.cltweb.org\/es\/category\/agricultura-es\/"},"img":{"alt_text":"","src":"","width":0,"height":0},"classes":[]},{"id":8999,"url":"https:\/\/www.cltweb.org\/es\/biblioteca-de-recursos\/agricultura\/recursos-adicionales\/como-aseguran-y-protegen-los-clt-la-tierra\/servidumbres\/","url_meta":{"origin":8779,"position":1},"title":"Servidumbres","author":"cltredesign_0jp0l4","date":"3 de febrero de 2025","format":false,"excerpt":"Las servidumbres de conservaci\u00f3n son restricciones voluntarias que limitan permanentemente los tipos de usos permitidos en la tierra. Est\u00e1n en manos de entidades externas al titular. Estos acuerdos se utilizan con frecuencia como herramienta de planificaci\u00f3n fiscal. Un propietario concede una servidumbre a una entidad p\u00fablica o privada sin \u00e1nimo\u2026","rel":"","context":"En \u00abAgricultura\u00bb","block_context":{"text":"Agricultura","link":"https:\/\/www.cltweb.org\/es\/category\/agricultura-es\/"},"img":{"alt_text":"","src":"","width":0,"height":0},"classes":[]},{"id":8991,"url":"https:\/\/www.cltweb.org\/es\/biblioteca-de-recursos\/agricultura\/recursos-adicionales\/como-aseguran-y-protegen-los-clt-la-tierra\/restricciones-de-escritura\/","url_meta":{"origin":8779,"position":2},"title":"Restricciones de escritura","author":"cltredesign_0jp0l4","date":"3 de febrero de 2025","format":false,"excerpt":"Las restricciones de las escrituras (tambi\u00e9n conocidas como \"pactos de escritura\" o \"pactos restrictivos\") son una herramienta habitual para imponer limitaciones a los usos de la tierra y, con frecuencia, son exigidas por los financiadores de subvenciones.7 Los financiadores est\u00e1n motivados para controlar estas restricciones con el fin de proteger\u2026","rel":"","context":"En \u00abAgricultura\u00bb","block_context":{"text":"Agricultura","link":"https:\/\/www.cltweb.org\/es\/category\/agricultura-es\/"},"img":{"alt_text":"","src":"","width":0,"height":0},"classes":[]},{"id":8975,"url":"https:\/\/www.cltweb.org\/es\/biblioteca-de-recursos\/agricultura\/recursos-adicionales\/como-aseguran-y-protegen-los-clt-la-tierra\/pleno-dominio\/","url_meta":{"origin":8779,"position":3},"title":"Pleno dominio","author":"cltredesign_0jp0l4","date":"3 de febrero de 2025","format":false,"excerpt":"La propiedad simple permite a un CLT poseer el mayor n\u00famero de \"palos\" en el paquete de derechos de propiedad y proporciona un alto nivel de seguridad de la tierra, siempre que se cumplan todos los pagos de la hipoteca y las obligaciones fiscales. En las zonas urbanas, los terrenos\u2026","rel":"","context":"En \u00abAgricultura\u00bb","block_context":{"text":"Agricultura","link":"https:\/\/www.cltweb.org\/es\/category\/agricultura-es\/"},"img":{"alt_text":"","src":"","width":0,"height":0},"classes":[]},{"id":1651,"url":"https:\/\/www.cltweb.org\/es\/biblioteca-de-recursos\/agricultura\/recursos-adicionales\/","url_meta":{"origin":8779,"position":4},"title":"Recursos adicionales","author":"cltredesign_0jp0l4","date":"29 de julio de 2024","format":false,"excerpt":"Esta secci\u00f3n proporciona una serie de herramientas que ser\u00e1n \u00fatiles para poner en pr\u00e1ctica enfoques de agricultura urbana basados en CLT, as\u00ed como para cualquier persona interesada en garantizar la tenencia de la tierra a largo plazo para la agricultura urbana. Hemos presentado nueve estudios de casos de CLT implicados\u2026","rel":"","context":"En \u00abAgricultura\u00bb","block_context":{"text":"Agricultura","link":"https:\/\/www.cltweb.org\/es\/category\/agricultura-es\/"},"img":{"alt_text":"","src":"","width":0,"height":0},"classes":[]},{"id":8729,"url":"https:\/\/www.cltweb.org\/es\/biblioteca-de-recursos\/agricultura\/el-papel-de-los-fideicomisos-de-tierras\/fideicomisos-comunitarios-de-la-tierra\/","url_meta":{"origin":8779,"position":5},"title":"Fideicomisos comunitarios de la tierra","author":"cltredesign_0jp0l4","date":"2 de febrero de 2025","format":false,"excerpt":"Desde la d\u00e9cada de 1960, el fideicomiso de la tierra comunitario se desarroll\u00f3 como apoyo a la vivienda asequible en Estados Unidos. En el sector de la vivienda, el modelo CLT combina dos innovaciones b\u00e1sicas en la gobernanza del suelo. La primera innovaci\u00f3n consiste en separar la propiedad de una\u2026","rel":"","context":"Entrada similar","block_context":{"text":"Entrada similar","link":""},"img":{"alt_text":"","src":"","width":0,"height":0},"classes":[]}],"_links":{"self":[{"href":"https:\/\/www.cltweb.org\/es\/wp-json\/wp\/v2\/pages\/8779","targetHints":{"allow":["GET"]}}],"collection":[{"href":"https:\/\/www.cltweb.org\/es\/wp-json\/wp\/v2\/pages"}],"about":[{"href":"https:\/\/www.cltweb.org\/es\/wp-json\/wp\/v2\/types\/page"}],"author":[{"embeddable":true,"href":"https:\/\/www.cltweb.org\/es\/wp-json\/wp\/v2\/users\/1"}],"replies":[{"embeddable":true,"href":"https:\/\/www.cltweb.org\/es\/wp-json\/wp\/v2\/comments?post=8779"}],"version-history":[{"count":0,"href":"https:\/\/www.cltweb.org\/es\/wp-json\/wp\/v2\/pages\/8779\/revisions"}],"up":[{"embeddable":true,"href":"https:\/\/www.cltweb.org\/es\/wp-json\/wp\/v2\/pages\/1651"}],"wp:attachment":[{"href":"https:\/\/www.cltweb.org\/es\/wp-json\/wp\/v2\/media?parent=8779"}],"wp:term":[{"taxonomy":"category","embeddable":true,"href":"https:\/\/www.cltweb.org\/es\/wp-json\/wp\/v2\/categories?post=8779"},{"taxonomy":"post_tag","embeddable":true,"href":"https:\/\/www.cltweb.org\/es\/wp-json\/wp\/v2\/tags?post=8779"}],"curies":[{"name":"wp","href":"https:\/\/api.w.org\/{rel}","templated":true}]}}