{"id":8991,"date":"2025-02-03T20:04:49","date_gmt":"2025-02-03T20:04:49","guid":{"rendered":"https:\/\/www.cltweb.org\/biblioteca-de-recursos\/agricultura\/recursos-adicionales\/como-aseguran-y-protegen-los-clt-la-tierra\/restricciones-de-escritura\/"},"modified":"2025-02-03T20:06:01","modified_gmt":"2025-02-03T20:06:01","slug":"restricciones-de-escritura","status":"publish","type":"page","link":"https:\/\/www.cltweb.org\/es\/biblioteca-de-recursos\/agricultura\/recursos-adicionales\/como-aseguran-y-protegen-los-clt-la-tierra\/restricciones-de-escritura\/","title":{"rendered":"Restricciones de escritura"},"content":{"rendered":"\n<p>Las restricciones de las escrituras (tambi\u00e9n conocidas como &#8220;pactos de escritura&#8221; o &#8220;pactos restrictivos&#8221;) son una herramienta habitual para imponer limitaciones a los usos de la tierra y, con frecuencia, son exigidas por los financiadores de subvenciones.7 Los financiadores est\u00e1n motivados para controlar estas restricciones con el fin de proteger sus inversiones, y los receptores de financiaci\u00f3n est\u00e1n motivados para cumplir las restricciones con el fin de evitar el reembolso de subvenciones o pr\u00e9stamos. Los receptores tambi\u00e9n quieren mantener una buena posici\u00f3n para futuras oportunidades de financiaci\u00f3n. Por ejemplo, se exigi\u00f3 a la <a href=\"https:\/\/drive.google.com\/file\/d\/0B-QVTxoYndp3UGk1Tk0zLTFGN1k\/view?usp=sharing&amp;resourcekey=0-5pWkJ3VWMdnVSA_f2hZqAQ\" target=\"_blank\" rel=\"noreferrer noopener\">CLT de la zona de Madison<\/a> que concediera una restricci\u00f3n de escritura a la ciudad como condici\u00f3n para financiar la parcela de conservaci\u00f3n de 26 acres en Troy Gardens, restringiendo los usos del terreno exclusivamente a la conservaci\u00f3n y la agricultura. El incumplimiento de los t\u00e9rminos de la restricci\u00f3n de la escritura provocar\u00eda la devoluci\u00f3n inmediata de todos los fondos de subvenci\u00f3n proporcionados por la ciudad de Madison.    <\/p>\n\n<p>Aunque una restricci\u00f3n de escritura puede ser eficaz para garantizar que la tierra se limite a determinados usos (en este caso, agr\u00edcolas), no ofrece necesariamente seguridad de tenencia al cultivador o agricultor. Adem\u00e1s, la eficacia de las restricciones de las escrituras depende de su cumplimiento por parte del agente administrador. Los riesgos de incumplimiento de las restricciones son mayores en el momento de la transferencia del t\u00edtulo, ya sea por desatenci\u00f3n de la empresa de t\u00edtulos o por desatenci\u00f3n del comprador y el vendedor.  <\/p>\n","protected":false},"excerpt":{"rendered":"<p>Las restricciones de las escrituras (tambi\u00e9n conocidas como &#8220;pactos de escritura&#8221; o &#8220;pactos restrictivos&#8221;) son una herramienta habitual para imponer limitaciones a los usos de la tierra y, con frecuencia, [&hellip;]<\/p>\n","protected":false},"author":1,"featured_media":0,"parent":8779,"menu_order":0,"comment_status":"closed","ping_status":"closed","template":"","meta":{"give_campaign_id":0,"_tec_requires_first_save":true,"_kad_blocks_custom_css":"","_kad_blocks_head_custom_js":"","_kad_blocks_body_custom_js":"","_kad_blocks_footer_custom_js":"","_EventAllDay":false,"_EventTimezone":"","_EventStartDate":"","_EventEndDate":"","_EventStartDateUTC":"","_EventEndDateUTC":"","_EventShowMap":false,"_EventShowMapLink":false,"_EventURL":"","_EventCost":"","_EventCostDescription":"","_EventCurrencySymbol":"","_EventCurrencyCode":"","_EventCurrencyPosition":"","_EventDateTimeSeparator":"","_EventTimeRangeSeparator":"","_EventOrganizerID":[],"_EventVenueID":[],"_OrganizerEmail":"","_OrganizerPhone":"","_OrganizerWebsite":"","_VenueAddress":"","_VenueCity":"","_VenueCountry":"","_VenueProvince":"","_VenueState":"","_VenueZip":"","_VenuePhone":"","_VenueURL":"","_VenueStateProvince":"","_VenueLat":"","_VenueLng":"","_VenueShowMap":false,"_VenueShowMapLink":false,"_tribe_blocks_recurrence_rules":"","_tribe_blocks_recurrence_description":"","_tribe_blocks_recurrence_exclusions":"","footnotes":""},"categories":[126],"tags":[],"class_list":["post-8991","page","type-page","status-publish","hentry","category-agricultura-es"],"blocksy_meta":[],"yoast_head":"<!-- This site is optimized with the Yoast SEO Premium plugin v27.5 (Yoast SEO v27.5) - https:\/\/yoast.com\/product\/yoast-seo-premium-wordpress\/ -->\n<title>Restricciones de escritura - International Center for Community Land Trusts<\/title>\n<meta name=\"robots\" content=\"index, follow, max-snippet:-1, max-image-preview:large, max-video-preview:-1\" \/>\n<link rel=\"canonical\" href=\"https:\/\/www.cltweb.org\/es\/biblioteca-de-recursos\/agricultura\/recursos-adicionales\/como-aseguran-y-protegen-los-clt-la-tierra\/restricciones-de-escritura\/\" \/>\n<meta property=\"og:locale\" content=\"es_ES\" \/>\n<meta property=\"og:type\" content=\"article\" \/>\n<meta property=\"og:title\" content=\"Restricciones de escritura\" \/>\n<meta property=\"og:description\" content=\"Las restricciones de las escrituras (tambi\u00e9n conocidas como &#8220;pactos de escritura&#8221; o &#8220;pactos restrictivos&#8221;) son una herramienta habitual para imponer limitaciones a los usos de la tierra y, con frecuencia, [&hellip;]\" \/>\n<meta property=\"og:url\" content=\"https:\/\/www.cltweb.org\/es\/biblioteca-de-recursos\/agricultura\/recursos-adicionales\/como-aseguran-y-protegen-los-clt-la-tierra\/restricciones-de-escritura\/\" \/>\n<meta property=\"og:site_name\" content=\"International Center for Community Land Trusts\" \/>\n<meta property=\"article:publisher\" content=\"https:\/\/www.facebook.com\/cltcenter\" \/>\n<meta property=\"article:modified_time\" content=\"2025-02-03T20:06:01+00:00\" \/>\n<meta name=\"twitter:card\" content=\"summary_large_image\" \/>\n<meta name=\"twitter:site\" content=\"@Center4CLTs\" \/>\n<meta name=\"twitter:label1\" content=\"Tiempo de lectura\" \/>\n\t<meta name=\"twitter:data1\" content=\"1 minuto\" \/>\n<script type=\"application\/ld+json\" class=\"yoast-schema-graph\">{\"@context\":\"https:\\\/\\\/schema.org\",\"@graph\":[{\"@type\":\"WebPage\",\"@id\":\"https:\\\/\\\/www.cltweb.org\\\/es\\\/biblioteca-de-recursos\\\/agricultura\\\/recursos-adicionales\\\/como-aseguran-y-protegen-los-clt-la-tierra\\\/restricciones-de-escritura\\\/\",\"url\":\"https:\\\/\\\/www.cltweb.org\\\/es\\\/biblioteca-de-recursos\\\/agricultura\\\/recursos-adicionales\\\/como-aseguran-y-protegen-los-clt-la-tierra\\\/restricciones-de-escritura\\\/\",\"name\":\"Restricciones de escritura - International Center for Community Land Trusts\",\"isPartOf\":{\"@id\":\"https:\\\/\\\/www.cltweb.org\\\/es\\\/#website\"},\"datePublished\":\"2025-02-03T20:04:49+00:00\",\"dateModified\":\"2025-02-03T20:06:01+00:00\",\"breadcrumb\":{\"@id\":\"https:\\\/\\\/www.cltweb.org\\\/es\\\/biblioteca-de-recursos\\\/agricultura\\\/recursos-adicionales\\\/como-aseguran-y-protegen-los-clt-la-tierra\\\/restricciones-de-escritura\\\/#breadcrumb\"},\"inLanguage\":\"es\",\"potentialAction\":[{\"@type\":\"ReadAction\",\"target\":[\"https:\\\/\\\/www.cltweb.org\\\/es\\\/biblioteca-de-recursos\\\/agricultura\\\/recursos-adicionales\\\/como-aseguran-y-protegen-los-clt-la-tierra\\\/restricciones-de-escritura\\\/\"]}]},{\"@type\":\"BreadcrumbList\",\"@id\":\"https:\\\/\\\/www.cltweb.org\\\/es\\\/biblioteca-de-recursos\\\/agricultura\\\/recursos-adicionales\\\/como-aseguran-y-protegen-los-clt-la-tierra\\\/restricciones-de-escritura\\\/#breadcrumb\",\"itemListElement\":[{\"@type\":\"ListItem\",\"position\":1,\"name\":\"Home\",\"item\":\"https:\\\/\\\/www.cltweb.org\\\/es\\\/\"},{\"@type\":\"ListItem\",\"position\":2,\"name\":\"Biblioteca de recursos\",\"item\":\"https:\\\/\\\/www.cltweb.org\\\/es\\\/biblioteca-de-recursos\\\/\"},{\"@type\":\"ListItem\",\"position\":3,\"name\":\"Tenencia de la tierra para la agricultura urbana\",\"item\":\"https:\\\/\\\/www.cltweb.org\\\/es\\\/biblioteca-de-recursos\\\/agricultura\\\/\"},{\"@type\":\"ListItem\",\"position\":4,\"name\":\"Recursos adicionales\",\"item\":\"https:\\\/\\\/www.cltweb.org\\\/es\\\/biblioteca-de-recursos\\\/agricultura\\\/recursos-adicionales\\\/\"},{\"@type\":\"ListItem\",\"position\":5,\"name\":\"C\u00f3mo aseguran y protegen los CLT la tierra\",\"item\":\"https:\\\/\\\/www.cltweb.org\\\/es\\\/biblioteca-de-recursos\\\/agricultura\\\/recursos-adicionales\\\/como-aseguran-y-protegen-los-clt-la-tierra\\\/\"},{\"@type\":\"ListItem\",\"position\":6,\"name\":\"Restricciones de escritura\"}]},{\"@type\":\"WebSite\",\"@id\":\"https:\\\/\\\/www.cltweb.org\\\/es\\\/#website\",\"url\":\"https:\\\/\\\/www.cltweb.org\\\/es\\\/\",\"name\":\"International Center for Community Land Trusts\",\"description\":\"\",\"publisher\":{\"@id\":\"https:\\\/\\\/www.cltweb.org\\\/es\\\/#organization\"},\"potentialAction\":[{\"@type\":\"SearchAction\",\"target\":{\"@type\":\"EntryPoint\",\"urlTemplate\":\"https:\\\/\\\/www.cltweb.org\\\/es\\\/?s={search_term_string}\"},\"query-input\":{\"@type\":\"PropertyValueSpecification\",\"valueRequired\":true,\"valueName\":\"search_term_string\"}}],\"inLanguage\":\"es\"},{\"@type\":\"Organization\",\"@id\":\"https:\\\/\\\/www.cltweb.org\\\/es\\\/#organization\",\"name\":\"International Center for Community Land Trusts\",\"url\":\"https:\\\/\\\/www.cltweb.org\\\/es\\\/\",\"logo\":{\"@type\":\"ImageObject\",\"inLanguage\":\"es\",\"@id\":\"https:\\\/\\\/www.cltweb.org\\\/es\\\/#\\\/schema\\\/logo\\\/image\\\/\",\"url\":\"https:\\\/\\\/www.cltweb.org\\\/wp-content\\\/uploads\\\/2024\\\/11\\\/New-CLT-Center-Text-logo.png\",\"contentUrl\":\"https:\\\/\\\/www.cltweb.org\\\/wp-content\\\/uploads\\\/2024\\\/11\\\/New-CLT-Center-Text-logo.png\",\"width\":227,\"height\":80,\"caption\":\"International Center for Community Land Trusts\"},\"image\":{\"@id\":\"https:\\\/\\\/www.cltweb.org\\\/es\\\/#\\\/schema\\\/logo\\\/image\\\/\"},\"sameAs\":[\"https:\\\/\\\/www.facebook.com\\\/cltcenter\",\"https:\\\/\\\/x.com\\\/Center4CLTs\",\"https:\\\/\\\/www.instagram.com\\\/cltcenter\\\/\",\"https:\\\/\\\/www.linkedin.com\\\/company\\\/cltcenter\",\"https:\\\/\\\/www.youtube.com\\\/@centerforcltinnovation5313\"],\"description\":\"The International Center for Community Land Trusts is a not-for-profit nongovernmental organization established in 2018 to promote and to support community land trusts and similar strategies of community-led development on community-owned land in countries throughout the world.\",\"email\":\"info@communitylandtrust.net\",\"legalName\":\"International Center for Community Land Trusts\",\"foundingDate\":\"2018-12-01\",\"taxID\":\"84-3858933\",\"numberOfEmployees\":{\"@type\":\"QuantitativeValue\",\"minValue\":\"1\",\"maxValue\":\"10\"}}]}<\/script>\n<!-- \/ Yoast SEO Premium plugin. -->","yoast_head_json":{"title":"Restricciones de escritura - International Center for Community Land Trusts","robots":{"index":"index","follow":"follow","max-snippet":"max-snippet:-1","max-image-preview":"max-image-preview:large","max-video-preview":"max-video-preview:-1"},"canonical":"https:\/\/www.cltweb.org\/es\/biblioteca-de-recursos\/agricultura\/recursos-adicionales\/como-aseguran-y-protegen-los-clt-la-tierra\/restricciones-de-escritura\/","og_locale":"es_ES","og_type":"article","og_title":"Restricciones de escritura","og_description":"Las restricciones de las escrituras (tambi\u00e9n conocidas como &#8220;pactos de escritura&#8221; o &#8220;pactos restrictivos&#8221;) son una herramienta habitual para imponer limitaciones a los usos de la tierra y, con frecuencia, [&hellip;]","og_url":"https:\/\/www.cltweb.org\/es\/biblioteca-de-recursos\/agricultura\/recursos-adicionales\/como-aseguran-y-protegen-los-clt-la-tierra\/restricciones-de-escritura\/","og_site_name":"International Center for Community Land Trusts","article_publisher":"https:\/\/www.facebook.com\/cltcenter","article_modified_time":"2025-02-03T20:06:01+00:00","twitter_card":"summary_large_image","twitter_site":"@Center4CLTs","twitter_misc":{"Tiempo de lectura":"1 minuto"},"schema":{"@context":"https:\/\/schema.org","@graph":[{"@type":"WebPage","@id":"https:\/\/www.cltweb.org\/es\/biblioteca-de-recursos\/agricultura\/recursos-adicionales\/como-aseguran-y-protegen-los-clt-la-tierra\/restricciones-de-escritura\/","url":"https:\/\/www.cltweb.org\/es\/biblioteca-de-recursos\/agricultura\/recursos-adicionales\/como-aseguran-y-protegen-los-clt-la-tierra\/restricciones-de-escritura\/","name":"Restricciones de escritura - International Center for Community Land Trusts","isPartOf":{"@id":"https:\/\/www.cltweb.org\/es\/#website"},"datePublished":"2025-02-03T20:04:49+00:00","dateModified":"2025-02-03T20:06:01+00:00","breadcrumb":{"@id":"https:\/\/www.cltweb.org\/es\/biblioteca-de-recursos\/agricultura\/recursos-adicionales\/como-aseguran-y-protegen-los-clt-la-tierra\/restricciones-de-escritura\/#breadcrumb"},"inLanguage":"es","potentialAction":[{"@type":"ReadAction","target":["https:\/\/www.cltweb.org\/es\/biblioteca-de-recursos\/agricultura\/recursos-adicionales\/como-aseguran-y-protegen-los-clt-la-tierra\/restricciones-de-escritura\/"]}]},{"@type":"BreadcrumbList","@id":"https:\/\/www.cltweb.org\/es\/biblioteca-de-recursos\/agricultura\/recursos-adicionales\/como-aseguran-y-protegen-los-clt-la-tierra\/restricciones-de-escritura\/#breadcrumb","itemListElement":[{"@type":"ListItem","position":1,"name":"Home","item":"https:\/\/www.cltweb.org\/es\/"},{"@type":"ListItem","position":2,"name":"Biblioteca de recursos","item":"https:\/\/www.cltweb.org\/es\/biblioteca-de-recursos\/"},{"@type":"ListItem","position":3,"name":"Tenencia de la tierra para la agricultura urbana","item":"https:\/\/www.cltweb.org\/es\/biblioteca-de-recursos\/agricultura\/"},{"@type":"ListItem","position":4,"name":"Recursos adicionales","item":"https:\/\/www.cltweb.org\/es\/biblioteca-de-recursos\/agricultura\/recursos-adicionales\/"},{"@type":"ListItem","position":5,"name":"C\u00f3mo aseguran y protegen los CLT la tierra","item":"https:\/\/www.cltweb.org\/es\/biblioteca-de-recursos\/agricultura\/recursos-adicionales\/como-aseguran-y-protegen-los-clt-la-tierra\/"},{"@type":"ListItem","position":6,"name":"Restricciones de escritura"}]},{"@type":"WebSite","@id":"https:\/\/www.cltweb.org\/es\/#website","url":"https:\/\/www.cltweb.org\/es\/","name":"International Center for Community Land Trusts","description":"","publisher":{"@id":"https:\/\/www.cltweb.org\/es\/#organization"},"potentialAction":[{"@type":"SearchAction","target":{"@type":"EntryPoint","urlTemplate":"https:\/\/www.cltweb.org\/es\/?s={search_term_string}"},"query-input":{"@type":"PropertyValueSpecification","valueRequired":true,"valueName":"search_term_string"}}],"inLanguage":"es"},{"@type":"Organization","@id":"https:\/\/www.cltweb.org\/es\/#organization","name":"International Center for Community Land Trusts","url":"https:\/\/www.cltweb.org\/es\/","logo":{"@type":"ImageObject","inLanguage":"es","@id":"https:\/\/www.cltweb.org\/es\/#\/schema\/logo\/image\/","url":"https:\/\/www.cltweb.org\/wp-content\/uploads\/2024\/11\/New-CLT-Center-Text-logo.png","contentUrl":"https:\/\/www.cltweb.org\/wp-content\/uploads\/2024\/11\/New-CLT-Center-Text-logo.png","width":227,"height":80,"caption":"International Center for Community Land Trusts"},"image":{"@id":"https:\/\/www.cltweb.org\/es\/#\/schema\/logo\/image\/"},"sameAs":["https:\/\/www.facebook.com\/cltcenter","https:\/\/x.com\/Center4CLTs","https:\/\/www.instagram.com\/cltcenter\/","https:\/\/www.linkedin.com\/company\/cltcenter","https:\/\/www.youtube.com\/@centerforcltinnovation5313"],"description":"The International Center for Community Land Trusts is a not-for-profit nongovernmental organization established in 2018 to promote and to support community land trusts and similar strategies of community-led development on community-owned land in countries throughout the world.","email":"info@communitylandtrust.net","legalName":"International Center for Community Land Trusts","foundingDate":"2018-12-01","taxID":"84-3858933","numberOfEmployees":{"@type":"QuantitativeValue","minValue":"1","maxValue":"10"}}]}},"campaignId":"","taxonomy_info":{"category":[{"value":126,"label":"Agricultura"}]},"featured_image_src_large":false,"author_info":{"display_name":"cltredesign_0jp0l4","author_link":"https:\/\/www.cltweb.org\/es\/author\/cltredesign_0jp0l4\/"},"comment_info":0,"jetpack_sharing_enabled":true,"jetpack-related-posts":[{"id":8999,"url":"https:\/\/www.cltweb.org\/es\/biblioteca-de-recursos\/agricultura\/recursos-adicionales\/como-aseguran-y-protegen-los-clt-la-tierra\/servidumbres\/","url_meta":{"origin":8991,"position":0},"title":"Servidumbres","author":"cltredesign_0jp0l4","date":"3 de febrero de 2025","format":false,"excerpt":"Las servidumbres de conservaci\u00f3n son restricciones voluntarias que limitan permanentemente los tipos de usos permitidos en la tierra. Est\u00e1n en manos de entidades externas al titular. Estos acuerdos se utilizan con frecuencia como herramienta de planificaci\u00f3n fiscal. Un propietario concede una servidumbre a una entidad p\u00fablica o privada sin \u00e1nimo\u2026","rel":"","context":"En \u00abAgricultura\u00bb","block_context":{"text":"Agricultura","link":"https:\/\/www.cltweb.org\/es\/category\/agricultura-es\/"},"img":{"alt_text":"","src":"","width":0,"height":0},"classes":[]},{"id":8993,"url":"https:\/\/www.cltweb.org\/pt-br\/biblioteca-de-recursos\/agricultura\/recursos-adicionais\/como-os-clts-asseguram-e-protegem-a-terra\/restricoes-de-escritura\/","url_meta":{"origin":8991,"position":1},"title":"Restri\u00e7\u00f5es de escritura","author":"cltredesign_0jp0l4","date":"3 de febrero de 2025","format":false,"excerpt":"As restri\u00e7\u00f5es de escritura (tamb\u00e9m conhecidas como \"conv\u00eanios de escritura\" ou \"conv\u00eanios restritivos\") s\u00e3o uma ferramenta comum para impor limita\u00e7\u00f5es ao uso da terra e s\u00e3o frequentemente exigidas pelos financiadores.7 Os financiadores s\u00e3o motivados a monitorar essas restri\u00e7\u00f5es para proteger seus investimentos, e os benefici\u00e1rios de financiamento s\u00e3o motivados a\u2026","rel":"","context":"En \u00abAgricultura\u00bb","block_context":{"text":"Agricultura","link":"https:\/\/www.cltweb.org\/pt-br\/category\/agricultura\/"},"img":{"alt_text":"","src":"","width":0,"height":0},"classes":[]},{"id":8975,"url":"https:\/\/www.cltweb.org\/es\/biblioteca-de-recursos\/agricultura\/recursos-adicionales\/como-aseguran-y-protegen-los-clt-la-tierra\/pleno-dominio\/","url_meta":{"origin":8991,"position":2},"title":"Pleno dominio","author":"cltredesign_0jp0l4","date":"3 de febrero de 2025","format":false,"excerpt":"La propiedad simple permite a un CLT poseer el mayor n\u00famero de \"palos\" en el paquete de derechos de propiedad y proporciona un alto nivel de seguridad de la tierra, siempre que se cumplan todos los pagos de la hipoteca y las obligaciones fiscales. En las zonas urbanas, los terrenos\u2026","rel":"","context":"En \u00abAgricultura\u00bb","block_context":{"text":"Agricultura","link":"https:\/\/www.cltweb.org\/es\/category\/agricultura-es\/"},"img":{"alt_text":"","src":"","width":0,"height":0},"classes":[]},{"id":4094,"url":"https:\/\/www.cltweb.org\/es\/biblioteca-de-recursos\/casos-practicos-de-clt\/fondo-comunitario-de-tierras-opal\/","url_meta":{"origin":8991,"position":3},"title":"Fondo Comunitario de Tierras OPAL","author":"cltredesign_0jp0l4","date":"21 de octubre de 2024","format":false,"excerpt":"Fundada en 1989 (Isla de Orcas, Washington) Perfil aportado por Vicki Brems y Lisa Byers (2015) En la d\u00e9cada de 1980, el r\u00e1pido crecimiento de la poblaci\u00f3n y la escalada de los valores inmobiliarios amenazaron la calidad de vida valorada por los residentes de la isla de Orcas. Situada a\u2026","rel":"","context":"En \u00abCasos pr\u00e1cticos\u00bb","block_context":{"text":"Casos pr\u00e1cticos","link":"https:\/\/www.cltweb.org\/es\/category\/casos-practicos\/"},"img":{"alt_text":"","src":"","width":0,"height":0},"classes":[]},{"id":9445,"url":"https:\/\/www.cltweb.org\/es\/sobre-nosotros\/oportunidades-profesionales\/consultor-de-desarrollo\/","url_meta":{"origin":8991,"position":4},"title":"Consultor de desarrollo","author":"cltredesign_0jp0l4","date":"19 de mayo de 2025","format":false,"excerpt":"Buscamos un consultor de desarrollo experimentado que nos ayude a dirigir nuestros esfuerzos de recaudaci\u00f3n de fondos. Este puesto contratado trabajar\u00e1 veinte (20) horas a la semana en estrecha colaboraci\u00f3n con nuestro Director Ejecutivo, Director de Comunicaciones, consultores de proyectos, as\u00ed como miembros del consejo que participan activamente en los\u2026","rel":"","context":"En \u00abEmpleo\u00bb","block_context":{"text":"Empleo","link":"https:\/\/www.cltweb.org\/es\/category\/empleo\/"},"img":{"alt_text":"","src":"","width":0,"height":0},"classes":[]},{"id":8743,"url":"https:\/\/www.cltweb.org\/es\/biblioteca-de-recursos\/agricultura\/el-modelo-de-servidor-central\/la-entidad-servidor-central\/","url_meta":{"origin":8991,"position":5},"title":"La Entidad Servidor Central","author":"cltredesign_0jp0l4","date":"2 de febrero de 2025","format":false,"excerpt":"La entidad del servidor central har\u00e1 el \"trabajo pesado\" que est\u00e1 m\u00e1s all\u00e1 de la capacidad de las peque\u00f1as organizaciones vecinales, sobre todo mientras se encuentran en plena fase de puesta en marcha. Con experiencia en el uso del suelo y las transacciones inmobiliarias, el servidor central puede negociar h\u00e1bilmente\u2026","rel":"","context":"En \u00abAgricultura\u00bb","block_context":{"text":"Agricultura","link":"https:\/\/www.cltweb.org\/es\/category\/agricultura-es\/"},"img":{"alt_text":"","src":"","width":0,"height":0},"classes":[]}],"_links":{"self":[{"href":"https:\/\/www.cltweb.org\/es\/wp-json\/wp\/v2\/pages\/8991","targetHints":{"allow":["GET"]}}],"collection":[{"href":"https:\/\/www.cltweb.org\/es\/wp-json\/wp\/v2\/pages"}],"about":[{"href":"https:\/\/www.cltweb.org\/es\/wp-json\/wp\/v2\/types\/page"}],"author":[{"embeddable":true,"href":"https:\/\/www.cltweb.org\/es\/wp-json\/wp\/v2\/users\/1"}],"replies":[{"embeddable":true,"href":"https:\/\/www.cltweb.org\/es\/wp-json\/wp\/v2\/comments?post=8991"}],"version-history":[{"count":1,"href":"https:\/\/www.cltweb.org\/es\/wp-json\/wp\/v2\/pages\/8991\/revisions"}],"predecessor-version":[{"id":8992,"href":"https:\/\/www.cltweb.org\/es\/wp-json\/wp\/v2\/pages\/8991\/revisions\/8992"}],"up":[{"embeddable":true,"href":"https:\/\/www.cltweb.org\/es\/wp-json\/wp\/v2\/pages\/8779"}],"wp:attachment":[{"href":"https:\/\/www.cltweb.org\/es\/wp-json\/wp\/v2\/media?parent=8991"}],"wp:term":[{"taxonomy":"category","embeddable":true,"href":"https:\/\/www.cltweb.org\/es\/wp-json\/wp\/v2\/categories?post=8991"},{"taxonomy":"post_tag","embeddable":true,"href":"https:\/\/www.cltweb.org\/es\/wp-json\/wp\/v2\/tags?post=8991"}],"curies":[{"name":"wp","href":"https:\/\/api.w.org\/{rel}","templated":true}]}}