{"id":10370,"date":"2025-10-28T16:00:00","date_gmt":"2025-10-28T16:00:00","guid":{"rendered":"https:\/\/www.cltweb.org\/echec-du-don\/"},"modified":"2025-10-28T16:00:00","modified_gmt":"2025-10-28T16:00:00","slug":"echec-du-don","status":"publish","type":"page","link":"https:\/\/www.cltweb.org\/fr\/echec-du-don\/","title":{"rendered":"\u00c9chec du don"},"content":{"rendered":"<p>Nous sommes d\u00e9sol\u00e9s, votre don n&#8217;a pas \u00e9t\u00e9 trait\u00e9. Veuillez r\u00e9essayer ou contacter le service d&#8217;assistance du site. <\/p>\n","protected":false},"excerpt":{"rendered":"<p>Nous sommes d\u00e9sol\u00e9s, votre don n&#8217;a pas \u00e9t\u00e9 trait\u00e9. Veuillez r\u00e9essayer ou contacter le service d&#8217;assistance du site.<\/p>\n","protected":false},"author":1,"featured_media":0,"parent":0,"menu_order":0,"comment_status":"closed","ping_status":"closed","template":"","meta":{"give_campaign_id":0,"_tec_requires_first_save":true,"_kad_blocks_custom_css":"","_kad_blocks_head_custom_js":"","_kad_blocks_body_custom_js":"","_kad_blocks_footer_custom_js":"","_EventAllDay":false,"_EventTimezone":"","_EventStartDate":"","_EventEndDate":"","_EventStartDateUTC":"","_EventEndDateUTC":"","_EventShowMap":false,"_EventShowMapLink":false,"_EventURL":"","_EventCost":"","_EventCostDescription":"","_EventCurrencySymbol":"","_EventCurrencyCode":"","_EventCurrencyPosition":"","_EventDateTimeSeparator":"","_EventTimeRangeSeparator":"","_EventOrganizerID":[],"_EventVenueID":[],"_OrganizerEmail":"","_OrganizerPhone":"","_OrganizerWebsite":"","_VenueAddress":"","_VenueCity":"","_VenueCountry":"","_VenueProvince":"","_VenueState":"","_VenueZip":"","_VenuePhone":"","_VenueURL":"","_VenueStateProvince":"","_VenueLat":"","_VenueLng":"","_VenueShowMap":false,"_VenueShowMapLink":false,"_tribe_blocks_recurrence_rules":"","_tribe_blocks_recurrence_description":"","_tribe_blocks_recurrence_exclusions":"","footnotes":""},"categories":[],"tags":[],"class_list":["post-10370","page","type-page","status-publish","hentry"],"blocksy_meta":[],"yoast_head":"<!-- This site is optimized with the Yoast SEO Premium plugin v27.5 (Yoast SEO v27.5) - https:\/\/yoast.com\/product\/yoast-seo-premium-wordpress\/ -->\n<title>\u00c9chec du don - International Center for Community Land Trusts<\/title>\n<meta name=\"robots\" content=\"index, follow, max-snippet:-1, max-image-preview:large, max-video-preview:-1\" \/>\n<link rel=\"canonical\" href=\"https:\/\/www.cltweb.org\/fr\/echec-du-don\/\" \/>\n<meta property=\"og:locale\" content=\"fr_FR\" \/>\n<meta property=\"og:type\" content=\"article\" \/>\n<meta property=\"og:title\" content=\"\u00c9chec du don\" \/>\n<meta property=\"og:description\" content=\"Nous sommes d\u00e9sol\u00e9s, votre don n&#8217;a pas \u00e9t\u00e9 trait\u00e9. Veuillez r\u00e9essayer ou contacter le service d&#8217;assistance du site.\" \/>\n<meta property=\"og:url\" content=\"https:\/\/www.cltweb.org\/fr\/echec-du-don\/\" \/>\n<meta property=\"og:site_name\" content=\"International Center for Community Land Trusts\" \/>\n<meta property=\"article:publisher\" content=\"https:\/\/www.facebook.com\/cltcenter\" \/>\n<meta name=\"twitter:card\" content=\"summary_large_image\" \/>\n<meta name=\"twitter:site\" content=\"@Center4CLTs\" \/>\n<script type=\"application\/ld+json\" class=\"yoast-schema-graph\">{\"@context\":\"https:\\\/\\\/schema.org\",\"@graph\":[{\"@type\":\"WebPage\",\"@id\":\"https:\\\/\\\/www.cltweb.org\\\/fr\\\/echec-du-don\\\/\",\"url\":\"https:\\\/\\\/www.cltweb.org\\\/fr\\\/echec-du-don\\\/\",\"name\":\"\u00c9chec du don - International Center for Community Land Trusts\",\"isPartOf\":{\"@id\":\"https:\\\/\\\/www.cltweb.org\\\/fr\\\/#website\"},\"datePublished\":\"2025-10-28T16:00:00+00:00\",\"breadcrumb\":{\"@id\":\"https:\\\/\\\/www.cltweb.org\\\/fr\\\/echec-du-don\\\/#breadcrumb\"},\"inLanguage\":\"fr-FR\",\"potentialAction\":[{\"@type\":\"ReadAction\",\"target\":[\"https:\\\/\\\/www.cltweb.org\\\/fr\\\/echec-du-don\\\/\"]}]},{\"@type\":\"BreadcrumbList\",\"@id\":\"https:\\\/\\\/www.cltweb.org\\\/fr\\\/echec-du-don\\\/#breadcrumb\",\"itemListElement\":[{\"@type\":\"ListItem\",\"position\":1,\"name\":\"Home\",\"item\":\"https:\\\/\\\/www.cltweb.org\\\/fr\\\/\"},{\"@type\":\"ListItem\",\"position\":2,\"name\":\"\u00c9chec du don\"}]},{\"@type\":\"WebSite\",\"@id\":\"https:\\\/\\\/www.cltweb.org\\\/fr\\\/#website\",\"url\":\"https:\\\/\\\/www.cltweb.org\\\/fr\\\/\",\"name\":\"International Center for Community Land Trusts\",\"description\":\"\",\"publisher\":{\"@id\":\"https:\\\/\\\/www.cltweb.org\\\/fr\\\/#organization\"},\"potentialAction\":[{\"@type\":\"SearchAction\",\"target\":{\"@type\":\"EntryPoint\",\"urlTemplate\":\"https:\\\/\\\/www.cltweb.org\\\/fr\\\/?s={search_term_string}\"},\"query-input\":{\"@type\":\"PropertyValueSpecification\",\"valueRequired\":true,\"valueName\":\"search_term_string\"}}],\"inLanguage\":\"fr-FR\"},{\"@type\":\"Organization\",\"@id\":\"https:\\\/\\\/www.cltweb.org\\\/fr\\\/#organization\",\"name\":\"International Center for Community Land Trusts\",\"url\":\"https:\\\/\\\/www.cltweb.org\\\/fr\\\/\",\"logo\":{\"@type\":\"ImageObject\",\"inLanguage\":\"fr-FR\",\"@id\":\"https:\\\/\\\/www.cltweb.org\\\/fr\\\/#\\\/schema\\\/logo\\\/image\\\/\",\"url\":\"https:\\\/\\\/www.cltweb.org\\\/wp-content\\\/uploads\\\/2024\\\/11\\\/New-CLT-Center-Text-logo.png\",\"contentUrl\":\"https:\\\/\\\/www.cltweb.org\\\/wp-content\\\/uploads\\\/2024\\\/11\\\/New-CLT-Center-Text-logo.png\",\"width\":227,\"height\":80,\"caption\":\"International Center for Community Land Trusts\"},\"image\":{\"@id\":\"https:\\\/\\\/www.cltweb.org\\\/fr\\\/#\\\/schema\\\/logo\\\/image\\\/\"},\"sameAs\":[\"https:\\\/\\\/www.facebook.com\\\/cltcenter\",\"https:\\\/\\\/x.com\\\/Center4CLTs\",\"https:\\\/\\\/www.instagram.com\\\/cltcenter\\\/\",\"https:\\\/\\\/www.linkedin.com\\\/company\\\/cltcenter\",\"https:\\\/\\\/www.youtube.com\\\/@centerforcltinnovation5313\"],\"description\":\"The International Center for Community Land Trusts is a not-for-profit nongovernmental organization established in 2018 to promote and to support community land trusts and similar strategies of community-led development on community-owned land in countries throughout the world.\",\"email\":\"info@communitylandtrust.net\",\"legalName\":\"International Center for Community Land Trusts\",\"foundingDate\":\"2018-12-01\",\"taxID\":\"84-3858933\",\"numberOfEmployees\":{\"@type\":\"QuantitativeValue\",\"minValue\":\"1\",\"maxValue\":\"10\"}}]}<\/script>\n<!-- \/ Yoast SEO Premium plugin. -->","yoast_head_json":{"title":"\u00c9chec du don - International Center for Community Land Trusts","robots":{"index":"index","follow":"follow","max-snippet":"max-snippet:-1","max-image-preview":"max-image-preview:large","max-video-preview":"max-video-preview:-1"},"canonical":"https:\/\/www.cltweb.org\/fr\/echec-du-don\/","og_locale":"fr_FR","og_type":"article","og_title":"\u00c9chec du don","og_description":"Nous sommes d\u00e9sol\u00e9s, votre don n&#8217;a pas \u00e9t\u00e9 trait\u00e9. Veuillez r\u00e9essayer ou contacter le service d&#8217;assistance du site.","og_url":"https:\/\/www.cltweb.org\/fr\/echec-du-don\/","og_site_name":"International Center for Community Land Trusts","article_publisher":"https:\/\/www.facebook.com\/cltcenter","twitter_card":"summary_large_image","twitter_site":"@Center4CLTs","schema":{"@context":"https:\/\/schema.org","@graph":[{"@type":"WebPage","@id":"https:\/\/www.cltweb.org\/fr\/echec-du-don\/","url":"https:\/\/www.cltweb.org\/fr\/echec-du-don\/","name":"\u00c9chec du don - International Center for Community Land Trusts","isPartOf":{"@id":"https:\/\/www.cltweb.org\/fr\/#website"},"datePublished":"2025-10-28T16:00:00+00:00","breadcrumb":{"@id":"https:\/\/www.cltweb.org\/fr\/echec-du-don\/#breadcrumb"},"inLanguage":"fr-FR","potentialAction":[{"@type":"ReadAction","target":["https:\/\/www.cltweb.org\/fr\/echec-du-don\/"]}]},{"@type":"BreadcrumbList","@id":"https:\/\/www.cltweb.org\/fr\/echec-du-don\/#breadcrumb","itemListElement":[{"@type":"ListItem","position":1,"name":"Home","item":"https:\/\/www.cltweb.org\/fr\/"},{"@type":"ListItem","position":2,"name":"\u00c9chec du don"}]},{"@type":"WebSite","@id":"https:\/\/www.cltweb.org\/fr\/#website","url":"https:\/\/www.cltweb.org\/fr\/","name":"International Center for Community Land Trusts","description":"","publisher":{"@id":"https:\/\/www.cltweb.org\/fr\/#organization"},"potentialAction":[{"@type":"SearchAction","target":{"@type":"EntryPoint","urlTemplate":"https:\/\/www.cltweb.org\/fr\/?s={search_term_string}"},"query-input":{"@type":"PropertyValueSpecification","valueRequired":true,"valueName":"search_term_string"}}],"inLanguage":"fr-FR"},{"@type":"Organization","@id":"https:\/\/www.cltweb.org\/fr\/#organization","name":"International Center for Community Land Trusts","url":"https:\/\/www.cltweb.org\/fr\/","logo":{"@type":"ImageObject","inLanguage":"fr-FR","@id":"https:\/\/www.cltweb.org\/fr\/#\/schema\/logo\/image\/","url":"https:\/\/www.cltweb.org\/wp-content\/uploads\/2024\/11\/New-CLT-Center-Text-logo.png","contentUrl":"https:\/\/www.cltweb.org\/wp-content\/uploads\/2024\/11\/New-CLT-Center-Text-logo.png","width":227,"height":80,"caption":"International Center for Community Land Trusts"},"image":{"@id":"https:\/\/www.cltweb.org\/fr\/#\/schema\/logo\/image\/"},"sameAs":["https:\/\/www.facebook.com\/cltcenter","https:\/\/x.com\/Center4CLTs","https:\/\/www.instagram.com\/cltcenter\/","https:\/\/www.linkedin.com\/company\/cltcenter","https:\/\/www.youtube.com\/@centerforcltinnovation5313"],"description":"The International Center for Community Land Trusts is a not-for-profit nongovernmental organization established in 2018 to promote and to support community land trusts and similar strategies of community-led development on community-owned land in countries throughout the world.","email":"info@communitylandtrust.net","legalName":"International Center for Community Land Trusts","foundingDate":"2018-12-01","taxID":"84-3858933","numberOfEmployees":{"@type":"QuantitativeValue","minValue":"1","maxValue":"10"}}]}},"campaignId":"","taxonomy_info":[],"featured_image_src_large":false,"author_info":{"display_name":"cltredesign_0jp0l4","author_link":"https:\/\/www.cltweb.org\/fr\/author\/cltredesign_0jp0l4\/"},"comment_info":0,"jetpack_sharing_enabled":true,"jetpack-related-posts":[{"id":4467,"url":"https:\/\/www.cltweb.org\/fr\/bibliotheque-de-ressources\/interviews\/garantir-les-droits-fonciers-les-clt-dans-les-etablissements-informels-2020\/","url_meta":{"origin":10370,"position":0},"title":"Garantir les droits fonciers : Les CLT dans les \u00e9tablissements informels (2020)","author":"cltredesign_0jp0l4","date":"22 octobre 2024","format":false,"excerpt":"Le 29 octobre 2020, World Habitat a organis\u00e9 une table ronde sur le r\u00f4le des fiducies fonci\u00e8res communautaires dans la garantie des droits fonciers des habitants des quartiers informels. Les pan\u00e9listes \u00e9taient les suivants : Mariolga Juli\u00e1 Pacheco et Don Jos\u00e9 Caraballo, du CLT Ca\u00f1o Mart\u00edn Pe\u00f1a, Porto Rico ;\u2026","rel":"","context":"Dans &quot;Interviews&quot;","block_context":{"text":"Interviews","link":"https:\/\/www.cltweb.org\/fr\/category\/interviews-fr\/"},"img":{"alt_text":"","src":"","width":0,"height":0},"classes":[]},{"id":4331,"url":"https:\/\/www.cltweb.org\/fr\/bibliotheque-de-ressources\/interviews\/ralph-borsodi\/","url_meta":{"origin":10370,"position":1},"title":"Ralph Borsodi (1974)","author":"cltredesign_0jp0l4","date":"22 octobre 2024","format":false,"excerpt":"Mother Earth News a interview\u00e9 Ralph Borsodi en 1974, apr\u00e8s qu'il eut pris sa retraite en tant que directeur ex\u00e9cutif de l'Institut international pour l'ind\u00e9pendance, l'organisation qu'il avait fond\u00e9e en 1967. Il \u00e9tait \u00e2g\u00e9 de 88 ans au moment de l'entretien et se rem\u00e9morait une longue vie de r\u00e9alisations consid\u00e9rables\u2026","rel":"","context":"Dans &quot;Interviews&quot;","block_context":{"text":"Interviews","link":"https:\/\/www.cltweb.org\/fr\/category\/interviews-fr\/"},"img":{"alt_text":"","src":"","width":0,"height":0},"classes":[]},{"id":9449,"url":"https:\/\/www.cltweb.org\/fr\/a-propos-de-nous\/opportunites-de-carriere\/consultant-en-developpement\/","url_meta":{"origin":10370,"position":2},"title":"Consultant en d\u00e9veloppement","author":"cltredesign_0jp0l4","date":"19 mai 2025","format":false,"excerpt":"Nous recherchons un(e) consultant(e) en d\u00e9veloppement exp\u00e9riment\u00e9(e) pour nous aider \u00e0 mener \u00e0 bien nos efforts de collecte de fonds. Cette personne travaillera vingt (20) heures par semaine en \u00e9troite collaboration avec notre directeur ex\u00e9cutif, notre directeur de la communication, nos consultants de projet, ainsi qu'avec les membres du conseil\u2026","rel":"","context":"Dans &quot;Emplois&quot;","block_context":{"text":"Emplois","link":"https:\/\/www.cltweb.org\/fr\/category\/emplois\/"},"img":{"alt_text":"","src":"","width":0,"height":0},"classes":[]},{"id":4454,"url":"https:\/\/www.cltweb.org\/fr\/bibliotheque-de-ressources\/interviews\/gus-newport-2020\/","url_meta":{"origin":10370,"position":3},"title":"Gus Newport (2020)","author":"cltredesign_0jp0l4","date":"22 octobre 2024","format":false,"excerpt":"Eugene \"Gus\" Newport est l'ancien maire de Berkeley (Californie). Il a ensuite \u00e9t\u00e9 directeur ex\u00e9cutif de la Dudley Street Neighborhood Initiative \u00e0 Boston MA, de l'Institute for Community Economics \u00e0 Springfield MA et du Partnership for Neighborhood Initiatives dans le comt\u00e9 de Palm Beach FL. Il a \u00e9t\u00e9 chercheur invit\u00e9\u2026","rel":"","context":"Dans &quot;Interviews&quot;","block_context":{"text":"Interviews","link":"https:\/\/www.cltweb.org\/fr\/category\/interviews-fr\/"},"img":{"alt_text":"","src":"","width":0,"height":0},"classes":[]},{"id":4474,"url":"https:\/\/www.cltweb.org\/fr\/bibliotheque-de-ressources\/interviews\/charles-sherrod-1982\/","url_meta":{"origin":10370,"position":4},"title":"Charles Sherrod (1982)","author":"cltredesign_0jp0l4","date":"22 octobre 2024","format":false,"excerpt":"\u00c0 23 ans, Charles Sherrod est arriv\u00e9 \u00e0 Albany, en G\u00e9orgie, pour s'occuper de l'organisation de la communaut\u00e9 et de l'inscription sur les listes \u00e9lectorales pour le Comit\u00e9 de coordination des \u00e9tudiants non violents (Student Non-Violent Coordinating Committee). Il n'en est jamais reparti. En 1968, il fait partie des huit\u2026","rel":"","context":"Dans &quot;Interviews&quot;","block_context":{"text":"Interviews","link":"https:\/\/www.cltweb.org\/fr\/category\/interviews-fr\/"},"img":{"alt_text":"","src":"","width":0,"height":0},"classes":[]},{"id":4403,"url":"https:\/\/www.cltweb.org\/fr\/bibliotheque-de-ressources\/interviews\/david-ireland-et-jerry-maldonado-2020\/","url_meta":{"origin":10370,"position":5},"title":"David Ireland et Jerry Maldonado (2020)","author":"cltredesign_0jp0l4","date":"22 octobre 2024","format":false,"excerpt":"David Ireland et Jerry Maldonado ont \u00e9t\u00e9 les principaux d\u00e9fenseurs du mouvement des community land trust et ont contribu\u00e9 \u00e0 la pr\u00e9face de On Common Ground. David est directeur g\u00e9n\u00e9ral de World Habitat, une organisation caritative internationale bas\u00e9e au Royaume-Uni qui aide \u00e0 trouver des solutions aux probl\u00e8mes de logement\u2026","rel":"","context":"Dans &quot;Interviews&quot;","block_context":{"text":"Interviews","link":"https:\/\/www.cltweb.org\/fr\/category\/interviews-fr\/"},"img":{"alt_text":"","src":"","width":0,"height":0},"classes":[]}],"_links":{"self":[{"href":"https:\/\/www.cltweb.org\/fr\/wp-json\/wp\/v2\/pages\/10370","targetHints":{"allow":["GET"]}}],"collection":[{"href":"https:\/\/www.cltweb.org\/fr\/wp-json\/wp\/v2\/pages"}],"about":[{"href":"https:\/\/www.cltweb.org\/fr\/wp-json\/wp\/v2\/types\/page"}],"author":[{"embeddable":true,"href":"https:\/\/www.cltweb.org\/fr\/wp-json\/wp\/v2\/users\/1"}],"replies":[{"embeddable":true,"href":"https:\/\/www.cltweb.org\/fr\/wp-json\/wp\/v2\/comments?post=10370"}],"version-history":[{"count":0,"href":"https:\/\/www.cltweb.org\/fr\/wp-json\/wp\/v2\/pages\/10370\/revisions"}],"wp:attachment":[{"href":"https:\/\/www.cltweb.org\/fr\/wp-json\/wp\/v2\/media?parent=10370"}],"wp:term":[{"taxonomy":"category","embeddable":true,"href":"https:\/\/www.cltweb.org\/fr\/wp-json\/wp\/v2\/categories?post=10370"},{"taxonomy":"post_tag","embeddable":true,"href":"https:\/\/www.cltweb.org\/fr\/wp-json\/wp\/v2\/tags?post=10370"}],"curies":[{"name":"wp","href":"https:\/\/api.w.org\/{rel}","templated":true}]}}