{"id":11277,"date":"2026-02-27T18:34:06","date_gmt":"2026-02-27T18:34:06","guid":{"rendered":"https:\/\/www.cltweb.org\/equipes-speciales-du-gda\/"},"modified":"2026-02-27T18:35:19","modified_gmt":"2026-02-27T18:35:19","slug":"equipes-speciales-du-gda","status":"publish","type":"page","link":"https:\/\/www.cltweb.org\/fr\/equipes-speciales-du-gda\/","title":{"rendered":"\u00c9quipes sp\u00e9ciales du GDA"},"content":{"rendered":"\n<iframe loading=\"lazy\" src=\"https:\/\/cltcenter.notion.site\/ebd\/\/3144f30d473c807287aac0239d7dd9cd\" width=\"100%\" height=\"600\" frameborder=\"0\" allowfullscreen=\"\"><\/iframe>\n\n<p><\/p>\n","protected":false},"excerpt":{"rendered":"","protected":false},"author":1,"featured_media":0,"parent":0,"menu_order":0,"comment_status":"closed","ping_status":"closed","template":"","meta":{"give_campaign_id":0,"_tec_requires_first_save":true,"_kad_blocks_custom_css":"","_kad_blocks_head_custom_js":"","_kad_blocks_body_custom_js":"","_kad_blocks_footer_custom_js":"","_EventAllDay":false,"_EventTimezone":"","_EventStartDate":"","_EventEndDate":"","_EventStartDateUTC":"","_EventEndDateUTC":"","_EventShowMap":false,"_EventShowMapLink":false,"_EventURL":"","_EventCost":"","_EventCostDescription":"","_EventCurrencySymbol":"","_EventCurrencyCode":"","_EventCurrencyPosition":"","_EventDateTimeSeparator":"","_EventTimeRangeSeparator":"","_EventOrganizerID":[],"_EventVenueID":[],"_OrganizerEmail":"","_OrganizerPhone":"","_OrganizerWebsite":"","_VenueAddress":"","_VenueCity":"","_VenueCountry":"","_VenueProvince":"","_VenueState":"","_VenueZip":"","_VenuePhone":"","_VenueURL":"","_VenueStateProvince":"","_VenueLat":"","_VenueLng":"","_VenueShowMap":false,"_VenueShowMapLink":false,"_tribe_blocks_recurrence_rules":"","_tribe_blocks_recurrence_description":"","_tribe_blocks_recurrence_exclusions":"","footnotes":""},"categories":[],"tags":[],"class_list":["post-11277","page","type-page","status-publish","hentry"],"blocksy_meta":[],"yoast_head":"<!-- This site is optimized with the Yoast SEO Premium plugin v27.5 (Yoast SEO v27.5) - https:\/\/yoast.com\/product\/yoast-seo-premium-wordpress\/ -->\n<title>\u00c9quipes sp\u00e9ciales du GDA - International Center for Community Land Trusts<\/title>\n<meta name=\"robots\" content=\"index, follow, max-snippet:-1, max-image-preview:large, max-video-preview:-1\" \/>\n<link rel=\"canonical\" href=\"https:\/\/www.cltweb.org\/fr\/equipes-speciales-du-gda\/\" \/>\n<meta property=\"og:locale\" content=\"fr_FR\" \/>\n<meta property=\"og:type\" content=\"article\" \/>\n<meta property=\"og:title\" content=\"\u00c9quipes sp\u00e9ciales du GDA\" \/>\n<meta property=\"og:url\" content=\"https:\/\/www.cltweb.org\/fr\/equipes-speciales-du-gda\/\" \/>\n<meta property=\"og:site_name\" content=\"International Center for Community Land Trusts\" \/>\n<meta property=\"article:publisher\" content=\"https:\/\/www.facebook.com\/cltcenter\" \/>\n<meta property=\"article:modified_time\" content=\"2026-02-27T18:35:19+00:00\" \/>\n<meta name=\"twitter:card\" content=\"summary_large_image\" \/>\n<meta name=\"twitter:site\" content=\"@Center4CLTs\" \/>\n<script type=\"application\/ld+json\" class=\"yoast-schema-graph\">{\"@context\":\"https:\\\/\\\/schema.org\",\"@graph\":[{\"@type\":\"WebPage\",\"@id\":\"https:\\\/\\\/www.cltweb.org\\\/fr\\\/equipes-speciales-du-gda\\\/\",\"url\":\"https:\\\/\\\/www.cltweb.org\\\/fr\\\/equipes-speciales-du-gda\\\/\",\"name\":\"\u00c9quipes sp\u00e9ciales du GDA - International Center for Community Land Trusts\",\"isPartOf\":{\"@id\":\"https:\\\/\\\/www.cltweb.org\\\/fr\\\/#website\"},\"datePublished\":\"2026-02-27T18:34:06+00:00\",\"dateModified\":\"2026-02-27T18:35:19+00:00\",\"breadcrumb\":{\"@id\":\"https:\\\/\\\/www.cltweb.org\\\/fr\\\/equipes-speciales-du-gda\\\/#breadcrumb\"},\"inLanguage\":\"fr-FR\",\"potentialAction\":[{\"@type\":\"ReadAction\",\"target\":[\"https:\\\/\\\/www.cltweb.org\\\/fr\\\/equipes-speciales-du-gda\\\/\"]}]},{\"@type\":\"BreadcrumbList\",\"@id\":\"https:\\\/\\\/www.cltweb.org\\\/fr\\\/equipes-speciales-du-gda\\\/#breadcrumb\",\"itemListElement\":[{\"@type\":\"ListItem\",\"position\":1,\"name\":\"Home\",\"item\":\"https:\\\/\\\/www.cltweb.org\\\/fr\\\/\"},{\"@type\":\"ListItem\",\"position\":2,\"name\":\"\u00c9quipes sp\u00e9ciales du GDA\"}]},{\"@type\":\"WebSite\",\"@id\":\"https:\\\/\\\/www.cltweb.org\\\/fr\\\/#website\",\"url\":\"https:\\\/\\\/www.cltweb.org\\\/fr\\\/\",\"name\":\"International Center for Community Land Trusts\",\"description\":\"\",\"publisher\":{\"@id\":\"https:\\\/\\\/www.cltweb.org\\\/fr\\\/#organization\"},\"potentialAction\":[{\"@type\":\"SearchAction\",\"target\":{\"@type\":\"EntryPoint\",\"urlTemplate\":\"https:\\\/\\\/www.cltweb.org\\\/fr\\\/?s={search_term_string}\"},\"query-input\":{\"@type\":\"PropertyValueSpecification\",\"valueRequired\":true,\"valueName\":\"search_term_string\"}}],\"inLanguage\":\"fr-FR\"},{\"@type\":\"Organization\",\"@id\":\"https:\\\/\\\/www.cltweb.org\\\/fr\\\/#organization\",\"name\":\"International Center for Community Land Trusts\",\"url\":\"https:\\\/\\\/www.cltweb.org\\\/fr\\\/\",\"logo\":{\"@type\":\"ImageObject\",\"inLanguage\":\"fr-FR\",\"@id\":\"https:\\\/\\\/www.cltweb.org\\\/fr\\\/#\\\/schema\\\/logo\\\/image\\\/\",\"url\":\"https:\\\/\\\/www.cltweb.org\\\/wp-content\\\/uploads\\\/2024\\\/11\\\/New-CLT-Center-Text-logo.png\",\"contentUrl\":\"https:\\\/\\\/www.cltweb.org\\\/wp-content\\\/uploads\\\/2024\\\/11\\\/New-CLT-Center-Text-logo.png\",\"width\":227,\"height\":80,\"caption\":\"International Center for Community Land Trusts\"},\"image\":{\"@id\":\"https:\\\/\\\/www.cltweb.org\\\/fr\\\/#\\\/schema\\\/logo\\\/image\\\/\"},\"sameAs\":[\"https:\\\/\\\/www.facebook.com\\\/cltcenter\",\"https:\\\/\\\/x.com\\\/Center4CLTs\",\"https:\\\/\\\/www.instagram.com\\\/cltcenter\\\/\",\"https:\\\/\\\/www.linkedin.com\\\/company\\\/cltcenter\",\"https:\\\/\\\/www.youtube.com\\\/@centerforcltinnovation5313\"],\"description\":\"The International Center for Community Land Trusts is a not-for-profit nongovernmental organization established in 2018 to promote and to support community land trusts and similar strategies of community-led development on community-owned land in countries throughout the world.\",\"email\":\"info@communitylandtrust.net\",\"legalName\":\"International Center for Community Land Trusts\",\"foundingDate\":\"2018-12-01\",\"taxID\":\"84-3858933\",\"numberOfEmployees\":{\"@type\":\"QuantitativeValue\",\"minValue\":\"1\",\"maxValue\":\"10\"}}]}<\/script>\n<!-- \/ Yoast SEO Premium plugin. -->","yoast_head_json":{"title":"\u00c9quipes sp\u00e9ciales du GDA - International Center for Community Land Trusts","robots":{"index":"index","follow":"follow","max-snippet":"max-snippet:-1","max-image-preview":"max-image-preview:large","max-video-preview":"max-video-preview:-1"},"canonical":"https:\/\/www.cltweb.org\/fr\/equipes-speciales-du-gda\/","og_locale":"fr_FR","og_type":"article","og_title":"\u00c9quipes sp\u00e9ciales du GDA","og_url":"https:\/\/www.cltweb.org\/fr\/equipes-speciales-du-gda\/","og_site_name":"International Center for Community Land Trusts","article_publisher":"https:\/\/www.facebook.com\/cltcenter","article_modified_time":"2026-02-27T18:35:19+00:00","twitter_card":"summary_large_image","twitter_site":"@Center4CLTs","schema":{"@context":"https:\/\/schema.org","@graph":[{"@type":"WebPage","@id":"https:\/\/www.cltweb.org\/fr\/equipes-speciales-du-gda\/","url":"https:\/\/www.cltweb.org\/fr\/equipes-speciales-du-gda\/","name":"\u00c9quipes sp\u00e9ciales du GDA - International Center for Community Land Trusts","isPartOf":{"@id":"https:\/\/www.cltweb.org\/fr\/#website"},"datePublished":"2026-02-27T18:34:06+00:00","dateModified":"2026-02-27T18:35:19+00:00","breadcrumb":{"@id":"https:\/\/www.cltweb.org\/fr\/equipes-speciales-du-gda\/#breadcrumb"},"inLanguage":"fr-FR","potentialAction":[{"@type":"ReadAction","target":["https:\/\/www.cltweb.org\/fr\/equipes-speciales-du-gda\/"]}]},{"@type":"BreadcrumbList","@id":"https:\/\/www.cltweb.org\/fr\/equipes-speciales-du-gda\/#breadcrumb","itemListElement":[{"@type":"ListItem","position":1,"name":"Home","item":"https:\/\/www.cltweb.org\/fr\/"},{"@type":"ListItem","position":2,"name":"\u00c9quipes sp\u00e9ciales du GDA"}]},{"@type":"WebSite","@id":"https:\/\/www.cltweb.org\/fr\/#website","url":"https:\/\/www.cltweb.org\/fr\/","name":"International Center for Community Land Trusts","description":"","publisher":{"@id":"https:\/\/www.cltweb.org\/fr\/#organization"},"potentialAction":[{"@type":"SearchAction","target":{"@type":"EntryPoint","urlTemplate":"https:\/\/www.cltweb.org\/fr\/?s={search_term_string}"},"query-input":{"@type":"PropertyValueSpecification","valueRequired":true,"valueName":"search_term_string"}}],"inLanguage":"fr-FR"},{"@type":"Organization","@id":"https:\/\/www.cltweb.org\/fr\/#organization","name":"International Center for Community Land Trusts","url":"https:\/\/www.cltweb.org\/fr\/","logo":{"@type":"ImageObject","inLanguage":"fr-FR","@id":"https:\/\/www.cltweb.org\/fr\/#\/schema\/logo\/image\/","url":"https:\/\/www.cltweb.org\/wp-content\/uploads\/2024\/11\/New-CLT-Center-Text-logo.png","contentUrl":"https:\/\/www.cltweb.org\/wp-content\/uploads\/2024\/11\/New-CLT-Center-Text-logo.png","width":227,"height":80,"caption":"International Center for Community Land Trusts"},"image":{"@id":"https:\/\/www.cltweb.org\/fr\/#\/schema\/logo\/image\/"},"sameAs":["https:\/\/www.facebook.com\/cltcenter","https:\/\/x.com\/Center4CLTs","https:\/\/www.instagram.com\/cltcenter\/","https:\/\/www.linkedin.com\/company\/cltcenter","https:\/\/www.youtube.com\/@centerforcltinnovation5313"],"description":"The International Center for Community Land Trusts is a not-for-profit nongovernmental organization established in 2018 to promote and to support community land trusts and similar strategies of community-led development on community-owned land in countries throughout the world.","email":"info@communitylandtrust.net","legalName":"International Center for Community Land Trusts","foundingDate":"2018-12-01","taxID":"84-3858933","numberOfEmployees":{"@type":"QuantitativeValue","minValue":"1","maxValue":"10"}}]}},"campaignId":"","taxonomy_info":[],"featured_image_src_large":false,"author_info":{"display_name":"cltredesign_0jp0l4","author_link":"https:\/\/www.cltweb.org\/fr\/author\/cltredesign_0jp0l4\/"},"comment_info":0,"jetpack_sharing_enabled":true,"jetpack-related-posts":[{"id":8709,"url":"https:\/\/www.cltweb.org\/fr\/bibliotheque-de-ressources\/agriculture\/concepts-cles\/travailler-en-equipe\/","url_meta":{"origin":11277,"position":0},"title":"Travailler en \u00e9quipe","author":"cltredesign_0jp0l4","date":"2 f\u00e9vrier 2025","format":false,"excerpt":"Les cultivateurs urbains qui cherchent \u00e0 acc\u00e9der \u00e0 des terres abordables se tournent souvent vers les fonctionnaires des villes et des comt\u00e9s pour obtenir de l'aide. Les fonctionnaires municipaux et les responsables des banques fonci\u00e8res peuvent aider \u00e0 identifier les terrains vacants qui pourraient \u00eatre disponibles pour l'agriculture. Les \u00e9valuateurs\u2026","rel":"","context":"Dans &quot;Agriculture&quot;","block_context":{"text":"Agriculture","link":"https:\/\/www.cltweb.org\/fr\/category\/agriculture-fr\/"},"img":{"alt_text":"","src":"","width":0,"height":0},"classes":[]},{"id":9449,"url":"https:\/\/www.cltweb.org\/fr\/a-propos-de-nous\/opportunites-de-carriere\/consultant-en-developpement\/","url_meta":{"origin":11277,"position":1},"title":"Consultant en d\u00e9veloppement","author":"cltredesign_0jp0l4","date":"19 mai 2025","format":false,"excerpt":"Nous recherchons un(e) consultant(e) en d\u00e9veloppement exp\u00e9riment\u00e9(e) pour nous aider \u00e0 mener \u00e0 bien nos efforts de collecte de fonds. Cette personne travaillera vingt (20) heures par semaine en \u00e9troite collaboration avec notre directeur ex\u00e9cutif, notre directeur de la communication, nos consultants de projet, ainsi qu'avec les membres du conseil\u2026","rel":"","context":"Dans &quot;Emplois&quot;","block_context":{"text":"Emplois","link":"https:\/\/www.cltweb.org\/fr\/category\/emplois\/"},"img":{"alt_text":"","src":"","width":0,"height":0},"classes":[]},{"id":866,"url":"https:\/\/www.cltweb.org\/fr\/a-propos-de-nous\/conseil-dadministration\/","url_meta":{"origin":11277,"position":2},"title":"Conseil d&#8217;administration et personnel","author":"cltredesign_0jp0l4","date":"26 juillet 2024","format":false,"excerpt":"L'\u00e9quipe qui dirige les travaux du Centre CLT.","rel":"","context":"Dans &quot;A propos de nous&quot;","block_context":{"text":"A propos de nous","link":"https:\/\/www.cltweb.org\/fr\/category\/a-propos-de-nous\/"},"img":{"alt_text":"","src":"","width":0,"height":0},"classes":[]},{"id":3815,"url":"https:\/\/www.cltweb.org\/fr\/bibliotheque-de-ressources\/sud-mondial\/porto-rico\/","url_meta":{"origin":11277,"position":3},"title":"Porto Rico","author":"cltredesign_0jp0l4","date":"19 octobre 2024","format":false,"excerpt":"Comit\u00e9 de la Terre du Ca\u00f1o Mart\u00edn Pe\u00f1aLe Ca\u00f1o Mart\u00edn Pe\u00f1a Land Trust de San Juan, \u00e0 Porto Rico, a pilot\u00e9 une approche des fiducies fonci\u00e8res communautaires dans les communaut\u00e9s informelles qui inspire des efforts dans l'ensemble des pays du Sud. INTRODUCCI\u00d3N : El Fideicomiso de la Tierra del Ca\u00f1o\u2026","rel":"","context":"Dans &quot;Sud mondial&quot;","block_context":{"text":"Sud mondial","link":"https:\/\/www.cltweb.org\/fr\/category\/sud-mondial\/"},"img":{"alt_text":"Logo for the Cano Mart\u00edn Pe\u00f1a CLT","src":"https:\/\/i0.wp.com\/www.cltweb.org\/wp-content\/uploads\/2024\/10\/cano-martin-pena-clt-logo.png?resize=350%2C200&ssl=1","width":350,"height":200,"srcset":"https:\/\/i0.wp.com\/www.cltweb.org\/wp-content\/uploads\/2024\/10\/cano-martin-pena-clt-logo.png?resize=350%2C200&ssl=1 1x, https:\/\/i0.wp.com\/www.cltweb.org\/wp-content\/uploads\/2024\/10\/cano-martin-pena-clt-logo.png?resize=525%2C300&ssl=1 1.5x, https:\/\/i0.wp.com\/www.cltweb.org\/wp-content\/uploads\/2024\/10\/cano-martin-pena-clt-logo.png?resize=700%2C400&ssl=1 2x, https:\/\/i0.wp.com\/www.cltweb.org\/wp-content\/uploads\/2024\/10\/cano-martin-pena-clt-logo.png?resize=1050%2C600&ssl=1 3x"},"classes":[]},{"id":8696,"url":"https:\/\/www.cltweb.org\/fr\/bibliotheque-de-ressources\/agriculture\/concepts-cles\/fiscalite-fonciere\/","url_meta":{"origin":11277,"position":4},"title":"Fiscalit\u00e9 fonci\u00e8re","author":"cltredesign_0jp0l4","date":"2 f\u00e9vrier 2025","format":false,"excerpt":"Du point de vue de l'agriculteur et du propri\u00e9taire foncier, il est toujours pr\u00e9f\u00e9rable de r\u00e9duire ou d'\u00e9liminer les imp\u00f4ts fonciers afin de prot\u00e9ger l'accessibilit\u00e9 des terres agricoles urbaines. Bien s\u00fbr, l'autorit\u00e9 fiscale peut avoir un point de vue diff\u00e9rent, mais il existe des moyens de structurer la propri\u00e9t\u00e9 fonci\u00e8re\u2026","rel":"","context":"Dans &quot;Agriculture&quot;","block_context":{"text":"Agriculture","link":"https:\/\/www.cltweb.org\/fr\/category\/agriculture-fr\/"},"img":{"alt_text":"","src":"","width":0,"height":0},"classes":[]},{"id":787,"url":"https:\/\/www.cltweb.org\/fr\/nouvelles-et-evenements\/clt-dans-lactualite\/","url_meta":{"origin":11277,"position":5},"title":"Les CLT dans l&#8217;actualit\u00e9","author":"cltredesign_0jp0l4","date":"26 juillet 2024","format":false,"excerpt":"Articles d'actualit\u00e9 sur les CLT dans le monde entier.","rel":"","context":"Dans &quot;Nouvelles et \u00e9v\u00e9nements&quot;","block_context":{"text":"Nouvelles et \u00e9v\u00e9nements","link":"https:\/\/www.cltweb.org\/fr\/category\/nouvelles-et-evenements\/"},"img":{"alt_text":"","src":"","width":0,"height":0},"classes":[]}],"_links":{"self":[{"href":"https:\/\/www.cltweb.org\/fr\/wp-json\/wp\/v2\/pages\/11277","targetHints":{"allow":["GET"]}}],"collection":[{"href":"https:\/\/www.cltweb.org\/fr\/wp-json\/wp\/v2\/pages"}],"about":[{"href":"https:\/\/www.cltweb.org\/fr\/wp-json\/wp\/v2\/types\/page"}],"author":[{"embeddable":true,"href":"https:\/\/www.cltweb.org\/fr\/wp-json\/wp\/v2\/users\/1"}],"replies":[{"embeddable":true,"href":"https:\/\/www.cltweb.org\/fr\/wp-json\/wp\/v2\/comments?post=11277"}],"version-history":[{"count":1,"href":"https:\/\/www.cltweb.org\/fr\/wp-json\/wp\/v2\/pages\/11277\/revisions"}],"predecessor-version":[{"id":11278,"href":"https:\/\/www.cltweb.org\/fr\/wp-json\/wp\/v2\/pages\/11277\/revisions\/11278"}],"wp:attachment":[{"href":"https:\/\/www.cltweb.org\/fr\/wp-json\/wp\/v2\/media?parent=11277"}],"wp:term":[{"taxonomy":"category","embeddable":true,"href":"https:\/\/www.cltweb.org\/fr\/wp-json\/wp\/v2\/categories?post=11277"},{"taxonomy":"post_tag","embeddable":true,"href":"https:\/\/www.cltweb.org\/fr\/wp-json\/wp\/v2\/tags?post=11277"}],"curies":[{"name":"wp","href":"https:\/\/api.w.org\/{rel}","templated":true}]}}