{"id":1241,"date":"2024-07-29T21:11:16","date_gmt":"2024-07-29T21:11:16","guid":{"rendered":"https:\/\/www.cltweb.org\/australie\/"},"modified":"2024-09-11T17:17:52","modified_gmt":"2024-09-11T17:17:52","slug":"australie","status":"publish","type":"page","link":"https:\/\/www.cltweb.org\/fr\/pays-avec-clt\/australie\/","title":{"rendered":"Australie"},"content":{"rendered":"\n<iframe loading=\"lazy\" class=\"airtable-embed\" src=\"https:\/\/airtable.com\/embed\/appPEJlYm7x6FueT6\/shrX0OhLeJBtQ53QJ?layout=card&#038;viewControls=on\" frameborder=\"0\" onmousewheel=\"\" width=\"100%\" height=\"533\" style=\"background: transparent; border: 1px solid #ccc;\"><\/iframe>\n","protected":false},"excerpt":{"rendered":"","protected":false},"author":1,"featured_media":0,"parent":1815,"menu_order":1,"comment_status":"closed","ping_status":"closed","template":"","meta":{"give_campaign_id":0,"_tec_requires_first_save":true,"_kad_blocks_custom_css":"","_kad_blocks_head_custom_js":"","_kad_blocks_body_custom_js":"","_kad_blocks_footer_custom_js":"","_EventAllDay":false,"_EventTimezone":"","_EventStartDate":"","_EventEndDate":"","_EventStartDateUTC":"","_EventEndDateUTC":"","_EventShowMap":false,"_EventShowMapLink":false,"_EventURL":"","_EventCost":"","_EventCostDescription":"","_EventCurrencySymbol":"","_EventCurrencyCode":"","_EventCurrencyPosition":"","_EventDateTimeSeparator":"","_EventTimeRangeSeparator":"","_EventOrganizerID":[],"_EventVenueID":[],"_OrganizerEmail":"","_OrganizerPhone":"","_OrganizerWebsite":"","_VenueAddress":"","_VenueCity":"","_VenueCountry":"","_VenueProvince":"","_VenueState":"","_VenueZip":"","_VenuePhone":"","_VenueURL":"","_VenueStateProvince":"","_VenueLat":"","_VenueLng":"","_VenueShowMap":false,"_VenueShowMapLink":false,"_tribe_blocks_recurrence_rules":"","_tribe_blocks_recurrence_description":"","_tribe_blocks_recurrence_exclusions":"","footnotes":""},"categories":[104],"tags":[],"class_list":["post-1241","page","type-page","status-publish","hentry","category-pays"],"blocksy_meta":[],"yoast_head":"<!-- This site is optimized with the Yoast SEO Premium plugin v27.5 (Yoast SEO v27.5) - https:\/\/yoast.com\/product\/yoast-seo-premium-wordpress\/ -->\n<title>Australie - International Center for Community Land Trusts<\/title>\n<meta name=\"robots\" content=\"index, follow, max-snippet:-1, max-image-preview:large, max-video-preview:-1\" \/>\n<link rel=\"canonical\" href=\"https:\/\/www.cltweb.org\/fr\/pays-avec-clt\/australie\/\" \/>\n<meta property=\"og:locale\" content=\"fr_FR\" \/>\n<meta property=\"og:type\" content=\"article\" \/>\n<meta property=\"og:title\" content=\"Australie\" \/>\n<meta property=\"og:url\" content=\"https:\/\/www.cltweb.org\/fr\/pays-avec-clt\/australie\/\" \/>\n<meta property=\"og:site_name\" content=\"International Center for Community Land Trusts\" \/>\n<meta property=\"article:publisher\" content=\"https:\/\/www.facebook.com\/cltcenter\" \/>\n<meta property=\"article:modified_time\" content=\"2024-09-11T17:17:52+00:00\" \/>\n<meta name=\"twitter:card\" content=\"summary_large_image\" \/>\n<meta name=\"twitter:site\" content=\"@Center4CLTs\" \/>\n<script type=\"application\/ld+json\" class=\"yoast-schema-graph\">{\"@context\":\"https:\\\/\\\/schema.org\",\"@graph\":[{\"@type\":\"WebPage\",\"@id\":\"https:\\\/\\\/www.cltweb.org\\\/fr\\\/pays-avec-clt\\\/australie\\\/\",\"url\":\"https:\\\/\\\/www.cltweb.org\\\/fr\\\/pays-avec-clt\\\/australie\\\/\",\"name\":\"Australie - International Center for Community Land Trusts\",\"isPartOf\":{\"@id\":\"https:\\\/\\\/www.cltweb.org\\\/fr\\\/#website\"},\"datePublished\":\"2024-07-29T21:11:16+00:00\",\"dateModified\":\"2024-09-11T17:17:52+00:00\",\"breadcrumb\":{\"@id\":\"https:\\\/\\\/www.cltweb.org\\\/fr\\\/pays-avec-clt\\\/australie\\\/#breadcrumb\"},\"inLanguage\":\"fr-FR\",\"potentialAction\":[{\"@type\":\"ReadAction\",\"target\":[\"https:\\\/\\\/www.cltweb.org\\\/fr\\\/pays-avec-clt\\\/australie\\\/\"]}]},{\"@type\":\"BreadcrumbList\",\"@id\":\"https:\\\/\\\/www.cltweb.org\\\/fr\\\/pays-avec-clt\\\/australie\\\/#breadcrumb\",\"itemListElement\":[{\"@type\":\"ListItem\",\"position\":1,\"name\":\"Home\",\"item\":\"https:\\\/\\\/www.cltweb.org\\\/fr\\\/\"},{\"@type\":\"ListItem\",\"position\":2,\"name\":\"Pays avec CLT\",\"item\":\"https:\\\/\\\/www.cltweb.org\\\/fr\\\/countries\\\/\"},{\"@type\":\"ListItem\",\"position\":3,\"name\":\"Australie\"}]},{\"@type\":\"WebSite\",\"@id\":\"https:\\\/\\\/www.cltweb.org\\\/fr\\\/#website\",\"url\":\"https:\\\/\\\/www.cltweb.org\\\/fr\\\/\",\"name\":\"International Center for Community Land Trusts\",\"description\":\"\",\"publisher\":{\"@id\":\"https:\\\/\\\/www.cltweb.org\\\/fr\\\/#organization\"},\"potentialAction\":[{\"@type\":\"SearchAction\",\"target\":{\"@type\":\"EntryPoint\",\"urlTemplate\":\"https:\\\/\\\/www.cltweb.org\\\/fr\\\/?s={search_term_string}\"},\"query-input\":{\"@type\":\"PropertyValueSpecification\",\"valueRequired\":true,\"valueName\":\"search_term_string\"}}],\"inLanguage\":\"fr-FR\"},{\"@type\":\"Organization\",\"@id\":\"https:\\\/\\\/www.cltweb.org\\\/fr\\\/#organization\",\"name\":\"International Center for Community Land Trusts\",\"url\":\"https:\\\/\\\/www.cltweb.org\\\/fr\\\/\",\"logo\":{\"@type\":\"ImageObject\",\"inLanguage\":\"fr-FR\",\"@id\":\"https:\\\/\\\/www.cltweb.org\\\/fr\\\/#\\\/schema\\\/logo\\\/image\\\/\",\"url\":\"https:\\\/\\\/www.cltweb.org\\\/wp-content\\\/uploads\\\/2024\\\/11\\\/New-CLT-Center-Text-logo.png\",\"contentUrl\":\"https:\\\/\\\/www.cltweb.org\\\/wp-content\\\/uploads\\\/2024\\\/11\\\/New-CLT-Center-Text-logo.png\",\"width\":227,\"height\":80,\"caption\":\"International Center for Community Land Trusts\"},\"image\":{\"@id\":\"https:\\\/\\\/www.cltweb.org\\\/fr\\\/#\\\/schema\\\/logo\\\/image\\\/\"},\"sameAs\":[\"https:\\\/\\\/www.facebook.com\\\/cltcenter\",\"https:\\\/\\\/x.com\\\/Center4CLTs\",\"https:\\\/\\\/www.instagram.com\\\/cltcenter\\\/\",\"https:\\\/\\\/www.linkedin.com\\\/company\\\/cltcenter\",\"https:\\\/\\\/www.youtube.com\\\/@centerforcltinnovation5313\"],\"description\":\"The International Center for Community Land Trusts is a not-for-profit nongovernmental organization established in 2018 to promote and to support community land trusts and similar strategies of community-led development on community-owned land in countries throughout the world.\",\"email\":\"info@communitylandtrust.net\",\"legalName\":\"International Center for Community Land Trusts\",\"foundingDate\":\"2018-12-01\",\"taxID\":\"84-3858933\",\"numberOfEmployees\":{\"@type\":\"QuantitativeValue\",\"minValue\":\"1\",\"maxValue\":\"10\"}}]}<\/script>\n<!-- \/ Yoast SEO Premium plugin. -->","yoast_head_json":{"title":"Australie - International Center for Community Land Trusts","robots":{"index":"index","follow":"follow","max-snippet":"max-snippet:-1","max-image-preview":"max-image-preview:large","max-video-preview":"max-video-preview:-1"},"canonical":"https:\/\/www.cltweb.org\/fr\/pays-avec-clt\/australie\/","og_locale":"fr_FR","og_type":"article","og_title":"Australie","og_url":"https:\/\/www.cltweb.org\/fr\/pays-avec-clt\/australie\/","og_site_name":"International Center for Community Land Trusts","article_publisher":"https:\/\/www.facebook.com\/cltcenter","article_modified_time":"2024-09-11T17:17:52+00:00","twitter_card":"summary_large_image","twitter_site":"@Center4CLTs","schema":{"@context":"https:\/\/schema.org","@graph":[{"@type":"WebPage","@id":"https:\/\/www.cltweb.org\/fr\/pays-avec-clt\/australie\/","url":"https:\/\/www.cltweb.org\/fr\/pays-avec-clt\/australie\/","name":"Australie - International Center for Community Land Trusts","isPartOf":{"@id":"https:\/\/www.cltweb.org\/fr\/#website"},"datePublished":"2024-07-29T21:11:16+00:00","dateModified":"2024-09-11T17:17:52+00:00","breadcrumb":{"@id":"https:\/\/www.cltweb.org\/fr\/pays-avec-clt\/australie\/#breadcrumb"},"inLanguage":"fr-FR","potentialAction":[{"@type":"ReadAction","target":["https:\/\/www.cltweb.org\/fr\/pays-avec-clt\/australie\/"]}]},{"@type":"BreadcrumbList","@id":"https:\/\/www.cltweb.org\/fr\/pays-avec-clt\/australie\/#breadcrumb","itemListElement":[{"@type":"ListItem","position":1,"name":"Home","item":"https:\/\/www.cltweb.org\/fr\/"},{"@type":"ListItem","position":2,"name":"Pays avec CLT","item":"https:\/\/www.cltweb.org\/fr\/countries\/"},{"@type":"ListItem","position":3,"name":"Australie"}]},{"@type":"WebSite","@id":"https:\/\/www.cltweb.org\/fr\/#website","url":"https:\/\/www.cltweb.org\/fr\/","name":"International Center for Community Land Trusts","description":"","publisher":{"@id":"https:\/\/www.cltweb.org\/fr\/#organization"},"potentialAction":[{"@type":"SearchAction","target":{"@type":"EntryPoint","urlTemplate":"https:\/\/www.cltweb.org\/fr\/?s={search_term_string}"},"query-input":{"@type":"PropertyValueSpecification","valueRequired":true,"valueName":"search_term_string"}}],"inLanguage":"fr-FR"},{"@type":"Organization","@id":"https:\/\/www.cltweb.org\/fr\/#organization","name":"International Center for Community Land Trusts","url":"https:\/\/www.cltweb.org\/fr\/","logo":{"@type":"ImageObject","inLanguage":"fr-FR","@id":"https:\/\/www.cltweb.org\/fr\/#\/schema\/logo\/image\/","url":"https:\/\/www.cltweb.org\/wp-content\/uploads\/2024\/11\/New-CLT-Center-Text-logo.png","contentUrl":"https:\/\/www.cltweb.org\/wp-content\/uploads\/2024\/11\/New-CLT-Center-Text-logo.png","width":227,"height":80,"caption":"International Center for Community Land Trusts"},"image":{"@id":"https:\/\/www.cltweb.org\/fr\/#\/schema\/logo\/image\/"},"sameAs":["https:\/\/www.facebook.com\/cltcenter","https:\/\/x.com\/Center4CLTs","https:\/\/www.instagram.com\/cltcenter\/","https:\/\/www.linkedin.com\/company\/cltcenter","https:\/\/www.youtube.com\/@centerforcltinnovation5313"],"description":"The International Center for Community Land Trusts is a not-for-profit nongovernmental organization established in 2018 to promote and to support community land trusts and similar strategies of community-led development on community-owned land in countries throughout the world.","email":"info@communitylandtrust.net","legalName":"International Center for Community Land Trusts","foundingDate":"2018-12-01","taxID":"84-3858933","numberOfEmployees":{"@type":"QuantitativeValue","minValue":"1","maxValue":"10"}}]}},"campaignId":"","taxonomy_info":{"category":[{"value":104,"label":"Pays"}]},"featured_image_src_large":false,"author_info":{"display_name":"cltredesign_0jp0l4","author_link":"https:\/\/www.cltweb.org\/fr\/author\/cltredesign_0jp0l4\/"},"comment_info":0,"jetpack_sharing_enabled":true,"jetpack-related-posts":[{"id":1243,"url":"https:\/\/www.cltweb.org\/nl\/landen-met-clts\/australie\/","url_meta":{"origin":1241,"position":0},"title":"Australi\u00eb","author":"cltredesign_0jp0l4","date":"29 juillet 2024","format":false,"excerpt":"","rel":"","context":"Dans &quot;Landen&quot;","block_context":{"text":"Landen","link":"https:\/\/www.cltweb.org\/nl\/category\/landen\/"},"img":{"alt_text":"","src":"","width":0,"height":0},"classes":[]},{"id":1843,"url":"https:\/\/www.cltweb.org\/nl\/bibliotheek-met-bronnen\/handleidingen-en-gidsen\/australisch-clt-handboek\/","url_meta":{"origin":1241,"position":1},"title":"Australi\u00eb","author":"cltredesign_0jp0l4","date":"7 septembre 2024","format":false,"excerpt":"Australisch CLT-handboek Door Louise Crabtree, Hazel Blunden, Peter Phibbs, Carolyn Sappideen, Derek Mortimer, Avril Shahib-Smith, Lisa Chung Deze handleiding werd gefinancierd door het West-Australische ministerie van Huisvesting, de stad Port Phillip, de stad Sydney, het Inner Melbourne Action Plan, St Kilda Community Housing Ltd en Mount Alexander Community Land Ltd.\u2026","rel":"","context":"Dans &quot;Handleidingen&quot;","block_context":{"text":"Handleidingen","link":"https:\/\/www.cltweb.org\/nl\/category\/handleidingen\/"},"img":{"alt_text":"","src":"","width":0,"height":0},"classes":[]},{"id":1839,"url":"https:\/\/www.cltweb.org\/fr\/bibliotheque-de-ressources\/manuels-et-guides\/manuel-australien-du-clt\/","url_meta":{"origin":1241,"position":2},"title":"Australie","author":"cltredesign_0jp0l4","date":"7 septembre 2024","format":false,"excerpt":"Manuel australien du CLT Par Louise Crabtree, Hazel Blunden, Peter Phibbs, Carolyn Sappideen, Derek Mortimer, Avril Shahib-Smith, Lisa Chung Ce manuel a \u00e9t\u00e9 financ\u00e9 par le minist\u00e8re du logement d'Australie occidentale, la ville de Port Phillip, la ville de Sydney, le plan d'action de l'int\u00e9rieur de Melbourne, St Kilda Community\u2026","rel":"","context":"Dans &quot;Manuels&quot;","block_context":{"text":"Manuels","link":"https:\/\/www.cltweb.org\/fr\/category\/manuels\/"},"img":{"alt_text":"","src":"","width":0,"height":0},"classes":[]},{"id":1507,"url":"https:\/\/www.cltweb.org\/nl\/bibliotheek-met-bronnen\/clt-netwerken\/","url_meta":{"origin":1241,"position":3},"title":"CLT-netwerken","author":"cltredesign_0jp0l4","date":"26 juillet 2024","format":false,"excerpt":"Australi\u00eb Community Land Trust-netwerk australiancltnetwork.org.au Onze doelen zijn om de vestiging van CLT's als een levensvatbaar en veilig huisvestingsmodel in heel Australi\u00eb te ondersteunen door: Een clearinghouse van informatie zijn dat informatie vrij beschikbaar maakt. Kennis, middelen en knowhow delen door collectief leren te ondersteunen. Community land trusts promoten als\u2026","rel":"","context":"Dans &quot;Bibliotheek met bronnen&quot;","block_context":{"text":"Bibliotheek met bronnen","link":"https:\/\/www.cltweb.org\/nl\/category\/bibliotheek-met-bronnen\/"},"img":{"alt_text":"","src":"","width":0,"height":0},"classes":[]},{"id":1509,"url":"https:\/\/www.cltweb.org\/fr\/bibliotheque-de-ressources\/reseaux-clt\/","url_meta":{"origin":1241,"position":4},"title":"R\u00e9seaux CLT","author":"cltredesign_0jp0l4","date":"26 juillet 2024","format":false,"excerpt":"R\u00e9seau australien des fonds fonciers communautaires (Community Land Trust Network) australiancltnetwork.org.au Nos objectifs sont de soutenir l'\u00e9tablissement des CLT en tant que mod\u00e8le de logement viable et s\u00fbr dans toute l'Australie : \u00catre un centre d'\u00e9change d'informations qui met l'information \u00e0 disposition gratuitement. Partager les connaissances, les ressources et le\u2026","rel":"","context":"Dans &quot;Biblioth\u00e8que de ressources&quot;","block_context":{"text":"Biblioth\u00e8que de ressources","link":"https:\/\/www.cltweb.org\/fr\/category\/bibliotheque-de-ressources\/"},"img":{"alt_text":"","src":"","width":0,"height":0},"classes":[]},{"id":1977,"url":"https:\/\/www.cltweb.org\/nl\/bibliotheek-met-bronnen\/wereldwijde-clt-kaart\/","url_meta":{"origin":1241,"position":5},"title":"CLT-kaart en -gids","author":"cltredesign_0jp0l4","date":"26 juillet 2024","format":false,"excerpt":"Over de Global Map + Directory Deze globale kaart + repertorium pretendeert niet volledig te zijn. In sommige gevallen zijn er organisaties die zichzelf beschrijven als een CLT en die belangrijke kenmerken van een CLT vertonen die we misschien per ongeluk over het hoofd hebben gezien. Dat komt omdat er\u2026","rel":"","context":"Dans &quot;Bibliotheek met bronnen&quot;","block_context":{"text":"Bibliotheek met bronnen","link":"https:\/\/www.cltweb.org\/nl\/category\/bibliotheek-met-bronnen\/"},"img":{"alt_text":"","src":"","width":0,"height":0},"classes":[]}],"_links":{"self":[{"href":"https:\/\/www.cltweb.org\/fr\/wp-json\/wp\/v2\/pages\/1241","targetHints":{"allow":["GET"]}}],"collection":[{"href":"https:\/\/www.cltweb.org\/fr\/wp-json\/wp\/v2\/pages"}],"about":[{"href":"https:\/\/www.cltweb.org\/fr\/wp-json\/wp\/v2\/types\/page"}],"author":[{"embeddable":true,"href":"https:\/\/www.cltweb.org\/fr\/wp-json\/wp\/v2\/users\/1"}],"replies":[{"embeddable":true,"href":"https:\/\/www.cltweb.org\/fr\/wp-json\/wp\/v2\/comments?post=1241"}],"version-history":[{"count":1,"href":"https:\/\/www.cltweb.org\/fr\/wp-json\/wp\/v2\/pages\/1241\/revisions"}],"predecessor-version":[{"id":1242,"href":"https:\/\/www.cltweb.org\/fr\/wp-json\/wp\/v2\/pages\/1241\/revisions\/1242"}],"up":[{"embeddable":true,"href":"https:\/\/www.cltweb.org\/fr\/wp-json\/wp\/v2\/pages\/1815"}],"wp:attachment":[{"href":"https:\/\/www.cltweb.org\/fr\/wp-json\/wp\/v2\/media?parent=1241"}],"wp:term":[{"taxonomy":"category","embeddable":true,"href":"https:\/\/www.cltweb.org\/fr\/wp-json\/wp\/v2\/categories?post=1241"},{"taxonomy":"post_tag","embeddable":true,"href":"https:\/\/www.cltweb.org\/fr\/wp-json\/wp\/v2\/tags?post=1241"}],"curies":[{"name":"wp","href":"https:\/\/api.w.org\/{rel}","templated":true}]}}