{"id":1546,"date":"2024-08-12T19:00:17","date_gmt":"2024-08-12T19:00:17","guid":{"rendered":"https:\/\/www.cltweb.org\/ce-que-font-les-clt\/logement\/condominiums\/"},"modified":"2024-08-12T19:00:17","modified_gmt":"2024-08-12T19:00:17","slug":"condominiums","status":"publish","type":"page","link":"https:\/\/www.cltweb.org\/fr\/ce-que-font-les-clt\/logement\/condominiums\/","title":{"rendered":"Condominiums"},"content":{"rendered":"","protected":false},"excerpt":{"rendered":"","protected":false},"author":1,"featured_media":0,"parent":809,"menu_order":0,"comment_status":"closed","ping_status":"closed","template":"","meta":{"give_campaign_id":0,"_tec_requires_first_save":true,"_kad_blocks_custom_css":"","_kad_blocks_head_custom_js":"","_kad_blocks_body_custom_js":"","_kad_blocks_footer_custom_js":"","_EventAllDay":false,"_EventTimezone":"","_EventStartDate":"","_EventEndDate":"","_EventStartDateUTC":"","_EventEndDateUTC":"","_EventShowMap":false,"_EventShowMapLink":false,"_EventURL":"","_EventCost":"","_EventCostDescription":"","_EventCurrencySymbol":"","_EventCurrencyCode":"","_EventCurrencyPosition":"","_EventDateTimeSeparator":"","_EventTimeRangeSeparator":"","_EventOrganizerID":[],"_EventVenueID":[],"_OrganizerEmail":"","_OrganizerPhone":"","_OrganizerWebsite":"","_VenueAddress":"","_VenueCity":"","_VenueCountry":"","_VenueProvince":"","_VenueState":"","_VenueZip":"","_VenuePhone":"","_VenueURL":"","_VenueStateProvince":"","_VenueLat":"","_VenueLng":"","_VenueShowMap":false,"_VenueShowMapLink":false,"_tribe_blocks_recurrence_rules":"","_tribe_blocks_recurrence_description":"","_tribe_blocks_recurrence_exclusions":"","footnotes":""},"categories":[114],"tags":[],"class_list":["post-1546","page","type-page","status-publish","hentry","category-logement"],"blocksy_meta":[],"yoast_head":"<!-- This site is optimized with the Yoast SEO Premium plugin v27.5 (Yoast SEO v27.5) - https:\/\/yoast.com\/product\/yoast-seo-premium-wordpress\/ -->\n<title>Condominiums - International Center for Community Land Trusts<\/title>\n<meta name=\"robots\" content=\"index, follow, max-snippet:-1, max-image-preview:large, max-video-preview:-1\" \/>\n<link rel=\"canonical\" href=\"https:\/\/www.cltweb.org\/fr\/ce-que-font-les-clt\/logement\/condominiums\/\" \/>\n<meta property=\"og:locale\" content=\"fr_FR\" \/>\n<meta property=\"og:type\" content=\"article\" \/>\n<meta property=\"og:title\" content=\"Condominiums\" \/>\n<meta property=\"og:url\" content=\"https:\/\/www.cltweb.org\/fr\/ce-que-font-les-clt\/logement\/condominiums\/\" \/>\n<meta property=\"og:site_name\" content=\"International Center for Community Land Trusts\" \/>\n<meta property=\"article:publisher\" content=\"https:\/\/www.facebook.com\/cltcenter\" \/>\n<meta name=\"twitter:card\" content=\"summary_large_image\" \/>\n<meta name=\"twitter:site\" content=\"@Center4CLTs\" \/>\n<script type=\"application\/ld+json\" class=\"yoast-schema-graph\">{\"@context\":\"https:\\\/\\\/schema.org\",\"@graph\":[{\"@type\":\"WebPage\",\"@id\":\"https:\\\/\\\/www.cltweb.org\\\/fr\\\/ce-que-font-les-clt\\\/logement\\\/condominiums\\\/\",\"url\":\"https:\\\/\\\/www.cltweb.org\\\/fr\\\/ce-que-font-les-clt\\\/logement\\\/condominiums\\\/\",\"name\":\"Condominiums - International Center for Community Land Trusts\",\"isPartOf\":{\"@id\":\"https:\\\/\\\/www.cltweb.org\\\/fr\\\/#website\"},\"datePublished\":\"2024-08-12T19:00:17+00:00\",\"breadcrumb\":{\"@id\":\"https:\\\/\\\/www.cltweb.org\\\/fr\\\/ce-que-font-les-clt\\\/logement\\\/condominiums\\\/#breadcrumb\"},\"inLanguage\":\"fr-FR\",\"potentialAction\":[{\"@type\":\"ReadAction\",\"target\":[\"https:\\\/\\\/www.cltweb.org\\\/fr\\\/ce-que-font-les-clt\\\/logement\\\/condominiums\\\/\"]}]},{\"@type\":\"BreadcrumbList\",\"@id\":\"https:\\\/\\\/www.cltweb.org\\\/fr\\\/ce-que-font-les-clt\\\/logement\\\/condominiums\\\/#breadcrumb\",\"itemListElement\":[{\"@type\":\"ListItem\",\"position\":1,\"name\":\"Home\",\"item\":\"https:\\\/\\\/www.cltweb.org\\\/fr\\\/\"},{\"@type\":\"ListItem\",\"position\":2,\"name\":\"Ce que font les CLT\",\"item\":\"https:\\\/\\\/www.cltweb.org\\\/fr\\\/what-clts-do\\\/\"},{\"@type\":\"ListItem\",\"position\":3,\"name\":\"Logement\",\"item\":\"https:\\\/\\\/www.cltweb.org\\\/fr\\\/what-clts-do\\\/housing\\\/\"},{\"@type\":\"ListItem\",\"position\":4,\"name\":\"Condominiums\"}]},{\"@type\":\"WebSite\",\"@id\":\"https:\\\/\\\/www.cltweb.org\\\/fr\\\/#website\",\"url\":\"https:\\\/\\\/www.cltweb.org\\\/fr\\\/\",\"name\":\"International Center for Community Land Trusts\",\"description\":\"\",\"publisher\":{\"@id\":\"https:\\\/\\\/www.cltweb.org\\\/fr\\\/#organization\"},\"potentialAction\":[{\"@type\":\"SearchAction\",\"target\":{\"@type\":\"EntryPoint\",\"urlTemplate\":\"https:\\\/\\\/www.cltweb.org\\\/fr\\\/?s={search_term_string}\"},\"query-input\":{\"@type\":\"PropertyValueSpecification\",\"valueRequired\":true,\"valueName\":\"search_term_string\"}}],\"inLanguage\":\"fr-FR\"},{\"@type\":\"Organization\",\"@id\":\"https:\\\/\\\/www.cltweb.org\\\/fr\\\/#organization\",\"name\":\"International Center for Community Land Trusts\",\"url\":\"https:\\\/\\\/www.cltweb.org\\\/fr\\\/\",\"logo\":{\"@type\":\"ImageObject\",\"inLanguage\":\"fr-FR\",\"@id\":\"https:\\\/\\\/www.cltweb.org\\\/fr\\\/#\\\/schema\\\/logo\\\/image\\\/\",\"url\":\"https:\\\/\\\/www.cltweb.org\\\/wp-content\\\/uploads\\\/2024\\\/11\\\/New-CLT-Center-Text-logo.png\",\"contentUrl\":\"https:\\\/\\\/www.cltweb.org\\\/wp-content\\\/uploads\\\/2024\\\/11\\\/New-CLT-Center-Text-logo.png\",\"width\":227,\"height\":80,\"caption\":\"International Center for Community Land Trusts\"},\"image\":{\"@id\":\"https:\\\/\\\/www.cltweb.org\\\/fr\\\/#\\\/schema\\\/logo\\\/image\\\/\"},\"sameAs\":[\"https:\\\/\\\/www.facebook.com\\\/cltcenter\",\"https:\\\/\\\/x.com\\\/Center4CLTs\",\"https:\\\/\\\/www.instagram.com\\\/cltcenter\\\/\",\"https:\\\/\\\/www.linkedin.com\\\/company\\\/cltcenter\",\"https:\\\/\\\/www.youtube.com\\\/@centerforcltinnovation5313\"],\"description\":\"The International Center for Community Land Trusts is a not-for-profit nongovernmental organization established in 2018 to promote and to support community land trusts and similar strategies of community-led development on community-owned land in countries throughout the world.\",\"email\":\"info@communitylandtrust.net\",\"legalName\":\"International Center for Community Land Trusts\",\"foundingDate\":\"2018-12-01\",\"taxID\":\"84-3858933\",\"numberOfEmployees\":{\"@type\":\"QuantitativeValue\",\"minValue\":\"1\",\"maxValue\":\"10\"}}]}<\/script>\n<!-- \/ Yoast SEO Premium plugin. -->","yoast_head_json":{"title":"Condominiums - International Center for Community Land Trusts","robots":{"index":"index","follow":"follow","max-snippet":"max-snippet:-1","max-image-preview":"max-image-preview:large","max-video-preview":"max-video-preview:-1"},"canonical":"https:\/\/www.cltweb.org\/fr\/ce-que-font-les-clt\/logement\/condominiums\/","og_locale":"fr_FR","og_type":"article","og_title":"Condominiums","og_url":"https:\/\/www.cltweb.org\/fr\/ce-que-font-les-clt\/logement\/condominiums\/","og_site_name":"International Center for Community Land Trusts","article_publisher":"https:\/\/www.facebook.com\/cltcenter","twitter_card":"summary_large_image","twitter_site":"@Center4CLTs","schema":{"@context":"https:\/\/schema.org","@graph":[{"@type":"WebPage","@id":"https:\/\/www.cltweb.org\/fr\/ce-que-font-les-clt\/logement\/condominiums\/","url":"https:\/\/www.cltweb.org\/fr\/ce-que-font-les-clt\/logement\/condominiums\/","name":"Condominiums - International Center for Community Land Trusts","isPartOf":{"@id":"https:\/\/www.cltweb.org\/fr\/#website"},"datePublished":"2024-08-12T19:00:17+00:00","breadcrumb":{"@id":"https:\/\/www.cltweb.org\/fr\/ce-que-font-les-clt\/logement\/condominiums\/#breadcrumb"},"inLanguage":"fr-FR","potentialAction":[{"@type":"ReadAction","target":["https:\/\/www.cltweb.org\/fr\/ce-que-font-les-clt\/logement\/condominiums\/"]}]},{"@type":"BreadcrumbList","@id":"https:\/\/www.cltweb.org\/fr\/ce-que-font-les-clt\/logement\/condominiums\/#breadcrumb","itemListElement":[{"@type":"ListItem","position":1,"name":"Home","item":"https:\/\/www.cltweb.org\/fr\/"},{"@type":"ListItem","position":2,"name":"Ce que font les CLT","item":"https:\/\/www.cltweb.org\/fr\/what-clts-do\/"},{"@type":"ListItem","position":3,"name":"Logement","item":"https:\/\/www.cltweb.org\/fr\/what-clts-do\/housing\/"},{"@type":"ListItem","position":4,"name":"Condominiums"}]},{"@type":"WebSite","@id":"https:\/\/www.cltweb.org\/fr\/#website","url":"https:\/\/www.cltweb.org\/fr\/","name":"International Center for Community Land Trusts","description":"","publisher":{"@id":"https:\/\/www.cltweb.org\/fr\/#organization"},"potentialAction":[{"@type":"SearchAction","target":{"@type":"EntryPoint","urlTemplate":"https:\/\/www.cltweb.org\/fr\/?s={search_term_string}"},"query-input":{"@type":"PropertyValueSpecification","valueRequired":true,"valueName":"search_term_string"}}],"inLanguage":"fr-FR"},{"@type":"Organization","@id":"https:\/\/www.cltweb.org\/fr\/#organization","name":"International Center for Community Land Trusts","url":"https:\/\/www.cltweb.org\/fr\/","logo":{"@type":"ImageObject","inLanguage":"fr-FR","@id":"https:\/\/www.cltweb.org\/fr\/#\/schema\/logo\/image\/","url":"https:\/\/www.cltweb.org\/wp-content\/uploads\/2024\/11\/New-CLT-Center-Text-logo.png","contentUrl":"https:\/\/www.cltweb.org\/wp-content\/uploads\/2024\/11\/New-CLT-Center-Text-logo.png","width":227,"height":80,"caption":"International Center for Community Land Trusts"},"image":{"@id":"https:\/\/www.cltweb.org\/fr\/#\/schema\/logo\/image\/"},"sameAs":["https:\/\/www.facebook.com\/cltcenter","https:\/\/x.com\/Center4CLTs","https:\/\/www.instagram.com\/cltcenter\/","https:\/\/www.linkedin.com\/company\/cltcenter","https:\/\/www.youtube.com\/@centerforcltinnovation5313"],"description":"The International Center for Community Land Trusts is a not-for-profit nongovernmental organization established in 2018 to promote and to support community land trusts and similar strategies of community-led development on community-owned land in countries throughout the world.","email":"info@communitylandtrust.net","legalName":"International Center for Community Land Trusts","foundingDate":"2018-12-01","taxID":"84-3858933","numberOfEmployees":{"@type":"QuantitativeValue","minValue":"1","maxValue":"10"}}]}},"campaignId":"","taxonomy_info":{"category":[{"value":114,"label":"Logement"}]},"featured_image_src_large":false,"author_info":{"display_name":"cltredesign_0jp0l4","author_link":"https:\/\/www.cltweb.org\/fr\/author\/cltredesign_0jp0l4\/"},"comment_info":0,"jetpack_sharing_enabled":true,"jetpack-related-posts":[{"id":3998,"url":"https:\/\/www.cltweb.org\/fr\/bibliotheque-de-ressources\/etudes-de-cas-clt\/champlain-housing-trust\/","url_meta":{"origin":1546,"position":0},"title":"Champlain Housing Trust","author":"cltredesign_0jp0l4","date":"20 octobre 2024","format":false,"excerpt":"\u00c9tabli en 1984 (Burlington, Vermont) Profil \u00e9tabli par Brenda Torpy (2015) Le Champlain Housing Trust (CHT) est n\u00e9 dans une petite ville avec une grande id\u00e9e : en cr\u00e9ant un parc de logements abordables en permanence, tout le monde pourrait avoir acc\u00e8s \u00e0 un logement d\u00e9cent et abordable, quel que\u2026","rel":"","context":"Dans &quot;\u00c9tudes de cas&quot;","block_context":{"text":"\u00c9tudes de cas","link":"https:\/\/www.cltweb.org\/fr\/category\/etudes-de-cas\/"},"img":{"alt_text":"","src":"","width":0,"height":0},"classes":[]},{"id":1569,"url":"https:\/\/www.cltweb.org\/fr\/ce-que-font-les-clt\/logement\/cooperatives-de-logement\/","url_meta":{"origin":1546,"position":1},"title":"Coop\u00e9ratives de logement","author":"cltredesign_0jp0l4","date":"12 ao\u00fbt 2024","format":false,"excerpt":"","rel":"","context":"Dans &quot;Logement&quot;","block_context":{"text":"Logement","link":"https:\/\/www.cltweb.org\/fr\/category\/logement\/"},"img":{"alt_text":"","src":"","width":0,"height":0},"classes":[]},{"id":1551,"url":"https:\/\/www.cltweb.org\/fr\/ce-que-font-les-clt\/logement\/cohabitation\/","url_meta":{"origin":1546,"position":2},"title":"Cohabitation","author":"cltredesign_0jp0l4","date":"12 ao\u00fbt 2024","format":false,"excerpt":"","rel":"","context":"Dans &quot;Logement&quot;","block_context":{"text":"Logement","link":"https:\/\/www.cltweb.org\/fr\/category\/logement\/"},"img":{"alt_text":"","src":"","width":0,"height":0},"classes":[]},{"id":1559,"url":"https:\/\/www.cltweb.org\/fr\/ce-que-font-les-clt\/logement\/location\/","url_meta":{"origin":1546,"position":3},"title":"Location","author":"cltredesign_0jp0l4","date":"12 ao\u00fbt 2024","format":false,"excerpt":"","rel":"","context":"Dans &quot;Logement&quot;","block_context":{"text":"Logement","link":"https:\/\/www.cltweb.org\/fr\/category\/logement\/"},"img":{"alt_text":"","src":"","width":0,"height":0},"classes":[]},{"id":1558,"url":"https:\/\/www.cltweb.org\/fr\/ce-que-font-les-clt\/logement\/propriete-en-fief-simple\/","url_meta":{"origin":1546,"position":4},"title":"Propri\u00e9t\u00e9 en fief simple","author":"cltredesign_0jp0l4","date":"12 ao\u00fbt 2024","format":false,"excerpt":"","rel":"","context":"Dans &quot;Logement&quot;","block_context":{"text":"Logement","link":"https:\/\/www.cltweb.org\/fr\/category\/logement\/"},"img":{"alt_text":"","src":"","width":0,"height":0},"classes":[]},{"id":809,"url":"https:\/\/www.cltweb.org\/fr\/ce-que-font-les-clt\/logement\/","url_meta":{"origin":1546,"position":5},"title":"Logement","author":"cltredesign_0jp0l4","date":"26 juillet 2024","format":false,"excerpt":"Surligne Logement Utilisez cette section du paragraphe pour que les visiteurs de votre site Web vous connaissent. Parlez de vous ou de votre organisation, des produits ou services que vous proposez ou de votre raison d'\u00eatre. Gardez un style de communication coh\u00e9rent. Envisagez de l'utiliser si vous avez besoin d'expliquer\u2026","rel":"","context":"Dans &quot;Ce que font les CLT&quot;","block_context":{"text":"Ce que font les CLT","link":"https:\/\/www.cltweb.org\/fr\/category\/ce-que-font-les-clt\/"},"img":{"alt_text":"","src":"","width":0,"height":0},"classes":[]}],"_links":{"self":[{"href":"https:\/\/www.cltweb.org\/fr\/wp-json\/wp\/v2\/pages\/1546","targetHints":{"allow":["GET"]}}],"collection":[{"href":"https:\/\/www.cltweb.org\/fr\/wp-json\/wp\/v2\/pages"}],"about":[{"href":"https:\/\/www.cltweb.org\/fr\/wp-json\/wp\/v2\/types\/page"}],"author":[{"embeddable":true,"href":"https:\/\/www.cltweb.org\/fr\/wp-json\/wp\/v2\/users\/1"}],"replies":[{"embeddable":true,"href":"https:\/\/www.cltweb.org\/fr\/wp-json\/wp\/v2\/comments?post=1546"}],"version-history":[{"count":0,"href":"https:\/\/www.cltweb.org\/fr\/wp-json\/wp\/v2\/pages\/1546\/revisions"}],"up":[{"embeddable":true,"href":"https:\/\/www.cltweb.org\/fr\/wp-json\/wp\/v2\/pages\/809"}],"wp:attachment":[{"href":"https:\/\/www.cltweb.org\/fr\/wp-json\/wp\/v2\/media?parent=1546"}],"wp:term":[{"taxonomy":"category","embeddable":true,"href":"https:\/\/www.cltweb.org\/fr\/wp-json\/wp\/v2\/categories?post=1546"},{"taxonomy":"post_tag","embeddable":true,"href":"https:\/\/www.cltweb.org\/fr\/wp-json\/wp\/v2\/tags?post=1546"}],"curies":[{"name":"wp","href":"https:\/\/api.w.org\/{rel}","templated":true}]}}