{"id":1558,"date":"2024-08-12T18:59:07","date_gmt":"2024-08-12T18:59:07","guid":{"rendered":"https:\/\/www.cltweb.org\/ce-que-font-les-clt\/logement\/propriete-en-fief-simple\/"},"modified":"2024-08-12T18:59:07","modified_gmt":"2024-08-12T18:59:07","slug":"propriete-en-fief-simple","status":"publish","type":"page","link":"https:\/\/www.cltweb.org\/fr\/ce-que-font-les-clt\/logement\/propriete-en-fief-simple\/","title":{"rendered":"Propri\u00e9t\u00e9 en fief simple"},"content":{"rendered":"","protected":false},"excerpt":{"rendered":"","protected":false},"author":1,"featured_media":0,"parent":809,"menu_order":0,"comment_status":"closed","ping_status":"closed","template":"","meta":{"give_campaign_id":0,"_tec_requires_first_save":true,"_kad_blocks_custom_css":"","_kad_blocks_head_custom_js":"","_kad_blocks_body_custom_js":"","_kad_blocks_footer_custom_js":"","_EventAllDay":false,"_EventTimezone":"","_EventStartDate":"","_EventEndDate":"","_EventStartDateUTC":"","_EventEndDateUTC":"","_EventShowMap":false,"_EventShowMapLink":false,"_EventURL":"","_EventCost":"","_EventCostDescription":"","_EventCurrencySymbol":"","_EventCurrencyCode":"","_EventCurrencyPosition":"","_EventDateTimeSeparator":"","_EventTimeRangeSeparator":"","_EventOrganizerID":[],"_EventVenueID":[],"_OrganizerEmail":"","_OrganizerPhone":"","_OrganizerWebsite":"","_VenueAddress":"","_VenueCity":"","_VenueCountry":"","_VenueProvince":"","_VenueState":"","_VenueZip":"","_VenuePhone":"","_VenueURL":"","_VenueStateProvince":"","_VenueLat":"","_VenueLng":"","_VenueShowMap":false,"_VenueShowMapLink":false,"_tribe_blocks_recurrence_rules":"","_tribe_blocks_recurrence_description":"","_tribe_blocks_recurrence_exclusions":"","footnotes":""},"categories":[114],"tags":[],"class_list":["post-1558","page","type-page","status-publish","hentry","category-logement"],"blocksy_meta":[],"yoast_head":"<!-- This site is optimized with the Yoast SEO Premium plugin v27.5 (Yoast SEO v27.5) - https:\/\/yoast.com\/product\/yoast-seo-premium-wordpress\/ -->\n<title>Propri\u00e9t\u00e9 en fief simple - International Center for Community Land Trusts<\/title>\n<meta name=\"robots\" content=\"index, follow, max-snippet:-1, max-image-preview:large, max-video-preview:-1\" \/>\n<link rel=\"canonical\" href=\"https:\/\/www.cltweb.org\/fr\/ce-que-font-les-clt\/logement\/propriete-en-fief-simple\/\" \/>\n<meta property=\"og:locale\" content=\"fr_FR\" \/>\n<meta property=\"og:type\" content=\"article\" \/>\n<meta property=\"og:title\" content=\"Propri\u00e9t\u00e9 en fief simple\" \/>\n<meta property=\"og:url\" content=\"https:\/\/www.cltweb.org\/fr\/ce-que-font-les-clt\/logement\/propriete-en-fief-simple\/\" \/>\n<meta property=\"og:site_name\" content=\"International Center for Community Land Trusts\" \/>\n<meta property=\"article:publisher\" content=\"https:\/\/www.facebook.com\/cltcenter\" \/>\n<meta name=\"twitter:card\" content=\"summary_large_image\" \/>\n<meta name=\"twitter:site\" content=\"@Center4CLTs\" \/>\n<script type=\"application\/ld+json\" class=\"yoast-schema-graph\">{\"@context\":\"https:\\\/\\\/schema.org\",\"@graph\":[{\"@type\":\"WebPage\",\"@id\":\"https:\\\/\\\/www.cltweb.org\\\/fr\\\/ce-que-font-les-clt\\\/logement\\\/propriete-en-fief-simple\\\/\",\"url\":\"https:\\\/\\\/www.cltweb.org\\\/fr\\\/ce-que-font-les-clt\\\/logement\\\/propriete-en-fief-simple\\\/\",\"name\":\"Propri\u00e9t\u00e9 en fief simple - International Center for Community Land Trusts\",\"isPartOf\":{\"@id\":\"https:\\\/\\\/www.cltweb.org\\\/fr\\\/#website\"},\"datePublished\":\"2024-08-12T18:59:07+00:00\",\"breadcrumb\":{\"@id\":\"https:\\\/\\\/www.cltweb.org\\\/fr\\\/ce-que-font-les-clt\\\/logement\\\/propriete-en-fief-simple\\\/#breadcrumb\"},\"inLanguage\":\"fr-FR\",\"potentialAction\":[{\"@type\":\"ReadAction\",\"target\":[\"https:\\\/\\\/www.cltweb.org\\\/fr\\\/ce-que-font-les-clt\\\/logement\\\/propriete-en-fief-simple\\\/\"]}]},{\"@type\":\"BreadcrumbList\",\"@id\":\"https:\\\/\\\/www.cltweb.org\\\/fr\\\/ce-que-font-les-clt\\\/logement\\\/propriete-en-fief-simple\\\/#breadcrumb\",\"itemListElement\":[{\"@type\":\"ListItem\",\"position\":1,\"name\":\"Home\",\"item\":\"https:\\\/\\\/www.cltweb.org\\\/fr\\\/\"},{\"@type\":\"ListItem\",\"position\":2,\"name\":\"Ce que font les CLT\",\"item\":\"https:\\\/\\\/www.cltweb.org\\\/fr\\\/what-clts-do\\\/\"},{\"@type\":\"ListItem\",\"position\":3,\"name\":\"Logement\",\"item\":\"https:\\\/\\\/www.cltweb.org\\\/fr\\\/what-clts-do\\\/housing\\\/\"},{\"@type\":\"ListItem\",\"position\":4,\"name\":\"Propri\u00e9t\u00e9 en fief simple\"}]},{\"@type\":\"WebSite\",\"@id\":\"https:\\\/\\\/www.cltweb.org\\\/fr\\\/#website\",\"url\":\"https:\\\/\\\/www.cltweb.org\\\/fr\\\/\",\"name\":\"International Center for Community Land Trusts\",\"description\":\"\",\"publisher\":{\"@id\":\"https:\\\/\\\/www.cltweb.org\\\/fr\\\/#organization\"},\"potentialAction\":[{\"@type\":\"SearchAction\",\"target\":{\"@type\":\"EntryPoint\",\"urlTemplate\":\"https:\\\/\\\/www.cltweb.org\\\/fr\\\/?s={search_term_string}\"},\"query-input\":{\"@type\":\"PropertyValueSpecification\",\"valueRequired\":true,\"valueName\":\"search_term_string\"}}],\"inLanguage\":\"fr-FR\"},{\"@type\":\"Organization\",\"@id\":\"https:\\\/\\\/www.cltweb.org\\\/fr\\\/#organization\",\"name\":\"International Center for Community Land Trusts\",\"url\":\"https:\\\/\\\/www.cltweb.org\\\/fr\\\/\",\"logo\":{\"@type\":\"ImageObject\",\"inLanguage\":\"fr-FR\",\"@id\":\"https:\\\/\\\/www.cltweb.org\\\/fr\\\/#\\\/schema\\\/logo\\\/image\\\/\",\"url\":\"https:\\\/\\\/www.cltweb.org\\\/wp-content\\\/uploads\\\/2024\\\/11\\\/New-CLT-Center-Text-logo.png\",\"contentUrl\":\"https:\\\/\\\/www.cltweb.org\\\/wp-content\\\/uploads\\\/2024\\\/11\\\/New-CLT-Center-Text-logo.png\",\"width\":227,\"height\":80,\"caption\":\"International Center for Community Land Trusts\"},\"image\":{\"@id\":\"https:\\\/\\\/www.cltweb.org\\\/fr\\\/#\\\/schema\\\/logo\\\/image\\\/\"},\"sameAs\":[\"https:\\\/\\\/www.facebook.com\\\/cltcenter\",\"https:\\\/\\\/x.com\\\/Center4CLTs\",\"https:\\\/\\\/www.instagram.com\\\/cltcenter\\\/\",\"https:\\\/\\\/www.linkedin.com\\\/company\\\/cltcenter\",\"https:\\\/\\\/www.youtube.com\\\/@centerforcltinnovation5313\"],\"description\":\"The International Center for Community Land Trusts is a not-for-profit nongovernmental organization established in 2018 to promote and to support community land trusts and similar strategies of community-led development on community-owned land in countries throughout the world.\",\"email\":\"info@communitylandtrust.net\",\"legalName\":\"International Center for Community Land Trusts\",\"foundingDate\":\"2018-12-01\",\"taxID\":\"84-3858933\",\"numberOfEmployees\":{\"@type\":\"QuantitativeValue\",\"minValue\":\"1\",\"maxValue\":\"10\"}}]}<\/script>\n<!-- \/ Yoast SEO Premium plugin. -->","yoast_head_json":{"title":"Propri\u00e9t\u00e9 en fief simple - International Center for Community Land Trusts","robots":{"index":"index","follow":"follow","max-snippet":"max-snippet:-1","max-image-preview":"max-image-preview:large","max-video-preview":"max-video-preview:-1"},"canonical":"https:\/\/www.cltweb.org\/fr\/ce-que-font-les-clt\/logement\/propriete-en-fief-simple\/","og_locale":"fr_FR","og_type":"article","og_title":"Propri\u00e9t\u00e9 en fief simple","og_url":"https:\/\/www.cltweb.org\/fr\/ce-que-font-les-clt\/logement\/propriete-en-fief-simple\/","og_site_name":"International Center for Community Land Trusts","article_publisher":"https:\/\/www.facebook.com\/cltcenter","twitter_card":"summary_large_image","twitter_site":"@Center4CLTs","schema":{"@context":"https:\/\/schema.org","@graph":[{"@type":"WebPage","@id":"https:\/\/www.cltweb.org\/fr\/ce-que-font-les-clt\/logement\/propriete-en-fief-simple\/","url":"https:\/\/www.cltweb.org\/fr\/ce-que-font-les-clt\/logement\/propriete-en-fief-simple\/","name":"Propri\u00e9t\u00e9 en fief simple - International Center for Community Land Trusts","isPartOf":{"@id":"https:\/\/www.cltweb.org\/fr\/#website"},"datePublished":"2024-08-12T18:59:07+00:00","breadcrumb":{"@id":"https:\/\/www.cltweb.org\/fr\/ce-que-font-les-clt\/logement\/propriete-en-fief-simple\/#breadcrumb"},"inLanguage":"fr-FR","potentialAction":[{"@type":"ReadAction","target":["https:\/\/www.cltweb.org\/fr\/ce-que-font-les-clt\/logement\/propriete-en-fief-simple\/"]}]},{"@type":"BreadcrumbList","@id":"https:\/\/www.cltweb.org\/fr\/ce-que-font-les-clt\/logement\/propriete-en-fief-simple\/#breadcrumb","itemListElement":[{"@type":"ListItem","position":1,"name":"Home","item":"https:\/\/www.cltweb.org\/fr\/"},{"@type":"ListItem","position":2,"name":"Ce que font les CLT","item":"https:\/\/www.cltweb.org\/fr\/what-clts-do\/"},{"@type":"ListItem","position":3,"name":"Logement","item":"https:\/\/www.cltweb.org\/fr\/what-clts-do\/housing\/"},{"@type":"ListItem","position":4,"name":"Propri\u00e9t\u00e9 en fief simple"}]},{"@type":"WebSite","@id":"https:\/\/www.cltweb.org\/fr\/#website","url":"https:\/\/www.cltweb.org\/fr\/","name":"International Center for Community Land Trusts","description":"","publisher":{"@id":"https:\/\/www.cltweb.org\/fr\/#organization"},"potentialAction":[{"@type":"SearchAction","target":{"@type":"EntryPoint","urlTemplate":"https:\/\/www.cltweb.org\/fr\/?s={search_term_string}"},"query-input":{"@type":"PropertyValueSpecification","valueRequired":true,"valueName":"search_term_string"}}],"inLanguage":"fr-FR"},{"@type":"Organization","@id":"https:\/\/www.cltweb.org\/fr\/#organization","name":"International Center for Community Land Trusts","url":"https:\/\/www.cltweb.org\/fr\/","logo":{"@type":"ImageObject","inLanguage":"fr-FR","@id":"https:\/\/www.cltweb.org\/fr\/#\/schema\/logo\/image\/","url":"https:\/\/www.cltweb.org\/wp-content\/uploads\/2024\/11\/New-CLT-Center-Text-logo.png","contentUrl":"https:\/\/www.cltweb.org\/wp-content\/uploads\/2024\/11\/New-CLT-Center-Text-logo.png","width":227,"height":80,"caption":"International Center for Community Land Trusts"},"image":{"@id":"https:\/\/www.cltweb.org\/fr\/#\/schema\/logo\/image\/"},"sameAs":["https:\/\/www.facebook.com\/cltcenter","https:\/\/x.com\/Center4CLTs","https:\/\/www.instagram.com\/cltcenter\/","https:\/\/www.linkedin.com\/company\/cltcenter","https:\/\/www.youtube.com\/@centerforcltinnovation5313"],"description":"The International Center for Community Land Trusts is a not-for-profit nongovernmental organization established in 2018 to promote and to support community land trusts and similar strategies of community-led development on community-owned land in countries throughout the world.","email":"info@communitylandtrust.net","legalName":"International Center for Community Land Trusts","foundingDate":"2018-12-01","taxID":"84-3858933","numberOfEmployees":{"@type":"QuantitativeValue","minValue":"1","maxValue":"10"}}]}},"campaignId":"","taxonomy_info":{"category":[{"value":114,"label":"Logement"}]},"featured_image_src_large":false,"author_info":{"display_name":"cltredesign_0jp0l4","author_link":"https:\/\/www.cltweb.org\/fr\/author\/cltredesign_0jp0l4\/"},"comment_info":0,"jetpack_sharing_enabled":true,"jetpack-related-posts":[{"id":8980,"url":"https:\/\/www.cltweb.org\/fr\/bibliotheque-de-ressources\/agriculture\/ressources-complementaires\/comment-les-clt-securisent-et-protegent-les-terres\/propriete-en-fief-simple\/","url_meta":{"origin":1558,"position":0},"title":"Propri\u00e9t\u00e9 en fief simple","author":"cltredesign_0jp0l4","date":"3 f\u00e9vrier 2025","format":false,"excerpt":"La propri\u00e9t\u00e9 en fief simple permet \u00e0 un CLT de d\u00e9tenir le plus grand nombre de \"b\u00e2tons\" dans le faisceau de droits de propri\u00e9t\u00e9 et offre un niveau \u00e9lev\u00e9 de s\u00e9curit\u00e9 fonci\u00e8re, tant que tous les paiements hypoth\u00e9caires et les obligations fiscales sont respect\u00e9s. Dans les zones urbaines, les sites\u2026","rel":"","context":"Dans &quot;Agriculture&quot;","block_context":{"text":"Agriculture","link":"https:\/\/www.cltweb.org\/fr\/category\/agriculture-fr\/"},"img":{"alt_text":"","src":"","width":0,"height":0},"classes":[]},{"id":8986,"url":"https:\/\/www.cltweb.org\/fr\/bibliotheque-de-ressources\/agriculture\/ressources-complementaires\/comment-les-clt-securisent-et-protegent-les-terres\/baux-fonciers\/","url_meta":{"origin":1558,"position":1},"title":"Baux fonciers","author":"cltredesign_0jp0l4","date":"3 f\u00e9vrier 2025","format":false,"excerpt":"Les baux fonciers sont un deuxi\u00e8me mode de tenure utilis\u00e9 par les CLT pour s\u00e9curiser les terres. Un CLT peut \u00eatre le bailleur ou le preneur d'un bail agricole. Parfois, le CLT peut \u00eatre le propri\u00e9taire foncier et louer des terres \u00e0 une entit\u00e9 externe pour g\u00e9rer des programmes agricoles,\u2026","rel":"","context":"Dans &quot;Agriculture&quot;","block_context":{"text":"Agriculture","link":"https:\/\/www.cltweb.org\/fr\/category\/agriculture-fr\/"},"img":{"alt_text":"","src":"","width":0,"height":0},"classes":[]},{"id":1862,"url":"https:\/\/www.cltweb.org\/fr\/bibliotheque-de-ressources\/rapports\/","url_meta":{"origin":1558,"position":2},"title":"Rapports","author":"cltredesign_0jp0l4","date":"26 juillet 2024","format":false,"excerpt":"L'accession \u00e0 la propri\u00e9t\u00e9 en fonds propres partag\u00e9s (2006) Par John Emmeus Davis, Institut national du logement La copropri\u00e9t\u00e9 garantit que les logements restent abordables \u00e0 long terme pour les m\u00e9nages \u00e0 faibles revenus en limitant la plus-value que le propri\u00e9taire peut conserver, pr\u00e9servant ainsi des logements abordables dans des\u2026","rel":"","context":"Dans &quot;Biblioth\u00e8que de ressources&quot;","block_context":{"text":"Biblioth\u00e8que de ressources","link":"https:\/\/www.cltweb.org\/fr\/category\/bibliotheque-de-ressources\/"},"img":{"alt_text":"","src":"","width":0,"height":0},"classes":[]},{"id":9003,"url":"https:\/\/www.cltweb.org\/fr\/bibliotheque-de-ressources\/agriculture\/ressources-complementaires\/comment-les-clt-securisent-et-protegent-les-terres\/servitudes\/","url_meta":{"origin":1558,"position":3},"title":"Servitudes","author":"cltredesign_0jp0l4","date":"3 f\u00e9vrier 2025","format":false,"excerpt":"Les servitudes de conservation sont des restrictions volontaires qui limitent de fa\u00e7on permanente les types d'utilisation autoris\u00e9s sur les terres. Elles sont d\u00e9tenues par des entit\u00e9s ext\u00e9rieures au titulaire du titre. Ces accords sont souvent utilis\u00e9s comme outil de planification fiscale. Un propri\u00e9taire foncier accorde une servitude \u00e0 une entit\u00e9\u2026","rel":"","context":"Dans &quot;Agriculture&quot;","block_context":{"text":"Agriculture","link":"https:\/\/www.cltweb.org\/fr\/category\/agriculture-fr\/"},"img":{"alt_text":"","src":"","width":0,"height":0},"classes":[]},{"id":796,"url":"https:\/\/www.cltweb.org\/fr\/nouvelles-et-evenements\/emplois-clt\/","url_meta":{"origin":1558,"position":4},"title":"Emplois CLT","author":"cltredesign_0jp0l4","date":"26 juillet 2024","format":false,"excerpt":"Une liste s\u00e9lective des offres d'emploi du CLT.","rel":"","context":"Dans &quot;Nouvelles et \u00e9v\u00e9nements&quot;","block_context":{"text":"Nouvelles et \u00e9v\u00e9nements","link":"https:\/\/www.cltweb.org\/fr\/category\/nouvelles-et-evenements\/"},"img":{"alt_text":"","src":"","width":0,"height":0},"classes":[]},{"id":3956,"url":"https:\/\/www.cltweb.org\/fr\/bibliotheque-de-ressources\/etudes-de-cas-clt\/fonds-foncier-communautaire-dalbany\/","url_meta":{"origin":1558,"position":5},"title":"Fonds foncier communautaire d&#8217;Albany","author":"cltredesign_0jp0l4","date":"20 octobre 2024","format":false,"excerpt":"\u00c9tabli en 1987 (Albany, New York) Profil \u00e9tabli par Kirby White (2015) L'Albany Community Land Trust a \u00e9t\u00e9 lanc\u00e9 dans les ann\u00e9es 1980 gr\u00e2ce aux efforts de United Tenants of Albany (UTA), dont le personnel s'est int\u00e9ress\u00e9 aux mod\u00e8les de d\u00e9veloppement et de financement communautaires promus par l'Institute for Community\u2026","rel":"","context":"Dans &quot;\u00c9tudes de cas&quot;","block_context":{"text":"\u00c9tudes de cas","link":"https:\/\/www.cltweb.org\/fr\/category\/etudes-de-cas\/"},"img":{"alt_text":"","src":"","width":0,"height":0},"classes":[]}],"_links":{"self":[{"href":"https:\/\/www.cltweb.org\/fr\/wp-json\/wp\/v2\/pages\/1558","targetHints":{"allow":["GET"]}}],"collection":[{"href":"https:\/\/www.cltweb.org\/fr\/wp-json\/wp\/v2\/pages"}],"about":[{"href":"https:\/\/www.cltweb.org\/fr\/wp-json\/wp\/v2\/types\/page"}],"author":[{"embeddable":true,"href":"https:\/\/www.cltweb.org\/fr\/wp-json\/wp\/v2\/users\/1"}],"replies":[{"embeddable":true,"href":"https:\/\/www.cltweb.org\/fr\/wp-json\/wp\/v2\/comments?post=1558"}],"version-history":[{"count":0,"href":"https:\/\/www.cltweb.org\/fr\/wp-json\/wp\/v2\/pages\/1558\/revisions"}],"up":[{"embeddable":true,"href":"https:\/\/www.cltweb.org\/fr\/wp-json\/wp\/v2\/pages\/809"}],"wp:attachment":[{"href":"https:\/\/www.cltweb.org\/fr\/wp-json\/wp\/v2\/media?parent=1558"}],"wp:term":[{"taxonomy":"category","embeddable":true,"href":"https:\/\/www.cltweb.org\/fr\/wp-json\/wp\/v2\/categories?post=1558"},{"taxonomy":"post_tag","embeddable":true,"href":"https:\/\/www.cltweb.org\/fr\/wp-json\/wp\/v2\/tags?post=1558"}],"curies":[{"name":"wp","href":"https:\/\/api.w.org\/{rel}","templated":true}]}}