{"id":1578,"date":"2024-07-30T19:01:51","date_gmt":"2024-07-30T19:01:51","guid":{"rendered":"https:\/\/www.cltweb.org\/terra-nostra-press\/nouvelles-et-commentaires\/"},"modified":"2025-01-09T15:40:46","modified_gmt":"2025-01-09T15:40:46","slug":"nouvelles-et-commentaires","status":"publish","type":"page","link":"https:\/\/www.cltweb.org\/fr\/terra-nostra-press\/nouvelles-et-commentaires\/","title":{"rendered":"Nouvelles et commentaires"},"content":{"rendered":"\n<h1 class=\"wp-block-heading\" id=\"h-in-the-news\">Dans l&#8217;actualit\u00e9<\/h1>\n\n<ul class=\"wp-block-list\">\n<li>&#8220;<a href=\"https:\/\/www.tandfonline.com\/doi\/full\/10.1080\/01944363.2021.1989962\" target=\"_blank\" rel=\"noreferrer noopener\">Reviews &#8211; On Common Ground<\/a>&#8220;, Jeffrey Lowe, Journal of the American Planning Association, 24 novembre 2021<\/li>\n\n\n\n<li>&#8220;<a href=\"https:\/\/www.frontporchrepublic.com\/2021\/08\/we-hide-behind-the-tomatoes-a-review-of-on-common-ground\/\" target=\"_blank\" rel=\"noreferrer noopener\">Nous nous cachons derri\u00e8re les tomates : A Review of On Common Ground<\/a>&#8220;, Elias Crim, Front Porch Republic, 9 ao\u00fbt 2021<\/li>\n\n\n\n<li><a href=\"https:\/\/www.cltweb.org\/fr\/bibliotheque-de-ressources\/interviews\/david-ireland-et-jerry-maldonado-2020\/\">Mar\u00eda E. Hern\u00e1ndez Torrales, du Center for Community Land Trust Innovation, interviewe David Ireland de World Habitat et Jerry Maldonado de la Fondation Ford<\/a> \u00e0 propos de leur contribution \u00e0 <em>On Common Ground, <\/em>15 octobre 2020.<\/li>\n\n\n\n<li><a href=\"https:\/\/shelterforce.org\/2020\/10\/14\/perspectives-on-the-community-land-trust\/\" target=\"_blank\" rel=\"noreferrer noopener\">Perspectives sur le Community Land Trust<\/a>: Un entretien avec John Emmeus Davis, Line Algoed et Mar\u00eda E. Hern\u00e1ndez-Torrales, par James Tracy, Shelterforce Magazine, 14 octobre 2020<\/li>\n\n\n\n<li>&#8220;<a href=\"https:\/\/beyondchron.org\/community-land-trusts-the-true-social-housing\/\" target=\"_blank\" rel=\"noreferrer noopener\">Les Community Land Trusts : Le v\u00e9ritable &#8220;logement social&#8221;<\/a>&#8220;, Randy Shaw, Beyond Chron, 13 octobre 2020<\/li>\n\n\n\n<li>&#8220;<a href=\"https:\/\/www.claridadpuertorico.com\/una-mirada-a-los-fideicomisos-de-la-tierra\/\" target=\"_blank\" rel=\"noreferrer noopener\">Una mirada a los Fideicomisos de la Tierra&#8221;<\/a>, C\u00e1ndida Cotto, Claridad, ao\u00fbt 2020 (espagnol)<\/li>\n\n\n\n<li><a href=\"https:\/\/www.neighborworks.org\/blog\/community-land-trusts-creating-housing-opportunities-for-the-common-good\" target=\"_blank\" rel=\"noreferrer noopener\">&#8220;Community Land Trusts : Creating Housing Opportunities for the Common Good&#8221;<\/a>, entretien avec l&#8217;auteur Brenda Torpy, NeighborWorks America, juillet 2020.<\/li>\n\n\n\n<li>&#8220;<a href=\"https:\/\/www.observatoriodasmetropoles.net.br\/livro-reune-coletanea-de-artigos-sobre-experiencias-de-implementacao-do-termo-territorial-coletivo-community-land-trust\/?utm_source=Boletim&amp;utm_medium=E-mail&amp;utm_campaign=640&amp;utm_content=Livro+re%C3%BAne+colet%C3%A2nea+de+artigos+sobre+experi%C3%AAncias+de+implementa%C3%A7%C3%A3o+do+%E2%80%9CTermo+Territorial+Coletivo%E2%80%9D\" target=\"_blank\" rel=\"noreferrer noopener\">Livro re\u00fane colet\u00e2nea de artigos sobre experi\u00eancias de implementa\u00e7\u00e3o do &#8216;Termo Territorial Coletivo&#8217;<\/a>&#8220;, Observat\u00f3rio das Metr\u00f3poles, 2 juillet 2020 (portugais)<\/li>\n\n\n\n<li><a href=\"https:\/\/community-wealth.org\/content\/common-ground-international-perspectives-community-land-trust\" target=\"_blank\" rel=\"noreferrer noopener\">&#8220;Sur un terrain d&#8217;entente : Perspectives internationales sur le Community Land Trust&#8221;<\/a>, Thomas Hanna, Democracy Collaborative, 21 juillet 2020<\/li>\n\n\n\n<li>&#8220;<a href=\"https:\/\/world-habitat.org\/news\/news-updates\/new-book-exploring-the-growth-of-the-community-land-trust-movement\/\" target=\"_blank\" rel=\"noreferrer noopener\">Un nouveau livre explore la croissance du mouvement des Community Land Trust&#8221;<\/a>, World Habitat, 1er juillet 2020<\/li>\n\n\n\n<li><a href=\"https:\/\/www.urbanlandc.org\/john-emmeus-davis-and-ulc-pioneering-community-land-trusts-in-denver\/\" target=\"_blank\" rel=\"noreferrer noopener\">&#8220;Partenaire du mois : John Emmeus Davis&#8221;<\/a>: John Emmeus Davis, Urban Land Conservancy, 2 juillet 2020<\/li>\n<\/ul>\n\n<h1 class=\"wp-block-heading\" id=\"h-excerpts-from-reviews-of-nbsp-on-common-ground\">Extraits de critiques de <em>On Common Ground<\/em><\/h1>\n\n<p>&#8220;Dans l&#8217;ensemble, les \u00e9diteurs ont magistralement compil\u00e9 des essais originaux dans un argumentaire convaincant pour r\u00e9soudre la crise internationale des droits fonciers et du logement. <strong><em>On Common Ground<\/em><\/strong> d\u00e9montre de mani\u00e8re \u00e9clatante les possibilit\u00e9s de transformation que les CLT peuvent produire dans le monde entier lorsque l&#8217;organisation, le fonctionnement et la propri\u00e9t\u00e9 fonci\u00e8re des communaut\u00e9s se connectent et s&#8217;\u00e9tendent. \u00c9tant donn\u00e9 que le public cible comprend des personnes travaillant dans le domaine du logement et du d\u00e9veloppement communautaire, de l&#8217;organisation communautaire et de l&#8217;analyse des politiques, des postes que de nombreux urbanistes occupent ou occupent, je recommande vivement ce livre aux professionnels de l&#8217;urbanisme ainsi qu&#8217;aux universitaires&#8221;. <\/p>\n\n<p><em>Jeffrey S. Lowe, Journal de l&#8217;Association am\u00e9ricaine de planification<\/em><\/p>\n\n<p><strong><em>&#8220;On Common Ground<\/em><\/strong> est une lecture essentielle pour tous ceux qui s&#8217;int\u00e9ressent \u00e0 la crise du logement abordable, qui continuera d&#8217;\u00eatre exacerb\u00e9e par les impacts \u00e9conomiques n\u00e9gatifs du COVID-19. En raison d&#8217;une longue et douloureuse histoire de racisme institutionnel et de l&#8217;absence d&#8217;action r\u00e9active de la part de nombreux dirigeants \u00e9lus, l&#8217;acc\u00e8s \u00e0 la propri\u00e9t\u00e9 et \u00e0 des logements locatifs de qualit\u00e9 a toujours \u00e9t\u00e9 refus\u00e9 aux personnes de couleur. L&#8217;ouvrage examine la croissance du mod\u00e8le des community land trust (CLT) et la mani\u00e8re dont il s&#8217;est adapt\u00e9 aux environnements urbains et ruraux, offrant aux lecteurs une vue d&#8217;ensemble r\u00e9fl\u00e9chie et empathique de la mani\u00e8re de lancer et de d\u00e9velopper un CLT afin de garantir que des logements abordables int\u00e8grent ses r\u00e9sidents. Le livre laisse les lecteurs avec un sentiment d&#8217;espoir pour l&#8217;avenir et des moyens pratiques pour construire et soutenir ce mod\u00e8le&#8221;.   <\/p>\n\n<p><em>Robert Burns, premier vice-pr\u00e9sident, CitiBank, et pr\u00e9sident du conseil d&#8217;administration du Grounded Solutions Network<\/em><\/p>\n\n<p>&#8220;Partout dans le monde, la pand\u00e9mie de COVID-19 et ses effets \u00e9conomiques menacent d&#8217;exacerber des in\u00e9galit\u00e9s d\u00e9j\u00e0 graves, notamment en ce qui concerne la propri\u00e9t\u00e9, l&#8217;acc\u00e8s et le contr\u00f4le de la terre et du logement. Aux \u00c9tats-Unis, alors que les moratoires sur les expulsions touchent \u00e0 leur fin dans de nombreux \u00c9tats et localit\u00e9s et que les emplois restent rares, les experts pr\u00e9disent une vague sans pr\u00e9c\u00e9dent de d\u00e9placements et de sans-abri. Dans ce sombre contexte, un nouveau livre offre une lueur d&#8217;espoir. <strong><em>On Common Ground<\/em><\/strong>\u00e9dit\u00e9 par John Emmeus Davis, Line Algoed et Mar\u00eda Hern\u00e1ndez-Torrales, montre comment l&#8217;int\u00e9r\u00eat pour l&#8217;un des nouveaux mod\u00e8les \u00e9conomiques les plus int\u00e9ressants de ces derni\u00e8res d\u00e9cennies, le Community Land Trust (CLT), se r\u00e9pand dans le monde entier&#8221;.  <\/p>\n\n<p><em>Thomas Hanna, directeur de recherche, Democracy Collaborative<\/em><\/p>\n","protected":false},"excerpt":{"rendered":"<p>Articles et critiques des publications de Terra Nostra Press.<\/p>\n","protected":false},"author":1,"featured_media":0,"parent":975,"menu_order":0,"comment_status":"closed","ping_status":"closed","template":"","meta":{"give_campaign_id":0,"_tec_requires_first_save":true,"_kad_blocks_custom_css":"","_kad_blocks_head_custom_js":"","_kad_blocks_body_custom_js":"","_kad_blocks_footer_custom_js":"","_EventAllDay":false,"_EventTimezone":"","_EventStartDate":"","_EventEndDate":"","_EventStartDateUTC":"","_EventEndDateUTC":"","_EventShowMap":false,"_EventShowMapLink":false,"_EventURL":"","_EventCost":"","_EventCostDescription":"","_EventCurrencySymbol":"","_EventCurrencyCode":"","_EventCurrencyPosition":"","_EventDateTimeSeparator":"","_EventTimeRangeSeparator":"","_EventOrganizerID":[],"_EventVenueID":[],"_OrganizerEmail":"","_OrganizerPhone":"","_OrganizerWebsite":"","_VenueAddress":"","_VenueCity":"","_VenueCountry":"","_VenueProvince":"","_VenueState":"","_VenueZip":"","_VenuePhone":"","_VenueURL":"","_VenueStateProvince":"","_VenueLat":"","_VenueLng":"","_VenueShowMap":false,"_VenueShowMapLink":false,"_tribe_blocks_recurrence_rules":"","_tribe_blocks_recurrence_description":"","_tribe_blocks_recurrence_exclusions":"","footnotes":""},"categories":[60],"tags":[],"class_list":["post-1578","page","type-page","status-publish","hentry","category-terra-nostra-press-fr"],"blocksy_meta":[],"yoast_head":"<!-- This site is optimized with the Yoast SEO Premium plugin v27.5 (Yoast SEO v27.5) - https:\/\/yoast.com\/product\/yoast-seo-premium-wordpress\/ -->\n<title>Nouvelles et commentaires - International Center for Community Land Trusts<\/title>\n<meta name=\"robots\" content=\"index, follow, max-snippet:-1, max-image-preview:large, max-video-preview:-1\" \/>\n<link rel=\"canonical\" href=\"https:\/\/www.cltweb.org\/fr\/terra-nostra-press\/nouvelles-et-commentaires\/\" \/>\n<meta property=\"og:locale\" content=\"fr_FR\" \/>\n<meta property=\"og:type\" content=\"article\" \/>\n<meta property=\"og:title\" content=\"Nouvelles et commentaires\" \/>\n<meta property=\"og:description\" content=\"Articles et critiques des publications de Terra Nostra Press.\" \/>\n<meta property=\"og:url\" content=\"https:\/\/www.cltweb.org\/fr\/terra-nostra-press\/nouvelles-et-commentaires\/\" \/>\n<meta property=\"og:site_name\" content=\"International Center for Community Land Trusts\" \/>\n<meta property=\"article:publisher\" content=\"https:\/\/www.facebook.com\/cltcenter\" \/>\n<meta property=\"article:modified_time\" content=\"2025-01-09T15:40:46+00:00\" \/>\n<meta name=\"twitter:card\" content=\"summary_large_image\" \/>\n<meta name=\"twitter:site\" content=\"@Center4CLTs\" \/>\n<meta name=\"twitter:label1\" content=\"Dur\u00e9e de lecture estim\u00e9e\" \/>\n\t<meta name=\"twitter:data1\" content=\"3 minutes\" \/>\n<script type=\"application\/ld+json\" class=\"yoast-schema-graph\">{\"@context\":\"https:\\\/\\\/schema.org\",\"@graph\":[{\"@type\":\"WebPage\",\"@id\":\"https:\\\/\\\/www.cltweb.org\\\/fr\\\/terra-nostra-press\\\/nouvelles-et-commentaires\\\/\",\"url\":\"https:\\\/\\\/www.cltweb.org\\\/fr\\\/terra-nostra-press\\\/nouvelles-et-commentaires\\\/\",\"name\":\"Nouvelles et commentaires - International Center for Community Land Trusts\",\"isPartOf\":{\"@id\":\"https:\\\/\\\/www.cltweb.org\\\/fr\\\/#website\"},\"datePublished\":\"2024-07-30T19:01:51+00:00\",\"dateModified\":\"2025-01-09T15:40:46+00:00\",\"breadcrumb\":{\"@id\":\"https:\\\/\\\/www.cltweb.org\\\/fr\\\/terra-nostra-press\\\/nouvelles-et-commentaires\\\/#breadcrumb\"},\"inLanguage\":\"fr-FR\",\"potentialAction\":[{\"@type\":\"ReadAction\",\"target\":[\"https:\\\/\\\/www.cltweb.org\\\/fr\\\/terra-nostra-press\\\/nouvelles-et-commentaires\\\/\"]}]},{\"@type\":\"BreadcrumbList\",\"@id\":\"https:\\\/\\\/www.cltweb.org\\\/fr\\\/terra-nostra-press\\\/nouvelles-et-commentaires\\\/#breadcrumb\",\"itemListElement\":[{\"@type\":\"ListItem\",\"position\":1,\"name\":\"Home\",\"item\":\"https:\\\/\\\/www.cltweb.org\\\/fr\\\/\"},{\"@type\":\"ListItem\",\"position\":2,\"name\":\"Terra Nostra Press\",\"item\":\"https:\\\/\\\/www.cltweb.org\\\/fr\\\/terra-nostra-press\\\/\"},{\"@type\":\"ListItem\",\"position\":3,\"name\":\"Nouvelles et commentaires\"}]},{\"@type\":\"WebSite\",\"@id\":\"https:\\\/\\\/www.cltweb.org\\\/fr\\\/#website\",\"url\":\"https:\\\/\\\/www.cltweb.org\\\/fr\\\/\",\"name\":\"International Center for Community Land Trusts\",\"description\":\"\",\"publisher\":{\"@id\":\"https:\\\/\\\/www.cltweb.org\\\/fr\\\/#organization\"},\"potentialAction\":[{\"@type\":\"SearchAction\",\"target\":{\"@type\":\"EntryPoint\",\"urlTemplate\":\"https:\\\/\\\/www.cltweb.org\\\/fr\\\/?s={search_term_string}\"},\"query-input\":{\"@type\":\"PropertyValueSpecification\",\"valueRequired\":true,\"valueName\":\"search_term_string\"}}],\"inLanguage\":\"fr-FR\"},{\"@type\":\"Organization\",\"@id\":\"https:\\\/\\\/www.cltweb.org\\\/fr\\\/#organization\",\"name\":\"International Center for Community Land Trusts\",\"url\":\"https:\\\/\\\/www.cltweb.org\\\/fr\\\/\",\"logo\":{\"@type\":\"ImageObject\",\"inLanguage\":\"fr-FR\",\"@id\":\"https:\\\/\\\/www.cltweb.org\\\/fr\\\/#\\\/schema\\\/logo\\\/image\\\/\",\"url\":\"https:\\\/\\\/www.cltweb.org\\\/wp-content\\\/uploads\\\/2024\\\/11\\\/New-CLT-Center-Text-logo.png\",\"contentUrl\":\"https:\\\/\\\/www.cltweb.org\\\/wp-content\\\/uploads\\\/2024\\\/11\\\/New-CLT-Center-Text-logo.png\",\"width\":227,\"height\":80,\"caption\":\"International Center for Community Land Trusts\"},\"image\":{\"@id\":\"https:\\\/\\\/www.cltweb.org\\\/fr\\\/#\\\/schema\\\/logo\\\/image\\\/\"},\"sameAs\":[\"https:\\\/\\\/www.facebook.com\\\/cltcenter\",\"https:\\\/\\\/x.com\\\/Center4CLTs\",\"https:\\\/\\\/www.instagram.com\\\/cltcenter\\\/\",\"https:\\\/\\\/www.linkedin.com\\\/company\\\/cltcenter\",\"https:\\\/\\\/www.youtube.com\\\/@centerforcltinnovation5313\"],\"description\":\"The International Center for Community Land Trusts is a not-for-profit nongovernmental organization established in 2018 to promote and to support community land trusts and similar strategies of community-led development on community-owned land in countries throughout the world.\",\"email\":\"info@communitylandtrust.net\",\"legalName\":\"International Center for Community Land Trusts\",\"foundingDate\":\"2018-12-01\",\"taxID\":\"84-3858933\",\"numberOfEmployees\":{\"@type\":\"QuantitativeValue\",\"minValue\":\"1\",\"maxValue\":\"10\"}}]}<\/script>\n<!-- \/ Yoast SEO Premium plugin. -->","yoast_head_json":{"title":"Nouvelles et commentaires - International Center for Community Land Trusts","robots":{"index":"index","follow":"follow","max-snippet":"max-snippet:-1","max-image-preview":"max-image-preview:large","max-video-preview":"max-video-preview:-1"},"canonical":"https:\/\/www.cltweb.org\/fr\/terra-nostra-press\/nouvelles-et-commentaires\/","og_locale":"fr_FR","og_type":"article","og_title":"Nouvelles et commentaires","og_description":"Articles et critiques des publications de Terra Nostra Press.","og_url":"https:\/\/www.cltweb.org\/fr\/terra-nostra-press\/nouvelles-et-commentaires\/","og_site_name":"International Center for Community Land Trusts","article_publisher":"https:\/\/www.facebook.com\/cltcenter","article_modified_time":"2025-01-09T15:40:46+00:00","twitter_card":"summary_large_image","twitter_site":"@Center4CLTs","twitter_misc":{"Dur\u00e9e de lecture estim\u00e9e":"3 minutes"},"schema":{"@context":"https:\/\/schema.org","@graph":[{"@type":"WebPage","@id":"https:\/\/www.cltweb.org\/fr\/terra-nostra-press\/nouvelles-et-commentaires\/","url":"https:\/\/www.cltweb.org\/fr\/terra-nostra-press\/nouvelles-et-commentaires\/","name":"Nouvelles et commentaires - International Center for Community Land Trusts","isPartOf":{"@id":"https:\/\/www.cltweb.org\/fr\/#website"},"datePublished":"2024-07-30T19:01:51+00:00","dateModified":"2025-01-09T15:40:46+00:00","breadcrumb":{"@id":"https:\/\/www.cltweb.org\/fr\/terra-nostra-press\/nouvelles-et-commentaires\/#breadcrumb"},"inLanguage":"fr-FR","potentialAction":[{"@type":"ReadAction","target":["https:\/\/www.cltweb.org\/fr\/terra-nostra-press\/nouvelles-et-commentaires\/"]}]},{"@type":"BreadcrumbList","@id":"https:\/\/www.cltweb.org\/fr\/terra-nostra-press\/nouvelles-et-commentaires\/#breadcrumb","itemListElement":[{"@type":"ListItem","position":1,"name":"Home","item":"https:\/\/www.cltweb.org\/fr\/"},{"@type":"ListItem","position":2,"name":"Terra Nostra Press","item":"https:\/\/www.cltweb.org\/fr\/terra-nostra-press\/"},{"@type":"ListItem","position":3,"name":"Nouvelles et commentaires"}]},{"@type":"WebSite","@id":"https:\/\/www.cltweb.org\/fr\/#website","url":"https:\/\/www.cltweb.org\/fr\/","name":"International Center for Community Land Trusts","description":"","publisher":{"@id":"https:\/\/www.cltweb.org\/fr\/#organization"},"potentialAction":[{"@type":"SearchAction","target":{"@type":"EntryPoint","urlTemplate":"https:\/\/www.cltweb.org\/fr\/?s={search_term_string}"},"query-input":{"@type":"PropertyValueSpecification","valueRequired":true,"valueName":"search_term_string"}}],"inLanguage":"fr-FR"},{"@type":"Organization","@id":"https:\/\/www.cltweb.org\/fr\/#organization","name":"International Center for Community Land Trusts","url":"https:\/\/www.cltweb.org\/fr\/","logo":{"@type":"ImageObject","inLanguage":"fr-FR","@id":"https:\/\/www.cltweb.org\/fr\/#\/schema\/logo\/image\/","url":"https:\/\/www.cltweb.org\/wp-content\/uploads\/2024\/11\/New-CLT-Center-Text-logo.png","contentUrl":"https:\/\/www.cltweb.org\/wp-content\/uploads\/2024\/11\/New-CLT-Center-Text-logo.png","width":227,"height":80,"caption":"International Center for Community Land Trusts"},"image":{"@id":"https:\/\/www.cltweb.org\/fr\/#\/schema\/logo\/image\/"},"sameAs":["https:\/\/www.facebook.com\/cltcenter","https:\/\/x.com\/Center4CLTs","https:\/\/www.instagram.com\/cltcenter\/","https:\/\/www.linkedin.com\/company\/cltcenter","https:\/\/www.youtube.com\/@centerforcltinnovation5313"],"description":"The International Center for Community Land Trusts is a not-for-profit nongovernmental organization established in 2018 to promote and to support community land trusts and similar strategies of community-led development on community-owned land in countries throughout the world.","email":"info@communitylandtrust.net","legalName":"International Center for Community Land Trusts","foundingDate":"2018-12-01","taxID":"84-3858933","numberOfEmployees":{"@type":"QuantitativeValue","minValue":"1","maxValue":"10"}}]}},"campaignId":"","taxonomy_info":{"category":[{"value":60,"label":"Terra Nostra Press"}]},"featured_image_src_large":false,"author_info":{"display_name":"cltredesign_0jp0l4","author_link":"https:\/\/www.cltweb.org\/fr\/author\/cltredesign_0jp0l4\/"},"comment_info":0,"jetpack_sharing_enabled":true,"jetpack-related-posts":[{"id":1588,"url":"https:\/\/www.cltweb.org\/fr\/terra-nostra-press\/commandes-en-gros\/","url_meta":{"origin":1578,"position":0},"title":"Commandes en gros","author":"cltredesign_0jp0l4","date":"30 juillet 2024","format":false,"excerpt":"Terra Nostra Press offre une r\u00e9duction de 40 % aux organisations \u00e0 but non lucratif pour les commandes en gros de dix livres ou plus.","rel":"","context":"Dans &quot;Terra Nostra Press&quot;","block_context":{"text":"Terra Nostra Press","link":"https:\/\/www.cltweb.org\/fr\/category\/terra-nostra-press-fr\/"},"img":{"alt_text":"","src":"","width":0,"height":0},"classes":[]},{"id":534,"url":"https:\/\/www.cltweb.org\/terra-nostra-press\/news-and-reviews\/","url_meta":{"origin":1578,"position":1},"title":"News and Reviews","author":"cltredesign_0jp0l4","date":"30 juillet 2024","format":false,"excerpt":"Articles and reviews of Terra Nostra Press publications.","rel":"","context":"Dans &quot;Terra Nostra Press&quot;","block_context":{"text":"Terra Nostra Press","link":"https:\/\/www.cltweb.org\/category\/terra-nostra-press\/"},"img":{"alt_text":"","src":"","width":0,"height":0},"classes":[]},{"id":1574,"url":"https:\/\/www.cltweb.org\/pt-br\/terra-nostra-press\/noticias-e-avaliacoes\/","url_meta":{"origin":1578,"position":2},"title":"Not\u00edcias e avalia\u00e7\u00f5es","author":"cltredesign_0jp0l4","date":"30 juillet 2024","format":false,"excerpt":"Artigos e resenhas das publica\u00e7\u00f5es da Terra Nostra Press.","rel":"","context":"Dans &quot;Terra Nostra Press&quot;","block_context":{"text":"Terra Nostra Press","link":"https:\/\/www.cltweb.org\/pt-br\/category\/terra-nostra-press-pt-br\/"},"img":{"alt_text":"","src":"","width":0,"height":0},"classes":[]},{"id":11319,"url":"https:\/\/www.cltweb.org\/fr\/ressources-livres-aba\/","url_meta":{"origin":1578,"position":3},"title":"Ressources livres ABA","author":"cltredesign_0jp0l4","date":"17 mars 2026","format":false,"excerpt":"Articles de juristes Nous aurions aim\u00e9 inclure un certain nombre d'articles de revues dans A Community Land Trust Digest, mais nous n'avons pas pu le faire pour des raisons d'espace. Voici quelques articles suppl\u00e9mentaires qui valent la peine d'\u00eatre publi\u00e9s. Barbara L. Bezdek. 2020. \"Avoir et d\u00e9tenir ? La fiducie\u2026","rel":"","context":"Article similaire","block_context":{"text":"Article similaire","link":""},"img":{"alt_text":"","src":"","width":0,"height":0},"classes":[]},{"id":975,"url":"https:\/\/www.cltweb.org\/fr\/terra-nostra-press\/","url_meta":{"origin":1578,"position":4},"title":"Terra Nostra Press","author":"cltredesign_0jp0l4","date":"30 juillet 2024","format":false,"excerpt":"Terra Nostra Press Terra Nostra Press publie des livres, des monographies et des manuels pour soutenir le travail du Centre international pour les trusts fonciers communautaires. Ces publications pr\u00e9sentent la th\u00e9orie et la pratique des community land trusts, ainsi que les histoires de praticiens r\u00e9fl\u00e9chis du monde entier qui jettent\u2026","rel":"","context":"Dans &quot;Programmes et projets&quot;","block_context":{"text":"Programmes et projets","link":"https:\/\/www.cltweb.org\/fr\/category\/programmes-et-projets\/"},"img":{"alt_text":"","src":"","width":0,"height":0},"classes":[]},{"id":757,"url":"https:\/\/www.cltweb.org\/fr\/terra-nostra-press\/catalogue\/","url_meta":{"origin":1578,"position":5},"title":"Catalogue","author":"cltredesign_0jp0l4","date":"26 juillet 2024","format":false,"excerpt":"Terra Nostra Press publie des livres, des monographies et des manuels pour soutenir le travail du Centre CLT.","rel":"","context":"Dans &quot;Terra Nostra Press&quot;","block_context":{"text":"Terra Nostra Press","link":"https:\/\/www.cltweb.org\/fr\/category\/terra-nostra-press-fr\/"},"img":{"alt_text":"","src":"","width":0,"height":0},"classes":[]}],"_links":{"self":[{"href":"https:\/\/www.cltweb.org\/fr\/wp-json\/wp\/v2\/pages\/1578","targetHints":{"allow":["GET"]}}],"collection":[{"href":"https:\/\/www.cltweb.org\/fr\/wp-json\/wp\/v2\/pages"}],"about":[{"href":"https:\/\/www.cltweb.org\/fr\/wp-json\/wp\/v2\/types\/page"}],"author":[{"embeddable":true,"href":"https:\/\/www.cltweb.org\/fr\/wp-json\/wp\/v2\/users\/1"}],"replies":[{"embeddable":true,"href":"https:\/\/www.cltweb.org\/fr\/wp-json\/wp\/v2\/comments?post=1578"}],"version-history":[{"count":5,"href":"https:\/\/www.cltweb.org\/fr\/wp-json\/wp\/v2\/pages\/1578\/revisions"}],"predecessor-version":[{"id":8513,"href":"https:\/\/www.cltweb.org\/fr\/wp-json\/wp\/v2\/pages\/1578\/revisions\/8513"}],"up":[{"embeddable":true,"href":"https:\/\/www.cltweb.org\/fr\/wp-json\/wp\/v2\/pages\/975"}],"wp:attachment":[{"href":"https:\/\/www.cltweb.org\/fr\/wp-json\/wp\/v2\/media?parent=1578"}],"wp:term":[{"taxonomy":"category","embeddable":true,"href":"https:\/\/www.cltweb.org\/fr\/wp-json\/wp\/v2\/categories?post=1578"},{"taxonomy":"post_tag","embeddable":true,"href":"https:\/\/www.cltweb.org\/fr\/wp-json\/wp\/v2\/tags?post=1578"}],"curies":[{"name":"wp","href":"https:\/\/api.w.org\/{rel}","templated":true}]}}