{"id":1659,"date":"2024-07-29T23:03:54","date_gmt":"2024-07-29T23:03:54","guid":{"rendered":"https:\/\/www.cltweb.org\/ce-que-font-les-clt\/agriculture\/le-role-des-fiducies-foncieres\/"},"modified":"2025-02-03T19:44:12","modified_gmt":"2025-02-03T19:44:12","slug":"le-role-des-fiducies-foncieres","status":"publish","type":"page","link":"https:\/\/www.cltweb.org\/fr\/bibliotheque-de-ressources\/agriculture\/le-role-des-fiducies-foncieres\/","title":{"rendered":"Le r\u00f4le des fiducies fonci\u00e8res"},"content":{"rendered":"\n<p><strong>Au cours des trente derni\u00e8res ann\u00e9es, la fiducie fonci\u00e8re s&#8217;est impos\u00e9e comme un mod\u00e8le privil\u00e9gi\u00e9 de d\u00e9tention de terres pour les jardins communautaires et les fermes urbaines.<\/strong>  Cette \u00e9volution refl\u00e8te la convergence de deux tendances : la cr\u00e9ation de fiducies fonci\u00e8res sp\u00e9cialis\u00e9es dans les espaces ouverts afin de conserver les terres pour les jardins communautaires, et les mesures prises par certaines fiducies fonci\u00e8res communautaires pour promouvoir l&#8217;agriculture urbaine.  <\/p>\n\n<figure class=\"wp-block-image aligncenter size-full\"><img loading=\"lazy\" decoding=\"async\" width=\"707\" height=\"379\" src=\"https:\/\/www.cltweb.org\/wp-content\/uploads\/2025\/02\/Urban-Farming-Map.jpg\" alt=\"Carte montrant les emplacements des CLT impliqu&#xE9;s dans l'agriculture urbaine.\" class=\"wp-image-8879\" srcset=\"https:\/\/www.cltweb.org\/wp-content\/uploads\/2025\/02\/Urban-Farming-Map.jpg 707w, https:\/\/www.cltweb.org\/wp-content\/uploads\/2025\/02\/Urban-Farming-Map-300x161.jpg 300w\" sizes=\"auto, (max-width: 707px) 100vw, 707px\" \/><\/figure>\n\n<p>La principale distinction \u00e0 faire ici est entre les fiducies fonci\u00e8res d&#8217;espaces ouverts et les fiducies fonci\u00e8res communautaires. Les community land trusts, en revanche, acqui\u00e8rent et d\u00e9tiennent des terrains au profit d&#8217;une communaut\u00e9 et disposent g\u00e9n\u00e9ralement d&#8217;un conseil d&#8217;administration tripartite comprenant des si\u00e8ges r\u00e9serv\u00e9s aux b\u00e9n\u00e9ficiaires de la fiducie (g\u00e9n\u00e9ralement les personnes qui vivent dans les logements d\u00e9tenus par la fiducie) et aux membres de la communaut\u00e9 voisine.   <\/p>\n\n<p>Pour illustrer les diff\u00e9rentes formes que peuvent prendre ces fiducies, nous pr\u00e9sentons quatre br\u00e8ves \u00e9tudes de cas. Dans la section sur le <a href=\"https:\/\/cltweb.dreamhosters.com\/land-tenure-for-urban-farming\/central-server\/\">mod\u00e8le de serveur central<\/a>, nous approfondissons le mod\u00e8le d\u00e9velopp\u00e9 par la fiducie fonci\u00e8re NeighborSpace de Chicago. <\/p>\n","protected":false},"excerpt":{"rendered":"<p>Au cours des trente derni\u00e8res ann\u00e9es, la fiducie fonci\u00e8re s&#8217;est impos\u00e9e comme un mod\u00e8le privil\u00e9gi\u00e9 de d\u00e9tention de terres pour les jardins communautaires et les fermes urbaines. Cette \u00e9volution refl\u00e8te [&hellip;]<\/p>\n","protected":false},"author":1,"featured_media":0,"parent":835,"menu_order":5,"comment_status":"closed","ping_status":"closed","template":"","meta":{"give_campaign_id":0,"_tec_requires_first_save":true,"_kad_blocks_custom_css":"","_kad_blocks_head_custom_js":"","_kad_blocks_body_custom_js":"","_kad_blocks_footer_custom_js":"","_EventAllDay":false,"_EventTimezone":"","_EventStartDate":"","_EventEndDate":"","_EventStartDateUTC":"","_EventEndDateUTC":"","_EventShowMap":false,"_EventShowMapLink":false,"_EventURL":"","_EventCost":"","_EventCostDescription":"","_EventCurrencySymbol":"","_EventCurrencyCode":"","_EventCurrencyPosition":"","_EventDateTimeSeparator":"","_EventTimeRangeSeparator":"","_EventOrganizerID":[],"_EventVenueID":[],"_OrganizerEmail":"","_OrganizerPhone":"","_OrganizerWebsite":"","_VenueAddress":"","_VenueCity":"","_VenueCountry":"","_VenueProvince":"","_VenueState":"","_VenueZip":"","_VenuePhone":"","_VenueURL":"","_VenueStateProvince":"","_VenueLat":"","_VenueLng":"","_VenueShowMap":false,"_VenueShowMapLink":false,"_tribe_blocks_recurrence_rules":"","_tribe_blocks_recurrence_description":"","_tribe_blocks_recurrence_exclusions":"","footnotes":""},"categories":[125],"tags":[],"class_list":["post-1659","page","type-page","status-publish","hentry","category-agriculture-fr"],"blocksy_meta":[],"yoast_head":"<!-- This site is optimized with the Yoast SEO Premium plugin v27.5 (Yoast SEO v27.5) - https:\/\/yoast.com\/product\/yoast-seo-premium-wordpress\/ -->\n<title>Le r\u00f4le des fiducies fonci\u00e8res - International Center for Community Land Trusts<\/title>\n<meta name=\"robots\" content=\"index, follow, max-snippet:-1, max-image-preview:large, max-video-preview:-1\" \/>\n<link rel=\"canonical\" href=\"https:\/\/www.cltweb.org\/fr\/bibliotheque-de-ressources\/agriculture\/le-role-des-fiducies-foncieres\/\" \/>\n<meta property=\"og:locale\" content=\"fr_FR\" \/>\n<meta property=\"og:type\" content=\"article\" \/>\n<meta property=\"og:title\" content=\"Le r\u00f4le des fiducies fonci\u00e8res\" \/>\n<meta property=\"og:description\" content=\"Au cours des trente derni\u00e8res ann\u00e9es, la fiducie fonci\u00e8re s&#8217;est impos\u00e9e comme un mod\u00e8le privil\u00e9gi\u00e9 de d\u00e9tention de terres pour les jardins communautaires et les fermes urbaines. Cette \u00e9volution refl\u00e8te [&hellip;]\" \/>\n<meta property=\"og:url\" content=\"https:\/\/www.cltweb.org\/fr\/bibliotheque-de-ressources\/agriculture\/le-role-des-fiducies-foncieres\/\" \/>\n<meta property=\"og:site_name\" content=\"International Center for Community Land Trusts\" \/>\n<meta property=\"article:publisher\" content=\"https:\/\/www.facebook.com\/cltcenter\" \/>\n<meta property=\"article:modified_time\" content=\"2025-02-03T19:44:12+00:00\" \/>\n<meta property=\"og:image\" content=\"https:\/\/www.cltweb.org\/wp-content\/uploads\/2025\/02\/Urban-Farming-Map.jpg\" \/>\n\t<meta property=\"og:image:width\" content=\"707\" \/>\n\t<meta property=\"og:image:height\" content=\"379\" \/>\n\t<meta property=\"og:image:type\" content=\"image\/jpeg\" \/>\n<meta name=\"twitter:card\" content=\"summary_large_image\" \/>\n<meta name=\"twitter:site\" content=\"@Center4CLTs\" \/>\n<meta name=\"twitter:label1\" content=\"Dur\u00e9e de lecture estim\u00e9e\" \/>\n\t<meta name=\"twitter:data1\" content=\"1 minute\" \/>\n<script type=\"application\/ld+json\" class=\"yoast-schema-graph\">{\"@context\":\"https:\\\/\\\/schema.org\",\"@graph\":[{\"@type\":\"WebPage\",\"@id\":\"https:\\\/\\\/www.cltweb.org\\\/fr\\\/bibliotheque-de-ressources\\\/agriculture\\\/le-role-des-fiducies-foncieres\\\/\",\"url\":\"https:\\\/\\\/www.cltweb.org\\\/fr\\\/bibliotheque-de-ressources\\\/agriculture\\\/le-role-des-fiducies-foncieres\\\/\",\"name\":\"Le r\u00f4le des fiducies fonci\u00e8res - International Center for Community Land Trusts\",\"isPartOf\":{\"@id\":\"https:\\\/\\\/www.cltweb.org\\\/fr\\\/#website\"},\"primaryImageOfPage\":{\"@id\":\"https:\\\/\\\/www.cltweb.org\\\/fr\\\/bibliotheque-de-ressources\\\/agriculture\\\/le-role-des-fiducies-foncieres\\\/#primaryimage\"},\"image\":{\"@id\":\"https:\\\/\\\/www.cltweb.org\\\/fr\\\/bibliotheque-de-ressources\\\/agriculture\\\/le-role-des-fiducies-foncieres\\\/#primaryimage\"},\"thumbnailUrl\":\"https:\\\/\\\/www.cltweb.org\\\/wp-content\\\/uploads\\\/2025\\\/02\\\/Urban-Farming-Map.jpg\",\"datePublished\":\"2024-07-29T23:03:54+00:00\",\"dateModified\":\"2025-02-03T19:44:12+00:00\",\"breadcrumb\":{\"@id\":\"https:\\\/\\\/www.cltweb.org\\\/fr\\\/bibliotheque-de-ressources\\\/agriculture\\\/le-role-des-fiducies-foncieres\\\/#breadcrumb\"},\"inLanguage\":\"fr-FR\",\"potentialAction\":[{\"@type\":\"ReadAction\",\"target\":[\"https:\\\/\\\/www.cltweb.org\\\/fr\\\/bibliotheque-de-ressources\\\/agriculture\\\/le-role-des-fiducies-foncieres\\\/\"]}]},{\"@type\":\"ImageObject\",\"inLanguage\":\"fr-FR\",\"@id\":\"https:\\\/\\\/www.cltweb.org\\\/fr\\\/bibliotheque-de-ressources\\\/agriculture\\\/le-role-des-fiducies-foncieres\\\/#primaryimage\",\"url\":\"https:\\\/\\\/www.cltweb.org\\\/wp-content\\\/uploads\\\/2025\\\/02\\\/Urban-Farming-Map.jpg\",\"contentUrl\":\"https:\\\/\\\/www.cltweb.org\\\/wp-content\\\/uploads\\\/2025\\\/02\\\/Urban-Farming-Map.jpg\"},{\"@type\":\"BreadcrumbList\",\"@id\":\"https:\\\/\\\/www.cltweb.org\\\/fr\\\/bibliotheque-de-ressources\\\/agriculture\\\/le-role-des-fiducies-foncieres\\\/#breadcrumb\",\"itemListElement\":[{\"@type\":\"ListItem\",\"position\":1,\"name\":\"Home\",\"item\":\"https:\\\/\\\/www.cltweb.org\\\/fr\\\/\"},{\"@type\":\"ListItem\",\"position\":2,\"name\":\"Biblioth\u00e8que de ressources\",\"item\":\"https:\\\/\\\/www.cltweb.org\\\/fr\\\/bibliotheque-de-ressources\\\/\"},{\"@type\":\"ListItem\",\"position\":3,\"name\":\"R\u00e9gime foncier pour l&#8217;agriculture urbaine\",\"item\":\"https:\\\/\\\/www.cltweb.org\\\/fr\\\/bibliotheque-de-ressources\\\/agriculture\\\/\"},{\"@type\":\"ListItem\",\"position\":4,\"name\":\"Le r\u00f4le des fiducies fonci\u00e8res\"}]},{\"@type\":\"WebSite\",\"@id\":\"https:\\\/\\\/www.cltweb.org\\\/fr\\\/#website\",\"url\":\"https:\\\/\\\/www.cltweb.org\\\/fr\\\/\",\"name\":\"International Center for Community Land Trusts\",\"description\":\"\",\"publisher\":{\"@id\":\"https:\\\/\\\/www.cltweb.org\\\/fr\\\/#organization\"},\"potentialAction\":[{\"@type\":\"SearchAction\",\"target\":{\"@type\":\"EntryPoint\",\"urlTemplate\":\"https:\\\/\\\/www.cltweb.org\\\/fr\\\/?s={search_term_string}\"},\"query-input\":{\"@type\":\"PropertyValueSpecification\",\"valueRequired\":true,\"valueName\":\"search_term_string\"}}],\"inLanguage\":\"fr-FR\"},{\"@type\":\"Organization\",\"@id\":\"https:\\\/\\\/www.cltweb.org\\\/fr\\\/#organization\",\"name\":\"International Center for Community Land Trusts\",\"url\":\"https:\\\/\\\/www.cltweb.org\\\/fr\\\/\",\"logo\":{\"@type\":\"ImageObject\",\"inLanguage\":\"fr-FR\",\"@id\":\"https:\\\/\\\/www.cltweb.org\\\/fr\\\/#\\\/schema\\\/logo\\\/image\\\/\",\"url\":\"https:\\\/\\\/www.cltweb.org\\\/wp-content\\\/uploads\\\/2024\\\/11\\\/New-CLT-Center-Text-logo.png\",\"contentUrl\":\"https:\\\/\\\/www.cltweb.org\\\/wp-content\\\/uploads\\\/2024\\\/11\\\/New-CLT-Center-Text-logo.png\",\"width\":227,\"height\":80,\"caption\":\"International Center for Community Land Trusts\"},\"image\":{\"@id\":\"https:\\\/\\\/www.cltweb.org\\\/fr\\\/#\\\/schema\\\/logo\\\/image\\\/\"},\"sameAs\":[\"https:\\\/\\\/www.facebook.com\\\/cltcenter\",\"https:\\\/\\\/x.com\\\/Center4CLTs\",\"https:\\\/\\\/www.instagram.com\\\/cltcenter\\\/\",\"https:\\\/\\\/www.linkedin.com\\\/company\\\/cltcenter\",\"https:\\\/\\\/www.youtube.com\\\/@centerforcltinnovation5313\"],\"description\":\"The International Center for Community Land Trusts is a not-for-profit nongovernmental organization established in 2018 to promote and to support community land trusts and similar strategies of community-led development on community-owned land in countries throughout the world.\",\"email\":\"info@communitylandtrust.net\",\"legalName\":\"International Center for Community Land Trusts\",\"foundingDate\":\"2018-12-01\",\"taxID\":\"84-3858933\",\"numberOfEmployees\":{\"@type\":\"QuantitativeValue\",\"minValue\":\"1\",\"maxValue\":\"10\"}}]}<\/script>\n<!-- \/ Yoast SEO Premium plugin. -->","yoast_head_json":{"title":"Le r\u00f4le des fiducies fonci\u00e8res - International Center for Community Land Trusts","robots":{"index":"index","follow":"follow","max-snippet":"max-snippet:-1","max-image-preview":"max-image-preview:large","max-video-preview":"max-video-preview:-1"},"canonical":"https:\/\/www.cltweb.org\/fr\/bibliotheque-de-ressources\/agriculture\/le-role-des-fiducies-foncieres\/","og_locale":"fr_FR","og_type":"article","og_title":"Le r\u00f4le des fiducies fonci\u00e8res","og_description":"Au cours des trente derni\u00e8res ann\u00e9es, la fiducie fonci\u00e8re s&#8217;est impos\u00e9e comme un mod\u00e8le privil\u00e9gi\u00e9 de d\u00e9tention de terres pour les jardins communautaires et les fermes urbaines. Cette \u00e9volution refl\u00e8te [&hellip;]","og_url":"https:\/\/www.cltweb.org\/fr\/bibliotheque-de-ressources\/agriculture\/le-role-des-fiducies-foncieres\/","og_site_name":"International Center for Community Land Trusts","article_publisher":"https:\/\/www.facebook.com\/cltcenter","article_modified_time":"2025-02-03T19:44:12+00:00","og_image":[{"width":707,"height":379,"url":"https:\/\/www.cltweb.org\/wp-content\/uploads\/2025\/02\/Urban-Farming-Map.jpg","type":"image\/jpeg"}],"twitter_card":"summary_large_image","twitter_site":"@Center4CLTs","twitter_misc":{"Dur\u00e9e de lecture estim\u00e9e":"1 minute"},"schema":{"@context":"https:\/\/schema.org","@graph":[{"@type":"WebPage","@id":"https:\/\/www.cltweb.org\/fr\/bibliotheque-de-ressources\/agriculture\/le-role-des-fiducies-foncieres\/","url":"https:\/\/www.cltweb.org\/fr\/bibliotheque-de-ressources\/agriculture\/le-role-des-fiducies-foncieres\/","name":"Le r\u00f4le des fiducies fonci\u00e8res - International Center for Community Land Trusts","isPartOf":{"@id":"https:\/\/www.cltweb.org\/fr\/#website"},"primaryImageOfPage":{"@id":"https:\/\/www.cltweb.org\/fr\/bibliotheque-de-ressources\/agriculture\/le-role-des-fiducies-foncieres\/#primaryimage"},"image":{"@id":"https:\/\/www.cltweb.org\/fr\/bibliotheque-de-ressources\/agriculture\/le-role-des-fiducies-foncieres\/#primaryimage"},"thumbnailUrl":"https:\/\/www.cltweb.org\/wp-content\/uploads\/2025\/02\/Urban-Farming-Map.jpg","datePublished":"2024-07-29T23:03:54+00:00","dateModified":"2025-02-03T19:44:12+00:00","breadcrumb":{"@id":"https:\/\/www.cltweb.org\/fr\/bibliotheque-de-ressources\/agriculture\/le-role-des-fiducies-foncieres\/#breadcrumb"},"inLanguage":"fr-FR","potentialAction":[{"@type":"ReadAction","target":["https:\/\/www.cltweb.org\/fr\/bibliotheque-de-ressources\/agriculture\/le-role-des-fiducies-foncieres\/"]}]},{"@type":"ImageObject","inLanguage":"fr-FR","@id":"https:\/\/www.cltweb.org\/fr\/bibliotheque-de-ressources\/agriculture\/le-role-des-fiducies-foncieres\/#primaryimage","url":"https:\/\/www.cltweb.org\/wp-content\/uploads\/2025\/02\/Urban-Farming-Map.jpg","contentUrl":"https:\/\/www.cltweb.org\/wp-content\/uploads\/2025\/02\/Urban-Farming-Map.jpg"},{"@type":"BreadcrumbList","@id":"https:\/\/www.cltweb.org\/fr\/bibliotheque-de-ressources\/agriculture\/le-role-des-fiducies-foncieres\/#breadcrumb","itemListElement":[{"@type":"ListItem","position":1,"name":"Home","item":"https:\/\/www.cltweb.org\/fr\/"},{"@type":"ListItem","position":2,"name":"Biblioth\u00e8que de ressources","item":"https:\/\/www.cltweb.org\/fr\/bibliotheque-de-ressources\/"},{"@type":"ListItem","position":3,"name":"R\u00e9gime foncier pour l&#8217;agriculture urbaine","item":"https:\/\/www.cltweb.org\/fr\/bibliotheque-de-ressources\/agriculture\/"},{"@type":"ListItem","position":4,"name":"Le r\u00f4le des fiducies fonci\u00e8res"}]},{"@type":"WebSite","@id":"https:\/\/www.cltweb.org\/fr\/#website","url":"https:\/\/www.cltweb.org\/fr\/","name":"International Center for Community Land Trusts","description":"","publisher":{"@id":"https:\/\/www.cltweb.org\/fr\/#organization"},"potentialAction":[{"@type":"SearchAction","target":{"@type":"EntryPoint","urlTemplate":"https:\/\/www.cltweb.org\/fr\/?s={search_term_string}"},"query-input":{"@type":"PropertyValueSpecification","valueRequired":true,"valueName":"search_term_string"}}],"inLanguage":"fr-FR"},{"@type":"Organization","@id":"https:\/\/www.cltweb.org\/fr\/#organization","name":"International Center for Community Land Trusts","url":"https:\/\/www.cltweb.org\/fr\/","logo":{"@type":"ImageObject","inLanguage":"fr-FR","@id":"https:\/\/www.cltweb.org\/fr\/#\/schema\/logo\/image\/","url":"https:\/\/www.cltweb.org\/wp-content\/uploads\/2024\/11\/New-CLT-Center-Text-logo.png","contentUrl":"https:\/\/www.cltweb.org\/wp-content\/uploads\/2024\/11\/New-CLT-Center-Text-logo.png","width":227,"height":80,"caption":"International Center for Community Land Trusts"},"image":{"@id":"https:\/\/www.cltweb.org\/fr\/#\/schema\/logo\/image\/"},"sameAs":["https:\/\/www.facebook.com\/cltcenter","https:\/\/x.com\/Center4CLTs","https:\/\/www.instagram.com\/cltcenter\/","https:\/\/www.linkedin.com\/company\/cltcenter","https:\/\/www.youtube.com\/@centerforcltinnovation5313"],"description":"The International Center for Community Land Trusts is a not-for-profit nongovernmental organization established in 2018 to promote and to support community land trusts and similar strategies of community-led development on community-owned land in countries throughout the world.","email":"info@communitylandtrust.net","legalName":"International Center for Community Land Trusts","foundingDate":"2018-12-01","taxID":"84-3858933","numberOfEmployees":{"@type":"QuantitativeValue","minValue":"1","maxValue":"10"}}]}},"campaignId":"","taxonomy_info":{"category":[{"value":125,"label":"Agriculture"}]},"featured_image_src_large":false,"author_info":{"display_name":"cltredesign_0jp0l4","author_link":"https:\/\/www.cltweb.org\/fr\/author\/cltredesign_0jp0l4\/"},"comment_info":0,"jetpack_sharing_enabled":true,"jetpack-related-posts":[{"id":8726,"url":"https:\/\/www.cltweb.org\/fr\/bibliotheque-de-ressources\/agriculture\/le-role-des-fiducies-foncieres\/fiducies-foncieres-de-lespace-ouvert\/","url_meta":{"origin":1659,"position":0},"title":"Fiducies fonci\u00e8res de l&#8217;espace ouvert","author":"cltredesign_0jp0l4","date":"2 f\u00e9vrier 2025","format":false,"excerpt":"Espace Voisin NeighborSpace est une fiducie fonci\u00e8re qui d\u00e9tient des terres pour des jardins communautaires et, de plus en plus, des fermes urbaines \u00e0 Chicago. Il a \u00e9t\u00e9 fond\u00e9 en 1996 en r\u00e9ponse \u00e0 une recommandation d'un rapport d'urbanisme selon lequel Chicago se classait au 18e rang des 20 grandes\u2026","rel":"","context":"Dans &quot;Agriculture&quot;","block_context":{"text":"Agriculture","link":"https:\/\/www.cltweb.org\/fr\/category\/agriculture-fr\/"},"img":{"alt_text":"","src":"","width":0,"height":0},"classes":[]},{"id":8761,"url":"https:\/\/www.cltweb.org\/fr\/bibliotheque-de-ressources\/agriculture\/le-modele-du-serveur-central\/etude-de-cas-neighborspace-chicago-il\/","url_meta":{"origin":1659,"position":1},"title":"\u00c9tude de cas : NeighborSpace (Chicago, IL)","author":"cltredesign_0jp0l4","date":"2 f\u00e9vrier 2025","format":false,"excerpt":"NeighborSpace est peut-\u00eatre l'organisation existante la plus proche de ce qui pourrait \u00eatre consid\u00e9r\u00e9 comme un mod\u00e8le de fiducie fonci\u00e8re \u00e0 serveur central pour l'agriculture urbaine. Un examen plus approfondi de l'histoire et de la structure de NeighborSpace montre comment un mod\u00e8le de serveur central pour l'agriculture urbaine pourrait \u00eatre\u2026","rel":"","context":"Dans &quot;Agriculture&quot;","block_context":{"text":"Agriculture","link":"https:\/\/www.cltweb.org\/fr\/category\/agriculture-fr\/"},"img":{"alt_text":"","src":"","width":0,"height":0},"classes":[]},{"id":8731,"url":"https:\/\/www.cltweb.org\/fr\/bibliotheque-de-ressources\/agriculture\/le-role-des-fiducies-foncieres\/fonds-fonciers-communautaires\/","url_meta":{"origin":1659,"position":2},"title":"Fonds fonciers communautaires","author":"cltredesign_0jp0l4","date":"2 f\u00e9vrier 2025","format":false,"excerpt":"Depuis les ann\u00e9es 1960, le Community Land Trust a \u00e9t\u00e9 d\u00e9velopp\u00e9 pour soutenir le logement abordable aux \u00c9tats-Unis. Dans le secteur du logement, le mod\u00e8le CLT combine deux innovations fondamentales en mati\u00e8re de gouvernance fonci\u00e8re. La premi\u00e8re innovation consiste \u00e0 s\u00e9parer la propri\u00e9t\u00e9 d'un logement de la propri\u00e9t\u00e9 du terrain\u2026","rel":"","context":"Article similaire","block_context":{"text":"Article similaire","link":""},"img":{"alt_text":"","src":"","width":0,"height":0},"classes":[]},{"id":8764,"url":"https:\/\/www.cltweb.org\/fr\/bibliotheque-de-ressources\/agriculture\/le-modele-du-serveur-central\/une-fiducie-fonciere-pour-les-fermes-commerciales-urbaines\/","url_meta":{"origin":1659,"position":3},"title":"Une fiducie fonci\u00e8re pour les fermes commerciales urbaines ?","author":"cltredesign_0jp0l4","date":"2 f\u00e9vrier 2025","format":false,"excerpt":"La d\u00e9tention de terres agricoles en fiducie est un compl\u00e9ment potentiel pour les mod\u00e8les d'agriculture urbaine \u00e0 but lucratif et entrepreneurial. Les responsables des fondations, en particulier, s'int\u00e9ressent \u00e0 la possibilit\u00e9 pour le secteur de l'agriculture urbaine de d\u00e9passer les mod\u00e8les d'entreprise \u00e0 but non lucratif qui d\u00e9pendent des subventions.\u2026","rel":"","context":"Dans &quot;Agriculture&quot;","block_context":{"text":"Agriculture","link":"https:\/\/www.cltweb.org\/fr\/category\/agriculture-fr\/"},"img":{"alt_text":"","src":"","width":0,"height":0},"classes":[]},{"id":1648,"url":"https:\/\/www.cltweb.org\/fr\/bibliotheque-de-ressources\/agriculture\/questions-strategiques\/","url_meta":{"origin":1659,"position":4},"title":"Questions strat\u00e9giques","author":"cltredesign_0jp0l4","date":"29 juillet 2024","format":false,"excerpt":"Comment les terres seront-elles s\u00e9curis\u00e9es pour les agriculteurs ? Bien qu'il s'agisse de la question centrale \u00e0 laquelle doit r\u00e9pondre un mod\u00e8le foncier, nous ne nous attendons pas \u00e0 ce qu'il y ait une r\u00e9ponse unique. En effet, comme nous l'avons sugg\u00e9r\u00e9 dans la section pr\u00e9c\u00e9dente, les terres peuvent \u00eatre\u2026","rel":"","context":"Dans &quot;Agriculture&quot;","block_context":{"text":"Agriculture","link":"https:\/\/www.cltweb.org\/fr\/category\/agriculture-fr\/"},"img":{"alt_text":"","src":"","width":0,"height":0},"classes":[]},{"id":2857,"url":"https:\/\/www.cltweb.org\/fr\/bibliotheque-de-ressources\/agriculture\/concepts-cles\/proteger-les-terres-de-la-speculation\/","url_meta":{"origin":1659,"position":5},"title":"Prot\u00e9ger les terres de la sp\u00e9culation","author":"cltredesign_0jp0l4","date":"4 octobre 2024","format":false,"excerpt":"Si des terres abordables sont la cl\u00e9 d'une agriculture urbaine commercialement viable et impliqu\u00e9e dans la communaut\u00e9, la question est de savoir comment prot\u00e9ger l'accessibilit\u00e9 \u00e0 long terme. Cela signifie, d'une part, qu'il faut veiller \u00e0 ce que les exploitations agricoles urbaines ne soient pas d\u00e9plac\u00e9es par la hausse rapide\u2026","rel":"","context":"Article similaire","block_context":{"text":"Article similaire","link":""},"img":{"alt_text":"","src":"","width":0,"height":0},"classes":[]}],"_links":{"self":[{"href":"https:\/\/www.cltweb.org\/fr\/wp-json\/wp\/v2\/pages\/1659","targetHints":{"allow":["GET"]}}],"collection":[{"href":"https:\/\/www.cltweb.org\/fr\/wp-json\/wp\/v2\/pages"}],"about":[{"href":"https:\/\/www.cltweb.org\/fr\/wp-json\/wp\/v2\/types\/page"}],"author":[{"embeddable":true,"href":"https:\/\/www.cltweb.org\/fr\/wp-json\/wp\/v2\/users\/1"}],"replies":[{"embeddable":true,"href":"https:\/\/www.cltweb.org\/fr\/wp-json\/wp\/v2\/comments?post=1659"}],"version-history":[{"count":2,"href":"https:\/\/www.cltweb.org\/fr\/wp-json\/wp\/v2\/pages\/1659\/revisions"}],"predecessor-version":[{"id":8891,"href":"https:\/\/www.cltweb.org\/fr\/wp-json\/wp\/v2\/pages\/1659\/revisions\/8891"}],"up":[{"embeddable":true,"href":"https:\/\/www.cltweb.org\/fr\/wp-json\/wp\/v2\/pages\/835"}],"wp:attachment":[{"href":"https:\/\/www.cltweb.org\/fr\/wp-json\/wp\/v2\/media?parent=1659"}],"wp:term":[{"taxonomy":"category","embeddable":true,"href":"https:\/\/www.cltweb.org\/fr\/wp-json\/wp\/v2\/categories?post=1659"},{"taxonomy":"post_tag","embeddable":true,"href":"https:\/\/www.cltweb.org\/fr\/wp-json\/wp\/v2\/tags?post=1659"}],"curies":[{"name":"wp","href":"https:\/\/api.w.org\/{rel}","templated":true}]}}