{"id":1668,"date":"2024-07-29T23:03:33","date_gmt":"2024-07-29T23:03:33","guid":{"rendered":"https:\/\/www.cltweb.org\/ce-que-font-les-clt\/agriculture\/le-role-des-organisations-a-but-non-lucratif\/"},"modified":"2025-02-03T19:42:06","modified_gmt":"2025-02-03T19:42:06","slug":"le-role-des-organisations-a-but-non-lucratif","status":"publish","type":"page","link":"https:\/\/www.cltweb.org\/fr\/bibliotheque-de-ressources\/agriculture\/le-role-des-organisations-a-but-non-lucratif\/","title":{"rendered":"Le r\u00f4le des organisations \u00e0 but non lucratif"},"content":{"rendered":"\n<p>Comme dans d&#8217;autres domaines du d\u00e9veloppement \u00e9conomique communautaire, le secteur \u00e0 but non lucratif a un r\u00f4le particulier \u00e0 jouer lorsqu&#8217;il s&#8217;agit de donner un coup de fouet \u00e0 l&#8217;agriculture urbaine. L&#8217;agriculture urbaine est une approche relativement peu co\u00fbteuse de la revitalisation des communaut\u00e9s, le co\u00fbt de l&#8217;investissement \u00e9tant inf\u00e9rieur \u00e0 celui d&#8217;autres formes de r\u00e9am\u00e9nagement. En principe, une ferme urbaine peut \u00eatre construite plus rapidement et \u00e0 moindre co\u00fbt que des logements ou des am\u00e9nagements \u00e0 usage mixte. Dans la pratique, bien s\u00fbr, le fait que les mod\u00e8les d&#8217;entreprise de l&#8217;agriculture urbaine soient encore \u00e0 l&#8217;essai signifie qu&#8217;ils peuvent rencontrer des retards dans la mobilisation de capitaux et le respect des exigences r\u00e9glementaires.   <\/p>\n\n<p>On peut donc consid\u00e9rer que les fermes urbaines \u00e0 but non lucratif ouvrent effectivement la voie au d\u00e9veloppement ult\u00e9rieur du secteur priv\u00e9. Au-del\u00e0 de l&#8217;agriculture, c&#8217;est le r\u00f4le historique que les organisations \u00e0 but non lucratif ont assum\u00e9 dans les projets de d\u00e9veloppement \u00e9conomique communautaire. Les promoteurs immobiliers \u00e0 but lucratif, par exemple, peuvent h\u00e9siter \u00e0 s&#8217;implanter dans un quartier o\u00f9 la perception du risque est \u00e9lev\u00e9e. Ils attendront que les organisations \u00e0 but non lucratif aient r\u00e9gl\u00e9 les probl\u00e8mes de r\u00e9glementation et prouv\u00e9 que la demande est suffisante pour justifier l&#8217;investissement de capitaux dans des projets \u00e0 but lucratif.   <\/p>\n\n<h2 class=\"wp-block-heading\" id=\"h-affordability\">Abordabilit\u00e9<\/h2>\n\n<p>Ce parall\u00e8le entre le logement et la production alimentaire explique pourquoi les organisations \u00e0 but non lucratif &#8211; sous la forme de fiducies fonci\u00e8res, de sites de formation et de fermes incubatrices &#8211; pourraient \u00eatre un fournisseur essentiel de terres agricoles urbaines abordables. Par analogie, sur les march\u00e9s immobiliers &#8220;inabordables&#8221;, il n&#8217;est pas possible de fournir des logements abordables sans subventions. Il n&#8217;est pas non plus possible de maintenir des logements abordables face \u00e0 un march\u00e9 en hausse sans certains contr\u00f4les, tels que des restrictions \u00e0 la revente, qui garantissent l&#8217;abordabilit\u00e9 \u00e0 long terme.  <\/p>\n\n<p>Contrairement au logement, il n&#8217;existe pas de d\u00e9finition standardis\u00e9e pour d\u00e9crire les terres agricoles urbaines abordables. Dans le domaine du logement, l&#8217;accessibilit\u00e9 est le plus souvent d\u00e9crite en termes de ratio du revenu brut, le logement \u00e9tant consid\u00e9r\u00e9 comme abordable tant que pas plus d&#8217;un tiers du revenu brut du m\u00e9nage n&#8217;est consacr\u00e9 aux d\u00e9penses li\u00e9es au logement. Aux \u00c9tats-Unis, le revenu cibl\u00e9 des m\u00e9nages est exprim\u00e9 en pourcentage du revenu m\u00e9dian de la zone (AMI), qui va de 30 % de l&#8217;AMI pour les m\u00e9nages \u00e0 tr\u00e8s faibles revenus \u00e0 120 % pour les m\u00e9nages \u00e0 revenus mod\u00e9r\u00e9s vivant dans des march\u00e9s hyperinflat\u00e9s tels que la r\u00e9gion de la Baie. Il n&#8217;existe pas de cadre comparable pour les terres agricoles urbaines.   <\/p>\n\n<p>Au lieu de cela, les terres agricoles urbaines abordables sont souvent d\u00e9crites simplement comme des terres &#8220;gratuites ou bon march\u00e9&#8221;, avec peu de description au-del\u00e0. Et m\u00eame les terres gratuites le sont rarement, car elles n\u00e9cessitent presque toujours un certain niveau d&#8217;assainissement du sol ou l&#8217;installation d&#8217;infrastructures &#8211; sans parler de la couverture des frais de transaction. La plupart du temps, le caract\u00e8re abordable est d\u00e9fini au cas par cas, en fonction de la parcelle de terre concern\u00e9e, des besoins en mati\u00e8re d&#8217;assainissement et d&#8217;infrastructure, des cultures pratiqu\u00e9es et des revenus nets qu&#8217;un cultivateur devrait g\u00e9n\u00e9rer.  <\/p>\n\n<p>Mais dans chaque cas, sur les march\u00e9s fonciers urbains o\u00f9 l&#8217;espace pour l&#8217;agriculture est inabordable, du moins compte tenu des mod\u00e8les de revenus actuels pour les fermes urbaines, une certaine mesure de subventions pourrait \u00eatre justifi\u00e9e pour mettre des terres \u00e0 la disposition des cultivateurs afin qu&#8217;ils acqui\u00e8rent des comp\u00e9tences de base et qu&#8217;ils &#8220;roulent&#8221; sur leurs mod\u00e8les d&#8217;entreprise \u00e9mergents. Au fur et \u00e0 mesure que le march\u00e9 se d\u00e9veloppe, les agriculteurs les plus comp\u00e9tents pourraient \u00eatre en mesure d&#8217;acheter des terres \u00e0 des prix proches de ceux du march\u00e9 (en dehors des march\u00e9s immobiliers hyperinflat\u00e9s), mais certains contr\u00f4les resteraient probablement justifi\u00e9s pour fournir de l&#8217;espace aux nouveaux venus dans le secteur de l&#8217;agriculture urbaine et pour garantir que tous les quartiers profitent des avantages communautaires que l&#8217;agriculture urbaine permet d&#8217;obtenir. <\/p>\n\n<h2 class=\"wp-block-heading\" id=\"h-nonprofits-as-partners-not-predators\">Les organisations \u00e0 but non lucratif : des partenaires, pas des pr\u00e9dateurs<\/h2>\n\n<p>Parce que les quartiers minoritaires \u00e0 faibles revenus sont souvent caract\u00e9ris\u00e9s par ce qui leur manque, il est facile d&#8217;ignorer ce qu&#8217;ils ont. Pour les organisations \u00e0 but non lucratif, ces parties de la ville sont un terrain fertile pour lancer de nouvelles initiatives et soutenir ou \u00e9largir les programmes. Les dirigeants d&#8217;organisations \u00e0 but non lucratif agissent souvent avec de bonnes intentions, dans le but de soutenir la revitalisation des communaut\u00e9s ; mais ils sont \u00e9galement soumis \u00e0 des pressions pour r\u00e9pondre aux attentes des bailleurs de fonds, qui souhaitent que les programmes soient cibl\u00e9s sur les communaut\u00e9s &#8220;les plus n\u00e9cessiteuses&#8221;, qui peuvent \u00eatre utilis\u00e9es comme bancs d&#8217;essai pour d\u00e9velopper des interventions &#8220;\u00e9volutives&#8221; ou &#8220;reproductibles&#8221;. Dans le meilleur des cas, des villes enti\u00e8res &#8211; comme D\u00e9troit ou la Nouvelle-Orl\u00e9ans apr\u00e8s l&#8217;ouragan Katrina &#8211; ont \u00e9t\u00e9 imagin\u00e9es comme des laboratoires pour exp\u00e9rimenter les types d&#8217;interventions privil\u00e9gi\u00e9s par les donateurs et les organisations \u00e0 but non lucratif qu&#8217;ils financent, les habitants se sentant parfois plus comme des rats de laboratoire que comme des partenaires.   <\/p>\n\n<p>D&#8217;autres chapitres de ce volume traitent de la mani\u00e8re dont l&#8217;agriculture urbaine peut \u00eatre un secteur dans lequel les gens r\u00e9sistent &#8211; ou reproduisent &#8211; les types d&#8217;oppression qui ont \u00e9t\u00e9 tiss\u00e9s dans l&#8217;histoire des \u00c9tats-Unis. Dans ce qui suit, nous cherchons \u00e0 identifier comment les mod\u00e8les fonciers en particulier peuvent \u00eatre structur\u00e9s pour garantir que les ONG d&#8217;agriculture urbaine soient des partenaires des communaut\u00e9s dans lesquelles elles travaillent, plut\u00f4t que des pr\u00e9dateurs. <\/p>\n","protected":false},"excerpt":{"rendered":"<p>Comme dans d&#8217;autres domaines du d\u00e9veloppement \u00e9conomique communautaire, le secteur \u00e0 but non lucratif a un r\u00f4le particulier \u00e0 jouer lorsqu&#8217;il s&#8217;agit de donner un coup de fouet \u00e0 l&#8217;agriculture [&hellip;]<\/p>\n","protected":false},"author":1,"featured_media":0,"parent":835,"menu_order":4,"comment_status":"closed","ping_status":"closed","template":"","meta":{"give_campaign_id":0,"_tec_requires_first_save":true,"_kad_blocks_custom_css":"","_kad_blocks_head_custom_js":"","_kad_blocks_body_custom_js":"","_kad_blocks_footer_custom_js":"","_EventAllDay":false,"_EventTimezone":"","_EventStartDate":"","_EventEndDate":"","_EventStartDateUTC":"","_EventEndDateUTC":"","_EventShowMap":false,"_EventShowMapLink":false,"_EventURL":"","_EventCost":"","_EventCostDescription":"","_EventCurrencySymbol":"","_EventCurrencyCode":"","_EventCurrencyPosition":"","_EventDateTimeSeparator":"","_EventTimeRangeSeparator":"","_EventOrganizerID":[],"_EventVenueID":[],"_OrganizerEmail":"","_OrganizerPhone":"","_OrganizerWebsite":"","_VenueAddress":"","_VenueCity":"","_VenueCountry":"","_VenueProvince":"","_VenueState":"","_VenueZip":"","_VenuePhone":"","_VenueURL":"","_VenueStateProvince":"","_VenueLat":"","_VenueLng":"","_VenueShowMap":false,"_VenueShowMapLink":false,"_tribe_blocks_recurrence_rules":"","_tribe_blocks_recurrence_description":"","_tribe_blocks_recurrence_exclusions":"","footnotes":""},"categories":[125],"tags":[],"class_list":["post-1668","page","type-page","status-publish","hentry","category-agriculture-fr"],"blocksy_meta":[],"yoast_head":"<!-- This site is optimized with the Yoast SEO Premium plugin v27.5 (Yoast SEO v27.5) - https:\/\/yoast.com\/product\/yoast-seo-premium-wordpress\/ -->\n<title>Le r\u00f4le des organisations \u00e0 but non lucratif - International Center for Community Land Trusts<\/title>\n<meta name=\"robots\" content=\"index, follow, max-snippet:-1, max-image-preview:large, max-video-preview:-1\" \/>\n<link rel=\"canonical\" href=\"https:\/\/www.cltweb.org\/fr\/bibliotheque-de-ressources\/agriculture\/le-role-des-organisations-a-but-non-lucratif\/\" \/>\n<meta property=\"og:locale\" content=\"fr_FR\" \/>\n<meta property=\"og:type\" content=\"article\" \/>\n<meta property=\"og:title\" content=\"Le r\u00f4le des organisations \u00e0 but non lucratif\" \/>\n<meta property=\"og:description\" content=\"Comme dans d&#8217;autres domaines du d\u00e9veloppement \u00e9conomique communautaire, le secteur \u00e0 but non lucratif a un r\u00f4le particulier \u00e0 jouer lorsqu&#8217;il s&#8217;agit de donner un coup de fouet \u00e0 l&#8217;agriculture [&hellip;]\" \/>\n<meta property=\"og:url\" content=\"https:\/\/www.cltweb.org\/fr\/bibliotheque-de-ressources\/agriculture\/le-role-des-organisations-a-but-non-lucratif\/\" \/>\n<meta property=\"og:site_name\" content=\"International Center for Community Land Trusts\" \/>\n<meta property=\"article:publisher\" content=\"https:\/\/www.facebook.com\/cltcenter\" \/>\n<meta property=\"article:modified_time\" content=\"2025-02-03T19:42:06+00:00\" \/>\n<meta name=\"twitter:card\" content=\"summary_large_image\" \/>\n<meta name=\"twitter:site\" content=\"@Center4CLTs\" \/>\n<meta name=\"twitter:label1\" content=\"Dur\u00e9e de lecture estim\u00e9e\" \/>\n\t<meta name=\"twitter:data1\" content=\"5 minutes\" \/>\n<script type=\"application\/ld+json\" class=\"yoast-schema-graph\">{\"@context\":\"https:\\\/\\\/schema.org\",\"@graph\":[{\"@type\":\"WebPage\",\"@id\":\"https:\\\/\\\/www.cltweb.org\\\/fr\\\/bibliotheque-de-ressources\\\/agriculture\\\/le-role-des-organisations-a-but-non-lucratif\\\/\",\"url\":\"https:\\\/\\\/www.cltweb.org\\\/fr\\\/bibliotheque-de-ressources\\\/agriculture\\\/le-role-des-organisations-a-but-non-lucratif\\\/\",\"name\":\"Le r\u00f4le des organisations \u00e0 but non lucratif - International Center for Community Land Trusts\",\"isPartOf\":{\"@id\":\"https:\\\/\\\/www.cltweb.org\\\/fr\\\/#website\"},\"datePublished\":\"2024-07-29T23:03:33+00:00\",\"dateModified\":\"2025-02-03T19:42:06+00:00\",\"breadcrumb\":{\"@id\":\"https:\\\/\\\/www.cltweb.org\\\/fr\\\/bibliotheque-de-ressources\\\/agriculture\\\/le-role-des-organisations-a-but-non-lucratif\\\/#breadcrumb\"},\"inLanguage\":\"fr-FR\",\"potentialAction\":[{\"@type\":\"ReadAction\",\"target\":[\"https:\\\/\\\/www.cltweb.org\\\/fr\\\/bibliotheque-de-ressources\\\/agriculture\\\/le-role-des-organisations-a-but-non-lucratif\\\/\"]}]},{\"@type\":\"BreadcrumbList\",\"@id\":\"https:\\\/\\\/www.cltweb.org\\\/fr\\\/bibliotheque-de-ressources\\\/agriculture\\\/le-role-des-organisations-a-but-non-lucratif\\\/#breadcrumb\",\"itemListElement\":[{\"@type\":\"ListItem\",\"position\":1,\"name\":\"Home\",\"item\":\"https:\\\/\\\/www.cltweb.org\\\/fr\\\/\"},{\"@type\":\"ListItem\",\"position\":2,\"name\":\"Biblioth\u00e8que de ressources\",\"item\":\"https:\\\/\\\/www.cltweb.org\\\/fr\\\/bibliotheque-de-ressources\\\/\"},{\"@type\":\"ListItem\",\"position\":3,\"name\":\"R\u00e9gime foncier pour l&#8217;agriculture urbaine\",\"item\":\"https:\\\/\\\/www.cltweb.org\\\/fr\\\/bibliotheque-de-ressources\\\/agriculture\\\/\"},{\"@type\":\"ListItem\",\"position\":4,\"name\":\"Le r\u00f4le des organisations \u00e0 but non lucratif\"}]},{\"@type\":\"WebSite\",\"@id\":\"https:\\\/\\\/www.cltweb.org\\\/fr\\\/#website\",\"url\":\"https:\\\/\\\/www.cltweb.org\\\/fr\\\/\",\"name\":\"International Center for Community Land Trusts\",\"description\":\"\",\"publisher\":{\"@id\":\"https:\\\/\\\/www.cltweb.org\\\/fr\\\/#organization\"},\"potentialAction\":[{\"@type\":\"SearchAction\",\"target\":{\"@type\":\"EntryPoint\",\"urlTemplate\":\"https:\\\/\\\/www.cltweb.org\\\/fr\\\/?s={search_term_string}\"},\"query-input\":{\"@type\":\"PropertyValueSpecification\",\"valueRequired\":true,\"valueName\":\"search_term_string\"}}],\"inLanguage\":\"fr-FR\"},{\"@type\":\"Organization\",\"@id\":\"https:\\\/\\\/www.cltweb.org\\\/fr\\\/#organization\",\"name\":\"International Center for Community Land Trusts\",\"url\":\"https:\\\/\\\/www.cltweb.org\\\/fr\\\/\",\"logo\":{\"@type\":\"ImageObject\",\"inLanguage\":\"fr-FR\",\"@id\":\"https:\\\/\\\/www.cltweb.org\\\/fr\\\/#\\\/schema\\\/logo\\\/image\\\/\",\"url\":\"https:\\\/\\\/www.cltweb.org\\\/wp-content\\\/uploads\\\/2024\\\/11\\\/New-CLT-Center-Text-logo.png\",\"contentUrl\":\"https:\\\/\\\/www.cltweb.org\\\/wp-content\\\/uploads\\\/2024\\\/11\\\/New-CLT-Center-Text-logo.png\",\"width\":227,\"height\":80,\"caption\":\"International Center for Community Land Trusts\"},\"image\":{\"@id\":\"https:\\\/\\\/www.cltweb.org\\\/fr\\\/#\\\/schema\\\/logo\\\/image\\\/\"},\"sameAs\":[\"https:\\\/\\\/www.facebook.com\\\/cltcenter\",\"https:\\\/\\\/x.com\\\/Center4CLTs\",\"https:\\\/\\\/www.instagram.com\\\/cltcenter\\\/\",\"https:\\\/\\\/www.linkedin.com\\\/company\\\/cltcenter\",\"https:\\\/\\\/www.youtube.com\\\/@centerforcltinnovation5313\"],\"description\":\"The International Center for Community Land Trusts is a not-for-profit nongovernmental organization established in 2018 to promote and to support community land trusts and similar strategies of community-led development on community-owned land in countries throughout the world.\",\"email\":\"info@communitylandtrust.net\",\"legalName\":\"International Center for Community Land Trusts\",\"foundingDate\":\"2018-12-01\",\"taxID\":\"84-3858933\",\"numberOfEmployees\":{\"@type\":\"QuantitativeValue\",\"minValue\":\"1\",\"maxValue\":\"10\"}}]}<\/script>\n<!-- \/ Yoast SEO Premium plugin. -->","yoast_head_json":{"title":"Le r\u00f4le des organisations \u00e0 but non lucratif - International Center for Community Land Trusts","robots":{"index":"index","follow":"follow","max-snippet":"max-snippet:-1","max-image-preview":"max-image-preview:large","max-video-preview":"max-video-preview:-1"},"canonical":"https:\/\/www.cltweb.org\/fr\/bibliotheque-de-ressources\/agriculture\/le-role-des-organisations-a-but-non-lucratif\/","og_locale":"fr_FR","og_type":"article","og_title":"Le r\u00f4le des organisations \u00e0 but non lucratif","og_description":"Comme dans d&#8217;autres domaines du d\u00e9veloppement \u00e9conomique communautaire, le secteur \u00e0 but non lucratif a un r\u00f4le particulier \u00e0 jouer lorsqu&#8217;il s&#8217;agit de donner un coup de fouet \u00e0 l&#8217;agriculture [&hellip;]","og_url":"https:\/\/www.cltweb.org\/fr\/bibliotheque-de-ressources\/agriculture\/le-role-des-organisations-a-but-non-lucratif\/","og_site_name":"International Center for Community Land Trusts","article_publisher":"https:\/\/www.facebook.com\/cltcenter","article_modified_time":"2025-02-03T19:42:06+00:00","twitter_card":"summary_large_image","twitter_site":"@Center4CLTs","twitter_misc":{"Dur\u00e9e de lecture estim\u00e9e":"5 minutes"},"schema":{"@context":"https:\/\/schema.org","@graph":[{"@type":"WebPage","@id":"https:\/\/www.cltweb.org\/fr\/bibliotheque-de-ressources\/agriculture\/le-role-des-organisations-a-but-non-lucratif\/","url":"https:\/\/www.cltweb.org\/fr\/bibliotheque-de-ressources\/agriculture\/le-role-des-organisations-a-but-non-lucratif\/","name":"Le r\u00f4le des organisations \u00e0 but non lucratif - International Center for Community Land Trusts","isPartOf":{"@id":"https:\/\/www.cltweb.org\/fr\/#website"},"datePublished":"2024-07-29T23:03:33+00:00","dateModified":"2025-02-03T19:42:06+00:00","breadcrumb":{"@id":"https:\/\/www.cltweb.org\/fr\/bibliotheque-de-ressources\/agriculture\/le-role-des-organisations-a-but-non-lucratif\/#breadcrumb"},"inLanguage":"fr-FR","potentialAction":[{"@type":"ReadAction","target":["https:\/\/www.cltweb.org\/fr\/bibliotheque-de-ressources\/agriculture\/le-role-des-organisations-a-but-non-lucratif\/"]}]},{"@type":"BreadcrumbList","@id":"https:\/\/www.cltweb.org\/fr\/bibliotheque-de-ressources\/agriculture\/le-role-des-organisations-a-but-non-lucratif\/#breadcrumb","itemListElement":[{"@type":"ListItem","position":1,"name":"Home","item":"https:\/\/www.cltweb.org\/fr\/"},{"@type":"ListItem","position":2,"name":"Biblioth\u00e8que de ressources","item":"https:\/\/www.cltweb.org\/fr\/bibliotheque-de-ressources\/"},{"@type":"ListItem","position":3,"name":"R\u00e9gime foncier pour l&#8217;agriculture urbaine","item":"https:\/\/www.cltweb.org\/fr\/bibliotheque-de-ressources\/agriculture\/"},{"@type":"ListItem","position":4,"name":"Le r\u00f4le des organisations \u00e0 but non lucratif"}]},{"@type":"WebSite","@id":"https:\/\/www.cltweb.org\/fr\/#website","url":"https:\/\/www.cltweb.org\/fr\/","name":"International Center for Community Land Trusts","description":"","publisher":{"@id":"https:\/\/www.cltweb.org\/fr\/#organization"},"potentialAction":[{"@type":"SearchAction","target":{"@type":"EntryPoint","urlTemplate":"https:\/\/www.cltweb.org\/fr\/?s={search_term_string}"},"query-input":{"@type":"PropertyValueSpecification","valueRequired":true,"valueName":"search_term_string"}}],"inLanguage":"fr-FR"},{"@type":"Organization","@id":"https:\/\/www.cltweb.org\/fr\/#organization","name":"International Center for Community Land Trusts","url":"https:\/\/www.cltweb.org\/fr\/","logo":{"@type":"ImageObject","inLanguage":"fr-FR","@id":"https:\/\/www.cltweb.org\/fr\/#\/schema\/logo\/image\/","url":"https:\/\/www.cltweb.org\/wp-content\/uploads\/2024\/11\/New-CLT-Center-Text-logo.png","contentUrl":"https:\/\/www.cltweb.org\/wp-content\/uploads\/2024\/11\/New-CLT-Center-Text-logo.png","width":227,"height":80,"caption":"International Center for Community Land Trusts"},"image":{"@id":"https:\/\/www.cltweb.org\/fr\/#\/schema\/logo\/image\/"},"sameAs":["https:\/\/www.facebook.com\/cltcenter","https:\/\/x.com\/Center4CLTs","https:\/\/www.instagram.com\/cltcenter\/","https:\/\/www.linkedin.com\/company\/cltcenter","https:\/\/www.youtube.com\/@centerforcltinnovation5313"],"description":"The International Center for Community Land Trusts is a not-for-profit nongovernmental organization established in 2018 to promote and to support community land trusts and similar strategies of community-led development on community-owned land in countries throughout the world.","email":"info@communitylandtrust.net","legalName":"International Center for Community Land Trusts","foundingDate":"2018-12-01","taxID":"84-3858933","numberOfEmployees":{"@type":"QuantitativeValue","minValue":"1","maxValue":"10"}}]}},"campaignId":"","taxonomy_info":{"category":[{"value":125,"label":"Agriculture"}]},"featured_image_src_large":false,"author_info":{"display_name":"cltredesign_0jp0l4","author_link":"https:\/\/www.cltweb.org\/fr\/author\/cltredesign_0jp0l4\/"},"comment_info":0,"jetpack_sharing_enabled":true,"jetpack-related-posts":[{"id":1678,"url":"https:\/\/www.cltweb.org\/fr\/bibliotheque-de-ressources\/agriculture\/defis\/","url_meta":{"origin":1668,"position":0},"title":"D\u00e9fis","author":"cltredesign_0jp0l4","date":"29 juillet 2024","format":false,"excerpt":"Le besoin de terrains abordables Le co\u00fbt \u00e9lev\u00e9 des terres urbaines par rapport aux terres rurales pose un probl\u00e8me majeur aux agriculteurs urbains potentiels. Contrairement aux agriculteurs ruraux, ils sont en concurrence pour les terres avec une multitude d'autres utilisateurs potentiels, ce qui cr\u00e9e des pressions inflationnistes sur les prix\u2026","rel":"","context":"Dans &quot;Agriculture&quot;","block_context":{"text":"Agriculture","link":"https:\/\/www.cltweb.org\/fr\/category\/agriculture-fr\/"},"img":{"alt_text":"","src":"","width":0,"height":0},"classes":[]},{"id":8761,"url":"https:\/\/www.cltweb.org\/fr\/bibliotheque-de-ressources\/agriculture\/le-modele-du-serveur-central\/etude-de-cas-neighborspace-chicago-il\/","url_meta":{"origin":1668,"position":1},"title":"\u00c9tude de cas : NeighborSpace (Chicago, IL)","author":"cltredesign_0jp0l4","date":"2 f\u00e9vrier 2025","format":false,"excerpt":"NeighborSpace est peut-\u00eatre l'organisation existante la plus proche de ce qui pourrait \u00eatre consid\u00e9r\u00e9 comme un mod\u00e8le de fiducie fonci\u00e8re \u00e0 serveur central pour l'agriculture urbaine. Un examen plus approfondi de l'histoire et de la structure de NeighborSpace montre comment un mod\u00e8le de serveur central pour l'agriculture urbaine pourrait \u00eatre\u2026","rel":"","context":"Dans &quot;Agriculture&quot;","block_context":{"text":"Agriculture","link":"https:\/\/www.cltweb.org\/fr\/category\/agriculture-fr\/"},"img":{"alt_text":"","src":"","width":0,"height":0},"classes":[]},{"id":8764,"url":"https:\/\/www.cltweb.org\/fr\/bibliotheque-de-ressources\/agriculture\/le-modele-du-serveur-central\/une-fiducie-fonciere-pour-les-fermes-commerciales-urbaines\/","url_meta":{"origin":1668,"position":2},"title":"Une fiducie fonci\u00e8re pour les fermes commerciales urbaines ?","author":"cltredesign_0jp0l4","date":"2 f\u00e9vrier 2025","format":false,"excerpt":"La d\u00e9tention de terres agricoles en fiducie est un compl\u00e9ment potentiel pour les mod\u00e8les d'agriculture urbaine \u00e0 but lucratif et entrepreneurial. Les responsables des fondations, en particulier, s'int\u00e9ressent \u00e0 la possibilit\u00e9 pour le secteur de l'agriculture urbaine de d\u00e9passer les mod\u00e8les d'entreprise \u00e0 but non lucratif qui d\u00e9pendent des subventions.\u2026","rel":"","context":"Dans &quot;Agriculture&quot;","block_context":{"text":"Agriculture","link":"https:\/\/www.cltweb.org\/fr\/category\/agriculture-fr\/"},"img":{"alt_text":"","src":"","width":0,"height":0},"classes":[]},{"id":1648,"url":"https:\/\/www.cltweb.org\/fr\/bibliotheque-de-ressources\/agriculture\/questions-strategiques\/","url_meta":{"origin":1668,"position":3},"title":"Questions strat\u00e9giques","author":"cltredesign_0jp0l4","date":"29 juillet 2024","format":false,"excerpt":"Comment les terres seront-elles s\u00e9curis\u00e9es pour les agriculteurs ? Bien qu'il s'agisse de la question centrale \u00e0 laquelle doit r\u00e9pondre un mod\u00e8le foncier, nous ne nous attendons pas \u00e0 ce qu'il y ait une r\u00e9ponse unique. En effet, comme nous l'avons sugg\u00e9r\u00e9 dans la section pr\u00e9c\u00e9dente, les terres peuvent \u00eatre\u2026","rel":"","context":"Dans &quot;Agriculture&quot;","block_context":{"text":"Agriculture","link":"https:\/\/www.cltweb.org\/fr\/category\/agriculture-fr\/"},"img":{"alt_text":"","src":"","width":0,"height":0},"classes":[]},{"id":8731,"url":"https:\/\/www.cltweb.org\/fr\/bibliotheque-de-ressources\/agriculture\/le-role-des-fiducies-foncieres\/fonds-fonciers-communautaires\/","url_meta":{"origin":1668,"position":4},"title":"Fonds fonciers communautaires","author":"cltredesign_0jp0l4","date":"2 f\u00e9vrier 2025","format":false,"excerpt":"Depuis les ann\u00e9es 1960, le Community Land Trust a \u00e9t\u00e9 d\u00e9velopp\u00e9 pour soutenir le logement abordable aux \u00c9tats-Unis. Dans le secteur du logement, le mod\u00e8le CLT combine deux innovations fondamentales en mati\u00e8re de gouvernance fonci\u00e8re. La premi\u00e8re innovation consiste \u00e0 s\u00e9parer la propri\u00e9t\u00e9 d'un logement de la propri\u00e9t\u00e9 du terrain\u2026","rel":"","context":"Article similaire","block_context":{"text":"Article similaire","link":""},"img":{"alt_text":"","src":"","width":0,"height":0},"classes":[]},{"id":835,"url":"https:\/\/www.cltweb.org\/fr\/bibliotheque-de-ressources\/agriculture\/","url_meta":{"origin":1668,"position":5},"title":"R\u00e9gime foncier pour l&#8217;agriculture urbaine","author":"cltredesign_0jp0l4","date":"26 juillet 2024","format":false,"excerpt":"R\u00e9gime foncier pour l'agriculture urbaine Dans les villes des \u00c9tats-Unis, les habitants se tournent vers les fermes urbaines pour b\u00e9n\u00e9ficier d'un large \u00e9ventail d'avantages. Les fermes urbaines fournissent des aliments frais aux habitants du quartier, ainsi qu'aux magasins et aux restaurants. Elles contribuent \u00e0 promouvoir des habitudes alimentaires saines et\u2026","rel":"","context":"Dans &quot;Recherche&quot;","block_context":{"text":"Recherche","link":"https:\/\/www.cltweb.org\/fr\/category\/recherche\/"},"img":{"alt_text":"","src":"","width":0,"height":0},"classes":[]}],"_links":{"self":[{"href":"https:\/\/www.cltweb.org\/fr\/wp-json\/wp\/v2\/pages\/1668","targetHints":{"allow":["GET"]}}],"collection":[{"href":"https:\/\/www.cltweb.org\/fr\/wp-json\/wp\/v2\/pages"}],"about":[{"href":"https:\/\/www.cltweb.org\/fr\/wp-json\/wp\/v2\/types\/page"}],"author":[{"embeddable":true,"href":"https:\/\/www.cltweb.org\/fr\/wp-json\/wp\/v2\/users\/1"}],"replies":[{"embeddable":true,"href":"https:\/\/www.cltweb.org\/fr\/wp-json\/wp\/v2\/comments?post=1668"}],"version-history":[{"count":2,"href":"https:\/\/www.cltweb.org\/fr\/wp-json\/wp\/v2\/pages\/1668\/revisions"}],"predecessor-version":[{"id":8877,"href":"https:\/\/www.cltweb.org\/fr\/wp-json\/wp\/v2\/pages\/1668\/revisions\/8877"}],"up":[{"embeddable":true,"href":"https:\/\/www.cltweb.org\/fr\/wp-json\/wp\/v2\/pages\/835"}],"wp:attachment":[{"href":"https:\/\/www.cltweb.org\/fr\/wp-json\/wp\/v2\/media?parent=1668"}],"wp:term":[{"taxonomy":"category","embeddable":true,"href":"https:\/\/www.cltweb.org\/fr\/wp-json\/wp\/v2\/categories?post=1668"},{"taxonomy":"post_tag","embeddable":true,"href":"https:\/\/www.cltweb.org\/fr\/wp-json\/wp\/v2\/tags?post=1668"}],"curies":[{"name":"wp","href":"https:\/\/api.w.org\/{rel}","templated":true}]}}