{"id":1678,"date":"2024-07-29T23:02:46","date_gmt":"2024-07-29T23:02:46","guid":{"rendered":"https:\/\/www.cltweb.org\/ce-que-font-les-clt\/agriculture\/defis\/"},"modified":"2025-02-02T20:19:10","modified_gmt":"2025-02-02T20:19:10","slug":"defis","status":"publish","type":"page","link":"https:\/\/www.cltweb.org\/fr\/bibliotheque-de-ressources\/agriculture\/defis\/","title":{"rendered":"D\u00e9fis"},"content":{"rendered":"\n<h2 class=\"wp-block-heading\" id=\"h-the-need-for-affordable-land\">Le besoin de terrains abordables<\/h2>\n\n<p>Le co\u00fbt \u00e9lev\u00e9 des terres urbaines par rapport aux terres rurales pose un probl\u00e8me majeur aux agriculteurs urbains potentiels. Contrairement aux agriculteurs ruraux, ils sont en concurrence pour les terres avec une multitude d&#8217;autres utilisateurs potentiels, ce qui cr\u00e9e des pressions inflationnistes sur les prix des terres. Dans le Wisconsin, par exemple, les loyers des terres cultiv\u00e9es en milieu rural s&#8217;\u00e9levaient en moyenne \u00e0 228 dollars par acre en 2015. Cela repr\u00e9sente une petite fraction du prix qu&#8217;un agriculteur urbain devrait payer pour un acre de terre cultivable aux taux du march\u00e9 \u00e0 Chicago. Pourtant, les denr\u00e9es alimentaires produites dans les villes doivent rester comp\u00e9titives en termes de prix par rapport aux denr\u00e9es alimentaires produites dans les zones rurales. Peu de cultures, voire aucune, peuvent \u00eatre vendues \u00e0 des prix qui couvriraient les co\u00fbts plus \u00e9lev\u00e9s des terres, et les agriculteurs urbains ne peuvent pas simplement ajouter une prime pour refl\u00e9ter la valeur des contributions qu&#8217;ils apportent \u00e0 leurs quartiers.     <\/p>\n\n<p>Cet \u00e9cart entre le prix de leur production et le co\u00fbt de la terre pousse de nombreux agriculteurs urbains \u00e0 rechercher des terres gratuites ou \u00e0 faible co\u00fbt. Cette recherche les conduit souvent dans les quartiers des villes o\u00f9 la valeur marchande des terres est la plus faible. Il s&#8217;agit de quartiers dont l&#8217;histoire du d\u00e9sinvestissement, li\u00e9e \u00e0 la fuite des Blancs &#8211; et de plus en plus des non-Blancs &#8211; vers les banlieues, n&#8217;est que trop famili\u00e8re. Ce sont des quartiers o\u00f9 l&#8217;industrie a \u00e9galement fui, d\u00e9localisant les emplois \u00e0 l&#8217;\u00e9tranger et laissant souvent des contaminations dans son sillage. Ces facteurs att\u00e9nuent les pressions qui, dans des conditions \u00e9conomiques, communautaires et environnementales plus saines, feraient grimper le prix des terrains urbains rares. Mais en m\u00eame temps, ils pr\u00e9sentent \u00e0 la fois des d\u00e9fis et des opportunit\u00e9s diff\u00e9rents de ceux auxquels les agriculteurs sont confront\u00e9s en milieu rural.     <\/p>\n\n<h2 class=\"wp-block-heading\" id=\"h-the-need-for-tenure-protections\">La n\u00e9cessit\u00e9 de prot\u00e9ger la titularisation<\/h2>\n\n<p>Au cours des quinze derni\u00e8res ann\u00e9es, l&#8217;agriculture urbaine a \u00e9t\u00e9 de plus en plus reconnue comme un sujet de planification urbaine aux \u00c9tats-Unis. Les r\u00e9sultats de Google Scholar montrent une augmentation exponentielle depuis 1999 des livres et des articles mentionnant l&#8217;agriculture urbaine en m\u00eame temps que la planification urbaine. Au cours de la m\u00eame p\u00e9riode, il y a eu une croissance plus lente mais constante des travaux mentionnant l&#8217;agriculture urbaine avec le r\u00e9gime foncier et la planification urbaine.  <\/p>\n\n<p>Ces tendances t\u00e9moignent d&#8217;une \u00e9volution qui consiste \u00e0 consid\u00e9rer la production alimentaire comme un \u00e9l\u00e9ment b\u00e9n\u00e9fique \u00e0 int\u00e9grer \u00e0 long terme dans un paysage urbain. Il se peut qu&#8217;une \u00e9volution se dessine pour consid\u00e9rer les fermes urbaines comme plus que des bouts de champs en p\u00e9riph\u00e9rie urbaine destin\u00e9s \u00e0 \u00eatre am\u00e9nag\u00e9s, ou comme une utilisation provisoire de terrains non am\u00e9nag\u00e9s dans le centre ville. Les urbanistes reconnaissent de plus en plus les nombreux avantages li\u00e9s \u00e0 la production alimentaire urbaine ; certains admettent \u00e9galement qu&#8217;il faudra des d\u00e9cennies pour que les quartiers d\u00e9peupl\u00e9s retrouvent leur densit\u00e9 d&#8217;antan, voire jamais. Les urbanistes et les \u00e9lus ont commenc\u00e9 \u00e0 r\u00e9diger des plans directeurs, \u00e0 modifier les codes de zonage et \u00e0 repenser d&#8217;autres r\u00e9glementations afin d&#8217;encourager et de prot\u00e9ger l&#8217;agriculture urbaine.   <\/p>\n\n<p>La perspective d&#8217;un r\u00e9gime foncier \u00e0 long terme cr\u00e9e des opportunit\u00e9s jusqu&#8217;alors inaccessibles aux agriculteurs urbains. Elle rend imaginable la demande de certification biologique, un processus qui prend souvent au moins trois ans. Elle justifie \u00e9galement de nouveaux niveaux d&#8217;investissement dans l&#8217;infrastructure et l&#8217;assainissement des sols, ce qui n&#8217;est pas \u00e9conomiquement faisable pour les cultivateurs qui travaillent d&#8217;une ann\u00e9e sur l&#8217;autre.  <\/p>\n\n<p>Bien entendu, le co\u00fbt \u00e9lev\u00e9 des terres et les pressions du march\u00e9 constituent le principal obstacle \u00e0 l&#8217;occupation \u00e0 long terme des terres par les agriculteurs urbains. Il est difficile de contester le fait que d&#8217;autres formes de d\u00e9veloppement peuvent produire des taux de rendement bien plus \u00e9lev\u00e9s pour les investisseurs, ce qui oblige les agriculteurs urbains \u00e0 faire valoir les raisons pour lesquelles ils m\u00e9ritent d&#8217;avoir acc\u00e8s \u00e0 des terres autrement non d\u00e9velopp\u00e9es \u00e0 des taux inf\u00e9rieurs \u00e0 ceux du march\u00e9. <\/p>\n\n<p>Il est vrai que l&#8217;occupation \u00e0 long terme n&#8217;est pas forc\u00e9ment l&#8217;objectif final pour tous les agriculteurs ou tous les quartiers. Les baux \u00e0 tr\u00e8s long terme ou la propri\u00e9t\u00e9 pure et simple sont souvent la meilleure solution pour les organisations agricoles \u00e0 but non lucratif qui assurent la formation des agriculteurs, ou pour les entreprises \u00e0 but lucratif dirig\u00e9es par des agriculteurs tr\u00e8s exp\u00e9riment\u00e9s. Mais les nouveaux agriculteurs qui sortent des programmes de formation peuvent avoir besoin de quelques ann\u00e9es pour exp\u00e9rimenter des mod\u00e8les d&#8217;entreprise ou reconna\u00eetre la r\u00e9alit\u00e9 par rapport au romantisme de la culture urbaine. Comme beaucoup d&#8217;entre eux risquent de ne pas poursuivre leur activit\u00e9 au-del\u00e0 des premi\u00e8res ann\u00e9es, les baux \u00e0 court terme peuvent \u00eatre une bonne solution.   <\/p>\n","protected":false},"excerpt":{"rendered":"<p>Le besoin de terrains abordables Le co\u00fbt \u00e9lev\u00e9 des terres urbaines par rapport aux terres rurales pose un probl\u00e8me majeur aux agriculteurs urbains potentiels. Contrairement aux agriculteurs ruraux, ils sont [&hellip;]<\/p>\n","protected":false},"author":1,"featured_media":0,"parent":835,"menu_order":0,"comment_status":"closed","ping_status":"closed","template":"","meta":{"give_campaign_id":0,"_tec_requires_first_save":true,"_kad_blocks_custom_css":"","_kad_blocks_head_custom_js":"","_kad_blocks_body_custom_js":"","_kad_blocks_footer_custom_js":"","_EventAllDay":false,"_EventTimezone":"","_EventStartDate":"","_EventEndDate":"","_EventStartDateUTC":"","_EventEndDateUTC":"","_EventShowMap":false,"_EventShowMapLink":false,"_EventURL":"","_EventCost":"","_EventCostDescription":"","_EventCurrencySymbol":"","_EventCurrencyCode":"","_EventCurrencyPosition":"","_EventDateTimeSeparator":"","_EventTimeRangeSeparator":"","_EventOrganizerID":[],"_EventVenueID":[],"_OrganizerEmail":"","_OrganizerPhone":"","_OrganizerWebsite":"","_VenueAddress":"","_VenueCity":"","_VenueCountry":"","_VenueProvince":"","_VenueState":"","_VenueZip":"","_VenuePhone":"","_VenueURL":"","_VenueStateProvince":"","_VenueLat":"","_VenueLng":"","_VenueShowMap":false,"_VenueShowMapLink":false,"_tribe_blocks_recurrence_rules":"","_tribe_blocks_recurrence_description":"","_tribe_blocks_recurrence_exclusions":"","footnotes":""},"categories":[125],"tags":[],"class_list":["post-1678","page","type-page","status-publish","hentry","category-agriculture-fr"],"blocksy_meta":[],"yoast_head":"<!-- This site is optimized with the Yoast SEO Premium plugin v27.5 (Yoast SEO v27.5) - https:\/\/yoast.com\/product\/yoast-seo-premium-wordpress\/ -->\n<title>D\u00e9fis - International Center for Community Land Trusts<\/title>\n<meta name=\"robots\" content=\"index, follow, max-snippet:-1, max-image-preview:large, max-video-preview:-1\" \/>\n<link rel=\"canonical\" href=\"https:\/\/www.cltweb.org\/fr\/bibliotheque-de-ressources\/agriculture\/defis\/\" \/>\n<meta property=\"og:locale\" content=\"fr_FR\" \/>\n<meta property=\"og:type\" content=\"article\" \/>\n<meta property=\"og:title\" content=\"D\u00e9fis\" \/>\n<meta property=\"og:description\" content=\"Le besoin de terrains abordables Le co\u00fbt \u00e9lev\u00e9 des terres urbaines par rapport aux terres rurales pose un probl\u00e8me majeur aux agriculteurs urbains potentiels. Contrairement aux agriculteurs ruraux, ils sont [&hellip;]\" \/>\n<meta property=\"og:url\" content=\"https:\/\/www.cltweb.org\/fr\/bibliotheque-de-ressources\/agriculture\/defis\/\" \/>\n<meta property=\"og:site_name\" content=\"International Center for Community Land Trusts\" \/>\n<meta property=\"article:publisher\" content=\"https:\/\/www.facebook.com\/cltcenter\" \/>\n<meta property=\"article:modified_time\" content=\"2025-02-02T20:19:10+00:00\" \/>\n<meta name=\"twitter:card\" content=\"summary_large_image\" \/>\n<meta name=\"twitter:site\" content=\"@Center4CLTs\" \/>\n<meta name=\"twitter:label1\" content=\"Dur\u00e9e de lecture estim\u00e9e\" \/>\n\t<meta name=\"twitter:data1\" content=\"4 minutes\" \/>\n<script type=\"application\/ld+json\" class=\"yoast-schema-graph\">{\"@context\":\"https:\\\/\\\/schema.org\",\"@graph\":[{\"@type\":\"WebPage\",\"@id\":\"https:\\\/\\\/www.cltweb.org\\\/fr\\\/bibliotheque-de-ressources\\\/agriculture\\\/defis\\\/\",\"url\":\"https:\\\/\\\/www.cltweb.org\\\/fr\\\/bibliotheque-de-ressources\\\/agriculture\\\/defis\\\/\",\"name\":\"D\u00e9fis - International Center for Community Land Trusts\",\"isPartOf\":{\"@id\":\"https:\\\/\\\/www.cltweb.org\\\/fr\\\/#website\"},\"datePublished\":\"2024-07-29T23:02:46+00:00\",\"dateModified\":\"2025-02-02T20:19:10+00:00\",\"breadcrumb\":{\"@id\":\"https:\\\/\\\/www.cltweb.org\\\/fr\\\/bibliotheque-de-ressources\\\/agriculture\\\/defis\\\/#breadcrumb\"},\"inLanguage\":\"fr-FR\",\"potentialAction\":[{\"@type\":\"ReadAction\",\"target\":[\"https:\\\/\\\/www.cltweb.org\\\/fr\\\/bibliotheque-de-ressources\\\/agriculture\\\/defis\\\/\"]}]},{\"@type\":\"BreadcrumbList\",\"@id\":\"https:\\\/\\\/www.cltweb.org\\\/fr\\\/bibliotheque-de-ressources\\\/agriculture\\\/defis\\\/#breadcrumb\",\"itemListElement\":[{\"@type\":\"ListItem\",\"position\":1,\"name\":\"Home\",\"item\":\"https:\\\/\\\/www.cltweb.org\\\/fr\\\/\"},{\"@type\":\"ListItem\",\"position\":2,\"name\":\"Biblioth\u00e8que de ressources\",\"item\":\"https:\\\/\\\/www.cltweb.org\\\/fr\\\/bibliotheque-de-ressources\\\/\"},{\"@type\":\"ListItem\",\"position\":3,\"name\":\"R\u00e9gime foncier pour l&#8217;agriculture urbaine\",\"item\":\"https:\\\/\\\/www.cltweb.org\\\/fr\\\/bibliotheque-de-ressources\\\/agriculture\\\/\"},{\"@type\":\"ListItem\",\"position\":4,\"name\":\"D\u00e9fis\"}]},{\"@type\":\"WebSite\",\"@id\":\"https:\\\/\\\/www.cltweb.org\\\/fr\\\/#website\",\"url\":\"https:\\\/\\\/www.cltweb.org\\\/fr\\\/\",\"name\":\"International Center for Community Land Trusts\",\"description\":\"\",\"publisher\":{\"@id\":\"https:\\\/\\\/www.cltweb.org\\\/fr\\\/#organization\"},\"potentialAction\":[{\"@type\":\"SearchAction\",\"target\":{\"@type\":\"EntryPoint\",\"urlTemplate\":\"https:\\\/\\\/www.cltweb.org\\\/fr\\\/?s={search_term_string}\"},\"query-input\":{\"@type\":\"PropertyValueSpecification\",\"valueRequired\":true,\"valueName\":\"search_term_string\"}}],\"inLanguage\":\"fr-FR\"},{\"@type\":\"Organization\",\"@id\":\"https:\\\/\\\/www.cltweb.org\\\/fr\\\/#organization\",\"name\":\"International Center for Community Land Trusts\",\"url\":\"https:\\\/\\\/www.cltweb.org\\\/fr\\\/\",\"logo\":{\"@type\":\"ImageObject\",\"inLanguage\":\"fr-FR\",\"@id\":\"https:\\\/\\\/www.cltweb.org\\\/fr\\\/#\\\/schema\\\/logo\\\/image\\\/\",\"url\":\"https:\\\/\\\/www.cltweb.org\\\/wp-content\\\/uploads\\\/2024\\\/11\\\/New-CLT-Center-Text-logo.png\",\"contentUrl\":\"https:\\\/\\\/www.cltweb.org\\\/wp-content\\\/uploads\\\/2024\\\/11\\\/New-CLT-Center-Text-logo.png\",\"width\":227,\"height\":80,\"caption\":\"International Center for Community Land Trusts\"},\"image\":{\"@id\":\"https:\\\/\\\/www.cltweb.org\\\/fr\\\/#\\\/schema\\\/logo\\\/image\\\/\"},\"sameAs\":[\"https:\\\/\\\/www.facebook.com\\\/cltcenter\",\"https:\\\/\\\/x.com\\\/Center4CLTs\",\"https:\\\/\\\/www.instagram.com\\\/cltcenter\\\/\",\"https:\\\/\\\/www.linkedin.com\\\/company\\\/cltcenter\",\"https:\\\/\\\/www.youtube.com\\\/@centerforcltinnovation5313\"],\"description\":\"The International Center for Community Land Trusts is a not-for-profit nongovernmental organization established in 2018 to promote and to support community land trusts and similar strategies of community-led development on community-owned land in countries throughout the world.\",\"email\":\"info@communitylandtrust.net\",\"legalName\":\"International Center for Community Land Trusts\",\"foundingDate\":\"2018-12-01\",\"taxID\":\"84-3858933\",\"numberOfEmployees\":{\"@type\":\"QuantitativeValue\",\"minValue\":\"1\",\"maxValue\":\"10\"}}]}<\/script>\n<!-- \/ Yoast SEO Premium plugin. -->","yoast_head_json":{"title":"D\u00e9fis - International Center for Community Land Trusts","robots":{"index":"index","follow":"follow","max-snippet":"max-snippet:-1","max-image-preview":"max-image-preview:large","max-video-preview":"max-video-preview:-1"},"canonical":"https:\/\/www.cltweb.org\/fr\/bibliotheque-de-ressources\/agriculture\/defis\/","og_locale":"fr_FR","og_type":"article","og_title":"D\u00e9fis","og_description":"Le besoin de terrains abordables Le co\u00fbt \u00e9lev\u00e9 des terres urbaines par rapport aux terres rurales pose un probl\u00e8me majeur aux agriculteurs urbains potentiels. Contrairement aux agriculteurs ruraux, ils sont [&hellip;]","og_url":"https:\/\/www.cltweb.org\/fr\/bibliotheque-de-ressources\/agriculture\/defis\/","og_site_name":"International Center for Community Land Trusts","article_publisher":"https:\/\/www.facebook.com\/cltcenter","article_modified_time":"2025-02-02T20:19:10+00:00","twitter_card":"summary_large_image","twitter_site":"@Center4CLTs","twitter_misc":{"Dur\u00e9e de lecture estim\u00e9e":"4 minutes"},"schema":{"@context":"https:\/\/schema.org","@graph":[{"@type":"WebPage","@id":"https:\/\/www.cltweb.org\/fr\/bibliotheque-de-ressources\/agriculture\/defis\/","url":"https:\/\/www.cltweb.org\/fr\/bibliotheque-de-ressources\/agriculture\/defis\/","name":"D\u00e9fis - International Center for Community Land Trusts","isPartOf":{"@id":"https:\/\/www.cltweb.org\/fr\/#website"},"datePublished":"2024-07-29T23:02:46+00:00","dateModified":"2025-02-02T20:19:10+00:00","breadcrumb":{"@id":"https:\/\/www.cltweb.org\/fr\/bibliotheque-de-ressources\/agriculture\/defis\/#breadcrumb"},"inLanguage":"fr-FR","potentialAction":[{"@type":"ReadAction","target":["https:\/\/www.cltweb.org\/fr\/bibliotheque-de-ressources\/agriculture\/defis\/"]}]},{"@type":"BreadcrumbList","@id":"https:\/\/www.cltweb.org\/fr\/bibliotheque-de-ressources\/agriculture\/defis\/#breadcrumb","itemListElement":[{"@type":"ListItem","position":1,"name":"Home","item":"https:\/\/www.cltweb.org\/fr\/"},{"@type":"ListItem","position":2,"name":"Biblioth\u00e8que de ressources","item":"https:\/\/www.cltweb.org\/fr\/bibliotheque-de-ressources\/"},{"@type":"ListItem","position":3,"name":"R\u00e9gime foncier pour l&#8217;agriculture urbaine","item":"https:\/\/www.cltweb.org\/fr\/bibliotheque-de-ressources\/agriculture\/"},{"@type":"ListItem","position":4,"name":"D\u00e9fis"}]},{"@type":"WebSite","@id":"https:\/\/www.cltweb.org\/fr\/#website","url":"https:\/\/www.cltweb.org\/fr\/","name":"International Center for Community Land Trusts","description":"","publisher":{"@id":"https:\/\/www.cltweb.org\/fr\/#organization"},"potentialAction":[{"@type":"SearchAction","target":{"@type":"EntryPoint","urlTemplate":"https:\/\/www.cltweb.org\/fr\/?s={search_term_string}"},"query-input":{"@type":"PropertyValueSpecification","valueRequired":true,"valueName":"search_term_string"}}],"inLanguage":"fr-FR"},{"@type":"Organization","@id":"https:\/\/www.cltweb.org\/fr\/#organization","name":"International Center for Community Land Trusts","url":"https:\/\/www.cltweb.org\/fr\/","logo":{"@type":"ImageObject","inLanguage":"fr-FR","@id":"https:\/\/www.cltweb.org\/fr\/#\/schema\/logo\/image\/","url":"https:\/\/www.cltweb.org\/wp-content\/uploads\/2024\/11\/New-CLT-Center-Text-logo.png","contentUrl":"https:\/\/www.cltweb.org\/wp-content\/uploads\/2024\/11\/New-CLT-Center-Text-logo.png","width":227,"height":80,"caption":"International Center for Community Land Trusts"},"image":{"@id":"https:\/\/www.cltweb.org\/fr\/#\/schema\/logo\/image\/"},"sameAs":["https:\/\/www.facebook.com\/cltcenter","https:\/\/x.com\/Center4CLTs","https:\/\/www.instagram.com\/cltcenter\/","https:\/\/www.linkedin.com\/company\/cltcenter","https:\/\/www.youtube.com\/@centerforcltinnovation5313"],"description":"The International Center for Community Land Trusts is a not-for-profit nongovernmental organization established in 2018 to promote and to support community land trusts and similar strategies of community-led development on community-owned land in countries throughout the world.","email":"info@communitylandtrust.net","legalName":"International Center for Community Land Trusts","foundingDate":"2018-12-01","taxID":"84-3858933","numberOfEmployees":{"@type":"QuantitativeValue","minValue":"1","maxValue":"10"}}]}},"campaignId":"","taxonomy_info":{"category":[{"value":125,"label":"Agriculture"}]},"featured_image_src_large":false,"author_info":{"display_name":"cltredesign_0jp0l4","author_link":"https:\/\/www.cltweb.org\/fr\/author\/cltredesign_0jp0l4\/"},"comment_info":0,"jetpack_sharing_enabled":true,"jetpack-related-posts":[{"id":835,"url":"https:\/\/www.cltweb.org\/fr\/bibliotheque-de-ressources\/agriculture\/","url_meta":{"origin":1678,"position":0},"title":"R\u00e9gime foncier pour l&#8217;agriculture urbaine","author":"cltredesign_0jp0l4","date":"26 juillet 2024","format":false,"excerpt":"R\u00e9gime foncier pour l'agriculture urbaine Dans les villes des \u00c9tats-Unis, les habitants se tournent vers les fermes urbaines pour b\u00e9n\u00e9ficier d'un large \u00e9ventail d'avantages. Les fermes urbaines fournissent des aliments frais aux habitants du quartier, ainsi qu'aux magasins et aux restaurants. Elles contribuent \u00e0 promouvoir des habitudes alimentaires saines et\u2026","rel":"","context":"Dans &quot;Recherche&quot;","block_context":{"text":"Recherche","link":"https:\/\/www.cltweb.org\/fr\/category\/recherche\/"},"img":{"alt_text":"","src":"","width":0,"height":0},"classes":[]},{"id":1648,"url":"https:\/\/www.cltweb.org\/fr\/bibliotheque-de-ressources\/agriculture\/questions-strategiques\/","url_meta":{"origin":1678,"position":1},"title":"Questions strat\u00e9giques","author":"cltredesign_0jp0l4","date":"29 juillet 2024","format":false,"excerpt":"Comment les terres seront-elles s\u00e9curis\u00e9es pour les agriculteurs ? Bien qu'il s'agisse de la question centrale \u00e0 laquelle doit r\u00e9pondre un mod\u00e8le foncier, nous ne nous attendons pas \u00e0 ce qu'il y ait une r\u00e9ponse unique. En effet, comme nous l'avons sugg\u00e9r\u00e9 dans la section pr\u00e9c\u00e9dente, les terres peuvent \u00eatre\u2026","rel":"","context":"Dans &quot;Agriculture&quot;","block_context":{"text":"Agriculture","link":"https:\/\/www.cltweb.org\/fr\/category\/agriculture-fr\/"},"img":{"alt_text":"","src":"","width":0,"height":0},"classes":[]},{"id":8764,"url":"https:\/\/www.cltweb.org\/fr\/bibliotheque-de-ressources\/agriculture\/le-modele-du-serveur-central\/une-fiducie-fonciere-pour-les-fermes-commerciales-urbaines\/","url_meta":{"origin":1678,"position":2},"title":"Une fiducie fonci\u00e8re pour les fermes commerciales urbaines ?","author":"cltredesign_0jp0l4","date":"2 f\u00e9vrier 2025","format":false,"excerpt":"La d\u00e9tention de terres agricoles en fiducie est un compl\u00e9ment potentiel pour les mod\u00e8les d'agriculture urbaine \u00e0 but lucratif et entrepreneurial. Les responsables des fondations, en particulier, s'int\u00e9ressent \u00e0 la possibilit\u00e9 pour le secteur de l'agriculture urbaine de d\u00e9passer les mod\u00e8les d'entreprise \u00e0 but non lucratif qui d\u00e9pendent des subventions.\u2026","rel":"","context":"Dans &quot;Agriculture&quot;","block_context":{"text":"Agriculture","link":"https:\/\/www.cltweb.org\/fr\/category\/agriculture-fr\/"},"img":{"alt_text":"","src":"","width":0,"height":0},"classes":[]},{"id":8731,"url":"https:\/\/www.cltweb.org\/fr\/bibliotheque-de-ressources\/agriculture\/le-role-des-fiducies-foncieres\/fonds-fonciers-communautaires\/","url_meta":{"origin":1678,"position":3},"title":"Fonds fonciers communautaires","author":"cltredesign_0jp0l4","date":"2 f\u00e9vrier 2025","format":false,"excerpt":"Depuis les ann\u00e9es 1960, le Community Land Trust a \u00e9t\u00e9 d\u00e9velopp\u00e9 pour soutenir le logement abordable aux \u00c9tats-Unis. Dans le secteur du logement, le mod\u00e8le CLT combine deux innovations fondamentales en mati\u00e8re de gouvernance fonci\u00e8re. La premi\u00e8re innovation consiste \u00e0 s\u00e9parer la propri\u00e9t\u00e9 d'un logement de la propri\u00e9t\u00e9 du terrain\u2026","rel":"","context":"Article similaire","block_context":{"text":"Article similaire","link":""},"img":{"alt_text":"","src":"","width":0,"height":0},"classes":[]},{"id":8719,"url":"https:\/\/www.cltweb.org\/fr\/bibliotheque-de-ressources\/agriculture\/concepts-cles\/lagriculture-engagee-dans-la-communaute\/","url_meta":{"origin":1678,"position":4},"title":"L&#8217;agriculture engag\u00e9e dans la communaut\u00e9","author":"cltredesign_0jp0l4","date":"2 f\u00e9vrier 2025","format":false,"excerpt":"En dehors des villes, les agriculteurs peuvent travailler leurs terres sans trop se soucier de leurs voisins. Mais en milieu urbain, les voisins sont beaucoup plus proches - les agriculteurs urbains seront probablement soumis \u00e0 de fortes pressions pour \u00eatre de bons membres de la communaut\u00e9. En s'engageant activement aupr\u00e8s\u2026","rel":"","context":"Dans &quot;Agriculture&quot;","block_context":{"text":"Agriculture","link":"https:\/\/www.cltweb.org\/fr\/category\/agriculture-fr\/"},"img":{"alt_text":"","src":"","width":0,"height":0},"classes":[]},{"id":8709,"url":"https:\/\/www.cltweb.org\/fr\/bibliotheque-de-ressources\/agriculture\/concepts-cles\/travailler-en-equipe\/","url_meta":{"origin":1678,"position":5},"title":"Travailler en \u00e9quipe","author":"cltredesign_0jp0l4","date":"2 f\u00e9vrier 2025","format":false,"excerpt":"Les cultivateurs urbains qui cherchent \u00e0 acc\u00e9der \u00e0 des terres abordables se tournent souvent vers les fonctionnaires des villes et des comt\u00e9s pour obtenir de l'aide. Les fonctionnaires municipaux et les responsables des banques fonci\u00e8res peuvent aider \u00e0 identifier les terrains vacants qui pourraient \u00eatre disponibles pour l'agriculture. Les \u00e9valuateurs\u2026","rel":"","context":"Dans &quot;Agriculture&quot;","block_context":{"text":"Agriculture","link":"https:\/\/www.cltweb.org\/fr\/category\/agriculture-fr\/"},"img":{"alt_text":"","src":"","width":0,"height":0},"classes":[]}],"_links":{"self":[{"href":"https:\/\/www.cltweb.org\/fr\/wp-json\/wp\/v2\/pages\/1678","targetHints":{"allow":["GET"]}}],"collection":[{"href":"https:\/\/www.cltweb.org\/fr\/wp-json\/wp\/v2\/pages"}],"about":[{"href":"https:\/\/www.cltweb.org\/fr\/wp-json\/wp\/v2\/types\/page"}],"author":[{"embeddable":true,"href":"https:\/\/www.cltweb.org\/fr\/wp-json\/wp\/v2\/users\/1"}],"replies":[{"embeddable":true,"href":"https:\/\/www.cltweb.org\/fr\/wp-json\/wp\/v2\/comments?post=1678"}],"version-history":[{"count":2,"href":"https:\/\/www.cltweb.org\/fr\/wp-json\/wp\/v2\/pages\/1678\/revisions"}],"predecessor-version":[{"id":8640,"href":"https:\/\/www.cltweb.org\/fr\/wp-json\/wp\/v2\/pages\/1678\/revisions\/8640"}],"up":[{"embeddable":true,"href":"https:\/\/www.cltweb.org\/fr\/wp-json\/wp\/v2\/pages\/835"}],"wp:attachment":[{"href":"https:\/\/www.cltweb.org\/fr\/wp-json\/wp\/v2\/media?parent=1678"}],"wp:term":[{"taxonomy":"category","embeddable":true,"href":"https:\/\/www.cltweb.org\/fr\/wp-json\/wp\/v2\/categories?post=1678"},{"taxonomy":"post_tag","embeddable":true,"href":"https:\/\/www.cltweb.org\/fr\/wp-json\/wp\/v2\/tags?post=1678"}],"curies":[{"name":"wp","href":"https:\/\/api.w.org\/{rel}","templated":true}]}}