{"id":1709,"date":"2024-07-29T21:11:50","date_gmt":"2024-07-29T21:11:50","guid":{"rendered":"https:\/\/www.cltweb.org\/inde\/"},"modified":"2024-09-11T17:17:52","modified_gmt":"2024-09-11T17:17:52","slug":"inde","status":"publish","type":"page","link":"https:\/\/www.cltweb.org\/fr\/pays-avec-clt\/inde\/","title":{"rendered":"Inde"},"content":{"rendered":"","protected":false},"excerpt":{"rendered":"","protected":false},"author":1,"featured_media":0,"parent":1815,"menu_order":7,"comment_status":"closed","ping_status":"closed","template":"","meta":{"give_campaign_id":0,"_tec_requires_first_save":true,"_kad_blocks_custom_css":"","_kad_blocks_head_custom_js":"","_kad_blocks_body_custom_js":"","_kad_blocks_footer_custom_js":"","_EventAllDay":false,"_EventTimezone":"","_EventStartDate":"","_EventEndDate":"","_EventStartDateUTC":"","_EventEndDateUTC":"","_EventShowMap":false,"_EventShowMapLink":false,"_EventURL":"","_EventCost":"","_EventCostDescription":"","_EventCurrencySymbol":"","_EventCurrencyCode":"","_EventCurrencyPosition":"","_EventDateTimeSeparator":"","_EventTimeRangeSeparator":"","_EventOrganizerID":[],"_EventVenueID":[],"_OrganizerEmail":"","_OrganizerPhone":"","_OrganizerWebsite":"","_VenueAddress":"","_VenueCity":"","_VenueCountry":"","_VenueProvince":"","_VenueState":"","_VenueZip":"","_VenuePhone":"","_VenueURL":"","_VenueStateProvince":"","_VenueLat":"","_VenueLng":"","_VenueShowMap":false,"_VenueShowMapLink":false,"_tribe_blocks_recurrence_rules":"","_tribe_blocks_recurrence_description":"","_tribe_blocks_recurrence_exclusions":"","footnotes":""},"categories":[104],"tags":[],"class_list":["post-1709","page","type-page","status-publish","hentry","category-pays"],"blocksy_meta":[],"yoast_head":"<!-- This site is optimized with the Yoast SEO Premium plugin v27.5 (Yoast SEO v27.5) - https:\/\/yoast.com\/product\/yoast-seo-premium-wordpress\/ -->\n<title>Inde - International Center for Community Land Trusts<\/title>\n<meta name=\"robots\" content=\"index, follow, max-snippet:-1, max-image-preview:large, max-video-preview:-1\" \/>\n<link rel=\"canonical\" href=\"https:\/\/www.cltweb.org\/fr\/pays-avec-clt\/inde\/\" \/>\n<meta property=\"og:locale\" content=\"fr_FR\" \/>\n<meta property=\"og:type\" content=\"article\" \/>\n<meta property=\"og:title\" content=\"Inde\" \/>\n<meta property=\"og:url\" content=\"https:\/\/www.cltweb.org\/fr\/pays-avec-clt\/inde\/\" \/>\n<meta property=\"og:site_name\" content=\"International Center for Community Land Trusts\" \/>\n<meta property=\"article:publisher\" content=\"https:\/\/www.facebook.com\/cltcenter\" \/>\n<meta property=\"article:modified_time\" content=\"2024-09-11T17:17:52+00:00\" \/>\n<meta name=\"twitter:card\" content=\"summary_large_image\" \/>\n<meta name=\"twitter:site\" content=\"@Center4CLTs\" \/>\n<script type=\"application\/ld+json\" class=\"yoast-schema-graph\">{\"@context\":\"https:\\\/\\\/schema.org\",\"@graph\":[{\"@type\":\"WebPage\",\"@id\":\"https:\\\/\\\/www.cltweb.org\\\/fr\\\/pays-avec-clt\\\/inde\\\/\",\"url\":\"https:\\\/\\\/www.cltweb.org\\\/fr\\\/pays-avec-clt\\\/inde\\\/\",\"name\":\"Inde - International Center for Community Land Trusts\",\"isPartOf\":{\"@id\":\"https:\\\/\\\/www.cltweb.org\\\/fr\\\/#website\"},\"datePublished\":\"2024-07-29T21:11:50+00:00\",\"dateModified\":\"2024-09-11T17:17:52+00:00\",\"breadcrumb\":{\"@id\":\"https:\\\/\\\/www.cltweb.org\\\/fr\\\/pays-avec-clt\\\/inde\\\/#breadcrumb\"},\"inLanguage\":\"fr-FR\",\"potentialAction\":[{\"@type\":\"ReadAction\",\"target\":[\"https:\\\/\\\/www.cltweb.org\\\/fr\\\/pays-avec-clt\\\/inde\\\/\"]}]},{\"@type\":\"BreadcrumbList\",\"@id\":\"https:\\\/\\\/www.cltweb.org\\\/fr\\\/pays-avec-clt\\\/inde\\\/#breadcrumb\",\"itemListElement\":[{\"@type\":\"ListItem\",\"position\":1,\"name\":\"Home\",\"item\":\"https:\\\/\\\/www.cltweb.org\\\/fr\\\/\"},{\"@type\":\"ListItem\",\"position\":2,\"name\":\"Pays avec CLT\",\"item\":\"https:\\\/\\\/www.cltweb.org\\\/fr\\\/countries\\\/\"},{\"@type\":\"ListItem\",\"position\":3,\"name\":\"Inde\"}]},{\"@type\":\"WebSite\",\"@id\":\"https:\\\/\\\/www.cltweb.org\\\/fr\\\/#website\",\"url\":\"https:\\\/\\\/www.cltweb.org\\\/fr\\\/\",\"name\":\"International Center for Community Land Trusts\",\"description\":\"\",\"publisher\":{\"@id\":\"https:\\\/\\\/www.cltweb.org\\\/fr\\\/#organization\"},\"potentialAction\":[{\"@type\":\"SearchAction\",\"target\":{\"@type\":\"EntryPoint\",\"urlTemplate\":\"https:\\\/\\\/www.cltweb.org\\\/fr\\\/?s={search_term_string}\"},\"query-input\":{\"@type\":\"PropertyValueSpecification\",\"valueRequired\":true,\"valueName\":\"search_term_string\"}}],\"inLanguage\":\"fr-FR\"},{\"@type\":\"Organization\",\"@id\":\"https:\\\/\\\/www.cltweb.org\\\/fr\\\/#organization\",\"name\":\"International Center for Community Land Trusts\",\"url\":\"https:\\\/\\\/www.cltweb.org\\\/fr\\\/\",\"logo\":{\"@type\":\"ImageObject\",\"inLanguage\":\"fr-FR\",\"@id\":\"https:\\\/\\\/www.cltweb.org\\\/fr\\\/#\\\/schema\\\/logo\\\/image\\\/\",\"url\":\"https:\\\/\\\/www.cltweb.org\\\/wp-content\\\/uploads\\\/2024\\\/11\\\/New-CLT-Center-Text-logo.png\",\"contentUrl\":\"https:\\\/\\\/www.cltweb.org\\\/wp-content\\\/uploads\\\/2024\\\/11\\\/New-CLT-Center-Text-logo.png\",\"width\":227,\"height\":80,\"caption\":\"International Center for Community Land Trusts\"},\"image\":{\"@id\":\"https:\\\/\\\/www.cltweb.org\\\/fr\\\/#\\\/schema\\\/logo\\\/image\\\/\"},\"sameAs\":[\"https:\\\/\\\/www.facebook.com\\\/cltcenter\",\"https:\\\/\\\/x.com\\\/Center4CLTs\",\"https:\\\/\\\/www.instagram.com\\\/cltcenter\\\/\",\"https:\\\/\\\/www.linkedin.com\\\/company\\\/cltcenter\",\"https:\\\/\\\/www.youtube.com\\\/@centerforcltinnovation5313\"],\"description\":\"The International Center for Community Land Trusts is a not-for-profit nongovernmental organization established in 2018 to promote and to support community land trusts and similar strategies of community-led development on community-owned land in countries throughout the world.\",\"email\":\"info@communitylandtrust.net\",\"legalName\":\"International Center for Community Land Trusts\",\"foundingDate\":\"2018-12-01\",\"taxID\":\"84-3858933\",\"numberOfEmployees\":{\"@type\":\"QuantitativeValue\",\"minValue\":\"1\",\"maxValue\":\"10\"}}]}<\/script>\n<!-- \/ Yoast SEO Premium plugin. -->","yoast_head_json":{"title":"Inde - International Center for Community Land Trusts","robots":{"index":"index","follow":"follow","max-snippet":"max-snippet:-1","max-image-preview":"max-image-preview:large","max-video-preview":"max-video-preview:-1"},"canonical":"https:\/\/www.cltweb.org\/fr\/pays-avec-clt\/inde\/","og_locale":"fr_FR","og_type":"article","og_title":"Inde","og_url":"https:\/\/www.cltweb.org\/fr\/pays-avec-clt\/inde\/","og_site_name":"International Center for Community Land Trusts","article_publisher":"https:\/\/www.facebook.com\/cltcenter","article_modified_time":"2024-09-11T17:17:52+00:00","twitter_card":"summary_large_image","twitter_site":"@Center4CLTs","schema":{"@context":"https:\/\/schema.org","@graph":[{"@type":"WebPage","@id":"https:\/\/www.cltweb.org\/fr\/pays-avec-clt\/inde\/","url":"https:\/\/www.cltweb.org\/fr\/pays-avec-clt\/inde\/","name":"Inde - International Center for Community Land Trusts","isPartOf":{"@id":"https:\/\/www.cltweb.org\/fr\/#website"},"datePublished":"2024-07-29T21:11:50+00:00","dateModified":"2024-09-11T17:17:52+00:00","breadcrumb":{"@id":"https:\/\/www.cltweb.org\/fr\/pays-avec-clt\/inde\/#breadcrumb"},"inLanguage":"fr-FR","potentialAction":[{"@type":"ReadAction","target":["https:\/\/www.cltweb.org\/fr\/pays-avec-clt\/inde\/"]}]},{"@type":"BreadcrumbList","@id":"https:\/\/www.cltweb.org\/fr\/pays-avec-clt\/inde\/#breadcrumb","itemListElement":[{"@type":"ListItem","position":1,"name":"Home","item":"https:\/\/www.cltweb.org\/fr\/"},{"@type":"ListItem","position":2,"name":"Pays avec CLT","item":"https:\/\/www.cltweb.org\/fr\/countries\/"},{"@type":"ListItem","position":3,"name":"Inde"}]},{"@type":"WebSite","@id":"https:\/\/www.cltweb.org\/fr\/#website","url":"https:\/\/www.cltweb.org\/fr\/","name":"International Center for Community Land Trusts","description":"","publisher":{"@id":"https:\/\/www.cltweb.org\/fr\/#organization"},"potentialAction":[{"@type":"SearchAction","target":{"@type":"EntryPoint","urlTemplate":"https:\/\/www.cltweb.org\/fr\/?s={search_term_string}"},"query-input":{"@type":"PropertyValueSpecification","valueRequired":true,"valueName":"search_term_string"}}],"inLanguage":"fr-FR"},{"@type":"Organization","@id":"https:\/\/www.cltweb.org\/fr\/#organization","name":"International Center for Community Land Trusts","url":"https:\/\/www.cltweb.org\/fr\/","logo":{"@type":"ImageObject","inLanguage":"fr-FR","@id":"https:\/\/www.cltweb.org\/fr\/#\/schema\/logo\/image\/","url":"https:\/\/www.cltweb.org\/wp-content\/uploads\/2024\/11\/New-CLT-Center-Text-logo.png","contentUrl":"https:\/\/www.cltweb.org\/wp-content\/uploads\/2024\/11\/New-CLT-Center-Text-logo.png","width":227,"height":80,"caption":"International Center for Community Land Trusts"},"image":{"@id":"https:\/\/www.cltweb.org\/fr\/#\/schema\/logo\/image\/"},"sameAs":["https:\/\/www.facebook.com\/cltcenter","https:\/\/x.com\/Center4CLTs","https:\/\/www.instagram.com\/cltcenter\/","https:\/\/www.linkedin.com\/company\/cltcenter","https:\/\/www.youtube.com\/@centerforcltinnovation5313"],"description":"The International Center for Community Land Trusts is a not-for-profit nongovernmental organization established in 2018 to promote and to support community land trusts and similar strategies of community-led development on community-owned land in countries throughout the world.","email":"info@communitylandtrust.net","legalName":"International Center for Community Land Trusts","foundingDate":"2018-12-01","taxID":"84-3858933","numberOfEmployees":{"@type":"QuantitativeValue","minValue":"1","maxValue":"10"}}]}},"campaignId":"","taxonomy_info":{"category":[{"value":104,"label":"Pays"}]},"featured_image_src_large":false,"author_info":{"display_name":"cltredesign_0jp0l4","author_link":"https:\/\/www.cltweb.org\/fr\/author\/cltredesign_0jp0l4\/"},"comment_info":0,"jetpack_sharing_enabled":true,"jetpack-related-posts":[{"id":4259,"url":"https:\/\/www.cltweb.org\/fr\/bibliotheque-de-ressources\/les-racines-du-clt\/precurseurs-internationaux\/cereales-anciennes\/villages-gramdan-en-inde\/","url_meta":{"origin":1709,"position":0},"title":"Villages Gramdan en Inde","author":"cltredesign_0jp0l4","date":"22 octobre 2024","format":false,"excerpt":"Apr\u00e8s l'assassinat de Gandhi en 1948, la direction politique de son mouvement a \u00e9t\u00e9 confi\u00e9e \u00e0 Nehru. La direction spirituelle a \u00e9t\u00e9 confi\u00e9e \u00e0 Vinoba Bhava. Le \"programme constructif\" de Gandhi pour l'Inde post-coloniale pr\u00e9voyait une soci\u00e9t\u00e9 d\u00e9centralis\u00e9e, construite sur la base de villages autonomes et autosuffisants. Gandhi avait \u00e9galement\u2026","rel":"","context":"Dans &quot;Pr\u00e9curseurs internationaux&quot;","block_context":{"text":"Pr\u00e9curseurs internationaux","link":"https:\/\/www.cltweb.org\/fr\/category\/precurseurs-internationaux\/"},"img":{"alt_text":"","src":"","width":0,"height":0},"classes":[]},{"id":10152,"url":"https:\/\/www.cltweb.org\/fr\/bibliotheque-de-ressources\/sud-mondial\/inde\/","url_meta":{"origin":1709,"position":1},"title":"Inde","author":"cltredesign_0jp0l4","date":"26 octobre 2025","format":false,"excerpt":"IndeCette page de ressources regroupe les principaux documents universitaires, les analyses politiques et les cadres juridiques qui sont essentiels pour comprendre comment les CLT peuvent \u00eatre adapt\u00e9s et mis en \u0153uvre dans le contexte indien. Le Centre International pour les Fonds Fonciers Communautaires (ICCLT) a le plaisir d'annoncer la publication\u2026","rel":"","context":"Dans &quot;Sud mondial&quot;","block_context":{"text":"Sud mondial","link":"https:\/\/www.cltweb.org\/fr\/category\/sud-mondial\/"},"img":{"alt_text":"CLTs for India cover","src":"https:\/\/i0.wp.com\/www.cltweb.org\/wp-content\/uploads\/2025\/10\/CLTs-for-India-cover.png?resize=350%2C200&ssl=1","width":350,"height":200,"srcset":"https:\/\/i0.wp.com\/www.cltweb.org\/wp-content\/uploads\/2025\/10\/CLTs-for-India-cover.png?resize=350%2C200&ssl=1 1x, https:\/\/i0.wp.com\/www.cltweb.org\/wp-content\/uploads\/2025\/10\/CLTs-for-India-cover.png?resize=525%2C300&ssl=1 1.5x"},"classes":[]},{"id":7443,"url":"https:\/\/www.cltweb.org\/fr\/bibliotheque-de-ressources\/les-racines-du-mouvement-clt\/","url_meta":{"origin":1709,"position":2},"title":"Les racines du mouvement CLT","author":"cltredesign_0jp0l4","date":"5 novembre 2024","format":false,"excerpt":"Racines et branchesRacines et branches : Guide du jardinier sur les origines et l'\u00e9volution du Community Land Trust est une archive num\u00e9rique de documents historiques retra\u00e7ant les origines et l'\u00e9volution du community land trust. Racines et branches a \u00e9t\u00e9 d\u00e9velopp\u00e9 par John Emmeus Davis, Greg Rosenberg et l'artiste Bonnie Acker\u2026","rel":"","context":"Dans &quot;Histoire du mouvement&quot;","block_context":{"text":"Histoire du mouvement","link":"https:\/\/www.cltweb.org\/fr\/category\/histoire-du-mouvement\/"},"img":{"alt_text":"Roots and Branches graphic","src":"https:\/\/i0.wp.com\/www.cltweb.org\/wp-content\/uploads\/2024\/11\/Roots-and-Branches-1536x1265-1.jpg?resize=350%2C200&ssl=1","width":350,"height":200,"srcset":"https:\/\/i0.wp.com\/www.cltweb.org\/wp-content\/uploads\/2024\/11\/Roots-and-Branches-1536x1265-1.jpg?resize=350%2C200&ssl=1 1x, https:\/\/i0.wp.com\/www.cltweb.org\/wp-content\/uploads\/2024\/11\/Roots-and-Branches-1536x1265-1.jpg?resize=525%2C300&ssl=1 1.5x, https:\/\/i0.wp.com\/www.cltweb.org\/wp-content\/uploads\/2024\/11\/Roots-and-Branches-1536x1265-1.jpg?resize=700%2C400&ssl=1 2x, https:\/\/i0.wp.com\/www.cltweb.org\/wp-content\/uploads\/2024\/11\/Roots-and-Branches-1536x1265-1.jpg?resize=1050%2C600&ssl=1 3x, https:\/\/i0.wp.com\/www.cltweb.org\/wp-content\/uploads\/2024\/11\/Roots-and-Branches-1536x1265-1.jpg?resize=1400%2C800&ssl=1 4x"},"classes":[]},{"id":1698,"url":"https:\/\/www.cltweb.org\/fr\/bibliotheque-de-ressources\/les-racines-du-clt\/precurseurs-internationaux\/","url_meta":{"origin":1709,"position":3},"title":"Pr\u00e9curseurs internationaux","author":"cltredesign_0jp0l4","date":"29 juillet 2024","format":false,"excerpt":"Introduction La fiducie fonci\u00e8re communautaire s'inspire largement de concepts th\u00e9oriques et d'exp\u00e9riences pratiques en mati\u00e8re de location de terrains qui ont vu le jour en dehors des \u00c9tats-Unis. Dans certains cas, ces \"graines import\u00e9es\" ont directement influenc\u00e9 la r\u00e9flexion et le bricolage des Am\u00e9ricains qui ont cr\u00e9\u00e9 des pr\u00e9curseurs et\u2026","rel":"","context":"Dans &quot;Les racines du CLT&quot;","block_context":{"text":"Les racines du CLT","link":"https:\/\/www.cltweb.org\/fr\/category\/les-racines-du-clt\/"},"img":{"alt_text":"","src":"","width":0,"height":0},"classes":[]},{"id":1739,"url":"https:\/\/www.cltweb.org\/fr\/pays-avec-clt\/angleterre-et-pays-de-galles\/","url_meta":{"origin":1709,"position":4},"title":"Angleterre et Pays de Galles","author":"cltredesign_0jp0l4","date":"29 juillet 2024","format":false,"excerpt":"","rel":"","context":"Dans &quot;Pays&quot;","block_context":{"text":"Pays","link":"https:\/\/www.cltweb.org\/fr\/category\/pays\/"},"img":{"alt_text":"","src":"","width":0,"height":0},"classes":[]},{"id":1708,"url":"https:\/\/www.cltweb.org\/fr\/pays-avec-clt\/kenya\/","url_meta":{"origin":1709,"position":5},"title":"Kenya","author":"cltredesign_0jp0l4","date":"29 juillet 2024","format":false,"excerpt":"","rel":"","context":"Dans &quot;Pays&quot;","block_context":{"text":"Pays","link":"https:\/\/www.cltweb.org\/fr\/category\/pays\/"},"img":{"alt_text":"","src":"","width":0,"height":0},"classes":[]}],"_links":{"self":[{"href":"https:\/\/www.cltweb.org\/fr\/wp-json\/wp\/v2\/pages\/1709","targetHints":{"allow":["GET"]}}],"collection":[{"href":"https:\/\/www.cltweb.org\/fr\/wp-json\/wp\/v2\/pages"}],"about":[{"href":"https:\/\/www.cltweb.org\/fr\/wp-json\/wp\/v2\/types\/page"}],"author":[{"embeddable":true,"href":"https:\/\/www.cltweb.org\/fr\/wp-json\/wp\/v2\/users\/1"}],"replies":[{"embeddable":true,"href":"https:\/\/www.cltweb.org\/fr\/wp-json\/wp\/v2\/comments?post=1709"}],"version-history":[{"count":1,"href":"https:\/\/www.cltweb.org\/fr\/wp-json\/wp\/v2\/pages\/1709\/revisions"}],"predecessor-version":[{"id":1825,"href":"https:\/\/www.cltweb.org\/fr\/wp-json\/wp\/v2\/pages\/1709\/revisions\/1825"}],"up":[{"embeddable":true,"href":"https:\/\/www.cltweb.org\/fr\/wp-json\/wp\/v2\/pages\/1815"}],"wp:attachment":[{"href":"https:\/\/www.cltweb.org\/fr\/wp-json\/wp\/v2\/media?parent=1709"}],"wp:term":[{"taxonomy":"category","embeddable":true,"href":"https:\/\/www.cltweb.org\/fr\/wp-json\/wp\/v2\/categories?post=1709"},{"taxonomy":"post_tag","embeddable":true,"href":"https:\/\/www.cltweb.org\/fr\/wp-json\/wp\/v2\/tags?post=1709"}],"curies":[{"name":"wp","href":"https:\/\/api.w.org\/{rel}","templated":true}]}}