{"id":1839,"date":"2024-09-07T20:24:54","date_gmt":"2024-09-07T20:24:54","guid":{"rendered":"https:\/\/www.cltweb.org\/bibliotheque-de-ressources\/manuels-et-guides\/manuel-australien-du-clt\/"},"modified":"2024-10-22T21:16:25","modified_gmt":"2024-10-22T21:16:25","slug":"manuel-australien-du-clt","status":"publish","type":"page","link":"https:\/\/www.cltweb.org\/fr\/bibliotheque-de-ressources\/manuels-et-guides\/manuel-australien-du-clt\/","title":{"rendered":"Australie"},"content":{"rendered":"\n<h2 class=\"wp-block-heading\">Manuel australien du CLT<\/h2>\n\n<p><strong>Par Louise Crabtree, Hazel Blunden, Peter Phibbs, Carolyn Sappideen, Derek Mortimer, Avril Shahib-Smith, Lisa Chung<\/strong><\/p>\n\n<p>Ce manuel a \u00e9t\u00e9 financ\u00e9 par le minist\u00e8re du logement d&#8217;Australie occidentale, la ville de Port Phillip, la ville de Sydney, le plan d&#8217;action de l&#8217;int\u00e9rieur de Melbourne, St Kilda Community Housing Ltd et Mount Alexander Community Land Ltd.\nLes auteurs souhaitent remercier les agences de financement pour leur soutien au manuel et le comit\u00e9 de pilotage pour leur d\u00e9vouement, leur temps et leurs efforts qui ont permis d&#8217;achever ce manuel.\nL&#8217;\u00e9quipe souhaite remercier tout particuli\u00e8rement Grace McCaughey (Mount Alexander Community Land Ltd) et Gary Spivak (Ville de Port Phillip) pour leur soutien \u00e0 la cr\u00e9ation du manuel.  <\/p>\n<style>.wp-block-kadence-advancedbtn.kb-btns1275_e51d58-60{gap:var(--global-kb-gap-xs, 0.5rem );justify-content:flex-start;align-items:center;}.kt-btns1275_e51d58-60 .kt-button{font-weight:normal;font-style:normal;}.kt-btns1275_e51d58-60 .kt-btn-wrap-0{margin-right:5px;}.wp-block-kadence-advancedbtn.kt-btns1275_e51d58-60 .kt-btn-wrap-0 .kt-button{color:#555555;border-color:#555555;}.wp-block-kadence-advancedbtn.kt-btns1275_e51d58-60 .kt-btn-wrap-0 .kt-button:hover, .wp-block-kadence-advancedbtn.kt-btns1275_e51d58-60 .kt-btn-wrap-0 .kt-button:focus{color:#ffffff;border-color:#444444;}.wp-block-kadence-advancedbtn.kt-btns1275_e51d58-60 .kt-btn-wrap-0 .kt-button::before{display:none;}.wp-block-kadence-advancedbtn.kt-btns1275_e51d58-60 .kt-btn-wrap-0 .kt-button:hover, .wp-block-kadence-advancedbtn.kt-btns1275_e51d58-60 .kt-btn-wrap-0 .kt-button:focus{background:#444444;}<\/style>\n<div class=\"wp-block-kadence-advancedbtn kb-buttons-wrap kb-btns1275_e51d58-60\"><style>ul.menu .wp-block-kadence-advancedbtn .kb-btn1275_95df70-bf.kb-button{width:initial;}<\/style><a class=\"kb-button kt-button button kb-btn1275_95df70-bf kt-btn-size-standard kt-btn-width-type-auto kb-btn-global-inherit  kt-btn-has-text-true kt-btn-has-svg-false  wp-block-button__link wp-block-kadence-singlebtn\" href=\"https:\/\/www.cltweb.org\/wp-content\/uploads\/2024\/10\/Australia-CLT-Manual.pdf\"><span class=\"kt-btn-inner-text\"><strong>Manuel australien du CLT<\/strong><\/span><\/a><\/div>\n\n<p><\/p>\n","protected":false},"excerpt":{"rendered":"<p>Manuel australien du CLT Par Louise Crabtree, Hazel Blunden, Peter Phibbs, Carolyn Sappideen, Derek Mortimer, Avril Shahib-Smith, Lisa Chung Ce manuel a \u00e9t\u00e9 financ\u00e9 par le minist\u00e8re du logement d&#8217;Australie [&hellip;]<\/p>\n","protected":false},"author":1,"featured_media":0,"parent":1286,"menu_order":0,"comment_status":"closed","ping_status":"closed","template":"","meta":{"give_campaign_id":0,"_tec_requires_first_save":true,"_kad_blocks_custom_css":"","_kad_blocks_head_custom_js":"","_kad_blocks_body_custom_js":"","_kad_blocks_footer_custom_js":"","_EventAllDay":false,"_EventTimezone":"","_EventStartDate":"","_EventEndDate":"","_EventStartDateUTC":"","_EventEndDateUTC":"","_EventShowMap":false,"_EventShowMapLink":false,"_EventURL":"","_EventCost":"","_EventCostDescription":"","_EventCurrencySymbol":"","_EventCurrencyCode":"","_EventCurrencyPosition":"","_EventDateTimeSeparator":"","_EventTimeRangeSeparator":"","_EventOrganizerID":[],"_EventVenueID":[],"_OrganizerEmail":"","_OrganizerPhone":"","_OrganizerWebsite":"","_VenueAddress":"","_VenueCity":"","_VenueCountry":"","_VenueProvince":"","_VenueState":"","_VenueZip":"","_VenuePhone":"","_VenueURL":"","_VenueStateProvince":"","_VenueLat":"","_VenueLng":"","_VenueShowMap":false,"_VenueShowMapLink":false,"_tribe_blocks_recurrence_rules":"","_tribe_blocks_recurrence_description":"","_tribe_blocks_recurrence_exclusions":"","footnotes":""},"categories":[143],"tags":[],"class_list":["post-1839","page","type-page","status-publish","hentry","category-manuels"],"blocksy_meta":[],"yoast_head":"<!-- This site is optimized with the Yoast SEO Premium plugin v27.5 (Yoast SEO v27.5) - https:\/\/yoast.com\/product\/yoast-seo-premium-wordpress\/ -->\n<title>Australie - International Center for Community Land Trusts<\/title>\n<meta name=\"robots\" content=\"index, follow, max-snippet:-1, max-image-preview:large, max-video-preview:-1\" \/>\n<link rel=\"canonical\" href=\"https:\/\/www.cltweb.org\/fr\/bibliotheque-de-ressources\/manuels-et-guides\/manuel-australien-du-clt\/\" \/>\n<meta property=\"og:locale\" content=\"fr_FR\" \/>\n<meta property=\"og:type\" content=\"article\" \/>\n<meta property=\"og:title\" content=\"Australie\" \/>\n<meta property=\"og:description\" content=\"Manuel australien du CLT Par Louise Crabtree, Hazel Blunden, Peter Phibbs, Carolyn Sappideen, Derek Mortimer, Avril Shahib-Smith, Lisa Chung Ce manuel a \u00e9t\u00e9 financ\u00e9 par le minist\u00e8re du logement d&#8217;Australie [&hellip;]\" \/>\n<meta property=\"og:url\" content=\"https:\/\/www.cltweb.org\/fr\/bibliotheque-de-ressources\/manuels-et-guides\/manuel-australien-du-clt\/\" \/>\n<meta property=\"og:site_name\" content=\"International Center for Community Land Trusts\" \/>\n<meta property=\"article:publisher\" content=\"https:\/\/www.facebook.com\/cltcenter\" \/>\n<meta property=\"article:modified_time\" content=\"2024-10-22T21:16:25+00:00\" \/>\n<meta name=\"twitter:card\" content=\"summary_large_image\" \/>\n<meta name=\"twitter:site\" content=\"@Center4CLTs\" \/>\n<meta name=\"twitter:label1\" content=\"Dur\u00e9e de lecture estim\u00e9e\" \/>\n\t<meta name=\"twitter:data1\" content=\"1 minute\" \/>\n<script type=\"application\/ld+json\" class=\"yoast-schema-graph\">{\"@context\":\"https:\\\/\\\/schema.org\",\"@graph\":[{\"@type\":\"WebPage\",\"@id\":\"https:\\\/\\\/www.cltweb.org\\\/fr\\\/bibliotheque-de-ressources\\\/manuels-et-guides\\\/manuel-australien-du-clt\\\/\",\"url\":\"https:\\\/\\\/www.cltweb.org\\\/fr\\\/bibliotheque-de-ressources\\\/manuels-et-guides\\\/manuel-australien-du-clt\\\/\",\"name\":\"Australie - International Center for Community Land Trusts\",\"isPartOf\":{\"@id\":\"https:\\\/\\\/www.cltweb.org\\\/fr\\\/#website\"},\"datePublished\":\"2024-09-07T20:24:54+00:00\",\"dateModified\":\"2024-10-22T21:16:25+00:00\",\"breadcrumb\":{\"@id\":\"https:\\\/\\\/www.cltweb.org\\\/fr\\\/bibliotheque-de-ressources\\\/manuels-et-guides\\\/manuel-australien-du-clt\\\/#breadcrumb\"},\"inLanguage\":\"fr-FR\",\"potentialAction\":[{\"@type\":\"ReadAction\",\"target\":[\"https:\\\/\\\/www.cltweb.org\\\/fr\\\/bibliotheque-de-ressources\\\/manuels-et-guides\\\/manuel-australien-du-clt\\\/\"]}]},{\"@type\":\"BreadcrumbList\",\"@id\":\"https:\\\/\\\/www.cltweb.org\\\/fr\\\/bibliotheque-de-ressources\\\/manuels-et-guides\\\/manuel-australien-du-clt\\\/#breadcrumb\",\"itemListElement\":[{\"@type\":\"ListItem\",\"position\":1,\"name\":\"Home\",\"item\":\"https:\\\/\\\/www.cltweb.org\\\/fr\\\/\"},{\"@type\":\"ListItem\",\"position\":2,\"name\":\"Biblioth\u00e8que de ressources\",\"item\":\"https:\\\/\\\/www.cltweb.org\\\/fr\\\/bibliotheque-de-ressources\\\/\"},{\"@type\":\"ListItem\",\"position\":3,\"name\":\"Manuels et guides\",\"item\":\"https:\\\/\\\/www.cltweb.org\\\/fr\\\/bibliotheque-de-ressources\\\/manuels-et-guides\\\/\"},{\"@type\":\"ListItem\",\"position\":4,\"name\":\"Australie\"}]},{\"@type\":\"WebSite\",\"@id\":\"https:\\\/\\\/www.cltweb.org\\\/fr\\\/#website\",\"url\":\"https:\\\/\\\/www.cltweb.org\\\/fr\\\/\",\"name\":\"International Center for Community Land Trusts\",\"description\":\"\",\"publisher\":{\"@id\":\"https:\\\/\\\/www.cltweb.org\\\/fr\\\/#organization\"},\"potentialAction\":[{\"@type\":\"SearchAction\",\"target\":{\"@type\":\"EntryPoint\",\"urlTemplate\":\"https:\\\/\\\/www.cltweb.org\\\/fr\\\/?s={search_term_string}\"},\"query-input\":{\"@type\":\"PropertyValueSpecification\",\"valueRequired\":true,\"valueName\":\"search_term_string\"}}],\"inLanguage\":\"fr-FR\"},{\"@type\":\"Organization\",\"@id\":\"https:\\\/\\\/www.cltweb.org\\\/fr\\\/#organization\",\"name\":\"International Center for Community Land Trusts\",\"url\":\"https:\\\/\\\/www.cltweb.org\\\/fr\\\/\",\"logo\":{\"@type\":\"ImageObject\",\"inLanguage\":\"fr-FR\",\"@id\":\"https:\\\/\\\/www.cltweb.org\\\/fr\\\/#\\\/schema\\\/logo\\\/image\\\/\",\"url\":\"https:\\\/\\\/www.cltweb.org\\\/wp-content\\\/uploads\\\/2024\\\/11\\\/New-CLT-Center-Text-logo.png\",\"contentUrl\":\"https:\\\/\\\/www.cltweb.org\\\/wp-content\\\/uploads\\\/2024\\\/11\\\/New-CLT-Center-Text-logo.png\",\"width\":227,\"height\":80,\"caption\":\"International Center for Community Land Trusts\"},\"image\":{\"@id\":\"https:\\\/\\\/www.cltweb.org\\\/fr\\\/#\\\/schema\\\/logo\\\/image\\\/\"},\"sameAs\":[\"https:\\\/\\\/www.facebook.com\\\/cltcenter\",\"https:\\\/\\\/x.com\\\/Center4CLTs\",\"https:\\\/\\\/www.instagram.com\\\/cltcenter\\\/\",\"https:\\\/\\\/www.linkedin.com\\\/company\\\/cltcenter\",\"https:\\\/\\\/www.youtube.com\\\/@centerforcltinnovation5313\"],\"description\":\"The International Center for Community Land Trusts is a not-for-profit nongovernmental organization established in 2018 to promote and to support community land trusts and similar strategies of community-led development on community-owned land in countries throughout the world.\",\"email\":\"info@communitylandtrust.net\",\"legalName\":\"International Center for Community Land Trusts\",\"foundingDate\":\"2018-12-01\",\"taxID\":\"84-3858933\",\"numberOfEmployees\":{\"@type\":\"QuantitativeValue\",\"minValue\":\"1\",\"maxValue\":\"10\"}}]}<\/script>\n<!-- \/ Yoast SEO Premium plugin. -->","yoast_head_json":{"title":"Australie - International Center for Community Land Trusts","robots":{"index":"index","follow":"follow","max-snippet":"max-snippet:-1","max-image-preview":"max-image-preview:large","max-video-preview":"max-video-preview:-1"},"canonical":"https:\/\/www.cltweb.org\/fr\/bibliotheque-de-ressources\/manuels-et-guides\/manuel-australien-du-clt\/","og_locale":"fr_FR","og_type":"article","og_title":"Australie","og_description":"Manuel australien du CLT Par Louise Crabtree, Hazel Blunden, Peter Phibbs, Carolyn Sappideen, Derek Mortimer, Avril Shahib-Smith, Lisa Chung Ce manuel a \u00e9t\u00e9 financ\u00e9 par le minist\u00e8re du logement d&#8217;Australie [&hellip;]","og_url":"https:\/\/www.cltweb.org\/fr\/bibliotheque-de-ressources\/manuels-et-guides\/manuel-australien-du-clt\/","og_site_name":"International Center for Community Land Trusts","article_publisher":"https:\/\/www.facebook.com\/cltcenter","article_modified_time":"2024-10-22T21:16:25+00:00","twitter_card":"summary_large_image","twitter_site":"@Center4CLTs","twitter_misc":{"Dur\u00e9e de lecture estim\u00e9e":"1 minute"},"schema":{"@context":"https:\/\/schema.org","@graph":[{"@type":"WebPage","@id":"https:\/\/www.cltweb.org\/fr\/bibliotheque-de-ressources\/manuels-et-guides\/manuel-australien-du-clt\/","url":"https:\/\/www.cltweb.org\/fr\/bibliotheque-de-ressources\/manuels-et-guides\/manuel-australien-du-clt\/","name":"Australie - International Center for Community Land Trusts","isPartOf":{"@id":"https:\/\/www.cltweb.org\/fr\/#website"},"datePublished":"2024-09-07T20:24:54+00:00","dateModified":"2024-10-22T21:16:25+00:00","breadcrumb":{"@id":"https:\/\/www.cltweb.org\/fr\/bibliotheque-de-ressources\/manuels-et-guides\/manuel-australien-du-clt\/#breadcrumb"},"inLanguage":"fr-FR","potentialAction":[{"@type":"ReadAction","target":["https:\/\/www.cltweb.org\/fr\/bibliotheque-de-ressources\/manuels-et-guides\/manuel-australien-du-clt\/"]}]},{"@type":"BreadcrumbList","@id":"https:\/\/www.cltweb.org\/fr\/bibliotheque-de-ressources\/manuels-et-guides\/manuel-australien-du-clt\/#breadcrumb","itemListElement":[{"@type":"ListItem","position":1,"name":"Home","item":"https:\/\/www.cltweb.org\/fr\/"},{"@type":"ListItem","position":2,"name":"Biblioth\u00e8que de ressources","item":"https:\/\/www.cltweb.org\/fr\/bibliotheque-de-ressources\/"},{"@type":"ListItem","position":3,"name":"Manuels et guides","item":"https:\/\/www.cltweb.org\/fr\/bibliotheque-de-ressources\/manuels-et-guides\/"},{"@type":"ListItem","position":4,"name":"Australie"}]},{"@type":"WebSite","@id":"https:\/\/www.cltweb.org\/fr\/#website","url":"https:\/\/www.cltweb.org\/fr\/","name":"International Center for Community Land Trusts","description":"","publisher":{"@id":"https:\/\/www.cltweb.org\/fr\/#organization"},"potentialAction":[{"@type":"SearchAction","target":{"@type":"EntryPoint","urlTemplate":"https:\/\/www.cltweb.org\/fr\/?s={search_term_string}"},"query-input":{"@type":"PropertyValueSpecification","valueRequired":true,"valueName":"search_term_string"}}],"inLanguage":"fr-FR"},{"@type":"Organization","@id":"https:\/\/www.cltweb.org\/fr\/#organization","name":"International Center for Community Land Trusts","url":"https:\/\/www.cltweb.org\/fr\/","logo":{"@type":"ImageObject","inLanguage":"fr-FR","@id":"https:\/\/www.cltweb.org\/fr\/#\/schema\/logo\/image\/","url":"https:\/\/www.cltweb.org\/wp-content\/uploads\/2024\/11\/New-CLT-Center-Text-logo.png","contentUrl":"https:\/\/www.cltweb.org\/wp-content\/uploads\/2024\/11\/New-CLT-Center-Text-logo.png","width":227,"height":80,"caption":"International Center for Community Land Trusts"},"image":{"@id":"https:\/\/www.cltweb.org\/fr\/#\/schema\/logo\/image\/"},"sameAs":["https:\/\/www.facebook.com\/cltcenter","https:\/\/x.com\/Center4CLTs","https:\/\/www.instagram.com\/cltcenter\/","https:\/\/www.linkedin.com\/company\/cltcenter","https:\/\/www.youtube.com\/@centerforcltinnovation5313"],"description":"The International Center for Community Land Trusts is a not-for-profit nongovernmental organization established in 2018 to promote and to support community land trusts and similar strategies of community-led development on community-owned land in countries throughout the world.","email":"info@communitylandtrust.net","legalName":"International Center for Community Land Trusts","foundingDate":"2018-12-01","taxID":"84-3858933","numberOfEmployees":{"@type":"QuantitativeValue","minValue":"1","maxValue":"10"}}]}},"campaignId":"","taxonomy_info":{"category":[{"value":143,"label":"Manuels"}]},"featured_image_src_large":false,"author_info":{"display_name":"cltredesign_0jp0l4","author_link":"https:\/\/www.cltweb.org\/fr\/author\/cltredesign_0jp0l4\/"},"comment_info":0,"jetpack_sharing_enabled":true,"jetpack-related-posts":[{"id":1840,"url":"https:\/\/www.cltweb.org\/fr\/bibliotheque-de-ressources\/manuels-et-guides\/banques-foncieres-et-fonds-fonciers-communautaires\/","url_meta":{"origin":1839,"position":0},"title":"L&#8217;Europe","author":"cltredesign_0jp0l4","date":"7 septembre 2024","format":false,"excerpt":"Manuels et guides d'Europe People Powered Homes : Comment le CLT de Londres et Citizens UK s'organisent pour acc\u00e9der \u00e0 des terrains destin\u00e9s \u00e0 la construction de logements abordables Le CLT de London est n\u00e9 des efforts d'organisation communautaire de London Citizens, qui renforce la capacit\u00e9 des gens \u00e0 participer\u2026","rel":"","context":"Dans &quot;Manuels&quot;","block_context":{"text":"Manuels","link":"https:\/\/www.cltweb.org\/fr\/category\/manuels\/"},"img":{"alt_text":"","src":"","width":0,"height":0},"classes":[]},{"id":2902,"url":"https:\/\/www.cltweb.org\/fr\/bibliotheque-de-ressources\/manuels-et-guides\/etats-unis\/","url_meta":{"origin":1839,"position":1},"title":"\u00c9tats-Unis","author":"cltredesign_0jp0l4","date":"4 octobre 2024","format":false,"excerpt":"Manuels et guides des \u00c9tats-Unis Cr\u00e9ation d'une fiducie fonci\u00e8re communautaire (2007) \u00c9crit par John Emmeus Davis en 2007, Starting a Community Land Trust : Organizational and Operational Choices, est un manuel qui dit rarement quelle devrait \u00eatre la \"bonne\" d\u00e9cision. La cr\u00e9ation d'un fonds foncier communautaire ne consiste pas \u00e0\u2026","rel":"","context":"Dans &quot;Manuels&quot;","block_context":{"text":"Manuels","link":"https:\/\/www.cltweb.org\/fr\/category\/manuels\/"},"img":{"alt_text":"","src":"","width":0,"height":0},"classes":[]},{"id":1862,"url":"https:\/\/www.cltweb.org\/fr\/bibliotheque-de-ressources\/rapports\/","url_meta":{"origin":1839,"position":2},"title":"Rapports","author":"cltredesign_0jp0l4","date":"26 juillet 2024","format":false,"excerpt":"L'accession \u00e0 la propri\u00e9t\u00e9 en fonds propres partag\u00e9s (2006) Par John Emmeus Davis, Institut national du logement La copropri\u00e9t\u00e9 garantit que les logements restent abordables \u00e0 long terme pour les m\u00e9nages \u00e0 faibles revenus en limitant la plus-value que le propri\u00e9taire peut conserver, pr\u00e9servant ainsi des logements abordables dans des\u2026","rel":"","context":"Dans &quot;Biblioth\u00e8que de ressources&quot;","block_context":{"text":"Biblioth\u00e8que de ressources","link":"https:\/\/www.cltweb.org\/fr\/category\/bibliotheque-de-ressources\/"},"img":{"alt_text":"","src":"","width":0,"height":0},"classes":[]},{"id":3956,"url":"https:\/\/www.cltweb.org\/fr\/bibliotheque-de-ressources\/etudes-de-cas-clt\/fonds-foncier-communautaire-dalbany\/","url_meta":{"origin":1839,"position":3},"title":"Fonds foncier communautaire d&#8217;Albany","author":"cltredesign_0jp0l4","date":"20 octobre 2024","format":false,"excerpt":"\u00c9tabli en 1987 (Albany, New York) Profil \u00e9tabli par Kirby White (2015) L'Albany Community Land Trust a \u00e9t\u00e9 lanc\u00e9 dans les ann\u00e9es 1980 gr\u00e2ce aux efforts de United Tenants of Albany (UTA), dont le personnel s'est int\u00e9ress\u00e9 aux mod\u00e8les de d\u00e9veloppement et de financement communautaires promus par l'Institute for Community\u2026","rel":"","context":"Dans &quot;\u00c9tudes de cas&quot;","block_context":{"text":"\u00c9tudes de cas","link":"https:\/\/www.cltweb.org\/fr\/category\/etudes-de-cas\/"},"img":{"alt_text":"","src":"","width":0,"height":0},"classes":[]},{"id":4025,"url":"https:\/\/www.cltweb.org\/fr\/bibliotheque-de-ressources\/etudes-de-cas-clt\/fonds-foncier-communautaire-dalbany-2\/","url_meta":{"origin":1839,"position":4},"title":"Fonds foncier communautaire d&#8217;Albany","author":"cltredesign_0jp0l4","date":"21 octobre 2024","format":false,"excerpt":"\u00c9tabli en 1987 (Albany, New York) Profil \u00e9tabli par Kirby White (2015) L'Albany Community Land Trust a \u00e9t\u00e9 lanc\u00e9 dans les ann\u00e9es 1980 gr\u00e2ce aux efforts de United Tenants of Albany (UTA), dont le personnel s'est int\u00e9ress\u00e9 aux mod\u00e8les de d\u00e9veloppement et de financement communautaires promus par l'Institute for Community\u2026","rel":"","context":"Article similaire","block_context":{"text":"Article similaire","link":""},"img":{"alt_text":"","src":"","width":0,"height":0},"classes":[]},{"id":8995,"url":"https:\/\/www.cltweb.org\/fr\/bibliotheque-de-ressources\/agriculture\/ressources-complementaires\/comment-les-clt-securisent-et-protegent-les-terres\/restrictions-des-actes-de-propriete\/","url_meta":{"origin":1839,"position":5},"title":"Restrictions des actes de propri\u00e9t\u00e9","author":"cltredesign_0jp0l4","date":"3 f\u00e9vrier 2025","format":false,"excerpt":"Les restrictions impos\u00e9es par les actes de propri\u00e9t\u00e9 (\u00e9galement appel\u00e9es \"clauses restrictives\") sont un outil courant pour limiter l'utilisation des terrains et sont souvent exig\u00e9es par les bailleurs de fonds.7 Les bailleurs de fonds sont motiv\u00e9s pour contr\u00f4ler ces restrictions afin de prot\u00e9ger leurs investissements, et les b\u00e9n\u00e9ficiaires des fonds\u2026","rel":"","context":"Dans &quot;Agriculture&quot;","block_context":{"text":"Agriculture","link":"https:\/\/www.cltweb.org\/fr\/category\/agriculture-fr\/"},"img":{"alt_text":"","src":"","width":0,"height":0},"classes":[]}],"_links":{"self":[{"href":"https:\/\/www.cltweb.org\/fr\/wp-json\/wp\/v2\/pages\/1839","targetHints":{"allow":["GET"]}}],"collection":[{"href":"https:\/\/www.cltweb.org\/fr\/wp-json\/wp\/v2\/pages"}],"about":[{"href":"https:\/\/www.cltweb.org\/fr\/wp-json\/wp\/v2\/types\/page"}],"author":[{"embeddable":true,"href":"https:\/\/www.cltweb.org\/fr\/wp-json\/wp\/v2\/users\/1"}],"replies":[{"embeddable":true,"href":"https:\/\/www.cltweb.org\/fr\/wp-json\/wp\/v2\/comments?post=1839"}],"version-history":[{"count":5,"href":"https:\/\/www.cltweb.org\/fr\/wp-json\/wp\/v2\/pages\/1839\/revisions"}],"predecessor-version":[{"id":4599,"href":"https:\/\/www.cltweb.org\/fr\/wp-json\/wp\/v2\/pages\/1839\/revisions\/4599"}],"up":[{"embeddable":true,"href":"https:\/\/www.cltweb.org\/fr\/wp-json\/wp\/v2\/pages\/1286"}],"wp:attachment":[{"href":"https:\/\/www.cltweb.org\/fr\/wp-json\/wp\/v2\/media?parent=1839"}],"wp:term":[{"taxonomy":"category","embeddable":true,"href":"https:\/\/www.cltweb.org\/fr\/wp-json\/wp\/v2\/categories?post=1839"},{"taxonomy":"post_tag","embeddable":true,"href":"https:\/\/www.cltweb.org\/fr\/wp-json\/wp\/v2\/tags?post=1839"}],"curies":[{"name":"wp","href":"https:\/\/api.w.org\/{rel}","templated":true}]}}