{"id":1861,"date":"2024-07-26T20:04:39","date_gmt":"2024-07-26T20:04:39","guid":{"rendered":"https:\/\/www.cltweb.org\/bibliotheque-de-ressources\/recherche\/base-de-donnees-sur-le-droit-des-etats-americains\/"},"modified":"2024-10-27T17:33:22","modified_gmt":"2024-10-27T17:33:22","slug":"base-de-donnees-sur-le-droit-des-etats-americains","status":"publish","type":"page","link":"https:\/\/www.cltweb.org\/fr\/bibliotheque-de-ressources\/base-de-donnees-sur-le-droit-des-etats-americains\/","title":{"rendered":"Base de donn\u00e9es sur le droit des \u00c9tats am\u00e9ricains"},"content":{"rendered":"\n<p>Les Community land trusts (CLT) ont longtemps \u00e9t\u00e9 en mesure de s&#8217;organiser ou de fonctionner sans l\u00e9gislation sp\u00e9cifique, autorisation ou orientation de la part des gouvernements des \u00c9tats. Depuis la cr\u00e9ation de New Communities, Inc. en 1969, les CLT s&#8217;appuient sur les m\u00e9canismes juridiques existants en mati\u00e8re de propri\u00e9t\u00e9, de fiscalit\u00e9 et de droit des soci\u00e9t\u00e9s pour fonctionner. Ils se sont constitu\u00e9s en entit\u00e9s \u00e0 but non lucratif, ont mis en place des conseils d&#8217;administration tripartites et ont s\u00e9par\u00e9 le terrain des am\u00e9liorations. Les CLT ont vendu des logements dont la revente \u00e9tait limit\u00e9e et ont conclu des baux \u00e0 long terme avec les propri\u00e9taires. Ils ont fait respecter les dispositions des baux fonciers et ont pr\u00e9serv\u00e9 l&#8217;accessibilit\u00e9, la qualit\u00e9 et la s\u00e9curit\u00e9 des logements et des autres am\u00e9liorations. Tout cela s&#8217;est fait sans l&#8217;aide de la l\u00e9gislation.     <\/p>\n\n<p>Les CLT d\u00e9couvrent cependant qu&#8217;une l\u00e9gislation bien con\u00e7ue peut les aider \u00e0 prosp\u00e9rer. Les l\u00e9gislateurs des \u00c9tats ont le pouvoir de d\u00e9finir, de permettre et de r\u00e9glementer les CLT. La l\u00e9gislation de l&#8217;\u00c9tat peut fournir des normes qui guident les \u00e9valuations fiscales locales des terrains et des am\u00e9liorations des CLT. Elle peut r\u00e9gir la distribution des terrains &#8220;exc\u00e9dentaires&#8221; appartenant \u00e0 l&#8217;\u00c9tat. Elle peut fixer des priorit\u00e9s pour la distribution des ressources provenant des fonds d&#8217;affectation sp\u00e9ciale de l&#8217;\u00c9tat pour le logement et des d\u00e9partements des autorit\u00e9s charg\u00e9es du logement de l&#8217;\u00c9tat. Les assembl\u00e9es l\u00e9gislatives des \u00c9tats peuvent adopter des lois qui soutiennent l&#8217;applicabilit\u00e9 des m\u00e9canismes contractuels qui pr\u00e9servent l&#8217;accessibilit\u00e9 permanente, entre autres choses. Les lois des \u00c9tats ont \u00e9galement pr\u00e9vu des m\u00e9canismes de financement pour l&#8217;assistance technique, le fonctionnement des CLT et le d\u00e9veloppement de projets CLT, aidant ainsi les CLT \u00e0 d\u00e9velopper leurs programmes et \u00e0 \u00e9largir les possibilit\u00e9s d&#8217;accession \u00e0 la propri\u00e9t\u00e9. En plus de fournir des ressources essentielles aux CLT eux-m\u00eames, ces textes l\u00e9gislatifs sensibilisent le public et rassurent les acheteurs, les pr\u00eateurs, les investisseurs et d&#8217;autres personnes dont la coop\u00e9ration est essentielle quant \u00e0 la l\u00e9gitimit\u00e9 du mod\u00e8le.       <\/p>\n\n<p>Cette base de donn\u00e9es offre une vue d&#8217;ensemble des lois adopt\u00e9es au niveau de l&#8217;\u00c9tat qui soutiennent l&#8217;accession \u00e0 la propri\u00e9t\u00e9 \u00e0 prix abordable en g\u00e9n\u00e9ral et les CLT en particulier. Il s&#8217;agit d&#8217;un travail en cours. L&#8217;objectif de la publication de ces informations est de donner aux fonctionnaires et aux praticiens des CLT une meilleure id\u00e9e des types de l\u00e9gislation existant dans le pays et de fournir des exemples de langage l\u00e9gislatif que les d\u00e9fenseurs des CLT pourront \u00e9tudier lors de l&#8217;\u00e9laboration de la l\u00e9gislation dans leur propre \u00c9tat.  <\/p>\n\n<p>Je tiens \u00e0 remercier les personnes suivantes qui ont contribu\u00e9 \u00e0 la r\u00e9alisation de cette base de donn\u00e9es : Fran Miller et Nicole Renna de la Vermont Law and Graduate School ; Sandeep Dhaliwhal, Jyoti Nagra et Michelle Hong de la NYU Law ; et Greg Rosenberg de l&#8217;International Center for CLTs.<\/p>\n\n<p>Kristin King-Ries<br\/>Ao\u00fbt 2024<\/p>\n<style>.wp-block-kadence-spacer.kt-block-spacer-270_139bf2-32 .kt-block-spacer{height:27px;}.wp-block-kadence-spacer.kt-block-spacer-270_139bf2-32 .kt-divider{border-top-width:13px;height:1px;border-top-color:#eee;width:80%;border-top-style:solid;}<\/style>\n<div class=\"wp-block-kadence-spacer aligncenter kt-block-spacer-270_139bf2-32\"><div class=\"kt-block-spacer kt-block-spacer-halign-center\"><hr class=\"kt-divider\"\/><\/div><\/div>\n\n<iframe loading=\"lazy\" class=\"airtable-embed\" style=\"background: transparent; border: 1px solid #ccc;\" src=\"https:\/\/airtable.com\/embed\/app4gcVT9wTrVHQO6\/shrAgxppXfnWTWH6v?backgroundColor=cyanDusty&#038;layout=card&#038;viewControls=on\" width=\"100%\" height=\"1000\" frameborder=\"0\"><\/iframe>\n","protected":false},"excerpt":{"rendered":"<p>Les Community land trusts (CLT) ont longtemps \u00e9t\u00e9 en mesure de s&#8217;organiser ou de fonctionner sans l\u00e9gislation sp\u00e9cifique, autorisation ou orientation de la part des gouvernements des \u00c9tats. Depuis la [&hellip;]<\/p>\n","protected":false},"author":1,"featured_media":0,"parent":906,"menu_order":0,"comment_status":"closed","ping_status":"closed","template":"","meta":{"give_campaign_id":0,"_tec_requires_first_save":true,"_kad_blocks_custom_css":"","_kad_blocks_head_custom_js":"","_kad_blocks_body_custom_js":"","_kad_blocks_footer_custom_js":"","_EventAllDay":false,"_EventTimezone":"","_EventStartDate":"","_EventEndDate":"","_EventStartDateUTC":"","_EventEndDateUTC":"","_EventShowMap":false,"_EventShowMapLink":false,"_EventURL":"","_EventCost":"","_EventCostDescription":"","_EventCurrencySymbol":"","_EventCurrencyCode":"","_EventCurrencyPosition":"","_EventDateTimeSeparator":"","_EventTimeRangeSeparator":"","_EventOrganizerID":[],"_EventVenueID":[],"_OrganizerEmail":"","_OrganizerPhone":"","_OrganizerWebsite":"","_VenueAddress":"","_VenueCity":"","_VenueCountry":"","_VenueProvince":"","_VenueState":"","_VenueZip":"","_VenuePhone":"","_VenueURL":"","_VenueStateProvince":"","_VenueLat":"","_VenueLng":"","_VenueShowMap":false,"_VenueShowMapLink":false,"_tribe_blocks_recurrence_rules":"","_tribe_blocks_recurrence_description":"","_tribe_blocks_recurrence_exclusions":"","footnotes":""},"categories":[85,149],"tags":[],"class_list":["post-1861","page","type-page","status-publish","hentry","category-bibliotheque-de-ressources","category-recherche"],"blocksy_meta":[],"yoast_head":"<!-- This site is optimized with the Yoast SEO Premium plugin v27.4 (Yoast SEO v27.5) - https:\/\/yoast.com\/product\/yoast-seo-premium-wordpress\/ -->\n<title>Base de donn\u00e9es sur le droit des \u00c9tats am\u00e9ricains - International Center for Community Land Trusts<\/title>\n<meta name=\"robots\" content=\"index, follow, max-snippet:-1, max-image-preview:large, max-video-preview:-1\" \/>\n<link rel=\"canonical\" href=\"https:\/\/www.cltweb.org\/fr\/bibliotheque-de-ressources\/base-de-donnees-sur-le-droit-des-etats-americains\/\" \/>\n<meta property=\"og:locale\" content=\"fr_FR\" \/>\n<meta property=\"og:type\" content=\"article\" \/>\n<meta property=\"og:title\" content=\"Base de donn\u00e9es sur le droit des \u00c9tats am\u00e9ricains\" \/>\n<meta property=\"og:description\" content=\"Les Community land trusts (CLT) ont longtemps \u00e9t\u00e9 en mesure de s&#8217;organiser ou de fonctionner sans l\u00e9gislation sp\u00e9cifique, autorisation ou orientation de la part des gouvernements des \u00c9tats. Depuis la [&hellip;]\" \/>\n<meta property=\"og:url\" content=\"https:\/\/www.cltweb.org\/fr\/bibliotheque-de-ressources\/base-de-donnees-sur-le-droit-des-etats-americains\/\" \/>\n<meta property=\"og:site_name\" content=\"International Center for Community Land Trusts\" \/>\n<meta property=\"article:publisher\" content=\"https:\/\/www.facebook.com\/cltcenter\" \/>\n<meta property=\"article:modified_time\" content=\"2024-10-27T17:33:22+00:00\" \/>\n<meta name=\"twitter:card\" content=\"summary_large_image\" \/>\n<meta name=\"twitter:site\" content=\"@Center4CLTs\" \/>\n<meta name=\"twitter:label1\" content=\"Dur\u00e9e de lecture estim\u00e9e\" \/>\n\t<meta name=\"twitter:data1\" content=\"3 minutes\" \/>\n<script type=\"application\/ld+json\" class=\"yoast-schema-graph\">{\"@context\":\"https:\\\/\\\/schema.org\",\"@graph\":[{\"@type\":\"WebPage\",\"@id\":\"https:\\\/\\\/www.cltweb.org\\\/fr\\\/bibliotheque-de-ressources\\\/base-de-donnees-sur-le-droit-des-etats-americains\\\/\",\"url\":\"https:\\\/\\\/www.cltweb.org\\\/fr\\\/bibliotheque-de-ressources\\\/base-de-donnees-sur-le-droit-des-etats-americains\\\/\",\"name\":\"Base de donn\u00e9es sur le droit des \u00c9tats am\u00e9ricains - International Center for Community Land Trusts\",\"isPartOf\":{\"@id\":\"https:\\\/\\\/www.cltweb.org\\\/fr\\\/#website\"},\"datePublished\":\"2024-07-26T20:04:39+00:00\",\"dateModified\":\"2024-10-27T17:33:22+00:00\",\"breadcrumb\":{\"@id\":\"https:\\\/\\\/www.cltweb.org\\\/fr\\\/bibliotheque-de-ressources\\\/base-de-donnees-sur-le-droit-des-etats-americains\\\/#breadcrumb\"},\"inLanguage\":\"fr-FR\",\"potentialAction\":[{\"@type\":\"ReadAction\",\"target\":[\"https:\\\/\\\/www.cltweb.org\\\/fr\\\/bibliotheque-de-ressources\\\/base-de-donnees-sur-le-droit-des-etats-americains\\\/\"]}]},{\"@type\":\"BreadcrumbList\",\"@id\":\"https:\\\/\\\/www.cltweb.org\\\/fr\\\/bibliotheque-de-ressources\\\/base-de-donnees-sur-le-droit-des-etats-americains\\\/#breadcrumb\",\"itemListElement\":[{\"@type\":\"ListItem\",\"position\":1,\"name\":\"Home\",\"item\":\"https:\\\/\\\/www.cltweb.org\\\/fr\\\/\"},{\"@type\":\"ListItem\",\"position\":2,\"name\":\"Biblioth\u00e8que de ressources\",\"item\":\"https:\\\/\\\/www.cltweb.org\\\/fr\\\/bibliotheque-de-ressources\\\/\"},{\"@type\":\"ListItem\",\"position\":3,\"name\":\"Base de donn\u00e9es sur le droit des \u00c9tats am\u00e9ricains\"}]},{\"@type\":\"WebSite\",\"@id\":\"https:\\\/\\\/www.cltweb.org\\\/fr\\\/#website\",\"url\":\"https:\\\/\\\/www.cltweb.org\\\/fr\\\/\",\"name\":\"International Center for Community Land Trusts\",\"description\":\"\",\"publisher\":{\"@id\":\"https:\\\/\\\/www.cltweb.org\\\/fr\\\/#organization\"},\"potentialAction\":[{\"@type\":\"SearchAction\",\"target\":{\"@type\":\"EntryPoint\",\"urlTemplate\":\"https:\\\/\\\/www.cltweb.org\\\/fr\\\/?s={search_term_string}\"},\"query-input\":{\"@type\":\"PropertyValueSpecification\",\"valueRequired\":true,\"valueName\":\"search_term_string\"}}],\"inLanguage\":\"fr-FR\"},{\"@type\":\"Organization\",\"@id\":\"https:\\\/\\\/www.cltweb.org\\\/fr\\\/#organization\",\"name\":\"International Center for Community Land Trusts\",\"url\":\"https:\\\/\\\/www.cltweb.org\\\/fr\\\/\",\"logo\":{\"@type\":\"ImageObject\",\"inLanguage\":\"fr-FR\",\"@id\":\"https:\\\/\\\/www.cltweb.org\\\/fr\\\/#\\\/schema\\\/logo\\\/image\\\/\",\"url\":\"https:\\\/\\\/www.cltweb.org\\\/wp-content\\\/uploads\\\/2024\\\/11\\\/New-CLT-Center-Text-logo.png\",\"contentUrl\":\"https:\\\/\\\/www.cltweb.org\\\/wp-content\\\/uploads\\\/2024\\\/11\\\/New-CLT-Center-Text-logo.png\",\"width\":227,\"height\":80,\"caption\":\"International Center for Community Land Trusts\"},\"image\":{\"@id\":\"https:\\\/\\\/www.cltweb.org\\\/fr\\\/#\\\/schema\\\/logo\\\/image\\\/\"},\"sameAs\":[\"https:\\\/\\\/www.facebook.com\\\/cltcenter\",\"https:\\\/\\\/x.com\\\/Center4CLTs\",\"https:\\\/\\\/www.instagram.com\\\/cltcenter\\\/\",\"https:\\\/\\\/www.linkedin.com\\\/company\\\/cltcenter\",\"https:\\\/\\\/www.youtube.com\\\/@centerforcltinnovation5313\"],\"description\":\"The International Center for Community Land Trusts is a not-for-profit nongovernmental organization established in 2018 to promote and to support community land trusts and similar strategies of community-led development on community-owned land in countries throughout the world.\",\"email\":\"info@communitylandtrust.net\",\"legalName\":\"International Center for Community Land Trusts\",\"foundingDate\":\"2018-12-01\",\"taxID\":\"84-3858933\",\"numberOfEmployees\":{\"@type\":\"QuantitativeValue\",\"minValue\":\"1\",\"maxValue\":\"10\"}}]}<\/script>\n<!-- \/ Yoast SEO Premium plugin. -->","yoast_head_json":{"title":"Base de donn\u00e9es sur le droit des \u00c9tats am\u00e9ricains - International Center for Community Land Trusts","robots":{"index":"index","follow":"follow","max-snippet":"max-snippet:-1","max-image-preview":"max-image-preview:large","max-video-preview":"max-video-preview:-1"},"canonical":"https:\/\/www.cltweb.org\/fr\/bibliotheque-de-ressources\/base-de-donnees-sur-le-droit-des-etats-americains\/","og_locale":"fr_FR","og_type":"article","og_title":"Base de donn\u00e9es sur le droit des \u00c9tats am\u00e9ricains","og_description":"Les Community land trusts (CLT) ont longtemps \u00e9t\u00e9 en mesure de s&#8217;organiser ou de fonctionner sans l\u00e9gislation sp\u00e9cifique, autorisation ou orientation de la part des gouvernements des \u00c9tats. Depuis la [&hellip;]","og_url":"https:\/\/www.cltweb.org\/fr\/bibliotheque-de-ressources\/base-de-donnees-sur-le-droit-des-etats-americains\/","og_site_name":"International Center for Community Land Trusts","article_publisher":"https:\/\/www.facebook.com\/cltcenter","article_modified_time":"2024-10-27T17:33:22+00:00","twitter_card":"summary_large_image","twitter_site":"@Center4CLTs","twitter_misc":{"Dur\u00e9e de lecture estim\u00e9e":"3 minutes"},"schema":{"@context":"https:\/\/schema.org","@graph":[{"@type":"WebPage","@id":"https:\/\/www.cltweb.org\/fr\/bibliotheque-de-ressources\/base-de-donnees-sur-le-droit-des-etats-americains\/","url":"https:\/\/www.cltweb.org\/fr\/bibliotheque-de-ressources\/base-de-donnees-sur-le-droit-des-etats-americains\/","name":"Base de donn\u00e9es sur le droit des \u00c9tats am\u00e9ricains - International Center for Community Land Trusts","isPartOf":{"@id":"https:\/\/www.cltweb.org\/fr\/#website"},"datePublished":"2024-07-26T20:04:39+00:00","dateModified":"2024-10-27T17:33:22+00:00","breadcrumb":{"@id":"https:\/\/www.cltweb.org\/fr\/bibliotheque-de-ressources\/base-de-donnees-sur-le-droit-des-etats-americains\/#breadcrumb"},"inLanguage":"fr-FR","potentialAction":[{"@type":"ReadAction","target":["https:\/\/www.cltweb.org\/fr\/bibliotheque-de-ressources\/base-de-donnees-sur-le-droit-des-etats-americains\/"]}]},{"@type":"BreadcrumbList","@id":"https:\/\/www.cltweb.org\/fr\/bibliotheque-de-ressources\/base-de-donnees-sur-le-droit-des-etats-americains\/#breadcrumb","itemListElement":[{"@type":"ListItem","position":1,"name":"Home","item":"https:\/\/www.cltweb.org\/fr\/"},{"@type":"ListItem","position":2,"name":"Biblioth\u00e8que de ressources","item":"https:\/\/www.cltweb.org\/fr\/bibliotheque-de-ressources\/"},{"@type":"ListItem","position":3,"name":"Base de donn\u00e9es sur le droit des \u00c9tats am\u00e9ricains"}]},{"@type":"WebSite","@id":"https:\/\/www.cltweb.org\/fr\/#website","url":"https:\/\/www.cltweb.org\/fr\/","name":"International Center for Community Land Trusts","description":"","publisher":{"@id":"https:\/\/www.cltweb.org\/fr\/#organization"},"potentialAction":[{"@type":"SearchAction","target":{"@type":"EntryPoint","urlTemplate":"https:\/\/www.cltweb.org\/fr\/?s={search_term_string}"},"query-input":{"@type":"PropertyValueSpecification","valueRequired":true,"valueName":"search_term_string"}}],"inLanguage":"fr-FR"},{"@type":"Organization","@id":"https:\/\/www.cltweb.org\/fr\/#organization","name":"International Center for Community Land Trusts","url":"https:\/\/www.cltweb.org\/fr\/","logo":{"@type":"ImageObject","inLanguage":"fr-FR","@id":"https:\/\/www.cltweb.org\/fr\/#\/schema\/logo\/image\/","url":"https:\/\/www.cltweb.org\/wp-content\/uploads\/2024\/11\/New-CLT-Center-Text-logo.png","contentUrl":"https:\/\/www.cltweb.org\/wp-content\/uploads\/2024\/11\/New-CLT-Center-Text-logo.png","width":227,"height":80,"caption":"International Center for Community Land Trusts"},"image":{"@id":"https:\/\/www.cltweb.org\/fr\/#\/schema\/logo\/image\/"},"sameAs":["https:\/\/www.facebook.com\/cltcenter","https:\/\/x.com\/Center4CLTs","https:\/\/www.instagram.com\/cltcenter\/","https:\/\/www.linkedin.com\/company\/cltcenter","https:\/\/www.youtube.com\/@centerforcltinnovation5313"],"description":"The International Center for Community Land Trusts is a not-for-profit nongovernmental organization established in 2018 to promote and to support community land trusts and similar strategies of community-led development on community-owned land in countries throughout the world.","email":"info@communitylandtrust.net","legalName":"International Center for Community Land Trusts","foundingDate":"2018-12-01","taxID":"84-3858933","numberOfEmployees":{"@type":"QuantitativeValue","minValue":"1","maxValue":"10"}}]}},"campaignId":"","taxonomy_info":{"category":[{"value":85,"label":"Biblioth\u00e8que de ressources"},{"value":149,"label":"Recherche"}]},"featured_image_src_large":false,"author_info":{"display_name":"cltredesign_0jp0l4","author_link":"https:\/\/www.cltweb.org\/fr\/author\/cltredesign_0jp0l4\/"},"comment_info":0,"jetpack_sharing_enabled":true,"jetpack-related-posts":[{"id":879,"url":"https:\/\/www.cltweb.org\/fr\/bibliotheque-de-ressources\/quest-ce-quun-clt\/","url_meta":{"origin":1861,"position":0},"title":"Qu&#8217;est-ce qu&#8217;une fiducie fonci\u00e8re communautaire ?","author":"cltredesign_0jp0l4","date":"26 juillet 2024","format":false,"excerpt":"Un community land trust(CLT) est une soci\u00e9t\u00e9 \u00e0 but non lucratif qui d\u00e9tient des terrains pour le compte d'une communaut\u00e9 locale, tout en assurant la gestion \u00e0 long terme de logements abordables, de jardins communautaires, de b\u00e2timents municipaux, d'espaces commerciaux et d'autres actifs communautaires pour le compte d'une communaut\u00e9. Les\u2026","rel":"","context":"Dans &quot;Biblioth\u00e8que de ressources&quot;","block_context":{"text":"Biblioth\u00e8que de ressources","link":"https:\/\/www.cltweb.org\/fr\/category\/bibliotheque-de-ressources\/"},"img":{"alt_text":"","src":"","width":0,"height":0},"classes":[]},{"id":2902,"url":"https:\/\/www.cltweb.org\/fr\/bibliotheque-de-ressources\/manuels-et-guides\/etats-unis\/","url_meta":{"origin":1861,"position":1},"title":"\u00c9tats-Unis","author":"cltredesign_0jp0l4","date":"4 octobre 2024","format":false,"excerpt":"Manuels et guides des \u00c9tats-Unis Cr\u00e9ation d'une fiducie fonci\u00e8re communautaire (2007) \u00c9crit par John Emmeus Davis en 2007, Starting a Community Land Trust : Organizational and Operational Choices, est un manuel qui dit rarement quelle devrait \u00eatre la \"bonne\" d\u00e9cision. La cr\u00e9ation d'un fonds foncier communautaire ne consiste pas \u00e0\u2026","rel":"","context":"Dans &quot;Manuels&quot;","block_context":{"text":"Manuels","link":"https:\/\/www.cltweb.org\/fr\/category\/manuels\/"},"img":{"alt_text":"","src":"","width":0,"height":0},"classes":[]},{"id":1598,"url":"https:\/\/www.cltweb.org\/fr\/terra-nostra-press\/catalogue\/applications-des-fonds-fonciers-communautaires-dans-les-quartiers-urbains\/","url_meta":{"origin":1861,"position":2},"title":"Applications des fonds fonciers communautaires dans les quartiers urbains","author":"cltredesign_0jp0l4","date":"29 juillet 2024","format":false,"excerpt":"Disponible d\u00e8s maintenant dans le monde entier, 110 pages.PAPERBACK ISBN 9781734403077 $15.00 USEBOOK ISBN 9781734403084 $5.00 US Les ONG peuvent b\u00e9n\u00e9ficier de remises sur les commandes en gros. Pour plus d'informations et pour passer votre commande, consultez notre page sur les commandes group\u00e9es. Les huit essais contenus dans cette monographie\u2026","rel":"","context":"Dans &quot;Catalogue&quot;","block_context":{"text":"Catalogue","link":"https:\/\/www.cltweb.org\/fr\/category\/catalogue\/"},"img":{"alt_text":"Book Cover for Urban Applications","src":"https:\/\/i0.wp.com\/www.cltweb.org\/wp-content\/uploads\/2024\/10\/Urban-Applications-Cover.jpg?resize=350%2C200&ssl=1","width":350,"height":200,"srcset":"https:\/\/i0.wp.com\/www.cltweb.org\/wp-content\/uploads\/2024\/10\/Urban-Applications-Cover.jpg?resize=350%2C200&ssl=1 1x, https:\/\/i0.wp.com\/www.cltweb.org\/wp-content\/uploads\/2024\/10\/Urban-Applications-Cover.jpg?resize=525%2C300&ssl=1 1.5x, https:\/\/i0.wp.com\/www.cltweb.org\/wp-content\/uploads\/2024\/10\/Urban-Applications-Cover.jpg?resize=700%2C400&ssl=1 2x, https:\/\/i0.wp.com\/www.cltweb.org\/wp-content\/uploads\/2024\/10\/Urban-Applications-Cover.jpg?resize=1050%2C600&ssl=1 3x, https:\/\/i0.wp.com\/www.cltweb.org\/wp-content\/uploads\/2024\/10\/Urban-Applications-Cover.jpg?resize=1400%2C800&ssl=1 4x"},"classes":[]},{"id":4373,"url":"https:\/\/www.cltweb.org\/fr\/bibliotheque-de-ressources\/interviews\/john-emmus-davis\/","url_meta":{"origin":1861,"position":3},"title":"John Emmus Davis (2011)","author":"cltredesign_0jp0l4","date":"22 octobre 2024","format":false,"excerpt":"En 2011, cela faisait 30 ans que John contribuait au d\u00e9veloppement des community land trusts en tant qu'auteur, enseignant et fournisseur d'assistance technique. L'\u00e9volution de son implication personnelle et professionnelle dans le mouvement CLT a \u00e9t\u00e9 explor\u00e9e dans cet entretien enregistr\u00e9 par Steve Dubb, alors directeur de la recherche au\u2026","rel":"","context":"Dans &quot;Interviews&quot;","block_context":{"text":"Interviews","link":"https:\/\/www.cltweb.org\/fr\/category\/interviews-fr\/"},"img":{"alt_text":"","src":"","width":0,"height":0},"classes":[]},{"id":4467,"url":"https:\/\/www.cltweb.org\/fr\/bibliotheque-de-ressources\/interviews\/garantir-les-droits-fonciers-les-clt-dans-les-etablissements-informels-2020\/","url_meta":{"origin":1861,"position":4},"title":"Garantir les droits fonciers : Les CLT dans les \u00e9tablissements informels (2020)","author":"cltredesign_0jp0l4","date":"22 octobre 2024","format":false,"excerpt":"Le 29 octobre 2020, World Habitat a organis\u00e9 une table ronde sur le r\u00f4le des fiducies fonci\u00e8res communautaires dans la garantie des droits fonciers des habitants des quartiers informels. Les pan\u00e9listes \u00e9taient les suivants : Mariolga Juli\u00e1 Pacheco et Don Jos\u00e9 Caraballo, du CLT Ca\u00f1o Mart\u00edn Pe\u00f1a, Porto Rico ;\u2026","rel":"","context":"Dans &quot;Interviews&quot;","block_context":{"text":"Interviews","link":"https:\/\/www.cltweb.org\/fr\/category\/interviews-fr\/"},"img":{"alt_text":"","src":"","width":0,"height":0},"classes":[]},{"id":3933,"url":"https:\/\/www.cltweb.org\/fr\/bibliotheque-de-ressources\/etudes-de-cas-clt\/","url_meta":{"origin":1861,"position":5},"title":"\u00c9tudes de cas","author":"cltredesign_0jp0l4","date":"20 octobre 2024","format":false,"excerpt":"Histoires d'origine CLT Bien que le mouvement des community land trust soit relativement jeune dans son ensemble, il existe aujourd'hui aux \u00c9tats-Unis un certain nombre de CLT qui fonctionnent depuis plus de 20 ans. Quelques-uns d'entre eux ont f\u00eat\u00e9 leur 30e anniversaire. Des CLT plus jeunes ont commenc\u00e9 \u00e0 appara\u00eetre\u2026","rel":"","context":"Dans &quot;Biblioth\u00e8que de ressources&quot;","block_context":{"text":"Biblioth\u00e8que de ressources","link":"https:\/\/www.cltweb.org\/fr\/category\/bibliotheque-de-ressources\/"},"img":{"alt_text":"","src":"","width":0,"height":0},"classes":[]}],"_links":{"self":[{"href":"https:\/\/www.cltweb.org\/fr\/wp-json\/wp\/v2\/pages\/1861","targetHints":{"allow":["GET"]}}],"collection":[{"href":"https:\/\/www.cltweb.org\/fr\/wp-json\/wp\/v2\/pages"}],"about":[{"href":"https:\/\/www.cltweb.org\/fr\/wp-json\/wp\/v2\/types\/page"}],"author":[{"embeddable":true,"href":"https:\/\/www.cltweb.org\/fr\/wp-json\/wp\/v2\/users\/1"}],"replies":[{"embeddable":true,"href":"https:\/\/www.cltweb.org\/fr\/wp-json\/wp\/v2\/comments?post=1861"}],"version-history":[{"count":4,"href":"https:\/\/www.cltweb.org\/fr\/wp-json\/wp\/v2\/pages\/1861\/revisions"}],"predecessor-version":[{"id":4772,"href":"https:\/\/www.cltweb.org\/fr\/wp-json\/wp\/v2\/pages\/1861\/revisions\/4772"}],"up":[{"embeddable":true,"href":"https:\/\/www.cltweb.org\/fr\/wp-json\/wp\/v2\/pages\/906"}],"wp:attachment":[{"href":"https:\/\/www.cltweb.org\/fr\/wp-json\/wp\/v2\/media?parent=1861"}],"wp:term":[{"taxonomy":"category","embeddable":true,"href":"https:\/\/www.cltweb.org\/fr\/wp-json\/wp\/v2\/categories?post=1861"},{"taxonomy":"post_tag","embeddable":true,"href":"https:\/\/www.cltweb.org\/fr\/wp-json\/wp\/v2\/tags?post=1861"}],"curies":[{"name":"wp","href":"https:\/\/api.w.org\/{rel}","templated":true}]}}