{"id":1871,"date":"2024-07-26T20:03:11","date_gmt":"2024-07-26T20:03:11","guid":{"rendered":"https:\/\/www.cltweb.org\/bibliotheque-de-ressources\/recherche\/bibliographie\/"},"modified":"2024-10-27T22:40:42","modified_gmt":"2024-10-27T22:40:42","slug":"bibliographie","status":"publish","type":"page","link":"https:\/\/www.cltweb.org\/fr\/bibliotheque-de-ressources\/bibliographie\/","title":{"rendered":"Bibliographie"},"content":{"rendered":"\n<h2 class=\"wp-block-heading\">Introduction<\/h2>\n\n<p>Cette bibliographie est un travail en cours. Elle a d\u00e9but\u00e9 il y a plus de vingt-cinq ans en r\u00e9ponse \u00e0 des demandes r\u00e9p\u00e9t\u00e9es d&#8217;universitaires et de praticiens qui me demandaient si je pouvais les orienter vers &#8220;plus d&#8217;informations&#8221; sur les community land trusts. J&#8217;ai commenc\u00e9 \u00e0 compiler et \u00e0 distribuer une liste de plus en plus longue de livres, d&#8217;articles, de rapports de recherche et de documents universitaires r\u00e9dig\u00e9s par des personnes dont je respectais le travail.  <\/p>\n\n<p>Ma premi\u00e8re compilation de la litt\u00e9rature sur les CLT ne faisait que sept pages et contenait moins de 70 citations. En 2010, cette bibliographie s&#8217;est \u00e9tendue \u00e0 vingt-trois pages et a \u00e9t\u00e9 publi\u00e9e pour la premi\u00e8re fois, en annexe du Community Land Trust Reader (Cambridge MA : Lincoln Institute of Land Policy). La derni\u00e8re \u00e9dition, qui compte actuellement plus de soixante pages, contient environ 700 citations. Elle inclut des publications num\u00e9riques, ainsi que des publications imprim\u00e9es, et fournit \u00e9galement des liens vers des films, des vid\u00e9os et des sites web.   <\/p>\n\n<p>Cette expansion constante de la litt\u00e9rature sur les CLT a \u00e9t\u00e9 stimul\u00e9e par de multiples facteurs. Au cours des deux derni\u00e8res d\u00e9cennies, les community land trusts ont prolif\u00e9r\u00e9, leurs propri\u00e9t\u00e9s fonci\u00e8res, leurs logements et autres actifs physiques ont augment\u00e9, les CLT se sont dispers\u00e9s dans le monde entier, bien au-del\u00e0 de leur pays d&#8217;origine, et le mod\u00e8le lui-m\u00eame s&#8217;est diversifi\u00e9, \u00e0 la fois dans la mani\u00e8re dont les CLT sont structur\u00e9s et dans la mani\u00e8re dont ils sont appliqu\u00e9s. Des partenariats importants ont \u00e9galement vu le jour dans plusieurs pays entre les CLT et les agences gouvernementales, ainsi qu&#8217;entre les CLT et d&#8217;autres ONG utilisant des mod\u00e8les similaires de d\u00e9veloppement communautaire sur des terres appartenant \u00e0 la communaut\u00e9.  <\/p>\n\n<p>Ces d\u00e9veloppements ont rehauss\u00e9 le profil des CLT, tant au niveau national qu&#8217;international, et attir\u00e9 l&#8217;attention des journalistes, des universitaires, des cin\u00e9astes, des chercheurs ind\u00e9pendants et des praticiens r\u00e9fl\u00e9chis. Comme on pouvait s&#8217;y attendre, cela a donn\u00e9 lieu \u00e0 une avalanche de livres, d&#8217;articles et de rapports sur les CLT, ainsi qu&#8217;\u00e0 la production de nouveaux documentaires et \u00e0 l&#8217;apparition de nouveaux sites web, dont celui cr\u00e9\u00e9 et g\u00e9r\u00e9 par le Center for CLT Innovation (Centre pour l&#8217;innovation des CLT). <\/p>\n\n<p>Alors que des mises \u00e0 jour annuelles de ma bibliographie \u00e9taient autrefois suffisantes, il est d\u00e9sormais n\u00e9cessaire de produire une \u00e9dition r\u00e9vis\u00e9e et augment\u00e9e plusieurs fois par an. Malgr\u00e9 cela, certains documents publi\u00e9s ou non sont oubli\u00e9s, en particulier ceux r\u00e9dig\u00e9s dans des langues autres que l&#8217;anglais. Ces omissions sont involontaires et regrettables. J&#8217;agis rapidement pour les corriger chaque fois qu&#8217;elles sont port\u00e9es \u00e0 mon attention, et je me r\u00e9jouis donc de recevoir des informations sur des documents CLT qui devraient \u00eatre ajout\u00e9s.   <\/p>\n\n<p>Cette &#8220;Bibliographie internationale des fonds communautaires&#8221; est accompagn\u00e9e d&#8217;une bibliographie compl\u00e9mentaire qui r\u00e9pertorie uniquement les livres et articles publi\u00e9s dans une langue autre que l&#8217;anglais. Ces publications non anglophones figurent \u00e9galement dans la &#8220;Bibliographie internationale sur les CLT&#8221;, qui est plus longue. Elles sont list\u00e9es s\u00e9par\u00e9ment uniquement pour permettre aux chercheurs et aux praticiens des pays o\u00f9 l&#8217;anglais n&#8217;est pas la langue dominante de localiser plus facilement les publications dans leur propre langue.  <\/p>\n\n<p>Ces catalogues de mat\u00e9riaux CLT seront toujours en cours d&#8217;\u00e9laboration et s&#8217;\u00e9tofferont d&#8217;ann\u00e9e en ann\u00e9e. Il est \u00e0 esp\u00e9rer qu&#8217;ils deviendront \u00e9galement plus complets et plus exhaustifs. <\/p>\n\n<p>John Emmeus Davis<br\/>International Center for Community Land Trusts<br\/>1er juillet 2024<\/p>\n<style>.wp-block-kadence-advancedbtn.kb-btns262_add9b9-bf{gap:var(--global-kb-gap-md, 2rem);justify-content:flex-start;align-items:center;}.kt-btns262_add9b9-bf .kt-button{font-weight:normal;font-style:normal;}.kt-btns262_add9b9-bf .kt-btn-wrap-0{margin-right:5px;}.wp-block-kadence-advancedbtn.kt-btns262_add9b9-bf .kt-btn-wrap-0 .kt-button{color:#555555;border-color:#555555;}.wp-block-kadence-advancedbtn.kt-btns262_add9b9-bf .kt-btn-wrap-0 .kt-button:hover, .wp-block-kadence-advancedbtn.kt-btns262_add9b9-bf .kt-btn-wrap-0 .kt-button:focus{color:#ffffff;border-color:#444444;}.wp-block-kadence-advancedbtn.kt-btns262_add9b9-bf .kt-btn-wrap-0 .kt-button::before{display:none;}.wp-block-kadence-advancedbtn.kt-btns262_add9b9-bf .kt-btn-wrap-0 .kt-button:hover, .wp-block-kadence-advancedbtn.kt-btns262_add9b9-bf .kt-btn-wrap-0 .kt-button:focus{background:#444444;}<\/style>\n<div class=\"wp-block-kadence-advancedbtn kb-buttons-wrap kb-btns262_add9b9-bf\"><style>ul.menu .wp-block-kadence-advancedbtn .kb-btn262_414e06-7c.kb-button{width:initial;}<\/style><a class=\"kb-button kt-button button kb-btn262_414e06-7c kt-btn-size-large kt-btn-width-type-auto kb-btn-global-inherit  kt-btn-has-text-true kt-btn-has-svg-false  wp-block-button__link wp-block-kadence-singlebtn\" href=\"https:\/\/www.cltweb.org\/resources\/research\/bibliography\/international-clt-bibliography-all-languages\/\"><span class=\"kt-btn-inner-text\">Bibliographie CLT (toutes les langues)<\/span><\/a>\n\n<style>ul.menu .wp-block-kadence-advancedbtn .kb-btn262_c4b96c-71.kb-button{width:initial;}<\/style><a class=\"kb-button kt-button button kb-btn262_c4b96c-71 kt-btn-size-large kt-btn-width-type-auto kb-btn-global-inherit  kt-btn-has-text-true kt-btn-has-svg-false  wp-block-button__link wp-block-kadence-singlebtn\" href=\"https:\/\/www.cltweb.org\/resources\/research\/bibliography\/international-clt-bibliography-non-english\/\"><span class=\"kt-btn-inner-text\">Bibliographie CLT non anglophone<\/span><\/a><\/div>\n\n<p><\/p>\n","protected":false},"excerpt":{"rendered":"<p>Introduction Cette bibliographie est un travail en cours. Elle a d\u00e9but\u00e9 il y a plus de vingt-cinq ans en r\u00e9ponse \u00e0 des demandes r\u00e9p\u00e9t\u00e9es d&#8217;universitaires et de praticiens qui me [&hellip;]<\/p>\n","protected":false},"author":1,"featured_media":0,"parent":906,"menu_order":0,"comment_status":"closed","ping_status":"closed","template":"","meta":{"give_campaign_id":0,"_tec_requires_first_save":true,"_kad_blocks_custom_css":"","_kad_blocks_head_custom_js":"","_kad_blocks_body_custom_js":"","_kad_blocks_footer_custom_js":"","_EventAllDay":false,"_EventTimezone":"","_EventStartDate":"","_EventEndDate":"","_EventStartDateUTC":"","_EventEndDateUTC":"","_EventShowMap":false,"_EventShowMapLink":false,"_EventURL":"","_EventCost":"","_EventCostDescription":"","_EventCurrencySymbol":"","_EventCurrencyCode":"","_EventCurrencyPosition":"","_EventDateTimeSeparator":"","_EventTimeRangeSeparator":"","_EventOrganizerID":[],"_EventVenueID":[],"_OrganizerEmail":"","_OrganizerPhone":"","_OrganizerWebsite":"","_VenueAddress":"","_VenueCity":"","_VenueCountry":"","_VenueProvince":"","_VenueState":"","_VenueZip":"","_VenuePhone":"","_VenueURL":"","_VenueStateProvince":"","_VenueLat":"","_VenueLng":"","_VenueShowMap":false,"_VenueShowMapLink":false,"_tribe_blocks_recurrence_rules":"","_tribe_blocks_recurrence_description":"","_tribe_blocks_recurrence_exclusions":"","footnotes":""},"categories":[85,149],"tags":[],"class_list":["post-1871","page","type-page","status-publish","hentry","category-bibliotheque-de-ressources","category-recherche"],"blocksy_meta":[],"yoast_head":"<!-- This site is optimized with the Yoast SEO Premium plugin v27.5 (Yoast SEO v27.5) - https:\/\/yoast.com\/product\/yoast-seo-premium-wordpress\/ -->\n<title>Bibliographie - International Center for Community Land Trusts<\/title>\n<meta name=\"robots\" content=\"index, follow, max-snippet:-1, max-image-preview:large, max-video-preview:-1\" \/>\n<link rel=\"canonical\" href=\"https:\/\/www.cltweb.org\/fr\/bibliotheque-de-ressources\/bibliographie\/\" \/>\n<meta property=\"og:locale\" content=\"fr_FR\" \/>\n<meta property=\"og:type\" content=\"article\" \/>\n<meta property=\"og:title\" content=\"Bibliographie\" \/>\n<meta property=\"og:description\" content=\"Introduction Cette bibliographie est un travail en cours. Elle a d\u00e9but\u00e9 il y a plus de vingt-cinq ans en r\u00e9ponse \u00e0 des demandes r\u00e9p\u00e9t\u00e9es d&#8217;universitaires et de praticiens qui me [&hellip;]\" \/>\n<meta property=\"og:url\" content=\"https:\/\/www.cltweb.org\/fr\/bibliotheque-de-ressources\/bibliographie\/\" \/>\n<meta property=\"og:site_name\" content=\"International Center for Community Land Trusts\" \/>\n<meta property=\"article:publisher\" content=\"https:\/\/www.facebook.com\/cltcenter\" \/>\n<meta property=\"article:modified_time\" content=\"2024-10-27T22:40:42+00:00\" \/>\n<meta name=\"twitter:card\" content=\"summary_large_image\" \/>\n<meta name=\"twitter:site\" content=\"@Center4CLTs\" \/>\n<meta name=\"twitter:label1\" content=\"Dur\u00e9e de lecture estim\u00e9e\" \/>\n\t<meta name=\"twitter:data1\" content=\"3 minutes\" \/>\n<script type=\"application\/ld+json\" class=\"yoast-schema-graph\">{\"@context\":\"https:\\\/\\\/schema.org\",\"@graph\":[{\"@type\":\"WebPage\",\"@id\":\"https:\\\/\\\/www.cltweb.org\\\/fr\\\/bibliotheque-de-ressources\\\/bibliographie\\\/\",\"url\":\"https:\\\/\\\/www.cltweb.org\\\/fr\\\/bibliotheque-de-ressources\\\/bibliographie\\\/\",\"name\":\"Bibliographie - International Center for Community Land Trusts\",\"isPartOf\":{\"@id\":\"https:\\\/\\\/www.cltweb.org\\\/fr\\\/#website\"},\"datePublished\":\"2024-07-26T20:03:11+00:00\",\"dateModified\":\"2024-10-27T22:40:42+00:00\",\"breadcrumb\":{\"@id\":\"https:\\\/\\\/www.cltweb.org\\\/fr\\\/bibliotheque-de-ressources\\\/bibliographie\\\/#breadcrumb\"},\"inLanguage\":\"fr-FR\",\"potentialAction\":[{\"@type\":\"ReadAction\",\"target\":[\"https:\\\/\\\/www.cltweb.org\\\/fr\\\/bibliotheque-de-ressources\\\/bibliographie\\\/\"]}]},{\"@type\":\"BreadcrumbList\",\"@id\":\"https:\\\/\\\/www.cltweb.org\\\/fr\\\/bibliotheque-de-ressources\\\/bibliographie\\\/#breadcrumb\",\"itemListElement\":[{\"@type\":\"ListItem\",\"position\":1,\"name\":\"Home\",\"item\":\"https:\\\/\\\/www.cltweb.org\\\/fr\\\/\"},{\"@type\":\"ListItem\",\"position\":2,\"name\":\"Biblioth\u00e8que de ressources\",\"item\":\"https:\\\/\\\/www.cltweb.org\\\/fr\\\/bibliotheque-de-ressources\\\/\"},{\"@type\":\"ListItem\",\"position\":3,\"name\":\"Bibliographie\"}]},{\"@type\":\"WebSite\",\"@id\":\"https:\\\/\\\/www.cltweb.org\\\/fr\\\/#website\",\"url\":\"https:\\\/\\\/www.cltweb.org\\\/fr\\\/\",\"name\":\"International Center for Community Land Trusts\",\"description\":\"\",\"publisher\":{\"@id\":\"https:\\\/\\\/www.cltweb.org\\\/fr\\\/#organization\"},\"potentialAction\":[{\"@type\":\"SearchAction\",\"target\":{\"@type\":\"EntryPoint\",\"urlTemplate\":\"https:\\\/\\\/www.cltweb.org\\\/fr\\\/?s={search_term_string}\"},\"query-input\":{\"@type\":\"PropertyValueSpecification\",\"valueRequired\":true,\"valueName\":\"search_term_string\"}}],\"inLanguage\":\"fr-FR\"},{\"@type\":\"Organization\",\"@id\":\"https:\\\/\\\/www.cltweb.org\\\/fr\\\/#organization\",\"name\":\"International Center for Community Land Trusts\",\"url\":\"https:\\\/\\\/www.cltweb.org\\\/fr\\\/\",\"logo\":{\"@type\":\"ImageObject\",\"inLanguage\":\"fr-FR\",\"@id\":\"https:\\\/\\\/www.cltweb.org\\\/fr\\\/#\\\/schema\\\/logo\\\/image\\\/\",\"url\":\"https:\\\/\\\/www.cltweb.org\\\/wp-content\\\/uploads\\\/2024\\\/11\\\/New-CLT-Center-Text-logo.png\",\"contentUrl\":\"https:\\\/\\\/www.cltweb.org\\\/wp-content\\\/uploads\\\/2024\\\/11\\\/New-CLT-Center-Text-logo.png\",\"width\":227,\"height\":80,\"caption\":\"International Center for Community Land Trusts\"},\"image\":{\"@id\":\"https:\\\/\\\/www.cltweb.org\\\/fr\\\/#\\\/schema\\\/logo\\\/image\\\/\"},\"sameAs\":[\"https:\\\/\\\/www.facebook.com\\\/cltcenter\",\"https:\\\/\\\/x.com\\\/Center4CLTs\",\"https:\\\/\\\/www.instagram.com\\\/cltcenter\\\/\",\"https:\\\/\\\/www.linkedin.com\\\/company\\\/cltcenter\",\"https:\\\/\\\/www.youtube.com\\\/@centerforcltinnovation5313\"],\"description\":\"The International Center for Community Land Trusts is a not-for-profit nongovernmental organization established in 2018 to promote and to support community land trusts and similar strategies of community-led development on community-owned land in countries throughout the world.\",\"email\":\"info@communitylandtrust.net\",\"legalName\":\"International Center for Community Land Trusts\",\"foundingDate\":\"2018-12-01\",\"taxID\":\"84-3858933\",\"numberOfEmployees\":{\"@type\":\"QuantitativeValue\",\"minValue\":\"1\",\"maxValue\":\"10\"}}]}<\/script>\n<!-- \/ Yoast SEO Premium plugin. -->","yoast_head_json":{"title":"Bibliographie - International Center for Community Land Trusts","robots":{"index":"index","follow":"follow","max-snippet":"max-snippet:-1","max-image-preview":"max-image-preview:large","max-video-preview":"max-video-preview:-1"},"canonical":"https:\/\/www.cltweb.org\/fr\/bibliotheque-de-ressources\/bibliographie\/","og_locale":"fr_FR","og_type":"article","og_title":"Bibliographie","og_description":"Introduction Cette bibliographie est un travail en cours. Elle a d\u00e9but\u00e9 il y a plus de vingt-cinq ans en r\u00e9ponse \u00e0 des demandes r\u00e9p\u00e9t\u00e9es d&#8217;universitaires et de praticiens qui me [&hellip;]","og_url":"https:\/\/www.cltweb.org\/fr\/bibliotheque-de-ressources\/bibliographie\/","og_site_name":"International Center for Community Land Trusts","article_publisher":"https:\/\/www.facebook.com\/cltcenter","article_modified_time":"2024-10-27T22:40:42+00:00","twitter_card":"summary_large_image","twitter_site":"@Center4CLTs","twitter_misc":{"Dur\u00e9e de lecture estim\u00e9e":"3 minutes"},"schema":{"@context":"https:\/\/schema.org","@graph":[{"@type":"WebPage","@id":"https:\/\/www.cltweb.org\/fr\/bibliotheque-de-ressources\/bibliographie\/","url":"https:\/\/www.cltweb.org\/fr\/bibliotheque-de-ressources\/bibliographie\/","name":"Bibliographie - International Center for Community Land Trusts","isPartOf":{"@id":"https:\/\/www.cltweb.org\/fr\/#website"},"datePublished":"2024-07-26T20:03:11+00:00","dateModified":"2024-10-27T22:40:42+00:00","breadcrumb":{"@id":"https:\/\/www.cltweb.org\/fr\/bibliotheque-de-ressources\/bibliographie\/#breadcrumb"},"inLanguage":"fr-FR","potentialAction":[{"@type":"ReadAction","target":["https:\/\/www.cltweb.org\/fr\/bibliotheque-de-ressources\/bibliographie\/"]}]},{"@type":"BreadcrumbList","@id":"https:\/\/www.cltweb.org\/fr\/bibliotheque-de-ressources\/bibliographie\/#breadcrumb","itemListElement":[{"@type":"ListItem","position":1,"name":"Home","item":"https:\/\/www.cltweb.org\/fr\/"},{"@type":"ListItem","position":2,"name":"Biblioth\u00e8que de ressources","item":"https:\/\/www.cltweb.org\/fr\/bibliotheque-de-ressources\/"},{"@type":"ListItem","position":3,"name":"Bibliographie"}]},{"@type":"WebSite","@id":"https:\/\/www.cltweb.org\/fr\/#website","url":"https:\/\/www.cltweb.org\/fr\/","name":"International Center for Community Land Trusts","description":"","publisher":{"@id":"https:\/\/www.cltweb.org\/fr\/#organization"},"potentialAction":[{"@type":"SearchAction","target":{"@type":"EntryPoint","urlTemplate":"https:\/\/www.cltweb.org\/fr\/?s={search_term_string}"},"query-input":{"@type":"PropertyValueSpecification","valueRequired":true,"valueName":"search_term_string"}}],"inLanguage":"fr-FR"},{"@type":"Organization","@id":"https:\/\/www.cltweb.org\/fr\/#organization","name":"International Center for Community Land Trusts","url":"https:\/\/www.cltweb.org\/fr\/","logo":{"@type":"ImageObject","inLanguage":"fr-FR","@id":"https:\/\/www.cltweb.org\/fr\/#\/schema\/logo\/image\/","url":"https:\/\/www.cltweb.org\/wp-content\/uploads\/2024\/11\/New-CLT-Center-Text-logo.png","contentUrl":"https:\/\/www.cltweb.org\/wp-content\/uploads\/2024\/11\/New-CLT-Center-Text-logo.png","width":227,"height":80,"caption":"International Center for Community Land Trusts"},"image":{"@id":"https:\/\/www.cltweb.org\/fr\/#\/schema\/logo\/image\/"},"sameAs":["https:\/\/www.facebook.com\/cltcenter","https:\/\/x.com\/Center4CLTs","https:\/\/www.instagram.com\/cltcenter\/","https:\/\/www.linkedin.com\/company\/cltcenter","https:\/\/www.youtube.com\/@centerforcltinnovation5313"],"description":"The International Center for Community Land Trusts is a not-for-profit nongovernmental organization established in 2018 to promote and to support community land trusts and similar strategies of community-led development on community-owned land in countries throughout the world.","email":"info@communitylandtrust.net","legalName":"International Center for Community Land Trusts","foundingDate":"2018-12-01","taxID":"84-3858933","numberOfEmployees":{"@type":"QuantitativeValue","minValue":"1","maxValue":"10"}}]}},"campaignId":"","taxonomy_info":{"category":[{"value":85,"label":"Biblioth\u00e8que de ressources"},{"value":149,"label":"Recherche"}]},"featured_image_src_large":false,"author_info":{"display_name":"cltredesign_0jp0l4","author_link":"https:\/\/www.cltweb.org\/fr\/author\/cltredesign_0jp0l4\/"},"comment_info":0,"jetpack_sharing_enabled":true,"jetpack-related-posts":[{"id":4373,"url":"https:\/\/www.cltweb.org\/fr\/bibliotheque-de-ressources\/interviews\/john-emmus-davis\/","url_meta":{"origin":1871,"position":0},"title":"John Emmus Davis (2011)","author":"cltredesign_0jp0l4","date":"22 octobre 2024","format":false,"excerpt":"En 2011, cela faisait 30 ans que John contribuait au d\u00e9veloppement des community land trusts en tant qu'auteur, enseignant et fournisseur d'assistance technique. L'\u00e9volution de son implication personnelle et professionnelle dans le mouvement CLT a \u00e9t\u00e9 explor\u00e9e dans cet entretien enregistr\u00e9 par Steve Dubb, alors directeur de la recherche au\u2026","rel":"","context":"Dans &quot;Interviews&quot;","block_context":{"text":"Interviews","link":"https:\/\/www.cltweb.org\/fr\/category\/interviews-fr\/"},"img":{"alt_text":"","src":"","width":0,"height":0},"classes":[]},{"id":879,"url":"https:\/\/www.cltweb.org\/fr\/bibliotheque-de-ressources\/quest-ce-quun-clt\/","url_meta":{"origin":1871,"position":1},"title":"Qu&#8217;est-ce qu&#8217;une fiducie fonci\u00e8re communautaire ?","author":"cltredesign_0jp0l4","date":"26 juillet 2024","format":false,"excerpt":"Un community land trust(CLT) est une soci\u00e9t\u00e9 \u00e0 but non lucratif qui d\u00e9tient des terrains pour le compte d'une communaut\u00e9 locale, tout en assurant la gestion \u00e0 long terme de logements abordables, de jardins communautaires, de b\u00e2timents municipaux, d'espaces commerciaux et d'autres actifs communautaires pour le compte d'une communaut\u00e9. Les\u2026","rel":"","context":"Dans &quot;Biblioth\u00e8que de ressources&quot;","block_context":{"text":"Biblioth\u00e8que de ressources","link":"https:\/\/www.cltweb.org\/fr\/category\/bibliotheque-de-ressources\/"},"img":{"alt_text":"","src":"","width":0,"height":0},"classes":[]},{"id":4467,"url":"https:\/\/www.cltweb.org\/fr\/bibliotheque-de-ressources\/interviews\/garantir-les-droits-fonciers-les-clt-dans-les-etablissements-informels-2020\/","url_meta":{"origin":1871,"position":2},"title":"Garantir les droits fonciers : Les CLT dans les \u00e9tablissements informels (2020)","author":"cltredesign_0jp0l4","date":"22 octobre 2024","format":false,"excerpt":"Le 29 octobre 2020, World Habitat a organis\u00e9 une table ronde sur le r\u00f4le des fiducies fonci\u00e8res communautaires dans la garantie des droits fonciers des habitants des quartiers informels. Les pan\u00e9listes \u00e9taient les suivants : Mariolga Juli\u00e1 Pacheco et Don Jos\u00e9 Caraballo, du CLT Ca\u00f1o Mart\u00edn Pe\u00f1a, Porto Rico ;\u2026","rel":"","context":"Dans &quot;Interviews&quot;","block_context":{"text":"Interviews","link":"https:\/\/www.cltweb.org\/fr\/category\/interviews-fr\/"},"img":{"alt_text":"","src":"","width":0,"height":0},"classes":[]},{"id":4403,"url":"https:\/\/www.cltweb.org\/fr\/bibliotheque-de-ressources\/interviews\/david-ireland-et-jerry-maldonado-2020\/","url_meta":{"origin":1871,"position":3},"title":"David Ireland et Jerry Maldonado (2020)","author":"cltredesign_0jp0l4","date":"22 octobre 2024","format":false,"excerpt":"David Ireland et Jerry Maldonado ont \u00e9t\u00e9 les principaux d\u00e9fenseurs du mouvement des community land trust et ont contribu\u00e9 \u00e0 la pr\u00e9face de On Common Ground. David est directeur g\u00e9n\u00e9ral de World Habitat, une organisation caritative internationale bas\u00e9e au Royaume-Uni qui aide \u00e0 trouver des solutions aux probl\u00e8mes de logement\u2026","rel":"","context":"Dans &quot;Interviews&quot;","block_context":{"text":"Interviews","link":"https:\/\/www.cltweb.org\/fr\/category\/interviews-fr\/"},"img":{"alt_text":"","src":"","width":0,"height":0},"classes":[]},{"id":4381,"url":"https:\/\/www.cltweb.org\/fr\/bibliotheque-de-ressources\/interviews\/roz-greenstein\/","url_meta":{"origin":1871,"position":4},"title":"Roz Greenstein (2007)","author":"cltredesign_0jp0l4","date":"22 octobre 2024","format":false,"excerpt":"Roz \u00e9tait pr\u00e9sidente du d\u00e9partement de d\u00e9veloppement \u00e9conomique et communautaire du Lincoln Institute of Land Policy en 2005 lorsqu'une conf\u00e9rence nationale sur les CLT, pr\u00e9vue \u00e0 Portland (Oregon), a \u00e9t\u00e9 brusquement annul\u00e9e par manque de fonds. Elle est intervenue gr\u00e2ce au financement du Lincoln Institute pour sauver la conf\u00e9rence. Un\u2026","rel":"","context":"Dans &quot;Interviews&quot;","block_context":{"text":"Interviews","link":"https:\/\/www.cltweb.org\/fr\/category\/interviews-fr\/"},"img":{"alt_text":"","src":"","width":0,"height":0},"classes":[]},{"id":1619,"url":"https:\/\/www.cltweb.org\/fr\/terra-nostra-press\/catalogue\/la-croissance-des-community-land-trusts-en-angleterre-et-en-europe\/","url_meta":{"origin":1871,"position":5},"title":"La croissance des Community Land Trusts en Angleterre et en Europe","author":"cltredesign_0jp0l4","date":"29 juillet 2024","format":false,"excerpt":"Disponible d\u00e8s maintenant dans le monde entier, 110 p.PAPERBACK ISBN 9781736275986 $14.00 US Les ONG peuvent b\u00e9n\u00e9ficier de remises sur les commandes en gros. Pour plus d'informations et pour passer votre commande, consultez notre page sur les commandes group\u00e9es. Au cours des deux derni\u00e8res d\u00e9cennies, alors que les march\u00e9s ont\u2026","rel":"","context":"Dans &quot;Catalogue&quot;","block_context":{"text":"Catalogue","link":"https:\/\/www.cltweb.org\/fr\/category\/catalogue\/"},"img":{"alt_text":"Book Cover for Growth of CLTs in England and Europe","src":"https:\/\/i0.wp.com\/www.cltweb.org\/wp-content\/uploads\/2024\/10\/Growth-in-England-and-Europe-cover.jpg?resize=350%2C200&ssl=1","width":350,"height":200,"srcset":"https:\/\/i0.wp.com\/www.cltweb.org\/wp-content\/uploads\/2024\/10\/Growth-in-England-and-Europe-cover.jpg?resize=350%2C200&ssl=1 1x, https:\/\/i0.wp.com\/www.cltweb.org\/wp-content\/uploads\/2024\/10\/Growth-in-England-and-Europe-cover.jpg?resize=525%2C300&ssl=1 1.5x, https:\/\/i0.wp.com\/www.cltweb.org\/wp-content\/uploads\/2024\/10\/Growth-in-England-and-Europe-cover.jpg?resize=700%2C400&ssl=1 2x, https:\/\/i0.wp.com\/www.cltweb.org\/wp-content\/uploads\/2024\/10\/Growth-in-England-and-Europe-cover.jpg?resize=1050%2C600&ssl=1 3x, https:\/\/i0.wp.com\/www.cltweb.org\/wp-content\/uploads\/2024\/10\/Growth-in-England-and-Europe-cover.jpg?resize=1400%2C800&ssl=1 4x"},"classes":[]}],"_links":{"self":[{"href":"https:\/\/www.cltweb.org\/fr\/wp-json\/wp\/v2\/pages\/1871","targetHints":{"allow":["GET"]}}],"collection":[{"href":"https:\/\/www.cltweb.org\/fr\/wp-json\/wp\/v2\/pages"}],"about":[{"href":"https:\/\/www.cltweb.org\/fr\/wp-json\/wp\/v2\/types\/page"}],"author":[{"embeddable":true,"href":"https:\/\/www.cltweb.org\/fr\/wp-json\/wp\/v2\/users\/1"}],"replies":[{"embeddable":true,"href":"https:\/\/www.cltweb.org\/fr\/wp-json\/wp\/v2\/comments?post=1871"}],"version-history":[{"count":5,"href":"https:\/\/www.cltweb.org\/fr\/wp-json\/wp\/v2\/pages\/1871\/revisions"}],"predecessor-version":[{"id":5902,"href":"https:\/\/www.cltweb.org\/fr\/wp-json\/wp\/v2\/pages\/1871\/revisions\/5902"}],"up":[{"embeddable":true,"href":"https:\/\/www.cltweb.org\/fr\/wp-json\/wp\/v2\/pages\/906"}],"wp:attachment":[{"href":"https:\/\/www.cltweb.org\/fr\/wp-json\/wp\/v2\/media?parent=1871"}],"wp:term":[{"taxonomy":"category","embeddable":true,"href":"https:\/\/www.cltweb.org\/fr\/wp-json\/wp\/v2\/categories?post=1871"},{"taxonomy":"post_tag","embeddable":true,"href":"https:\/\/www.cltweb.org\/fr\/wp-json\/wp\/v2\/tags?post=1871"}],"curies":[{"name":"wp","href":"https:\/\/api.w.org\/{rel}","templated":true}]}}