{"id":1891,"date":"2024-07-26T19:57:09","date_gmt":"2024-07-26T19:57:09","guid":{"rendered":"https:\/\/www.cltweb.org\/temple-de-la-renommee\/"},"modified":"2024-11-02T18:51:12","modified_gmt":"2024-11-02T18:51:12","slug":"temple-de-la-renommee","status":"publish","type":"page","link":"https:\/\/www.cltweb.org\/fr\/bibliotheque-de-ressources\/histoire-du-mouvement-clt\/temple-de-la-renommee\/","title":{"rendered":"Temple de la renomm\u00e9e"},"content":{"rendered":"","protected":false},"excerpt":{"rendered":"","protected":false},"author":1,"featured_media":0,"parent":1995,"menu_order":0,"comment_status":"closed","ping_status":"closed","template":"","meta":{"give_campaign_id":0,"_tec_requires_first_save":true,"_kad_blocks_custom_css":"","_kad_blocks_head_custom_js":"","_kad_blocks_body_custom_js":"","_kad_blocks_footer_custom_js":"","_EventAllDay":false,"_EventTimezone":"","_EventStartDate":"","_EventEndDate":"","_EventStartDateUTC":"","_EventEndDateUTC":"","_EventShowMap":false,"_EventShowMapLink":false,"_EventURL":"","_EventCost":"","_EventCostDescription":"","_EventCurrencySymbol":"","_EventCurrencyCode":"","_EventCurrencyPosition":"","_EventDateTimeSeparator":"","_EventTimeRangeSeparator":"","_EventOrganizerID":[],"_EventVenueID":[],"_OrganizerEmail":"","_OrganizerPhone":"","_OrganizerWebsite":"","_VenueAddress":"","_VenueCity":"","_VenueCountry":"","_VenueProvince":"","_VenueState":"","_VenueZip":"","_VenuePhone":"","_VenueURL":"","_VenueStateProvince":"","_VenueLat":"","_VenueLng":"","_VenueShowMap":false,"_VenueShowMapLink":false,"_tribe_blocks_recurrence_rules":"","_tribe_blocks_recurrence_description":"","_tribe_blocks_recurrence_exclusions":"","footnotes":""},"categories":[],"tags":[],"class_list":["post-1891","page","type-page","status-publish","hentry"],"blocksy_meta":[],"yoast_head":"<!-- This site is optimized with the Yoast SEO Premium plugin v27.4 (Yoast SEO v27.4) - https:\/\/yoast.com\/product\/yoast-seo-premium-wordpress\/ -->\n<title>Temple de la renomm\u00e9e - International Center for Community Land Trusts<\/title>\n<meta name=\"robots\" content=\"index, follow, max-snippet:-1, max-image-preview:large, max-video-preview:-1\" \/>\n<link rel=\"canonical\" href=\"https:\/\/www.cltweb.org\/fr\/bibliotheque-de-ressources\/histoire-du-mouvement-clt\/temple-de-la-renommee\/\" \/>\n<meta property=\"og:locale\" content=\"fr_FR\" \/>\n<meta property=\"og:type\" content=\"article\" \/>\n<meta property=\"og:title\" content=\"Temple de la renomm\u00e9e\" \/>\n<meta property=\"og:url\" content=\"https:\/\/www.cltweb.org\/fr\/bibliotheque-de-ressources\/histoire-du-mouvement-clt\/temple-de-la-renommee\/\" \/>\n<meta property=\"og:site_name\" content=\"International Center for Community Land Trusts\" \/>\n<meta property=\"article:publisher\" content=\"https:\/\/www.facebook.com\/cltcenter\" \/>\n<meta property=\"article:modified_time\" content=\"2024-11-02T18:51:12+00:00\" \/>\n<meta name=\"twitter:card\" content=\"summary_large_image\" \/>\n<meta name=\"twitter:site\" content=\"@Center4CLTs\" \/>\n<script type=\"application\/ld+json\" class=\"yoast-schema-graph\">{\"@context\":\"https:\\\/\\\/schema.org\",\"@graph\":[{\"@type\":\"WebPage\",\"@id\":\"https:\\\/\\\/www.cltweb.org\\\/fr\\\/bibliotheque-de-ressources\\\/histoire-du-mouvement-clt\\\/temple-de-la-renommee\\\/\",\"url\":\"https:\\\/\\\/www.cltweb.org\\\/fr\\\/bibliotheque-de-ressources\\\/histoire-du-mouvement-clt\\\/temple-de-la-renommee\\\/\",\"name\":\"Temple de la renomm\u00e9e - International Center for Community Land Trusts\",\"isPartOf\":{\"@id\":\"https:\\\/\\\/www.cltweb.org\\\/fr\\\/#website\"},\"datePublished\":\"2024-07-26T19:57:09+00:00\",\"dateModified\":\"2024-11-02T18:51:12+00:00\",\"breadcrumb\":{\"@id\":\"https:\\\/\\\/www.cltweb.org\\\/fr\\\/bibliotheque-de-ressources\\\/histoire-du-mouvement-clt\\\/temple-de-la-renommee\\\/#breadcrumb\"},\"inLanguage\":\"fr-FR\",\"potentialAction\":[{\"@type\":\"ReadAction\",\"target\":[\"https:\\\/\\\/www.cltweb.org\\\/fr\\\/bibliotheque-de-ressources\\\/histoire-du-mouvement-clt\\\/temple-de-la-renommee\\\/\"]}]},{\"@type\":\"BreadcrumbList\",\"@id\":\"https:\\\/\\\/www.cltweb.org\\\/fr\\\/bibliotheque-de-ressources\\\/histoire-du-mouvement-clt\\\/temple-de-la-renommee\\\/#breadcrumb\",\"itemListElement\":[{\"@type\":\"ListItem\",\"position\":1,\"name\":\"Home\",\"item\":\"https:\\\/\\\/www.cltweb.org\\\/fr\\\/\"},{\"@type\":\"ListItem\",\"position\":2,\"name\":\"Biblioth\u00e8que de ressources\",\"item\":\"https:\\\/\\\/www.cltweb.org\\\/fr\\\/bibliotheque-de-ressources\\\/\"},{\"@type\":\"ListItem\",\"position\":3,\"name\":\"Histoire du mouvement CLT\",\"item\":\"https:\\\/\\\/www.cltweb.org\\\/fr\\\/bibliotheque-de-ressources\\\/histoire-du-mouvement-clt\\\/\"},{\"@type\":\"ListItem\",\"position\":4,\"name\":\"Temple de la renomm\u00e9e\"}]},{\"@type\":\"WebSite\",\"@id\":\"https:\\\/\\\/www.cltweb.org\\\/fr\\\/#website\",\"url\":\"https:\\\/\\\/www.cltweb.org\\\/fr\\\/\",\"name\":\"International Center for Community Land Trusts\",\"description\":\"\",\"publisher\":{\"@id\":\"https:\\\/\\\/www.cltweb.org\\\/fr\\\/#organization\"},\"potentialAction\":[{\"@type\":\"SearchAction\",\"target\":{\"@type\":\"EntryPoint\",\"urlTemplate\":\"https:\\\/\\\/www.cltweb.org\\\/fr\\\/?s={search_term_string}\"},\"query-input\":{\"@type\":\"PropertyValueSpecification\",\"valueRequired\":true,\"valueName\":\"search_term_string\"}}],\"inLanguage\":\"fr-FR\"},{\"@type\":\"Organization\",\"@id\":\"https:\\\/\\\/www.cltweb.org\\\/fr\\\/#organization\",\"name\":\"International Center for Community Land Trusts\",\"url\":\"https:\\\/\\\/www.cltweb.org\\\/fr\\\/\",\"logo\":{\"@type\":\"ImageObject\",\"inLanguage\":\"fr-FR\",\"@id\":\"https:\\\/\\\/www.cltweb.org\\\/fr\\\/#\\\/schema\\\/logo\\\/image\\\/\",\"url\":\"https:\\\/\\\/www.cltweb.org\\\/wp-content\\\/uploads\\\/2024\\\/11\\\/New-CLT-Center-Text-logo.png\",\"contentUrl\":\"https:\\\/\\\/www.cltweb.org\\\/wp-content\\\/uploads\\\/2024\\\/11\\\/New-CLT-Center-Text-logo.png\",\"width\":227,\"height\":80,\"caption\":\"International Center for Community Land Trusts\"},\"image\":{\"@id\":\"https:\\\/\\\/www.cltweb.org\\\/fr\\\/#\\\/schema\\\/logo\\\/image\\\/\"},\"sameAs\":[\"https:\\\/\\\/www.facebook.com\\\/cltcenter\",\"https:\\\/\\\/x.com\\\/Center4CLTs\",\"https:\\\/\\\/www.instagram.com\\\/cltcenter\\\/\",\"https:\\\/\\\/www.linkedin.com\\\/company\\\/cltcenter\",\"https:\\\/\\\/www.youtube.com\\\/@centerforcltinnovation5313\"],\"description\":\"The International Center for Community Land Trusts is a not-for-profit nongovernmental organization established in 2018 to promote and to support community land trusts and similar strategies of community-led development on community-owned land in countries throughout the world.\",\"email\":\"info@communitylandtrust.net\",\"legalName\":\"International Center for Community Land Trusts\",\"foundingDate\":\"2018-12-01\",\"taxID\":\"84-3858933\",\"numberOfEmployees\":{\"@type\":\"QuantitativeValue\",\"minValue\":\"1\",\"maxValue\":\"10\"}}]}<\/script>\n<!-- \/ Yoast SEO Premium plugin. -->","yoast_head_json":{"title":"Temple de la renomm\u00e9e - International Center for Community Land Trusts","robots":{"index":"index","follow":"follow","max-snippet":"max-snippet:-1","max-image-preview":"max-image-preview:large","max-video-preview":"max-video-preview:-1"},"canonical":"https:\/\/www.cltweb.org\/fr\/bibliotheque-de-ressources\/histoire-du-mouvement-clt\/temple-de-la-renommee\/","og_locale":"fr_FR","og_type":"article","og_title":"Temple de la renomm\u00e9e","og_url":"https:\/\/www.cltweb.org\/fr\/bibliotheque-de-ressources\/histoire-du-mouvement-clt\/temple-de-la-renommee\/","og_site_name":"International Center for Community Land Trusts","article_publisher":"https:\/\/www.facebook.com\/cltcenter","article_modified_time":"2024-11-02T18:51:12+00:00","twitter_card":"summary_large_image","twitter_site":"@Center4CLTs","schema":{"@context":"https:\/\/schema.org","@graph":[{"@type":"WebPage","@id":"https:\/\/www.cltweb.org\/fr\/bibliotheque-de-ressources\/histoire-du-mouvement-clt\/temple-de-la-renommee\/","url":"https:\/\/www.cltweb.org\/fr\/bibliotheque-de-ressources\/histoire-du-mouvement-clt\/temple-de-la-renommee\/","name":"Temple de la renomm\u00e9e - International Center for Community Land Trusts","isPartOf":{"@id":"https:\/\/www.cltweb.org\/fr\/#website"},"datePublished":"2024-07-26T19:57:09+00:00","dateModified":"2024-11-02T18:51:12+00:00","breadcrumb":{"@id":"https:\/\/www.cltweb.org\/fr\/bibliotheque-de-ressources\/histoire-du-mouvement-clt\/temple-de-la-renommee\/#breadcrumb"},"inLanguage":"fr-FR","potentialAction":[{"@type":"ReadAction","target":["https:\/\/www.cltweb.org\/fr\/bibliotheque-de-ressources\/histoire-du-mouvement-clt\/temple-de-la-renommee\/"]}]},{"@type":"BreadcrumbList","@id":"https:\/\/www.cltweb.org\/fr\/bibliotheque-de-ressources\/histoire-du-mouvement-clt\/temple-de-la-renommee\/#breadcrumb","itemListElement":[{"@type":"ListItem","position":1,"name":"Home","item":"https:\/\/www.cltweb.org\/fr\/"},{"@type":"ListItem","position":2,"name":"Biblioth\u00e8que de ressources","item":"https:\/\/www.cltweb.org\/fr\/bibliotheque-de-ressources\/"},{"@type":"ListItem","position":3,"name":"Histoire du mouvement CLT","item":"https:\/\/www.cltweb.org\/fr\/bibliotheque-de-ressources\/histoire-du-mouvement-clt\/"},{"@type":"ListItem","position":4,"name":"Temple de la renomm\u00e9e"}]},{"@type":"WebSite","@id":"https:\/\/www.cltweb.org\/fr\/#website","url":"https:\/\/www.cltweb.org\/fr\/","name":"International Center for Community Land Trusts","description":"","publisher":{"@id":"https:\/\/www.cltweb.org\/fr\/#organization"},"potentialAction":[{"@type":"SearchAction","target":{"@type":"EntryPoint","urlTemplate":"https:\/\/www.cltweb.org\/fr\/?s={search_term_string}"},"query-input":{"@type":"PropertyValueSpecification","valueRequired":true,"valueName":"search_term_string"}}],"inLanguage":"fr-FR"},{"@type":"Organization","@id":"https:\/\/www.cltweb.org\/fr\/#organization","name":"International Center for Community Land Trusts","url":"https:\/\/www.cltweb.org\/fr\/","logo":{"@type":"ImageObject","inLanguage":"fr-FR","@id":"https:\/\/www.cltweb.org\/fr\/#\/schema\/logo\/image\/","url":"https:\/\/www.cltweb.org\/wp-content\/uploads\/2024\/11\/New-CLT-Center-Text-logo.png","contentUrl":"https:\/\/www.cltweb.org\/wp-content\/uploads\/2024\/11\/New-CLT-Center-Text-logo.png","width":227,"height":80,"caption":"International Center for Community Land Trusts"},"image":{"@id":"https:\/\/www.cltweb.org\/fr\/#\/schema\/logo\/image\/"},"sameAs":["https:\/\/www.facebook.com\/cltcenter","https:\/\/x.com\/Center4CLTs","https:\/\/www.instagram.com\/cltcenter\/","https:\/\/www.linkedin.com\/company\/cltcenter","https:\/\/www.youtube.com\/@centerforcltinnovation5313"],"description":"The International Center for Community Land Trusts is a not-for-profit nongovernmental organization established in 2018 to promote and to support community land trusts and similar strategies of community-led development on community-owned land in countries throughout the world.","email":"info@communitylandtrust.net","legalName":"International Center for Community Land Trusts","foundingDate":"2018-12-01","taxID":"84-3858933","numberOfEmployees":{"@type":"QuantitativeValue","minValue":"1","maxValue":"10"}}]}},"campaignId":"","taxonomy_info":[],"featured_image_src_large":false,"author_info":{"display_name":"cltredesign_0jp0l4","author_link":"https:\/\/www.cltweb.org\/fr\/author\/cltredesign_0jp0l4\/"},"comment_info":0,"jetpack_sharing_enabled":true,"jetpack-related-posts":[{"id":1893,"url":"https:\/\/www.cltweb.org\/fr\/bibliotheque-de-ressources\/etudes-de-cas-clt\/nouvelles-communautes\/","url_meta":{"origin":1891,"position":0},"title":"Nouvelles communaut\u00e9s","author":"cltredesign_0jp0l4","date":"26 juillet 2024","format":false,"excerpt":"Historique de New Communities Inc. Souvent appel\u00e9 le \"premier CLT\", New Communities Inc. (NCI) est n\u00e9 du mouvement des droits civiques du Sud, tel qu'il s'est d\u00e9roul\u00e9 \u00e0 Albany, en G\u00e9orgie, au cours des ann\u00e9es 1960. Les dirigeants de New Communities avaient \u00e9galement \u00e9t\u00e9 des dirigeants du mouvement d'Albany et\u2026","rel":"","context":"Dans &quot;\u00c9tudes de cas&quot;","block_context":{"text":"\u00c9tudes de cas","link":"https:\/\/www.cltweb.org\/fr\/category\/etudes-de-cas\/"},"img":{"alt_text":"","src":"","width":0,"height":0},"classes":[]},{"id":3883,"url":"https:\/\/www.cltweb.org\/es\/biblioteca-de-recursos\/bibliografia\/bibliografia-internacional-sobre-clt-todas-las-lenguas\/","url_meta":{"origin":1891,"position":1},"title":"Bibliograf\u00eda internacional sobre CLT &#8211; Todas las lenguas","author":"cltredesign_0jp0l4","date":"19 octobre 2024","format":false,"excerpt":"Actualizado el 7\/1\/24 Libros y art\u00edculos Abello, Oscar Perry. 2021. Un inusual fideicomiso de la tierra de Colorado est\u00e1 dejando huella. Next City (10 de agosto). Disponible en: https:\/\/nextcity.org\/daily\/entry\/an-unusual-community-land-trust-in-colorado-is-making-its-mark Abrams, Amanda. 2019. Ayudar a los propietarios de viviendas en riesgo a mantenerse con un fideicomiso de tierras. Shelterforce (25 de\u2026","rel":"","context":"Article similaire","block_context":{"text":"Article similaire","link":""},"img":{"alt_text":"","src":"","width":0,"height":0},"classes":[]},{"id":3992,"url":"https:\/\/www.cltweb.org\/es\/biblioteca-de-recursos\/casos-practicos-de-clt\/fondo-de-vivienda-de-champlain\/","url_meta":{"origin":1891,"position":2},"title":"Fondo de Vivienda de Champlain","author":"cltredesign_0jp0l4","date":"20 octobre 2024","format":false,"excerpt":"Fundada en 1984 (Burlington, Vermont) Perfil aportado por Brenda Torpy (2015) La Champlain Housing Trust (CHT) naci\u00f3 en una peque\u00f1a ciudad con una gran idea: creando un parque de viviendas asequibles de forma permanente, todo el mundo podr\u00eda tener acceso a una vivienda decente y asequible, independientemente de sus ingresos.\u2026","rel":"","context":"Dans &quot;Casos pr\u00e1cticos&quot;","block_context":{"text":"Casos pr\u00e1cticos","link":"https:\/\/www.cltweb.org\/es\/category\/casos-practicos\/"},"img":{"alt_text":"","src":"","width":0,"height":0},"classes":[]},{"id":3998,"url":"https:\/\/www.cltweb.org\/fr\/bibliotheque-de-ressources\/etudes-de-cas-clt\/champlain-housing-trust\/","url_meta":{"origin":1891,"position":3},"title":"Champlain Housing Trust","author":"cltredesign_0jp0l4","date":"20 octobre 2024","format":false,"excerpt":"\u00c9tabli en 1984 (Burlington, Vermont) Profil \u00e9tabli par Brenda Torpy (2015) Le Champlain Housing Trust (CHT) est n\u00e9 dans une petite ville avec une grande id\u00e9e : en cr\u00e9ant un parc de logements abordables en permanence, tout le monde pourrait avoir acc\u00e8s \u00e0 un logement d\u00e9cent et abordable, quel que\u2026","rel":"","context":"Dans &quot;\u00c9tudes de cas&quot;","block_context":{"text":"\u00c9tudes de cas","link":"https:\/\/www.cltweb.org\/fr\/category\/etudes-de-cas\/"},"img":{"alt_text":"","src":"","width":0,"height":0},"classes":[]},{"id":3901,"url":"https:\/\/www.cltweb.org\/fr\/bibliotheque-de-ressources\/bibliographie\/bibliographie-internationale-clt-toutes-les-langues\/","url_meta":{"origin":1891,"position":4},"title":"Bibliographie internationale CLT &#8211; Toutes les langues","author":"cltredesign_0jp0l4","date":"19 octobre 2024","format":false,"excerpt":"Mise \u00e0 jour 7\/1\/24 Livres et articles Abello, Oscar Perry. 2021. Une fiducie fonci\u00e8re communautaire inhabituelle du Colorado fait sa marque. Next City (10 ao\u00fbt). Disponible \u00e0 l'adresse : https:\/\/nextcity.org\/daily\/entry\/an-unusual-community-land-trust-in-colorado-is-making-its-mark Abrams, Amanda. 2019. Aider les propri\u00e9taires \u00e0 risque \u00e0 rester sur place avec une fiducie fonci\u00e8re. Shelterforce (25 avril). Disponible\u2026","rel":"","context":"Article similaire","block_context":{"text":"Article similaire","link":""},"img":{"alt_text":"","src":"","width":0,"height":0},"classes":[]},{"id":2854,"url":"https:\/\/www.cltweb.org\/es\/biblioteca-de-recursos\/agricultura\/conceptos-clave\/blindar-la-tierra-de-la-especulacion\/","url_meta":{"origin":1891,"position":5},"title":"Blindar la tierra de la especulaci\u00f3n","author":"cltredesign_0jp0l4","date":"4 octobre 2024","format":false,"excerpt":"Si el suelo asequible es clave para una agricultura urbana comercialmente viable y comprometida con la comunidad, la cuesti\u00f3n es c\u00f3mo proteger la asequibilidad a largo plazo. Esto significa, por un lado, garantizar que las granjas urbanas no se vean desplazadas por el r\u00e1pido aumento de los precios en un\u2026","rel":"","context":"Article similaire","block_context":{"text":"Article similaire","link":""},"img":{"alt_text":"","src":"","width":0,"height":0},"classes":[]}],"_links":{"self":[{"href":"https:\/\/www.cltweb.org\/fr\/wp-json\/wp\/v2\/pages\/1891","targetHints":{"allow":["GET"]}}],"collection":[{"href":"https:\/\/www.cltweb.org\/fr\/wp-json\/wp\/v2\/pages"}],"about":[{"href":"https:\/\/www.cltweb.org\/fr\/wp-json\/wp\/v2\/types\/page"}],"author":[{"embeddable":true,"href":"https:\/\/www.cltweb.org\/fr\/wp-json\/wp\/v2\/users\/1"}],"replies":[{"embeddable":true,"href":"https:\/\/www.cltweb.org\/fr\/wp-json\/wp\/v2\/comments?post=1891"}],"version-history":[{"count":1,"href":"https:\/\/www.cltweb.org\/fr\/wp-json\/wp\/v2\/pages\/1891\/revisions"}],"predecessor-version":[{"id":1996,"href":"https:\/\/www.cltweb.org\/fr\/wp-json\/wp\/v2\/pages\/1891\/revisions\/1996"}],"up":[{"embeddable":true,"href":"https:\/\/www.cltweb.org\/fr\/wp-json\/wp\/v2\/pages\/1995"}],"wp:attachment":[{"href":"https:\/\/www.cltweb.org\/fr\/wp-json\/wp\/v2\/media?parent=1891"}],"wp:term":[{"taxonomy":"category","embeddable":true,"href":"https:\/\/www.cltweb.org\/fr\/wp-json\/wp\/v2\/categories?post=1891"},{"taxonomy":"post_tag","embeddable":true,"href":"https:\/\/www.cltweb.org\/fr\/wp-json\/wp\/v2\/tags?post=1891"}],"curies":[{"name":"wp","href":"https:\/\/api.w.org\/{rel}","templated":true}]}}