{"id":2021,"date":"2024-09-13T19:30:49","date_gmt":"2024-09-13T19:30:49","guid":{"rendered":"https:\/\/www.cltweb.org\/a-propos-de-nous\/acces-aux-langues\/"},"modified":"2024-10-19T17:53:27","modified_gmt":"2024-10-19T17:53:27","slug":"acces-aux-langues","status":"publish","type":"page","link":"https:\/\/www.cltweb.org\/fr\/a-propos-de-nous\/acces-aux-langues\/","title":{"rendered":"Acc\u00e8s aux langues"},"content":{"rendered":"","protected":false},"excerpt":{"rendered":"","protected":false},"author":1,"featured_media":0,"parent":743,"menu_order":0,"comment_status":"closed","ping_status":"closed","template":"","meta":{"give_campaign_id":0,"_tec_requires_first_save":true,"_kad_blocks_custom_css":"","_kad_blocks_head_custom_js":"","_kad_blocks_body_custom_js":"","_kad_blocks_footer_custom_js":"","_EventAllDay":false,"_EventTimezone":"","_EventStartDate":"","_EventEndDate":"","_EventStartDateUTC":"","_EventEndDateUTC":"","_EventShowMap":false,"_EventShowMapLink":false,"_EventURL":"","_EventCost":"","_EventCostDescription":"","_EventCurrencySymbol":"","_EventCurrencyCode":"","_EventCurrencyPosition":"","_EventDateTimeSeparator":"","_EventTimeRangeSeparator":"","_EventOrganizerID":[],"_EventVenueID":[],"_OrganizerEmail":"","_OrganizerPhone":"","_OrganizerWebsite":"","_VenueAddress":"","_VenueCity":"","_VenueCountry":"","_VenueProvince":"","_VenueState":"","_VenueZip":"","_VenuePhone":"","_VenueURL":"","_VenueStateProvince":"","_VenueLat":"","_VenueLng":"","_VenueShowMap":false,"_VenueShowMapLink":false,"_tribe_blocks_recurrence_rules":"","_tribe_blocks_recurrence_description":"","_tribe_blocks_recurrence_exclusions":"","footnotes":""},"categories":[],"tags":[],"class_list":["post-2021","page","type-page","status-publish","hentry"],"blocksy_meta":[],"yoast_head":"<!-- This site is optimized with the Yoast SEO Premium plugin v27.5 (Yoast SEO v27.5) - https:\/\/yoast.com\/product\/yoast-seo-premium-wordpress\/ -->\n<title>Acc\u00e8s aux langues - International Center for Community Land Trusts<\/title>\n<meta name=\"robots\" content=\"index, follow, max-snippet:-1, max-image-preview:large, max-video-preview:-1\" \/>\n<link rel=\"canonical\" href=\"https:\/\/www.cltweb.org\/fr\/a-propos-de-nous\/acces-aux-langues\/\" \/>\n<meta property=\"og:locale\" content=\"fr_FR\" \/>\n<meta property=\"og:type\" content=\"article\" \/>\n<meta property=\"og:title\" content=\"Acc\u00e8s aux langues\" \/>\n<meta property=\"og:url\" content=\"https:\/\/www.cltweb.org\/fr\/a-propos-de-nous\/acces-aux-langues\/\" \/>\n<meta property=\"og:site_name\" content=\"International Center for Community Land Trusts\" \/>\n<meta property=\"article:publisher\" content=\"https:\/\/www.facebook.com\/cltcenter\" \/>\n<meta property=\"article:modified_time\" content=\"2024-10-19T17:53:27+00:00\" \/>\n<meta name=\"twitter:card\" content=\"summary_large_image\" \/>\n<meta name=\"twitter:site\" content=\"@Center4CLTs\" \/>\n<script type=\"application\/ld+json\" class=\"yoast-schema-graph\">{\"@context\":\"https:\\\/\\\/schema.org\",\"@graph\":[{\"@type\":\"WebPage\",\"@id\":\"https:\\\/\\\/www.cltweb.org\\\/fr\\\/a-propos-de-nous\\\/acces-aux-langues\\\/\",\"url\":\"https:\\\/\\\/www.cltweb.org\\\/fr\\\/a-propos-de-nous\\\/acces-aux-langues\\\/\",\"name\":\"Acc\u00e8s aux langues - International Center for Community Land Trusts\",\"isPartOf\":{\"@id\":\"https:\\\/\\\/www.cltweb.org\\\/fr\\\/#website\"},\"datePublished\":\"2024-09-13T19:30:49+00:00\",\"dateModified\":\"2024-10-19T17:53:27+00:00\",\"breadcrumb\":{\"@id\":\"https:\\\/\\\/www.cltweb.org\\\/fr\\\/a-propos-de-nous\\\/acces-aux-langues\\\/#breadcrumb\"},\"inLanguage\":\"fr-FR\",\"potentialAction\":[{\"@type\":\"ReadAction\",\"target\":[\"https:\\\/\\\/www.cltweb.org\\\/fr\\\/a-propos-de-nous\\\/acces-aux-langues\\\/\"]}]},{\"@type\":\"BreadcrumbList\",\"@id\":\"https:\\\/\\\/www.cltweb.org\\\/fr\\\/a-propos-de-nous\\\/acces-aux-langues\\\/#breadcrumb\",\"itemListElement\":[{\"@type\":\"ListItem\",\"position\":1,\"name\":\"Home\",\"item\":\"https:\\\/\\\/www.cltweb.org\\\/fr\\\/\"},{\"@type\":\"ListItem\",\"position\":2,\"name\":\"A propos de nous\",\"item\":\"https:\\\/\\\/www.cltweb.org\\\/fr\\\/a-propos-de-nous\\\/\"},{\"@type\":\"ListItem\",\"position\":3,\"name\":\"Acc\u00e8s aux langues\"}]},{\"@type\":\"WebSite\",\"@id\":\"https:\\\/\\\/www.cltweb.org\\\/fr\\\/#website\",\"url\":\"https:\\\/\\\/www.cltweb.org\\\/fr\\\/\",\"name\":\"International Center for Community Land Trusts\",\"description\":\"\",\"publisher\":{\"@id\":\"https:\\\/\\\/www.cltweb.org\\\/fr\\\/#organization\"},\"potentialAction\":[{\"@type\":\"SearchAction\",\"target\":{\"@type\":\"EntryPoint\",\"urlTemplate\":\"https:\\\/\\\/www.cltweb.org\\\/fr\\\/?s={search_term_string}\"},\"query-input\":{\"@type\":\"PropertyValueSpecification\",\"valueRequired\":true,\"valueName\":\"search_term_string\"}}],\"inLanguage\":\"fr-FR\"},{\"@type\":\"Organization\",\"@id\":\"https:\\\/\\\/www.cltweb.org\\\/fr\\\/#organization\",\"name\":\"International Center for Community Land Trusts\",\"url\":\"https:\\\/\\\/www.cltweb.org\\\/fr\\\/\",\"logo\":{\"@type\":\"ImageObject\",\"inLanguage\":\"fr-FR\",\"@id\":\"https:\\\/\\\/www.cltweb.org\\\/fr\\\/#\\\/schema\\\/logo\\\/image\\\/\",\"url\":\"https:\\\/\\\/www.cltweb.org\\\/wp-content\\\/uploads\\\/2024\\\/11\\\/New-CLT-Center-Text-logo.png\",\"contentUrl\":\"https:\\\/\\\/www.cltweb.org\\\/wp-content\\\/uploads\\\/2024\\\/11\\\/New-CLT-Center-Text-logo.png\",\"width\":227,\"height\":80,\"caption\":\"International Center for Community Land Trusts\"},\"image\":{\"@id\":\"https:\\\/\\\/www.cltweb.org\\\/fr\\\/#\\\/schema\\\/logo\\\/image\\\/\"},\"sameAs\":[\"https:\\\/\\\/www.facebook.com\\\/cltcenter\",\"https:\\\/\\\/x.com\\\/Center4CLTs\",\"https:\\\/\\\/www.instagram.com\\\/cltcenter\\\/\",\"https:\\\/\\\/www.linkedin.com\\\/company\\\/cltcenter\",\"https:\\\/\\\/www.youtube.com\\\/@centerforcltinnovation5313\"],\"description\":\"The International Center for Community Land Trusts is a not-for-profit nongovernmental organization established in 2018 to promote and to support community land trusts and similar strategies of community-led development on community-owned land in countries throughout the world.\",\"email\":\"info@communitylandtrust.net\",\"legalName\":\"International Center for Community Land Trusts\",\"foundingDate\":\"2018-12-01\",\"taxID\":\"84-3858933\",\"numberOfEmployees\":{\"@type\":\"QuantitativeValue\",\"minValue\":\"1\",\"maxValue\":\"10\"}}]}<\/script>\n<!-- \/ Yoast SEO Premium plugin. -->","yoast_head_json":{"title":"Acc\u00e8s aux langues - International Center for Community Land Trusts","robots":{"index":"index","follow":"follow","max-snippet":"max-snippet:-1","max-image-preview":"max-image-preview:large","max-video-preview":"max-video-preview:-1"},"canonical":"https:\/\/www.cltweb.org\/fr\/a-propos-de-nous\/acces-aux-langues\/","og_locale":"fr_FR","og_type":"article","og_title":"Acc\u00e8s aux langues","og_url":"https:\/\/www.cltweb.org\/fr\/a-propos-de-nous\/acces-aux-langues\/","og_site_name":"International Center for Community Land Trusts","article_publisher":"https:\/\/www.facebook.com\/cltcenter","article_modified_time":"2024-10-19T17:53:27+00:00","twitter_card":"summary_large_image","twitter_site":"@Center4CLTs","schema":{"@context":"https:\/\/schema.org","@graph":[{"@type":"WebPage","@id":"https:\/\/www.cltweb.org\/fr\/a-propos-de-nous\/acces-aux-langues\/","url":"https:\/\/www.cltweb.org\/fr\/a-propos-de-nous\/acces-aux-langues\/","name":"Acc\u00e8s aux langues - International Center for Community Land Trusts","isPartOf":{"@id":"https:\/\/www.cltweb.org\/fr\/#website"},"datePublished":"2024-09-13T19:30:49+00:00","dateModified":"2024-10-19T17:53:27+00:00","breadcrumb":{"@id":"https:\/\/www.cltweb.org\/fr\/a-propos-de-nous\/acces-aux-langues\/#breadcrumb"},"inLanguage":"fr-FR","potentialAction":[{"@type":"ReadAction","target":["https:\/\/www.cltweb.org\/fr\/a-propos-de-nous\/acces-aux-langues\/"]}]},{"@type":"BreadcrumbList","@id":"https:\/\/www.cltweb.org\/fr\/a-propos-de-nous\/acces-aux-langues\/#breadcrumb","itemListElement":[{"@type":"ListItem","position":1,"name":"Home","item":"https:\/\/www.cltweb.org\/fr\/"},{"@type":"ListItem","position":2,"name":"A propos de nous","item":"https:\/\/www.cltweb.org\/fr\/a-propos-de-nous\/"},{"@type":"ListItem","position":3,"name":"Acc\u00e8s aux langues"}]},{"@type":"WebSite","@id":"https:\/\/www.cltweb.org\/fr\/#website","url":"https:\/\/www.cltweb.org\/fr\/","name":"International Center for Community Land Trusts","description":"","publisher":{"@id":"https:\/\/www.cltweb.org\/fr\/#organization"},"potentialAction":[{"@type":"SearchAction","target":{"@type":"EntryPoint","urlTemplate":"https:\/\/www.cltweb.org\/fr\/?s={search_term_string}"},"query-input":{"@type":"PropertyValueSpecification","valueRequired":true,"valueName":"search_term_string"}}],"inLanguage":"fr-FR"},{"@type":"Organization","@id":"https:\/\/www.cltweb.org\/fr\/#organization","name":"International Center for Community Land Trusts","url":"https:\/\/www.cltweb.org\/fr\/","logo":{"@type":"ImageObject","inLanguage":"fr-FR","@id":"https:\/\/www.cltweb.org\/fr\/#\/schema\/logo\/image\/","url":"https:\/\/www.cltweb.org\/wp-content\/uploads\/2024\/11\/New-CLT-Center-Text-logo.png","contentUrl":"https:\/\/www.cltweb.org\/wp-content\/uploads\/2024\/11\/New-CLT-Center-Text-logo.png","width":227,"height":80,"caption":"International Center for Community Land Trusts"},"image":{"@id":"https:\/\/www.cltweb.org\/fr\/#\/schema\/logo\/image\/"},"sameAs":["https:\/\/www.facebook.com\/cltcenter","https:\/\/x.com\/Center4CLTs","https:\/\/www.instagram.com\/cltcenter\/","https:\/\/www.linkedin.com\/company\/cltcenter","https:\/\/www.youtube.com\/@centerforcltinnovation5313"],"description":"The International Center for Community Land Trusts is a not-for-profit nongovernmental organization established in 2018 to promote and to support community land trusts and similar strategies of community-led development on community-owned land in countries throughout the world.","email":"info@communitylandtrust.net","legalName":"International Center for Community Land Trusts","foundingDate":"2018-12-01","taxID":"84-3858933","numberOfEmployees":{"@type":"QuantitativeValue","minValue":"1","maxValue":"10"}}]}},"campaignId":"","taxonomy_info":[],"featured_image_src_large":false,"author_info":{"display_name":"cltredesign_0jp0l4","author_link":"https:\/\/www.cltweb.org\/fr\/author\/cltredesign_0jp0l4\/"},"comment_info":0,"jetpack_sharing_enabled":true,"jetpack-related-posts":[{"id":1871,"url":"https:\/\/www.cltweb.org\/fr\/bibliotheque-de-ressources\/bibliographie\/","url_meta":{"origin":2021,"position":0},"title":"Bibliographie","author":"cltredesign_0jp0l4","date":"26 juillet 2024","format":false,"excerpt":"Introduction Cette bibliographie est un travail en cours. Elle a d\u00e9but\u00e9 il y a plus de vingt-cinq ans en r\u00e9ponse \u00e0 des demandes r\u00e9p\u00e9t\u00e9es d'universitaires et de praticiens qui me demandaient si je pouvais les orienter vers \"plus d'informations\" sur les community land trusts. J'ai commenc\u00e9 \u00e0 compiler et \u00e0\u2026","rel":"","context":"Dans &quot;Biblioth\u00e8que de ressources&quot;","block_context":{"text":"Biblioth\u00e8que de ressources","link":"https:\/\/www.cltweb.org\/fr\/category\/bibliotheque-de-ressources\/"},"img":{"alt_text":"","src":"","width":0,"height":0},"classes":[]},{"id":907,"url":"https:\/\/www.cltweb.org\/fr\/programmes-et-projets\/","url_meta":{"origin":2021,"position":1},"title":"Programmes et projets","author":"cltredesign_0jp0l4","date":"26 juillet 2024","format":false,"excerpt":"L'\u00e9ducation Am\u00e9liorer la sensibilisation, les ressources et le soutien aux praticiens et aux communaut\u00e9s CLT. Biblioth\u00e8que en ligne et archives CLT : Collecter et conserver des documents - en plusieurs langues - pr\u00e9sentant le CLT, des \u00e9tudes de cas, les meilleures pratiques et l'histoire du mouvement CLT. Carte et r\u00e9pertoire\u2026","rel":"","context":"Dans &quot;Non classifi\u00e9(e)&quot;","block_context":{"text":"Non classifi\u00e9(e)","link":"https:\/\/www.cltweb.org\/fr\/category\/non-classifiee\/"},"img":{"alt_text":"","src":"","width":0,"height":0},"classes":[]},{"id":779,"url":"https:\/\/www.cltweb.org\/fr\/programmes-et-projets\/initiative-clt-dans-le-sud\/","url_meta":{"origin":2021,"position":2},"title":"Initiative de fiducie fonci\u00e8re communautaire dans les pays du Sud","author":"cltredesign_0jp0l4","date":"26 juillet 2024","format":false,"excerpt":"Faire progresser le droit au logement et la propri\u00e9t\u00e9 collective dans les pays du Sud Vue d'ensemble La s\u00e9curit\u00e9 des terres et des logements est un droit de l'homme - et une lutte mondiale. Dans toute l'Afrique, l'Asie, l'Am\u00e9rique latine et les Cara\u00efbes, les communaut\u00e9s construisent des mouvements puissants pour\u2026","rel":"","context":"Dans &quot;Programmes et projets&quot;","block_context":{"text":"Programmes et projets","link":"https:\/\/www.cltweb.org\/fr\/category\/programmes-et-projets\/"},"img":{"alt_text":"","src":"","width":0,"height":0},"classes":[]},{"id":8701,"url":"https:\/\/www.cltweb.org\/fr\/bibliotheque-de-ressources\/agriculture\/concepts-cles\/un-regime-foncier-adapte\/","url_meta":{"origin":2021,"position":3},"title":"Un r\u00e9gime foncier adapt\u00e9","author":"cltredesign_0jp0l4","date":"2 f\u00e9vrier 2025","format":false,"excerpt":"Le r\u00e9gime foncier doit permettre aux producteurs de r\u00e9cup\u00e9rer leurs investissements. Bien que les mod\u00e8les commerciaux de type \"pop-up\" soient de plus en plus populaires dans les secteurs de la restauration et de la vente au d\u00e9tail, il s'agit d'un mod\u00e8le difficile \u00e0 appliquer \u00e0 l'agriculture urbaine. L'acc\u00e8s \u00e0 la\u2026","rel":"","context":"Dans &quot;Agriculture&quot;","block_context":{"text":"Agriculture","link":"https:\/\/www.cltweb.org\/fr\/category\/agriculture-fr\/"},"img":{"alt_text":"","src":"","width":0,"height":0},"classes":[]},{"id":1678,"url":"https:\/\/www.cltweb.org\/fr\/bibliotheque-de-ressources\/agriculture\/defis\/","url_meta":{"origin":2021,"position":4},"title":"D\u00e9fis","author":"cltredesign_0jp0l4","date":"29 juillet 2024","format":false,"excerpt":"Le besoin de terrains abordables Le co\u00fbt \u00e9lev\u00e9 des terres urbaines par rapport aux terres rurales pose un probl\u00e8me majeur aux agriculteurs urbains potentiels. Contrairement aux agriculteurs ruraux, ils sont en concurrence pour les terres avec une multitude d'autres utilisateurs potentiels, ce qui cr\u00e9e des pressions inflationnistes sur les prix\u2026","rel":"","context":"Dans &quot;Agriculture&quot;","block_context":{"text":"Agriculture","link":"https:\/\/www.cltweb.org\/fr\/category\/agriculture-fr\/"},"img":{"alt_text":"","src":"","width":0,"height":0},"classes":[]},{"id":846,"url":"https:\/\/www.cltweb.org\/fr\/a-propos-de-nous\/mission-et-strategie\/","url_meta":{"origin":2021,"position":5},"title":"Mission et strat\u00e9gie","author":"cltredesign_0jp0l4","date":"26 juillet 2024","format":false,"excerpt":"La vision, la mission et la strat\u00e9gie globale de notre travail.","rel":"","context":"Dans &quot;A propos de nous&quot;","block_context":{"text":"A propos de nous","link":"https:\/\/www.cltweb.org\/fr\/category\/a-propos-de-nous\/"},"img":{"alt_text":"","src":"","width":0,"height":0},"classes":[]}],"_links":{"self":[{"href":"https:\/\/www.cltweb.org\/fr\/wp-json\/wp\/v2\/pages\/2021","targetHints":{"allow":["GET"]}}],"collection":[{"href":"https:\/\/www.cltweb.org\/fr\/wp-json\/wp\/v2\/pages"}],"about":[{"href":"https:\/\/www.cltweb.org\/fr\/wp-json\/wp\/v2\/types\/page"}],"author":[{"embeddable":true,"href":"https:\/\/www.cltweb.org\/fr\/wp-json\/wp\/v2\/users\/1"}],"replies":[{"embeddable":true,"href":"https:\/\/www.cltweb.org\/fr\/wp-json\/wp\/v2\/comments?post=2021"}],"version-history":[{"count":1,"href":"https:\/\/www.cltweb.org\/fr\/wp-json\/wp\/v2\/pages\/2021\/revisions"}],"predecessor-version":[{"id":3417,"href":"https:\/\/www.cltweb.org\/fr\/wp-json\/wp\/v2\/pages\/2021\/revisions\/3417"}],"up":[{"embeddable":true,"href":"https:\/\/www.cltweb.org\/fr\/wp-json\/wp\/v2\/pages\/743"}],"wp:attachment":[{"href":"https:\/\/www.cltweb.org\/fr\/wp-json\/wp\/v2\/media?parent=2021"}],"wp:term":[{"taxonomy":"category","embeddable":true,"href":"https:\/\/www.cltweb.org\/fr\/wp-json\/wp\/v2\/categories?post=2021"},{"taxonomy":"post_tag","embeddable":true,"href":"https:\/\/www.cltweb.org\/fr\/wp-json\/wp\/v2\/tags?post=2021"}],"curies":[{"name":"wp","href":"https:\/\/api.w.org\/{rel}","templated":true}]}}