{"id":2857,"date":"2024-10-04T14:36:49","date_gmt":"2024-10-04T14:36:49","guid":{"rendered":"https:\/\/www.cltweb.org\/ce-que-font-les-clt\/agriculture\/concepts-cles\/proteger-les-terres-de-la-speculation\/"},"modified":"2025-02-03T19:32:28","modified_gmt":"2025-02-03T19:32:28","slug":"proteger-les-terres-de-la-speculation","status":"publish","type":"page","link":"https:\/\/www.cltweb.org\/fr\/bibliotheque-de-ressources\/agriculture\/concepts-cles\/proteger-les-terres-de-la-speculation\/","title":{"rendered":"Prot\u00e9ger les terres de la sp\u00e9culation"},"content":{"rendered":"\n<p>Si des terres abordables sont la cl\u00e9 d&#8217;une agriculture urbaine commercialement viable et impliqu\u00e9e dans la communaut\u00e9, la question est de savoir comment prot\u00e9ger l&#8217;accessibilit\u00e9 \u00e0 long terme. Cela signifie, d&#8217;une part, qu&#8217;il faut veiller \u00e0 ce que les exploitations agricoles urbaines ne soient pas d\u00e9plac\u00e9es par la hausse rapide des prix sur un march\u00e9 immobilier sp\u00e9culatif et, d&#8217;autre part, que les terres situ\u00e9es dans des communaut\u00e9s o\u00f9 les valeurs sont stagnantes ou en baisse ne soient pas attribu\u00e9es bon gr\u00e9 mal gr\u00e9 par d\u00e9sespoir. Dans les deux cas, il s&#8217;agit de s&#8217;assurer que l&#8217;espace est disponible pour des projets qui sont enracin\u00e9s dans les communaut\u00e9s environnantes et qui leur sont b\u00e9n\u00e9fiques.  <\/p>\n\n<p>Au cours des derni\u00e8res d\u00e9cennies, les d\u00e9fenseurs du logement et de l&#8217;environnement ont mis au point des mod\u00e8les de fiducie fonci\u00e8re pour s&#8217;assurer que les priorit\u00e9s de la communaut\u00e9 &#8211; des lieux pour vivre et pour profiter de la nature &#8211; ne soient pas supplant\u00e9es par les forces sp\u00e9culatives du march\u00e9. Les fiducies fonci\u00e8res d&#8217;espaces ouverts se sont concentr\u00e9es sur la protection des terres \u00e9cologiquement pr\u00e9cieuses \u00e0 la p\u00e9riph\u00e9rie des villes, et les fiducies fonci\u00e8res communautaires ont cherch\u00e9 \u00e0 prot\u00e9ger l&#8217;accessibilit\u00e9 des logements dans les villes et les banlieues. Ces deux mod\u00e8les sont de plus en plus utilis\u00e9s pour r\u00e9pondre \u00e0 la question de savoir comment prot\u00e9ger au mieux les terres destin\u00e9es \u00e0 l&#8217;agriculture urbaine.  <\/p>\n\n<p>L&#8217;adaptation de ces mod\u00e8les \u00e0 la conservation des terres agricoles urbaines productives implique souvent des baux fonciers entre une fiducie fonci\u00e8re \u00e0 but non lucratif et un cultivateur. Cela pose le probl\u00e8me potentiel que les cultivateurs peuvent perdre certaines opportunit\u00e9s de profit, puisqu&#8217;ils ne sont pas propri\u00e9taires de leurs terres. Ils n&#8217;auront pas la possibilit\u00e9 de tirer profit de la vente de leurs terres au prix du march\u00e9, puisqu&#8217;ils ne les ont pas achet\u00e9es au prix du march\u00e9. Mais la r\u00e9alit\u00e9 est que, pour de nombreux cultivateurs urbains, l&#8217;achat pur et simple d&#8217;une terre au prix du march\u00e9 sera probablement hors de port\u00e9e, et ne sera en fait pas une option.   <\/p>\n","protected":false},"excerpt":{"rendered":"<p>Si des terres abordables sont la cl\u00e9 d&#8217;une agriculture urbaine commercialement viable et impliqu\u00e9e dans la communaut\u00e9, la question est de savoir comment prot\u00e9ger l&#8217;accessibilit\u00e9 \u00e0 long terme. Cela signifie, [&hellip;]<\/p>\n","protected":false},"author":1,"featured_media":0,"parent":1669,"menu_order":1,"comment_status":"closed","ping_status":"closed","template":"","meta":{"give_campaign_id":0,"_tec_requires_first_save":true,"_kad_blocks_custom_css":"","_kad_blocks_head_custom_js":"","_kad_blocks_body_custom_js":"","_kad_blocks_footer_custom_js":"","_EventAllDay":false,"_EventTimezone":"","_EventStartDate":"","_EventEndDate":"","_EventStartDateUTC":"","_EventEndDateUTC":"","_EventShowMap":false,"_EventShowMapLink":false,"_EventURL":"","_EventCost":"","_EventCostDescription":"","_EventCurrencySymbol":"","_EventCurrencyCode":"","_EventCurrencyPosition":"","_EventDateTimeSeparator":"","_EventTimeRangeSeparator":"","_EventOrganizerID":[],"_EventVenueID":[],"_OrganizerEmail":"","_OrganizerPhone":"","_OrganizerWebsite":"","_VenueAddress":"","_VenueCity":"","_VenueCountry":"","_VenueProvince":"","_VenueState":"","_VenueZip":"","_VenuePhone":"","_VenueURL":"","_VenueStateProvince":"","_VenueLat":"","_VenueLng":"","_VenueShowMap":false,"_VenueShowMapLink":false,"_tribe_blocks_recurrence_rules":"","_tribe_blocks_recurrence_description":"","_tribe_blocks_recurrence_exclusions":"","footnotes":""},"categories":[],"tags":[],"class_list":["post-2857","page","type-page","status-publish","hentry"],"blocksy_meta":[],"yoast_head":"<!-- This site is optimized with the Yoast SEO Premium plugin v27.5 (Yoast SEO v27.5) - https:\/\/yoast.com\/product\/yoast-seo-premium-wordpress\/ -->\n<title>Prot\u00e9ger les terres de la sp\u00e9culation - International Center for Community Land Trusts<\/title>\n<meta name=\"robots\" content=\"index, follow, max-snippet:-1, max-image-preview:large, max-video-preview:-1\" \/>\n<link rel=\"canonical\" href=\"https:\/\/www.cltweb.org\/fr\/bibliotheque-de-ressources\/agriculture\/concepts-cles\/proteger-les-terres-de-la-speculation\/\" \/>\n<meta property=\"og:locale\" content=\"fr_FR\" \/>\n<meta property=\"og:type\" content=\"article\" \/>\n<meta property=\"og:title\" content=\"Prot\u00e9ger les terres de la sp\u00e9culation\" \/>\n<meta property=\"og:description\" content=\"Si des terres abordables sont la cl\u00e9 d&#8217;une agriculture urbaine commercialement viable et impliqu\u00e9e dans la communaut\u00e9, la question est de savoir comment prot\u00e9ger l&#8217;accessibilit\u00e9 \u00e0 long terme. Cela signifie, [&hellip;]\" \/>\n<meta property=\"og:url\" content=\"https:\/\/www.cltweb.org\/fr\/bibliotheque-de-ressources\/agriculture\/concepts-cles\/proteger-les-terres-de-la-speculation\/\" \/>\n<meta property=\"og:site_name\" content=\"International Center for Community Land Trusts\" \/>\n<meta property=\"article:publisher\" content=\"https:\/\/www.facebook.com\/cltcenter\" \/>\n<meta property=\"article:modified_time\" content=\"2025-02-03T19:32:28+00:00\" \/>\n<meta name=\"twitter:card\" content=\"summary_large_image\" \/>\n<meta name=\"twitter:site\" content=\"@Center4CLTs\" \/>\n<meta name=\"twitter:label1\" content=\"Dur\u00e9e de lecture estim\u00e9e\" \/>\n\t<meta name=\"twitter:data1\" content=\"2 minutes\" \/>\n<script type=\"application\/ld+json\" class=\"yoast-schema-graph\">{\"@context\":\"https:\\\/\\\/schema.org\",\"@graph\":[{\"@type\":\"WebPage\",\"@id\":\"https:\\\/\\\/www.cltweb.org\\\/fr\\\/bibliotheque-de-ressources\\\/agriculture\\\/concepts-cles\\\/proteger-les-terres-de-la-speculation\\\/\",\"url\":\"https:\\\/\\\/www.cltweb.org\\\/fr\\\/bibliotheque-de-ressources\\\/agriculture\\\/concepts-cles\\\/proteger-les-terres-de-la-speculation\\\/\",\"name\":\"Prot\u00e9ger les terres de la sp\u00e9culation - International Center for Community Land Trusts\",\"isPartOf\":{\"@id\":\"https:\\\/\\\/www.cltweb.org\\\/fr\\\/#website\"},\"datePublished\":\"2024-10-04T14:36:49+00:00\",\"dateModified\":\"2025-02-03T19:32:28+00:00\",\"breadcrumb\":{\"@id\":\"https:\\\/\\\/www.cltweb.org\\\/fr\\\/bibliotheque-de-ressources\\\/agriculture\\\/concepts-cles\\\/proteger-les-terres-de-la-speculation\\\/#breadcrumb\"},\"inLanguage\":\"fr-FR\",\"potentialAction\":[{\"@type\":\"ReadAction\",\"target\":[\"https:\\\/\\\/www.cltweb.org\\\/fr\\\/bibliotheque-de-ressources\\\/agriculture\\\/concepts-cles\\\/proteger-les-terres-de-la-speculation\\\/\"]}]},{\"@type\":\"BreadcrumbList\",\"@id\":\"https:\\\/\\\/www.cltweb.org\\\/fr\\\/bibliotheque-de-ressources\\\/agriculture\\\/concepts-cles\\\/proteger-les-terres-de-la-speculation\\\/#breadcrumb\",\"itemListElement\":[{\"@type\":\"ListItem\",\"position\":1,\"name\":\"Home\",\"item\":\"https:\\\/\\\/www.cltweb.org\\\/fr\\\/\"},{\"@type\":\"ListItem\",\"position\":2,\"name\":\"Biblioth\u00e8que de ressources\",\"item\":\"https:\\\/\\\/www.cltweb.org\\\/fr\\\/bibliotheque-de-ressources\\\/\"},{\"@type\":\"ListItem\",\"position\":3,\"name\":\"R\u00e9gime foncier pour l&#8217;agriculture urbaine\",\"item\":\"https:\\\/\\\/www.cltweb.org\\\/fr\\\/bibliotheque-de-ressources\\\/agriculture\\\/\"},{\"@type\":\"ListItem\",\"position\":4,\"name\":\"Concepts cl\u00e9s\",\"item\":\"https:\\\/\\\/www.cltweb.org\\\/fr\\\/bibliotheque-de-ressources\\\/agriculture\\\/concepts-cles\\\/\"},{\"@type\":\"ListItem\",\"position\":5,\"name\":\"Prot\u00e9ger les terres de la sp\u00e9culation\"}]},{\"@type\":\"WebSite\",\"@id\":\"https:\\\/\\\/www.cltweb.org\\\/fr\\\/#website\",\"url\":\"https:\\\/\\\/www.cltweb.org\\\/fr\\\/\",\"name\":\"International Center for Community Land Trusts\",\"description\":\"\",\"publisher\":{\"@id\":\"https:\\\/\\\/www.cltweb.org\\\/fr\\\/#organization\"},\"potentialAction\":[{\"@type\":\"SearchAction\",\"target\":{\"@type\":\"EntryPoint\",\"urlTemplate\":\"https:\\\/\\\/www.cltweb.org\\\/fr\\\/?s={search_term_string}\"},\"query-input\":{\"@type\":\"PropertyValueSpecification\",\"valueRequired\":true,\"valueName\":\"search_term_string\"}}],\"inLanguage\":\"fr-FR\"},{\"@type\":\"Organization\",\"@id\":\"https:\\\/\\\/www.cltweb.org\\\/fr\\\/#organization\",\"name\":\"International Center for Community Land Trusts\",\"url\":\"https:\\\/\\\/www.cltweb.org\\\/fr\\\/\",\"logo\":{\"@type\":\"ImageObject\",\"inLanguage\":\"fr-FR\",\"@id\":\"https:\\\/\\\/www.cltweb.org\\\/fr\\\/#\\\/schema\\\/logo\\\/image\\\/\",\"url\":\"https:\\\/\\\/www.cltweb.org\\\/wp-content\\\/uploads\\\/2024\\\/11\\\/New-CLT-Center-Text-logo.png\",\"contentUrl\":\"https:\\\/\\\/www.cltweb.org\\\/wp-content\\\/uploads\\\/2024\\\/11\\\/New-CLT-Center-Text-logo.png\",\"width\":227,\"height\":80,\"caption\":\"International Center for Community Land Trusts\"},\"image\":{\"@id\":\"https:\\\/\\\/www.cltweb.org\\\/fr\\\/#\\\/schema\\\/logo\\\/image\\\/\"},\"sameAs\":[\"https:\\\/\\\/www.facebook.com\\\/cltcenter\",\"https:\\\/\\\/x.com\\\/Center4CLTs\",\"https:\\\/\\\/www.instagram.com\\\/cltcenter\\\/\",\"https:\\\/\\\/www.linkedin.com\\\/company\\\/cltcenter\",\"https:\\\/\\\/www.youtube.com\\\/@centerforcltinnovation5313\"],\"description\":\"The International Center for Community Land Trusts is a not-for-profit nongovernmental organization established in 2018 to promote and to support community land trusts and similar strategies of community-led development on community-owned land in countries throughout the world.\",\"email\":\"info@communitylandtrust.net\",\"legalName\":\"International Center for Community Land Trusts\",\"foundingDate\":\"2018-12-01\",\"taxID\":\"84-3858933\",\"numberOfEmployees\":{\"@type\":\"QuantitativeValue\",\"minValue\":\"1\",\"maxValue\":\"10\"}}]}<\/script>\n<!-- \/ Yoast SEO Premium plugin. -->","yoast_head_json":{"title":"Prot\u00e9ger les terres de la sp\u00e9culation - International Center for Community Land Trusts","robots":{"index":"index","follow":"follow","max-snippet":"max-snippet:-1","max-image-preview":"max-image-preview:large","max-video-preview":"max-video-preview:-1"},"canonical":"https:\/\/www.cltweb.org\/fr\/bibliotheque-de-ressources\/agriculture\/concepts-cles\/proteger-les-terres-de-la-speculation\/","og_locale":"fr_FR","og_type":"article","og_title":"Prot\u00e9ger les terres de la sp\u00e9culation","og_description":"Si des terres abordables sont la cl\u00e9 d&#8217;une agriculture urbaine commercialement viable et impliqu\u00e9e dans la communaut\u00e9, la question est de savoir comment prot\u00e9ger l&#8217;accessibilit\u00e9 \u00e0 long terme. Cela signifie, [&hellip;]","og_url":"https:\/\/www.cltweb.org\/fr\/bibliotheque-de-ressources\/agriculture\/concepts-cles\/proteger-les-terres-de-la-speculation\/","og_site_name":"International Center for Community Land Trusts","article_publisher":"https:\/\/www.facebook.com\/cltcenter","article_modified_time":"2025-02-03T19:32:28+00:00","twitter_card":"summary_large_image","twitter_site":"@Center4CLTs","twitter_misc":{"Dur\u00e9e de lecture estim\u00e9e":"2 minutes"},"schema":{"@context":"https:\/\/schema.org","@graph":[{"@type":"WebPage","@id":"https:\/\/www.cltweb.org\/fr\/bibliotheque-de-ressources\/agriculture\/concepts-cles\/proteger-les-terres-de-la-speculation\/","url":"https:\/\/www.cltweb.org\/fr\/bibliotheque-de-ressources\/agriculture\/concepts-cles\/proteger-les-terres-de-la-speculation\/","name":"Prot\u00e9ger les terres de la sp\u00e9culation - International Center for Community Land Trusts","isPartOf":{"@id":"https:\/\/www.cltweb.org\/fr\/#website"},"datePublished":"2024-10-04T14:36:49+00:00","dateModified":"2025-02-03T19:32:28+00:00","breadcrumb":{"@id":"https:\/\/www.cltweb.org\/fr\/bibliotheque-de-ressources\/agriculture\/concepts-cles\/proteger-les-terres-de-la-speculation\/#breadcrumb"},"inLanguage":"fr-FR","potentialAction":[{"@type":"ReadAction","target":["https:\/\/www.cltweb.org\/fr\/bibliotheque-de-ressources\/agriculture\/concepts-cles\/proteger-les-terres-de-la-speculation\/"]}]},{"@type":"BreadcrumbList","@id":"https:\/\/www.cltweb.org\/fr\/bibliotheque-de-ressources\/agriculture\/concepts-cles\/proteger-les-terres-de-la-speculation\/#breadcrumb","itemListElement":[{"@type":"ListItem","position":1,"name":"Home","item":"https:\/\/www.cltweb.org\/fr\/"},{"@type":"ListItem","position":2,"name":"Biblioth\u00e8que de ressources","item":"https:\/\/www.cltweb.org\/fr\/bibliotheque-de-ressources\/"},{"@type":"ListItem","position":3,"name":"R\u00e9gime foncier pour l&#8217;agriculture urbaine","item":"https:\/\/www.cltweb.org\/fr\/bibliotheque-de-ressources\/agriculture\/"},{"@type":"ListItem","position":4,"name":"Concepts cl\u00e9s","item":"https:\/\/www.cltweb.org\/fr\/bibliotheque-de-ressources\/agriculture\/concepts-cles\/"},{"@type":"ListItem","position":5,"name":"Prot\u00e9ger les terres de la sp\u00e9culation"}]},{"@type":"WebSite","@id":"https:\/\/www.cltweb.org\/fr\/#website","url":"https:\/\/www.cltweb.org\/fr\/","name":"International Center for Community Land Trusts","description":"","publisher":{"@id":"https:\/\/www.cltweb.org\/fr\/#organization"},"potentialAction":[{"@type":"SearchAction","target":{"@type":"EntryPoint","urlTemplate":"https:\/\/www.cltweb.org\/fr\/?s={search_term_string}"},"query-input":{"@type":"PropertyValueSpecification","valueRequired":true,"valueName":"search_term_string"}}],"inLanguage":"fr-FR"},{"@type":"Organization","@id":"https:\/\/www.cltweb.org\/fr\/#organization","name":"International Center for Community Land Trusts","url":"https:\/\/www.cltweb.org\/fr\/","logo":{"@type":"ImageObject","inLanguage":"fr-FR","@id":"https:\/\/www.cltweb.org\/fr\/#\/schema\/logo\/image\/","url":"https:\/\/www.cltweb.org\/wp-content\/uploads\/2024\/11\/New-CLT-Center-Text-logo.png","contentUrl":"https:\/\/www.cltweb.org\/wp-content\/uploads\/2024\/11\/New-CLT-Center-Text-logo.png","width":227,"height":80,"caption":"International Center for Community Land Trusts"},"image":{"@id":"https:\/\/www.cltweb.org\/fr\/#\/schema\/logo\/image\/"},"sameAs":["https:\/\/www.facebook.com\/cltcenter","https:\/\/x.com\/Center4CLTs","https:\/\/www.instagram.com\/cltcenter\/","https:\/\/www.linkedin.com\/company\/cltcenter","https:\/\/www.youtube.com\/@centerforcltinnovation5313"],"description":"The International Center for Community Land Trusts is a not-for-profit nongovernmental organization established in 2018 to promote and to support community land trusts and similar strategies of community-led development on community-owned land in countries throughout the world.","email":"info@communitylandtrust.net","legalName":"International Center for Community Land Trusts","foundingDate":"2018-12-01","taxID":"84-3858933","numberOfEmployees":{"@type":"QuantitativeValue","minValue":"1","maxValue":"10"}}]}},"campaignId":"","taxonomy_info":[],"featured_image_src_large":false,"author_info":{"display_name":"cltredesign_0jp0l4","author_link":"https:\/\/www.cltweb.org\/fr\/author\/cltredesign_0jp0l4\/"},"comment_info":0,"jetpack_sharing_enabled":true,"jetpack-related-posts":[{"id":8719,"url":"https:\/\/www.cltweb.org\/fr\/bibliotheque-de-ressources\/agriculture\/concepts-cles\/lagriculture-engagee-dans-la-communaute\/","url_meta":{"origin":2857,"position":0},"title":"L&#8217;agriculture engag\u00e9e dans la communaut\u00e9","author":"cltredesign_0jp0l4","date":"2 f\u00e9vrier 2025","format":false,"excerpt":"En dehors des villes, les agriculteurs peuvent travailler leurs terres sans trop se soucier de leurs voisins. Mais en milieu urbain, les voisins sont beaucoup plus proches - les agriculteurs urbains seront probablement soumis \u00e0 de fortes pressions pour \u00eatre de bons membres de la communaut\u00e9. En s'engageant activement aupr\u00e8s\u2026","rel":"","context":"Dans &quot;Agriculture&quot;","block_context":{"text":"Agriculture","link":"https:\/\/www.cltweb.org\/fr\/category\/agriculture-fr\/"},"img":{"alt_text":"","src":"","width":0,"height":0},"classes":[]},{"id":1648,"url":"https:\/\/www.cltweb.org\/fr\/bibliotheque-de-ressources\/agriculture\/questions-strategiques\/","url_meta":{"origin":2857,"position":1},"title":"Questions strat\u00e9giques","author":"cltredesign_0jp0l4","date":"29 juillet 2024","format":false,"excerpt":"Comment les terres seront-elles s\u00e9curis\u00e9es pour les agriculteurs ? Bien qu'il s'agisse de la question centrale \u00e0 laquelle doit r\u00e9pondre un mod\u00e8le foncier, nous ne nous attendons pas \u00e0 ce qu'il y ait une r\u00e9ponse unique. En effet, comme nous l'avons sugg\u00e9r\u00e9 dans la section pr\u00e9c\u00e9dente, les terres peuvent \u00eatre\u2026","rel":"","context":"Dans &quot;Agriculture&quot;","block_context":{"text":"Agriculture","link":"https:\/\/www.cltweb.org\/fr\/category\/agriculture-fr\/"},"img":{"alt_text":"","src":"","width":0,"height":0},"classes":[]},{"id":8980,"url":"https:\/\/www.cltweb.org\/fr\/bibliotheque-de-ressources\/agriculture\/ressources-complementaires\/comment-les-clt-securisent-et-protegent-les-terres\/propriete-en-fief-simple\/","url_meta":{"origin":2857,"position":2},"title":"Propri\u00e9t\u00e9 en fief simple","author":"cltredesign_0jp0l4","date":"3 f\u00e9vrier 2025","format":false,"excerpt":"La propri\u00e9t\u00e9 en fief simple permet \u00e0 un CLT de d\u00e9tenir le plus grand nombre de \"b\u00e2tons\" dans le faisceau de droits de propri\u00e9t\u00e9 et offre un niveau \u00e9lev\u00e9 de s\u00e9curit\u00e9 fonci\u00e8re, tant que tous les paiements hypoth\u00e9caires et les obligations fiscales sont respect\u00e9s. Dans les zones urbaines, les sites\u2026","rel":"","context":"Dans &quot;Agriculture&quot;","block_context":{"text":"Agriculture","link":"https:\/\/www.cltweb.org\/fr\/category\/agriculture-fr\/"},"img":{"alt_text":"","src":"","width":0,"height":0},"classes":[]},{"id":1668,"url":"https:\/\/www.cltweb.org\/fr\/bibliotheque-de-ressources\/agriculture\/le-role-des-organisations-a-but-non-lucratif\/","url_meta":{"origin":2857,"position":3},"title":"Le r\u00f4le des organisations \u00e0 but non lucratif","author":"cltredesign_0jp0l4","date":"29 juillet 2024","format":false,"excerpt":"Comme dans d'autres domaines du d\u00e9veloppement \u00e9conomique communautaire, le secteur \u00e0 but non lucratif a un r\u00f4le particulier \u00e0 jouer lorsqu'il s'agit de donner un coup de fouet \u00e0 l'agriculture urbaine. L'agriculture urbaine est une approche relativement peu co\u00fbteuse de la revitalisation des communaut\u00e9s, le co\u00fbt de l'investissement \u00e9tant inf\u00e9rieur\u2026","rel":"","context":"Dans &quot;Agriculture&quot;","block_context":{"text":"Agriculture","link":"https:\/\/www.cltweb.org\/fr\/category\/agriculture-fr\/"},"img":{"alt_text":"","src":"","width":0,"height":0},"classes":[]},{"id":4522,"url":"https:\/\/www.cltweb.org\/fr\/bibliotheque-de-ressources\/interviews\/liz-alden-wily-2020\/","url_meta":{"origin":2857,"position":4},"title":"Liz Alden Wily (2020)","author":"cltredesign_0jp0l4","date":"22 octobre 2024","format":false,"excerpt":"Liz Alden Wily, docteur en sciences politiques, est une sp\u00e9cialiste des r\u00e9gimes fonciers. Elle travaille comme chercheuse, conseill\u00e8re technique et praticienne dans le domaine de la propri\u00e9t\u00e9 fonci\u00e8re communautaire. Elle a travaill\u00e9 sur cette question dans une vingtaine de pays. Elle a r\u00e9dig\u00e9 un chapitre dans On Common Ground intitul\u00e9\u2026","rel":"","context":"Dans &quot;Interviews&quot;","block_context":{"text":"Interviews","link":"https:\/\/www.cltweb.org\/fr\/category\/interviews-fr\/"},"img":{"alt_text":"","src":"","width":0,"height":0},"classes":[]},{"id":8731,"url":"https:\/\/www.cltweb.org\/fr\/bibliotheque-de-ressources\/agriculture\/le-role-des-fiducies-foncieres\/fonds-fonciers-communautaires\/","url_meta":{"origin":2857,"position":5},"title":"Fonds fonciers communautaires","author":"cltredesign_0jp0l4","date":"2 f\u00e9vrier 2025","format":false,"excerpt":"Depuis les ann\u00e9es 1960, le Community Land Trust a \u00e9t\u00e9 d\u00e9velopp\u00e9 pour soutenir le logement abordable aux \u00c9tats-Unis. Dans le secteur du logement, le mod\u00e8le CLT combine deux innovations fondamentales en mati\u00e8re de gouvernance fonci\u00e8re. La premi\u00e8re innovation consiste \u00e0 s\u00e9parer la propri\u00e9t\u00e9 d'un logement de la propri\u00e9t\u00e9 du terrain\u2026","rel":"","context":"Article similaire","block_context":{"text":"Article similaire","link":""},"img":{"alt_text":"","src":"","width":0,"height":0},"classes":[]}],"_links":{"self":[{"href":"https:\/\/www.cltweb.org\/fr\/wp-json\/wp\/v2\/pages\/2857","targetHints":{"allow":["GET"]}}],"collection":[{"href":"https:\/\/www.cltweb.org\/fr\/wp-json\/wp\/v2\/pages"}],"about":[{"href":"https:\/\/www.cltweb.org\/fr\/wp-json\/wp\/v2\/types\/page"}],"author":[{"embeddable":true,"href":"https:\/\/www.cltweb.org\/fr\/wp-json\/wp\/v2\/users\/1"}],"replies":[{"embeddable":true,"href":"https:\/\/www.cltweb.org\/fr\/wp-json\/wp\/v2\/comments?post=2857"}],"version-history":[{"count":2,"href":"https:\/\/www.cltweb.org\/fr\/wp-json\/wp\/v2\/pages\/2857\/revisions"}],"predecessor-version":[{"id":8813,"href":"https:\/\/www.cltweb.org\/fr\/wp-json\/wp\/v2\/pages\/2857\/revisions\/8813"}],"up":[{"embeddable":true,"href":"https:\/\/www.cltweb.org\/fr\/wp-json\/wp\/v2\/pages\/1669"}],"wp:attachment":[{"href":"https:\/\/www.cltweb.org\/fr\/wp-json\/wp\/v2\/media?parent=2857"}],"wp:term":[{"taxonomy":"category","embeddable":true,"href":"https:\/\/www.cltweb.org\/fr\/wp-json\/wp\/v2\/categories?post=2857"},{"taxonomy":"post_tag","embeddable":true,"href":"https:\/\/www.cltweb.org\/fr\/wp-json\/wp\/v2\/tags?post=2857"}],"curies":[{"name":"wp","href":"https:\/\/api.w.org\/{rel}","templated":true}]}}